{"id":5217,"date":"2026-05-05T15:39:29","date_gmt":"2026-05-05T15:39:29","guid":{"rendered":"https:\/\/festival.hfd.digital\/en\/?page_id=5217"},"modified":"2026-05-05T16:11:25","modified_gmt":"2026-05-05T16:11:25","slug":"presence-event-berlin-2026","status":"publish","type":"page","link":"https:\/\/festival.hfd.digital\/en\/presence-event-berlin-2026\/","title":{"rendered":"Presence-Event Berlin"},"content":{"rendered":"\n<p>In Berlin, we present the festival\u2019s main stage. There, you can expect national and international experts as well as contributions from our community. The stage in Berlin will take place on 22 and 23 June 2026. The programme is scheduled to begin on 22 June at 9.30 a.m. and will conclude on 23 June at 5.30 p.m. An evening reception will follow on 23 June, to which all participants are warmly invited.<\/p>\n\n\n\n<p><em>Please note: The programme of the face-to-face event in Berlin will be mainly in German.<\/em><\/p>\n\n\n<div class=\"wp-block-image is-style-default\">\n<figure class=\"aligncenter size-large\"><img loading=\"lazy\" decoding=\"async\" width=\"700\" height=\"394\" src=\"https:\/\/festival.hfd.digital\/en\/wp-content\/uploads\/sites\/2\/2026\/05\/Stage-Sharepic_Berlin_EN-700x394.png\" alt=\"\" class=\"wp-image-5224\" srcset=\"https:\/\/festival.hfd.digital\/en\/wp-content\/uploads\/sites\/2\/2026\/05\/Stage-Sharepic_Berlin_EN-700x394.png 700w, https:\/\/festival.hfd.digital\/en\/wp-content\/uploads\/sites\/2\/2026\/05\/Stage-Sharepic_Berlin_EN-250x141.png 250w, https:\/\/festival.hfd.digital\/en\/wp-content\/uploads\/sites\/2\/2026\/05\/Stage-Sharepic_Berlin_EN-768x432.png 768w, https:\/\/festival.hfd.digital\/en\/wp-content\/uploads\/sites\/2\/2026\/05\/Stage-Sharepic_Berlin_EN-1536x864.png 1536w, https:\/\/festival.hfd.digital\/en\/wp-content\/uploads\/sites\/2\/2026\/05\/Stage-Sharepic_Berlin_EN-120x68.png 120w, https:\/\/festival.hfd.digital\/en\/wp-content\/uploads\/sites\/2\/2026\/05\/Stage-Sharepic_Berlin_EN.png 1920w\" sizes=\"auto, (max-width: 700px) 100vw, 700px\" \/><\/figure>\n<\/div>\n\n\n<p><\/p>\n\n\n\n<div class=\"wp-block-buttons is-layout-flex wp-block-buttons-is-layout-flex\">\n<div class=\"wp-block-button\"><a class=\"wp-block-button__link wp-element-button\" href=\"https:\/\/festival.hfd.digital\/en\/tickets-2026\/\">Get your tickets here<\/a><\/div>\n<\/div>\n\n\n\n<p><strong>Location:<\/strong> <a href=\"https:\/\/festsaal-kreuzberg.de\/en\" id=\"https:\/\/festsaal-kreuzberg.de\/en\">Festsaal Kreuzberg<\/a>, Am Flutgraben 2, 12435 Berlin.<\/p>\n\n\n\n<p><strong>How to get there:<\/strong> Festsaal Kreuzberg can be reached by underground lines U1 and U3 via G\u00f6rlitzer Bahnhof station or by underground line U8 via Sch\u00f6nleinstra\u00dfe station, from where it is about a ten-minute walk. If you are travelling by car, it is advisable to look for parking in the surrounding area, as the Festsaal itself does not offer parking spaces and these are generally limited in the area.<\/p>\n\n\n\n<p id=\"Keynote-Speaker:innen\"><a href=\"#keynote\">Keynote Speaker<\/a><br><a href=\"#space\" id=\"#space\">Experience:Space<\/a><br><a href=\"#evening\">Evening programme<\/a><br><a href=\"#stage\">Stage programme<\/a><\/p>\n\n\n\n<h2 class=\"wp-block-heading\" id=\"keynote\">Keynote Speaker<\/h2>\n\n\n\n<div class=\"wp-block-columns is-layout-flex wp-container-core-columns-is-layout-9d6595d7 wp-block-columns-is-layout-flex\">\n<div class=\"wp-block-column is-layout-flow wp-block-column-is-layout-flow\">\n<figure class=\"wp-block-image size-full is-style-rounded wp-duotone-unset-1\"><img decoding=\"async\" src=\"https:\/\/festival.hfd.digital\/de\/wp-content\/uploads\/sites\/3\/2026\/05\/dorothee-bar.jpg\" alt=\"\" class=\"wp-image-13200\" style=\"aspect-ratio:1;object-fit:cover\"\/><\/figure>\n\n\n\n<p class=\"has-text-align-center\"><strong>Dorothee B\u00e4r<\/strong><br>Federal Minister of Research, Technology and Space<\/p>\n<\/div>\n\n\n\n<div class=\"wp-block-column is-layout-flow wp-block-column-is-layout-flow\">\n<figure class=\"wp-block-image size-full is-style-rounded wp-duotone-unset-2\"><img decoding=\"async\" src=\"https:\/\/festival.hfd.digital\/de\/wp-content\/uploads\/sites\/3\/2026\/05\/amrei-bahr-1.jpg\" alt=\"\" class=\"wp-image-13198\" style=\"aspect-ratio:1;object-fit:cover\"\/><\/figure>\n\n\n\n<p class=\"has-text-align-center\"><strong>Amrei Bahr<\/strong><br>Assistant Professor at the University of Stuttgart<\/p>\n<\/div>\n\n\n\n<div class=\"wp-block-column is-layout-flow wp-block-column-is-layout-flow\">\n<figure class=\"wp-block-image size-full is-style-rounded wp-duotone-unset-3\"><img decoding=\"async\" src=\"https:\/\/festival.hfd.digital\/de\/wp-content\/uploads\/sites\/3\/2026\/05\/karim-fereidooni-1.jpg\" alt=\"\" class=\"wp-image-13201\" style=\"aspect-ratio:1;object-fit:cover\"\/><\/figure>\n\n\n\n<p class=\"has-text-align-center\"><strong>Karim Fereidooni<\/strong><br>Prof. Dr. Karim Fereidooni, an educational researcher and expert on racism at Ruhr University Bochum.<\/p>\n<\/div>\n<\/div>\n\n\n\n<div class=\"wp-block-group\"><div class=\"wp-block-group__inner-container is-layout-constrained wp-block-group-is-layout-constrained\">\n<div class=\"wp-block-group\"><div class=\"wp-block-group__inner-container is-layout-constrained wp-block-group-is-layout-constrained\">\n<div class=\"wp-block-columns is-layout-flex wp-container-core-columns-is-layout-9d6595d7 wp-block-columns-is-layout-flex\">\n<div class=\"wp-block-column is-layout-flow wp-block-column-is-layout-flow\">\n<figure class=\"wp-block-image size-large is-style-rounded wp-duotone-unset-4\"><img decoding=\"async\" src=\"https:\/\/festival.hfd.digital\/de\/wp-content\/uploads\/sites\/3\/2026\/05\/vince-kellen-1-700x700.jpg\" alt=\"\" class=\"wp-image-13202\" style=\"object-fit:cover\"\/><\/figure>\n\n\n\n<p class=\"has-text-align-center\"><strong>Vince Kellen<\/strong><br>Chief Information Officer at Texas A&amp;M University<\/p>\n<\/div>\n\n\n\n<div class=\"wp-block-column is-layout-flow wp-block-column-is-layout-flow\">\n<figure class=\"wp-block-image size-large is-style-rounded wp-duotone-unset-5\"><img decoding=\"async\" src=\"https:\/\/festival.hfd.digital\/de\/wp-content\/uploads\/sites\/3\/2026\/05\/tanja-bruhl-1-700x933.jpg\" alt=\"\" class=\"wp-image-13203\" style=\"aspect-ratio:1;object-fit:cover\"\/><\/figure>\n\n\n\n<p class=\"has-text-align-center\"><strong>Tanja Br\u00fchl<\/strong><br>President of TU Darmstadt<\/p>\n\n\n\n<p class=\"has-text-align-center\"><\/p>\n<\/div>\n\n\n\n<div class=\"wp-block-column is-layout-flow wp-block-column-is-layout-flow\">\n<figure class=\"wp-block-image size-full is-style-rounded wp-duotone-unset-6\"><img decoding=\"async\" src=\"https:\/\/festival.hfd.digital\/de\/wp-content\/uploads\/sites\/3\/2026\/05\/7370-400o400o1-7zB8qMMhems4FLkAkj6f6A.png\" alt=\"\" class=\"wp-image-13205\" style=\"object-fit:cover\"\/><\/figure>\n\n\n\n<p class=\"has-text-align-center\"><strong>Philipp Schmidt<\/strong><br>VP Technology Innovation, Axim Collaborative<br><\/p>\n<\/div>\n<\/div>\n<\/div><\/div>\n<\/div><\/div>\n\n\n\n<h2 class=\"wp-block-heading\" id=\"space\">Experience:Space<\/h2>\n\n\n\n<p><strong>Manometer! \u2013 Reflecting on pressure at universities<\/strong><br>Universities are &#8220;under pressure&#8221;: financial uncertainty, AI transformation, increasing bureaucracy, and social polarisation. This pressure often remains abstract \u2013 relegated to strategy documents or internalised on an individual level. Our contribution makes it visible and physically tangible through the medium of the \u201cSmart Mirror\u201d. It asks: How does systemic pressure feel when reflected in one\u2019s own role \u2013 and where does individual resilience end, and where does structural responsibility begin?<\/p>\n\n\n\n<p><strong>Revierdebattenbox (&#8220;Local Debate Forum&#8221;): Discussions under pressure<\/strong><br>The \u2018Revierdebattenbox\u2019 was developed as part of our work in the field of science and structural change communication in Central Germany. We use it there to encourage people to discuss controversial issues in a light-hearted way and to engage in dialogue with one another. This is particularly effective for topics that can quickly escalate outside the context of this game.<\/p>\n\n\n\n<p><strong><strong>PRESSURE RELEASE STATION<\/strong><br><\/strong>Students and university staff are under constant pressure: pressure to perform, time constraints, digital overload. Mental health issues are on the rise. The PRESSURE RELEASE STATION offers three methods for relieving stress that work immediately. MOVE provides physical release, BREATHE regulates the nervous system, and WRITE offers emotional release. Visitors can experience first-hand at the interactive station: pressure can be actively transformed. Practice rather than theory \u2013 in keeping with the festival\u2019s motto, \u201cUnder Pressure\u201d.<\/p>\n\n\n\n<p><strong>DISTRACTION<\/strong><br>Interruptions are the invisible pressure of everyday university life: messages pinging, colleagues with &#8220;quick questions&#8221;, ambient noise. They disrupt your flow, waste time \u2013 and cost Germany billions every year. DISTRACTION makes this productivity killer visible by turning the guerrilla video installation itself into a distraction. An artistic paradox to the track \u2018People\u2019: how much pressure is caused by a constant loss of focus?<\/p>\n\n\n\n<p><strong>Gap Lab<br><\/strong>What if education could be approached in a more agile and experimental way, without directly interfering with the existing system? Our focus: media literacy \u2013 a field with growing demand and few robust solutions. At the Gap Lab, we examine not only visible content, but above all what is missing: the gaps in the image that viewers must fill themselves. It is precisely here that meaning, emotion \u2013 and manipulation \u2013 arise.<\/p>\n\n\n\n<p><strong>Future Formats Studio \u2013 Format Generator for Teaching &amp; Learning<\/strong><br>Higher education institutions are under pressure: technological transformation, social change and new digital opportunities demand flexible and innovative learning formats. The Format Generator brings this challenge to life and makes it tangible: visitors combine over 5,000 building blocks live to create new knowledge and learning formats, add their own ideas and playfully discover surprising, creative ways to shape the resilient university of the future.<\/p>\n\n\n\n<p><strong>Anti \u00d6de Ecke<\/strong><br>\u201cAnti \u00d6de Ecke\u201d originated as an applied semester project at Anhalt University of Applied Sciences and demonstrates how urban spaces can be greened up: making seed bombs, trying out DIY boxes. Through this project, we promote biodiversity and address the often-lacking awareness of the need to take action oneself. At the same time, the project encourages reflection on new forms of teaching: How can participatory, hands-on projects enrich university teaching in the future?<\/p>\n\n\n\n<p><strong>F\u00e3l: AI Face-Reading and the Poetry of Hafez<\/strong><br>We live under the &#8220;pressure&#8221; of constant biometric tracking and data extraction. This project subverts that pressure by using surveillance technology for a poetic, non-utilitarian purpose. It addresses the social issue of how we perceive AI: can a machine move beyond cold calculation to become a medium for cultural memory? By repurposing face-tracking to deliver ancient wisdom, the project explores &#8220;digital mysticism&#8221; as a counter-narrative to the data-driven optimization of the self.<\/p>\n\n\n\n<p><strong>Drunken AI: Ancient Batteries and the Poetics of Energy<\/strong><br>Modern AI is measured by efficiency, but human intelligence includes ecstasy and &#8220;bi-housh&#8221; (productive loss of control). By linking ancient chemistry (2,000-year-old battery tech) with contemporary LLMs, I address the &#8220;pressure&#8221; of rigid, optimized systems. I propose an alternative: a machine influenced by the historical and poetic weight of its own power source, asking if a machine can carry the resonance of the metaphors that fuel it.<\/p>\n\n\n\n<p><strong>Pressure<\/strong>&nbsp;is&nbsp;an&nbsp;interactive&nbsp;sculpture&nbsp;that&nbsp;reflects&nbsp;the&nbsp;overwhelming&nbsp;emotions&nbsp;and&nbsp;experiences&nbsp;of&nbsp;our&nbsp;time.&nbsp;The&nbsp;sculpture&nbsp;is&nbsp;equipped&nbsp;with&nbsp;motors&nbsp;and&nbsp;sensors&nbsp;that&nbsp;are&nbsp;activated&nbsp;when&nbsp;visitors&nbsp;approach. The&nbsp;motors&nbsp;apply&nbsp;pressure&nbsp;to&nbsp;a stress ball&nbsp;shaped&nbsp;like a&nbsp;brain. As&nbsp;the&nbsp;pressure&nbsp;increases,&nbsp;eyes&nbsp;emerge&nbsp;from&nbsp;the&nbsp;object.&nbsp;This&nbsp;interaction&nbsp;expresses&nbsp;the&nbsp;feeling&nbsp;that&nbsp;we&nbsp;are&nbsp;living&nbsp;in an&nbsp;age&nbsp;of&nbsp;constant&nbsp;overwhelm\u2014one&nbsp;that&nbsp;is&nbsp;steadily&nbsp;increasing&nbsp;and&nbsp;becoming&nbsp;more&nbsp;and&nbsp;more&nbsp;normalized&nbsp;over&nbsp;time.&nbsp;<\/p>\n\n\n\n<p><strong>Floating Memories \u2014 Memory in Weight and Light<\/strong><br>Memories are fleeting \u2013 they emerge, change and then vanish again. This installation uses a mechanical structure to allow characters to rise gently into the air. The letters move upwards via a rotating mechanism, appearing elusive, as if they were floating in space. At the same time, a curved holographic film reflects light onto the text, so that the characters appear clearly recognisable, distorted or almost invisible depending on the viewing angle. The flickering light reflections create a fire-like effect that makes the ephemeral nature of memories visually tangible. \u201cIn many cultures, smoke serves as a bridge for longing for loved ones. That is why I have combined Chinese phrases with the form of smoke. As the phrases rise slowly, our longing is also carried to the people we are thinking of. And when the phrases sink back down, the longing returns to our memories to await the next awakening. Longing is a constant cycle \u2013 it rises and sinks back down again.\u201d<\/p>\n\n\n\n<p><strong>Under Pressure? Quiet Rooms as a Pedagogical Solution (hybrid)<\/strong><br>Learning environments are under increasing pressure due to time constraints, an overload of information and content, constant interaction and perpetual visibility. These conditions lead to cognitive overload, exhaustion and superficial learning processes \u2013 among both learners and teachers. The central issue is that rest has so far hardly been understood as a designable educational resource, even though it is crucial for the quality of learning, reflection and the sustainable acquisition of skills. We offer participants a (virtual) quiet room to try out and relax in.<\/p>\n\n\n\n<p><\/p>\n\n\n\n<h2 class=\"wp-block-heading\" id=\"evening\"><strong>Evening programm<\/strong>e<\/h2>\n\n\n\n<p>On the second day of the event (23 June 2026), we invite all visitors to join us for an evening get-together in Berlin to round off the day. We will create an informal setting for personal exchanges, stimulating conversations and new encounters in a relaxed atmosphere with refreshing drinks and musical accompaniment.<\/p>\n\n\n\n<h2 class=\"wp-block-heading\" id=\"stage\">Stage programme<\/h2>\n","protected":false},"excerpt":{"rendered":"In Berlin, we present the festival\u2019s main stage. There, you can expect national and international experts as well as contributions from our community. The stage in Berlin will take place on 22 and 23 June 2026. The programme is scheduled to begin on 22 June at 9.30 a.m. and will conclude on 23 June at&#8230; <a class=\"view-article\" href=\"https:\/\/festival.hfd.digital\/en\/presence-event-berlin-2026\/\">View Article<\/a>","protected":false},"author":53,"featured_media":0,"parent":0,"menu_order":0,"comment_status":"closed","ping_status":"closed","template":"template-sessionize-buehne.php","meta":{"_acf_changed":false,"inline_featured_image":false,"footnotes":""},"class_list":["post-5217","page","type-page","status-publish","hentry"],"acf":[],"yoast_head":"<!-- This site is optimized with the Yoast SEO plugin v27.3 - https:\/\/yoast.com\/product\/yoast-seo-wordpress\/ -->\n<title>Presence-Event Berlin - University Future:Festival 2026 English Version<\/title>\n<meta name=\"description\" content=\"In Berlin, we present the festival\u2019s main stage. There, you can expect national and international experts as well as contributions from our community.\" \/>\n<meta name=\"robots\" content=\"index, follow, max-snippet:-1, max-image-preview:large, max-video-preview:-1\" \/>\n<link rel=\"canonical\" href=\"https:\/\/festival.hfd.digital\/en\/presence-event-berlin-2026\/\" \/>\n<meta property=\"og:locale\" content=\"en_US\" \/>\n<meta property=\"og:type\" content=\"article\" \/>\n<meta property=\"og:title\" content=\"Presence-Event Berlin - University Future:Festival 2026 English Version\" \/>\n<meta property=\"og:description\" content=\"In Berlin, we present the festival\u2019s main stage. There, you can expect national and international experts as well as contributions from our community.\" \/>\n<meta property=\"og:url\" content=\"https:\/\/festival.hfd.digital\/en\/presence-event-berlin-2026\/\" \/>\n<meta property=\"og:site_name\" content=\"University Future:Festival 2026 English Version\" \/>\n<meta property=\"article:modified_time\" content=\"2026-05-05T16:11:25+00:00\" \/>\n<meta property=\"og:image\" content=\"https:\/\/festival.hfd.digital\/en\/wp-content\/uploads\/sites\/2\/2026\/05\/Stage-Sharepic_Berlin_EN-700x394.png\" \/>\n\t<meta property=\"og:image:width\" content=\"700\" \/>\n\t<meta property=\"og:image:height\" content=\"394\" \/>\n\t<meta property=\"og:image:type\" content=\"image\/png\" \/>\n<meta name=\"twitter:card\" content=\"summary_large_image\" \/>\n<meta name=\"twitter:label1\" content=\"Est. reading time\" \/>\n\t<meta name=\"twitter:data1\" content=\"8 minutes\" \/>\n<script type=\"application\/ld+json\" class=\"yoast-schema-graph\">{\"@context\":\"https:\\\/\\\/schema.org\",\"@graph\":[{\"@type\":\"WebPage\",\"@id\":\"https:\\\/\\\/festival.hfd.digital\\\/en\\\/presence-event-berlin-2026\\\/\",\"url\":\"https:\\\/\\\/festival.hfd.digital\\\/en\\\/presence-event-berlin-2026\\\/\",\"name\":\"Presence-Event Berlin - University Future:Festival 2026 English Version\",\"isPartOf\":{\"@id\":\"https:\\\/\\\/festival.hfd.digital\\\/en\\\/#website\"},\"primaryImageOfPage\":{\"@id\":\"https:\\\/\\\/festival.hfd.digital\\\/en\\\/presence-event-berlin-2026\\\/#primaryimage\"},\"image\":{\"@id\":\"https:\\\/\\\/festival.hfd.digital\\\/en\\\/presence-event-berlin-2026\\\/#primaryimage\"},\"thumbnailUrl\":\"https:\\\/\\\/festival.hfd.digital\\\/en\\\/wp-content\\\/uploads\\\/sites\\\/2\\\/2026\\\/05\\\/Stage-Sharepic_Berlin_EN-700x394.png\",\"datePublished\":\"2026-05-05T15:39:29+00:00\",\"dateModified\":\"2026-05-05T16:11:25+00:00\",\"description\":\"In Berlin, we present the festival\u2019s main stage. There, you can expect national and international experts as well as contributions from our community.\",\"inLanguage\":\"en-US\",\"potentialAction\":[{\"@type\":\"ReadAction\",\"target\":[\"https:\\\/\\\/festival.hfd.digital\\\/en\\\/presence-event-berlin-2026\\\/\"]}]},{\"@type\":\"ImageObject\",\"inLanguage\":\"en-US\",\"@id\":\"https:\\\/\\\/festival.hfd.digital\\\/en\\\/presence-event-berlin-2026\\\/#primaryimage\",\"url\":\"https:\\\/\\\/festival.hfd.digital\\\/en\\\/wp-content\\\/uploads\\\/sites\\\/2\\\/2026\\\/05\\\/Stage-Sharepic_Berlin_EN.png\",\"contentUrl\":\"https:\\\/\\\/festival.hfd.digital\\\/en\\\/wp-content\\\/uploads\\\/sites\\\/2\\\/2026\\\/05\\\/Stage-Sharepic_Berlin_EN.png\",\"width\":1920,\"height\":1080},{\"@type\":\"WebSite\",\"@id\":\"https:\\\/\\\/festival.hfd.digital\\\/en\\\/#website\",\"url\":\"https:\\\/\\\/festival.hfd.digital\\\/en\\\/\",\"name\":\"University Future:Festival 2026 English Version\",\"description\":\"\",\"potentialAction\":[{\"@type\":\"SearchAction\",\"target\":{\"@type\":\"EntryPoint\",\"urlTemplate\":\"https:\\\/\\\/festival.hfd.digital\\\/en\\\/?s={search_term_string}\"},\"query-input\":{\"@type\":\"PropertyValueSpecification\",\"valueRequired\":true,\"valueName\":\"search_term_string\"}}],\"inLanguage\":\"en-US\"}]}<\/script>\n<!-- \/ Yoast SEO plugin. -->","yoast_head_json":{"title":"Presence-Event Berlin - University Future:Festival 2026 English Version","description":"In Berlin, we present the festival\u2019s main stage. There, you can expect national and international experts as well as contributions from our community.","robots":{"index":"index","follow":"follow","max-snippet":"max-snippet:-1","max-image-preview":"max-image-preview:large","max-video-preview":"max-video-preview:-1"},"canonical":"https:\/\/festival.hfd.digital\/en\/presence-event-berlin-2026\/","og_locale":"en_US","og_type":"article","og_title":"Presence-Event Berlin - University Future:Festival 2026 English Version","og_description":"In Berlin, we present the festival\u2019s main stage. There, you can expect national and international experts as well as contributions from our community.","og_url":"https:\/\/festival.hfd.digital\/en\/presence-event-berlin-2026\/","og_site_name":"University Future:Festival 2026 English Version","article_modified_time":"2026-05-05T16:11:25+00:00","og_image":[{"width":700,"height":394,"url":"https:\/\/festival.hfd.digital\/en\/wp-content\/uploads\/sites\/2\/2026\/05\/Stage-Sharepic_Berlin_EN-700x394.png","type":"image\/png"}],"twitter_card":"summary_large_image","twitter_misc":{"Est. reading time":"8 minutes"},"schema":{"@context":"https:\/\/schema.org","@graph":[{"@type":"WebPage","@id":"https:\/\/festival.hfd.digital\/en\/presence-event-berlin-2026\/","url":"https:\/\/festival.hfd.digital\/en\/presence-event-berlin-2026\/","name":"Presence-Event Berlin - University Future:Festival 2026 English Version","isPartOf":{"@id":"https:\/\/festival.hfd.digital\/en\/#website"},"primaryImageOfPage":{"@id":"https:\/\/festival.hfd.digital\/en\/presence-event-berlin-2026\/#primaryimage"},"image":{"@id":"https:\/\/festival.hfd.digital\/en\/presence-event-berlin-2026\/#primaryimage"},"thumbnailUrl":"https:\/\/festival.hfd.digital\/en\/wp-content\/uploads\/sites\/2\/2026\/05\/Stage-Sharepic_Berlin_EN-700x394.png","datePublished":"2026-05-05T15:39:29+00:00","dateModified":"2026-05-05T16:11:25+00:00","description":"In Berlin, we present the festival\u2019s main stage. There, you can expect national and international experts as well as contributions from our community.","inLanguage":"en-US","potentialAction":[{"@type":"ReadAction","target":["https:\/\/festival.hfd.digital\/en\/presence-event-berlin-2026\/"]}]},{"@type":"ImageObject","inLanguage":"en-US","@id":"https:\/\/festival.hfd.digital\/en\/presence-event-berlin-2026\/#primaryimage","url":"https:\/\/festival.hfd.digital\/en\/wp-content\/uploads\/sites\/2\/2026\/05\/Stage-Sharepic_Berlin_EN.png","contentUrl":"https:\/\/festival.hfd.digital\/en\/wp-content\/uploads\/sites\/2\/2026\/05\/Stage-Sharepic_Berlin_EN.png","width":1920,"height":1080},{"@type":"WebSite","@id":"https:\/\/festival.hfd.digital\/en\/#website","url":"https:\/\/festival.hfd.digital\/en\/","name":"University Future:Festival 2026 English Version","description":"","potentialAction":[{"@type":"SearchAction","target":{"@type":"EntryPoint","urlTemplate":"https:\/\/festival.hfd.digital\/en\/?s={search_term_string}"},"query-input":{"@type":"PropertyValueSpecification","valueRequired":true,"valueName":"search_term_string"}}],"inLanguage":"en-US"}]}},"_links":{"self":[{"href":"https:\/\/festival.hfd.digital\/en\/wp-json\/wp\/v2\/pages\/5217","targetHints":{"allow":["GET"]}}],"collection":[{"href":"https:\/\/festival.hfd.digital\/en\/wp-json\/wp\/v2\/pages"}],"about":[{"href":"https:\/\/festival.hfd.digital\/en\/wp-json\/wp\/v2\/types\/page"}],"author":[{"embeddable":true,"href":"https:\/\/festival.hfd.digital\/en\/wp-json\/wp\/v2\/users\/53"}],"replies":[{"embeddable":true,"href":"https:\/\/festival.hfd.digital\/en\/wp-json\/wp\/v2\/comments?post=5217"}],"version-history":[{"count":22,"href":"https:\/\/festival.hfd.digital\/en\/wp-json\/wp\/v2\/pages\/5217\/revisions"}],"predecessor-version":[{"id":5372,"href":"https:\/\/festival.hfd.digital\/en\/wp-json\/wp\/v2\/pages\/5217\/revisions\/5372"}],"wp:attachment":[{"href":"https:\/\/festival.hfd.digital\/en\/wp-json\/wp\/v2\/media?parent=5217"}],"curies":[{"name":"wp","href":"https:\/\/api.w.org\/{rel}","templated":true}]}}