{"id":5191,"date":"2026-05-05T15:49:48","date_gmt":"2026-05-05T15:49:48","guid":{"rendered":"https:\/\/festival.hfd.digital\/en\/?page_id=5191"},"modified":"2026-05-05T16:42:31","modified_gmt":"2026-05-05T16:42:31","slug":"shiftingstage-nuremberg-2026","status":"publish","type":"page","link":"https:\/\/festival.hfd.digital\/en\/shiftingstage-nuremberg-2026\/","title":{"rendered":"Shifting:Stage Nuremberg"},"content":{"rendered":"\n<p>On Tuesday, 23 June 2026, the Shifting:Stage Nuremberg becomes a platform for forward\u2011looking teaching and learning concepts. As part of the festival track \u201cInnovative Learning\u201d, participants can expect inspiring insights into the latest research findings and innovative educational approaches.<br><\/p>\n\n\n<div class=\"wp-block-image is-style-default\">\n<figure class=\"aligncenter size-large\"><img loading=\"lazy\" decoding=\"async\" width=\"700\" height=\"394\" src=\"https:\/\/festival.hfd.digital\/en\/wp-content\/uploads\/sites\/2\/2026\/05\/Stage-Sharepic_Shifting-Stage-Nuremberg_EN-700x394.png\" alt=\"\" class=\"wp-image-5248\" srcset=\"https:\/\/festival.hfd.digital\/en\/wp-content\/uploads\/sites\/2\/2026\/05\/Stage-Sharepic_Shifting-Stage-Nuremberg_EN-700x394.png 700w, https:\/\/festival.hfd.digital\/en\/wp-content\/uploads\/sites\/2\/2026\/05\/Stage-Sharepic_Shifting-Stage-Nuremberg_EN-250x141.png 250w, https:\/\/festival.hfd.digital\/en\/wp-content\/uploads\/sites\/2\/2026\/05\/Stage-Sharepic_Shifting-Stage-Nuremberg_EN-768x432.png 768w, https:\/\/festival.hfd.digital\/en\/wp-content\/uploads\/sites\/2\/2026\/05\/Stage-Sharepic_Shifting-Stage-Nuremberg_EN-1536x864.png 1536w, https:\/\/festival.hfd.digital\/en\/wp-content\/uploads\/sites\/2\/2026\/05\/Stage-Sharepic_Shifting-Stage-Nuremberg_EN-120x68.png 120w, https:\/\/festival.hfd.digital\/en\/wp-content\/uploads\/sites\/2\/2026\/05\/Stage-Sharepic_Shifting-Stage-Nuremberg_EN.png 1920w\" sizes=\"auto, (max-width: 700px) 100vw, 700px\" \/><\/figure>\n<\/div>\n\n\n<p><\/p>\n\n\n\n<p>The partner stage in Nuremberg is organised jointly by the <a href=\"https:\/\/www.th-nuernberg.de\/en\/\">Technische Hochschule N\u00fcrnberg Georg Simon Ohm<\/a> (the Ohm) and the <a href=\"https:\/\/www.th-nuernberg.de\/en\/\">Technical University of Nuremberg<\/a> (UTN).<\/p>\n\n\n\n<div class=\"wp-block-buttons is-layout-flex wp-block-buttons-is-layout-flex\">\n<div class=\"wp-block-button\"><a class=\"wp-block-button__link wp-element-button\" href=\"https:\/\/festival.hfd.digital\/en\/tickets-2026\/\">Get your ticket here<\/a><\/div>\n<\/div>\n\n\n\n<p><strong>Key Information:<\/strong> The programme begins at 9.00 am and ends at 4.40 pm. Afterwards, we warmly invite you to stay and chat over snacks, drinks and music until 6.30 pm \u2013 on the roof terrace, weather permitting.<\/p>\n\n\n\n<p><strong>Location:<\/strong> Ohm Innovation Centre, Brucknerstra\u00dfe 11, 90429 Nuremberg<br>The venue is wheelchair accessible.<\/p>\n\n\n\n<p><strong>How to get there:<\/strong> <br>We recommend travelling by public transport. From Nuremberg Central Station, take underground line U1 in the direction of <em>F\u00fcrth<\/em>. Please alight at Eberhardshof and use the Raabstra\u00dfe exit. The walk to the Ohm Innovation Center takes approximately 10 minutes.Parking is available only in the form of public on\u2011street parking, primarily along Muggenhofer Stra\u00dfe.<\/p>\n\n\n\n<figure class=\"wp-block-image size-large is-resized\"><img decoding=\"async\" src=\"https:\/\/festival.hfd.digital\/de\/wp-content\/uploads\/sites\/3\/2026\/04\/Anfahrt_OIC_UBahn-700x700.png\" alt=\"\" class=\"wp-image-12777\" style=\"aspect-ratio:1.5;object-fit:cover;width:326px;height:auto\" \/><\/figure>\n\n\n\n<p><br><a href=\"#keynotes\">Keynotes<\/a><br><a href=\"#interactiveprogramme\">Interactive programme<\/a><br><a href=\"#evening\">Evening programme<\/a><br><a href=\"#stage\">Stage programme<\/a><br><\/p>\n\n\n\n<h2 class=\"wp-block-heading\" id=\"keynotes\">Keynotes<\/h2>\n\n\n\n<div class=\"wp-block-columns is-layout-flex wp-container-core-columns-is-layout-9d6595d7 wp-block-columns-is-layout-flex\">\n<div class=\"wp-block-column is-layout-flow wp-block-column-is-layout-flow\" style=\"flex-basis:100%\">\n<div class=\"wp-block-columns is-layout-flex wp-container-core-columns-is-layout-9d6595d7 wp-block-columns-is-layout-flex\">\n<div class=\"wp-block-column is-layout-flow wp-block-column-is-layout-flow\">\n<figure class=\"wp-block-image is-resized is-style-rounded\"><img decoding=\"async\" src=\"https:\/\/sessionize.com\/image\/e035-400o400o1-gPtQnvmUmDsD6Usinzs4s.jpg\" alt=\"Isa Jahnke, Gr\u00fcndungsvizepr\u00e4sdentin f\u00fcr Studium, Lehre, und Internationales sowie Professorin f\u00fcr Learning Technologies an der Technischen Universit\u00e4t N\u00fcrnberg (UTN)\" style=\"aspect-ratio:1;object-fit:cover;width:400px\" \/><\/figure>\n\n\n\n<p class=\"has-text-align-center\"><strong>Isa Jahnke<br><\/strong>Founding Vice-President for Student Affairs, Teaching and International Relations, and Professor of Learning Technologies at the Technical University of Nuremberg (UTN)<\/p>\n<\/div>\n\n\n\n<div class=\"wp-block-column is-layout-flow wp-block-column-is-layout-flow\">\n<figure class=\"wp-block-image is-resized is-style-rounded\"><img decoding=\"async\" src=\"https:\/\/sessionize.com\/image\/32c8-400o400o1-NARnETKUHwMRSdhMFFJ3cU.jpg\" alt=\"Stephanie M\u00fcller-Otto, Wissen. Netzwerk. Reflexion. Wirksames Agendasetting in der Hochschullehre.\" style=\"aspect-ratio:1;object-fit:cover;width:400px\" \/><\/figure>\n\n\n\n<p class=\"has-text-align-center\"><strong>Stephanie M\u00fcller-Otto<\/strong><br>Knowledge. Networking. Reflection. Effective agenda-setting in higher education.<\/p>\n<\/div>\n\n\n\n<div class=\"wp-block-column is-layout-flow wp-block-column-is-layout-flow\">\n<figure class=\"wp-block-image is-resized is-style-rounded\"><img decoding=\"async\" src=\"https:\/\/sessionize.com\/image\/ab53-400o400o1-se5A8stHSLQZRjNESRhjJk.jpg\" alt=\"Dietmar Wiegand, Lasst uns endlich aufh\u00f6ren, junge Menschen in der Bildung zu bevormunden!\" style=\"aspect-ratio:1;object-fit:cover;width:400px\" \/><\/figure>\n\n\n\n<p class=\"has-text-align-center\"><strong>Dietmar Wiegand<\/strong><br>Let\u2019s finally stop patronising young people in education!<\/p>\n<\/div>\n<\/div>\n<\/div>\n<\/div>\n\n\n\n<h2 class=\"wp-block-heading\" id=\"interactiveprogramme\"><strong>Interactive programme<\/strong><\/h2>\n\n\n\n<h3 class=\"wp-block-heading\"><strong>Workshops<\/strong><\/h3>\n\n\n\n<p><strong>Mini Sprint: How can students design AI learning bots?<\/strong><\/p>\n\n\n\n<p><strong>Time:<\/strong> 10:00 am\u20131:00 pm<br><strong>Facilitated by:<\/strong> Andrea de Santiago, Carina Ziegler<\/p>\n\n\n\n<p>This workshop brings together teaching staff, students and support staff in a <strong>mini design sprint<\/strong> to collaboratively develop a course\u2011independent teaching and learning format for higher education. At its core is the question of how students can design and use <strong>Custom GPTs or Microsoft Agents<\/strong> in ways that support learning in a targeted and meaningful manner\u2014such as for planning, understanding, reflecting and structuring learning processes\u2014rather than using AI as a shortcut. Together, participants will develop practical design principles, use cases and framework conditions for a <strong>responsible and reflective use of AI<\/strong> in higher education teaching and learning.<\/p>\n\n\n\n<p><strong>Democracy Education in Higher Education Teaching<\/strong><br><strong><br>Time:<\/strong> 2:15\u20133:35 pm<br><strong>Facilitated by:<\/strong> Marius Hofmeister, Anna\u2011Sophia Schwind<\/p>\n\n\n\n<p>Democratic values and institutions are under increasing pressure in a climate marked by growing polarisation, disinformation and global crises. As spaces for critical thinking and societal dialogue, universities play a central role in addressing these challenges. This workshop invites teaching staff to reflect on the role of democratic competence in higher education teaching and learning. Participants will explore current pedagogical models of democracy competence and core principles such as justice, participation and freedom of expression. Short inputs will provide insights into the educational mission of universities and highlight concrete scope for action within teaching practice. In the interactive part of the workshop, participants will reflect on their own teaching, discuss opportunities, risks and limitations, and develop ideas for how democratic thinking and action can enrich their courses.<\/p>\n\n\n\n<p><strong>From Pressure to Design: Learning Experience Design for Future\u2011Oriented Higher Education <\/strong><br><br><strong>Time:<\/strong> 3:35\u20134:40 pm<br><strong>Facilitated by:<\/strong> Daniel Goldberg, Jannik Henze and Sergej Gil<br><br>Teaching staff are increasingly challenged to meaningfully align learning objectives, competence goals and expectations under growing pressure\u2014often within limited resources, established pedagogical approaches and changing conditions. Learning Experience Design offers frameworks such as openness to process, iteration and co\u2011creation to critically reflect on existing learning settings and further develop them. The aim is to enable agile adaptation to changing needs, technological developments and new institutional contexts. Drawing on methods from Design Thinking and User Experience Design, and supported by the use of artificial intelligence, participants will analyse teaching scenarios, assess their alignment with learning objectives, and collaboratively develop effective and future\u2011proof designs for their own practice using the \u201cHow might we\u2026?\u201d approach and the LXD Canvas.<\/p>\n\n\n\n<h3 class=\"wp-block-heading\"><strong>Networking and Further Activities<\/strong><\/h3>\n\n\n\n<p><strong>Virtuelle Hochschule Bayern (vhb): the network for cross\u2011institutional digital teaching in Bavaria<\/strong><\/p>\n\n\n\n<p>As a consortium of <strong>37 Bavarian higher education institutions<\/strong>, vhb promotes and coordinates the sharing and networking of digital learning offerings \u2013 both across institutions for students and as open educational opportunities for the wider public.<br>For over <strong>25 years<\/strong>, vhb has complemented on\u2011campus teaching and individual e\u2011learning initiatives, generated economies of scale and supported efficient use of funding and resources.<\/p>\n\n\n\n<p>Meet us and explore our offerings at our stand at the <strong>U:FF partner stage in Nuremberg<\/strong> \u2013 we look forward to welcoming you!<\/p>\n\n\n\n<p><strong>A Short Break in Virtual Reality<\/strong><\/p>\n\n\n\n<p>A <strong>VR relaxation oasis<\/strong> awaits participants of the Shifting:Stage in the event hall. Using an immersive VR application, visitors can take a brief break from the festival buzz, unwind and recharge their energy.<\/p>\n\n\n\n<h2 class=\"wp-block-heading\" id=\"evening\"><strong>Evening Programme<\/strong><\/h2>\n\n\n\n<p>Following the end of the programme, we invite participants to continue discussions and networking until 18:30, enjoying finger food, drinks and music \u2013 weather permitting on the rooftop terrace.<\/p>\n\n\n\n<h2 class=\"wp-block-heading\" id=\"evening\"><strong>Stage Programme<\/strong><\/h2>\n","protected":false},"excerpt":{"rendered":"On Tuesday, 23 June 2026, the Shifting:Stage Nuremberg becomes a platform for forward\u2011looking teaching and learning concepts. As part of the festival track \u201cInnovative Learning\u201d, participants can expect inspiring insights into the latest research findings and innovative educational approaches. The partner stage in Nuremberg is organised jointly by the Technische Hochschule N\u00fcrnberg Georg Simon Ohm&#8230; <a class=\"view-article\" href=\"https:\/\/festival.hfd.digital\/en\/shiftingstage-nuremberg-2026\/\">View Article<\/a>","protected":false},"author":53,"featured_media":0,"parent":0,"menu_order":0,"comment_status":"closed","ping_status":"closed","template":"template-sessionize-buehne.php","meta":{"_acf_changed":false,"inline_featured_image":false,"footnotes":""},"class_list":["post-5191","page","type-page","status-publish","hentry"],"acf":[],"yoast_head":"<!-- This site is optimized with the Yoast SEO plugin v27.3 - https:\/\/yoast.com\/product\/yoast-seo-wordpress\/ -->\n<title>Shifting:Stage Nuremberg - University Future:Festival 2026 English Version<\/title>\n<meta name=\"description\" content=\"On Tuesday, 23 June 2026, the Shifting:Stage Nuremberg becomes a platform for forward\u2011looking teaching and learning concepts.\" \/>\n<meta name=\"robots\" content=\"index, follow, max-snippet:-1, max-image-preview:large, max-video-preview:-1\" \/>\n<link rel=\"canonical\" href=\"https:\/\/festival.hfd.digital\/en\/shiftingstage-nuremberg-2026\/\" \/>\n<meta property=\"og:locale\" content=\"en_US\" \/>\n<meta property=\"og:type\" content=\"article\" \/>\n<meta property=\"og:title\" content=\"Shifting:Stage Nuremberg - University Future:Festival 2026 English Version\" \/>\n<meta property=\"og:description\" content=\"On Tuesday, 23 June 2026, the Shifting:Stage Nuremberg becomes a platform for forward\u2011looking teaching and learning concepts.\" \/>\n<meta property=\"og:url\" content=\"https:\/\/festival.hfd.digital\/en\/shiftingstage-nuremberg-2026\/\" \/>\n<meta property=\"og:site_name\" content=\"University Future:Festival 2026 English Version\" \/>\n<meta property=\"article:modified_time\" content=\"2026-05-05T16:42:31+00:00\" \/>\n<meta property=\"og:image\" content=\"https:\/\/festival.hfd.digital\/en\/wp-content\/uploads\/sites\/2\/2026\/05\/Stage-Sharepic_Shifting-Stage-Nuremberg_EN.png\" \/>\n\t<meta property=\"og:image:width\" content=\"1920\" \/>\n\t<meta property=\"og:image:height\" content=\"1080\" \/>\n\t<meta property=\"og:image:type\" content=\"image\/png\" \/>\n<meta name=\"twitter:card\" content=\"summary_large_image\" \/>\n<meta name=\"twitter:label1\" content=\"Est. reading time\" \/>\n\t<meta name=\"twitter:data1\" content=\"5 minutes\" \/>\n<script type=\"application\/ld+json\" class=\"yoast-schema-graph\">{\"@context\":\"https:\\\/\\\/schema.org\",\"@graph\":[{\"@type\":\"WebPage\",\"@id\":\"https:\\\/\\\/festival.hfd.digital\\\/en\\\/shiftingstage-nuremberg-2026\\\/\",\"url\":\"https:\\\/\\\/festival.hfd.digital\\\/en\\\/shiftingstage-nuremberg-2026\\\/\",\"name\":\"Shifting:Stage Nuremberg - University Future:Festival 2026 English Version\",\"isPartOf\":{\"@id\":\"https:\\\/\\\/festival.hfd.digital\\\/en\\\/#website\"},\"primaryImageOfPage\":{\"@id\":\"https:\\\/\\\/festival.hfd.digital\\\/en\\\/shiftingstage-nuremberg-2026\\\/#primaryimage\"},\"image\":{\"@id\":\"https:\\\/\\\/festival.hfd.digital\\\/en\\\/shiftingstage-nuremberg-2026\\\/#primaryimage\"},\"thumbnailUrl\":\"https:\\\/\\\/festival.hfd.digital\\\/en\\\/wp-content\\\/uploads\\\/sites\\\/2\\\/2026\\\/05\\\/Stage-Sharepic_Shifting-Stage-Nuremberg_EN-700x394.png\",\"datePublished\":\"2026-05-05T15:49:48+00:00\",\"dateModified\":\"2026-05-05T16:42:31+00:00\",\"description\":\"On Tuesday, 23 June 2026, the Shifting:Stage Nuremberg becomes a platform for forward\u2011looking teaching and learning concepts.\",\"inLanguage\":\"en-US\",\"potentialAction\":[{\"@type\":\"ReadAction\",\"target\":[\"https:\\\/\\\/festival.hfd.digital\\\/en\\\/shiftingstage-nuremberg-2026\\\/\"]}]},{\"@type\":\"ImageObject\",\"inLanguage\":\"en-US\",\"@id\":\"https:\\\/\\\/festival.hfd.digital\\\/en\\\/shiftingstage-nuremberg-2026\\\/#primaryimage\",\"url\":\"https:\\\/\\\/festival.hfd.digital\\\/en\\\/wp-content\\\/uploads\\\/sites\\\/2\\\/2026\\\/05\\\/Stage-Sharepic_Shifting-Stage-Nuremberg_EN.png\",\"contentUrl\":\"https:\\\/\\\/festival.hfd.digital\\\/en\\\/wp-content\\\/uploads\\\/sites\\\/2\\\/2026\\\/05\\\/Stage-Sharepic_Shifting-Stage-Nuremberg_EN.png\",\"width\":1920,\"height\":1080},{\"@type\":\"WebSite\",\"@id\":\"https:\\\/\\\/festival.hfd.digital\\\/en\\\/#website\",\"url\":\"https:\\\/\\\/festival.hfd.digital\\\/en\\\/\",\"name\":\"University Future:Festival 2026 English Version\",\"description\":\"\",\"potentialAction\":[{\"@type\":\"SearchAction\",\"target\":{\"@type\":\"EntryPoint\",\"urlTemplate\":\"https:\\\/\\\/festival.hfd.digital\\\/en\\\/?s={search_term_string}\"},\"query-input\":{\"@type\":\"PropertyValueSpecification\",\"valueRequired\":true,\"valueName\":\"search_term_string\"}}],\"inLanguage\":\"en-US\"}]}<\/script>\n<!-- \/ Yoast SEO plugin. -->","yoast_head_json":{"title":"Shifting:Stage Nuremberg - University Future:Festival 2026 English Version","description":"On Tuesday, 23 June 2026, the Shifting:Stage Nuremberg becomes a platform for forward\u2011looking teaching and learning concepts.","robots":{"index":"index","follow":"follow","max-snippet":"max-snippet:-1","max-image-preview":"max-image-preview:large","max-video-preview":"max-video-preview:-1"},"canonical":"https:\/\/festival.hfd.digital\/en\/shiftingstage-nuremberg-2026\/","og_locale":"en_US","og_type":"article","og_title":"Shifting:Stage Nuremberg - University Future:Festival 2026 English Version","og_description":"On Tuesday, 23 June 2026, the Shifting:Stage Nuremberg becomes a platform for forward\u2011looking teaching and learning concepts.","og_url":"https:\/\/festival.hfd.digital\/en\/shiftingstage-nuremberg-2026\/","og_site_name":"University Future:Festival 2026 English Version","article_modified_time":"2026-05-05T16:42:31+00:00","og_image":[{"width":1920,"height":1080,"url":"https:\/\/festival.hfd.digital\/en\/wp-content\/uploads\/sites\/2\/2026\/05\/Stage-Sharepic_Shifting-Stage-Nuremberg_EN.png","type":"image\/png"}],"twitter_card":"summary_large_image","twitter_misc":{"Est. reading time":"5 minutes"},"schema":{"@context":"https:\/\/schema.org","@graph":[{"@type":"WebPage","@id":"https:\/\/festival.hfd.digital\/en\/shiftingstage-nuremberg-2026\/","url":"https:\/\/festival.hfd.digital\/en\/shiftingstage-nuremberg-2026\/","name":"Shifting:Stage Nuremberg - University Future:Festival 2026 English Version","isPartOf":{"@id":"https:\/\/festival.hfd.digital\/en\/#website"},"primaryImageOfPage":{"@id":"https:\/\/festival.hfd.digital\/en\/shiftingstage-nuremberg-2026\/#primaryimage"},"image":{"@id":"https:\/\/festival.hfd.digital\/en\/shiftingstage-nuremberg-2026\/#primaryimage"},"thumbnailUrl":"https:\/\/festival.hfd.digital\/en\/wp-content\/uploads\/sites\/2\/2026\/05\/Stage-Sharepic_Shifting-Stage-Nuremberg_EN-700x394.png","datePublished":"2026-05-05T15:49:48+00:00","dateModified":"2026-05-05T16:42:31+00:00","description":"On Tuesday, 23 June 2026, the Shifting:Stage Nuremberg becomes a platform for forward\u2011looking teaching and learning concepts.","inLanguage":"en-US","potentialAction":[{"@type":"ReadAction","target":["https:\/\/festival.hfd.digital\/en\/shiftingstage-nuremberg-2026\/"]}]},{"@type":"ImageObject","inLanguage":"en-US","@id":"https:\/\/festival.hfd.digital\/en\/shiftingstage-nuremberg-2026\/#primaryimage","url":"https:\/\/festival.hfd.digital\/en\/wp-content\/uploads\/sites\/2\/2026\/05\/Stage-Sharepic_Shifting-Stage-Nuremberg_EN.png","contentUrl":"https:\/\/festival.hfd.digital\/en\/wp-content\/uploads\/sites\/2\/2026\/05\/Stage-Sharepic_Shifting-Stage-Nuremberg_EN.png","width":1920,"height":1080},{"@type":"WebSite","@id":"https:\/\/festival.hfd.digital\/en\/#website","url":"https:\/\/festival.hfd.digital\/en\/","name":"University Future:Festival 2026 English Version","description":"","potentialAction":[{"@type":"SearchAction","target":{"@type":"EntryPoint","urlTemplate":"https:\/\/festival.hfd.digital\/en\/?s={search_term_string}"},"query-input":{"@type":"PropertyValueSpecification","valueRequired":true,"valueName":"search_term_string"}}],"inLanguage":"en-US"}]}},"_links":{"self":[{"href":"https:\/\/festival.hfd.digital\/en\/wp-json\/wp\/v2\/pages\/5191","targetHints":{"allow":["GET"]}}],"collection":[{"href":"https:\/\/festival.hfd.digital\/en\/wp-json\/wp\/v2\/pages"}],"about":[{"href":"https:\/\/festival.hfd.digital\/en\/wp-json\/wp\/v2\/types\/page"}],"author":[{"embeddable":true,"href":"https:\/\/festival.hfd.digital\/en\/wp-json\/wp\/v2\/users\/53"}],"replies":[{"embeddable":true,"href":"https:\/\/festival.hfd.digital\/en\/wp-json\/wp\/v2\/comments?post=5191"}],"version-history":[{"count":31,"href":"https:\/\/festival.hfd.digital\/en\/wp-json\/wp\/v2\/pages\/5191\/revisions"}],"predecessor-version":[{"id":5399,"href":"https:\/\/festival.hfd.digital\/en\/wp-json\/wp\/v2\/pages\/5191\/revisions\/5399"}],"wp:attachment":[{"href":"https:\/\/festival.hfd.digital\/en\/wp-json\/wp\/v2\/media?parent=5191"}],"curies":[{"name":"wp","href":"https:\/\/api.w.org\/{rel}","templated":true}]}}