{"id":5164,"date":"2026-05-05T15:49:37","date_gmt":"2026-05-05T15:49:37","guid":{"rendered":"https:\/\/festival.hfd.digital\/en\/?page_id=5164"},"modified":"2026-05-05T16:43:00","modified_gmt":"2026-05-05T16:43:00","slug":"techstage-brunswick-2026","status":"publish","type":"page","link":"https:\/\/festival.hfd.digital\/en\/techstage-brunswick-2026\/","title":{"rendered":"Future Tech:Stage Braunschweig"},"content":{"rendered":"\n<p>Future technologies, their significance, potential impact, opportunities and risks for higher education take centre stage in Braunschweig. Whether outer space (Rabea Rogge), communication space (Udbhav Tiwari), virtual space (Prof. Dr Frank Steinicke) or speculative space (Theresa Hannig and Prof. Dr Eckart Voigts): the Future\u2011Tech:Stage opens the floor to a wide range of visions and scenarios.<\/p>\n\n\n<div class=\"wp-block-image is-style-default\">\n<figure class=\"aligncenter size-large\"><img loading=\"lazy\" decoding=\"async\" width=\"700\" height=\"394\" src=\"https:\/\/festival.hfd.digital\/en\/wp-content\/uploads\/sites\/2\/2026\/05\/Stage-Sharepic_Braunschweig_EN-1-700x394.png\" alt=\"\" class=\"wp-image-5285\" srcset=\"https:\/\/festival.hfd.digital\/en\/wp-content\/uploads\/sites\/2\/2026\/05\/Stage-Sharepic_Braunschweig_EN-1-700x394.png 700w, https:\/\/festival.hfd.digital\/en\/wp-content\/uploads\/sites\/2\/2026\/05\/Stage-Sharepic_Braunschweig_EN-1-250x141.png 250w, https:\/\/festival.hfd.digital\/en\/wp-content\/uploads\/sites\/2\/2026\/05\/Stage-Sharepic_Braunschweig_EN-1-768x432.png 768w, https:\/\/festival.hfd.digital\/en\/wp-content\/uploads\/sites\/2\/2026\/05\/Stage-Sharepic_Braunschweig_EN-1-1536x864.png 1536w, https:\/\/festival.hfd.digital\/en\/wp-content\/uploads\/sites\/2\/2026\/05\/Stage-Sharepic_Braunschweig_EN-1-120x68.png 120w, https:\/\/festival.hfd.digital\/en\/wp-content\/uploads\/sites\/2\/2026\/05\/Stage-Sharepic_Braunschweig_EN-1.png 1920w\" sizes=\"auto, (max-width: 700px) 100vw, 700px\" \/><\/figure>\n<\/div>\n\n\n<p><\/p>\n\n\n\n<p>The on-site stage in Braunschweig is organized by the Emerging Tech Lab and Media Lab of the Projekthaus at TU Braunschweig.<\/p>\n\n\n\n<div class=\"wp-block-buttons is-layout-flex wp-block-buttons-is-layout-flex\">\n<div class=\"wp-block-button\"><a class=\"wp-block-button__link wp-element-button\" href=\"https:\/\/festival.hfd.digital\/en\/tickets-2026\/\">Get your ticket here<\/a><\/div>\n<\/div>\n\n\n\n<p><strong>Key Information:<\/strong> Accreditation for the partner stage begins at 09:00am in the historic main building of TU Braunschweig. The programme on the Main Stage starts at 09:30am, shortly followed by sessions on the Media Lab Stage as well as in the various workshop and exhibition areas. After the formal programme concludes at 6:30pm, the festival transitions seamlessly into the popular Feierabendbeats. The evening comes to a close at 10pm.<\/p>\n\n\n\n<p>The in\u2011person stage in Braunschweig is organised by the Emerging Tech Lab and the Media Lab of the Project House at TU Braunschweig.<\/p>\n\n\n\n<p><strong>Location:<\/strong> Technische Universit\u00e4t Braunschweig, <a href=\"https:\/\/maps.app.goo.gl\/4E6eaFb3kS3GXHDs6\">Altgeb\u00e4ude im Zentral-Campus<\/a> (Central Campus) and <a href=\"https:\/\/www.google.com\/maps\/place\/Media+Lab\/@52.273506,10.5275507,18.21z\/data=!3m1!5s0x47aff67f822b8207:0x6ed2f30d273d6d34!4m6!3m5!1s0x47aff7002b48cac3:0x1b30da0e3ce23bac!8m2!3d52.2735575!4d10.5286228!16s%2Fg%2F11w4fzbg6n?coh=245187&amp;entry=tts&amp;g_ep=EgoyMDI1MDMxMC4wIPu8ASoJLDEwMjExNDUzSAFQAw%3D%3D\">Media Lab<\/a>, Pockelsstra\u00dfe 4, 38106 Braunschweig<\/p>\n\n\n\n<p><strong>How to get there:<\/strong> <br>By public transport: From Braunschweig Central Station, take bus routes 436 (Braunschweig Airport) or 419 (Amalienplatz) to the stop Pockelsstra\u00dfe. Alternatively, take tram lines 2 or 10 to M\u00fchlenpfordtstra\u00dfe.<\/p>\n\n\n\n<p>By car: Use the car park at Mensa, Katharinenstra\u00dfe 1, as well as the surrounding streets. Parking spaces are limited. (Accessible parking and step\u2011free access are available at the rear of the event building, accessible via Abt\u2011Jerusalem\u2011Stra\u00dfe.)<\/p>\n\n\n\n<p><a href=\"#keynotes\">Keynotes <\/a><br><a href=\"#interactiveprogramme\" id=\"#interactiveprogramme\">Interactive programme<\/a><br><a href=\"#evening\">Evening programme<\/a><br><a href=\"#stage\">Stage programme<\/a><\/p>\n\n\n\n<h2 class=\"wp-block-heading\" id=\"keynotes\">Keynotes<\/h2>\n\n\n\n<div class=\"wp-block-columns is-layout-flex wp-container-core-columns-is-layout-9d6595d7 wp-block-columns-is-layout-flex\">\n<div class=\"wp-block-column is-layout-flow wp-block-column-is-layout-flow\">\n<figure class=\"wp-block-image is-style-rounded\"><img decoding=\"async\" src=\"https:\/\/sessionize.com\/image\/94fa-400o400o1-f3QkvUdZuWu7g3kxwZFrbd.jpg\" alt=\"Rabea Rogge, Astronautin, Robotikforscherin und Expertin f\u00fcr Exploration in extremen Umgebungen\" \/><\/figure>\n\n\n\n<p class=\"has-text-align-center\"><strong>Rabea Rogge <\/strong><br>Astronaut \/ Electrical Engineer, NTNU \/ SpaceX<\/p>\n<\/div>\n\n\n\n<div class=\"wp-block-column is-layout-flow wp-block-column-is-layout-flow\">\n<figure class=\"wp-block-image is-style-rounded\"><img decoding=\"async\" src=\"https:\/\/sessionize.com\/image\/8ea7-400o400o1-ULnSBUFdjz5N9jY6o9Y2ay.jpg\" alt=\"Udbhav Tiwari, VP, Strategy and Global Affairs, Signal\" \/><\/figure>\n\n\n\n<p class=\"has-text-align-center\"><strong>Udbhav Tiwari<\/strong> <br>Vice President, Strategy and Global Affairs, Signal<\/p>\n<\/div>\n\n\n\n<div class=\"wp-block-column is-layout-flow wp-block-column-is-layout-flow\">\n<figure class=\"wp-block-image is-style-rounded\"><img decoding=\"async\" src=\"https:\/\/sessionize.com\/image\/bbad-400o400o1-3PBJ3rFBd2mnPLHFJsMYan.jpg\" alt=\"Frank Steinicke, Professor f\u00fcr Mensch-Computer-Interaktion\" \/><\/figure>\n\n\n\n<p class=\"has-text-align-center\"><strong>Prof. Dr. Frank Steinicke<\/strong> <br>Professor of Human\u2013Computer Interaction<\/p>\n<\/div>\n<\/div>\n\n\n\n<div class=\"wp-block-columns is-layout-flex wp-container-core-columns-is-layout-9d6595d7 wp-block-columns-is-layout-flex\">\n<div class=\"wp-block-column is-layout-flow wp-block-column-is-layout-flow\">\n<figure class=\"wp-block-image is-style-rounded\"><img decoding=\"async\" src=\"https:\/\/sessionize.com\/image\/39cd-400o400o1-7sWxWennfpbWgyJjCGy7Vp.jpg\" alt=\"Eckart Voigts, Professor f\u00fcr Anglistische Literatur- und Kulturwissenschaft an der Technischen Universit\u00e4t Braunschweig\" \/><\/figure>\n\n\n\n<p class=\"has-text-align-center\"><strong>Prof. Dr. Eckart Voigts<\/strong> <br>Professor of English Literature and Cultural Studies<\/p>\n<\/div>\n\n\n\n<div class=\"wp-block-column is-layout-flow wp-block-column-is-layout-flow\">\n<figure class=\"wp-block-image\"><img decoding=\"async\" src=\"https:\/\/festival.hfd.digital\/de\/wp-content\/themes\/university-future-festival\/assets\/img\/avatar_speaker_2026.svg\" alt=\"Theresa Hannig, Meine Tagline: Autorin f\u00fcr gesellschaftskritische Science-Fiction, Stadt- &amp; Kreisr\u00e4tin, Berufsoptimistin\" \/><\/figure>\n\n\n\n<p class=\"has-text-align-center\"><strong>Theresa Hannig<br><\/strong>Author of socially critical science fiction, city and district councillor<\/p>\n<\/div>\n\n\n\n<div class=\"wp-block-column is-layout-flow wp-block-column-is-layout-flow\"><\/div>\n<\/div>\n\n\n\n<h2 class=\"wp-block-heading\" id=\"interactiveprogramme\"><strong>Interactive programme<\/strong><\/h2>\n\n\n\n<p>In addition to the programme on the Future-Tech:Stage and the Media Lab Stage, a range of further highlights will take place as part of U:FF 2026 in Braunschweig.<\/p>\n\n\n\n<p><strong>On the ground floor<\/strong>, the <strong>Science and Art Lab<\/strong> will offer engaging talks and workshops exploring the intersection of science and art. The <strong>Sandkasten<\/strong> will also open its doors, offering insights into the success story behind this low-threshold campus participation initiative. Here, participants have the opportunity to get involved beyond studying and teaching, including through voluntary engagement. Supported by the digital \u201cSandkasten\u201d platform, participants can bring their own ideas to life and actively help shape city and campus life. The platform offers not only inspiration and opportunities to connect with like-minded people, but also everything needed to turn ideas into reality, from equipment available for loan to financial support for projects. Whether participants want to create sustainable change, shape things themselves, or simply get involved, the Sandkasten platform supports them in these endeavours. In addition, <strong>Polylog_ik <\/strong>\u2014 a telephone booth for the future \u2014 will temporarily find a home in the rear section of the Sandkasten.<\/p>\n\n\n\n<p><strong>On the first floor<\/strong>, the <strong>Ecoversity Hub<\/strong> will provide an opportunity for direct exchange with our keynote speakers. Invited guests can take part in exclusive conversations on the respective specialist topics. Our workshop rooms will host exciting participatory formats. In addition, <strong>Synthropy<\/strong> will transform an entire room into a biotechnology projection \u2014 the perfect opportunity to escape the hustle and bustle of the festival. Visitors can also relax in our lounge, either in analogue form on a colourful selection of different furniture or at the VR relaxation station <strong>Asfixia<\/strong>.<\/p>\n\n\n\n<p>During the <strong>lunch break<\/strong>, the University Sports Centre will offer a short movement session as part of its workplace health promotion programme. The 15-minute <strong>PausenExpress<\/strong> consists of a sequence of mobility, strengthening, and stretching exercises. The focus will be primarily on mobilising, training, and loosening the shoulder, neck, and back areas.<\/p>\n\n\n\n<h2 class=\"wp-block-heading\" id=\"evening\">Evening programme<\/h2>\n\n\n\n<p>After the programme on the Future-Tech:Stage, the after-hours event begins at 6:30 p.m. with the popular <strong>Feierabendbeats<\/strong>.<\/p>\n\n\n\n<p>\u201cFeierabendbeats\u201d is a music event organised by students for students, bringing energy and rhythm to everyday university life in the evening hours. Come along and dance your way into the summer night in the courtyard of the Altgeb\u00e4ude! The team will create the perfect atmosphere with powerful beats from local DJs, cool fun drinks, and plenty of good vibes.<\/p>\n\n\n\n<p>Whether you want to wind down after the day or dance until sunset, we\u2019ll be there for you from 6:30 p.m. to 10:00 p.m.<\/p>\n\n\n\n<h2 class=\"wp-block-heading\" id=\"stage\">Stage programme<\/h2>\n\n\n\n<p><\/p>\n","protected":false},"excerpt":{"rendered":"Future technologies, their significance, potential impact, opportunities and risks for higher education take centre stage in Braunschweig. Whether outer space (Rabea Rogge), communication space (Udbhav Tiwari), virtual space (Prof. Dr Frank Steinicke) or speculative space (Theresa Hannig and Prof. Dr Eckart Voigts): the Future\u2011Tech:Stage opens the floor to a wide range of visions and scenarios&#8230;. <a class=\"view-article\" href=\"https:\/\/festival.hfd.digital\/en\/techstage-brunswick-2026\/\">View Article<\/a>","protected":false},"author":53,"featured_media":0,"parent":0,"menu_order":0,"comment_status":"closed","ping_status":"closed","template":"template-sessionize-buehne.php","meta":{"_acf_changed":false,"inline_featured_image":false,"footnotes":""},"class_list":["post-5164","page","type-page","status-publish","hentry"],"acf":[],"yoast_head":"<!-- This site is optimized with the Yoast SEO plugin v27.3 - https:\/\/yoast.com\/product\/yoast-seo-wordpress\/ -->\n<title>Future Tech:Stage Braunschweig - University Future:Festival 2026 English Version<\/title>\n<meta name=\"description\" content=\"Future technologies, their significance, potential impact, opportunities and risks for higher education.\" \/>\n<meta name=\"robots\" content=\"index, follow, max-snippet:-1, max-image-preview:large, max-video-preview:-1\" \/>\n<link rel=\"canonical\" href=\"https:\/\/festival.hfd.digital\/en\/techstage-brunswick-2026\/\" \/>\n<meta property=\"og:locale\" content=\"en_US\" \/>\n<meta property=\"og:type\" content=\"article\" \/>\n<meta property=\"og:title\" content=\"Future Tech:Stage Braunschweig - University Future:Festival 2026 English Version\" \/>\n<meta property=\"og:description\" content=\"Future technologies, their significance, potential impact, opportunities and risks for higher education.\" \/>\n<meta property=\"og:url\" content=\"https:\/\/festival.hfd.digital\/en\/techstage-brunswick-2026\/\" \/>\n<meta property=\"og:site_name\" content=\"University Future:Festival 2026 English Version\" \/>\n<meta property=\"article:modified_time\" content=\"2026-05-05T16:43:00+00:00\" \/>\n<meta property=\"og:image\" content=\"https:\/\/festival.hfd.digital\/en\/wp-content\/uploads\/sites\/2\/2026\/05\/Stage-Sharepic_Braunschweig_EN-1-700x394.png\" \/>\n\t<meta property=\"og:image:width\" content=\"700\" \/>\n\t<meta property=\"og:image:height\" content=\"394\" \/>\n\t<meta property=\"og:image:type\" content=\"image\/png\" \/>\n<meta name=\"twitter:card\" content=\"summary_large_image\" \/>\n<meta name=\"twitter:label1\" content=\"Est. reading time\" \/>\n\t<meta name=\"twitter:data1\" content=\"5 minutes\" \/>\n<script type=\"application\/ld+json\" class=\"yoast-schema-graph\">{\"@context\":\"https:\\\/\\\/schema.org\",\"@graph\":[{\"@type\":\"WebPage\",\"@id\":\"https:\\\/\\\/festival.hfd.digital\\\/en\\\/techstage-brunswick-2026\\\/\",\"url\":\"https:\\\/\\\/festival.hfd.digital\\\/en\\\/techstage-brunswick-2026\\\/\",\"name\":\"Future Tech:Stage Braunschweig - University Future:Festival 2026 English Version\",\"isPartOf\":{\"@id\":\"https:\\\/\\\/festival.hfd.digital\\\/en\\\/#website\"},\"primaryImageOfPage\":{\"@id\":\"https:\\\/\\\/festival.hfd.digital\\\/en\\\/techstage-brunswick-2026\\\/#primaryimage\"},\"image\":{\"@id\":\"https:\\\/\\\/festival.hfd.digital\\\/en\\\/techstage-brunswick-2026\\\/#primaryimage\"},\"thumbnailUrl\":\"https:\\\/\\\/festival.hfd.digital\\\/en\\\/wp-content\\\/uploads\\\/sites\\\/2\\\/2026\\\/05\\\/Stage-Sharepic_Braunschweig_EN-1-700x394.png\",\"datePublished\":\"2026-05-05T15:49:37+00:00\",\"dateModified\":\"2026-05-05T16:43:00+00:00\",\"description\":\"Future technologies, their significance, potential impact, opportunities and risks for higher education.\",\"inLanguage\":\"en-US\",\"potentialAction\":[{\"@type\":\"ReadAction\",\"target\":[\"https:\\\/\\\/festival.hfd.digital\\\/en\\\/techstage-brunswick-2026\\\/\"]}]},{\"@type\":\"ImageObject\",\"inLanguage\":\"en-US\",\"@id\":\"https:\\\/\\\/festival.hfd.digital\\\/en\\\/techstage-brunswick-2026\\\/#primaryimage\",\"url\":\"https:\\\/\\\/festival.hfd.digital\\\/en\\\/wp-content\\\/uploads\\\/sites\\\/2\\\/2026\\\/05\\\/Stage-Sharepic_Braunschweig_EN-1.png\",\"contentUrl\":\"https:\\\/\\\/festival.hfd.digital\\\/en\\\/wp-content\\\/uploads\\\/sites\\\/2\\\/2026\\\/05\\\/Stage-Sharepic_Braunschweig_EN-1.png\",\"width\":1920,\"height\":1080},{\"@type\":\"WebSite\",\"@id\":\"https:\\\/\\\/festival.hfd.digital\\\/en\\\/#website\",\"url\":\"https:\\\/\\\/festival.hfd.digital\\\/en\\\/\",\"name\":\"University Future:Festival 2026 English Version\",\"description\":\"\",\"potentialAction\":[{\"@type\":\"SearchAction\",\"target\":{\"@type\":\"EntryPoint\",\"urlTemplate\":\"https:\\\/\\\/festival.hfd.digital\\\/en\\\/?s={search_term_string}\"},\"query-input\":{\"@type\":\"PropertyValueSpecification\",\"valueRequired\":true,\"valueName\":\"search_term_string\"}}],\"inLanguage\":\"en-US\"}]}<\/script>\n<!-- \/ Yoast SEO plugin. -->","yoast_head_json":{"title":"Future Tech:Stage Braunschweig - University Future:Festival 2026 English Version","description":"Future technologies, their significance, potential impact, opportunities and risks for higher education.","robots":{"index":"index","follow":"follow","max-snippet":"max-snippet:-1","max-image-preview":"max-image-preview:large","max-video-preview":"max-video-preview:-1"},"canonical":"https:\/\/festival.hfd.digital\/en\/techstage-brunswick-2026\/","og_locale":"en_US","og_type":"article","og_title":"Future Tech:Stage Braunschweig - University Future:Festival 2026 English Version","og_description":"Future technologies, their significance, potential impact, opportunities and risks for higher education.","og_url":"https:\/\/festival.hfd.digital\/en\/techstage-brunswick-2026\/","og_site_name":"University Future:Festival 2026 English Version","article_modified_time":"2026-05-05T16:43:00+00:00","og_image":[{"width":700,"height":394,"url":"https:\/\/festival.hfd.digital\/en\/wp-content\/uploads\/sites\/2\/2026\/05\/Stage-Sharepic_Braunschweig_EN-1-700x394.png","type":"image\/png"}],"twitter_card":"summary_large_image","twitter_misc":{"Est. reading time":"5 minutes"},"schema":{"@context":"https:\/\/schema.org","@graph":[{"@type":"WebPage","@id":"https:\/\/festival.hfd.digital\/en\/techstage-brunswick-2026\/","url":"https:\/\/festival.hfd.digital\/en\/techstage-brunswick-2026\/","name":"Future Tech:Stage Braunschweig - University Future:Festival 2026 English Version","isPartOf":{"@id":"https:\/\/festival.hfd.digital\/en\/#website"},"primaryImageOfPage":{"@id":"https:\/\/festival.hfd.digital\/en\/techstage-brunswick-2026\/#primaryimage"},"image":{"@id":"https:\/\/festival.hfd.digital\/en\/techstage-brunswick-2026\/#primaryimage"},"thumbnailUrl":"https:\/\/festival.hfd.digital\/en\/wp-content\/uploads\/sites\/2\/2026\/05\/Stage-Sharepic_Braunschweig_EN-1-700x394.png","datePublished":"2026-05-05T15:49:37+00:00","dateModified":"2026-05-05T16:43:00+00:00","description":"Future technologies, their significance, potential impact, opportunities and risks for higher education.","inLanguage":"en-US","potentialAction":[{"@type":"ReadAction","target":["https:\/\/festival.hfd.digital\/en\/techstage-brunswick-2026\/"]}]},{"@type":"ImageObject","inLanguage":"en-US","@id":"https:\/\/festival.hfd.digital\/en\/techstage-brunswick-2026\/#primaryimage","url":"https:\/\/festival.hfd.digital\/en\/wp-content\/uploads\/sites\/2\/2026\/05\/Stage-Sharepic_Braunschweig_EN-1.png","contentUrl":"https:\/\/festival.hfd.digital\/en\/wp-content\/uploads\/sites\/2\/2026\/05\/Stage-Sharepic_Braunschweig_EN-1.png","width":1920,"height":1080},{"@type":"WebSite","@id":"https:\/\/festival.hfd.digital\/en\/#website","url":"https:\/\/festival.hfd.digital\/en\/","name":"University Future:Festival 2026 English Version","description":"","potentialAction":[{"@type":"SearchAction","target":{"@type":"EntryPoint","urlTemplate":"https:\/\/festival.hfd.digital\/en\/?s={search_term_string}"},"query-input":{"@type":"PropertyValueSpecification","valueRequired":true,"valueName":"search_term_string"}}],"inLanguage":"en-US"}]}},"_links":{"self":[{"href":"https:\/\/festival.hfd.digital\/en\/wp-json\/wp\/v2\/pages\/5164","targetHints":{"allow":["GET"]}}],"collection":[{"href":"https:\/\/festival.hfd.digital\/en\/wp-json\/wp\/v2\/pages"}],"about":[{"href":"https:\/\/festival.hfd.digital\/en\/wp-json\/wp\/v2\/types\/page"}],"author":[{"embeddable":true,"href":"https:\/\/festival.hfd.digital\/en\/wp-json\/wp\/v2\/users\/53"}],"replies":[{"embeddable":true,"href":"https:\/\/festival.hfd.digital\/en\/wp-json\/wp\/v2\/comments?post=5164"}],"version-history":[{"count":24,"href":"https:\/\/festival.hfd.digital\/en\/wp-json\/wp\/v2\/pages\/5164\/revisions"}],"predecessor-version":[{"id":5400,"href":"https:\/\/festival.hfd.digital\/en\/wp-json\/wp\/v2\/pages\/5164\/revisions\/5400"}],"wp:attachment":[{"href":"https:\/\/festival.hfd.digital\/en\/wp-json\/wp\/v2\/media?parent=5164"}],"curies":[{"name":"wp","href":"https:\/\/api.w.org\/{rel}","templated":true}]}}