{"id":4397,"date":"2025-03-21T12:22:12","date_gmt":"2025-03-21T12:22:12","guid":{"rendered":"https:\/\/festival.hfd.digital\/en\/?page_id=4397"},"modified":"2025-05-23T08:13:47","modified_gmt":"2025-05-23T08:13:47","slug":"future-techstage-braunschweig-2025","status":"publish","type":"page","link":"https:\/\/festival.hfd.digital\/en\/future-techstage-braunschweig-2025\/","title":{"rendered":"Future-Tech:Stage Braunschweig"},"content":{"rendered":"\n<h5 class=\"wp-block-heading\"><strong>The future in 2025: digital education is characterized by topics such as artificial intelligence and virtual reality, while quantum computing is already on the horizon. On May 13, the Future-Tech:Stage at the TU Braunschweig focused on these future technologies, their significance for teaching and their practical use in studies.<\/strong><br><\/h5>\n\n\n\n<p><em>Please note: The programme of the face-to-face event in Braunschweig will be mainly in German.<\/em><\/p>\n\n\n<div class=\"wp-block-image is-style-default\">\n<figure class=\"aligncenter size-large\"><img loading=\"lazy\" decoding=\"async\" width=\"700\" height=\"394\" src=\"https:\/\/festival.hfd.digital\/en\/wp-content\/uploads\/sites\/2\/2025\/03\/Stage-Sharepic_Braunschweig-700x394.png\" alt=\"Future-Tech:Stage Brunswick\" class=\"wp-image-4420\" srcset=\"https:\/\/festival.hfd.digital\/en\/wp-content\/uploads\/sites\/2\/2025\/03\/Stage-Sharepic_Braunschweig-700x394.png 700w, https:\/\/festival.hfd.digital\/en\/wp-content\/uploads\/sites\/2\/2025\/03\/Stage-Sharepic_Braunschweig-250x141.png 250w, https:\/\/festival.hfd.digital\/en\/wp-content\/uploads\/sites\/2\/2025\/03\/Stage-Sharepic_Braunschweig-768x432.png 768w, https:\/\/festival.hfd.digital\/en\/wp-content\/uploads\/sites\/2\/2025\/03\/Stage-Sharepic_Braunschweig-1536x864.png 1536w, https:\/\/festival.hfd.digital\/en\/wp-content\/uploads\/sites\/2\/2025\/03\/Stage-Sharepic_Braunschweig-120x68.png 120w, https:\/\/festival.hfd.digital\/en\/wp-content\/uploads\/sites\/2\/2025\/03\/Stage-Sharepic_Braunschweig.png 1920w\" sizes=\"auto, (max-width: 700px) 100vw, 700px\" \/><\/figure>\n<\/div>\n\n\n<p><\/p>\n\n\n\n<p><strong>Dates:<\/strong> Accreditation and the exhibition area started at 9 a.m. in the historic central building of TU Braunschweig. The first lectures and workshops began at 10 am. The program ended around 5:30 pm. In the evening there will be the opportunity for networking and culture outside the venue.<\/p>\n\n\n\n<p><strong>Location:<\/strong> Technische Universit\u00e4t Braunschweig, <a href=\"https:\/\/maps.app.goo.gl\/4E6eaFb3kS3GXHDs6\">Old Building in the Central Campus<\/a> and <a href=\"https:\/\/maps.app.goo.gl\/y68jcpgLGrBijLqYA\">Media Lab<\/a>, Pockelsstra\u00dfe 4, 38106 Braunschweig<br><br><strong>How to get there: <\/strong>By public transport from Braunschweig main station, take bus 436 Braunschweig Flughafen or 419 Amalienplatz to the Pockelsstra\u00dfe stop or streetcars 2 and 10 to the M\u00fchlenpfordtstra\u00dfe stop. By car, use the free parking lot Mensa Katharinenstra\u00dfe 1 and the surrounding streets. Parking spaces are limited. Disabled parking spaces and barrier-free access are located at the rear of the event building, access via Abt-Jerusalem-Stra\u00dfe.<\/p>\n\n\n\n<p><strong>Further information:<\/strong> The venue offered Eduroam, a parent-child room and the usual university facilities such as the canteen, library and computer pool.<\/p>\n\n\n\n<p><a href=\"#keynotes\">Keynotes<\/a><br><a href=\"#stage\">Stage programme<\/a><br><a href=\"#interactiveprogramme\">Interactive programme<br><\/a><a href=\"#eveningprogramme\">Evening programme<\/a><br><a href=\"#on-demand\">On-Demand<\/a><\/p>\n\n\n\n<h2 class=\"wp-block-heading\" id=\"keynotes\">Keynotes (selection)<\/h2>\n\n\n\n<div class=\"wp-block-columns are-vertically-aligned-center is-layout-flex wp-container-core-columns-is-layout-9d6595d7 wp-block-columns-is-layout-flex\">\n<div class=\"wp-block-column is-vertically-aligned-center is-layout-flow wp-block-column-is-layout-flow\">\n<figure class=\"wp-block-image size-full is-style-rounded wp-duotone-unset-1\"><img loading=\"lazy\" decoding=\"async\" width=\"1365\" height=\"1315\" src=\"https:\/\/festival.hfd.digital\/en\/wp-content\/uploads\/sites\/2\/2025\/03\/aya-jaff.jpg\" alt=\"\" class=\"wp-image-4468\" style=\"aspect-ratio:1;object-fit:cover\" srcset=\"https:\/\/festival.hfd.digital\/en\/wp-content\/uploads\/sites\/2\/2025\/03\/aya-jaff.jpg 1365w, https:\/\/festival.hfd.digital\/en\/wp-content\/uploads\/sites\/2\/2025\/03\/aya-jaff-250x241.jpg 250w, https:\/\/festival.hfd.digital\/en\/wp-content\/uploads\/sites\/2\/2025\/03\/aya-jaff-700x674.jpg 700w, https:\/\/festival.hfd.digital\/en\/wp-content\/uploads\/sites\/2\/2025\/03\/aya-jaff-768x740.jpg 768w, https:\/\/festival.hfd.digital\/en\/wp-content\/uploads\/sites\/2\/2025\/03\/aya-jaff-120x116.jpg 120w\" sizes=\"auto, (max-width: 1365px) 100vw, 1365px\" \/><\/figure>\n\n\n\n<p class=\"has-text-align-center\"><strong>Aya Jaff<\/strong><br>Founder, trader, <br>bestselling author<br><\/p>\n<\/div>\n\n\n\n<div class=\"wp-block-column is-vertically-aligned-center is-layout-flow wp-block-column-is-layout-flow\">\n<figure class=\"wp-block-image size-full is-style-rounded wp-duotone-unset-2\"><img loading=\"lazy\" decoding=\"async\" width=\"600\" height=\"655\" src=\"https:\/\/festival.hfd.digital\/en\/wp-content\/uploads\/sites\/2\/2025\/03\/keith-ranaldi.jpg\" alt=\"\" class=\"wp-image-4470\" style=\"aspect-ratio:1;object-fit:cover\" srcset=\"https:\/\/festival.hfd.digital\/en\/wp-content\/uploads\/sites\/2\/2025\/03\/keith-ranaldi.jpg 600w, https:\/\/festival.hfd.digital\/en\/wp-content\/uploads\/sites\/2\/2025\/03\/keith-ranaldi-250x273.jpg 250w, https:\/\/festival.hfd.digital\/en\/wp-content\/uploads\/sites\/2\/2025\/03\/keith-ranaldi-120x131.jpg 120w\" sizes=\"auto, (max-width: 600px) 100vw, 600px\" \/><\/figure>\n\n\n\n<p class=\"has-text-align-center\"><strong><strong>Keith Ranaldi<\/strong><\/strong><br>Director of Innovation and Entrepreneurship, University of Rhode Island<\/p>\n<\/div>\n\n\n\n<div class=\"wp-block-column is-vertically-aligned-center is-layout-flow wp-block-column-is-layout-flow\">\n<figure class=\"wp-block-image size-full is-style-rounded wp-duotone-unset-3\"><img loading=\"lazy\" decoding=\"async\" width=\"988\" height=\"1085\" src=\"https:\/\/festival.hfd.digital\/en\/wp-content\/uploads\/sites\/2\/2025\/03\/jurgen-geuter.jpg\" alt=\"\" class=\"wp-image-4469\" style=\"aspect-ratio:1;object-fit:cover\" srcset=\"https:\/\/festival.hfd.digital\/en\/wp-content\/uploads\/sites\/2\/2025\/03\/jurgen-geuter.jpg 988w, https:\/\/festival.hfd.digital\/en\/wp-content\/uploads\/sites\/2\/2025\/03\/jurgen-geuter-250x275.jpg 250w, https:\/\/festival.hfd.digital\/en\/wp-content\/uploads\/sites\/2\/2025\/03\/jurgen-geuter-700x769.jpg 700w, https:\/\/festival.hfd.digital\/en\/wp-content\/uploads\/sites\/2\/2025\/03\/jurgen-geuter-768x843.jpg 768w, https:\/\/festival.hfd.digital\/en\/wp-content\/uploads\/sites\/2\/2025\/03\/jurgen-geuter-120x132.jpg 120w\" sizes=\"auto, (max-width: 988px) 100vw, 988px\" \/><\/figure>\n\n\n\n<p class=\"has-text-align-center\"><strong><strong>J\u00fcrgen Geuter<\/strong><\/strong><br>Research Director ART+COM Studios<\/p>\n<\/div>\n<\/div>\n\n\n\n<h2 class=\"wp-block-heading\" id=\"stage\">Stage programme<\/h2>\n\n\n\n<p>You can find all stage programme highlights of the Future-Tech:Stage Braunschweig as well as on-site workshops in our program overview.<\/p>\n\n\n\n<div class=\"wp-block-buttons is-layout-flex wp-block-buttons-is-layout-flex\">\n<div class=\"wp-block-button\"><a class=\"wp-block-button__link wp-element-button\" href=\"https:\/\/festival.hfd.digital\/en\/programme-13-may-2025\/#timetable\">Click here for the programme overview<\/a><\/div>\n<\/div>\n\n\n\n<h2 class=\"wp-block-heading\" id=\"interactiveprogramme\"><strong>Interactive programme<\/strong><\/h2>\n\n\n\n<p>Future tech has also being driven forward in research projects and start-ups at TU Braunschweig. Exciting educational projects with VR exhibits and up-and-coming young companies with technology-based products for teaching and learning were presented in our exhibition area. The exhibition invited visitors to discuss and network. Both were also possible at our other networking opportunities, the knowledge kiosk and the \u201cSpaces of Future Tech\u201d in the new Media Lab. Under the motto \u201cWe are interested in your questions!\u201d, the Knowledge Transfer team in the Transfer Service collected ideas and suggestions for the university of the future. The team also presented the opportunities for bottom-up participation with the sandbox platform and invited you to linger between the other program items.<br><\/p>\n\n\n\n<h4 class=\"wp-block-heading\" id=\"eveningprogramme\">Evening programme<\/h4>\n\n\n\n<p>After the official event program, the day ended at one of our networking tables and network in various restaurants directly on campus. <\/p>\n\n\n\n<h2 class=\"wp-block-heading\" id=\"on-demand\">On-Demand<\/h2>\n\n\n\n<p>Videos from the Future-Tech:Stage Braunschweig can be found after the U:FF 25 on the YouTube channel of the Hochschulforum Digitalisierung.<\/p>\n\n\n\n<p>The presence stage of the <a href=\"https:\/\/www.tu-braunschweig.de\/\">Technische Universit\u00e4t Braunschweig<\/a> is organized by the <a href=\"https:\/\/www.tu-braunschweig.de\/projekthaus\">Projekthaus<\/a> with <a href=\"https:\/\/www.tu-braunschweig.de\/medialab\">Media Lab<\/a> and EmergingTech Lab.<\/p>\n\n\n\n<figure class=\"wp-block-image size-large\"><img decoding=\"async\" src=\"https:\/\/festival.hfd.digital\/de\/wp-content\/uploads\/sites\/3\/2025\/03\/Bild1-700x138.png\" alt=\"\" class=\"wp-image-10794\" \/><\/figure>\n\n\n\n<p>The Emerging Tech Lab is a project within the framework of Hochschule.digital Niedersachsen and brings together several network and cooperation partners. These include the Technische Universit\u00e4t Braunschweig, Ostfalia University of Applied Sciences, the University of Hildesheim, Leuphana University L\u00fcneburg, the Georg Eckert Institute and the Hochschulforum Digitalisierung.<\/p>\n\n\n\n<figure class=\"wp-block-image size-full\"><img decoding=\"async\" src=\"https:\/\/festival.hfd.digital\/de\/wp-content\/uploads\/sites\/3\/2025\/03\/Bild2.png\" alt=\"\" class=\"wp-image-10797\" \/><\/figure>\n\n\n\n<p>The Future-Tech:Stage includes contributions from the joint project <a href=\"https:\/\/ki4all.net\/\">KI4ALL<\/a> by TU Braunschweig, Ostfalia University and TU Clausthal.<\/p>\n\n\n\n<figure class=\"wp-block-image size-large\"><img decoding=\"async\" src=\"https:\/\/festival.hfd.digital\/de\/wp-content\/uploads\/sites\/3\/2025\/03\/Bild3-700x138.png\" alt=\"\" class=\"wp-image-10798\" \/><\/figure>\n\n\n\n<figure class=\"wp-block-gallery has-nested-images columns-default is-cropped wp-block-gallery-4 is-layout-flex wp-block-gallery-is-layout-flex\">\n<figure class=\"wp-block-image size-large\"><img decoding=\"async\" data-id=\"10752\" src=\"https:\/\/festival.hfd.digital\/de\/wp-content\/uploads\/sites\/3\/2025\/03\/Foto6_Kristina-Rottig-TU-Braunschweig-700x467.jpg\" alt=\"\" class=\"wp-image-10752\" \/><\/figure>\n\n\n\n<figure class=\"wp-block-image size-large\"><img decoding=\"async\" data-id=\"10754\" src=\"https:\/\/festival.hfd.digital\/de\/wp-content\/uploads\/sites\/3\/2025\/03\/Foto4_Boehme-TU-Braunschweig-700x525.jpg\" alt=\"\" class=\"wp-image-10754\" \/><\/figure>\n\n\n\n<figure class=\"wp-block-image size-large\"><img decoding=\"async\" data-id=\"10753\" src=\"https:\/\/festival.hfd.digital\/de\/wp-content\/uploads\/sites\/3\/2025\/03\/Foto2_Kristin-Rottig-TU-Braunschweig-700x467.jpg\" alt=\"\" class=\"wp-image-10753\" \/><\/figure>\n<\/figure>\n\n\n\n<div class=\"wp-block-buttons is-layout-flex wp-block-buttons-is-layout-flex\">\n<div class=\"wp-block-button\"><a class=\"wp-block-button__link wp-element-button\" href=\"https:\/\/festival.hfd.digital\/en\/tickets\/\">Get your ticket here<\/a><\/div>\n<\/div>\n","protected":false},"excerpt":{"rendered":"The future in 2025: digital education is characterized by topics such as artificial intelligence and virtual reality, while quantum computing is already on the horizon. On May 13, the Future-Tech:Stage at the TU Braunschweig focused on these future technologies, their significance for teaching and their practical use in studies. Please note: The programme of the&#8230; <a class=\"view-article\" href=\"https:\/\/festival.hfd.digital\/en\/future-techstage-braunschweig-2025\/\">View Article<\/a>","protected":false},"author":27,"featured_media":0,"parent":0,"menu_order":0,"comment_status":"closed","ping_status":"closed","template":"","meta":{"_acf_changed":false,"inline_featured_image":false,"footnotes":""},"class_list":["post-4397","page","type-page","status-publish","hentry"],"acf":[],"yoast_head":"<!-- This site is optimized with the Yoast SEO plugin v27.3 - https:\/\/yoast.com\/product\/yoast-seo-wordpress\/ -->\n<title>Future-Tech:Stage Braunschweig - University Future:Festival 2026 English Version<\/title>\n<meta name=\"description\" content=\"On May 13, 2025, the Future-Tech:Stage at TU Braunschweig will showcase future technologies such as AI, VR and quantum computing.\" \/>\n<meta name=\"robots\" content=\"index, follow, max-snippet:-1, max-image-preview:large, max-video-preview:-1\" \/>\n<link rel=\"canonical\" href=\"https:\/\/festival.hfd.digital\/en\/future-techstage-braunschweig-2025\/\" \/>\n<meta property=\"og:locale\" content=\"en_US\" \/>\n<meta property=\"og:type\" content=\"article\" \/>\n<meta property=\"og:title\" content=\"Future-Tech:Stage TU Braunschweig\" \/>\n<meta property=\"og:description\" content=\"On May 13, 2025, the Future-Tech:Stage at TU Braunschweig will showcase future technologies such as AI, VR and quantum computing.\" \/>\n<meta property=\"og:url\" content=\"https:\/\/festival.hfd.digital\/en\/future-techstage-braunschweig-2025\/\" \/>\n<meta property=\"og:site_name\" content=\"University Future:Festival 2026 English Version\" \/>\n<meta property=\"article:modified_time\" content=\"2025-05-23T08:13:47+00:00\" \/>\n<meta property=\"og:image\" content=\"https:\/\/festival.hfd.digital\/en\/wp-content\/uploads\/sites\/2\/2025\/03\/Stage-Sharepic_Braunschweig-700x394.png\" \/>\n\t<meta property=\"og:image:width\" content=\"700\" \/>\n\t<meta property=\"og:image:height\" content=\"394\" \/>\n\t<meta property=\"og:image:type\" content=\"image\/png\" \/>\n<meta name=\"twitter:card\" content=\"summary_large_image\" \/>\n<meta name=\"twitter:label1\" content=\"Est. reading time\" \/>\n\t<meta name=\"twitter:data1\" content=\"5 minutes\" \/>\n<script type=\"application\/ld+json\" class=\"yoast-schema-graph\">{\"@context\":\"https:\\\/\\\/schema.org\",\"@graph\":[{\"@type\":\"WebPage\",\"@id\":\"https:\\\/\\\/festival.hfd.digital\\\/en\\\/future-techstage-braunschweig-2025\\\/\",\"url\":\"https:\\\/\\\/festival.hfd.digital\\\/en\\\/future-techstage-braunschweig-2025\\\/\",\"name\":\"Future-Tech:Stage Braunschweig - University Future:Festival 2026 English Version\",\"isPartOf\":{\"@id\":\"https:\\\/\\\/festival.hfd.digital\\\/en\\\/#website\"},\"primaryImageOfPage\":{\"@id\":\"https:\\\/\\\/festival.hfd.digital\\\/en\\\/future-techstage-braunschweig-2025\\\/#primaryimage\"},\"image\":{\"@id\":\"https:\\\/\\\/festival.hfd.digital\\\/en\\\/future-techstage-braunschweig-2025\\\/#primaryimage\"},\"thumbnailUrl\":\"https:\\\/\\\/festival.hfd.digital\\\/en\\\/wp-content\\\/uploads\\\/sites\\\/2\\\/2025\\\/03\\\/Stage-Sharepic_Braunschweig-700x394.png\",\"datePublished\":\"2025-03-21T12:22:12+00:00\",\"dateModified\":\"2025-05-23T08:13:47+00:00\",\"description\":\"On May 13, 2025, the Future-Tech:Stage at TU Braunschweig will showcase future technologies such as AI, VR and quantum computing.\",\"inLanguage\":\"en-US\",\"potentialAction\":[{\"@type\":\"ReadAction\",\"target\":[\"https:\\\/\\\/festival.hfd.digital\\\/en\\\/future-techstage-braunschweig-2025\\\/\"]}]},{\"@type\":\"ImageObject\",\"inLanguage\":\"en-US\",\"@id\":\"https:\\\/\\\/festival.hfd.digital\\\/en\\\/future-techstage-braunschweig-2025\\\/#primaryimage\",\"url\":\"https:\\\/\\\/festival.hfd.digital\\\/en\\\/wp-content\\\/uploads\\\/sites\\\/2\\\/2025\\\/03\\\/Stage-Sharepic_Braunschweig.png\",\"contentUrl\":\"https:\\\/\\\/festival.hfd.digital\\\/en\\\/wp-content\\\/uploads\\\/sites\\\/2\\\/2025\\\/03\\\/Stage-Sharepic_Braunschweig.png\",\"width\":1920,\"height\":1080},{\"@type\":\"WebSite\",\"@id\":\"https:\\\/\\\/festival.hfd.digital\\\/en\\\/#website\",\"url\":\"https:\\\/\\\/festival.hfd.digital\\\/en\\\/\",\"name\":\"University Future:Festival 2026 English Version\",\"description\":\"\",\"potentialAction\":[{\"@type\":\"SearchAction\",\"target\":{\"@type\":\"EntryPoint\",\"urlTemplate\":\"https:\\\/\\\/festival.hfd.digital\\\/en\\\/?s={search_term_string}\"},\"query-input\":{\"@type\":\"PropertyValueSpecification\",\"valueRequired\":true,\"valueName\":\"search_term_string\"}}],\"inLanguage\":\"en-US\"}]}<\/script>\n<!-- \/ Yoast SEO plugin. -->","yoast_head_json":{"title":"Future-Tech:Stage Braunschweig - University Future:Festival 2026 English Version","description":"On May 13, 2025, the Future-Tech:Stage at TU Braunschweig will showcase future technologies such as AI, VR and quantum computing.","robots":{"index":"index","follow":"follow","max-snippet":"max-snippet:-1","max-image-preview":"max-image-preview:large","max-video-preview":"max-video-preview:-1"},"canonical":"https:\/\/festival.hfd.digital\/en\/future-techstage-braunschweig-2025\/","og_locale":"en_US","og_type":"article","og_title":"Future-Tech:Stage TU Braunschweig","og_description":"On May 13, 2025, the Future-Tech:Stage at TU Braunschweig will showcase future technologies such as AI, VR and quantum computing.","og_url":"https:\/\/festival.hfd.digital\/en\/future-techstage-braunschweig-2025\/","og_site_name":"University Future:Festival 2026 English Version","article_modified_time":"2025-05-23T08:13:47+00:00","og_image":[{"width":700,"height":394,"url":"https:\/\/festival.hfd.digital\/en\/wp-content\/uploads\/sites\/2\/2025\/03\/Stage-Sharepic_Braunschweig-700x394.png","type":"image\/png"}],"twitter_card":"summary_large_image","twitter_misc":{"Est. reading time":"5 minutes"},"schema":{"@context":"https:\/\/schema.org","@graph":[{"@type":"WebPage","@id":"https:\/\/festival.hfd.digital\/en\/future-techstage-braunschweig-2025\/","url":"https:\/\/festival.hfd.digital\/en\/future-techstage-braunschweig-2025\/","name":"Future-Tech:Stage Braunschweig - University Future:Festival 2026 English Version","isPartOf":{"@id":"https:\/\/festival.hfd.digital\/en\/#website"},"primaryImageOfPage":{"@id":"https:\/\/festival.hfd.digital\/en\/future-techstage-braunschweig-2025\/#primaryimage"},"image":{"@id":"https:\/\/festival.hfd.digital\/en\/future-techstage-braunschweig-2025\/#primaryimage"},"thumbnailUrl":"https:\/\/festival.hfd.digital\/en\/wp-content\/uploads\/sites\/2\/2025\/03\/Stage-Sharepic_Braunschweig-700x394.png","datePublished":"2025-03-21T12:22:12+00:00","dateModified":"2025-05-23T08:13:47+00:00","description":"On May 13, 2025, the Future-Tech:Stage at TU Braunschweig will showcase future technologies such as AI, VR and quantum computing.","inLanguage":"en-US","potentialAction":[{"@type":"ReadAction","target":["https:\/\/festival.hfd.digital\/en\/future-techstage-braunschweig-2025\/"]}]},{"@type":"ImageObject","inLanguage":"en-US","@id":"https:\/\/festival.hfd.digital\/en\/future-techstage-braunschweig-2025\/#primaryimage","url":"https:\/\/festival.hfd.digital\/en\/wp-content\/uploads\/sites\/2\/2025\/03\/Stage-Sharepic_Braunschweig.png","contentUrl":"https:\/\/festival.hfd.digital\/en\/wp-content\/uploads\/sites\/2\/2025\/03\/Stage-Sharepic_Braunschweig.png","width":1920,"height":1080},{"@type":"WebSite","@id":"https:\/\/festival.hfd.digital\/en\/#website","url":"https:\/\/festival.hfd.digital\/en\/","name":"University Future:Festival 2026 English Version","description":"","potentialAction":[{"@type":"SearchAction","target":{"@type":"EntryPoint","urlTemplate":"https:\/\/festival.hfd.digital\/en\/?s={search_term_string}"},"query-input":{"@type":"PropertyValueSpecification","valueRequired":true,"valueName":"search_term_string"}}],"inLanguage":"en-US"}]}},"_links":{"self":[{"href":"https:\/\/festival.hfd.digital\/en\/wp-json\/wp\/v2\/pages\/4397","targetHints":{"allow":["GET"]}}],"collection":[{"href":"https:\/\/festival.hfd.digital\/en\/wp-json\/wp\/v2\/pages"}],"about":[{"href":"https:\/\/festival.hfd.digital\/en\/wp-json\/wp\/v2\/types\/page"}],"author":[{"embeddable":true,"href":"https:\/\/festival.hfd.digital\/en\/wp-json\/wp\/v2\/users\/27"}],"replies":[{"embeddable":true,"href":"https:\/\/festival.hfd.digital\/en\/wp-json\/wp\/v2\/comments?post=4397"}],"version-history":[{"count":14,"href":"https:\/\/festival.hfd.digital\/en\/wp-json\/wp\/v2\/pages\/4397\/revisions"}],"predecessor-version":[{"id":4618,"href":"https:\/\/festival.hfd.digital\/en\/wp-json\/wp\/v2\/pages\/4397\/revisions\/4618"}],"wp:attachment":[{"href":"https:\/\/festival.hfd.digital\/en\/wp-json\/wp\/v2\/media?parent=4397"}],"curies":[{"name":"wp","href":"https:\/\/api.w.org\/{rel}","templated":true}]}}