{"id":3577,"date":"2024-04-25T08:01:53","date_gmt":"2024-04-25T08:01:53","guid":{"rendered":"https:\/\/festival.hfd.digital\/en\/?page_id=3577"},"modified":"2024-07-01T13:42:25","modified_gmt":"2024-07-01T13:42:25","slug":"physical-stage-leipzig-2024","status":"publish","type":"page","link":"https:\/\/festival.hfd.digital\/en\/physical-stage-leipzig-2024\/","title":{"rendered":"Leipzig-Stage"},"content":{"rendered":"\n<h5 class=\"wp-block-heading\">On June 05, the partner stage at the University:Future Festival 2024 in Leipzig was dedicated to the festival track \u201cStructures and Strategies\u201d. It was organised by the University of Leipzig. The programme was held in German.<\/h5>\n\n\n\n<p><\/p>\n\n\n<div class=\"wp-block-image\">\n<figure class=\"aligncenter size-large\"><img loading=\"lazy\" decoding=\"async\" width=\"700\" height=\"394\" src=\"https:\/\/festival.hfd.digital\/en\/wp-content\/uploads\/sites\/2\/2024\/04\/Partnerbuhne-UniversityFutureFestival-2024-Leipzig-EN-700x394.png\" alt=\"\" class=\"wp-image-3578\" srcset=\"https:\/\/festival.hfd.digital\/en\/wp-content\/uploads\/sites\/2\/2024\/04\/Partnerbuhne-UniversityFutureFestival-2024-Leipzig-EN-700x394.png 700w, https:\/\/festival.hfd.digital\/en\/wp-content\/uploads\/sites\/2\/2024\/04\/Partnerbuhne-UniversityFutureFestival-2024-Leipzig-EN-250x141.png 250w, https:\/\/festival.hfd.digital\/en\/wp-content\/uploads\/sites\/2\/2024\/04\/Partnerbuhne-UniversityFutureFestival-2024-Leipzig-EN-768x432.png 768w, https:\/\/festival.hfd.digital\/en\/wp-content\/uploads\/sites\/2\/2024\/04\/Partnerbuhne-UniversityFutureFestival-2024-Leipzig-EN-1536x864.png 1536w, https:\/\/festival.hfd.digital\/en\/wp-content\/uploads\/sites\/2\/2024\/04\/Partnerbuhne-UniversityFutureFestival-2024-Leipzig-EN-120x68.png 120w, https:\/\/festival.hfd.digital\/en\/wp-content\/uploads\/sites\/2\/2024\/04\/Partnerbuhne-UniversityFutureFestival-2024-Leipzig-EN.png 1920w\" sizes=\"auto, (max-width: 700px) 100vw, 700px\" \/><\/figure>\n<\/div>\n\n\n<p><\/p>\n\n\n\n<p><strong>Key dates:<\/strong> The stage programme begins on June 5 at 09:00 and ends at 17:00. Following the day programme, there will be an evening event with the opportunity to network and exchange ideas.<\/p>\n\n\n\n<p><strong>Location:<\/strong> Leipzig University Library, lecture hall of the Bibliotheca Albertina, Beethovenstr. 6, 04107 Leipzig. The evening event will take place at Caf\u00e9 Kritzel in the HGB, W\u00e4chterstra\u00dfe 11, 04107 Leipzig.<\/p>\n\n\n\n<p><a href=\"https:\/\/festival.hfd.digital\/en\/physical-stage-leipzig-2024\/#keynotes\">Keynote speakers<\/a><br><a href=\"#on-demand\">On demand<\/a><\/p>\n\n\n\n<h2 class=\"wp-block-heading\" id=\"keynotes\">Keynote speakers (selection)<\/h2>\n\n\n\n<div class=\"wp-block-columns is-layout-flex wp-container-core-columns-is-layout-9d6595d7 wp-block-columns-is-layout-flex\">\n<div class=\"wp-block-column is-layout-flow wp-block-column-is-layout-flow\">\n<figure class=\"wp-block-image size-large is-resized is-style-rounded wp-duotone-unset-1\"><a href=\"https:\/\/festival.hfd.digital\/de\/speakerinnen-2024\/?id=0c28ff7c-9b89-47c6-9dd4-287549488137\"><img decoding=\"async\" src=\"https:\/\/festival.hfd.digital\/de\/wp-content\/uploads\/sites\/3\/2024\/04\/Sebastian-Gemkow-700x1050.png\" alt=\"\" class=\"wp-image-7776\" style=\"aspect-ratio:1;object-fit:cover;width:294px;height:auto\" \/><\/a><\/figure>\n\n\n\n<p class=\"has-text-align-center\"><strong>Sebastian Gemkow<\/strong><br>Saxon State Minister for Science, Culture &amp; Tourism<br><\/p>\n<\/div>\n\n\n\n<div class=\"wp-block-column is-style-rounded is-layout-flow wp-block-column-is-layout-flow\">\n<figure class=\"wp-block-image size-large is-resized is-style-rounded wp-duotone-unset-2\"><a href=\"https:\/\/festival.hfd.digital\/de\/speakerinnen-2024\/?id=60268f7e-e293-4795-8b11-7e4ab3129461\"><img decoding=\"async\" src=\"https:\/\/festival.hfd.digital\/de\/wp-content\/uploads\/sites\/3\/2024\/04\/Prof.Dr_.-Roger-Glaeser-700x467.jpg\" alt=\"\" class=\"wp-image-7777\" style=\"aspect-ratio:1;object-fit:cover;width:295px;height:auto\" \/><\/a><\/figure>\n\n\n\n<p class=\"has-text-align-center\"><strong><strong>Roger Gl\u00e4ser<\/strong><\/strong><br>Vice Rector for Talent Development: Studies and Teaching at Leipzig University<\/p>\n<\/div>\n\n\n\n<div class=\"wp-block-column is-layout-flow wp-block-column-is-layout-flow\">\n<figure class=\"wp-block-image size-full is-resized is-style-rounded wp-duotone-unset-3\"><a href=\"https:\/\/festival.hfd.digital\/de\/speakerinnen-2024\/?id=a2e994d6-b743-464b-8406-ecbb15ad030c\"><img decoding=\"async\" src=\"https:\/\/festival.hfd.digital\/de\/wp-content\/uploads\/sites\/3\/2024\/04\/Kuch_Ulrike_2021.jpg\" alt=\"Foto von Ulrike Kuch\" class=\"wp-image-8320\" style=\"object-fit:cover;width:297px;height:auto\" \/><\/a><\/figure>\n\n\n\n<p class=\"has-text-align-center\"><strong>Ulrike Kuch<\/strong><br>Vice President for Social Transformation at the Bauhaus-Universit\u00e4t Weimar<\/p>\n\n\n\n<p class=\"has-text-align-center\"><strong> <\/strong><\/p>\n<\/div>\n<\/div>\n\n\n\n<div class=\"wp-block-columns is-layout-flex wp-container-core-columns-is-layout-9d6595d7 wp-block-columns-is-layout-flex\">\n<div class=\"wp-block-column is-style-rounded is-layout-flow wp-block-column-is-layout-flow\">\n<figure class=\"wp-block-image size-full is-resized is-style-rounded wp-duotone-unset-4\"><a href=\"https:\/\/festival.hfd.digital\/de\/speakerinnen-2024\/?id=5ac4abd1-1fd4-459b-8342-206f05257349\"><img decoding=\"async\" src=\"https:\/\/festival.hfd.digital\/de\/wp-content\/uploads\/sites\/3\/2024\/04\/Evelyn_Korn.jpg\" alt=\"\" class=\"wp-image-7781\" style=\"aspect-ratio:1;object-fit:cover;width:294px\" \/><\/a><\/figure>\n\n\n\n<p class=\"has-text-align-center\"><strong>Evelyn Korn<\/strong><br>Vice President for University Culture and Quality Development at the University of Marburg<\/p>\n<\/div>\n\n\n\n<div class=\"wp-block-column is-style-rounded is-layout-flow wp-block-column-is-layout-flow\">\n<figure class=\"wp-block-image size-full is-resized is-style-rounded wp-duotone-unset-5\"><a href=\"https:\/\/festival.hfd.digital\/de\/speakerinnen-2024\/?id=d9d31b8c-5753-430d-996a-8087c00c34d5\"><img decoding=\"async\" src=\"https:\/\/festival.hfd.digital\/de\/wp-content\/uploads\/sites\/3\/2024\/04\/csm_Middell_Matthias_479d331089.jpg\" alt=\"Foto Matthias Middel\" class=\"wp-image-7778\" style=\"aspect-ratio:1;object-fit:cover;width:294px\" \/><\/a><\/figure>\n\n\n\n<p class=\"has-text-align-center\"><strong>Matthias Middell<\/strong><br>Vice Rector for Campus Development, Cooperation and Internationalisation at Leipzig University<\/p>\n<\/div>\n\n\n\n<div class=\"wp-block-column is-layout-flow wp-block-column-is-layout-flow\">\n<figure class=\"wp-block-image size-full is-resized is-style-rounded wp-duotone-unset-6\"><a href=\"https:\/\/festival.hfd.digital\/de\/speakerinnen-2024\/?id=ad19e815-ca83-493c-aa21-f36a9c1424c7\"><img decoding=\"async\" src=\"https:\/\/festival.hfd.digital\/de\/wp-content\/uploads\/sites\/3\/2024\/04\/Portrait_Thorsten-Posselt_oeffentlich-scaled.jpg\" alt=\"Foto von Thorsten Posselt\" class=\"wp-image-7930\" style=\"object-fit:cover;width:297px;height:auto\" \/><\/a><\/figure>\n\n\n\n<p class=\"has-text-align-center\"><strong>Thorsten Posselt<\/strong><br>Director of the Fraunhofer Center for International Management and Knowledge Economy IMW<\/p>\n<\/div>\n<\/div>\n\n\n\n<div class=\"wp-block-columns is-layout-flex wp-container-core-columns-is-layout-9d6595d7 wp-block-columns-is-layout-flex\">\n<div class=\"wp-block-column is-layout-flow wp-block-column-is-layout-flow\">\n<figure class=\"wp-block-image size-full is-resized is-style-rounded wp-duotone-unset-7\"><a href=\"https:\/\/festival.hfd.digital\/de\/speakerinnen-2024\/?id=ad67087a-c7a1-491f-b097-644dc59fe2f8\"><img decoding=\"async\" src=\"https:\/\/festival.hfd.digital\/de\/wp-content\/uploads\/sites\/3\/2024\/04\/Dr.-Anja-Schulz.jpg\" alt=\"\" class=\"wp-image-7780\" style=\"aspect-ratio:1;object-fit:cover;width:294px\" \/><\/a><\/figure>\n\n\n\n<p class=\"has-text-align-center\"><strong>Anja Schulz<\/strong><br>Advisor for university didactics with a focus on digitality at the office of Hochschuldidaktik Sachsen in Leipzig<\/p>\n<\/div>\n\n\n\n<div class=\"wp-block-column is-layout-flow wp-block-column-is-layout-flow\">\n<figure class=\"wp-block-image size-full is-resized is-style-rounded wp-duotone-unset-8\"><a href=\"https:\/\/festival.hfd.digital\/de\/speakerinnen-2024\/?id=55e43f5f-f51f-4890-aa9a-5e8e44a43b4f\"><img decoding=\"async\" src=\"https:\/\/festival.hfd.digital\/de\/wp-content\/uploads\/sites\/3\/2024\/04\/Paul-Steinbrecher-UFF-Leipzig.png\" alt=\"\" class=\"wp-image-8495\" style=\"aspect-ratio:1;object-fit:cover;width:294px\" \/><\/a><\/figure>\n\n\n\n<p class=\"has-text-align-center\"><strong>Paul Steinbrecher<\/strong><br>Speaker of the Conference of Saxon Student Bodies<\/p>\n<\/div>\n\n\n\n<div class=\"wp-block-column is-layout-flow wp-block-column-is-layout-flow\">\n<figure class=\"wp-block-image size-full is-resized is-style-rounded wp-duotone-unset-9\"><a href=\"https:\/\/festival.hfd.digital\/de\/speakerinnen-2024\/?id=4c204108-357e-4f52-9a75-40a4f26d5ae5\"><img decoding=\"async\" src=\"https:\/\/festival.hfd.digital\/de\/wp-content\/uploads\/sites\/3\/2024\/04\/sebastian-zug-2.png\" alt=\"\" class=\"wp-image-8527\" style=\"aspect-ratio:1;object-fit:cover;width:294px\" \/><\/a><\/figure>\n\n\n\n<p class=\"has-text-align-center\"><strong>Sebastian Zug<\/strong><br>Professor of Software Technology and Robotics at the TU Bergakademie Freiberg<\/p>\n<\/div>\n<\/div>\n\n\n\n<p>At 09:00, <a href=\"https:\/\/festival.hfd.digital\/de\/speakerinnen-2024\/?id=0c28ff7c-9b89-47c6-9dd4-287549488137\">Sebastian Gemkow<\/a> and <a href=\"https:\/\/festival.hfd.digital\/de\/speakerinnen-2024\/?id=d9d31b8c-5753-430d-996a-8087c00c34d5\">Matthias Middell<\/a> will each open<strong> <\/strong>the festival day in Leipzig with a <strong>welcome address<\/strong>. <a href=\"https:\/\/festival.hfd.digital\/de\/speakerinnen-2024\/?id=ad19e815-ca83-493c-aa21-f36a9c1424c7\">Thorsten Posselt&#8217;s<\/a> <strong>keynote<\/strong> at 09:25 will focus on the innovation drivers of the future at universities. This will be followed by a one-hour <strong>discussion<\/strong> on challenges and transformations in higher education from 10:20 to 11:25, in which Thorsten Posselt himself, <a href=\"https:\/\/festival.hfd.digital\/de\/speakerinnen-2024\/?id=a2e994d6-b743-464b-8406-ecbb15ad030c\">Ulrike Kuch<\/a>, <a href=\"https:\/\/festival.hfd.digital\/de\/speakerinnen-2024\/?id=5ac4abd1-1fd4-459b-8342-206f05257349\">Evelyn Korn<\/a> and Matthias Middell will take part. From 13:45 to 14:50, you can look forward to a panel discussion on the topic of teaching of the future: strategies for sustainable higher education with <a href=\"https:\/\/festival.hfd.digital\/de\/speakerinnen-2024\/?id=ad67087a-c7a1-491f-b097-644dc59fe2f8\">Anja Schulz<\/a>, <a href=\"https:\/\/festival.hfd.digital\/de\/speakerinnen-2024\/?id=60268f7e-e293-4795-8b11-7e4ab3129461\">Roger Gl\u00e4ser<\/a>, <a href=\"https:\/\/festival.hfd.digital\/de\/speakerinnen-2024\/?id=55e43f5f-f51f-4890-aa9a-5e8e44a43b4f\">Paul Steinbrecher<\/a> and <a href=\"https:\/\/festival.hfd.digital\/de\/speakerinnen-2024\/?id=4c204108-357e-4f52-9a75-40a4f26d5ae5\">Sebastian Zug<\/a>. <br><br>Parallel to the stage programme of the Leipzig partner stage, a local <strong>meetup<\/strong> will take place from 11:40 to 12:40. Under the motto \u201c<strong>From Bias to Balance: KI in der Bildung von morgen<\/strong>\u201d, you are invited to discuss the interfaces and challenges of artificial intelligence (AI) and diversity in education. <br><br>The World Caf\u00e9 format will address key issues relating to <strong>bias<\/strong>, <strong>accessibility<\/strong>, <strong>diversity<\/strong> in development and <strong>ethical governance <\/strong>of AI systems. The aim is to jointly develop ideas and solutions on how AI and diversity can be considered together in higher education. The <strong>Meetup<\/strong> is aimed at anyone who would like to add a gender- and diversity-sensitive perspective to their thoughts on AI in higher education and talk to various experts. In the World Caf\u00e9, you can talk to the <strong>following experts<\/strong> at four themed tables:<br><br>&#8211; Bias in AI algorithms with <strong>Claudia Loitsch<\/strong> (<a href=\"https:\/\/tu-dresden.de\/zih\/die-einrichtung\/struktur\/dr-claudia-loitsch\" target=\"_blank\" rel=\"noreferrer noopener\">TU Dresden<\/a>, <a href=\"https:\/\/scads.ai\/scads-ai-team\/scads-ai-professorships\/\" target=\"_blank\" rel=\"noreferrer noopener\">SCADS.AI<\/a>)<br>&#8211; AI &amp; Accessibility: with <strong>Stefanie Dreiack<\/strong> &amp; <strong>Casey Kreer<\/strong> (<a href=\"https:\/\/conesible.de\/\" target=\"_blank\" rel=\"noreferrer noopener\">conesible<\/a>)<br>&#8211; Diversity in AI development with<strong> Sarah Drechsel <\/strong>(<a href=\"https:\/\/tu-dresden.de\/gsw\/ew\/forschung\/nfg-fioko\" target=\"_blank\" rel=\"noreferrer noopener\">TU Dresden<\/a>) &amp; <strong>Diana Hillebrand-Ludin<\/strong> (<a href=\"https:\/\/www.kc-sachsen.de\/teammitglied\/diana-hillebrand-ludin\" target=\"_blank\" rel=\"noreferrer noopener\">KCS<\/a>)<br>&#8211; Ethics and governance of AI with <strong>Erik Buschmann<\/strong> (<a href=\"https:\/\/dps.informatik.uni-leipzig.de\/\" target=\"_blank\" rel=\"noreferrer noopener\">Leipzig University<\/a>,<a href=\"https:\/\/scads.ai\/scads-ai-team\/scads-ai-professorships\/\" target=\"_blank\" rel=\"noreferrer noopener\"> SCADS.AI<\/a>)<\/p>\n\n\n\n<p>You can find the <strong>complete stage programme<\/strong> of the Leipzig-Stage in our programme overview.<\/p>\n\n\n\n<div class=\"wp-block-buttons is-layout-flex wp-block-buttons-is-layout-flex\">\n<div class=\"wp-block-button has-custom-font-size has-medium-font-size\"><a class=\"wp-block-button__link wp-element-button\" href=\"https:\/\/festival.hfd.digital\/en\/programme-05-06-2024\/\" target=\"_blank\" rel=\"noreferrer noopener\">To the programme overview<\/a><\/div>\n<\/div>\n\n\n\n<h4 class=\"wp-block-heading\">Evening event<\/h4>\n\n\n\n<p>From <strong>17:00<\/strong>, we would like to round off the day of the event <strong>with drinks<\/strong> in a relaxed atmosphere. The evening event offers all participants at our partner stage a personal setting for exchange and networking on site. The evening event will take place at Caf\u00e9 Kritzel in the HGB, W\u00e4chterstra\u00dfe 11, 04107 Leipzig. Please <strong>register separately<\/strong> to attend the evening event<\/p>\n\n\n\n<p><\/p>\n\n\n\n<h2 class=\"wp-block-heading\" id=\"on-demand\">On demand<\/h2>\n\n\n\n<p>You can find videos of the Leipzig-Stage on the YouTube channel of the Hochschulforum Digitalisierung.<\/p>\n\n\n\n<div class=\"wp-block-buttons has-custom-font-size has-medium-font-size is-layout-flex wp-block-buttons-is-layout-flex\">\n<div class=\"wp-block-button\"><a class=\"wp-block-button__link wp-element-button\" href=\"https:\/\/www.youtube.com\/playlist?list=PLDE3NyZgHoK6bSZha9vqvGnAM2Lf_8lst\">To the playlist<\/a><\/div>\n<\/div>\n","protected":false},"excerpt":{"rendered":"On June 05, the partner stage at the University:Future Festival 2024 in Leipzig was dedicated to the festival track \u201cStructures and Strategies\u201d. It was organised by the University of Leipzig. The programme was held in German. Key dates: The stage programme begins on June 5 at 09:00 and ends at 17:00. Following the day programme,&#8230; <a class=\"view-article\" href=\"https:\/\/festival.hfd.digital\/en\/physical-stage-leipzig-2024\/\">View Article<\/a>","protected":false},"author":3,"featured_media":0,"parent":0,"menu_order":0,"comment_status":"closed","ping_status":"closed","template":"","meta":{"_acf_changed":false,"inline_featured_image":false,"footnotes":""},"class_list":["post-3577","page","type-page","status-publish","hentry"],"acf":[],"yoast_head":"<!-- This site is optimized with the Yoast SEO plugin v27.3 - https:\/\/yoast.com\/product\/yoast-seo-wordpress\/ -->\n<title>Leipzig-Stage | University:Future Festival 2024 (English)<\/title>\n<meta name=\"description\" content=\"On June 05, University of Leipzig hosted a partner stage of the U:FF 2024 in Leipzig.\" \/>\n<meta name=\"robots\" content=\"index, follow, max-snippet:-1, max-image-preview:large, max-video-preview:-1\" \/>\n<link rel=\"canonical\" href=\"https:\/\/festival.hfd.digital\/en\/physical-stage-leipzig-2024\/\" \/>\n<meta property=\"og:locale\" content=\"en_US\" \/>\n<meta property=\"og:type\" content=\"article\" \/>\n<meta property=\"og:title\" content=\"Leipzig-Stage | University:Future Festival 2024 (English)\" \/>\n<meta property=\"og:description\" content=\"On June 05, University of Leipzig is hosting a partner stage of the U:FF 2024 in Leipzig. Information and free tickets here.\" \/>\n<meta property=\"og:url\" content=\"https:\/\/festival.hfd.digital\/en\/physical-stage-leipzig-2024\/\" \/>\n<meta property=\"og:site_name\" content=\"University Future:Festival 2025 English Version\" \/>\n<meta property=\"article:modified_time\" content=\"2024-07-01T13:42:25+00:00\" \/>\n<meta property=\"og:image\" content=\"https:\/\/festival.hfd.digital\/en\/wp-content\/uploads\/sites\/2\/2024\/04\/Partnerbuhne-UniversityFutureFestival-2024-Leipzig-EN-700x394.png\" \/>\n\t<meta property=\"og:image:width\" content=\"700\" \/>\n\t<meta property=\"og:image:height\" content=\"394\" \/>\n\t<meta property=\"og:image:type\" content=\"image\/png\" \/>\n<meta name=\"twitter:card\" content=\"summary_large_image\" \/>\n<meta name=\"twitter:label1\" content=\"Est. reading time\" \/>\n\t<meta name=\"twitter:data1\" content=\"5 minutes\" \/>\n<script type=\"application\/ld+json\" class=\"yoast-schema-graph\">{\"@context\":\"https:\\\/\\\/schema.org\",\"@graph\":[{\"@type\":\"WebPage\",\"@id\":\"https:\\\/\\\/festival.hfd.digital\\\/en\\\/physical-stage-leipzig-2024\\\/\",\"url\":\"https:\\\/\\\/festival.hfd.digital\\\/en\\\/physical-stage-leipzig-2024\\\/\",\"name\":\"Leipzig-Stage | University:Future Festival 2024 (English)\",\"isPartOf\":{\"@id\":\"https:\\\/\\\/festival.hfd.digital\\\/en\\\/#website\"},\"primaryImageOfPage\":{\"@id\":\"https:\\\/\\\/festival.hfd.digital\\\/en\\\/physical-stage-leipzig-2024\\\/#primaryimage\"},\"image\":{\"@id\":\"https:\\\/\\\/festival.hfd.digital\\\/en\\\/physical-stage-leipzig-2024\\\/#primaryimage\"},\"thumbnailUrl\":\"https:\\\/\\\/festival.hfd.digital\\\/en\\\/wp-content\\\/uploads\\\/sites\\\/2\\\/2024\\\/04\\\/Partnerbuhne-UniversityFutureFestival-2024-Leipzig-EN-700x394.png\",\"datePublished\":\"2024-04-25T08:01:53+00:00\",\"dateModified\":\"2024-07-01T13:42:25+00:00\",\"description\":\"On June 05, University of Leipzig hosted a partner stage of the U:FF 2024 in Leipzig.\",\"inLanguage\":\"en-US\",\"potentialAction\":[{\"@type\":\"ReadAction\",\"target\":[\"https:\\\/\\\/festival.hfd.digital\\\/en\\\/physical-stage-leipzig-2024\\\/\"]}]},{\"@type\":\"ImageObject\",\"inLanguage\":\"en-US\",\"@id\":\"https:\\\/\\\/festival.hfd.digital\\\/en\\\/physical-stage-leipzig-2024\\\/#primaryimage\",\"url\":\"https:\\\/\\\/festival.hfd.digital\\\/en\\\/wp-content\\\/uploads\\\/sites\\\/2\\\/2024\\\/04\\\/Partnerbuhne-UniversityFutureFestival-2024-Leipzig-EN.png\",\"contentUrl\":\"https:\\\/\\\/festival.hfd.digital\\\/en\\\/wp-content\\\/uploads\\\/sites\\\/2\\\/2024\\\/04\\\/Partnerbuhne-UniversityFutureFestival-2024-Leipzig-EN.png\",\"width\":1920,\"height\":1080},{\"@type\":\"WebSite\",\"@id\":\"https:\\\/\\\/festival.hfd.digital\\\/en\\\/#website\",\"url\":\"https:\\\/\\\/festival.hfd.digital\\\/en\\\/\",\"name\":\"University Future:Festival 2025 English Version\",\"description\":\"\",\"potentialAction\":[{\"@type\":\"SearchAction\",\"target\":{\"@type\":\"EntryPoint\",\"urlTemplate\":\"https:\\\/\\\/festival.hfd.digital\\\/en\\\/?s={search_term_string}\"},\"query-input\":{\"@type\":\"PropertyValueSpecification\",\"valueRequired\":true,\"valueName\":\"search_term_string\"}}],\"inLanguage\":\"en-US\"}]}<\/script>\n<!-- \/ Yoast SEO plugin. -->","yoast_head_json":{"title":"Leipzig-Stage | University:Future Festival 2024 (English)","description":"On June 05, University of Leipzig hosted a partner stage of the U:FF 2024 in Leipzig.","robots":{"index":"index","follow":"follow","max-snippet":"max-snippet:-1","max-image-preview":"max-image-preview:large","max-video-preview":"max-video-preview:-1"},"canonical":"https:\/\/festival.hfd.digital\/en\/physical-stage-leipzig-2024\/","og_locale":"en_US","og_type":"article","og_title":"Leipzig-Stage | University:Future Festival 2024 (English)","og_description":"On June 05, University of Leipzig is hosting a partner stage of the U:FF 2024 in Leipzig. Information and free tickets here.","og_url":"https:\/\/festival.hfd.digital\/en\/physical-stage-leipzig-2024\/","og_site_name":"University Future:Festival 2025 English Version","article_modified_time":"2024-07-01T13:42:25+00:00","og_image":[{"width":700,"height":394,"url":"https:\/\/festival.hfd.digital\/en\/wp-content\/uploads\/sites\/2\/2024\/04\/Partnerbuhne-UniversityFutureFestival-2024-Leipzig-EN-700x394.png","type":"image\/png"}],"twitter_card":"summary_large_image","twitter_misc":{"Est. reading time":"5 minutes"},"schema":{"@context":"https:\/\/schema.org","@graph":[{"@type":"WebPage","@id":"https:\/\/festival.hfd.digital\/en\/physical-stage-leipzig-2024\/","url":"https:\/\/festival.hfd.digital\/en\/physical-stage-leipzig-2024\/","name":"Leipzig-Stage | University:Future Festival 2024 (English)","isPartOf":{"@id":"https:\/\/festival.hfd.digital\/en\/#website"},"primaryImageOfPage":{"@id":"https:\/\/festival.hfd.digital\/en\/physical-stage-leipzig-2024\/#primaryimage"},"image":{"@id":"https:\/\/festival.hfd.digital\/en\/physical-stage-leipzig-2024\/#primaryimage"},"thumbnailUrl":"https:\/\/festival.hfd.digital\/en\/wp-content\/uploads\/sites\/2\/2024\/04\/Partnerbuhne-UniversityFutureFestival-2024-Leipzig-EN-700x394.png","datePublished":"2024-04-25T08:01:53+00:00","dateModified":"2024-07-01T13:42:25+00:00","description":"On June 05, University of Leipzig hosted a partner stage of the U:FF 2024 in Leipzig.","inLanguage":"en-US","potentialAction":[{"@type":"ReadAction","target":["https:\/\/festival.hfd.digital\/en\/physical-stage-leipzig-2024\/"]}]},{"@type":"ImageObject","inLanguage":"en-US","@id":"https:\/\/festival.hfd.digital\/en\/physical-stage-leipzig-2024\/#primaryimage","url":"https:\/\/festival.hfd.digital\/en\/wp-content\/uploads\/sites\/2\/2024\/04\/Partnerbuhne-UniversityFutureFestival-2024-Leipzig-EN.png","contentUrl":"https:\/\/festival.hfd.digital\/en\/wp-content\/uploads\/sites\/2\/2024\/04\/Partnerbuhne-UniversityFutureFestival-2024-Leipzig-EN.png","width":1920,"height":1080},{"@type":"WebSite","@id":"https:\/\/festival.hfd.digital\/en\/#website","url":"https:\/\/festival.hfd.digital\/en\/","name":"University Future:Festival 2025 English Version","description":"","potentialAction":[{"@type":"SearchAction","target":{"@type":"EntryPoint","urlTemplate":"https:\/\/festival.hfd.digital\/en\/?s={search_term_string}"},"query-input":{"@type":"PropertyValueSpecification","valueRequired":true,"valueName":"search_term_string"}}],"inLanguage":"en-US"}]}},"_links":{"self":[{"href":"https:\/\/festival.hfd.digital\/en\/wp-json\/wp\/v2\/pages\/3577","targetHints":{"allow":["GET"]}}],"collection":[{"href":"https:\/\/festival.hfd.digital\/en\/wp-json\/wp\/v2\/pages"}],"about":[{"href":"https:\/\/festival.hfd.digital\/en\/wp-json\/wp\/v2\/types\/page"}],"author":[{"embeddable":true,"href":"https:\/\/festival.hfd.digital\/en\/wp-json\/wp\/v2\/users\/3"}],"replies":[{"embeddable":true,"href":"https:\/\/festival.hfd.digital\/en\/wp-json\/wp\/v2\/comments?post=3577"}],"version-history":[{"count":20,"href":"https:\/\/festival.hfd.digital\/en\/wp-json\/wp\/v2\/pages\/3577\/revisions"}],"predecessor-version":[{"id":3918,"href":"https:\/\/festival.hfd.digital\/en\/wp-json\/wp\/v2\/pages\/3577\/revisions\/3918"}],"wp:attachment":[{"href":"https:\/\/festival.hfd.digital\/en\/wp-json\/wp\/v2\/media?parent=3577"}],"curies":[{"name":"wp","href":"https:\/\/api.w.org\/{rel}","templated":true}]}}