{"id":3115,"date":"2023-11-23T09:26:38","date_gmt":"2023-11-23T09:26:38","guid":{"rendered":"https:\/\/festival.hfd.digital\/en\/?page_id=3115"},"modified":"2024-07-01T13:14:39","modified_gmt":"2024-07-01T13:14:39","slug":"partner-stages-2024","status":"publish","type":"page","link":"https:\/\/festival.hfd.digital\/en\/partner-stages-2024\/","title":{"rendered":"Our partner stages 2024"},"content":{"rendered":"\n<h5 class=\"wp-block-heading\">The University:Future Festival (U:FF) in 2024 took place in multiple cities: Berlin, Bochum, Heilbronn, Leipzig, and N\u00fcrnberg.<\/h5>\n\n\n\n<p>The University:Future Festival 2024 was a three-day hybrid event. The festival, in collaboration with <a href=\"https:\/\/festival.hfd.digital\/en\/partner-2024\/\">partners<\/a>, created five locations where participants came together and exchanged ideas. At the same time, U:FF remained digital-first, with the majority of participants joining online, as that&#8217;s where they could experience the entire programme. The theme of U:FF in 2024 was &#8220;Tales of Tomorrow&#8221;. It was organized by the Hochschulforum Digitalisierung and the Stiftung Innovation in der Hochschullehre with support by the Stifterverband.<\/p>\n\n\n\n<p><\/p>\n\n\n<div class=\"wp-block-image\">\n<figure class=\"aligncenter size-large\"><img loading=\"lazy\" decoding=\"async\" width=\"700\" height=\"394\" src=\"https:\/\/festival.hfd.digital\/en\/wp-content\/uploads\/sites\/2\/2024\/04\/Partnerbuhnen-Generelle-Meldung-mit-Berlin-EN-700x394.png\" alt=\"\" class=\"wp-image-3655\" srcset=\"https:\/\/festival.hfd.digital\/en\/wp-content\/uploads\/sites\/2\/2024\/04\/Partnerbuhnen-Generelle-Meldung-mit-Berlin-EN-700x394.png 700w, https:\/\/festival.hfd.digital\/en\/wp-content\/uploads\/sites\/2\/2024\/04\/Partnerbuhnen-Generelle-Meldung-mit-Berlin-EN-250x141.png 250w, https:\/\/festival.hfd.digital\/en\/wp-content\/uploads\/sites\/2\/2024\/04\/Partnerbuhnen-Generelle-Meldung-mit-Berlin-EN-768x432.png 768w, https:\/\/festival.hfd.digital\/en\/wp-content\/uploads\/sites\/2\/2024\/04\/Partnerbuhnen-Generelle-Meldung-mit-Berlin-EN-1536x864.png 1536w, https:\/\/festival.hfd.digital\/en\/wp-content\/uploads\/sites\/2\/2024\/04\/Partnerbuhnen-Generelle-Meldung-mit-Berlin-EN-120x68.png 120w, https:\/\/festival.hfd.digital\/en\/wp-content\/uploads\/sites\/2\/2024\/04\/Partnerbuhnen-Generelle-Meldung-mit-Berlin-EN.png 1920w\" sizes=\"auto, (max-width: 700px) 100vw, 700px\" \/><\/figure>\n<\/div>\n\n\n<p><\/p>\n\n\n\n<p>All of our stages featured outstanding speakers, networking opportunities, and special local offerings.<\/p>\n\n\n\n<p>In <strong>Berlin<\/strong>, we presented the main stage of the festival on June 5th and 6th. Our visitors could expect national and international experts as well as contributions from our community. <strong>Location<\/strong>: Festsaal Kreuzberg, Am Flutgraben 2, 12435 Berlin.<\/p>\n\n\n\n<p><\/p>\n\n\n\n<div class=\"wp-block-buttons is-layout-flex wp-block-buttons-is-layout-flex\">\n<div class=\"wp-block-button has-custom-font-size has-medium-font-size\"><a class=\"wp-block-button__link wp-element-button\" href=\"https:\/\/festival.hfd.digital\/en\/physical-stage-berlin-2024\/\">Mainstage-Event<\/a><\/div>\n<\/div>\n\n\n\n<p><\/p>\n\n\n\n<p>Our partner, <a href=\"https:\/\/www.orca.nrw\/\">ORCA.nrw<\/a> in <strong>Bochum<\/strong>, opened its doors on June 6th, focusing on networking topics in higher education and participation opportunities at universities. <strong>Location<\/strong>: Alte Lohnhalle Wattenscheid, Technologie- und Gr\u00fcnderzentrum, Lyrenstr. 13, 44866 Bochum.<\/p>\n\n\n\n<p><\/p>\n\n\n\n<div class=\"wp-block-buttons is-layout-flex wp-block-buttons-is-layout-flex\">\n<div class=\"wp-block-button has-custom-font-size has-medium-font-size\"><a class=\"wp-block-button__link wp-element-button\" href=\"https:\/\/festival.hfd.digital\/en\/physical-stage-bochum-2024\/\">ORCA.nrw-Stage<\/a><\/div>\n<\/div>\n\n\n\n<p><\/p>\n\n\n\n<p>In <strong>Heilbronn<\/strong>, the <a href=\"https:\/\/ki-campus.org\/front?locale=en\">AI Campus<\/a>, the learning platform for Artificial Intelligence, organised a stage on June 6th. Everything there revolved around Artificial Intelligence in academic education.<strong> Location<\/strong>: Maschinenfabrik Heilbronn, Olgastr. 45, 74072 Heilbronn.<\/p>\n\n\n\n<p><\/p>\n\n\n\n<div class=\"wp-block-buttons is-layout-flex wp-block-buttons-is-layout-flex\">\n<div class=\"wp-block-button has-custom-font-size has-medium-font-size\"><a class=\"wp-block-button__link wp-element-button\" href=\"https:\/\/festival.hfd.digital\/en\/physical-stage-heilbronn-2024\/\">KI-Campus-Stage<\/a><\/div>\n<\/div>\n\n\n\n<p><\/p>\n\n\n\n<p>On June 5th, the <a href=\"https:\/\/www.uni-leipzig.de\/en\">U<\/a><a href=\"https:\/\/www.uni-leipzig.de\/\">niversity of <strong>Leipzig<\/strong><\/a> invited our guests to a forum on the strategic handling of global transformations by universities and the underlying value systems. <strong>Location<\/strong>: Universit\u00e4tsbibliothek Leipzig Bibliotheca Albertina, Beethovenstr. 6, 04107 Leipzig.<\/p>\n\n\n\n<p><\/p>\n\n\n\n<div class=\"wp-block-buttons is-layout-flex wp-block-buttons-is-layout-flex\">\n<div class=\"wp-block-button has-custom-font-size has-medium-font-size\"><a class=\"wp-block-button__link wp-element-button\" href=\"https:\/\/festival.hfd.digital\/en\/physical-stage-leipzig-2024\/\">Leipzig-Stage<\/a><\/div>\n<\/div>\n\n\n\n<p><\/p>\n\n\n\n<p>In <strong>N\u00fcrnberg<\/strong>, <a href=\"https:\/\/www.utn.de\/en\/\">University of Technology Nuremberg<\/a> and <a href=\"https:\/\/www.th-nuernberg.de\/en\/\">Nuremberg Institute of Technology<\/a> were jointly hosting a partner stage on June 5th. The stage offered an exclusive insight into innovative teaching and learning approaches and presented some of the latest research results. <strong>Location<\/strong>: LEONARDO Zentrum f\u00fcr Kreativit\u00e4t und Innovation, Karl-Grillenberger Str. 3A, 90402 N\u00fcrnberg.<\/p>\n\n\n\n<p><\/p>\n\n\n\n<div class=\"wp-block-buttons is-layout-flex wp-block-buttons-is-layout-flex\">\n<div class=\"wp-block-button has-custom-font-size has-medium-font-size\"><a class=\"wp-block-button__link wp-element-button\" href=\"https:\/\/festival.hfd.digital\/en\/physical-stage-nuremberg-2024\/\">Shifting-Stage<\/a><\/div>\n<\/div>\n\n\n\n<p><\/p>\n","protected":false},"excerpt":{"rendered":"The University:Future Festival (U:FF) in 2024 took place in multiple cities: Berlin, Bochum, Heilbronn, Leipzig, and N\u00fcrnberg. The University:Future Festival 2024 was a three-day hybrid event. The festival, in collaboration with partners, created five locations where participants came together and exchanged ideas. At the same time, U:FF remained digital-first, with the majority of participants joining&#8230; <a class=\"view-article\" href=\"https:\/\/festival.hfd.digital\/en\/partner-stages-2024\/\">View Article<\/a>","protected":false},"author":3,"featured_media":0,"parent":0,"menu_order":0,"comment_status":"closed","ping_status":"closed","template":"","meta":{"_acf_changed":false,"inline_featured_image":false,"footnotes":""},"class_list":["post-3115","page","type-page","status-publish","hentry"],"acf":[],"yoast_head":"<!-- This site is optimized with the Yoast SEO plugin v27.3 - https:\/\/yoast.com\/product\/yoast-seo-wordpress\/ -->\n<title>Our partner stages 2024 | University:Future Festival 2024 (English)<\/title>\n<meta name=\"description\" content=\"The University:Future Festival (U:FF) in 2024 took place in multiple cities: Berlin, Bochum, Heilbronn, Leipzig, and N\u00fcrnberg.\" \/>\n<meta name=\"robots\" content=\"index, follow, max-snippet:-1, max-image-preview:large, max-video-preview:-1\" \/>\n<link rel=\"canonical\" href=\"https:\/\/festival.hfd.digital\/en\/partner-stages-2024\/\" \/>\n<meta property=\"og:locale\" content=\"en_US\" \/>\n<meta property=\"og:type\" content=\"article\" \/>\n<meta property=\"og:title\" content=\"Partner stages\" \/>\n<meta property=\"og:description\" content=\"The University:Future Festival (U:FF) in 2024 will take place in multiple cities: Berlin, Bochum, Heilbronn, Leipzig, and N\u00fcrnberg.\" \/>\n<meta property=\"og:url\" content=\"https:\/\/festival.hfd.digital\/en\/partner-stages-2024\/\" \/>\n<meta property=\"og:site_name\" content=\"University Future:Festival 2025 English Version\" \/>\n<meta property=\"article:modified_time\" content=\"2024-07-01T13:14:39+00:00\" \/>\n<meta property=\"og:image\" content=\"https:\/\/festival.hfd.digital\/en\/wp-content\/uploads\/sites\/2\/2023\/09\/Allgemein-2-Information-EN.png\" \/>\n\t<meta property=\"og:image:width\" content=\"1200\" \/>\n\t<meta property=\"og:image:height\" content=\"1200\" \/>\n\t<meta property=\"og:image:type\" content=\"image\/png\" \/>\n<meta name=\"twitter:card\" content=\"summary_large_image\" \/>\n<meta name=\"twitter:title\" content=\"Partner stages\" \/>\n<meta name=\"twitter:description\" content=\"The University:Future Festival (U:FF) in 2024 will take place in multiple cities: Berlin, Bochum, Heilbronn, Leipzig, and N\u00fcrnberg.\" \/>\n<meta name=\"twitter:image\" content=\"https:\/\/festival.hfd.digital\/en\/wp-content\/uploads\/sites\/2\/2023\/09\/Allgemein-1-Infos-EN.png\" \/>\n<meta name=\"twitter:label1\" content=\"Est. reading time\" \/>\n\t<meta name=\"twitter:data1\" content=\"2 minutes\" \/>\n<script type=\"application\/ld+json\" class=\"yoast-schema-graph\">{\"@context\":\"https:\\\/\\\/schema.org\",\"@graph\":[{\"@type\":\"WebPage\",\"@id\":\"https:\\\/\\\/festival.hfd.digital\\\/en\\\/partner-stages-2024\\\/\",\"url\":\"https:\\\/\\\/festival.hfd.digital\\\/en\\\/partner-stages-2024\\\/\",\"name\":\"Our partner stages 2024 | University:Future Festival 2024 (English)\",\"isPartOf\":{\"@id\":\"https:\\\/\\\/festival.hfd.digital\\\/en\\\/#website\"},\"primaryImageOfPage\":{\"@id\":\"https:\\\/\\\/festival.hfd.digital\\\/en\\\/partner-stages-2024\\\/#primaryimage\"},\"image\":{\"@id\":\"https:\\\/\\\/festival.hfd.digital\\\/en\\\/partner-stages-2024\\\/#primaryimage\"},\"thumbnailUrl\":\"https:\\\/\\\/festival.hfd.digital\\\/en\\\/wp-content\\\/uploads\\\/sites\\\/2\\\/2024\\\/04\\\/Partnerbuhnen-Generelle-Meldung-mit-Berlin-EN-700x394.png\",\"datePublished\":\"2023-11-23T09:26:38+00:00\",\"dateModified\":\"2024-07-01T13:14:39+00:00\",\"description\":\"The University:Future Festival (U:FF) in 2024 took place in multiple cities: Berlin, Bochum, Heilbronn, Leipzig, and N\u00fcrnberg.\",\"inLanguage\":\"en-US\",\"potentialAction\":[{\"@type\":\"ReadAction\",\"target\":[\"https:\\\/\\\/festival.hfd.digital\\\/en\\\/partner-stages-2024\\\/\"]}]},{\"@type\":\"ImageObject\",\"inLanguage\":\"en-US\",\"@id\":\"https:\\\/\\\/festival.hfd.digital\\\/en\\\/partner-stages-2024\\\/#primaryimage\",\"url\":\"https:\\\/\\\/festival.hfd.digital\\\/en\\\/wp-content\\\/uploads\\\/sites\\\/2\\\/2024\\\/04\\\/Partnerbuhnen-Generelle-Meldung-mit-Berlin-EN.png\",\"contentUrl\":\"https:\\\/\\\/festival.hfd.digital\\\/en\\\/wp-content\\\/uploads\\\/sites\\\/2\\\/2024\\\/04\\\/Partnerbuhnen-Generelle-Meldung-mit-Berlin-EN.png\",\"width\":1920,\"height\":1080},{\"@type\":\"WebSite\",\"@id\":\"https:\\\/\\\/festival.hfd.digital\\\/en\\\/#website\",\"url\":\"https:\\\/\\\/festival.hfd.digital\\\/en\\\/\",\"name\":\"University Future:Festival 2025 English Version\",\"description\":\"\",\"potentialAction\":[{\"@type\":\"SearchAction\",\"target\":{\"@type\":\"EntryPoint\",\"urlTemplate\":\"https:\\\/\\\/festival.hfd.digital\\\/en\\\/?s={search_term_string}\"},\"query-input\":{\"@type\":\"PropertyValueSpecification\",\"valueRequired\":true,\"valueName\":\"search_term_string\"}}],\"inLanguage\":\"en-US\"}]}<\/script>\n<!-- \/ Yoast SEO plugin. -->","yoast_head_json":{"title":"Our partner stages 2024 | University:Future Festival 2024 (English)","description":"The University:Future Festival (U:FF) in 2024 took place in multiple cities: Berlin, Bochum, Heilbronn, Leipzig, and N\u00fcrnberg.","robots":{"index":"index","follow":"follow","max-snippet":"max-snippet:-1","max-image-preview":"max-image-preview:large","max-video-preview":"max-video-preview:-1"},"canonical":"https:\/\/festival.hfd.digital\/en\/partner-stages-2024\/","og_locale":"en_US","og_type":"article","og_title":"Partner stages","og_description":"The University:Future Festival (U:FF) in 2024 will take place in multiple cities: Berlin, Bochum, Heilbronn, Leipzig, and N\u00fcrnberg.","og_url":"https:\/\/festival.hfd.digital\/en\/partner-stages-2024\/","og_site_name":"University Future:Festival 2025 English Version","article_modified_time":"2024-07-01T13:14:39+00:00","og_image":[{"width":1200,"height":1200,"url":"https:\/\/festival.hfd.digital\/en\/wp-content\/uploads\/sites\/2\/2023\/09\/Allgemein-2-Information-EN.png","type":"image\/png"}],"twitter_card":"summary_large_image","twitter_title":"Partner stages","twitter_description":"The University:Future Festival (U:FF) in 2024 will take place in multiple cities: Berlin, Bochum, Heilbronn, Leipzig, and N\u00fcrnberg.","twitter_image":"https:\/\/festival.hfd.digital\/en\/wp-content\/uploads\/sites\/2\/2023\/09\/Allgemein-1-Infos-EN.png","twitter_misc":{"Est. reading time":"2 minutes"},"schema":{"@context":"https:\/\/schema.org","@graph":[{"@type":"WebPage","@id":"https:\/\/festival.hfd.digital\/en\/partner-stages-2024\/","url":"https:\/\/festival.hfd.digital\/en\/partner-stages-2024\/","name":"Our partner stages 2024 | University:Future Festival 2024 (English)","isPartOf":{"@id":"https:\/\/festival.hfd.digital\/en\/#website"},"primaryImageOfPage":{"@id":"https:\/\/festival.hfd.digital\/en\/partner-stages-2024\/#primaryimage"},"image":{"@id":"https:\/\/festival.hfd.digital\/en\/partner-stages-2024\/#primaryimage"},"thumbnailUrl":"https:\/\/festival.hfd.digital\/en\/wp-content\/uploads\/sites\/2\/2024\/04\/Partnerbuhnen-Generelle-Meldung-mit-Berlin-EN-700x394.png","datePublished":"2023-11-23T09:26:38+00:00","dateModified":"2024-07-01T13:14:39+00:00","description":"The University:Future Festival (U:FF) in 2024 took place in multiple cities: Berlin, Bochum, Heilbronn, Leipzig, and N\u00fcrnberg.","inLanguage":"en-US","potentialAction":[{"@type":"ReadAction","target":["https:\/\/festival.hfd.digital\/en\/partner-stages-2024\/"]}]},{"@type":"ImageObject","inLanguage":"en-US","@id":"https:\/\/festival.hfd.digital\/en\/partner-stages-2024\/#primaryimage","url":"https:\/\/festival.hfd.digital\/en\/wp-content\/uploads\/sites\/2\/2024\/04\/Partnerbuhnen-Generelle-Meldung-mit-Berlin-EN.png","contentUrl":"https:\/\/festival.hfd.digital\/en\/wp-content\/uploads\/sites\/2\/2024\/04\/Partnerbuhnen-Generelle-Meldung-mit-Berlin-EN.png","width":1920,"height":1080},{"@type":"WebSite","@id":"https:\/\/festival.hfd.digital\/en\/#website","url":"https:\/\/festival.hfd.digital\/en\/","name":"University Future:Festival 2025 English Version","description":"","potentialAction":[{"@type":"SearchAction","target":{"@type":"EntryPoint","urlTemplate":"https:\/\/festival.hfd.digital\/en\/?s={search_term_string}"},"query-input":{"@type":"PropertyValueSpecification","valueRequired":true,"valueName":"search_term_string"}}],"inLanguage":"en-US"}]}},"_links":{"self":[{"href":"https:\/\/festival.hfd.digital\/en\/wp-json\/wp\/v2\/pages\/3115","targetHints":{"allow":["GET"]}}],"collection":[{"href":"https:\/\/festival.hfd.digital\/en\/wp-json\/wp\/v2\/pages"}],"about":[{"href":"https:\/\/festival.hfd.digital\/en\/wp-json\/wp\/v2\/types\/page"}],"author":[{"embeddable":true,"href":"https:\/\/festival.hfd.digital\/en\/wp-json\/wp\/v2\/users\/3"}],"replies":[{"embeddable":true,"href":"https:\/\/festival.hfd.digital\/en\/wp-json\/wp\/v2\/comments?post=3115"}],"version-history":[{"count":19,"href":"https:\/\/festival.hfd.digital\/en\/wp-json\/wp\/v2\/pages\/3115\/revisions"}],"predecessor-version":[{"id":3909,"href":"https:\/\/festival.hfd.digital\/en\/wp-json\/wp\/v2\/pages\/3115\/revisions\/3909"}],"wp:attachment":[{"href":"https:\/\/festival.hfd.digital\/en\/wp-json\/wp\/v2\/media?parent=3115"}],"curies":[{"name":"wp","href":"https:\/\/api.w.org\/{rel}","templated":true}]}}