{"id":15,"date":"2020-06-05T10:21:21","date_gmt":"2020-06-05T10:21:21","guid":{"rendered":"https:\/\/festival.hfd.digital\/en\/?page_id=15"},"modified":"2025-03-27T16:42:25","modified_gmt":"2025-03-27T16:42:25","slug":"imprint","status":"publish","type":"page","link":"https:\/\/festival.hfd.digital\/en\/imprint\/","title":{"rendered":"Imprint"},"content":{"rendered":"\n<h2 class=\"wp-block-heading\">Anschrift<\/h2>\n\n\n\n<h3 class=\"wp-block-heading\">Angaben nach \u00a7 5 TMG<\/h3>\n\n\n\n<p>Stifterverband f\u00fcr die Deutsche Wissenschaft e.V.<br>Barkhovenallee 1<br>45239 Essen<br>Telefon: (0201) 84 01-0<br>Telefax: (0201) 84 01-301<br><a href=\"mailto:mail@stifterverband.de\">mail@stifterverband.de<\/a><br><br>Gesch\u00e4ftsf\u00fchrer:<br>Prof. Dr. Andreas Schl\u00fcter (Generalsekret\u00e4r)<br><br>Sitz des Vereins: Essen<br>Vereinsregistereintragung: Amtsgericht Essen VR 5776\u00a0<br>Umsatzsteueridentifikationsnummer (UStIDNr.): DE 119 692 167<\/p>\n\n\n\n<p>Presserechtlich verantwortlich f\u00fcr die Inhalte der Website:<\/p>\n\n\n\n<p>Oliver Janoschka<br>Tel.: (030) 322 982-516<br>Fax: (030) 322 982-515<br><a href=\"mailto:oliver.janoschka@stifterverband.de\">oliver.janoschka@stifterverband.de<\/a><\/p>\n\n\n\n<h2 class=\"wp-block-heading\">Haftungsausschluss<\/h2>\n\n\n\n<h3 class=\"wp-block-heading\">Legal Disclaimer<\/h3>\n\n\n\n<p>Die Informationen auf dieser Website sind allgemeiner Art und dienen lediglich dazu, den Stifterverband f\u00fcr die Deutsche Wissenschaft dem interessierten Internetnutzer vorzustellen. F\u00fcr Entscheidungen, die der Verwender auf Grund der vorgenannten Informationen trifft, \u00fcbernehmen wir keine Verantwortung. Wir weisen darauf hin, dass der vorliegende Inhalt weder eine individuelle rechtliche, buchf\u00fchrungstechnische, steuerliche noch eine sonstige fachliche Auskunft oder Empfehlung darstellt und nicht geeignet ist, eine individuelle Beratung durch fachkundige Personen unter Ber\u00fccksichtigung der konkreten Umst\u00e4nde des Einzelfalles zu ersetzen.<br><br>Die Zusammenstellung der Informationen erfolgte mit der gebotenen Sorgfalt. Gleichwohl \u00fcbernehmen wir keinerlei Haftung, aus welchem Rechtsgrund auch immer, f\u00fcr die Richtigkeit, Aktualit\u00e4t und Vollst\u00e4ndigkeit der \u00fcbermittelten Informationen.<br><br>Diese Website enth\u00e4lt Verweise auf Websites, die von Dritten eingerichtet wurden. Der Stifterverband f\u00fcr die Deutsche Wissenschaft hat keinerlei Kontrolle \u00fcber die Websites und die dort angebotenen Informationen, Waren oder Dienstleistungen. Die Stifterverband f\u00fcr die Deutsche Wissenschaft \u00fcbernimmt daher keinerlei Verantwortung, aus welchem Rechtsgrund auch immer, f\u00fcr den Inhalt der Websites Dritter.<br><br>Der Stifterverband f\u00fcr die Deutsche Wissenschaft beh\u00e4lt sich das Recht vor, die auf dieser Website angebotenen Informationen, Produkte oder Dienstleistungen ohne gesonderte Ank\u00fcndigung jederzeit zu ver\u00e4ndern oder zu aktualisieren.<br><br>F\u00fcr gegebenenfalls bestehende oder k\u00fcnftig entstehende Rechtsverh\u00e4ltnisse ist ausschlie\u00dflich deutsches Recht anwendbar und sind nur deutsche Gerichte zust\u00e4ndig.<\/p>\n","protected":false},"excerpt":{"rendered":"Anschrift Angaben nach \u00a7 5 TMG Stifterverband f\u00fcr die Deutsche Wissenschaft e.V.Barkhovenallee 145239 EssenTelefon: (0201) 84 01-0Telefax: (0201) 84 01-301mail@stifterverband.de Gesch\u00e4ftsf\u00fchrer:Prof. Dr. Andreas Schl\u00fcter (Generalsekret\u00e4r) Sitz des Vereins: EssenVereinsregistereintragung: Amtsgericht Essen VR 5776\u00a0Umsatzsteueridentifikationsnummer (UStIDNr.): DE 119 692 167 Presserechtlich verantwortlich f\u00fcr die Inhalte der Website: Oliver JanoschkaTel.: (030) 322 982-516Fax: (030) 322 982-515oliver.janoschka@stifterverband.de Haftungsausschluss Legal&#8230; <a class=\"view-article\" href=\"https:\/\/festival.hfd.digital\/en\/imprint\/\">View Article<\/a>","protected":false},"author":3,"featured_media":0,"parent":0,"menu_order":100,"comment_status":"closed","ping_status":"closed","template":"","meta":{"_acf_changed":false,"inline_featured_image":false,"footnotes":""},"class_list":["post-15","page","type-page","status-publish","hentry"],"acf":[],"yoast_head":"<!-- This site is optimized with the Yoast SEO plugin v27.3 - https:\/\/yoast.com\/product\/yoast-seo-wordpress\/ -->\n<title>Imprint | University:Future Festival English Version<\/title>\n<meta name=\"description\" content=\"Imprint to the website of the University:Future Festival\" \/>\n<meta name=\"robots\" content=\"index, follow, max-snippet:-1, max-image-preview:large, max-video-preview:-1\" \/>\n<link rel=\"canonical\" href=\"https:\/\/festival.hfd.digital\/en\/imprint\/\" \/>\n<meta property=\"og:locale\" content=\"en_US\" \/>\n<meta property=\"og:type\" content=\"article\" \/>\n<meta property=\"og:title\" content=\"University:Future Festival\" \/>\n<meta property=\"og:description\" content=\"For three days we will bring together teachers, students, university management and other stakeholders from universities, politics and society. We will create a virtual space for exchange on higher education.\" \/>\n<meta property=\"og:url\" content=\"https:\/\/festival.hfd.digital\/en\/imprint\/\" \/>\n<meta property=\"og:site_name\" content=\"University Future:Festival 2026 English Version\" \/>\n<meta property=\"article:modified_time\" content=\"2025-03-27T16:42:25+00:00\" \/>\n<meta property=\"og:image\" content=\"https:\/\/festival.hfd.digital\/en\/wp-content\/uploads\/sites\/2\/2021\/08\/SM-Website-UFF-1.png\" \/>\n\t<meta property=\"og:image:width\" content=\"1600\" \/>\n\t<meta property=\"og:image:height\" content=\"900\" \/>\n\t<meta property=\"og:image:type\" content=\"image\/png\" \/>\n<meta name=\"twitter:card\" content=\"summary_large_image\" \/>\n<meta name=\"twitter:title\" content=\"University:Future Festival\" \/>\n<meta name=\"twitter:description\" content=\"For three days we will bring together teachers, students, university management and other stakeholders from universities, politics and society. We will create a virtual space for exchange on higher education.\" \/>\n<meta name=\"twitter:image\" content=\"https:\/\/festival.hfd.digital\/en\/wp-content\/uploads\/sites\/2\/2021\/08\/SM-Website-UFF-1.png\" \/>\n<meta name=\"twitter:label1\" content=\"Est. reading time\" \/>\n\t<meta name=\"twitter:data1\" content=\"2 minutes\" \/>\n<script type=\"application\/ld+json\" class=\"yoast-schema-graph\">{\"@context\":\"https:\\\/\\\/schema.org\",\"@graph\":[{\"@type\":\"WebPage\",\"@id\":\"https:\\\/\\\/festival.hfd.digital\\\/en\\\/imprint\\\/\",\"url\":\"https:\\\/\\\/festival.hfd.digital\\\/en\\\/imprint\\\/\",\"name\":\"Imprint | University:Future Festival English Version\",\"isPartOf\":{\"@id\":\"https:\\\/\\\/festival.hfd.digital\\\/en\\\/#website\"},\"datePublished\":\"2020-06-05T10:21:21+00:00\",\"dateModified\":\"2025-03-27T16:42:25+00:00\",\"description\":\"Imprint to the website of the University:Future Festival\",\"inLanguage\":\"en-US\",\"potentialAction\":[{\"@type\":\"ReadAction\",\"target\":[\"https:\\\/\\\/festival.hfd.digital\\\/en\\\/imprint\\\/\"]}]},{\"@type\":\"WebSite\",\"@id\":\"https:\\\/\\\/festival.hfd.digital\\\/en\\\/#website\",\"url\":\"https:\\\/\\\/festival.hfd.digital\\\/en\\\/\",\"name\":\"University Future:Festival 2026 English Version\",\"description\":\"\",\"potentialAction\":[{\"@type\":\"SearchAction\",\"target\":{\"@type\":\"EntryPoint\",\"urlTemplate\":\"https:\\\/\\\/festival.hfd.digital\\\/en\\\/?s={search_term_string}\"},\"query-input\":{\"@type\":\"PropertyValueSpecification\",\"valueRequired\":true,\"valueName\":\"search_term_string\"}}],\"inLanguage\":\"en-US\"}]}<\/script>\n<!-- \/ Yoast SEO plugin. -->","yoast_head_json":{"title":"Imprint | University:Future Festival English Version","description":"Imprint to the website of the University:Future Festival","robots":{"index":"index","follow":"follow","max-snippet":"max-snippet:-1","max-image-preview":"max-image-preview:large","max-video-preview":"max-video-preview:-1"},"canonical":"https:\/\/festival.hfd.digital\/en\/imprint\/","og_locale":"en_US","og_type":"article","og_title":"University:Future Festival","og_description":"For three days we will bring together teachers, students, university management and other stakeholders from universities, politics and society. We will create a virtual space for exchange on higher education.","og_url":"https:\/\/festival.hfd.digital\/en\/imprint\/","og_site_name":"University Future:Festival 2026 English Version","article_modified_time":"2025-03-27T16:42:25+00:00","og_image":[{"width":1600,"height":900,"url":"https:\/\/festival.hfd.digital\/en\/wp-content\/uploads\/sites\/2\/2021\/08\/SM-Website-UFF-1.png","type":"image\/png"}],"twitter_card":"summary_large_image","twitter_title":"University:Future Festival","twitter_description":"For three days we will bring together teachers, students, university management and other stakeholders from universities, politics and society. We will create a virtual space for exchange on higher education.","twitter_image":"https:\/\/festival.hfd.digital\/en\/wp-content\/uploads\/sites\/2\/2021\/08\/SM-Website-UFF-1.png","twitter_misc":{"Est. reading time":"2 minutes"},"schema":{"@context":"https:\/\/schema.org","@graph":[{"@type":"WebPage","@id":"https:\/\/festival.hfd.digital\/en\/imprint\/","url":"https:\/\/festival.hfd.digital\/en\/imprint\/","name":"Imprint | University:Future Festival English Version","isPartOf":{"@id":"https:\/\/festival.hfd.digital\/en\/#website"},"datePublished":"2020-06-05T10:21:21+00:00","dateModified":"2025-03-27T16:42:25+00:00","description":"Imprint to the website of the University:Future Festival","inLanguage":"en-US","potentialAction":[{"@type":"ReadAction","target":["https:\/\/festival.hfd.digital\/en\/imprint\/"]}]},{"@type":"WebSite","@id":"https:\/\/festival.hfd.digital\/en\/#website","url":"https:\/\/festival.hfd.digital\/en\/","name":"University Future:Festival 2026 English Version","description":"","potentialAction":[{"@type":"SearchAction","target":{"@type":"EntryPoint","urlTemplate":"https:\/\/festival.hfd.digital\/en\/?s={search_term_string}"},"query-input":{"@type":"PropertyValueSpecification","valueRequired":true,"valueName":"search_term_string"}}],"inLanguage":"en-US"}]}},"_links":{"self":[{"href":"https:\/\/festival.hfd.digital\/en\/wp-json\/wp\/v2\/pages\/15","targetHints":{"allow":["GET"]}}],"collection":[{"href":"https:\/\/festival.hfd.digital\/en\/wp-json\/wp\/v2\/pages"}],"about":[{"href":"https:\/\/festival.hfd.digital\/en\/wp-json\/wp\/v2\/types\/page"}],"author":[{"embeddable":true,"href":"https:\/\/festival.hfd.digital\/en\/wp-json\/wp\/v2\/users\/3"}],"replies":[{"embeddable":true,"href":"https:\/\/festival.hfd.digital\/en\/wp-json\/wp\/v2\/comments?post=15"}],"version-history":[{"count":3,"href":"https:\/\/festival.hfd.digital\/en\/wp-json\/wp\/v2\/pages\/15\/revisions"}],"predecessor-version":[{"id":4480,"href":"https:\/\/festival.hfd.digital\/en\/wp-json\/wp\/v2\/pages\/15\/revisions\/4480"}],"wp:attachment":[{"href":"https:\/\/festival.hfd.digital\/en\/wp-json\/wp\/v2\/media?parent=15"}],"curies":[{"name":"wp","href":"https:\/\/api.w.org\/{rel}","templated":true}]}}