{"id":9995,"date":"2024-12-02T12:20:36","date_gmt":"2024-12-02T12:20:36","guid":{"rendered":"https:\/\/festival.hfd.digital\/de\/?page_id=9995"},"modified":"2025-05-21T08:04:51","modified_gmt":"2025-05-21T08:04:51","slug":"unsere-praesenzbuehnen-2025","status":"publish","type":"page","link":"https:\/\/festival.hfd.digital\/de\/unsere-praesenzbuehnen-2025\/","title":{"rendered":"Pr\u00e4senzb\u00fchnen 2025"},"content":{"rendered":"\n<h5 class=\"wp-block-heading\">Das University:Future Festival ist ein dreit\u00e4giges hybrides Event und schafft vom 13. bis 15. Mai f\u00fcnf Orte, an denen die Teilnehmenden zusammenkommen k\u00f6nnen. <\/h5>\n\n\n<div class=\"wp-block-image\">\n<figure class=\"aligncenter size-large is-resized\"><img loading=\"lazy\" decoding=\"async\" width=\"700\" height=\"394\" src=\"https:\/\/festival.hfd.digital\/de\/wp-content\/uploads\/sites\/3\/2024\/12\/IN-ARBEIT-06.11.-Partnerbuehnen-700x394.png\" alt=\"\" class=\"wp-image-10016\" style=\"width:840px;height:auto\" srcset=\"https:\/\/festival.hfd.digital\/de\/wp-content\/uploads\/sites\/3\/2024\/12\/IN-ARBEIT-06.11.-Partnerbuehnen-700x394.png 700w, https:\/\/festival.hfd.digital\/de\/wp-content\/uploads\/sites\/3\/2024\/12\/IN-ARBEIT-06.11.-Partnerbuehnen-250x141.png 250w, https:\/\/festival.hfd.digital\/de\/wp-content\/uploads\/sites\/3\/2024\/12\/IN-ARBEIT-06.11.-Partnerbuehnen-768x432.png 768w, https:\/\/festival.hfd.digital\/de\/wp-content\/uploads\/sites\/3\/2024\/12\/IN-ARBEIT-06.11.-Partnerbuehnen-1536x864.png 1536w, https:\/\/festival.hfd.digital\/de\/wp-content\/uploads\/sites\/3\/2024\/12\/IN-ARBEIT-06.11.-Partnerbuehnen-120x68.png 120w, https:\/\/festival.hfd.digital\/de\/wp-content\/uploads\/sites\/3\/2024\/12\/IN-ARBEIT-06.11.-Partnerbuehnen.png 1920w\" sizes=\"auto, (max-width: 700px) 100vw, 700px\" \/><\/figure>\n<\/div>\n\n\n<p><\/p>\n\n\n\n<p>Alle unsere B\u00fchnen bieten herausragende Speaker:innen, M\u00f6glichkeiten zur Vernetzung und spezielle lokale Angebote.<\/p>\n\n\n\n<p class=\"has-text-align-left\">In <strong>Berlin <\/strong>pr\u00e4sentieren wir die Hauptb\u00fchne des Festivals. Dort erwarteten Sie nationale und internationale Expert:innen sowie Beitr\u00e4ge unserer Community. Die B\u00fchne in Berlin findet am 13. und am 14. Mai 2025 statt. Das Programm startet am 13. Mai voraussichtlich um 09:00 Uhr und endet am 14. Mai um 17:45 Uhr. Am Abend des 14. Mai folgt ein Empfang, zu dem alle Teilnehmenden eingeladen sind. <strong>Location<\/strong>: Festsaal Kreuzberg, Am Flutgraben 2, 12435 Berlin.<\/p>\n\n\n\n<div class=\"wp-block-buttons is-layout-flex wp-block-buttons-is-layout-flex\">\n<div class=\"wp-block-button\"><a class=\"wp-block-button__link wp-element-button\" href=\"https:\/\/festival.hfd.digital\/de\/praesenzbuehne-berlin-2025\/\">Mehr Informationen zu Berlin<\/a><\/div>\n<\/div>\n\n\n\n<p>Auf der B\u00fchne in <strong>Braunschweig<\/strong> dreht sich alles um das Thema Future Tech \u2013 als Wunschvorstellung und Forschungsgegenstand, als bereits gelebte Praxis und manchmal auch als Dystopie. Die <a href=\"https:\/\/www.tu-braunschweig.de\/\">Technische Universit\u00e4t Braunschweig<\/a> beleuchtet das Thema aus verschiedenen Perspektiven, technisch und didaktisch, aber auch strategisch und menschlich. Neben den inhaltlichen Aspekten bietet der Veranstaltungsort zahlreiche M\u00f6glichkeiten, sich innerhalb und au\u00dferhalb des Programms zu vernetzen und den hochschul\u00fcbergreifenden Dialog zu nutzen. Die Future-Tech:Stage in Braunschweig findet am 13. Mai 2025 statt. <strong>Location:<\/strong> Altgeb\u00e4ude, Pockelsstra\u00dfe 4, 38106 Braunschweig.<\/p>\n\n\n\n<div class=\"wp-block-buttons is-layout-flex wp-block-buttons-is-layout-flex\">\n<div class=\"wp-block-button\"><a class=\"wp-block-button__link wp-element-button\" href=\"https:\/\/festival.hfd.digital\/de\/praesenzbuehne-braunschweig-2025\/\">Mehr Informationen zu Braunschweig<\/a><\/div>\n<\/div>\n\n\n\n<p>An der Partnerb\u00fchne in <strong>Graz<\/strong> diskutiert die <a href=\"https:\/\/www.tugraz.at\/\">TU Graz<\/a> gemeinsam mit Expert:innen, Hochschulangeh\u00f6rigen und Interessierten die Bedeutung von K\u00fcnstlicher Intelligenz f\u00fcr Hochschulen. Im Fokus stehen der praktische Einsatz und die Auswirkungen von KI in Forschung, Lehre und Verwaltung. Die AI:Stage in Graz findet am 13. Mai 2025 statt. <strong>Location<\/strong>: Erdgeschoss des BMT Geb\u00e4udes der TU Graz, Stremayrgasse 16, 8010 Graz, \u00d6sterreich.<\/p>\n\n\n\n<div class=\"wp-block-buttons is-layout-flex wp-block-buttons-is-layout-flex\">\n<div class=\"wp-block-button\"><a class=\"wp-block-button__link wp-element-button\" href=\"https:\/\/festival.hfd.digital\/de\/praesenzbuehne-graz-2025\/\">Mehr Informationen zu Graz<\/a><\/div>\n<\/div>\n\n\n\n<p>In <strong>N\u00fcrnberg<\/strong> gestalten die <a href=\"https:\/\/www.th-nuernberg.de\/\">Technische Hochschule<\/a> und die <a href=\"https:\/\/www.utn.de\/\">Technische Universit\u00e4t<\/a> zum zweiten Mal die gemeinsame Partnerb\u00fchne \u201eShifting-Stage\u201c. Am 14. Mai bietet die B\u00fchne einen exklusiven Einblick in innovative Lehr-Lernans\u00e4tze und stellt neueste Forschungsergebnisse vor. <strong>Location<\/strong>: LEONARDO \u2013 Zentrum f\u00fcr Kreativit\u00e4t und Innovation, Karl-Grillenberger-Str. 3A, 90402 N\u00fcrnberg.<\/p>\n\n\n\n<div class=\"wp-block-buttons is-layout-flex wp-block-buttons-is-layout-flex\">\n<div class=\"wp-block-button\"><a class=\"wp-block-button__link wp-element-button\" href=\"https:\/\/festival.hfd.digital\/de\/praesenzbuehne-nuernberg-2025\/\">Mehr Informationen zu N\u00fcrnberg<\/a><\/div>\n<\/div>\n\n\n\n<p>In <strong>Z\u00fcrich<\/strong> fokussiert auf die B\u00fchne von <a href=\"https:\/\/ethz.ch\/\">ETH Z\u00fcrich<\/a> und <a href=\"https:\/\/innovationparkzurich.com\/de\">Swiss Innovation Park Zurich<\/a> auf die Anwendung von K\u00fcnstlicher Intelligenz zur Unterst\u00fctzung der Hochschullehre: konkrete Werkzeuge und Plattformen, Techniken und Technologien, Strukturen und Infrastrukturen. Teilnehmende k\u00f6nnen sich auf regen Austausch rund um diesen n\u00e4chsten Schritt der Digitalisierung in Lehre und Lernen freuen. Die AI Edu:Stage in Z\u00fcrich findet am 14. Mai 2025 statt. <strong>Location:<\/strong> Swiss Innovation Park, Wangenstrasse 68, 8600 Duebendorf, Schweiz.<\/p>\n\n\n\n<div class=\"wp-block-buttons is-layout-flex wp-block-buttons-is-layout-flex\">\n<div class=\"wp-block-button\"><a class=\"wp-block-button__link wp-element-button\" href=\"https:\/\/festival.hfd.digital\/de\/praesenzbuehne-zurich-2025\/\">Mehr Informationen zu Z\u00fcrich<\/a><\/div>\n<\/div>\n\n\n\n<p><\/p>\n","protected":false},"excerpt":{"rendered":"Das University:Future Festival ist ein dreit\u00e4giges hybrides Event und schafft vom 13. bis 15. Mai f\u00fcnf Orte, an denen die Teilnehmenden zusammenkommen k\u00f6nnen. Alle unsere B\u00fchnen bieten herausragende Speaker:innen, M\u00f6glichkeiten zur Vernetzung und spezielle lokale Angebote. In Berlin pr\u00e4sentieren wir die Hauptb\u00fchne des Festivals. Dort erwarteten Sie nationale und internationale Expert:innen sowie Beitr\u00e4ge unserer Community&#8230;. <a class=\"view-article\" href=\"https:\/\/festival.hfd.digital\/de\/unsere-praesenzbuehnen-2025\/\">View Article<\/a>","protected":false},"author":24,"featured_media":0,"parent":0,"menu_order":0,"comment_status":"closed","ping_status":"closed","template":"","meta":{"_acf_changed":false,"inline_featured_image":false,"footnotes":""},"class_list":["post-9995","page","type-page","status-publish","hentry"],"acf":[],"yoast_head":"<!-- This site is optimized with the Yoast SEO plugin v27.2 - https:\/\/yoast.com\/product\/yoast-seo-wordpress\/ -->\n<title>Pr\u00e4senzb\u00fchnen 2025 - University:Future Festival 2026<\/title>\n<meta name=\"description\" content=\"Das University:Future Festival findet vom 13. bis 15. Mai an f\u00fcnf B\u00fchnen in Deutschland, \u00d6sterreich und der Schweiz statt.\" \/>\n<meta name=\"robots\" content=\"index, follow, max-snippet:-1, max-image-preview:large, max-video-preview:-1\" \/>\n<link rel=\"canonical\" href=\"https:\/\/festival.hfd.digital\/de\/unsere-praesenzbuehnen-2025\/\" \/>\n<meta property=\"og:locale\" content=\"de_DE\" \/>\n<meta property=\"og:type\" content=\"article\" \/>\n<meta property=\"og:title\" content=\"Pr\u00e4senzb\u00fchnen 2025 - University:Future Festival 2026\" \/>\n<meta property=\"og:description\" content=\"Das University:Future Festival findet vom 13. bis 15. Mai an f\u00fcnf B\u00fchnen in Deutschland, \u00d6sterreich und der Schweiz statt.\" \/>\n<meta property=\"og:url\" content=\"https:\/\/festival.hfd.digital\/de\/unsere-praesenzbuehnen-2025\/\" \/>\n<meta property=\"og:site_name\" content=\"University:Future Festival 2026\" \/>\n<meta property=\"article:modified_time\" content=\"2025-05-21T08:04:51+00:00\" \/>\n<meta property=\"og:image\" content=\"https:\/\/festival.hfd.digital\/de\/wp-content\/uploads\/sites\/3\/2024\/12\/IN-ARBEIT-06.11.-Partnerbuehnen-700x394.png\" \/>\n\t<meta property=\"og:image:width\" content=\"700\" \/>\n\t<meta property=\"og:image:height\" content=\"394\" \/>\n\t<meta property=\"og:image:type\" content=\"image\/png\" \/>\n<meta name=\"twitter:card\" content=\"summary_large_image\" \/>\n<meta name=\"twitter:label1\" content=\"Gesch\u00e4tzte Lesezeit\" \/>\n\t<meta name=\"twitter:data1\" content=\"3\u00a0Minuten\" \/>\n<script type=\"application\/ld+json\" class=\"yoast-schema-graph\">{\"@context\":\"https:\/\/schema.org\",\"@graph\":[{\"@type\":\"WebPage\",\"@id\":\"https:\/\/festival.hfd.digital\/de\/unsere-praesenzbuehnen-2025\/\",\"url\":\"https:\/\/festival.hfd.digital\/de\/unsere-praesenzbuehnen-2025\/\",\"name\":\"Pr\u00e4senzb\u00fchnen 2025 - University:Future Festival 2026\",\"isPartOf\":{\"@id\":\"https:\/\/festival.hfd.digital\/de\/#website\"},\"primaryImageOfPage\":{\"@id\":\"https:\/\/festival.hfd.digital\/de\/unsere-praesenzbuehnen-2025\/#primaryimage\"},\"image\":{\"@id\":\"https:\/\/festival.hfd.digital\/de\/unsere-praesenzbuehnen-2025\/#primaryimage\"},\"thumbnailUrl\":\"https:\/\/festival.hfd.digital\/de\/wp-content\/uploads\/sites\/3\/2024\/12\/IN-ARBEIT-06.11.-Partnerbuehnen-700x394.png\",\"datePublished\":\"2024-12-02T12:20:36+00:00\",\"dateModified\":\"2025-05-21T08:04:51+00:00\",\"description\":\"Das University:Future Festival findet vom 13. bis 15. Mai an f\u00fcnf B\u00fchnen in Deutschland, \u00d6sterreich und der Schweiz statt.\",\"inLanguage\":\"de\",\"potentialAction\":[{\"@type\":\"ReadAction\",\"target\":[\"https:\/\/festival.hfd.digital\/de\/unsere-praesenzbuehnen-2025\/\"]}]},{\"@type\":\"ImageObject\",\"inLanguage\":\"de\",\"@id\":\"https:\/\/festival.hfd.digital\/de\/unsere-praesenzbuehnen-2025\/#primaryimage\",\"url\":\"https:\/\/festival.hfd.digital\/de\/wp-content\/uploads\/sites\/3\/2024\/12\/IN-ARBEIT-06.11.-Partnerbuehnen.png\",\"contentUrl\":\"https:\/\/festival.hfd.digital\/de\/wp-content\/uploads\/sites\/3\/2024\/12\/IN-ARBEIT-06.11.-Partnerbuehnen.png\",\"width\":1920,\"height\":1080},{\"@type\":\"WebSite\",\"@id\":\"https:\/\/festival.hfd.digital\/de\/#website\",\"url\":\"https:\/\/festival.hfd.digital\/de\/\",\"name\":\"University:Future Festival 2026\",\"description\":\"Das j\u00e4hrliche Festival zur Zukunft der Hochschulbildung.\",\"potentialAction\":[{\"@type\":\"SearchAction\",\"target\":{\"@type\":\"EntryPoint\",\"urlTemplate\":\"https:\/\/festival.hfd.digital\/de\/?s={search_term_string}\"},\"query-input\":{\"@type\":\"PropertyValueSpecification\",\"valueRequired\":true,\"valueName\":\"search_term_string\"}}],\"inLanguage\":\"de\"}]}<\/script>\n<!-- \/ Yoast SEO plugin. -->","yoast_head_json":{"title":"Pr\u00e4senzb\u00fchnen 2025 - University:Future Festival 2026","description":"Das University:Future Festival findet vom 13. bis 15. Mai an f\u00fcnf B\u00fchnen in Deutschland, \u00d6sterreich und der Schweiz statt.","robots":{"index":"index","follow":"follow","max-snippet":"max-snippet:-1","max-image-preview":"max-image-preview:large","max-video-preview":"max-video-preview:-1"},"canonical":"https:\/\/festival.hfd.digital\/de\/unsere-praesenzbuehnen-2025\/","og_locale":"de_DE","og_type":"article","og_title":"Pr\u00e4senzb\u00fchnen 2025 - University:Future Festival 2026","og_description":"Das University:Future Festival findet vom 13. bis 15. Mai an f\u00fcnf B\u00fchnen in Deutschland, \u00d6sterreich und der Schweiz statt.","og_url":"https:\/\/festival.hfd.digital\/de\/unsere-praesenzbuehnen-2025\/","og_site_name":"University:Future Festival 2026","article_modified_time":"2025-05-21T08:04:51+00:00","og_image":[{"width":700,"height":394,"url":"https:\/\/festival.hfd.digital\/de\/wp-content\/uploads\/sites\/3\/2024\/12\/IN-ARBEIT-06.11.-Partnerbuehnen-700x394.png","type":"image\/png"}],"twitter_card":"summary_large_image","twitter_misc":{"Gesch\u00e4tzte Lesezeit":"3\u00a0Minuten"},"schema":{"@context":"https:\/\/schema.org","@graph":[{"@type":"WebPage","@id":"https:\/\/festival.hfd.digital\/de\/unsere-praesenzbuehnen-2025\/","url":"https:\/\/festival.hfd.digital\/de\/unsere-praesenzbuehnen-2025\/","name":"Pr\u00e4senzb\u00fchnen 2025 - University:Future Festival 2026","isPartOf":{"@id":"https:\/\/festival.hfd.digital\/de\/#website"},"primaryImageOfPage":{"@id":"https:\/\/festival.hfd.digital\/de\/unsere-praesenzbuehnen-2025\/#primaryimage"},"image":{"@id":"https:\/\/festival.hfd.digital\/de\/unsere-praesenzbuehnen-2025\/#primaryimage"},"thumbnailUrl":"https:\/\/festival.hfd.digital\/de\/wp-content\/uploads\/sites\/3\/2024\/12\/IN-ARBEIT-06.11.-Partnerbuehnen-700x394.png","datePublished":"2024-12-02T12:20:36+00:00","dateModified":"2025-05-21T08:04:51+00:00","description":"Das University:Future Festival findet vom 13. bis 15. Mai an f\u00fcnf B\u00fchnen in Deutschland, \u00d6sterreich und der Schweiz statt.","inLanguage":"de","potentialAction":[{"@type":"ReadAction","target":["https:\/\/festival.hfd.digital\/de\/unsere-praesenzbuehnen-2025\/"]}]},{"@type":"ImageObject","inLanguage":"de","@id":"https:\/\/festival.hfd.digital\/de\/unsere-praesenzbuehnen-2025\/#primaryimage","url":"https:\/\/festival.hfd.digital\/de\/wp-content\/uploads\/sites\/3\/2024\/12\/IN-ARBEIT-06.11.-Partnerbuehnen.png","contentUrl":"https:\/\/festival.hfd.digital\/de\/wp-content\/uploads\/sites\/3\/2024\/12\/IN-ARBEIT-06.11.-Partnerbuehnen.png","width":1920,"height":1080},{"@type":"WebSite","@id":"https:\/\/festival.hfd.digital\/de\/#website","url":"https:\/\/festival.hfd.digital\/de\/","name":"University:Future Festival 2026","description":"Das j\u00e4hrliche Festival zur Zukunft der Hochschulbildung.","potentialAction":[{"@type":"SearchAction","target":{"@type":"EntryPoint","urlTemplate":"https:\/\/festival.hfd.digital\/de\/?s={search_term_string}"},"query-input":{"@type":"PropertyValueSpecification","valueRequired":true,"valueName":"search_term_string"}}],"inLanguage":"de"}]}},"_links":{"self":[{"href":"https:\/\/festival.hfd.digital\/de\/wp-json\/wp\/v2\/pages\/9995","targetHints":{"allow":["GET"]}}],"collection":[{"href":"https:\/\/festival.hfd.digital\/de\/wp-json\/wp\/v2\/pages"}],"about":[{"href":"https:\/\/festival.hfd.digital\/de\/wp-json\/wp\/v2\/types\/page"}],"author":[{"embeddable":true,"href":"https:\/\/festival.hfd.digital\/de\/wp-json\/wp\/v2\/users\/24"}],"replies":[{"embeddable":true,"href":"https:\/\/festival.hfd.digital\/de\/wp-json\/wp\/v2\/comments?post=9995"}],"version-history":[{"count":21,"href":"https:\/\/festival.hfd.digital\/de\/wp-json\/wp\/v2\/pages\/9995\/revisions"}],"predecessor-version":[{"id":12654,"href":"https:\/\/festival.hfd.digital\/de\/wp-json\/wp\/v2\/pages\/9995\/revisions\/12654"}],"wp:attachment":[{"href":"https:\/\/festival.hfd.digital\/de\/wp-json\/wp\/v2\/media?parent=9995"}],"curies":[{"name":"wp","href":"https:\/\/api.w.org\/{rel}","templated":true}]}}