{"id":984,"date":"2020-09-11T11:07:01","date_gmt":"2020-09-11T11:07:01","guid":{"rendered":"https:\/\/festival.hfd.digital\/de\/?page_id=984"},"modified":"2024-07-01T11:03:28","modified_gmt":"2024-07-01T11:03:28","slug":"showcase","status":"publish","type":"page","link":"https:\/\/festival.hfd.digital\/de\/archiv\/universityfuture-festival-2020\/showcase\/","title":{"rendered":"Showcase"},"content":{"rendered":"\n<p>Das University:Future Festival 2020 lud Sie vom 6. &#8211; 8. Oktober 2020 zum Besuch des digitalen Showcase ein! In virtuellen Ausstellungsst\u00e4nden pr\u00e4sentierten Institutionen, Organisationen und Firmen sich und Ihre Arbeit. Erleben konnten Sie spannende Projektpr\u00e4sentationen, interaktive Unternehmensvorstellungen und Praxis-Demonstrationen. <\/p>\n\n\n\n<h3 class=\"wp-block-heading\">Aussteller:innen 2020:<\/h3>\n\n\n\n<p><\/p>\n\n\n\n<p><strong>Amazon Web Services (AWS) Academy<\/strong><br>AWS Academy provides higher education institutions with a free, ready-to-teach cloud computing curriculum that prepares students to pursue industry-recognized certifications and in-demand cloud jobs.<\/p>\n\n\n\n<p><strong>Center for Lifelong Learning \u2013 Carl von Ossietzky Universit\u00e4t Oldenburg<\/strong><br>Using C3LLO to deliver online and blended learning courses<\/p>\n\n\n\n<p><strong>Center f\u00fcr Digitale Systeme (CeDiS) \u2013 UB \u2013 Freie Universit\u00e4t Berlin<\/strong><br>Online Lehren, Lernen und Forschen &#8211; Services an der Freie Universit\u00e4t Berlin<\/p>\n\n\n\n<p><strong>Deutscher Akademischer Austauschdienst e.V. (DAAD)<\/strong><br>Digitale Internationalisierung von Hochschulbildung<\/p>\n\n\n\n<p><strong>Digitale Hochschule NRW<\/strong><br>Digitale Hochschule NRW<\/p>\n\n\n\n<p><strong>e-teaching.org<\/strong><br>Das Portal e-teaching.org \u2013 digitale Medien in der Hochschullehre fundiert einsetzen<\/p>\n\n\n\n<p><strong>Electric Paper Evaluationssysteme GmbH<\/strong><br>Lernstandskontrollen und Selbsteinsch\u00e4tzung in Puncto Kompetenzzuwachs: Vorstellung und praxisnahe Diskussion eines alternativen Pr\u00fcfungs- und Reflexionsszenarios mit EvaExam und EvaSys<\/p>\n\n\n\n<p><strong>European University Association (EUA)<\/strong><br>European University Association (EUA)<\/p>\n\n\n\n<p><strong>Freie Universit\u00e4t Berlin<\/strong><br>EduInnovation Lab<\/p>\n\n\n\n<p><strong>Friedrich-Schiller-Universit\u00e4t Jena und Universit\u00e4t Erfurt<\/strong><br>Die DIGITALE TAPAS BAR &#8211; oder wie man DIGITALISIERUNG in H\u00e4ppchen verpackt<\/p>\n\n\n\n<p><strong>German-American Fulbright Commission <\/strong><br>Turning Nations into People<\/p>\n\n\n\n<p><strong>Hamburg Open Online University (HOOU)<\/strong><br>Wissenstransfer im digitalen Zeitalter \u2013 die Hamburg Open Online University (HOOU)<\/p>\n\n\n\n<p><strong>Heinrich-Heine-Universit\u00e4t D\u00fcsseldorf<\/strong><br>International Cross-Site Teaching<\/p>\n\n\n\n<p><strong>Hendrik Steinbeck<\/strong><br>Vorlesungen halten im Stil von mailaib, MrWissen2Go und Late-Night Shows<\/p>\n\n\n\n<p><strong>Hochschulforum Digitalisierung (HFD)<\/strong><br>Peer-to-Peer-Strategieberatung<\/p>\n\n\n\n<p><strong>HIS-Institut f\u00fcr Hochschulentwicklung e. V.<\/strong><br>Corona@Hochschule<\/p>\n\n\n\n<p><strong>Hochschulbibliothekszentrum NRW (hbz) und Technischen Informationsbibliothek (TIB)<\/strong><br>Ein OER-Suchindex f\u00fcr die Hochschullehre<\/p>\n\n\n\n<p><strong>Hochschule Albstadt-Sigmaringen<\/strong><br>E-Learning an deutschen Hochschulen in Zeiten der Corona-Krise \u2013 Eine empirische Untersuchung im Vorher-Nachher-Vergleich aus Studierendensicht am Beispiel der Hochschule Albstadt-Sigmaringen<\/p>\n\n\n\n<p><strong>Hochschule f\u00fcr Technik und Wirtschaft (HTW) Berlin<\/strong><br>Der Einsatz von Meditations- und Konzentrations\u00fcbung in der Online-Lehre<\/p>\n\n\n\n<p><strong>Hochschule Osnabr\u00fcck &#8211; Campus Lingen<\/strong><br>Projekt \u201eDiViFaG \u2013 Digitale und Virtuell unterst\u00fctzte Fallarbeit in den Gesundheitsberufen\u201c<\/p>\n\n\n\n<p><strong>Hochschulnetzwerk Digitalisierung der Lehre Baden-W\u00fcrttemberg (HND-BW)<\/strong><br>Virtuelles Visionen Wichteln mit dem HND-BW: Digitales Lehren &amp; Lernen gemeinsam weiterentwickeln!<\/p>\n\n\n\n<p><strong>Isabell Grundschober<\/strong><br>COMPASS Online Summer School<\/p>\n\n\n\n<p><strong>Kiron Open Higher Education gGmbH<\/strong><br>tba<\/p>\n\n\n\n<p><strong>Leibniz Universit\u00e4t Hannover &#8211; Zentrale Einrichtung f\u00fcr Qualit\u00e4tsentwicklung in Studium und Lehre &#8211; E-Learning Service<\/strong><br>Eine Lernlandschaft f\u00fcr \u00fcber 1.000 Studierende<\/p>\n\n\n\n<p><strong>Leibniz-Gemeinschaft<\/strong><br>Global Learning Council<\/p>\n\n\n\n<p><strong>Stephan Maximilian Gert<\/strong><br>LitosoPHie<\/p>\n\n\n\n<p><strong>Mensa in Deutschland <\/strong><br>Begabung gemeinsam weiter denken<\/p>\n\n\n\n<p><strong>Multimedia Kontor Hamburg gGmbH (MMKH)<\/strong><br>Services f\u00fcr die digitale Transformation von Lehre und Verwaltung<\/p>\n\n\n\n<p><strong>Nele Gro\u00df \/ Universit\u00e4t Hamburg<\/strong><br>SCoRe &#8211; Videobasiertes Lernen durch Forschung zur Nachhaltigkeit<\/p>\n\n\n\n<p><strong>oncampus GmbH<\/strong><br>Interaktive Moodle-Lernplattform \u2013 macht das digitale Lernen bunter<\/p>\n\n\n\n<p><strong>Open Digital Lab for You (DigiLab4U)<\/strong><br>DigiLab4U &#8211; Digitale Labore f\u00fcr das Internet der Dinge<\/p>\n\n\n\n<p><strong>opencampus.sh<\/strong><br>opencampus.sh: Ein Bildungscluster zwischen Hochschule und Wirtschaft<\/p>\n\n\n\n<p><strong>Opencast Community &amp; ELAN e.V.<\/strong><br>Opencast \u2013 Videoaufzeichnungen in der Lehre<\/p>\n\n\n\n<p><strong>RUVIVAL &#8211; Technische Universit\u00e4t Hamburg + Hamburg Open Online University<\/strong><br>RUVIVAL<\/p>\n\n\n\n<p><strong>RWTH Aachen \u2013&nbsp; Lehr- und Forschungsgebiet Ingenieurhydrologie<\/strong><br>Avatar basiertes Lehren und Lernen<\/p>\n\n\n\n<p><strong>studiumdigitale \u2013 Zentrale eLearning-Einrichtung der Goethe-Universit\u00e4t Frankfurt<\/strong><br>Scouting, Maturing und Service (SMS-Prozess) von eLearning an der Goethe-Universit\u00e4t<\/p>\n\n\n\n<p><strong>StudyCore<\/strong><br>Individueller Content durch Learning Analytics an der Uni Frankfurt &#8211; Ein Praxisbeispiel von StudyCore<\/p>\n\n\n\n<p><strong>Technische Hochschule Ingolstadt<\/strong><br>Pers\u00f6nlichkeiten und Innovationen f\u00fcr eine lebenswerte Zukunft<\/p>\n\n\n\n<p><strong>Technische Universit\u00e4t Graz<\/strong><br>iMooX.at &#8211; MOOCs auf universit\u00e4rem Niveau f\u00fcr Alle<\/p>\n\n\n\n<p><strong>TH L\u00fcbeck und Oncampus GmbH<\/strong><br>Digitaler Selbstschutz: 3 MOOCs zum Selbststudium<\/p>\n\n\n\n<p><strong>TIB \u2013 Leibniz-Informationszentrum Technik und Naturwissenschaften<\/strong><br>Wissen(schaft) audiovisuell erleben &#8211; das TIB AV-Portal<\/p>\n\n\n\n<p><strong>Universit\u00e4t Leipzig \u2013 LaborUniversit\u00e4t (StiL) und Lehrpraxis im Transfer plus<\/strong><br>Tag der Lehre digital<\/p>\n\n\n\n<p><strong>Universit\u00e4t Leipzig \u2013 E-Learning-Service<\/strong><br>Gemeinsam und strukturiert in die digitale Lehre<\/p>\n\n\n\n<p><strong>Virtuelle Hochschule Bayern (vhb)<\/strong><br>LEHREN IST DAS TEILEN VON WISSEN: Die Virtuelle Hochschule Bayern (vhb) stellt sich vor<\/p>\n\n\n\n<p><strong>Virtueller Campus Rheinland-Pfalz<\/strong><br>Mixed Media Wall &#8211; Digitale Lehre gegen Corona<\/p>\n\n\n\n<p><strong>Wikimedia Deutschland e. V.<\/strong><br>Fellow-Programm Freies Wissen: Wissenschaft, \u00f6ffne dich!<\/p>\n","protected":false},"excerpt":{"rendered":"Das University:Future Festival 2020 lud Sie vom 6. &#8211; 8. Oktober 2020 zum Besuch des digitalen Showcase ein! In virtuellen Ausstellungsst\u00e4nden pr\u00e4sentierten Institutionen, Organisationen und Firmen sich und Ihre Arbeit. Erleben konnten Sie spannende Projektpr\u00e4sentationen, interaktive Unternehmensvorstellungen und Praxis-Demonstrationen. Aussteller:innen 2020: Amazon Web Services (AWS) AcademyAWS Academy provides higher education institutions with a free, ready-to-teach&#8230; <a class=\"view-article\" href=\"https:\/\/festival.hfd.digital\/de\/archiv\/universityfuture-festival-2020\/showcase\/\">View Article<\/a>","protected":false},"author":4,"featured_media":0,"parent":922,"menu_order":4,"comment_status":"closed","ping_status":"closed","template":"","meta":{"_acf_changed":false,"inline_featured_image":false,"footnotes":""},"class_list":["post-984","page","type-page","status-publish","hentry"],"acf":[],"yoast_head":"<!-- This site is optimized with the Yoast SEO plugin v27.3 - https:\/\/yoast.com\/product\/yoast-seo-wordpress\/ -->\n<title>Showcase | University:Future Festival 2020<\/title>\n<meta name=\"description\" content=\"Das University:Future Festival 2020 lud Sie vom 6. - 8. Oktober 2020 zum Besuch des digitalen Showcase ein!\" \/>\n<meta name=\"robots\" content=\"index, follow, max-snippet:-1, max-image-preview:large, max-video-preview:-1\" \/>\n<link rel=\"canonical\" href=\"https:\/\/festival.hfd.digital\/de\/archiv\/universityfuture-festival-2020\/showcase\/\" \/>\n<meta property=\"og:locale\" content=\"de_DE\" \/>\n<meta property=\"og:type\" content=\"article\" \/>\n<meta property=\"og:title\" content=\"Showcase | University:Future Festival 2020\" \/>\n<meta property=\"og:description\" content=\"Das University:Future Festival 2020 lud Sie vom 6. - 8. Oktober 2020 zum Besuch des digitalen Showcase ein!\" \/>\n<meta property=\"og:url\" content=\"https:\/\/festival.hfd.digital\/de\/archiv\/universityfuture-festival-2020\/showcase\/\" \/>\n<meta property=\"og:site_name\" content=\"University:Future Festival 2026\" \/>\n<meta property=\"article:modified_time\" content=\"2024-07-01T11:03:28+00:00\" \/>\n<meta name=\"twitter:card\" content=\"summary_large_image\" \/>\n<meta name=\"twitter:label1\" content=\"Gesch\u00e4tzte Lesezeit\" \/>\n\t<meta name=\"twitter:data1\" content=\"4\u00a0Minuten\" \/>\n<script type=\"application\/ld+json\" class=\"yoast-schema-graph\">{\"@context\":\"https:\\\/\\\/schema.org\",\"@graph\":[{\"@type\":\"WebPage\",\"@id\":\"https:\\\/\\\/festival.hfd.digital\\\/de\\\/archiv\\\/universityfuture-festival-2020\\\/showcase\\\/\",\"url\":\"https:\\\/\\\/festival.hfd.digital\\\/de\\\/archiv\\\/universityfuture-festival-2020\\\/showcase\\\/\",\"name\":\"Showcase | University:Future Festival 2020\",\"isPartOf\":{\"@id\":\"https:\\\/\\\/festival.hfd.digital\\\/de\\\/#website\"},\"datePublished\":\"2020-09-11T11:07:01+00:00\",\"dateModified\":\"2024-07-01T11:03:28+00:00\",\"description\":\"Das University:Future Festival 2020 lud Sie vom 6. - 8. Oktober 2020 zum Besuch des digitalen Showcase ein!\",\"breadcrumb\":{\"@id\":\"https:\\\/\\\/festival.hfd.digital\\\/de\\\/archiv\\\/universityfuture-festival-2020\\\/showcase\\\/#breadcrumb\"},\"inLanguage\":\"de\",\"potentialAction\":[{\"@type\":\"ReadAction\",\"target\":[\"https:\\\/\\\/festival.hfd.digital\\\/de\\\/archiv\\\/universityfuture-festival-2020\\\/showcase\\\/\"]}]},{\"@type\":\"BreadcrumbList\",\"@id\":\"https:\\\/\\\/festival.hfd.digital\\\/de\\\/archiv\\\/universityfuture-festival-2020\\\/showcase\\\/#breadcrumb\",\"itemListElement\":[{\"@type\":\"ListItem\",\"position\":1,\"name\":\"Archiv\",\"item\":\"https:\\\/\\\/festival.hfd.digital\\\/de\\\/archiv\\\/\"},{\"@type\":\"ListItem\",\"position\":2,\"name\":\"Recap: University:Future Festival 2020\",\"item\":\"https:\\\/\\\/festival.hfd.digital\\\/de\\\/archiv\\\/universityfuture-festival-2020\\\/\"},{\"@type\":\"ListItem\",\"position\":3,\"name\":\"Showcase\"}]},{\"@type\":\"WebSite\",\"@id\":\"https:\\\/\\\/festival.hfd.digital\\\/de\\\/#website\",\"url\":\"https:\\\/\\\/festival.hfd.digital\\\/de\\\/\",\"name\":\"University:Future Festival 2026\",\"description\":\"Das j\u00e4hrliche Festival zur Zukunft der Hochschulbildung.\",\"potentialAction\":[{\"@type\":\"SearchAction\",\"target\":{\"@type\":\"EntryPoint\",\"urlTemplate\":\"https:\\\/\\\/festival.hfd.digital\\\/de\\\/?s={search_term_string}\"},\"query-input\":{\"@type\":\"PropertyValueSpecification\",\"valueRequired\":true,\"valueName\":\"search_term_string\"}}],\"inLanguage\":\"de\"}]}<\/script>\n<!-- \/ Yoast SEO plugin. -->","yoast_head_json":{"title":"Showcase | University:Future Festival 2020","description":"Das University:Future Festival 2020 lud Sie vom 6. - 8. Oktober 2020 zum Besuch des digitalen Showcase ein!","robots":{"index":"index","follow":"follow","max-snippet":"max-snippet:-1","max-image-preview":"max-image-preview:large","max-video-preview":"max-video-preview:-1"},"canonical":"https:\/\/festival.hfd.digital\/de\/archiv\/universityfuture-festival-2020\/showcase\/","og_locale":"de_DE","og_type":"article","og_title":"Showcase | University:Future Festival 2020","og_description":"Das University:Future Festival 2020 lud Sie vom 6. - 8. Oktober 2020 zum Besuch des digitalen Showcase ein!","og_url":"https:\/\/festival.hfd.digital\/de\/archiv\/universityfuture-festival-2020\/showcase\/","og_site_name":"University:Future Festival 2026","article_modified_time":"2024-07-01T11:03:28+00:00","twitter_card":"summary_large_image","twitter_misc":{"Gesch\u00e4tzte Lesezeit":"4\u00a0Minuten"},"schema":{"@context":"https:\/\/schema.org","@graph":[{"@type":"WebPage","@id":"https:\/\/festival.hfd.digital\/de\/archiv\/universityfuture-festival-2020\/showcase\/","url":"https:\/\/festival.hfd.digital\/de\/archiv\/universityfuture-festival-2020\/showcase\/","name":"Showcase | University:Future Festival 2020","isPartOf":{"@id":"https:\/\/festival.hfd.digital\/de\/#website"},"datePublished":"2020-09-11T11:07:01+00:00","dateModified":"2024-07-01T11:03:28+00:00","description":"Das University:Future Festival 2020 lud Sie vom 6. - 8. Oktober 2020 zum Besuch des digitalen Showcase ein!","breadcrumb":{"@id":"https:\/\/festival.hfd.digital\/de\/archiv\/universityfuture-festival-2020\/showcase\/#breadcrumb"},"inLanguage":"de","potentialAction":[{"@type":"ReadAction","target":["https:\/\/festival.hfd.digital\/de\/archiv\/universityfuture-festival-2020\/showcase\/"]}]},{"@type":"BreadcrumbList","@id":"https:\/\/festival.hfd.digital\/de\/archiv\/universityfuture-festival-2020\/showcase\/#breadcrumb","itemListElement":[{"@type":"ListItem","position":1,"name":"Archiv","item":"https:\/\/festival.hfd.digital\/de\/archiv\/"},{"@type":"ListItem","position":2,"name":"Recap: University:Future Festival 2020","item":"https:\/\/festival.hfd.digital\/de\/archiv\/universityfuture-festival-2020\/"},{"@type":"ListItem","position":3,"name":"Showcase"}]},{"@type":"WebSite","@id":"https:\/\/festival.hfd.digital\/de\/#website","url":"https:\/\/festival.hfd.digital\/de\/","name":"University:Future Festival 2026","description":"Das j\u00e4hrliche Festival zur Zukunft der Hochschulbildung.","potentialAction":[{"@type":"SearchAction","target":{"@type":"EntryPoint","urlTemplate":"https:\/\/festival.hfd.digital\/de\/?s={search_term_string}"},"query-input":{"@type":"PropertyValueSpecification","valueRequired":true,"valueName":"search_term_string"}}],"inLanguage":"de"}]}},"_links":{"self":[{"href":"https:\/\/festival.hfd.digital\/de\/wp-json\/wp\/v2\/pages\/984","targetHints":{"allow":["GET"]}}],"collection":[{"href":"https:\/\/festival.hfd.digital\/de\/wp-json\/wp\/v2\/pages"}],"about":[{"href":"https:\/\/festival.hfd.digital\/de\/wp-json\/wp\/v2\/types\/page"}],"author":[{"embeddable":true,"href":"https:\/\/festival.hfd.digital\/de\/wp-json\/wp\/v2\/users\/4"}],"replies":[{"embeddable":true,"href":"https:\/\/festival.hfd.digital\/de\/wp-json\/wp\/v2\/comments?post=984"}],"version-history":[{"count":12,"href":"https:\/\/festival.hfd.digital\/de\/wp-json\/wp\/v2\/pages\/984\/revisions"}],"predecessor-version":[{"id":2887,"href":"https:\/\/festival.hfd.digital\/de\/wp-json\/wp\/v2\/pages\/984\/revisions\/2887"}],"up":[{"embeddable":true,"href":"https:\/\/festival.hfd.digital\/de\/wp-json\/wp\/v2\/pages\/922"}],"wp:attachment":[{"href":"https:\/\/festival.hfd.digital\/de\/wp-json\/wp\/v2\/media?parent=984"}],"curies":[{"name":"wp","href":"https:\/\/api.w.org\/{rel}","templated":true}]}}