{"id":9798,"date":"2024-11-08T12:45:11","date_gmt":"2024-11-08T12:45:11","guid":{"rendered":"https:\/\/festival.hfd.digital\/de\/?page_id=9798"},"modified":"2025-11-13T12:29:15","modified_gmt":"2025-11-13T11:29:15","slug":"call-for-arts-interaction-2025","status":"publish","type":"page","link":"https:\/\/festival.hfd.digital\/de\/call-for-arts-interaction-2025\/","title":{"rendered":"Call for Arts &amp; Interaction &#8211; Der Call f\u00fcr Ideen zum Anfassen 2025"},"content":{"rendered":"\n<p><strong>Der Call ist geschlossen. Vielen Dank f\u00fcr Ihre Einreichungen!<\/strong><\/p>\n\n\n\n<p><strong>Der Call for Participation des University:Future Festivals 2025 \/imagine lief vom 11. November bis zum 03. Februar 2025 um 23:59 Uhr. Gesucht waren kreative Einreichungen aller Art. <\/strong><\/p>\n\n\n\n<p><strong>Hier finden Sie nochmal unsere Ausschreibung:<\/strong><\/p>\n\n\n\n<p>Neben den B\u00fchnenbeitr\u00e4gen und Workshops wollen wir die Festivalthemen auch 2025 auf andere, \u00fcberraschende Art erlebbar und erfahrbar machen! Das U:FF bietet einen Diskussionsraum und kreativen Zugang zum Motto \/imagine, der \u00fcber klassische B\u00fchnen- und Workshopformate hinausgeht. Wir suchen f\u00fcr die Festivalb\u00fchnen in Berlin, Braunschweig, Graz, N\u00fcrnberg und Z\u00fcrich innovative, \u00fcberraschende und kreative Angebote zum Anfassen und Ausprobieren. Besonders viel Raum haben wir in an der Mainstage in Berlin reserviert.<\/p>\n\n\n\n<p>Im Call for Arts &amp; Interaction suchen wir Beitr\u00e4ge, die nicht in ein zeitliches Programmraster passen. Der Phantasie sind nur die Grenzen des Machbaren gesetzt. Einige Beispiele, was man vor Ort umsetzen k\u00f6nnte:<\/p>\n\n\n\n<div class=\"wp-block-group\"><div class=\"wp-block-group__inner-container is-layout-constrained wp-block-group-is-layout-constrained\">\n<p>\ud83d\udc49 Kunstwerke, die sich mit Bildung und Digitalisierung auseinandersetzen.<\/p>\n\n\n\n<p>\ud83d\udc49 Mini-Makerspaces<\/p>\n\n\n\n<p>\ud83d\udc49 Prototypen f\u00fcr die Bildung, zB VR- und AR-Umgebungen.<\/p>\n\n\n\n<p>\ud83d\udc49 Computer, an denen man innovative Systeme und Umgebungen ausprobieren kann<\/p>\n\n\n\n<p>\ud83d\udc49 St\u00e4nde, an denen man Dinge erleben und erfahren kann.<\/p>\n\n\n\n<p>\ud83d\udc49 3D-Drucker mit coolen Konzepten.<\/p>\n<\/div><\/div>\n\n\n\n<p>Sie suchen spezifische Infos? Dann klicken Sie hier f\u00fcr <a href=\"#Zielgruppe\">Zielgruppe<\/a>,&nbsp;<a href=\"#Formate\">Formate<\/a>,&nbsp;<a href=\"#Umsetzung\">Umsetzung <\/a>und&nbsp;<a href=\"#Ablauf\">Ablauf<\/a>. Zudem haben wir Antworten auf die meist gestellten Fragen auf unserer&nbsp;<a href=\"https:\/\/festival.hfd.digital\/de\/faqs\/\">FAQ-Seite<\/a>&nbsp;gesammelt.<\/p>\n\n\n<div class=\"wp-block-image\">\n<figure class=\"aligncenter size-large is-resized\"><img loading=\"lazy\" decoding=\"async\" width=\"700\" height=\"233\" src=\"https:\/\/festival.hfd.digital\/de\/wp-content\/uploads\/sites\/3\/2024\/11\/UFF-2025_Banner-1-700x233.png\" alt=\"\" class=\"wp-image-9803\" style=\"width:868px;height:auto\" srcset=\"https:\/\/festival.hfd.digital\/de\/wp-content\/uploads\/sites\/3\/2024\/11\/UFF-2025_Banner-1-700x233.png 700w, https:\/\/festival.hfd.digital\/de\/wp-content\/uploads\/sites\/3\/2024\/11\/UFF-2025_Banner-1-250x83.png 250w, https:\/\/festival.hfd.digital\/de\/wp-content\/uploads\/sites\/3\/2024\/11\/UFF-2025_Banner-1-768x256.png 768w, https:\/\/festival.hfd.digital\/de\/wp-content\/uploads\/sites\/3\/2024\/11\/UFF-2025_Banner-1-1536x512.png 1536w, https:\/\/festival.hfd.digital\/de\/wp-content\/uploads\/sites\/3\/2024\/11\/UFF-2025_Banner-1-2048x683.png 2048w, https:\/\/festival.hfd.digital\/de\/wp-content\/uploads\/sites\/3\/2024\/11\/UFF-2025_Banner-1-120x40.png 120w\" sizes=\"auto, (max-width: 700px) 100vw, 700px\" \/><\/figure>\n<\/div>\n\n\n<h2 class=\"wp-block-heading\"><strong>Wen wir suchen<\/strong> <strong>\u2013 Zielgruppen des Calls<\/strong><\/h2>\n\n\n\n<p>Wir suchen alle Menschen, die Inspirierendes zum Anfassen und Ausprobieren zeigen wollen. Von dem:der Roboteringenieur:in zum:zur VR-Weltenbauer:in, von dem:der bildenden K\u00fcnstlerin bis zum:zur Aktivist:in.<\/p>\n\n\n\n<h2 class=\"wp-block-heading\" id=\"Formate\"><strong>Formate <\/strong>&#8211; <strong>Was wir suchen<\/strong><\/h2>\n\n\n\n<p>Wir suchen innovative, \u00fcberraschende und kreative Angebote zum Anfassen und Ausprobieren, die unsere Besucher:innen zum Lachen und Staunen bringen und die digitale Transformation der Hochschulbildung erlebbar machen. Roboter, tanzende Gem\u00e4lde, Hololenses, sprechende Teppiche oder rechnende Pferde &#8211; wir sind gespannt auf Ihre Werke und Ideen!<\/p>\n\n\n\n<h2 class=\"wp-block-heading\" id=\"Umsetzung\"><strong>Umsetzung<\/strong><\/h2>\n\n\n\n<p>Angenommene Einreichungen werden vor Ort im Experience:Space an der Berliner Mainstage oder an unseren Partnerb\u00fchnen umgesetzt. Prinzipiell ist alles denkbar, was sich mit den Festivalthemen auseinandersetzt und technisch und\/oder logistisch machbar ist. F\u00fcr die Umsetzung stellen wir den notwendigen Platz, Strom und Internet. Bei Fragen zu Formaten und Umsetzbarkeit sind wir jederzeit ansprechbar.&nbsp;<\/p>\n\n\n\n<h2 class=\"wp-block-heading\" id=\"Ablauf\"><strong>Ablauf des Calls<\/strong><\/h2>\n\n\n\n<p>Der Call for Arts &amp; Interaction des University:Future Festivals 2025 l\u00e4uft bis zum 03. Februar 2025, 23:59 Uhr. Nach Ende der Einreichungsfrist wird Ihr Vorschlag durch Mitglieder des Organisationsteams begutachtet und auf Umsetzbarkeit gepr\u00fcft. Wir informieren Sie dann bis Mitte Februar, ob Ihre Einreichung f\u00fcr Berlin ausgew\u00e4hlt wurde.&nbsp;<\/p>\n\n\n\n<div class=\"wp-block-buttons is-content-justification-left is-layout-flex wp-container-core-buttons-is-layout-fdcfc74e wp-block-buttons-is-layout-flex\">\n<div class=\"wp-block-button\"><a class=\"wp-block-button__link wp-element-button\" href=\"https:\/\/sessionize.com\/universityfuture-festival-2025-arts\/\" target=\"_blank\" rel=\"noreferrer noopener\">Hier geht es zum Formular des Call for Arts &amp; Interaction<\/a><\/div>\n<\/div>\n\n\n\n<h2 class=\"wp-block-heading\"><strong>Das Motto: \/imagine<\/strong><\/h2>\n\n\n\n<p>Das Festivalmotto 2025 ist <em>\/imagine<\/em>. Es ist eine Aufforderung an alle, in diesen politisch und gesellschaftlich schwierigen Zeiten grunds\u00e4tzlich, kreativ, kritisch und vor allem selbst zu denken.&nbsp;<\/p>\n\n\n\n<p>Das Motto<em> <\/em>adressiert alle Ebenen der Hochschulentwicklung: <em>\/imagine<\/em> agile und zukunftsf\u00e4hige Hochschul-Strukturen! <em>\/imagine<\/em> innovative Lehre an allen Hochschulen! <em>\/imagine<\/em> digital souver\u00e4ne und modern ausgestattete Institutionen! <em>\/imagine<\/em> einen klugen und nachhaltigen Einsatz von KI in der Hochschullehre<\/p>\n\n\n\n<p>Bei einer bekannten Bilder-KI startet <em>\/imagine<\/em> den Befehl zum Erschaffen eines neuen Bildes. Durch die Referenz auf die Kommandozeile sowie auf K\u00fcnstliche Intelligenz r\u00fccken wir auch aktuelle technische Fragestellungen in den Mittelpunkt des Festivals.<\/p>\n\n\n\n<p><strong>Bei weiteren R\u00fcckfragen wenden Sie sich bitte an:<\/strong><\/p>\n\n\n\n<p><strong>Johanna Leifeld<br><\/strong><a href=\"mailto:Johanna.Leifeld@CHE.de\">Johanna.Leifeld@CHE.de<\/a><br>+ 49 5241 9761-44<\/p>\n\n\n\n<p><strong>Henrike Menze<br><\/strong><a href=\"mailto:menze@hochschulforum.org\">menze@hochschulforum.org<\/a><br>+ 49 173 2534701<\/p>\n","protected":false},"excerpt":{"rendered":"Der Call ist geschlossen. Vielen Dank f\u00fcr Ihre Einreichungen! Der Call for Participation des University:Future Festivals 2025 \/imagine lief vom 11. November bis zum 03. Februar 2025 um 23:59 Uhr. Gesucht waren kreative Einreichungen aller Art. Hier finden Sie nochmal unsere Ausschreibung: Neben den B\u00fchnenbeitr\u00e4gen und Workshops wollen wir die Festivalthemen auch 2025 auf andere,&#8230; <a class=\"view-article\" href=\"https:\/\/festival.hfd.digital\/de\/call-for-arts-interaction-2025\/\">View Article<\/a>","protected":false},"author":24,"featured_media":9800,"parent":0,"menu_order":0,"comment_status":"closed","ping_status":"closed","template":"","meta":{"_acf_changed":false,"inline_featured_image":false,"footnotes":""},"class_list":["post-9798","page","type-page","status-publish","has-post-thumbnail","hentry"],"acf":[],"yoast_head":"<!-- This site is optimized with the Yoast SEO plugin v27.3 - https:\/\/yoast.com\/product\/yoast-seo-wordpress\/ -->\n<title>Call for Arts &amp; Interaction - Der Call f\u00fcr Ideen zum Anfassen 2025 - University:Future Festival 2026<\/title>\n<meta name=\"description\" content=\"Der Call for Arts &amp; Interaction f\u00fcr das U:FF 2025 ist ge\u00f6ffnet! Roboter, tanzende Gem\u00e4lde, Hololenses, sprechende Teppiche oder rechnende Pferde - wir sind gespannt auf Ihre Werke und Ideen!\" \/>\n<meta name=\"robots\" content=\"index, follow, max-snippet:-1, max-image-preview:large, max-video-preview:-1\" \/>\n<link rel=\"canonical\" href=\"https:\/\/festival.hfd.digital\/de\/call-for-arts-interaction-2025\/\" \/>\n<meta property=\"og:locale\" content=\"de_DE\" \/>\n<meta property=\"og:type\" content=\"article\" \/>\n<meta property=\"og:title\" content=\"Call for Arts &amp; Interaction - Der Call f\u00fcr Ideen zum Anfassen 2025 - University:Future Festival 2026\" \/>\n<meta property=\"og:description\" content=\"Der Call for Arts &amp; Interaction f\u00fcr das U:FF 2025 ist ge\u00f6ffnet! Roboter, tanzende Gem\u00e4lde, Hololenses, sprechende Teppiche oder rechnende Pferde - wir sind gespannt auf Ihre Werke und Ideen!\" \/>\n<meta property=\"og:url\" content=\"https:\/\/festival.hfd.digital\/de\/call-for-arts-interaction-2025\/\" \/>\n<meta property=\"og:site_name\" content=\"University:Future Festival 2026\" \/>\n<meta property=\"article:modified_time\" content=\"2025-11-13T11:29:15+00:00\" \/>\n<meta property=\"og:image\" content=\"https:\/\/festival.hfd.digital\/de\/wp-content\/uploads\/sites\/3\/2024\/11\/11.11.-Calls-sind-online.png\" \/>\n\t<meta property=\"og:image:width\" content=\"1920\" \/>\n\t<meta property=\"og:image:height\" content=\"1080\" \/>\n\t<meta property=\"og:image:type\" content=\"image\/png\" \/>\n<meta name=\"twitter:card\" content=\"summary_large_image\" \/>\n<meta name=\"twitter:label1\" content=\"Gesch\u00e4tzte Lesezeit\" \/>\n\t<meta name=\"twitter:data1\" content=\"4\u00a0Minuten\" \/>\n<script type=\"application\/ld+json\" class=\"yoast-schema-graph\">{\"@context\":\"https:\\\/\\\/schema.org\",\"@graph\":[{\"@type\":\"WebPage\",\"@id\":\"https:\\\/\\\/festival.hfd.digital\\\/de\\\/call-for-arts-interaction-2025\\\/\",\"url\":\"https:\\\/\\\/festival.hfd.digital\\\/de\\\/call-for-arts-interaction-2025\\\/\",\"name\":\"Call for Arts &amp; Interaction - Der Call f\u00fcr Ideen zum Anfassen 2025 - University:Future Festival 2026\",\"isPartOf\":{\"@id\":\"https:\\\/\\\/festival.hfd.digital\\\/de\\\/#website\"},\"primaryImageOfPage\":{\"@id\":\"https:\\\/\\\/festival.hfd.digital\\\/de\\\/call-for-arts-interaction-2025\\\/#primaryimage\"},\"image\":{\"@id\":\"https:\\\/\\\/festival.hfd.digital\\\/de\\\/call-for-arts-interaction-2025\\\/#primaryimage\"},\"thumbnailUrl\":\"https:\\\/\\\/festival.hfd.digital\\\/de\\\/wp-content\\\/uploads\\\/sites\\\/3\\\/2024\\\/11\\\/11.11.-Calls-sind-online.png\",\"datePublished\":\"2024-11-08T12:45:11+00:00\",\"dateModified\":\"2025-11-13T11:29:15+00:00\",\"description\":\"Der Call for Arts & Interaction f\u00fcr das U:FF 2025 ist ge\u00f6ffnet! Roboter, tanzende Gem\u00e4lde, Hololenses, sprechende Teppiche oder rechnende Pferde - wir sind gespannt auf Ihre Werke und Ideen!\",\"inLanguage\":\"de\",\"potentialAction\":[{\"@type\":\"ReadAction\",\"target\":[\"https:\\\/\\\/festival.hfd.digital\\\/de\\\/call-for-arts-interaction-2025\\\/\"]}]},{\"@type\":\"ImageObject\",\"inLanguage\":\"de\",\"@id\":\"https:\\\/\\\/festival.hfd.digital\\\/de\\\/call-for-arts-interaction-2025\\\/#primaryimage\",\"url\":\"https:\\\/\\\/festival.hfd.digital\\\/de\\\/wp-content\\\/uploads\\\/sites\\\/3\\\/2024\\\/11\\\/11.11.-Calls-sind-online.png\",\"contentUrl\":\"https:\\\/\\\/festival.hfd.digital\\\/de\\\/wp-content\\\/uploads\\\/sites\\\/3\\\/2024\\\/11\\\/11.11.-Calls-sind-online.png\",\"width\":1920,\"height\":1080},{\"@type\":\"WebSite\",\"@id\":\"https:\\\/\\\/festival.hfd.digital\\\/de\\\/#website\",\"url\":\"https:\\\/\\\/festival.hfd.digital\\\/de\\\/\",\"name\":\"University:Future Festival 2026\",\"description\":\"Das j\u00e4hrliche Festival zur Zukunft der Hochschulbildung.\",\"potentialAction\":[{\"@type\":\"SearchAction\",\"target\":{\"@type\":\"EntryPoint\",\"urlTemplate\":\"https:\\\/\\\/festival.hfd.digital\\\/de\\\/?s={search_term_string}\"},\"query-input\":{\"@type\":\"PropertyValueSpecification\",\"valueRequired\":true,\"valueName\":\"search_term_string\"}}],\"inLanguage\":\"de\"}]}<\/script>\n<!-- \/ Yoast SEO plugin. -->","yoast_head_json":{"title":"Call for Arts &amp; Interaction - Der Call f\u00fcr Ideen zum Anfassen 2025 - University:Future Festival 2026","description":"Der Call for Arts & Interaction f\u00fcr das U:FF 2025 ist ge\u00f6ffnet! Roboter, tanzende Gem\u00e4lde, Hololenses, sprechende Teppiche oder rechnende Pferde - wir sind gespannt auf Ihre Werke und Ideen!","robots":{"index":"index","follow":"follow","max-snippet":"max-snippet:-1","max-image-preview":"max-image-preview:large","max-video-preview":"max-video-preview:-1"},"canonical":"https:\/\/festival.hfd.digital\/de\/call-for-arts-interaction-2025\/","og_locale":"de_DE","og_type":"article","og_title":"Call for Arts &amp; Interaction - Der Call f\u00fcr Ideen zum Anfassen 2025 - University:Future Festival 2026","og_description":"Der Call for Arts & Interaction f\u00fcr das U:FF 2025 ist ge\u00f6ffnet! Roboter, tanzende Gem\u00e4lde, Hololenses, sprechende Teppiche oder rechnende Pferde - wir sind gespannt auf Ihre Werke und Ideen!","og_url":"https:\/\/festival.hfd.digital\/de\/call-for-arts-interaction-2025\/","og_site_name":"University:Future Festival 2026","article_modified_time":"2025-11-13T11:29:15+00:00","og_image":[{"width":1920,"height":1080,"url":"https:\/\/festival.hfd.digital\/de\/wp-content\/uploads\/sites\/3\/2024\/11\/11.11.-Calls-sind-online.png","type":"image\/png"}],"twitter_card":"summary_large_image","twitter_misc":{"Gesch\u00e4tzte Lesezeit":"4\u00a0Minuten"},"schema":{"@context":"https:\/\/schema.org","@graph":[{"@type":"WebPage","@id":"https:\/\/festival.hfd.digital\/de\/call-for-arts-interaction-2025\/","url":"https:\/\/festival.hfd.digital\/de\/call-for-arts-interaction-2025\/","name":"Call for Arts &amp; Interaction - Der Call f\u00fcr Ideen zum Anfassen 2025 - University:Future Festival 2026","isPartOf":{"@id":"https:\/\/festival.hfd.digital\/de\/#website"},"primaryImageOfPage":{"@id":"https:\/\/festival.hfd.digital\/de\/call-for-arts-interaction-2025\/#primaryimage"},"image":{"@id":"https:\/\/festival.hfd.digital\/de\/call-for-arts-interaction-2025\/#primaryimage"},"thumbnailUrl":"https:\/\/festival.hfd.digital\/de\/wp-content\/uploads\/sites\/3\/2024\/11\/11.11.-Calls-sind-online.png","datePublished":"2024-11-08T12:45:11+00:00","dateModified":"2025-11-13T11:29:15+00:00","description":"Der Call for Arts & Interaction f\u00fcr das U:FF 2025 ist ge\u00f6ffnet! Roboter, tanzende Gem\u00e4lde, Hololenses, sprechende Teppiche oder rechnende Pferde - wir sind gespannt auf Ihre Werke und Ideen!","inLanguage":"de","potentialAction":[{"@type":"ReadAction","target":["https:\/\/festival.hfd.digital\/de\/call-for-arts-interaction-2025\/"]}]},{"@type":"ImageObject","inLanguage":"de","@id":"https:\/\/festival.hfd.digital\/de\/call-for-arts-interaction-2025\/#primaryimage","url":"https:\/\/festival.hfd.digital\/de\/wp-content\/uploads\/sites\/3\/2024\/11\/11.11.-Calls-sind-online.png","contentUrl":"https:\/\/festival.hfd.digital\/de\/wp-content\/uploads\/sites\/3\/2024\/11\/11.11.-Calls-sind-online.png","width":1920,"height":1080},{"@type":"WebSite","@id":"https:\/\/festival.hfd.digital\/de\/#website","url":"https:\/\/festival.hfd.digital\/de\/","name":"University:Future Festival 2026","description":"Das j\u00e4hrliche Festival zur Zukunft der Hochschulbildung.","potentialAction":[{"@type":"SearchAction","target":{"@type":"EntryPoint","urlTemplate":"https:\/\/festival.hfd.digital\/de\/?s={search_term_string}"},"query-input":{"@type":"PropertyValueSpecification","valueRequired":true,"valueName":"search_term_string"}}],"inLanguage":"de"}]}},"_links":{"self":[{"href":"https:\/\/festival.hfd.digital\/de\/wp-json\/wp\/v2\/pages\/9798","targetHints":{"allow":["GET"]}}],"collection":[{"href":"https:\/\/festival.hfd.digital\/de\/wp-json\/wp\/v2\/pages"}],"about":[{"href":"https:\/\/festival.hfd.digital\/de\/wp-json\/wp\/v2\/types\/page"}],"author":[{"embeddable":true,"href":"https:\/\/festival.hfd.digital\/de\/wp-json\/wp\/v2\/users\/24"}],"replies":[{"embeddable":true,"href":"https:\/\/festival.hfd.digital\/de\/wp-json\/wp\/v2\/comments?post=9798"}],"version-history":[{"count":31,"href":"https:\/\/festival.hfd.digital\/de\/wp-json\/wp\/v2\/pages\/9798\/revisions"}],"predecessor-version":[{"id":12086,"href":"https:\/\/festival.hfd.digital\/de\/wp-json\/wp\/v2\/pages\/9798\/revisions\/12086"}],"wp:featuredmedia":[{"embeddable":true,"href":"https:\/\/festival.hfd.digital\/de\/wp-json\/wp\/v2\/media\/9800"}],"wp:attachment":[{"href":"https:\/\/festival.hfd.digital\/de\/wp-json\/wp\/v2\/media?parent=9798"}],"curies":[{"name":"wp","href":"https:\/\/api.w.org\/{rel}","templated":true}]}}