{"id":9775,"date":"2024-11-08T15:43:56","date_gmt":"2024-11-08T15:43:56","guid":{"rendered":"https:\/\/festival.hfd.digital\/de\/?page_id=9775"},"modified":"2025-11-10T14:50:32","modified_gmt":"2025-11-10T14:50:32","slug":"call-for-participation-2025","status":"publish","type":"page","link":"https:\/\/festival.hfd.digital\/de\/call-for-participation-2025\/","title":{"rendered":"Call for Participation 2025"},"content":{"rendered":"\n<p><strong>Der Call ist geschlossen. Vielen Dank f\u00fcr Ihre Einreichungen!<\/strong><\/p>\n\n\n\n<p><strong>Der Call for Participation des University:Future Festivals 2025 \/imagine lief vom 11. November bis zum 20. Januar 2025 um 23:59 Uhr. Gesucht waren Talks, Workshops, Diskussionen, Mikrofortbildungen und andere Formate. Wir laden alle Interessierten zur Teilnahme ein.<\/strong><\/p>\n\n\n\n<p><strong>Hier finden Sie nochmal unsere Ausschreibung:<\/strong><\/p>\n\n\n\n<p>Sie suchen spezifische Infos? Dann klicken Sie hier f\u00fcr <a href=\"#Tracks\">Tracks<\/a>, <a href=\"#Zielgruppe\">Zielgruppen<\/a>, <a href=\"#Formate\">Formate<\/a>, <a href=\"#Inhalte\">Inhalte<\/a> und <a href=\"#Ablauf\">Ablauf<\/a>. Zudem haben wir Antworten auf die meist gestellten Fragen auf unserer <a href=\"https:\/\/festival.hfd.digital\/de\/faqs\/\">FAQ-Seite<\/a> gesammelt.<\/p>\n\n\n<div class=\"wp-block-image\">\n<figure class=\"aligncenter size-large is-resized\"><img loading=\"lazy\" decoding=\"async\" width=\"700\" height=\"233\" src=\"https:\/\/festival.hfd.digital\/de\/wp-content\/uploads\/sites\/3\/2024\/11\/UFF-2025_Banner-1-700x233.png\" alt=\"\" class=\"wp-image-9803\" style=\"width:841px;height:auto\" srcset=\"https:\/\/festival.hfd.digital\/de\/wp-content\/uploads\/sites\/3\/2024\/11\/UFF-2025_Banner-1-700x233.png 700w, https:\/\/festival.hfd.digital\/de\/wp-content\/uploads\/sites\/3\/2024\/11\/UFF-2025_Banner-1-250x83.png 250w, https:\/\/festival.hfd.digital\/de\/wp-content\/uploads\/sites\/3\/2024\/11\/UFF-2025_Banner-1-768x256.png 768w, https:\/\/festival.hfd.digital\/de\/wp-content\/uploads\/sites\/3\/2024\/11\/UFF-2025_Banner-1-1536x512.png 1536w, https:\/\/festival.hfd.digital\/de\/wp-content\/uploads\/sites\/3\/2024\/11\/UFF-2025_Banner-1-2048x683.png 2048w, https:\/\/festival.hfd.digital\/de\/wp-content\/uploads\/sites\/3\/2024\/11\/UFF-2025_Banner-1-120x40.png 120w\" sizes=\"auto, (max-width: 700px) 100vw, 700px\" \/><\/figure>\n<\/div>\n\n\n<h1 class=\"wp-block-heading has-large-font-size\">Das Motto: \/imagine<\/h1>\n\n\n\n<p>Das Festivalmotto 2025 ist <em>\/imagine<\/em>. Es ist eine Aufforderung an alle, in&nbsp; diesen politisch und gesellschaftlich schwierigen Zeiten grunds\u00e4tzlich, kreativ, kritisch und vor allem selbst zu denken.&nbsp;<\/p>\n\n\n\n<p>Das Motto<em>&nbsp; <\/em>adressiert alle Ebenen der Hochschulentwicklung: <em>\/imagine<\/em> agile und zukunftsf\u00e4hige Hochschul-Strukturen! <em>\/imagine<\/em> innovative Lehre an allen Hochschulen! <em>\/imagine<\/em> digital souver\u00e4ne und modern ausgestattete Institutionen! <em>\/imagine<\/em> einen klugen und nachhaltigen Einsatz von KI in der Hochschullehre<\/p>\n\n\n\n<p>Bei einer bekannten Bilder-KI startet <em>\/imagine<\/em> den Befehl zum Erschaffen eines neuen Bildes. Durch die Referenz auf die Kommandozeile sowie auf K\u00fcnstliche Intelligenz r\u00fccken wir auch aktuelle technische Fragestellungen in den Mittelpunkt des Festivals.<\/p>\n\n\n\n<div class=\"wp-block-group\"><div class=\"wp-block-group__inner-container is-layout-constrained wp-block-group-is-layout-constrained\">\n<h1 class=\"wp-block-heading\" id=\"Tracks\"><strong>Tracks \u2013 welche Themen wir adressieren wollen<\/strong><\/h1>\n\n\n\n<p>Das Programm des University:Future Festivals strukturiert sich in sechs Tracks. Die Tracks spiegeln die Themen wider, die unsere Communities bewegen. Sie basieren auf den Ergebnissen einer Community-Umfrage, strategischer Setzung sowie Erfahrungen aus vergangenen Veranstaltungen.<\/p>\n\n\n\n<ol class=\"wp-block-list\">\n<li><a href=\"https:\/\/festival.hfd.digital\/de\/die-tracks-2025\/#The-bigger-picture\">The bigger picture<\/a><\/li>\n\n\n\n<li><a href=\"https:\/\/festival.hfd.digital\/de\/die-tracks-2025\/#AI-&amp;-Technology\">AI &amp; Technology<\/a><\/li>\n\n\n\n<li><a href=\"https:\/\/festival.hfd.digital\/de\/die-tracks-2025\/#Future-Skills\">Future Skills<\/a><\/li>\n\n\n\n<li><a href=\"https:\/\/festival.hfd.digital\/de\/die-tracks-2025\/#Innovative-Learning\">Innovative Learning<\/a><\/li>\n\n\n\n<li><a href=\"https:\/\/festival.hfd.digital\/de\/die-tracks-2025\/#people\">People<\/a><\/li>\n\n\n\n<li><a href=\"https:\/\/festival.hfd.digital\/de\/die-tracks-2025\/#Structures-&amp;-Strategies\">Structures &amp; Strategies<\/a><\/li>\n<\/ol>\n\n\n\n<p>Eine \u00dcbersicht mit allen Tracks finden Sie <a href=\"https:\/\/festival.hfd.digital\/de\/die-tracks-2025\/\">hier<\/a>.<\/p>\n<\/div><\/div>\n\n\n\n<h1 class=\"wp-block-heading\" id=\"Zielgruppe\"><strong>Wen wir suchen &#8211; Zielgruppen des Calls<\/strong><\/h1>\n\n\n\n<p>Jede:r kann am Call for Participation des University:Future Festivals 2025 teilnehmen \u2013 denn Hochschulbildung geht uns alle an. Wir sind sehr daran interessiert, innovative Ideen und Good-Practice-Beispiele aus der ganzen Welt ins Festivalprogramm zu bringen. Insbesondere sprechen wir an:<\/p>\n\n\n\n<p><strong>Hochschulangeh\u00f6rige:<\/strong> Die Hauptzielgruppe des Festivals sind Personen, die an Hochschulen t\u00e4tig sind \u2013 als Lehrende, als Didaktiker:innen, als Leitungspersonen oder als Mitarbeitende in der Verwaltung. Darunter fallen nat\u00fcrlich auch Mitarbeitende von Supporteinrichtungen wie IT, Datenschutz oder Rechtsabteilungen. Repr\u00e4sentant:innen privater Bildungseinrichtungen sind genauso zur Teilnahme aufgerufen wie Personen aus \u00f6ffentlich-rechtlichen Hochschulen.&nbsp;<\/p>\n\n\n\n<p><strong>Studierende: <\/strong>Die Stimme von Studierenden zu verst\u00e4rken, ist dem U:FF ein besonderes Anliegen. Wir laden studentische Organisationen und Individuen ein, ihre Ideen, Perspektiven, Meinungen und Forderungen auf dem Festival zu pr\u00e4sentieren.<\/p>\n\n\n\n<p><strong>Zivilgesellschaft:<\/strong> Perspektiven auf akademische Bildung sind aus vielen gesellschaftlichen Sektoren relevant. Wir suchen Menschen aus allen Bereichen, die zur Zukunft der (digitalen) Hochschulbildung etwas zu sagen haben.<\/p>\n\n\n\n<p><strong>Unternehmen:<\/strong> EdTechs und andere Unternehmen bieten innovative L\u00f6sungen, haben Bildungsbedarfe f\u00fcr Ihre Mitarbeitenden und sind wichtige Kooperationspartner f\u00fcr Hochschulen in Studium und Weiterbildung. Sie bieten f\u00fcr viele Herausforderungen innovative L\u00f6sungen. Bitte beachten Sie, dass reine Produkt-Pitches nicht Teil des Programms werden k\u00f6nnen.<\/p>\n\n\n\n<h1 class=\"wp-block-heading\" id=\"Formate\">Formate: Was wir suchen<\/h1>\n\n\n\n<p>Sie k\u00f6nnen im Rahmen des Calls for Participation zum University:Future Festival 2025 eine Reihe an Formaten einreichen. Bitte beachten Sie dabei, dass am letzten Veranstaltungstag ausschlie\u00dflich digitale Workshops und Trainings angeboten werden.<\/p>\n\n\n\n<figure class=\"wp-block-table\"><table class=\"has-fixed-layout\"><tbody><tr><td><strong>Format<\/strong><\/td><td><strong>Beschreibung<\/strong><\/td><td><strong>Dauer<\/strong><\/td><td><strong>Ort<\/strong><\/td><\/tr><tr><td>Inputs<\/td><td>Inputs zu einem Thema durch eine oder mehrere Personen. Der Fokus sollte dabei auf anwendbarem Wissen liegen. Die Form kann variieren, am verbreitetsten ist der Vortrag (ca. 20 Minuten) mit anschlie\u00dfender Diskussion.&nbsp;<br>Es sollen maximal zwei Personen Inputgebende sein, eine gr\u00f6\u00dfere Zahl ist inhaltlich zu begr\u00fcnden.&nbsp;<\/td><td>30 Minuten<\/td><td>Digital, einzelne Einreichungen werden auf Pr\u00e4senz-B\u00fchnen geladen<\/td><\/tr><tr><td>Lightning Talks<\/td><td>Kurz-Inputs durch maximal zwei Personen.<\/td><td>5 Minuten<\/td><td>Digital<\/td><\/tr><tr><td>Diskussionen<\/td><td>Eine dynamische und diverse Diskussion durch mehrere Personen. Die geplanten Mitdiskutant:innen m\u00fcssen in der Einreichung genannt werden.&nbsp;<br>Pro Diskutant:in sollten durchschnittlich mindestens 10 Minuten Redezeit eingeplant werden, d.h. bei einer 30 min\u00fctigen Diskussion: max. drei Diskutant:innen, bei 60 Minuten vier bis f\u00fcnf.&nbsp;<\/td><td>30 o. 60 Minuten<\/td><td>Digital, einzelne Einreichungen werden auf B\u00fchnen geladen<\/td><\/tr><tr><td>Workshops<\/td><td>Interaktive Formate mit begrenzten Teilnehmendenzahlen (standardm\u00e4\u00dfig maximal 50 Personen). Eine aktive Arbeit mit den Teilnehmenden wird vorausgesetzt.<\/td><td>60 o. 120 Minuten<\/td><td>Digital, einzelne Workshop werden eingeladen, um in Pr\u00e4senz stattzufinden<\/td><\/tr><tr><td>Trainings<\/td><td>Kurze Lerneinheiten. Hier ist die Teilnehmendenzahl unbegrenzt. Eine aktive Arbeit mit Teilnehmenden ist optional und abh\u00e4ngig vom Lernziel.<\/td><td>60 o. 120 Minuten<\/td><td>Digital, einzelne Trainings rein in Pr\u00e4senz<\/td><\/tr><\/tbody><\/table><\/figure>\n\n\n\n<h1 class=\"wp-block-heading\" id=\"Formate\"><strong>Orte: Wo Sie pr\u00e4sentieren k\u00f6nnen<\/strong><\/h1>\n\n\n\n<p>Das University:Future Festival ist eine hybride Digital-First-Veranstaltung mit voraussichtlich 5 B\u00fchnen in ganz Deutschland. Anders gesagt: <strong>Unser Format ist ungew\u00f6hnlich<\/strong>.<\/p>\n\n\n\n<p>Wir bitten Sie daher um eine Info, von wo aus Sie pr\u00e4sentieren k\u00f6nnen und wollen:<\/p>\n\n\n\n<ul class=\"wp-block-list\">\n<li>Der <strong>Standard ist die Pr\u00e4sentation aus dem digitalen Raum<\/strong>.<\/li>\n\n\n\n<li>Es ist m\u00f6glich, dass wir Sie zu einer <strong>Pr\u00e4sentation an einer unserer physischen B\u00fchnen einladen<\/strong>. In dem Fall pr\u00e4sentieren Sie vor Ort und werden auf die digitale Plattform gestreamt. Deshalb fragen wir Ihre prinzipielle Bereitschaft zur Anreise ab.<\/li>\n<\/ul>\n\n\n\n<p>Bitte beachten Sie: Wenn wir Sie mit einem Input auf eine unserer B\u00fchnen einladen, begrenzen wir die Anzahl an Personen aus Kostengr\u00fcnden im Regelfall auf zwei.<\/p>\n\n\n\n<h1 class=\"wp-block-heading\" id=\"Inhalte\">Inhalte: Was wir suchen<\/h1>\n\n\n\n<p>Eine gute Einreichung macht Folgendes aus:<\/p>\n\n\n\n<ol class=\"wp-block-list\">\n<li>L\u00f6sungsans\u00e4tze, Relevanz, Haltung, Aktualit\u00e4t, konstruktive Kritik: Wir wollen verschiedene Blickwinkel beleuchten. Wir begr\u00fc\u00dfen eine breite Palette an Themen und Perspektiven.<\/li>\n\n\n\n<li>Unterhaltsames: Wir suchen gute Inhalte &#8211; und m\u00f6chten diese auch gut aufbereitet sehen.<\/li>\n\n\n\n<li>Referenz zu Motto und Tracks: Stellen Sie in Titel und Beschreibung eine Verbindung zum Festivalmotto sowie zum jeweiligen Track her.<\/li>\n\n\n\n<li>Vielfalt: Eine ausgewogene Geschlechterbalance, Sichtbarkeit von People of Colour sowie Menschen, die sich nicht dem traditionellen bin\u00e4ren Geschlechterverst\u00e4ndnis zugeh\u00f6rig f\u00fchlen, sind uns ein besonderes Anliegen.<\/li>\n\n\n\n<li>Keine Verkaufspr\u00e4sentationen. Reine Produkt-Marketing-Pitches und offensichtliche Werbung werden nicht ber\u00fccksichtigt.<\/li>\n<\/ol>\n\n\n\n<h1 class=\"wp-block-heading\" id=\"Ablauf\"><strong>Ablauf des Calls&nbsp;<\/strong><\/h1>\n\n\n\n<p>Der Call for Participation des University:Future Festivals 2025 lief bis zum 20. Januar 2025. Nun werden die Einreichungen durch eine Track-Jury begutachtet. Die Track-Jurys setzen sich aus Fachleuten im jeweiligen Bereich, Studierenden sowie Vertreter:innen von Hochschulforum Digitalisierung, der Stiftung Innovation in der Hochschullehre und B\u00fchnenpartnern zusammen. Wir achten darauf, dass Ihr Beitrag von mindestens f\u00fcnf Personen gelesen und bewertet wird, in der Regel sind es mehr.<\/p>\n\n\n\n<p>In einer zweiten Stufe kommen die Leitungen der Track-Jurys zusammen und entscheiden \u00fcber die Setzung des Programms. Sp\u00e4testens Anfang M\u00e4rz 2025 erhalten Sie eine Entscheidung von der Jury.<\/p>\n\n\n\n<p>Im Falle einer negativen Entscheidung erhalten Sie von uns eine Begr\u00fcndung.<\/p>\n\n\n\n<p><strong>Bei weiteren R\u00fcckfragen wenden Sie sich bitte an:<\/strong><\/p>\n\n\n\n<p>Sebastian Horndasch<br><a href=\"mailto:festival_programm@hochschulforum.org\" target=\"_blank\" rel=\"noreferrer noopener\">festival_programm@hochschulforum.org<\/a><br>+49 (0) 174 9080747<\/p>\n","protected":false},"excerpt":{"rendered":"Der Call ist geschlossen. Vielen Dank f\u00fcr Ihre Einreichungen! Der Call for Participation des University:Future Festivals 2025 \/imagine lief vom 11. November bis zum 20. Januar 2025 um 23:59 Uhr. Gesucht waren Talks, Workshops, Diskussionen, Mikrofortbildungen und andere Formate. Wir laden alle Interessierten zur Teilnahme ein. Hier finden Sie nochmal unsere Ausschreibung: Sie suchen spezifische&#8230; <a class=\"view-article\" href=\"https:\/\/festival.hfd.digital\/de\/call-for-participation-2025\/\">View Article<\/a>","protected":false},"author":27,"featured_media":9773,"parent":0,"menu_order":0,"comment_status":"closed","ping_status":"closed","template":"","meta":{"_acf_changed":false,"inline_featured_image":false,"footnotes":""},"class_list":["post-9775","page","type-page","status-publish","has-post-thumbnail","hentry"],"acf":[],"yoast_head":"<!-- This site is optimized with the Yoast SEO plugin v27.3 - https:\/\/yoast.com\/product\/yoast-seo-wordpress\/ -->\n<title>Call for Participation 2025 - University:Future Festival 2026<\/title>\n<meta name=\"description\" content=\"Jede:r kann am Call for Participation des University:Future Festivals 2025 teilnehmen \u2013 denn Hochschulbildung geht uns alle an.\" \/>\n<meta name=\"robots\" content=\"index, follow, max-snippet:-1, max-image-preview:large, max-video-preview:-1\" \/>\n<link rel=\"canonical\" href=\"https:\/\/festival.hfd.digital\/de\/call-for-participation-2025\/\" \/>\n<meta property=\"og:locale\" content=\"de_DE\" \/>\n<meta property=\"og:type\" content=\"article\" \/>\n<meta property=\"og:title\" content=\"Call for Participation 2025 - University:Future Festival 2026\" \/>\n<meta property=\"og:description\" content=\"Jede:r kann am Call for Participation des University:Future Festivals 2025 teilnehmen \u2013 denn Hochschulbildung geht uns alle an.\" \/>\n<meta property=\"og:url\" content=\"https:\/\/festival.hfd.digital\/de\/call-for-participation-2025\/\" \/>\n<meta property=\"og:site_name\" content=\"University:Future Festival 2026\" \/>\n<meta property=\"article:modified_time\" content=\"2025-11-10T14:50:32+00:00\" \/>\n<meta property=\"og:image\" content=\"https:\/\/festival.hfd.digital\/de\/wp-content\/uploads\/sites\/3\/2024\/11\/31.10.-Motto-imagine.png\" \/>\n\t<meta property=\"og:image:width\" content=\"1920\" \/>\n\t<meta property=\"og:image:height\" content=\"1080\" \/>\n\t<meta property=\"og:image:type\" content=\"image\/png\" \/>\n<meta name=\"twitter:card\" content=\"summary_large_image\" \/>\n<meta name=\"twitter:label1\" content=\"Gesch\u00e4tzte Lesezeit\" \/>\n\t<meta name=\"twitter:data1\" content=\"6\u00a0Minuten\" \/>\n<script type=\"application\/ld+json\" class=\"yoast-schema-graph\">{\"@context\":\"https:\\\/\\\/schema.org\",\"@graph\":[{\"@type\":\"WebPage\",\"@id\":\"https:\\\/\\\/festival.hfd.digital\\\/de\\\/call-for-participation-2025\\\/\",\"url\":\"https:\\\/\\\/festival.hfd.digital\\\/de\\\/call-for-participation-2025\\\/\",\"name\":\"Call for Participation 2025 - University:Future Festival 2026\",\"isPartOf\":{\"@id\":\"https:\\\/\\\/festival.hfd.digital\\\/de\\\/#website\"},\"primaryImageOfPage\":{\"@id\":\"https:\\\/\\\/festival.hfd.digital\\\/de\\\/call-for-participation-2025\\\/#primaryimage\"},\"image\":{\"@id\":\"https:\\\/\\\/festival.hfd.digital\\\/de\\\/call-for-participation-2025\\\/#primaryimage\"},\"thumbnailUrl\":\"https:\\\/\\\/festival.hfd.digital\\\/de\\\/wp-content\\\/uploads\\\/sites\\\/3\\\/2024\\\/11\\\/31.10.-Motto-imagine.png\",\"datePublished\":\"2024-11-08T15:43:56+00:00\",\"dateModified\":\"2025-11-10T14:50:32+00:00\",\"description\":\"Jede:r kann am Call for Participation des University:Future Festivals 2025 teilnehmen \u2013 denn Hochschulbildung geht uns alle an.\",\"inLanguage\":\"de\",\"potentialAction\":[{\"@type\":\"ReadAction\",\"target\":[\"https:\\\/\\\/festival.hfd.digital\\\/de\\\/call-for-participation-2025\\\/\"]}]},{\"@type\":\"ImageObject\",\"inLanguage\":\"de\",\"@id\":\"https:\\\/\\\/festival.hfd.digital\\\/de\\\/call-for-participation-2025\\\/#primaryimage\",\"url\":\"https:\\\/\\\/festival.hfd.digital\\\/de\\\/wp-content\\\/uploads\\\/sites\\\/3\\\/2024\\\/11\\\/31.10.-Motto-imagine.png\",\"contentUrl\":\"https:\\\/\\\/festival.hfd.digital\\\/de\\\/wp-content\\\/uploads\\\/sites\\\/3\\\/2024\\\/11\\\/31.10.-Motto-imagine.png\",\"width\":1920,\"height\":1080},{\"@type\":\"WebSite\",\"@id\":\"https:\\\/\\\/festival.hfd.digital\\\/de\\\/#website\",\"url\":\"https:\\\/\\\/festival.hfd.digital\\\/de\\\/\",\"name\":\"University:Future Festival 2026\",\"description\":\"Das j\u00e4hrliche Festival zur Zukunft der Hochschulbildung.\",\"potentialAction\":[{\"@type\":\"SearchAction\",\"target\":{\"@type\":\"EntryPoint\",\"urlTemplate\":\"https:\\\/\\\/festival.hfd.digital\\\/de\\\/?s={search_term_string}\"},\"query-input\":{\"@type\":\"PropertyValueSpecification\",\"valueRequired\":true,\"valueName\":\"search_term_string\"}}],\"inLanguage\":\"de\"}]}<\/script>\n<!-- \/ Yoast SEO plugin. -->","yoast_head_json":{"title":"Call for Participation 2025 - University:Future Festival 2026","description":"Jede:r kann am Call for Participation des University:Future Festivals 2025 teilnehmen \u2013 denn Hochschulbildung geht uns alle an.","robots":{"index":"index","follow":"follow","max-snippet":"max-snippet:-1","max-image-preview":"max-image-preview:large","max-video-preview":"max-video-preview:-1"},"canonical":"https:\/\/festival.hfd.digital\/de\/call-for-participation-2025\/","og_locale":"de_DE","og_type":"article","og_title":"Call for Participation 2025 - University:Future Festival 2026","og_description":"Jede:r kann am Call for Participation des University:Future Festivals 2025 teilnehmen \u2013 denn Hochschulbildung geht uns alle an.","og_url":"https:\/\/festival.hfd.digital\/de\/call-for-participation-2025\/","og_site_name":"University:Future Festival 2026","article_modified_time":"2025-11-10T14:50:32+00:00","og_image":[{"width":1920,"height":1080,"url":"https:\/\/festival.hfd.digital\/de\/wp-content\/uploads\/sites\/3\/2024\/11\/31.10.-Motto-imagine.png","type":"image\/png"}],"twitter_card":"summary_large_image","twitter_misc":{"Gesch\u00e4tzte Lesezeit":"6\u00a0Minuten"},"schema":{"@context":"https:\/\/schema.org","@graph":[{"@type":"WebPage","@id":"https:\/\/festival.hfd.digital\/de\/call-for-participation-2025\/","url":"https:\/\/festival.hfd.digital\/de\/call-for-participation-2025\/","name":"Call for Participation 2025 - University:Future Festival 2026","isPartOf":{"@id":"https:\/\/festival.hfd.digital\/de\/#website"},"primaryImageOfPage":{"@id":"https:\/\/festival.hfd.digital\/de\/call-for-participation-2025\/#primaryimage"},"image":{"@id":"https:\/\/festival.hfd.digital\/de\/call-for-participation-2025\/#primaryimage"},"thumbnailUrl":"https:\/\/festival.hfd.digital\/de\/wp-content\/uploads\/sites\/3\/2024\/11\/31.10.-Motto-imagine.png","datePublished":"2024-11-08T15:43:56+00:00","dateModified":"2025-11-10T14:50:32+00:00","description":"Jede:r kann am Call for Participation des University:Future Festivals 2025 teilnehmen \u2013 denn Hochschulbildung geht uns alle an.","inLanguage":"de","potentialAction":[{"@type":"ReadAction","target":["https:\/\/festival.hfd.digital\/de\/call-for-participation-2025\/"]}]},{"@type":"ImageObject","inLanguage":"de","@id":"https:\/\/festival.hfd.digital\/de\/call-for-participation-2025\/#primaryimage","url":"https:\/\/festival.hfd.digital\/de\/wp-content\/uploads\/sites\/3\/2024\/11\/31.10.-Motto-imagine.png","contentUrl":"https:\/\/festival.hfd.digital\/de\/wp-content\/uploads\/sites\/3\/2024\/11\/31.10.-Motto-imagine.png","width":1920,"height":1080},{"@type":"WebSite","@id":"https:\/\/festival.hfd.digital\/de\/#website","url":"https:\/\/festival.hfd.digital\/de\/","name":"University:Future Festival 2026","description":"Das j\u00e4hrliche Festival zur Zukunft der Hochschulbildung.","potentialAction":[{"@type":"SearchAction","target":{"@type":"EntryPoint","urlTemplate":"https:\/\/festival.hfd.digital\/de\/?s={search_term_string}"},"query-input":{"@type":"PropertyValueSpecification","valueRequired":true,"valueName":"search_term_string"}}],"inLanguage":"de"}]}},"_links":{"self":[{"href":"https:\/\/festival.hfd.digital\/de\/wp-json\/wp\/v2\/pages\/9775","targetHints":{"allow":["GET"]}}],"collection":[{"href":"https:\/\/festival.hfd.digital\/de\/wp-json\/wp\/v2\/pages"}],"about":[{"href":"https:\/\/festival.hfd.digital\/de\/wp-json\/wp\/v2\/types\/page"}],"author":[{"embeddable":true,"href":"https:\/\/festival.hfd.digital\/de\/wp-json\/wp\/v2\/users\/27"}],"replies":[{"embeddable":true,"href":"https:\/\/festival.hfd.digital\/de\/wp-json\/wp\/v2\/comments?post=9775"}],"version-history":[{"count":48,"href":"https:\/\/festival.hfd.digital\/de\/wp-json\/wp\/v2\/pages\/9775\/revisions"}],"predecessor-version":[{"id":11957,"href":"https:\/\/festival.hfd.digital\/de\/wp-json\/wp\/v2\/pages\/9775\/revisions\/11957"}],"wp:featuredmedia":[{"embeddable":true,"href":"https:\/\/festival.hfd.digital\/de\/wp-json\/wp\/v2\/media\/9773"}],"wp:attachment":[{"href":"https:\/\/festival.hfd.digital\/de\/wp-json\/wp\/v2\/media?parent=9775"}],"curies":[{"name":"wp","href":"https:\/\/api.w.org\/{rel}","templated":true}]}}