{"id":9754,"date":"2024-10-17T09:03:00","date_gmt":"2024-10-17T09:03:00","guid":{"rendered":"https:\/\/festival.hfd.digital\/de\/?page_id=9754"},"modified":"2025-12-04T09:39:47","modified_gmt":"2025-12-04T08:39:47","slug":"calls-2025","status":"publish","type":"page","link":"https:\/\/festival.hfd.digital\/de\/calls-2025\/","title":{"rendered":"Calls 2025"},"content":{"rendered":"\n<p><strong>Sie sind auf der Seite der Calls zum University:Future Festival 2025. Wenn Sie nach den <a href=\"https:\/\/festival.hfd.digital\/de\/calls-2026\/\">Calls f\u00fcr das Festival von 2026 suchen, klicken Sie bitte hier.<\/a><\/strong><\/p>\n\n\n\n<p><strong>F\u00fcr 2025 hatten wir folgende Calls<\/strong>:<\/p>\n\n\n\n<p><strong>1 &#8211; <a href=\"https:\/\/festival.hfd.digital\/de\/call-for-volunteers-2025\/\">Call for Volunteers &#8211; Session:Host<\/a><\/strong> <strong>(geschlossen)<\/strong>: Der Call war vom 3. &#8211; 24.03.2025 ge\u00f6ffnet.<\/p>\n\n\n\n<p><strong>2 &#8211; <a href=\"https:\/\/festival.hfd.digital\/de\/cfp2025\/\">Call for Participation<\/a> (geschlossen): <\/strong>Bis zum 20. Januar 2025 konnten Sie Talks, Diskussionen, Workshops und Trainings einreichen.<\/p>\n\n\n\n<p><strong>3 &#8211; <a href=\"https:\/\/festival.hfd.digital\/de\/call-for-arts-interaction-2025\/\">Call for Arts &amp; Interaction:<\/a><\/strong> <strong>(geschlossen)<\/strong> Unser Call f\u00fcr St\u00e4nde, Installationen und k\u00fcnstlerische Einreichungen lief bis zum 03. Februar 2025.<\/p>\n\n\n\n<p><strong>4 &#8211; <a href=\"https:\/\/festival.hfd.digital\/de\/call-for-volunteers-jury\/\">Call for Volunteers &#8211; Jury<\/a> (geschlossen):<\/strong> Wir suchten Menschen, die sich als Jurymitglieder einbringen. Der Call ist seit dem 17. November abgelaufen.<\/p>\n\n\n\n<p><\/p>\n","protected":false},"excerpt":{"rendered":"Sie sind auf der Seite der Calls zum University:Future Festival 2025. Wenn Sie nach den Calls f\u00fcr das Festival von 2026 suchen, klicken Sie bitte hier. F\u00fcr 2025 hatten wir folgende Calls: 1 &#8211; Call for Volunteers &#8211; Session:Host (geschlossen): Der Call war vom 3. &#8211; 24.03.2025 ge\u00f6ffnet. 2 &#8211; Call for Participation (geschlossen): Bis&#8230; <a class=\"view-article\" href=\"https:\/\/festival.hfd.digital\/de\/calls-2025\/\">View Article<\/a>","protected":false},"author":3,"featured_media":0,"parent":0,"menu_order":0,"comment_status":"closed","ping_status":"closed","template":"","meta":{"_acf_changed":false,"inline_featured_image":false,"footnotes":""},"class_list":["post-9754","page","type-page","status-publish","hentry"],"acf":[],"yoast_head":"<!-- This site is optimized with the Yoast SEO plugin v27.3 - https:\/\/yoast.com\/product\/yoast-seo-wordpress\/ -->\n<title>Calls 2025 - University:Future Festival 2025<\/title>\n<meta name=\"description\" content=\"Die Calls zum University:Future Festival 2025 in der \u00dcbersicht. Jetzt mitmachen und das Festival aktiv mitgestalten!\" \/>\n<meta name=\"robots\" content=\"index, follow, max-snippet:-1, max-image-preview:large, max-video-preview:-1\" \/>\n<link rel=\"canonical\" href=\"https:\/\/festival.hfd.digital\/de\/calls-2025\/\" \/>\n<meta property=\"og:locale\" content=\"de_DE\" \/>\n<meta property=\"og:type\" content=\"article\" \/>\n<meta property=\"og:title\" content=\"Calls 2025 - University:Future Festival 2025\" \/>\n<meta property=\"og:description\" content=\"Die Calls zum University:Future Festival 2025 in der \u00dcbersicht. Jetzt mitmachen und das Festival aktiv mitgestalten!\" \/>\n<meta property=\"og:url\" content=\"https:\/\/festival.hfd.digital\/de\/calls-2025\/\" \/>\n<meta property=\"og:site_name\" content=\"University:Future Festival 2026\" \/>\n<meta property=\"article:modified_time\" content=\"2025-12-04T08:39:47+00:00\" \/>\n<meta name=\"twitter:card\" content=\"summary_large_image\" \/>\n<meta name=\"twitter:label1\" content=\"Gesch\u00e4tzte Lesezeit\" \/>\n\t<meta name=\"twitter:data1\" content=\"1\u00a0Minute\" \/>\n<script type=\"application\/ld+json\" class=\"yoast-schema-graph\">{\"@context\":\"https:\\\/\\\/schema.org\",\"@graph\":[{\"@type\":\"WebPage\",\"@id\":\"https:\\\/\\\/festival.hfd.digital\\\/de\\\/calls-2025\\\/\",\"url\":\"https:\\\/\\\/festival.hfd.digital\\\/de\\\/calls-2025\\\/\",\"name\":\"Calls 2025 - University:Future Festival 2025\",\"isPartOf\":{\"@id\":\"https:\\\/\\\/festival.hfd.digital\\\/de\\\/#website\"},\"datePublished\":\"2024-10-17T09:03:00+00:00\",\"dateModified\":\"2025-12-04T08:39:47+00:00\",\"description\":\"Die Calls zum University:Future Festival 2025 in der \u00dcbersicht. Jetzt mitmachen und das Festival aktiv mitgestalten!\",\"inLanguage\":\"de\",\"potentialAction\":[{\"@type\":\"ReadAction\",\"target\":[\"https:\\\/\\\/festival.hfd.digital\\\/de\\\/calls-2025\\\/\"]}]},{\"@type\":\"WebSite\",\"@id\":\"https:\\\/\\\/festival.hfd.digital\\\/de\\\/#website\",\"url\":\"https:\\\/\\\/festival.hfd.digital\\\/de\\\/\",\"name\":\"University:Future Festival 2026\",\"description\":\"Das j\u00e4hrliche Festival zur Zukunft der Hochschulbildung.\",\"potentialAction\":[{\"@type\":\"SearchAction\",\"target\":{\"@type\":\"EntryPoint\",\"urlTemplate\":\"https:\\\/\\\/festival.hfd.digital\\\/de\\\/?s={search_term_string}\"},\"query-input\":{\"@type\":\"PropertyValueSpecification\",\"valueRequired\":true,\"valueName\":\"search_term_string\"}}],\"inLanguage\":\"de\"}]}<\/script>\n<!-- \/ Yoast SEO plugin. -->","yoast_head_json":{"title":"Calls 2025 - University:Future Festival 2025","description":"Die Calls zum University:Future Festival 2025 in der \u00dcbersicht. Jetzt mitmachen und das Festival aktiv mitgestalten!","robots":{"index":"index","follow":"follow","max-snippet":"max-snippet:-1","max-image-preview":"max-image-preview:large","max-video-preview":"max-video-preview:-1"},"canonical":"https:\/\/festival.hfd.digital\/de\/calls-2025\/","og_locale":"de_DE","og_type":"article","og_title":"Calls 2025 - University:Future Festival 2025","og_description":"Die Calls zum University:Future Festival 2025 in der \u00dcbersicht. Jetzt mitmachen und das Festival aktiv mitgestalten!","og_url":"https:\/\/festival.hfd.digital\/de\/calls-2025\/","og_site_name":"University:Future Festival 2026","article_modified_time":"2025-12-04T08:39:47+00:00","twitter_card":"summary_large_image","twitter_misc":{"Gesch\u00e4tzte Lesezeit":"1\u00a0Minute"},"schema":{"@context":"https:\/\/schema.org","@graph":[{"@type":"WebPage","@id":"https:\/\/festival.hfd.digital\/de\/calls-2025\/","url":"https:\/\/festival.hfd.digital\/de\/calls-2025\/","name":"Calls 2025 - University:Future Festival 2025","isPartOf":{"@id":"https:\/\/festival.hfd.digital\/de\/#website"},"datePublished":"2024-10-17T09:03:00+00:00","dateModified":"2025-12-04T08:39:47+00:00","description":"Die Calls zum University:Future Festival 2025 in der \u00dcbersicht. Jetzt mitmachen und das Festival aktiv mitgestalten!","inLanguage":"de","potentialAction":[{"@type":"ReadAction","target":["https:\/\/festival.hfd.digital\/de\/calls-2025\/"]}]},{"@type":"WebSite","@id":"https:\/\/festival.hfd.digital\/de\/#website","url":"https:\/\/festival.hfd.digital\/de\/","name":"University:Future Festival 2026","description":"Das j\u00e4hrliche Festival zur Zukunft der Hochschulbildung.","potentialAction":[{"@type":"SearchAction","target":{"@type":"EntryPoint","urlTemplate":"https:\/\/festival.hfd.digital\/de\/?s={search_term_string}"},"query-input":{"@type":"PropertyValueSpecification","valueRequired":true,"valueName":"search_term_string"}}],"inLanguage":"de"}]}},"_links":{"self":[{"href":"https:\/\/festival.hfd.digital\/de\/wp-json\/wp\/v2\/pages\/9754","targetHints":{"allow":["GET"]}}],"collection":[{"href":"https:\/\/festival.hfd.digital\/de\/wp-json\/wp\/v2\/pages"}],"about":[{"href":"https:\/\/festival.hfd.digital\/de\/wp-json\/wp\/v2\/types\/page"}],"author":[{"embeddable":true,"href":"https:\/\/festival.hfd.digital\/de\/wp-json\/wp\/v2\/users\/3"}],"replies":[{"embeddable":true,"href":"https:\/\/festival.hfd.digital\/de\/wp-json\/wp\/v2\/comments?post=9754"}],"version-history":[{"count":14,"href":"https:\/\/festival.hfd.digital\/de\/wp-json\/wp\/v2\/pages\/9754\/revisions"}],"predecessor-version":[{"id":12369,"href":"https:\/\/festival.hfd.digital\/de\/wp-json\/wp\/v2\/pages\/9754\/revisions\/12369"}],"wp:attachment":[{"href":"https:\/\/festival.hfd.digital\/de\/wp-json\/wp\/v2\/media?parent=9754"}],"curies":[{"name":"wp","href":"https:\/\/api.w.org\/{rel}","templated":true}]}}