{"id":9740,"date":"2024-10-14T11:25:34","date_gmt":"2024-10-14T11:25:34","guid":{"rendered":"https:\/\/festival.hfd.digital\/de\/?page_id=9740"},"modified":"2025-12-10T13:05:53","modified_gmt":"2025-12-10T12:05:53","slug":"call-for-volunteers-jury","status":"publish","type":"page","link":"https:\/\/festival.hfd.digital\/de\/call-for-volunteers-jury\/","title":{"rendered":"Call for Volunteers &#8211; Jury (geschlossen)"},"content":{"rendered":"\n<p><strong>Das University:Future Festival k\u00f6nnte ohne engagierte Community-Mitglieder nicht in dieser Form existieren. F\u00fcr 2026 suchen wir wieder Volunteers, die sich auf verschiedene Arten f\u00fcrs Gelingen des Festivals einsetzen. Die Unterst\u00fctzung betrifft unter anderem die Mitwirkung bei der Auswahl der Programmbeitr\u00e4ge sowie digitale Moderationst\u00e4tigkeiten w\u00e4hrend des Festivals.<\/strong><\/p>\n\n\n\n<p><strong>Der &#8222;Call for Volunteers &#8211; Jury&#8220; ist geschlossen. Wir melden uns noch vor Weihnachten bei den Interessent:innen mit einem Zwischenstand.<\/strong><\/p>\n\n\n<div class=\"wp-block-image\">\n<figure class=\"aligncenter size-large\"><img loading=\"lazy\" decoding=\"async\" width=\"700\" height=\"467\" src=\"https:\/\/festival.hfd.digital\/de\/wp-content\/uploads\/sites\/3\/2025\/10\/54531349252_5689facde6_o-700x467.jpg\" alt=\"\" class=\"wp-image-11908\" srcset=\"https:\/\/festival.hfd.digital\/de\/wp-content\/uploads\/sites\/3\/2025\/10\/54531349252_5689facde6_o-700x467.jpg 700w, https:\/\/festival.hfd.digital\/de\/wp-content\/uploads\/sites\/3\/2025\/10\/54531349252_5689facde6_o-250x167.jpg 250w, https:\/\/festival.hfd.digital\/de\/wp-content\/uploads\/sites\/3\/2025\/10\/54531349252_5689facde6_o-768x512.jpg 768w, https:\/\/festival.hfd.digital\/de\/wp-content\/uploads\/sites\/3\/2025\/10\/54531349252_5689facde6_o-1536x1024.jpg 1536w, https:\/\/festival.hfd.digital\/de\/wp-content\/uploads\/sites\/3\/2025\/10\/54531349252_5689facde6_o-2048x1366.jpg 2048w, https:\/\/festival.hfd.digital\/de\/wp-content\/uploads\/sites\/3\/2025\/10\/54531349252_5689facde6_o-120x80.jpg 120w\" sizes=\"auto, (max-width: 700px) 100vw, 700px\" \/><figcaption class=\"wp-element-caption\">Als Volunteer das Festival mitgestalten! Foto: Bernhard Ludewig<\/figcaption><\/figure>\n<\/div>\n\n\n<p>Das U:FF erh\u00e4lt in der Regel 550 bis 600 Einreichungen. Die Auswahl treffen vor allem aus Community-Mitgliedern besetzte Track-Jurys in einem zweistufigen Prozess. So stellen wir einen angemessenen, qualit\u00e4tsorientierten und zeitlich machbaren Prozess sicher.&nbsp; Wenn Sie sich aktiv an dieser Auswahl beteiligen m\u00f6chten, freuen wir uns \u00fcber Ihre Bewerbung als Jury-Volunteer.<\/p>\n\n\n\n<h2 class=\"wp-block-heading\">Call for Volunteers: Der Ablauf<\/h2>\n\n\n\n<p><strong>Wir haben ein zweistufiges Juryverfahren:&nbsp;<\/strong><\/p>\n\n\n\n<ol class=\"wp-block-list\">\n<li>Zun\u00e4chst begutachten Track-Jurys bestehend aus 8-12 Personen alle Einreichungen eines thematischen Tracks. F\u00fcr diesen Teil des Verfahrens suchen wir Sie: Die Jurys sollen in ihrer Mehrzahl aus Community-Mitgliedern bestehen.<\/li>\n\n\n\n<li>In einem zweiten Schritt w\u00e4hlt eine Programmjury bestehend aus den Veranstaltern und den Juryleitungen die finalen Beitr\u00e4ge aus.<\/li>\n<\/ol>\n\n\n\n<div class=\"wp-block-group\"><div class=\"wp-block-group__inner-container is-layout-constrained wp-block-group-is-layout-constrained\">\n<p>Als Jury-Mitglied bekommen Sie im Vorfeld nat\u00fcrlich ein Briefing, ein Online-Training und eine Einf\u00fchrung in die f\u00fcr die Bewertung genutzte Plattform Sessionize.&nbsp;<em>\u00dcbrigens k\u00f6nnen auch Jurymitglieder selbst Sessions im Rahmen des Calls einreichen. Ihre eigene Einreichung d\u00fcrfen Sie nat\u00fcrlich nicht bewerten.<\/em><\/p>\n<\/div><\/div>\n\n\n\n<p><strong>Aufwand<\/strong><\/p>\n\n\n\n<p>Je nach Track kann der Arbeitsaufwand f\u00fcr die Juryarbeit inklusive Briefings, Absprachen, Bewertung und Jurysitzung bei 8 bis 12 Arbeitsstunden liegen. Die gesamte Juryarbeit inklusive der Jurysitzung findet remote statt.&nbsp;<\/p>\n\n\n\n<p><strong>Geplante Stichtage<\/strong><\/p>\n\n\n\n<ul class=\"wp-block-list\">\n<li>Online-Trainings f\u00fcr Jurymitglieder: 11. und 13. Februar 2026 (beide Termine sind inhaltlich identisch)<\/li>\n\n\n\n<li>Bewertungsphase: 17. Februar bis 13. M\u00e4rz 2026<\/li>\n\n\n\n<li>Track-Jury-Sitzungen: 16. oder 17. M\u00e4rz 2026<\/li>\n<\/ul>\n\n\n\n<h2 class=\"wp-block-heading\"><strong>Unser Dankesch\u00f6n<\/strong><\/h2>\n\n\n\n<p>Ihr Einsatz wird mit spannenden Einblicken und lehrreichen Erfahrungen belohnt. Aber nat\u00fcrlich wollen wir uns f\u00fcr die Unterst\u00fctzung bedanken:<\/p>\n\n\n\n<ul class=\"wp-block-list\">\n<li>Als Volunteer werden Sie auf unserer Website namentlich genannt.<\/li>\n\n\n\n<li>Als Volunteer erhalten Sie eine Bescheinigung \u00fcber Ihr ehrenamtliches Engagement beim U:FF 2026.<\/li>\n\n\n\n<li>Um das Engagement noch sichtbarer zu machen, k\u00f6nnen Sie die Bescheinigung bei HFDcert einreichen.<\/li>\n\n\n\n<li>Sie erhalten eine kleine \u00dcberraschung als Dankesch\u00f6n : )&nbsp;<\/li>\n<\/ul>\n\n\n\n<h2 class=\"wp-block-heading\"><strong>Jetzt mitmachen beim Call for Volunteers!<\/strong><\/h2>\n\n\n\n<p>Haben Sie Lust bekommen, sich einzubringen und gemeinsam mit uns das University:Future Festival 2026 zu einem unvergesslichen Erlebnis f\u00fcr alle Beteiligten werden zu lassen? Dann melden Sie sich als Jurymitglied! Die Ausschreibung l\u00e4uft vom 20. November bis zum 05. Dezember 2025 und wir laden alle Interessierten zur Teilnahme ein. Hier geht\u2019s zum Formular.<\/p>\n\n\n<div class=\"everest-forms\"><script type='text\/javascript'>\n\/* <![CDATA[ *\/\nvar evf_settings = {\"currency_code\":\"USD\",\"currency_thousands\":\",\",\"currency_decimal\":\".\",\"currency_symbol\":\"$\",\"currency_symbol_pos\":\"left\"}\n\/* ]]> *\/\n<\/script>\n<p class=\"everst-forms-form-disable-notice everest-forms-notice everest-forms-notice--info\">This form is disabled.<\/p><\/div>\n\n\n\n<p><\/p>\n","protected":false},"excerpt":{"rendered":"Das University:Future Festival k\u00f6nnte ohne engagierte Community-Mitglieder nicht in dieser Form existieren. F\u00fcr 2026 suchen wir wieder Volunteers, die sich auf verschiedene Arten f\u00fcrs Gelingen des Festivals einsetzen. Die Unterst\u00fctzung betrifft unter anderem die Mitwirkung bei der Auswahl der Programmbeitr\u00e4ge sowie digitale Moderationst\u00e4tigkeiten w\u00e4hrend des Festivals. Der &#8222;Call for Volunteers &#8211; Jury&#8220; ist geschlossen. Wir&#8230; <a class=\"view-article\" href=\"https:\/\/festival.hfd.digital\/de\/call-for-volunteers-jury\/\">View Article<\/a>","protected":false},"author":3,"featured_media":0,"parent":0,"menu_order":0,"comment_status":"closed","ping_status":"closed","template":"","meta":{"_acf_changed":false,"inline_featured_image":false,"footnotes":""},"class_list":["post-9740","page","type-page","status-publish","hentry"],"acf":[],"yoast_head":"<!-- This site is optimized with the Yoast SEO plugin v27.3 - https:\/\/yoast.com\/product\/yoast-seo-wordpress\/ -->\n<title>Call for Volunteers - Jury (geschlossen) - University:Future Festival 2026<\/title>\n<meta name=\"description\" content=\"Als Volunteer das Programm des University:Future Festivals mitgestalten! Jetzt melden, um an der Jury mitzuwirken!\" \/>\n<meta name=\"robots\" content=\"index, follow, max-snippet:-1, max-image-preview:large, max-video-preview:-1\" \/>\n<link rel=\"canonical\" href=\"https:\/\/festival.hfd.digital\/de\/call-for-volunteers-jury\/\" \/>\n<meta property=\"og:locale\" content=\"de_DE\" \/>\n<meta property=\"og:type\" content=\"article\" \/>\n<meta property=\"og:title\" content=\"Call for Volunteers - Jury - University:Future Festival 2026\" \/>\n<meta property=\"og:description\" content=\"Als Volunteer das Programm des University:Future Festivals mitgestalten! Jetzt melden, um an der Jury mitzuwirken!\" \/>\n<meta property=\"og:url\" content=\"https:\/\/festival.hfd.digital\/de\/call-for-volunteers-jury\/\" \/>\n<meta property=\"og:site_name\" content=\"University:Future Festival 2026\" \/>\n<meta property=\"article:modified_time\" content=\"2025-12-10T12:05:53+00:00\" \/>\n<meta property=\"og:image\" content=\"https:\/\/festival.hfd.digital\/de\/wp-content\/uploads\/sites\/3\/2025\/10\/54531349252_5689facde6_o-scaled.jpg\" \/>\n\t<meta property=\"og:image:width\" content=\"2560\" \/>\n\t<meta property=\"og:image:height\" content=\"1707\" \/>\n\t<meta property=\"og:image:type\" content=\"image\/jpeg\" \/>\n<meta name=\"twitter:card\" content=\"summary_large_image\" \/>\n<meta name=\"twitter:label1\" content=\"Gesch\u00e4tzte Lesezeit\" \/>\n\t<meta name=\"twitter:data1\" content=\"3\u00a0Minuten\" \/>\n<script type=\"application\/ld+json\" class=\"yoast-schema-graph\">{\"@context\":\"https:\\\/\\\/schema.org\",\"@graph\":[{\"@type\":\"WebPage\",\"@id\":\"https:\\\/\\\/festival.hfd.digital\\\/de\\\/call-for-volunteers-jury\\\/\",\"url\":\"https:\\\/\\\/festival.hfd.digital\\\/de\\\/call-for-volunteers-jury\\\/\",\"name\":\"Call for Volunteers - Jury (geschlossen) - University:Future Festival 2026\",\"isPartOf\":{\"@id\":\"https:\\\/\\\/festival.hfd.digital\\\/de\\\/#website\"},\"primaryImageOfPage\":{\"@id\":\"https:\\\/\\\/festival.hfd.digital\\\/de\\\/call-for-volunteers-jury\\\/#primaryimage\"},\"image\":{\"@id\":\"https:\\\/\\\/festival.hfd.digital\\\/de\\\/call-for-volunteers-jury\\\/#primaryimage\"},\"thumbnailUrl\":\"https:\\\/\\\/festival.hfd.digital\\\/de\\\/wp-content\\\/uploads\\\/sites\\\/3\\\/2025\\\/10\\\/54531349252_5689facde6_o-700x467.jpg\",\"datePublished\":\"2024-10-14T11:25:34+00:00\",\"dateModified\":\"2025-12-10T12:05:53+00:00\",\"description\":\"Als Volunteer das Programm des University:Future Festivals mitgestalten! Jetzt melden, um an der Jury mitzuwirken!\",\"inLanguage\":\"de\",\"potentialAction\":[{\"@type\":\"ReadAction\",\"target\":[\"https:\\\/\\\/festival.hfd.digital\\\/de\\\/call-for-volunteers-jury\\\/\"]}]},{\"@type\":\"ImageObject\",\"inLanguage\":\"de\",\"@id\":\"https:\\\/\\\/festival.hfd.digital\\\/de\\\/call-for-volunteers-jury\\\/#primaryimage\",\"url\":\"https:\\\/\\\/festival.hfd.digital\\\/de\\\/wp-content\\\/uploads\\\/sites\\\/3\\\/2025\\\/10\\\/54531349252_5689facde6_o-scaled.jpg\",\"contentUrl\":\"https:\\\/\\\/festival.hfd.digital\\\/de\\\/wp-content\\\/uploads\\\/sites\\\/3\\\/2025\\\/10\\\/54531349252_5689facde6_o-scaled.jpg\",\"width\":2560,\"height\":1707},{\"@type\":\"WebSite\",\"@id\":\"https:\\\/\\\/festival.hfd.digital\\\/de\\\/#website\",\"url\":\"https:\\\/\\\/festival.hfd.digital\\\/de\\\/\",\"name\":\"University:Future Festival 2026\",\"description\":\"Das j\u00e4hrliche Festival zur Zukunft der Hochschulbildung.\",\"potentialAction\":[{\"@type\":\"SearchAction\",\"target\":{\"@type\":\"EntryPoint\",\"urlTemplate\":\"https:\\\/\\\/festival.hfd.digital\\\/de\\\/?s={search_term_string}\"},\"query-input\":{\"@type\":\"PropertyValueSpecification\",\"valueRequired\":true,\"valueName\":\"search_term_string\"}}],\"inLanguage\":\"de\"}]}<\/script>\n<!-- \/ Yoast SEO plugin. -->","yoast_head_json":{"title":"Call for Volunteers - Jury (geschlossen) - University:Future Festival 2026","description":"Als Volunteer das Programm des University:Future Festivals mitgestalten! Jetzt melden, um an der Jury mitzuwirken!","robots":{"index":"index","follow":"follow","max-snippet":"max-snippet:-1","max-image-preview":"max-image-preview:large","max-video-preview":"max-video-preview:-1"},"canonical":"https:\/\/festival.hfd.digital\/de\/call-for-volunteers-jury\/","og_locale":"de_DE","og_type":"article","og_title":"Call for Volunteers - Jury - University:Future Festival 2026","og_description":"Als Volunteer das Programm des University:Future Festivals mitgestalten! Jetzt melden, um an der Jury mitzuwirken!","og_url":"https:\/\/festival.hfd.digital\/de\/call-for-volunteers-jury\/","og_site_name":"University:Future Festival 2026","article_modified_time":"2025-12-10T12:05:53+00:00","og_image":[{"width":2560,"height":1707,"url":"https:\/\/festival.hfd.digital\/de\/wp-content\/uploads\/sites\/3\/2025\/10\/54531349252_5689facde6_o-scaled.jpg","type":"image\/jpeg"}],"twitter_card":"summary_large_image","twitter_misc":{"Gesch\u00e4tzte Lesezeit":"3\u00a0Minuten"},"schema":{"@context":"https:\/\/schema.org","@graph":[{"@type":"WebPage","@id":"https:\/\/festival.hfd.digital\/de\/call-for-volunteers-jury\/","url":"https:\/\/festival.hfd.digital\/de\/call-for-volunteers-jury\/","name":"Call for Volunteers - Jury (geschlossen) - University:Future Festival 2026","isPartOf":{"@id":"https:\/\/festival.hfd.digital\/de\/#website"},"primaryImageOfPage":{"@id":"https:\/\/festival.hfd.digital\/de\/call-for-volunteers-jury\/#primaryimage"},"image":{"@id":"https:\/\/festival.hfd.digital\/de\/call-for-volunteers-jury\/#primaryimage"},"thumbnailUrl":"https:\/\/festival.hfd.digital\/de\/wp-content\/uploads\/sites\/3\/2025\/10\/54531349252_5689facde6_o-700x467.jpg","datePublished":"2024-10-14T11:25:34+00:00","dateModified":"2025-12-10T12:05:53+00:00","description":"Als Volunteer das Programm des University:Future Festivals mitgestalten! Jetzt melden, um an der Jury mitzuwirken!","inLanguage":"de","potentialAction":[{"@type":"ReadAction","target":["https:\/\/festival.hfd.digital\/de\/call-for-volunteers-jury\/"]}]},{"@type":"ImageObject","inLanguage":"de","@id":"https:\/\/festival.hfd.digital\/de\/call-for-volunteers-jury\/#primaryimage","url":"https:\/\/festival.hfd.digital\/de\/wp-content\/uploads\/sites\/3\/2025\/10\/54531349252_5689facde6_o-scaled.jpg","contentUrl":"https:\/\/festival.hfd.digital\/de\/wp-content\/uploads\/sites\/3\/2025\/10\/54531349252_5689facde6_o-scaled.jpg","width":2560,"height":1707},{"@type":"WebSite","@id":"https:\/\/festival.hfd.digital\/de\/#website","url":"https:\/\/festival.hfd.digital\/de\/","name":"University:Future Festival 2026","description":"Das j\u00e4hrliche Festival zur Zukunft der Hochschulbildung.","potentialAction":[{"@type":"SearchAction","target":{"@type":"EntryPoint","urlTemplate":"https:\/\/festival.hfd.digital\/de\/?s={search_term_string}"},"query-input":{"@type":"PropertyValueSpecification","valueRequired":true,"valueName":"search_term_string"}}],"inLanguage":"de"}]}},"_links":{"self":[{"href":"https:\/\/festival.hfd.digital\/de\/wp-json\/wp\/v2\/pages\/9740","targetHints":{"allow":["GET"]}}],"collection":[{"href":"https:\/\/festival.hfd.digital\/de\/wp-json\/wp\/v2\/pages"}],"about":[{"href":"https:\/\/festival.hfd.digital\/de\/wp-json\/wp\/v2\/types\/page"}],"author":[{"embeddable":true,"href":"https:\/\/festival.hfd.digital\/de\/wp-json\/wp\/v2\/users\/3"}],"replies":[{"embeddable":true,"href":"https:\/\/festival.hfd.digital\/de\/wp-json\/wp\/v2\/comments?post=9740"}],"version-history":[{"count":38,"href":"https:\/\/festival.hfd.digital\/de\/wp-json\/wp\/v2\/pages\/9740\/revisions"}],"predecessor-version":[{"id":12378,"href":"https:\/\/festival.hfd.digital\/de\/wp-json\/wp\/v2\/pages\/9740\/revisions\/12378"}],"wp:attachment":[{"href":"https:\/\/festival.hfd.digital\/de\/wp-json\/wp\/v2\/media?parent=9740"}],"curies":[{"name":"wp","href":"https:\/\/api.w.org\/{rel}","templated":true}]}}