{"id":9695,"date":"2024-07-31T09:13:10","date_gmt":"2024-07-31T09:13:10","guid":{"rendered":"https:\/\/festival.hfd.digital\/de\/?page_id=9695"},"modified":"2025-12-16T11:10:17","modified_gmt":"2025-12-16T10:10:17","slug":"universityfuturefestival","status":"publish","type":"page","link":"https:\/\/festival.hfd.digital\/de\/universityfuturefestival\/","title":{"rendered":"University:Future Festival"},"content":{"rendered":"\n<p><strong><strong>Die (digitalen) Zuk\u00fcnfte der Hochschulbildung \u2013 mit keinem geringeren Thema setzt sich das University:Future Festival (U:FF) seit 2020 auseinander. Mit einem umfassenden Programm aus Vortr\u00e4gen, Workshops und Diskussionen ist es das gr\u00f6\u00dfte und innovativste Hybrid-Event seiner Art. Das University:Future Festival ist eine Kooperation von <a href=\"https:\/\/hochschulforumdigitalisierung.de\/\">Hochschulforum Digitalisierung<\/a>, <\/strong><a href=\"https:\/\/stiftung-hochschullehre.de\/\"><strong>Stiftung Innovation in der Hochschullehre<\/strong><\/a><strong> und <\/strong><a href=\"https:\/\/www.stifterverband.org\/\"><strong>Stifterverband<\/strong><\/a><strong>.<\/strong><\/strong><\/p>\n\n\n\n<p>Das U:FF bietet als Leitveranstaltung zur Digitalisierung in Studium und Lehre Orientierung, Vernetzung und Inspiration. Und das communityorientiert und offen f\u00fcr alle! Inhaltlich besch\u00e4ftigt sich das Festival mit einem breiten Themenspektrum rund um KI, Architekturen, Technik, Strategieentwicklung, Kompetenzen, Didaktik und vielem mehr. Es richtet sich dabei an alle, die sich mit Gegenwart und Zukunft akademischer Bildung besch\u00e4ftigen: Hochschulbesch\u00e4ftigte und Studierende; Forschung und Politik; Zivilgesellschaft und K\u00fcnstler:innen.<\/p>\n\n\n\n<h2 class=\"wp-block-heading\">Das Motto 2026: <em>Under Pressure<\/em><\/h2>\n\n\n\n<p><em>Under Pressure<\/em> beschreibt die heutige Realit\u00e4t der Hochschulen: finanzieller Druck, technologische Transformation, gesellschaftliche Spaltung und demographischer Wandel sind nur einige der Herausforderungen, mit denen sie konfrontiert sind. Wir blenden diese Probleme nicht aus, sondern stellen sie ins Zentrum der Diskussion, um gemeinsam nach L\u00f6sungen zu suchen.<\/p>\n\n\n\n<p>Denn Druck kann auch Treibstoff sein: Er formt, beschleunigt und bringt Neues hervor. Druck testet, welche Ideen und Strukturen zukunftsf\u00e4hig sind und welche neu gedacht werden m\u00fcssen. In Drucksituationen wird sichtbar, was Hochschulen resilient macht &#8211; und das m\u00f6chten wir auf dem U:FF sichtbar machen.<\/p>\n\n\n\n<h2 class=\"wp-block-heading\"><strong>Was das University:Future Festival besonders macht<\/strong><\/h2>\n\n\n\n<p><strong>Gr\u00f6\u00dfe und \u00dcberblick:&nbsp;<\/strong>Das U:FF bietet als gr\u00f6\u00dftes Event seiner Art in der DACH-Region einen einzigartigen \u00dcberblick \u00fcber Zuk\u00fcnfte terti\u00e4rer Bildung und ist damit DER Ort f\u00fcr inhaltliche Inspirationen.<\/p>\n\n\n\n<p><strong>Community-basiert:&nbsp;<\/strong>Unsere Community trifft sich nicht nur ein Mal im Jahr zum Festival \u2013 wir arbeiten das ganze Jahr \u00fcber vertrauensvoll miteinander. Inhalte und Formate des U:FF speisen sich zu einem gro\u00dfen Teil aus den diversen Communities von HFD und der Stiftung Innovation in der Hochschullehre. Mitglieder der Community begeistern andere und teilen Informationen \u00fcber das Festival.<\/p>\n\n\n\n<p><strong>Innovativ und bunt:&nbsp;<\/strong>Das U:FF strebt immer nach Innovationen \u2013 in Inhalten und Formaten. Hierzu z\u00e4hlen k\u00fcnstlerische Interventionen, neue und diverse Formatideen sowie eine zeitgem\u00e4\u00dfe digitale und analoge Event-Erfahrung.<\/p>\n\n\n\n<p><strong>R\u00e4ume neu gedacht<\/strong>: Das University:Future Festival findet gleichzeitig im digitalen Raum und an mehreren Standorten in der DACH-Region statt.\u00a0Durch die Digitalit\u00e4t erreichen wir eine hohe Zug\u00e4nglichkeit und ein umfangreiches Programm. Die Pr\u00e4senzb\u00fchnen erm\u00f6glichen Vernetzung und pers\u00f6nliches Erleben. <a href=\"https:\/\/festival.hfd.digital\/de\/unsere-praesenzbuehnen-2026\/\">2026 wird es Standorte in Berlin, Braunschweig, Hamburg, N\u00fcrnberg, Graz und Essen geben.<\/a><\/p>\n\n\n\n<p><\/p>\n","protected":false},"excerpt":{"rendered":"Die (digitalen) Zuk\u00fcnfte der Hochschulbildung \u2013 mit keinem geringeren Thema setzt sich das University:Future Festival (U:FF) seit 2020 auseinander. Mit einem umfassenden Programm aus Vortr\u00e4gen, Workshops und Diskussionen ist es das gr\u00f6\u00dfte und innovativste Hybrid-Event seiner Art. Das University:Future Festival ist eine Kooperation von Hochschulforum Digitalisierung, Stiftung Innovation in der Hochschullehre und Stifterverband. Das U:FF&#8230; <a class=\"view-article\" href=\"https:\/\/festival.hfd.digital\/de\/universityfuturefestival\/\">View Article<\/a>","protected":false},"author":4,"featured_media":0,"parent":0,"menu_order":0,"comment_status":"closed","ping_status":"closed","template":"","meta":{"_acf_changed":false,"inline_featured_image":false,"footnotes":""},"class_list":["post-9695","page","type-page","status-publish","hentry"],"acf":[],"yoast_head":"<!-- This site is optimized with the Yoast SEO plugin v27.3 - https:\/\/yoast.com\/product\/yoast-seo-wordpress\/ -->\n<title>University:Future Festival - University:Future Festival 2026<\/title>\n<meta name=\"description\" content=\"Die Zuk\u00fcnfte der Hochschulbildung \u2013 mit keinem geringeren Thema setzt sich das University:Future Festival (U:FF) seit 2020 auseinander. Es das gr\u00f6\u00dfte und innovativste Hybrid-Event seiner Art.\" \/>\n<meta name=\"robots\" content=\"index, follow, max-snippet:-1, max-image-preview:large, max-video-preview:-1\" \/>\n<link rel=\"canonical\" href=\"https:\/\/festival.hfd.digital\/de\/universityfuturefestival\/\" \/>\n<meta property=\"og:locale\" content=\"de_DE\" \/>\n<meta property=\"og:type\" content=\"article\" \/>\n<meta property=\"og:title\" content=\"University:Future Festival\" \/>\n<meta property=\"og:description\" content=\"Die (digitalen) Zuk\u00fcnfte der Hochschulbildung \u2013 mit keinem geringeren Thema setzt sich das University:Future Festival (U:FF) seit 2020 auseinander. Mit einem umfassenden Programm aus Vortr\u00e4gen, Workshops und Diskussionen ist es das gr\u00f6\u00dfte und innovativste Hybrid-Event seiner Art.\" \/>\n<meta property=\"og:url\" content=\"https:\/\/festival.hfd.digital\/de\/universityfuturefestival\/\" \/>\n<meta property=\"og:site_name\" content=\"University:Future Festival 2026\" \/>\n<meta property=\"article:modified_time\" content=\"2025-12-16T10:10:17+00:00\" \/>\n<meta property=\"og:image\" content=\"https:\/\/festival.hfd.digital\/de\/wp-content\/uploads\/sites\/3\/2025\/11\/Sharepics-UFF-2026_169.png\" \/>\n\t<meta property=\"og:image:width\" content=\"1920\" \/>\n\t<meta property=\"og:image:height\" content=\"1080\" \/>\n\t<meta property=\"og:image:type\" content=\"image\/png\" \/>\n<meta name=\"twitter:card\" content=\"summary_large_image\" \/>\n<meta name=\"twitter:title\" content=\"University:Future Festival\" \/>\n<meta name=\"twitter:description\" content=\"Die (digitalen) Zuk\u00fcnfte der Hochschulbildung \u2013 mit keinem geringeren Thema setzt sich das University:Future Festival (U:FF) seit 2020 auseinander. Mit einem umfassenden Programm aus Vortr\u00e4gen, Workshops und Diskussionen ist es das gr\u00f6\u00dfte und innovativste Hybrid-Event seiner Art.\" \/>\n<meta name=\"twitter:label1\" content=\"Gesch\u00e4tzte Lesezeit\" \/>\n\t<meta name=\"twitter:data1\" content=\"3\u00a0Minuten\" \/>\n<script type=\"application\/ld+json\" class=\"yoast-schema-graph\">{\"@context\":\"https:\\\/\\\/schema.org\",\"@graph\":[{\"@type\":\"WebPage\",\"@id\":\"https:\\\/\\\/festival.hfd.digital\\\/de\\\/universityfuturefestival\\\/\",\"url\":\"https:\\\/\\\/festival.hfd.digital\\\/de\\\/universityfuturefestival\\\/\",\"name\":\"University:Future Festival - University:Future Festival 2026\",\"isPartOf\":{\"@id\":\"https:\\\/\\\/festival.hfd.digital\\\/de\\\/#website\"},\"datePublished\":\"2024-07-31T09:13:10+00:00\",\"dateModified\":\"2025-12-16T10:10:17+00:00\",\"description\":\"Die Zuk\u00fcnfte der Hochschulbildung \u2013 mit keinem geringeren Thema setzt sich das University:Future Festival (U:FF) seit 2020 auseinander. Es das gr\u00f6\u00dfte und innovativste Hybrid-Event seiner Art.\",\"inLanguage\":\"de\",\"potentialAction\":[{\"@type\":\"ReadAction\",\"target\":[\"https:\\\/\\\/festival.hfd.digital\\\/de\\\/universityfuturefestival\\\/\"]}]},{\"@type\":\"WebSite\",\"@id\":\"https:\\\/\\\/festival.hfd.digital\\\/de\\\/#website\",\"url\":\"https:\\\/\\\/festival.hfd.digital\\\/de\\\/\",\"name\":\"University:Future Festival 2026\",\"description\":\"Das j\u00e4hrliche Festival zur Zukunft der Hochschulbildung.\",\"potentialAction\":[{\"@type\":\"SearchAction\",\"target\":{\"@type\":\"EntryPoint\",\"urlTemplate\":\"https:\\\/\\\/festival.hfd.digital\\\/de\\\/?s={search_term_string}\"},\"query-input\":{\"@type\":\"PropertyValueSpecification\",\"valueRequired\":true,\"valueName\":\"search_term_string\"}}],\"inLanguage\":\"de\"}]}<\/script>\n<!-- \/ Yoast SEO plugin. -->","yoast_head_json":{"title":"University:Future Festival - University:Future Festival 2026","description":"Die Zuk\u00fcnfte der Hochschulbildung \u2013 mit keinem geringeren Thema setzt sich das University:Future Festival (U:FF) seit 2020 auseinander. Es das gr\u00f6\u00dfte und innovativste Hybrid-Event seiner Art.","robots":{"index":"index","follow":"follow","max-snippet":"max-snippet:-1","max-image-preview":"max-image-preview:large","max-video-preview":"max-video-preview:-1"},"canonical":"https:\/\/festival.hfd.digital\/de\/universityfuturefestival\/","og_locale":"de_DE","og_type":"article","og_title":"University:Future Festival","og_description":"Die (digitalen) Zuk\u00fcnfte der Hochschulbildung \u2013 mit keinem geringeren Thema setzt sich das University:Future Festival (U:FF) seit 2020 auseinander. Mit einem umfassenden Programm aus Vortr\u00e4gen, Workshops und Diskussionen ist es das gr\u00f6\u00dfte und innovativste Hybrid-Event seiner Art.","og_url":"https:\/\/festival.hfd.digital\/de\/universityfuturefestival\/","og_site_name":"University:Future Festival 2026","article_modified_time":"2025-12-16T10:10:17+00:00","og_image":[{"width":1920,"height":1080,"url":"https:\/\/festival.hfd.digital\/de\/wp-content\/uploads\/sites\/3\/2025\/11\/Sharepics-UFF-2026_169.png","type":"image\/png"}],"twitter_card":"summary_large_image","twitter_title":"University:Future Festival","twitter_description":"Die (digitalen) Zuk\u00fcnfte der Hochschulbildung \u2013 mit keinem geringeren Thema setzt sich das University:Future Festival (U:FF) seit 2020 auseinander. Mit einem umfassenden Programm aus Vortr\u00e4gen, Workshops und Diskussionen ist es das gr\u00f6\u00dfte und innovativste Hybrid-Event seiner Art.","twitter_misc":{"Gesch\u00e4tzte Lesezeit":"3\u00a0Minuten"},"schema":{"@context":"https:\/\/schema.org","@graph":[{"@type":"WebPage","@id":"https:\/\/festival.hfd.digital\/de\/universityfuturefestival\/","url":"https:\/\/festival.hfd.digital\/de\/universityfuturefestival\/","name":"University:Future Festival - University:Future Festival 2026","isPartOf":{"@id":"https:\/\/festival.hfd.digital\/de\/#website"},"datePublished":"2024-07-31T09:13:10+00:00","dateModified":"2025-12-16T10:10:17+00:00","description":"Die Zuk\u00fcnfte der Hochschulbildung \u2013 mit keinem geringeren Thema setzt sich das University:Future Festival (U:FF) seit 2020 auseinander. Es das gr\u00f6\u00dfte und innovativste Hybrid-Event seiner Art.","inLanguage":"de","potentialAction":[{"@type":"ReadAction","target":["https:\/\/festival.hfd.digital\/de\/universityfuturefestival\/"]}]},{"@type":"WebSite","@id":"https:\/\/festival.hfd.digital\/de\/#website","url":"https:\/\/festival.hfd.digital\/de\/","name":"University:Future Festival 2026","description":"Das j\u00e4hrliche Festival zur Zukunft der Hochschulbildung.","potentialAction":[{"@type":"SearchAction","target":{"@type":"EntryPoint","urlTemplate":"https:\/\/festival.hfd.digital\/de\/?s={search_term_string}"},"query-input":{"@type":"PropertyValueSpecification","valueRequired":true,"valueName":"search_term_string"}}],"inLanguage":"de"}]}},"_links":{"self":[{"href":"https:\/\/festival.hfd.digital\/de\/wp-json\/wp\/v2\/pages\/9695","targetHints":{"allow":["GET"]}}],"collection":[{"href":"https:\/\/festival.hfd.digital\/de\/wp-json\/wp\/v2\/pages"}],"about":[{"href":"https:\/\/festival.hfd.digital\/de\/wp-json\/wp\/v2\/types\/page"}],"author":[{"embeddable":true,"href":"https:\/\/festival.hfd.digital\/de\/wp-json\/wp\/v2\/users\/4"}],"replies":[{"embeddable":true,"href":"https:\/\/festival.hfd.digital\/de\/wp-json\/wp\/v2\/comments?post=9695"}],"version-history":[{"count":18,"href":"https:\/\/festival.hfd.digital\/de\/wp-json\/wp\/v2\/pages\/9695\/revisions"}],"predecessor-version":[{"id":12408,"href":"https:\/\/festival.hfd.digital\/de\/wp-json\/wp\/v2\/pages\/9695\/revisions\/12408"}],"wp:attachment":[{"href":"https:\/\/festival.hfd.digital\/de\/wp-json\/wp\/v2\/media?parent=9695"}],"curies":[{"name":"wp","href":"https:\/\/api.w.org\/{rel}","templated":true}]}}