{"id":9518,"date":"2024-07-02T13:21:22","date_gmt":"2024-07-02T13:21:22","guid":{"rendered":"https:\/\/festival.hfd.digital\/de\/?page_id=9518"},"modified":"2024-07-02T13:33:55","modified_gmt":"2024-07-02T13:33:55","slug":"recap-universityfuture-festival-2024","status":"publish","type":"page","link":"https:\/\/festival.hfd.digital\/de\/recap-universityfuture-festival-2024\/","title":{"rendered":"Recap: University:Future Festival 2024"},"content":{"rendered":"\n<p>Drei Tage, um \u00fcber Zuk\u00fcnfte nachzudenken, Visionen zu entwickeln und Erfahrungen aus der Praxis zu diskutieren. Mit mehr als 4.500 aktiv Teilnehmenden fand das University:Future Festival 2024 vom 05. bis zum 07. Juni in Pr\u00e4senz sowie im digitalen Raum statt.<\/p>\n\n\n\n<p><\/p>\n\n\n\n<p>Die vierte Ausgabe des Festivals bot mehr Workshops und Trainings als jemals zuvor und weitete die geographische Vernetzung aus. Das zweit\u00e4tige <a href=\"https:\/\/festival.hfd.digital\/de\/praesenzbuehne-berlin-2024\/\">Mainstage-Event in Berlin<\/a> wurde von Pr\u00e4senzb\u00fchnen in <a href=\"https:\/\/festival.hfd.digital\/de\/praesenzbuehne-leipzig-2024\/\">Leipzig<\/a> und <a href=\"https:\/\/festival.hfd.digital\/de\/praesenzbuehne-nuernberg-2024\/\">N\u00fcrnberg<\/a> sowie <a href=\"https:\/\/festival.hfd.digital\/de\/praesenzbuehne-bochum-2024\/\">Bochum<\/a> und <a href=\"https:\/\/festival.hfd.digital\/de\/praesenzbuehne-heilbronn-2024\/\">Heilbronn<\/a> begleitet. Dabei galt auch dieses Jahr: Digital first! Das inhaltliche Programm war in seiner ganzen Vielfalt nur online zu erleben. Alle B\u00fchnenbeitr\u00e4ge wurden auf die digitale Event-Plattform gestreamt und konnten so von \u00fcberall verfolgt werden. Eindr\u00fccke von den Pr\u00e4senzb\u00fchnen finden Sie <a href=\"https:\/\/festival.hfd.digital\/de\/?page_id=9631\">in&nbsp;unserer Galerie<\/a>.<\/p>\n\n\n\n<p><\/p>\n\n\n\n<h3 class=\"wp-block-heading\"><strong>On-Demand Programm<\/strong><\/h3>\n\n\n\n<p>Wie gehen Hochschulen mit K\u00fcnstlicher Intelligenz um? Und welche digitalen Kompetenzen werden f\u00fcr die Arbeitswelt der Zukunft wichtig? Es gibt keinen vergleichbaren Rahmen, in dem dar\u00fcber so viel diskutiert wird, wie bei der gr\u00f6\u00dften Veranstaltung rund um die (digitale) Zukunft der akademischen Bildung \u2013 dem University:Future Festival. Mehr als <a href=\"https:\/\/festival.hfd.digital\/de\/speakerinnen-2024\/\">600 Speaker:innen<\/a> gestalteten mit \u00fcber <a href=\"https:\/\/festival.hfd.digital\/de\/programm-2024\/\">300 Vortr\u00e4gen, Diskussionen, Workshops und Trainings auf Deutsch und Englisch<\/a> drei einzigartige Festival-Tage.<\/p>\n\n\n\n<p><\/p>\n\n\n\n<p>Das digitale Konzept des Festivals erm\u00f6glicht es nicht nur w\u00e4hrend des Festivals ortsunabh\u00e4ngig m\u00f6glichst viele pers\u00f6nliche Highlights zu verfolgen. Ein Gro\u00dfteil der Beitr\u00e4ge kann zudem unabh\u00e4ngig vom Veranstaltungszeitraum im Nachhinein angesehen und somit weitere Inspirationen und neue Impulse wahrgenommen werden. Die aufgezeichneten Beitr\u00e4ge des University:Future Festivals 2024 finden sich in <a href=\"https:\/\/www.youtube.com\/@HochschulforumDigitalisierung\/playlists\">Playlisten auf dem&nbsp;Youtube-Kanal des Hochschulforum Digitalisierung<\/a>. Die Videos k\u00f6nnen Sie sich au\u00dferdem direkt in der Programm\u00fcbersicht auf unserer Website anschauen!<\/p>\n\n\n\n<p><\/p>\n\n\n\n<figure class=\"wp-block-embed is-type-video is-provider-youtube wp-block-embed-youtube wp-embed-aspect-16-9 wp-has-aspect-ratio\"><div class=\"wp-block-embed__wrapper\">\n<div class=\"BorlabsCookie _brlbs-cb-youtube\"><div class=\"_brlbs-content-blocker\"> <div class=\"_brlbs-embed _brlbs-video-youtube\"> <img decoding=\"async\" class=\"_brlbs-thumbnail\" src=\"https:\/\/festival.hfd.digital\/de\/wp-content\/plugins\/borlabs-cookie\/assets\/images\/cb-no-thumbnail.png\" alt=\"YouTube\"> <div class=\"_brlbs-caption\"> <p>Mit dem Aufruf des Videos erkl\u00f6rst du dich einverstanden, dass Deine Daten an YouTube \u00fcbermittelt werden und dass Du die <a href=\"https:\/\/policies.google.com\/privacy\" target=\"_blank\" rel=\"nofollow noopener noreferrer\">Datenschutzerkl\u00e4rung<\/a> gelesen hast.<\/p> <p><a class=\"_brlbs-btn _brlbs-icon-play-white\" href=\"#\" data-borlabs-cookie-unblock role=\"button\">Einverstanden und Video laden<\/a><\/p> <p><label><input type=\"checkbox\" name=\"unblockAll\" value=\"1\" checked> <small>YouTube immer entsperren<\/small><\/label><\/p> <\/div> <\/div> <\/div><div class=\"borlabs-hide\" data-borlabs-cookie-type=\"content-blocker\" data-borlabs-cookie-id=\"youtube\"><script type=\"text\/template\">PGlmcmFtZSB0aXRsZT0iV2lzc2VuIHNjaGFmZmVuIGluIHR1cmJ1bGVudGVuIFplaXRlbi4gWnVrdW5mdCB1bmQgTmFjaGhhbHRpZ2tlaXQgZGVyIEhvY2hzY2h1bGUgLSBNYWphIEdvzIhwZWwgLSBVRkYiIHdpZHRoPSI5MDAiIGhlaWdodD0iNTA2IiBzcmM9Imh0dHBzOi8vd3d3LnlvdXR1YmUtbm9jb29raWUuY29tL2VtYmVkL3JZdlIyYTlpUEhJP2ZlYXR1cmU9b2VtYmVkIiBmcmFtZWJvcmRlcj0iMCIgYWxsb3c9ImFjY2VsZXJvbWV0ZXI7IGF1dG9wbGF5OyBjbGlwYm9hcmQtd3JpdGU7IGVuY3J5cHRlZC1tZWRpYTsgZ3lyb3Njb3BlOyBwaWN0dXJlLWluLXBpY3R1cmU7IHdlYi1zaGFyZSIgcmVmZXJyZXJwb2xpY3k9InN0cmljdC1vcmlnaW4td2hlbi1jcm9zcy1vcmlnaW4iIGFsbG93ZnVsbHNjcmVlbj48L2lmcmFtZT4=<\/script><\/div><\/div>\n<\/div><\/figure>\n\n\n\n<p><\/p>\n\n\n\n<div class=\"wp-block-columns is-layout-flex wp-container-core-columns-is-layout-9d6595d7 wp-block-columns-is-layout-flex\">\n<div class=\"wp-block-column is-layout-flow wp-block-column-is-layout-flow\">\n<div class=\"wp-block-buttons is-layout-flex wp-block-buttons-is-layout-flex\">\n<div class=\"wp-block-button has-custom-font-size has-medium-font-size\"><a class=\"wp-block-button__link wp-element-button\" href=\"https:\/\/festival.hfd.digital\/de\/programm-2024\/\">Programm 2024<\/a><\/div>\n<\/div>\n<\/div>\n\n\n\n<div class=\"wp-block-column is-layout-flow wp-block-column-is-layout-flow\">\n<div class=\"wp-block-buttons is-layout-flex wp-block-buttons-is-layout-flex\">\n<div class=\"wp-block-button has-custom-font-size has-medium-font-size\"><a class=\"wp-block-button__link wp-element-button\" href=\"https:\/\/festival.hfd.digital\/de\/die-tracks-2024\/\">Tracks 2024<\/a><\/div>\n<\/div>\n<\/div>\n\n\n\n<div class=\"wp-block-column is-layout-flow wp-block-column-is-layout-flow\">\n<div class=\"wp-block-buttons is-layout-flex wp-block-buttons-is-layout-flex\">\n<div class=\"wp-block-button has-custom-font-size has-medium-font-size\"><a class=\"wp-block-button__link wp-element-button\" href=\"https:\/\/festival.hfd.digital\/de\/speakerinnen-2024\/\">Speaker:innen 2024<\/a><\/div>\n<\/div>\n<\/div>\n<\/div>\n\n\n\n<p><\/p>\n\n\n\n<p>Organisiert wurde das University:Future Festival 2024 vom&nbsp;<a href=\"https:\/\/hochschulforumdigitalisierung.de\/\">Hochschulforum Digitalisierung<\/a>&nbsp;und der&nbsp;<a href=\"https:\/\/stiftung-hochschullehre.de\/\">Stiftung Innovation in der Hochschullehre<\/a>. Unterst\u00fctzt wurde es vom&nbsp;<a href=\"https:\/\/www.stifterverband.org\/\">Stifterverband<\/a>.<\/p>\n\n\n\n<p><\/p>\n\n\n\n<h3 class=\"wp-block-heading\"><strong>Das Motto \u201cTales of Tomorrow\u201d<\/strong><\/h3>\n\n\n\n<p><strong>Geschichten sind m\u00e4chtig. Sie konstruieren unsere Realit\u00e4t.<\/strong>&nbsp;Die Zukunft ist nicht festgelegt, sondern wir erschaffen sie hier und jetzt durch unsere&nbsp;Erz\u00e4hlungen. Dar\u00fcber sprachen wir auf dem University:Future Festival 2024.&nbsp;<\/p>\n\n\n\n<p>Unter dem Motto \u201cTales of Tomorrow\u201d dachten wir&nbsp;<strong>\u00fcber Zuk\u00fcnfte nach und entwickeln Visionen<\/strong>, die \u00fcber das Unmittelbare hinausgehen. Wir luden die Teilnehmenden und unsere Referent:innen dazu ein, gemeinsam neue Erz\u00e4hlungen zu finden und zu teilen. Wir adressierten aktuelle und k\u00fcnftige&nbsp;<strong>technische Entwicklungen<\/strong>&nbsp;und beleuchteten gleichzeitig den sozialen und ideengeschichtlichen Kontext, in dem sie stattfinden. Gemeinsam suchten wir&nbsp;<strong>L\u00f6sungen und Wege in die Zukunft<\/strong>.&nbsp;<\/p>\n\n\n\n<p>Man kann \u201c<em>Tale<\/em>\u201d \u00fcbersetzen mit dem Begriff der Geschichte oder auch des M\u00e4rchens. Auf dem U:FF hinterfragten wir&nbsp;<strong>etablierte Zukunftsnarrative.&nbsp;<\/strong>Wir verharrten nicht in einem oberfl\u00e4chlich genutzten Begriff der Innovation, sondern diskutierten, welche Narrative zukunftsrelevant und welche tats\u00e4chlich nur M\u00e4rchen sind.<\/p>\n\n\n\n<p><\/p>\n\n\n\n<h3 class=\"wp-block-heading\"><strong>Was das University:Future Festival 2024 besonders machte<\/strong><\/h3>\n\n\n\n<p><strong>Gr\u00f6\u00dfe und \u00dcberblick:&nbsp;<\/strong>Das U:FF bietet als gr\u00f6\u00dftes Event seiner Art in der DACH-Region eine einzigartige \u00dcbersicht \u00fcber Zuk\u00fcnfte terti\u00e4rer Bildung und ist damit DER Ort f\u00fcr inhaltliche Inspirationen. Beim U:FF 2024 fanden die Teilnehmenden Beitr\u00e4ge passend zu ihren pers\u00f6nlichen Interessen und Arbeitsgebieten. Neun Tracks, die die Bandbreite der aktuellen Themen und Herausforderungen f\u00fcr die (digitale) akademische Bildung abbildeten, waren Grundlage der Programmgestaltung.<\/p>\n\n\n\n<p><strong>Community-basiert:&nbsp;<\/strong>Unsere Community trifft sich nicht nur ein Mal im Jahr zum Festival \u2013 wir arbeiten das ganze Jahr \u00fcber vertrauensvoll miteinander. Inhalte und Formate des U:FF speisten sich auch 2024 zu einem gro\u00dfen Teil aus den diversen Communities von HFD und der Stiftung Innovation in der Hochschullehre. <\/p>\n\n\n\n<p><strong>Innovativ und bunt:&nbsp;<\/strong>Das U:FF strebt immer nach Innovationen \u2013 in Inhalten und Formaten. Hierzu z\u00e4hlen k\u00fcnstlerische Interventionen, neue und diverse Formatideen sowie eine zeitgem\u00e4\u00dfe digitale und analoge Event-Erfahrung. <\/p>\n\n\n\n<p><strong>R\u00e4ume neu gedacht<\/strong>: Das U:FF denkt digitale und analoge R\u00e4ume neu. Es ist digital-first-hybrid: Digital Teilnehmende sind die wichtigste Teilnehmenden-Gruppe. Jede:r kann online mit einem Klick dabei sein. Aber wir sind auch geographisch vernetzt und boten nach dem erfolgreichen Pilot in 2023 auch 2024 mit&nbsp;mehreren Standorten in Deutschland&nbsp;M\u00f6glichkeiten zum regionalen Austausch.<\/p>\n\n\n\n<p><\/p>\n","protected":false},"excerpt":{"rendered":"Drei Tage, um \u00fcber Zuk\u00fcnfte nachzudenken, Visionen zu entwickeln und Erfahrungen aus der Praxis zu diskutieren. Mit mehr als 4.500 aktiv Teilnehmenden fand das University:Future Festival 2024 vom 05. bis zum 07. Juni in Pr\u00e4senz sowie im digitalen Raum statt. Die vierte Ausgabe des Festivals bot mehr Workshops und Trainings als jemals zuvor und weitete&#8230; <a class=\"view-article\" href=\"https:\/\/festival.hfd.digital\/de\/recap-universityfuture-festival-2024\/\">View Article<\/a>","protected":false},"author":3,"featured_media":0,"parent":0,"menu_order":0,"comment_status":"closed","ping_status":"closed","template":"","meta":{"_acf_changed":false,"inline_featured_image":false,"footnotes":""},"class_list":["post-9518","page","type-page","status-publish","hentry"],"acf":[],"yoast_head":"<!-- This site is optimized with the Yoast SEO plugin v27.2 - https:\/\/yoast.com\/product\/yoast-seo-wordpress\/ -->\n<title>Recap: University:Future Festival 2024 im R\u00fcckblick<\/title>\n<meta name=\"description\" content=\"Wir blicken zur\u00fcck auf das University:Future Festival 2024. Sehen Sie sich das Programm noch einmal an und schauen Sie sich die Sessions auf Abruf an.\" \/>\n<meta name=\"robots\" content=\"index, follow, max-snippet:-1, max-image-preview:large, max-video-preview:-1\" \/>\n<link rel=\"canonical\" href=\"https:\/\/festival.hfd.digital\/de\/recap-universityfuture-festival-2024\/\" \/>\n<meta property=\"og:locale\" content=\"de_DE\" \/>\n<meta property=\"og:type\" content=\"article\" \/>\n<meta property=\"og:title\" content=\"University:Future Festival 2024 im R\u00fcckblick\" \/>\n<meta property=\"og:description\" content=\"Wir blicken zur\u00fcck auf das University:Future Festival 2024. Sehen Sie sich das Programm noch einmal an und schauen Sie sich die Sessions auf Abruf an.\" \/>\n<meta property=\"og:url\" content=\"https:\/\/festival.hfd.digital\/de\/recap-universityfuture-festival-2024\/\" \/>\n<meta property=\"og:site_name\" content=\"University:Future Festival 2026\" \/>\n<meta property=\"article:modified_time\" content=\"2024-07-02T13:33:55+00:00\" \/>\n<meta name=\"twitter:card\" content=\"summary_large_image\" \/>\n<meta name=\"twitter:label1\" content=\"Gesch\u00e4tzte Lesezeit\" \/>\n\t<meta name=\"twitter:data1\" content=\"4\u00a0Minuten\" \/>\n<script type=\"application\/ld+json\" class=\"yoast-schema-graph\">{\"@context\":\"https:\/\/schema.org\",\"@graph\":[{\"@type\":\"WebPage\",\"@id\":\"https:\/\/festival.hfd.digital\/de\/recap-universityfuture-festival-2024\/\",\"url\":\"https:\/\/festival.hfd.digital\/de\/recap-universityfuture-festival-2024\/\",\"name\":\"Recap: University:Future Festival 2024 im R\u00fcckblick\",\"isPartOf\":{\"@id\":\"https:\/\/festival.hfd.digital\/de\/#website\"},\"datePublished\":\"2024-07-02T13:21:22+00:00\",\"dateModified\":\"2024-07-02T13:33:55+00:00\",\"description\":\"Wir blicken zur\u00fcck auf das University:Future Festival 2024. Sehen Sie sich das Programm noch einmal an und schauen Sie sich die Sessions auf Abruf an.\",\"inLanguage\":\"de\",\"potentialAction\":[{\"@type\":\"ReadAction\",\"target\":[\"https:\/\/festival.hfd.digital\/de\/recap-universityfuture-festival-2024\/\"]}]},{\"@type\":\"WebSite\",\"@id\":\"https:\/\/festival.hfd.digital\/de\/#website\",\"url\":\"https:\/\/festival.hfd.digital\/de\/\",\"name\":\"University:Future Festival 2026\",\"description\":\"Das j\u00e4hrliche Festival zur Zukunft der Hochschulbildung.\",\"potentialAction\":[{\"@type\":\"SearchAction\",\"target\":{\"@type\":\"EntryPoint\",\"urlTemplate\":\"https:\/\/festival.hfd.digital\/de\/?s={search_term_string}\"},\"query-input\":{\"@type\":\"PropertyValueSpecification\",\"valueRequired\":true,\"valueName\":\"search_term_string\"}}],\"inLanguage\":\"de\"}]}<\/script>\n<!-- \/ Yoast SEO plugin. -->","yoast_head_json":{"title":"Recap: University:Future Festival 2024 im R\u00fcckblick","description":"Wir blicken zur\u00fcck auf das University:Future Festival 2024. Sehen Sie sich das Programm noch einmal an und schauen Sie sich die Sessions auf Abruf an.","robots":{"index":"index","follow":"follow","max-snippet":"max-snippet:-1","max-image-preview":"max-image-preview:large","max-video-preview":"max-video-preview:-1"},"canonical":"https:\/\/festival.hfd.digital\/de\/recap-universityfuture-festival-2024\/","og_locale":"de_DE","og_type":"article","og_title":"University:Future Festival 2024 im R\u00fcckblick","og_description":"Wir blicken zur\u00fcck auf das University:Future Festival 2024. Sehen Sie sich das Programm noch einmal an und schauen Sie sich die Sessions auf Abruf an.","og_url":"https:\/\/festival.hfd.digital\/de\/recap-universityfuture-festival-2024\/","og_site_name":"University:Future Festival 2026","article_modified_time":"2024-07-02T13:33:55+00:00","twitter_card":"summary_large_image","twitter_misc":{"Gesch\u00e4tzte Lesezeit":"4\u00a0Minuten"},"schema":{"@context":"https:\/\/schema.org","@graph":[{"@type":"WebPage","@id":"https:\/\/festival.hfd.digital\/de\/recap-universityfuture-festival-2024\/","url":"https:\/\/festival.hfd.digital\/de\/recap-universityfuture-festival-2024\/","name":"Recap: University:Future Festival 2024 im R\u00fcckblick","isPartOf":{"@id":"https:\/\/festival.hfd.digital\/de\/#website"},"datePublished":"2024-07-02T13:21:22+00:00","dateModified":"2024-07-02T13:33:55+00:00","description":"Wir blicken zur\u00fcck auf das University:Future Festival 2024. Sehen Sie sich das Programm noch einmal an und schauen Sie sich die Sessions auf Abruf an.","inLanguage":"de","potentialAction":[{"@type":"ReadAction","target":["https:\/\/festival.hfd.digital\/de\/recap-universityfuture-festival-2024\/"]}]},{"@type":"WebSite","@id":"https:\/\/festival.hfd.digital\/de\/#website","url":"https:\/\/festival.hfd.digital\/de\/","name":"University:Future Festival 2026","description":"Das j\u00e4hrliche Festival zur Zukunft der Hochschulbildung.","potentialAction":[{"@type":"SearchAction","target":{"@type":"EntryPoint","urlTemplate":"https:\/\/festival.hfd.digital\/de\/?s={search_term_string}"},"query-input":{"@type":"PropertyValueSpecification","valueRequired":true,"valueName":"search_term_string"}}],"inLanguage":"de"}]}},"_links":{"self":[{"href":"https:\/\/festival.hfd.digital\/de\/wp-json\/wp\/v2\/pages\/9518","targetHints":{"allow":["GET"]}}],"collection":[{"href":"https:\/\/festival.hfd.digital\/de\/wp-json\/wp\/v2\/pages"}],"about":[{"href":"https:\/\/festival.hfd.digital\/de\/wp-json\/wp\/v2\/types\/page"}],"author":[{"embeddable":true,"href":"https:\/\/festival.hfd.digital\/de\/wp-json\/wp\/v2\/users\/3"}],"replies":[{"embeddable":true,"href":"https:\/\/festival.hfd.digital\/de\/wp-json\/wp\/v2\/comments?post=9518"}],"version-history":[{"count":24,"href":"https:\/\/festival.hfd.digital\/de\/wp-json\/wp\/v2\/pages\/9518\/revisions"}],"predecessor-version":[{"id":11559,"href":"https:\/\/festival.hfd.digital\/de\/wp-json\/wp\/v2\/pages\/9518\/revisions\/11559"}],"wp:attachment":[{"href":"https:\/\/festival.hfd.digital\/de\/wp-json\/wp\/v2\/media?parent=9518"}],"curies":[{"name":"wp","href":"https:\/\/api.w.org\/{rel}","templated":true}]}}