{"id":928,"date":"2020-09-10T21:12:52","date_gmt":"2020-09-10T21:12:52","guid":{"rendered":"https:\/\/festival.hfd.digital\/de\/?page_id=928"},"modified":"2024-07-01T11:07:00","modified_gmt":"2024-07-01T11:07:00","slug":"barcamp-day","status":"publish","type":"page","link":"https:\/\/festival.hfd.digital\/de\/archiv\/universityfuture-festival-2020\/barcamp-day\/","title":{"rendered":"BarCamp:Day 2020"},"content":{"rendered":"\n<p>Am BarCamp:Day des University:Future Festivals 2020 hatten die Teilnehmenden in einem offenen BarCamp die Gelegenheit, Anwendungsbeispiele aus Ihrer eigenen Projekterfahrung, Lehre oder Hochschule zu pr\u00e4sentieren, zu diskutieren oder gemeinsam mit der HFD-Community weiterzuentwickeln.<\/p>\n\n\n\n<h5 class=\"wp-block-heading\">Eine BarCamp:Session dauerte ca. 60 min <strong>und funktionierte wie folgend:<\/strong><\/h5>\n\n\n\n<ul class=\"wp-block-list\"><li>Die Pitchgebenden haben sich im Vorhinein einen Titel und eine kurze Beschreibung f\u00fcr Ihre BarCamp:Session \u00fcberlegt und diese bei uns eingereicht.<\/li><\/ul>\n\n\n\n<p><\/p>\n\n\n\n<ul class=\"wp-block-list\"><li>Am BarCamp:Day (6. Oktober) fand vor jeder der vier BarCamp-Sessions ein BarCamp-Pitch statt: Alle Referent:innen hatten hier eine Minute Zeit auf der B\u00fchne f\u00fcr ihr BarCamp zu werben, um m\u00f6glichst viele Teilnehmer:innen dazu zu bewegen an ihrem BarCamp teilzunehmen.<\/li><\/ul>\n\n\n\n<p><\/p>\n\n\n\n<ul class=\"wp-block-list\"><li>Insgesamt standen 40 BarCamp-Slots zur Verf\u00fcgung. Die BarCamp:Sessions wurden den R\u00e4umen nach den Pitches zugeteilt.&nbsp;<\/li><\/ul>\n\n\n\n<p><\/p>\n\n\n\n<div class=\"wp-block-columns is-layout-flex wp-container-core-columns-is-layout-9d6595d7 wp-block-columns-is-layout-flex\">\n<div class=\"wp-block-column is-layout-flow wp-block-column-is-layout-flow\" style=\"flex-basis:33.33%\">\n<figure class=\"wp-block-image size-large is-resized is-style-rounded\"><img loading=\"lazy\" decoding=\"async\" src=\"https:\/\/festival.hfd.digital\/de\/wp-content\/uploads\/sites\/3\/2020\/09\/Zackes_quadrat-1-700x700.jpg\" alt=\"\" class=\"wp-image-1130\" width=\"219\" height=\"219\" srcset=\"https:\/\/festival.hfd.digital\/de\/wp-content\/uploads\/sites\/3\/2020\/09\/Zackes_quadrat-1-700x700.jpg 700w, https:\/\/festival.hfd.digital\/de\/wp-content\/uploads\/sites\/3\/2020\/09\/Zackes_quadrat-1-250x250.jpg 250w, https:\/\/festival.hfd.digital\/de\/wp-content\/uploads\/sites\/3\/2020\/09\/Zackes_quadrat-1-150x150.jpg 150w, https:\/\/festival.hfd.digital\/de\/wp-content\/uploads\/sites\/3\/2020\/09\/Zackes_quadrat-1-768x768.jpg 768w, https:\/\/festival.hfd.digital\/de\/wp-content\/uploads\/sites\/3\/2020\/09\/Zackes_quadrat-1-120x120.jpg 120w, https:\/\/festival.hfd.digital\/de\/wp-content\/uploads\/sites\/3\/2020\/09\/Zackes_quadrat-1.jpg 1067w\" sizes=\"auto, (max-width: 219px) 100vw, 219px\" \/><\/figure>\n<\/div>\n\n\n\n<div class=\"wp-block-column is-layout-flow wp-block-column-is-layout-flow\" style=\"flex-basis:66.66%\">\n<p><strong>Moderator BarCamp:Day 2020: <a href=\"https:\/\/zackes.com\/\"><strong>Zackes Brustik<\/strong><\/a>:<\/strong><br><em>Zackes\u2019 mission is to inspire, connect and enable those who are eager to innovate and embrace tomorrow\u2019s challenges. He presents and moderators tech conferences, startup events and digital conferences all across Europe. You can follow his regular blog posts and vlogs around innovation and entrepreneurship on <a href=\"https:\/\/de.linkedin.com\/in\/moderator-zackes-brustik\">Linkedin<\/a>.&nbsp;<\/em><\/p>\n<\/div>\n<\/div>\n","protected":false},"excerpt":{"rendered":"Am BarCamp:Day des University:Future Festivals 2020 hatten die Teilnehmenden in einem offenen BarCamp die Gelegenheit, Anwendungsbeispiele aus Ihrer eigenen Projekterfahrung, Lehre oder Hochschule zu pr\u00e4sentieren, zu diskutieren oder gemeinsam mit der HFD-Community weiterzuentwickeln. Eine BarCamp:Session dauerte ca. 60 min und funktionierte wie folgend: Die Pitchgebenden haben sich im Vorhinein einen Titel und eine kurze Beschreibung&#8230; <a class=\"view-article\" href=\"https:\/\/festival.hfd.digital\/de\/archiv\/universityfuture-festival-2020\/barcamp-day\/\">View Article<\/a>","protected":false},"author":2,"featured_media":0,"parent":922,"menu_order":0,"comment_status":"closed","ping_status":"closed","template":"template-barcamp.php","meta":{"_acf_changed":false,"inline_featured_image":false,"footnotes":""},"class_list":["post-928","page","type-page","status-publish","hentry"],"acf":[],"yoast_head":"<!-- This site is optimized with the Yoast SEO plugin v27.3 - https:\/\/yoast.com\/product\/yoast-seo-wordpress\/ -->\n<title>BarCamp:Day 2020 | University:Future Festival 2020<\/title>\n<meta name=\"description\" content=\"Am Barcamp:Day haben Sie die Gelegenheit, Anwendungsbeispiele aus Ihrer eigenen Projekterfahrung, Lehre oder Hochschule zu pr\u00e4sentieren, zu diskutieren oder gemeinsam mit der HFD-Community weiterzuentwickeln.\" \/>\n<meta name=\"robots\" content=\"index, follow, max-snippet:-1, max-image-preview:large, max-video-preview:-1\" \/>\n<link rel=\"canonical\" href=\"https:\/\/festival.hfd.digital\/de\/archiv\/universityfuture-festival-2020\/barcamp-day\/\" \/>\n<meta property=\"og:locale\" content=\"de_DE\" \/>\n<meta property=\"og:type\" content=\"article\" \/>\n<meta property=\"og:title\" content=\"BarCamp:Day des University:Future Festivals\" \/>\n<meta property=\"og:description\" content=\"Am Barcamp:Day haben Sie die Gelegenheit, Anwendungsbeispiele aus Ihrer eigenen Projekterfahrung, Lehre oder Hochschule zu pr\u00e4sentieren, zu diskutieren oder gemeinsam mit der HFD-Community weiterzuentwickeln.\" \/>\n<meta property=\"og:url\" content=\"https:\/\/festival.hfd.digital\/de\/archiv\/universityfuture-festival-2020\/barcamp-day\/\" \/>\n<meta property=\"og:site_name\" content=\"University:Future Festival 2026\" \/>\n<meta property=\"article:modified_time\" content=\"2024-07-01T11:07:00+00:00\" \/>\n<meta property=\"og:image\" content=\"https:\/\/festival.hfd.digital\/de\/wp-content\/uploads\/sites\/3\/2020\/09\/1.png\" \/>\n\t<meta property=\"og:image:width\" content=\"940\" \/>\n\t<meta property=\"og:image:height\" content=\"788\" \/>\n\t<meta property=\"og:image:type\" content=\"image\/png\" \/>\n<meta name=\"twitter:card\" content=\"summary_large_image\" \/>\n<meta name=\"twitter:title\" content=\"BarCamp:Day des University:Future Festivals\" \/>\n<meta name=\"twitter:description\" content=\"Am Barcamp:Day haben Sie die Gelegenheit, Anwendungsbeispiele aus Ihrer eigenen Projekterfahrung, Lehre oder Hochschule zu pr\u00e4sentieren, zu diskutieren oder gemeinsam mit der HFD-Community weiterzuentwickeln.\" \/>\n<meta name=\"twitter:image\" content=\"https:\/\/festival.hfd.digital\/de\/wp-content\/uploads\/sites\/3\/2020\/09\/1-1.png\" \/>\n<meta name=\"twitter:label1\" content=\"Gesch\u00e4tzte Lesezeit\" \/>\n\t<meta name=\"twitter:data1\" content=\"2\u00a0Minuten\" \/>\n<script type=\"application\/ld+json\" class=\"yoast-schema-graph\">{\"@context\":\"https:\\\/\\\/schema.org\",\"@graph\":[{\"@type\":\"WebPage\",\"@id\":\"https:\\\/\\\/festival.hfd.digital\\\/de\\\/archiv\\\/universityfuture-festival-2020\\\/barcamp-day\\\/\",\"url\":\"https:\\\/\\\/festival.hfd.digital\\\/de\\\/archiv\\\/universityfuture-festival-2020\\\/barcamp-day\\\/\",\"name\":\"BarCamp:Day 2020 | University:Future Festival 2020\",\"isPartOf\":{\"@id\":\"https:\\\/\\\/festival.hfd.digital\\\/de\\\/#website\"},\"primaryImageOfPage\":{\"@id\":\"https:\\\/\\\/festival.hfd.digital\\\/de\\\/archiv\\\/universityfuture-festival-2020\\\/barcamp-day\\\/#primaryimage\"},\"image\":{\"@id\":\"https:\\\/\\\/festival.hfd.digital\\\/de\\\/archiv\\\/universityfuture-festival-2020\\\/barcamp-day\\\/#primaryimage\"},\"thumbnailUrl\":\"https:\\\/\\\/festival.hfd.digital\\\/de\\\/wp-content\\\/uploads\\\/sites\\\/3\\\/2020\\\/09\\\/Zackes_quadrat-1-700x700.jpg\",\"datePublished\":\"2020-09-10T21:12:52+00:00\",\"dateModified\":\"2024-07-01T11:07:00+00:00\",\"description\":\"Am Barcamp:Day haben Sie die Gelegenheit, Anwendungsbeispiele aus Ihrer eigenen Projekterfahrung, Lehre oder Hochschule zu pr\u00e4sentieren, zu diskutieren oder gemeinsam mit der HFD-Community weiterzuentwickeln.\",\"breadcrumb\":{\"@id\":\"https:\\\/\\\/festival.hfd.digital\\\/de\\\/archiv\\\/universityfuture-festival-2020\\\/barcamp-day\\\/#breadcrumb\"},\"inLanguage\":\"de\",\"potentialAction\":[{\"@type\":\"ReadAction\",\"target\":[\"https:\\\/\\\/festival.hfd.digital\\\/de\\\/archiv\\\/universityfuture-festival-2020\\\/barcamp-day\\\/\"]}]},{\"@type\":\"ImageObject\",\"inLanguage\":\"de\",\"@id\":\"https:\\\/\\\/festival.hfd.digital\\\/de\\\/archiv\\\/universityfuture-festival-2020\\\/barcamp-day\\\/#primaryimage\",\"url\":\"https:\\\/\\\/festival.hfd.digital\\\/de\\\/wp-content\\\/uploads\\\/sites\\\/3\\\/2020\\\/09\\\/Zackes_quadrat-1-700x700.jpg\",\"contentUrl\":\"https:\\\/\\\/festival.hfd.digital\\\/de\\\/wp-content\\\/uploads\\\/sites\\\/3\\\/2020\\\/09\\\/Zackes_quadrat-1-700x700.jpg\"},{\"@type\":\"BreadcrumbList\",\"@id\":\"https:\\\/\\\/festival.hfd.digital\\\/de\\\/archiv\\\/universityfuture-festival-2020\\\/barcamp-day\\\/#breadcrumb\",\"itemListElement\":[{\"@type\":\"ListItem\",\"position\":1,\"name\":\"Archiv\",\"item\":\"https:\\\/\\\/festival.hfd.digital\\\/de\\\/archiv\\\/\"},{\"@type\":\"ListItem\",\"position\":2,\"name\":\"Recap: University:Future Festival 2020\",\"item\":\"https:\\\/\\\/festival.hfd.digital\\\/de\\\/archiv\\\/universityfuture-festival-2020\\\/\"},{\"@type\":\"ListItem\",\"position\":3,\"name\":\"BarCamp:Day 2020\"}]},{\"@type\":\"WebSite\",\"@id\":\"https:\\\/\\\/festival.hfd.digital\\\/de\\\/#website\",\"url\":\"https:\\\/\\\/festival.hfd.digital\\\/de\\\/\",\"name\":\"University:Future Festival 2026\",\"description\":\"Das j\u00e4hrliche Festival zur Zukunft der Hochschulbildung.\",\"potentialAction\":[{\"@type\":\"SearchAction\",\"target\":{\"@type\":\"EntryPoint\",\"urlTemplate\":\"https:\\\/\\\/festival.hfd.digital\\\/de\\\/?s={search_term_string}\"},\"query-input\":{\"@type\":\"PropertyValueSpecification\",\"valueRequired\":true,\"valueName\":\"search_term_string\"}}],\"inLanguage\":\"de\"}]}<\/script>\n<!-- \/ Yoast SEO plugin. -->","yoast_head_json":{"title":"BarCamp:Day 2020 | University:Future Festival 2020","description":"Am Barcamp:Day haben Sie die Gelegenheit, Anwendungsbeispiele aus Ihrer eigenen Projekterfahrung, Lehre oder Hochschule zu pr\u00e4sentieren, zu diskutieren oder gemeinsam mit der HFD-Community weiterzuentwickeln.","robots":{"index":"index","follow":"follow","max-snippet":"max-snippet:-1","max-image-preview":"max-image-preview:large","max-video-preview":"max-video-preview:-1"},"canonical":"https:\/\/festival.hfd.digital\/de\/archiv\/universityfuture-festival-2020\/barcamp-day\/","og_locale":"de_DE","og_type":"article","og_title":"BarCamp:Day des University:Future Festivals","og_description":"Am Barcamp:Day haben Sie die Gelegenheit, Anwendungsbeispiele aus Ihrer eigenen Projekterfahrung, Lehre oder Hochschule zu pr\u00e4sentieren, zu diskutieren oder gemeinsam mit der HFD-Community weiterzuentwickeln.","og_url":"https:\/\/festival.hfd.digital\/de\/archiv\/universityfuture-festival-2020\/barcamp-day\/","og_site_name":"University:Future Festival 2026","article_modified_time":"2024-07-01T11:07:00+00:00","og_image":[{"width":940,"height":788,"url":"https:\/\/festival.hfd.digital\/de\/wp-content\/uploads\/sites\/3\/2020\/09\/1.png","type":"image\/png"}],"twitter_card":"summary_large_image","twitter_title":"BarCamp:Day des University:Future Festivals","twitter_description":"Am Barcamp:Day haben Sie die Gelegenheit, Anwendungsbeispiele aus Ihrer eigenen Projekterfahrung, Lehre oder Hochschule zu pr\u00e4sentieren, zu diskutieren oder gemeinsam mit der HFD-Community weiterzuentwickeln.","twitter_image":"https:\/\/festival.hfd.digital\/de\/wp-content\/uploads\/sites\/3\/2020\/09\/1-1.png","twitter_misc":{"Gesch\u00e4tzte Lesezeit":"2\u00a0Minuten"},"schema":{"@context":"https:\/\/schema.org","@graph":[{"@type":"WebPage","@id":"https:\/\/festival.hfd.digital\/de\/archiv\/universityfuture-festival-2020\/barcamp-day\/","url":"https:\/\/festival.hfd.digital\/de\/archiv\/universityfuture-festival-2020\/barcamp-day\/","name":"BarCamp:Day 2020 | University:Future Festival 2020","isPartOf":{"@id":"https:\/\/festival.hfd.digital\/de\/#website"},"primaryImageOfPage":{"@id":"https:\/\/festival.hfd.digital\/de\/archiv\/universityfuture-festival-2020\/barcamp-day\/#primaryimage"},"image":{"@id":"https:\/\/festival.hfd.digital\/de\/archiv\/universityfuture-festival-2020\/barcamp-day\/#primaryimage"},"thumbnailUrl":"https:\/\/festival.hfd.digital\/de\/wp-content\/uploads\/sites\/3\/2020\/09\/Zackes_quadrat-1-700x700.jpg","datePublished":"2020-09-10T21:12:52+00:00","dateModified":"2024-07-01T11:07:00+00:00","description":"Am Barcamp:Day haben Sie die Gelegenheit, Anwendungsbeispiele aus Ihrer eigenen Projekterfahrung, Lehre oder Hochschule zu pr\u00e4sentieren, zu diskutieren oder gemeinsam mit der HFD-Community weiterzuentwickeln.","breadcrumb":{"@id":"https:\/\/festival.hfd.digital\/de\/archiv\/universityfuture-festival-2020\/barcamp-day\/#breadcrumb"},"inLanguage":"de","potentialAction":[{"@type":"ReadAction","target":["https:\/\/festival.hfd.digital\/de\/archiv\/universityfuture-festival-2020\/barcamp-day\/"]}]},{"@type":"ImageObject","inLanguage":"de","@id":"https:\/\/festival.hfd.digital\/de\/archiv\/universityfuture-festival-2020\/barcamp-day\/#primaryimage","url":"https:\/\/festival.hfd.digital\/de\/wp-content\/uploads\/sites\/3\/2020\/09\/Zackes_quadrat-1-700x700.jpg","contentUrl":"https:\/\/festival.hfd.digital\/de\/wp-content\/uploads\/sites\/3\/2020\/09\/Zackes_quadrat-1-700x700.jpg"},{"@type":"BreadcrumbList","@id":"https:\/\/festival.hfd.digital\/de\/archiv\/universityfuture-festival-2020\/barcamp-day\/#breadcrumb","itemListElement":[{"@type":"ListItem","position":1,"name":"Archiv","item":"https:\/\/festival.hfd.digital\/de\/archiv\/"},{"@type":"ListItem","position":2,"name":"Recap: University:Future Festival 2020","item":"https:\/\/festival.hfd.digital\/de\/archiv\/universityfuture-festival-2020\/"},{"@type":"ListItem","position":3,"name":"BarCamp:Day 2020"}]},{"@type":"WebSite","@id":"https:\/\/festival.hfd.digital\/de\/#website","url":"https:\/\/festival.hfd.digital\/de\/","name":"University:Future Festival 2026","description":"Das j\u00e4hrliche Festival zur Zukunft der Hochschulbildung.","potentialAction":[{"@type":"SearchAction","target":{"@type":"EntryPoint","urlTemplate":"https:\/\/festival.hfd.digital\/de\/?s={search_term_string}"},"query-input":{"@type":"PropertyValueSpecification","valueRequired":true,"valueName":"search_term_string"}}],"inLanguage":"de"}]}},"_links":{"self":[{"href":"https:\/\/festival.hfd.digital\/de\/wp-json\/wp\/v2\/pages\/928","targetHints":{"allow":["GET"]}}],"collection":[{"href":"https:\/\/festival.hfd.digital\/de\/wp-json\/wp\/v2\/pages"}],"about":[{"href":"https:\/\/festival.hfd.digital\/de\/wp-json\/wp\/v2\/types\/page"}],"author":[{"embeddable":true,"href":"https:\/\/festival.hfd.digital\/de\/wp-json\/wp\/v2\/users\/2"}],"replies":[{"embeddable":true,"href":"https:\/\/festival.hfd.digital\/de\/wp-json\/wp\/v2\/comments?post=928"}],"version-history":[{"count":65,"href":"https:\/\/festival.hfd.digital\/de\/wp-json\/wp\/v2\/pages\/928\/revisions"}],"predecessor-version":[{"id":2883,"href":"https:\/\/festival.hfd.digital\/de\/wp-json\/wp\/v2\/pages\/928\/revisions\/2883"}],"up":[{"embeddable":true,"href":"https:\/\/festival.hfd.digital\/de\/wp-json\/wp\/v2\/pages\/922"}],"wp:attachment":[{"href":"https:\/\/festival.hfd.digital\/de\/wp-json\/wp\/v2\/media?parent=928"}],"curies":[{"name":"wp","href":"https:\/\/api.w.org\/{rel}","templated":true}]}}