{"id":922,"date":"2020-09-07T10:19:15","date_gmt":"2020-09-07T10:19:15","guid":{"rendered":"https:\/\/festival.hfd.digital\/de\/?page_id=922"},"modified":"2024-07-01T11:07:39","modified_gmt":"2024-07-01T11:07:39","slug":"universityfuture-festival-2020","status":"publish","type":"page","link":"https:\/\/festival.hfd.digital\/de\/archiv\/universityfuture-festival-2020\/","title":{"rendered":"Recap: University:Future Festival 2020"},"content":{"rendered":"\n<h2 class=\"wp-block-heading\">Learning, Systems and the New Normal<\/h2>\n\n\n\n<p>Noch nie in der Geschichte der Hochschullehre musste die Wissensvermittlung so schnell und so umfassend umgestellt werden wie im Jahr 2020. Klar ist: Die Hochschulwelt wird nach 2020 eine andere sein als zuvor. Gerade 2020 war der Moment, um wichtige Weichen f\u00fcr die Zukunft der Hochschulbildung zustellen. Beim Universtity:Future Festival 2020 konnten Sie mitdiskutieren, wie in Zukunft gelehrt, gelernt, zusammengearbeitet und sich ausgetauscht wird.&nbsp;<\/p>\n\n\n\n<p>Drei Tage lang haben wir Lehrende, Studierende, Hochschulleitungen und weitere Akteure aus Hochschule, Politik und Gesellschaft zusammengebracht. Wir schafften einen (virtuellen) Raum f\u00fcr Austausch zur Hochschulbildung im digitalen Zeitalter, wo Sie alte Bekanntschaften wiedertreffen und neue Gleichgesinnte kennenlernen konnten.<\/p>\n\n\n\n<p><a href=\"https:\/\/youtube.com\/playlist?list=PLDE3NyZgHoK5t1-ey19_9PsIFjiKC97-f\">Hier finden Sie die Videos vom University:Future Festival 2020<\/a>.<\/p>\n\n\n\n<h2 class=\"wp-block-heading\">Das Programm<\/h2>\n\n\n\n<p>Das University:Future Festival 2020 setzte sich inhaltlich mit der Hochschullehre in und nach der Pandemie auseinander \u2013 dem \u201cNew Normal\u201d. Wir haben gemeinsam einen Blick zur\u00fcck auf das digitale Sommersemester 2020 \u2013 und vor allem einen Blick nach vorne auf die Zukunft der Hochschulen &#8211; geworfen.<\/p>\n\n\n\n<p><strong>Von interaktiven BarCamps, \u00fcber spannende Sessions bis hin zu kreativen Workshops<\/strong> &#8211; mit dem University:Future Festival schafften wir eine Plattform f\u00fcr einen Austausch \u00fcber die Zukunft der Hochschulbildung. Nationale und internationale Speaker:innen gaben am Conference:Day Einblicke in ihre pers\u00f6nlichen Erfahrungen aus Theorie und Praxis, am Workshop:Day wurde das neue Normal f\u00fcr die Teilnehmenden erlebbar und am Barcamp:Day konnten die Teilnehmer:innen selber aktiv werden und mitdiskutieren, wie die Zukunft der Hochschulwelt und das neue Normal aussehen k\u00f6nnte.\u00a0<\/p>\n\n\n\n<p>Da wir uns im Hochschulforum Digitalisierung als Teil eines Netzwerkes verstehen, haben wir und besonders gefreut, dass sich das Programm an allen drei Tagen haupts\u00e4chlich aus Einreichungen aus unserer Community gespeist hat!&nbsp;<\/p>\n\n\n\n<div class=\"wp-block-buttons is-layout-flex wp-block-buttons-is-layout-flex\">\n<div class=\"wp-block-button\"><a class=\"wp-block-button__link\" href=\"https:\/\/festival.hfd.digital\/de\/speaker-innen\/\">Speaker:innen 2020<\/a><\/div>\n\n\n\n<div class=\"wp-block-button\"><a class=\"wp-block-button__link\" href=\"https:\/\/festival.hfd.digital\/de\/programm-2020\/conference-day\/\">Conference:Day 2020<\/a><\/div>\n\n\n\n<div class=\"wp-block-button\"><a class=\"wp-block-button__link\" href=\"https:\/\/festival.hfd.digital\/de\/festival\/jury\/\"> Jurymitglieder 2020<\/a><\/div>\n<\/div>\n\n\n\n<p><\/p>\n","protected":false},"excerpt":{"rendered":"Learning, Systems and the New Normal Noch nie in der Geschichte der Hochschullehre musste die Wissensvermittlung so schnell und so umfassend umgestellt werden wie im Jahr 2020. Klar ist: Die Hochschulwelt wird nach 2020 eine andere sein als zuvor. Gerade 2020 war der Moment, um wichtige Weichen f\u00fcr die Zukunft der Hochschulbildung zustellen. Beim Universtity:Future&#8230; <a class=\"view-article\" href=\"https:\/\/festival.hfd.digital\/de\/archiv\/universityfuture-festival-2020\/\">View Article<\/a>","protected":false},"author":1,"featured_media":0,"parent":3512,"menu_order":2,"comment_status":"closed","ping_status":"closed","template":"template-programm.php","meta":{"_acf_changed":false,"inline_featured_image":false,"footnotes":""},"class_list":["post-922","page","type-page","status-publish","hentry"],"acf":[],"yoast_head":"<!-- This site is optimized with the Yoast SEO plugin v27.3 - https:\/\/yoast.com\/product\/yoast-seo-wordpress\/ -->\n<title>Recap: University:Future Festival 2020<\/title>\n<meta name=\"description\" content=\"Von interaktiven BarCamps, \u00fcber spannende Sessions bis hin zu kreativen Workshops - mit dem U:FF 2020 schafften wir eine Plattform f\u00fcr einen Austausch \u00fcber die Zukunft der Hochschulbildung.\" \/>\n<meta name=\"robots\" content=\"index, follow, max-snippet:-1, max-image-preview:large, max-video-preview:-1\" \/>\n<link rel=\"canonical\" href=\"https:\/\/festival.hfd.digital\/de\/archiv\/universityfuture-festival-2020\/\" \/>\n<meta property=\"og:locale\" content=\"de_DE\" \/>\n<meta property=\"og:type\" content=\"article\" \/>\n<meta property=\"og:title\" content=\"Das Programm des University:Future Festival\" \/>\n<meta property=\"og:description\" content=\"Von interaktiven BarCamps, \u00fcber spannende Sessions bis hin zu kreativen Workshops - mit dem University:Future Festival schaffen wir eine Plattform f\u00fcr einen Austausch \u00fcber die Zukunft der Hochschulbildung.\" \/>\n<meta property=\"og:url\" content=\"https:\/\/festival.hfd.digital\/de\/archiv\/universityfuture-festival-2020\/\" \/>\n<meta property=\"og:site_name\" content=\"University:Future Festival 2026\" \/>\n<meta property=\"article:modified_time\" content=\"2024-07-01T11:07:39+00:00\" \/>\n<meta property=\"og:image\" content=\"https:\/\/festival.hfd.digital\/de\/wp-content\/uploads\/sites\/3\/2021\/08\/SM-Website-UFF.png\" \/>\n\t<meta property=\"og:image:width\" content=\"1600\" \/>\n\t<meta property=\"og:image:height\" content=\"900\" \/>\n\t<meta property=\"og:image:type\" content=\"image\/png\" \/>\n<meta name=\"twitter:card\" content=\"summary_large_image\" \/>\n<meta name=\"twitter:title\" content=\"Das Programm des University:Future Festivals 2020\" \/>\n<meta name=\"twitter:description\" content=\"Von interaktiven BarCamps, \u00fcber spannende Sessions bis hin zu kreativen Workshops - mit dem University:Future Festival schaffen wir eine Plattform f\u00fcr einen Austausch \u00fcber die Zukunft der Hochschulbildung.\" \/>\n<meta name=\"twitter:image\" content=\"https:\/\/festival.hfd.digital\/de\/wp-content\/uploads\/sites\/3\/2021\/08\/SM-Website-UFF.png\" \/>\n<meta name=\"twitter:label1\" content=\"Gesch\u00e4tzte Lesezeit\" \/>\n\t<meta name=\"twitter:data1\" content=\"2\u00a0Minuten\" \/>\n<script type=\"application\/ld+json\" class=\"yoast-schema-graph\">{\"@context\":\"https:\\\/\\\/schema.org\",\"@graph\":[{\"@type\":\"WebPage\",\"@id\":\"https:\\\/\\\/festival.hfd.digital\\\/de\\\/archiv\\\/universityfuture-festival-2020\\\/\",\"url\":\"https:\\\/\\\/festival.hfd.digital\\\/de\\\/archiv\\\/universityfuture-festival-2020\\\/\",\"name\":\"Recap: University:Future Festival 2020\",\"isPartOf\":{\"@id\":\"https:\\\/\\\/festival.hfd.digital\\\/de\\\/#website\"},\"datePublished\":\"2020-09-07T10:19:15+00:00\",\"dateModified\":\"2024-07-01T11:07:39+00:00\",\"description\":\"Von interaktiven BarCamps, \u00fcber spannende Sessions bis hin zu kreativen Workshops - mit dem U:FF 2020 schafften wir eine Plattform f\u00fcr einen Austausch \u00fcber die Zukunft der Hochschulbildung.\",\"breadcrumb\":{\"@id\":\"https:\\\/\\\/festival.hfd.digital\\\/de\\\/archiv\\\/universityfuture-festival-2020\\\/#breadcrumb\"},\"inLanguage\":\"de\",\"potentialAction\":[{\"@type\":\"ReadAction\",\"target\":[\"https:\\\/\\\/festival.hfd.digital\\\/de\\\/archiv\\\/universityfuture-festival-2020\\\/\"]}]},{\"@type\":\"BreadcrumbList\",\"@id\":\"https:\\\/\\\/festival.hfd.digital\\\/de\\\/archiv\\\/universityfuture-festival-2020\\\/#breadcrumb\",\"itemListElement\":[{\"@type\":\"ListItem\",\"position\":1,\"name\":\"Archiv\",\"item\":\"https:\\\/\\\/festival.hfd.digital\\\/de\\\/archiv\\\/\"},{\"@type\":\"ListItem\",\"position\":2,\"name\":\"Recap: University:Future Festival 2020\"}]},{\"@type\":\"WebSite\",\"@id\":\"https:\\\/\\\/festival.hfd.digital\\\/de\\\/#website\",\"url\":\"https:\\\/\\\/festival.hfd.digital\\\/de\\\/\",\"name\":\"University:Future Festival 2026\",\"description\":\"Das j\u00e4hrliche Festival zur Zukunft der Hochschulbildung.\",\"potentialAction\":[{\"@type\":\"SearchAction\",\"target\":{\"@type\":\"EntryPoint\",\"urlTemplate\":\"https:\\\/\\\/festival.hfd.digital\\\/de\\\/?s={search_term_string}\"},\"query-input\":{\"@type\":\"PropertyValueSpecification\",\"valueRequired\":true,\"valueName\":\"search_term_string\"}}],\"inLanguage\":\"de\"}]}<\/script>\n<!-- \/ Yoast SEO plugin. -->","yoast_head_json":{"title":"Recap: University:Future Festival 2020","description":"Von interaktiven BarCamps, \u00fcber spannende Sessions bis hin zu kreativen Workshops - mit dem U:FF 2020 schafften wir eine Plattform f\u00fcr einen Austausch \u00fcber die Zukunft der Hochschulbildung.","robots":{"index":"index","follow":"follow","max-snippet":"max-snippet:-1","max-image-preview":"max-image-preview:large","max-video-preview":"max-video-preview:-1"},"canonical":"https:\/\/festival.hfd.digital\/de\/archiv\/universityfuture-festival-2020\/","og_locale":"de_DE","og_type":"article","og_title":"Das Programm des University:Future Festival","og_description":"Von interaktiven BarCamps, \u00fcber spannende Sessions bis hin zu kreativen Workshops - mit dem University:Future Festival schaffen wir eine Plattform f\u00fcr einen Austausch \u00fcber die Zukunft der Hochschulbildung.","og_url":"https:\/\/festival.hfd.digital\/de\/archiv\/universityfuture-festival-2020\/","og_site_name":"University:Future Festival 2026","article_modified_time":"2024-07-01T11:07:39+00:00","og_image":[{"width":1600,"height":900,"url":"https:\/\/festival.hfd.digital\/de\/wp-content\/uploads\/sites\/3\/2021\/08\/SM-Website-UFF.png","type":"image\/png"}],"twitter_card":"summary_large_image","twitter_title":"Das Programm des University:Future Festivals 2020","twitter_description":"Von interaktiven BarCamps, \u00fcber spannende Sessions bis hin zu kreativen Workshops - mit dem University:Future Festival schaffen wir eine Plattform f\u00fcr einen Austausch \u00fcber die Zukunft der Hochschulbildung.","twitter_image":"https:\/\/festival.hfd.digital\/de\/wp-content\/uploads\/sites\/3\/2021\/08\/SM-Website-UFF.png","twitter_misc":{"Gesch\u00e4tzte Lesezeit":"2\u00a0Minuten"},"schema":{"@context":"https:\/\/schema.org","@graph":[{"@type":"WebPage","@id":"https:\/\/festival.hfd.digital\/de\/archiv\/universityfuture-festival-2020\/","url":"https:\/\/festival.hfd.digital\/de\/archiv\/universityfuture-festival-2020\/","name":"Recap: University:Future Festival 2020","isPartOf":{"@id":"https:\/\/festival.hfd.digital\/de\/#website"},"datePublished":"2020-09-07T10:19:15+00:00","dateModified":"2024-07-01T11:07:39+00:00","description":"Von interaktiven BarCamps, \u00fcber spannende Sessions bis hin zu kreativen Workshops - mit dem U:FF 2020 schafften wir eine Plattform f\u00fcr einen Austausch \u00fcber die Zukunft der Hochschulbildung.","breadcrumb":{"@id":"https:\/\/festival.hfd.digital\/de\/archiv\/universityfuture-festival-2020\/#breadcrumb"},"inLanguage":"de","potentialAction":[{"@type":"ReadAction","target":["https:\/\/festival.hfd.digital\/de\/archiv\/universityfuture-festival-2020\/"]}]},{"@type":"BreadcrumbList","@id":"https:\/\/festival.hfd.digital\/de\/archiv\/universityfuture-festival-2020\/#breadcrumb","itemListElement":[{"@type":"ListItem","position":1,"name":"Archiv","item":"https:\/\/festival.hfd.digital\/de\/archiv\/"},{"@type":"ListItem","position":2,"name":"Recap: University:Future Festival 2020"}]},{"@type":"WebSite","@id":"https:\/\/festival.hfd.digital\/de\/#website","url":"https:\/\/festival.hfd.digital\/de\/","name":"University:Future Festival 2026","description":"Das j\u00e4hrliche Festival zur Zukunft der Hochschulbildung.","potentialAction":[{"@type":"SearchAction","target":{"@type":"EntryPoint","urlTemplate":"https:\/\/festival.hfd.digital\/de\/?s={search_term_string}"},"query-input":{"@type":"PropertyValueSpecification","valueRequired":true,"valueName":"search_term_string"}}],"inLanguage":"de"}]}},"_links":{"self":[{"href":"https:\/\/festival.hfd.digital\/de\/wp-json\/wp\/v2\/pages\/922","targetHints":{"allow":["GET"]}}],"collection":[{"href":"https:\/\/festival.hfd.digital\/de\/wp-json\/wp\/v2\/pages"}],"about":[{"href":"https:\/\/festival.hfd.digital\/de\/wp-json\/wp\/v2\/types\/page"}],"author":[{"embeddable":true,"href":"https:\/\/festival.hfd.digital\/de\/wp-json\/wp\/v2\/users\/1"}],"replies":[{"embeddable":true,"href":"https:\/\/festival.hfd.digital\/de\/wp-json\/wp\/v2\/comments?post=922"}],"version-history":[{"count":66,"href":"https:\/\/festival.hfd.digital\/de\/wp-json\/wp\/v2\/pages\/922\/revisions"}],"predecessor-version":[{"id":9544,"href":"https:\/\/festival.hfd.digital\/de\/wp-json\/wp\/v2\/pages\/922\/revisions\/9544"}],"up":[{"embeddable":true,"href":"https:\/\/festival.hfd.digital\/de\/wp-json\/wp\/v2\/pages\/3512"}],"wp:attachment":[{"href":"https:\/\/festival.hfd.digital\/de\/wp-json\/wp\/v2\/media?parent=922"}],"curies":[{"name":"wp","href":"https:\/\/api.w.org\/{rel}","templated":true}]}}