{"id":7657,"date":"2024-03-28T16:22:52","date_gmt":"2024-03-28T16:22:52","guid":{"rendered":"https:\/\/festival.hfd.digital\/de\/?page_id=7657"},"modified":"2024-07-01T09:15:20","modified_gmt":"2024-07-01T09:15:20","slug":"programm-stages-2024","status":"publish","type":"page","link":"https:\/\/festival.hfd.digital\/de\/programm-stages-2024\/","title":{"rendered":"\u00dcber die Stages 2024"},"content":{"rendered":"\n<p><strong>Mainstage Berlin:<\/strong> Die physische Hauptb\u00fchne des Festivals.<\/p>\n\n\n\n<p><strong>Community-Stage Berlin: <\/strong>Physische B\u00fchne mit ausgew\u00e4hlten Highlights aus der Community.<\/p>\n\n\n\n<p><strong>Leipzig-Stage:<\/strong> Die Leipziger B\u00fchne des Festivals, organisiert von der <a href=\"https:\/\/www.uni-leipzig.de\/\" target=\"_blank\" rel=\"noreferrer noopener\">Universit\u00e4t Leipzig<\/a>. Schwerpunkt: Strukturen und Strategien von Hochschulen im digitalen Wandel. <\/p>\n\n\n\n<p><strong>Shifting-Stage N\u00fcrnberg:<\/strong> Die N\u00fcrnberger B\u00fchne des Festivals, organisiert von der <a href=\"https:\/\/www.th-nuernberg.de\/\" target=\"_blank\" rel=\"noreferrer noopener\">Technischen Hochschule N\u00fcrnberg<\/a> und der <a href=\"https:\/\/www.utn.de\/\" target=\"_blank\" rel=\"noreferrer noopener\">Technischen Universit\u00e4t N\u00fcrnberg<\/a>. Schwerpunkt: Innovative Lehr-Lernans\u00e4tze.<\/p>\n\n\n\n<p><strong>ORCA.nrw-Stage:<\/strong> Die Bochumer B\u00fchne des Festivals, organisiert von <a href=\"https:\/\/www.orca.nrw\/\" target=\"_blank\" rel=\"noreferrer noopener\">ORCA.nrw<\/a>. Schwerpunkte: Netzwerkthemen in der Hochschulbildung sowie Partizipationsm\u00f6glichkeiten an Hochschulen.<\/p>\n\n\n\n<p><strong>KI-Campus-Stage:<\/strong> Die Heilbronner B\u00fchne des Festivals, organisiert vom <a href=\"https:\/\/ki-campus.org\/\" target=\"_blank\" rel=\"noreferrer noopener\">KI-Campus<\/a>. Schwerpunkt: K\u00fcnstliche Intelligenz.<\/p>\n\n\n\n<p><strong>StIL-Stage:\u00a0<\/strong>Eine digitale B\u00fchne mit Beitr\u00e4gen von durch die <a href=\"https:\/\/stiftung-hochschullehre.de\/\" target=\"_blank\" rel=\"noreferrer noopener\">Stiftung Innovation in der Hochschullehre<\/a> (StIL) gef\u00f6rderten Projekten.<\/p>\n\n\n\n<p><strong>Digital 1-10:&nbsp;<\/strong>Digitale B\u00fchnen mit Beitr\u00e4gen aus allen Tracks.<\/p>\n\n\n\n<p><strong>Deep-Dive-Stage 1-3:<\/strong> Digitale B\u00fchnen mit l\u00e4ngeren Beitr\u00e4gen aus allen Tracks.<\/p>\n\n\n\n<p><strong>Talk-Stage 1-2:<\/strong> Digitale B\u00fchne mit Inputs aus allen Tracks.<\/p>\n\n\n\n<figure class=\"wp-block-image size-large is-resized\"><img loading=\"lazy\" decoding=\"async\" width=\"700\" height=\"394\" src=\"https:\/\/festival.hfd.digital\/de\/wp-content\/uploads\/sites\/3\/2024\/04\/Buehnenuebersicht-UFF-2024-DE-700x394.png\" alt=\"Grafische \u00dcbersicht der B\u00fchnen mit Dauer und Zuordnung zu den drei Festivaltagen\" class=\"wp-image-7905\" style=\"width:840px;height:auto\" srcset=\"https:\/\/festival.hfd.digital\/de\/wp-content\/uploads\/sites\/3\/2024\/04\/Buehnenuebersicht-UFF-2024-DE-700x394.png 700w, https:\/\/festival.hfd.digital\/de\/wp-content\/uploads\/sites\/3\/2024\/04\/Buehnenuebersicht-UFF-2024-DE-250x141.png 250w, https:\/\/festival.hfd.digital\/de\/wp-content\/uploads\/sites\/3\/2024\/04\/Buehnenuebersicht-UFF-2024-DE-768x432.png 768w, https:\/\/festival.hfd.digital\/de\/wp-content\/uploads\/sites\/3\/2024\/04\/Buehnenuebersicht-UFF-2024-DE-1536x864.png 1536w, https:\/\/festival.hfd.digital\/de\/wp-content\/uploads\/sites\/3\/2024\/04\/Buehnenuebersicht-UFF-2024-DE-120x68.png 120w, https:\/\/festival.hfd.digital\/de\/wp-content\/uploads\/sites\/3\/2024\/04\/Buehnenuebersicht-UFF-2024-DE.png 1920w\" sizes=\"auto, (max-width: 700px) 100vw, 700px\" \/><\/figure>\n","protected":false},"excerpt":{"rendered":"Mainstage Berlin: Die physische Hauptb\u00fchne des Festivals. Community-Stage Berlin: Physische B\u00fchne mit ausgew\u00e4hlten Highlights aus der Community. Leipzig-Stage: Die Leipziger B\u00fchne des Festivals, organisiert von der Universit\u00e4t Leipzig. Schwerpunkt: Strukturen und Strategien von Hochschulen im digitalen Wandel. Shifting-Stage N\u00fcrnberg: Die N\u00fcrnberger B\u00fchne des Festivals, organisiert von der Technischen Hochschule N\u00fcrnberg und der Technischen Universit\u00e4t N\u00fcrnberg&#8230;. <a class=\"view-article\" href=\"https:\/\/festival.hfd.digital\/de\/programm-stages-2024\/\">View Article<\/a>","protected":false},"author":24,"featured_media":0,"parent":0,"menu_order":0,"comment_status":"closed","ping_status":"closed","template":"","meta":{"_acf_changed":false,"inline_featured_image":false,"footnotes":""},"class_list":["post-7657","page","type-page","status-publish","hentry"],"acf":[],"yoast_head":"<!-- This site is optimized with the Yoast SEO plugin v27.3 - https:\/\/yoast.com\/product\/yoast-seo-wordpress\/ -->\n<title>\u00dcber die Stages 2024 | University:Future Festival 2024<\/title>\n<meta name=\"description\" content=\"Das U:FF fand vom 05. - 07. Juni in Berlin, Bochum, Heilbronn, Leipzig, N\u00fcrnberg und digital statt. Hier erfahren Sie mehr \u00fcber die Stages.\" \/>\n<meta name=\"robots\" content=\"index, follow, max-snippet:-1, max-image-preview:large, max-video-preview:-1\" \/>\n<link rel=\"canonical\" href=\"https:\/\/festival.hfd.digital\/de\/programm-stages-2024\/\" \/>\n<meta property=\"og:locale\" content=\"de_DE\" \/>\n<meta property=\"og:type\" content=\"article\" \/>\n<meta property=\"og:title\" content=\"\u00dcber die Stages | University:Future Festival 2024\" \/>\n<meta property=\"og:description\" content=\"Das U:FF fand vom 05. - 07. Juni in Berlin, Bochum, Heilbronn, Leipzig, N\u00fcrnberg und digital statt. Hier erfahren Sie mehr \u00fcber die Stages.\" \/>\n<meta property=\"og:url\" content=\"https:\/\/festival.hfd.digital\/de\/programm-stages-2024\/\" \/>\n<meta property=\"og:site_name\" content=\"University:Future Festival 2026\" \/>\n<meta property=\"article:modified_time\" content=\"2024-07-01T09:15:20+00:00\" \/>\n<meta property=\"og:image\" content=\"https:\/\/festival.hfd.digital\/de\/wp-content\/uploads\/sites\/3\/2023\/11\/Standard.png\" \/>\n\t<meta property=\"og:image:width\" content=\"720\" \/>\n\t<meta property=\"og:image:height\" content=\"720\" \/>\n\t<meta property=\"og:image:type\" content=\"image\/png\" \/>\n<meta name=\"twitter:card\" content=\"summary_large_image\" \/>\n<meta name=\"twitter:title\" content=\"\u00dcber die Stages\" \/>\n<meta name=\"twitter:description\" content=\"Das U:FF findet vom 05. - 07. Juni in Berlin, Bochum, Heilbronn, Leipzig, N\u00fcrnberg und digital statt. Hier erfahren Sie mehr \u00fcber die Stages.\" \/>\n<meta name=\"twitter:image\" content=\"https:\/\/festival.hfd.digital\/de\/wp-content\/uploads\/sites\/3\/2023\/11\/Standard-1.png\" \/>\n<meta name=\"twitter:label1\" content=\"Gesch\u00e4tzte Lesezeit\" \/>\n\t<meta name=\"twitter:data1\" content=\"1\u00a0Minute\" \/>\n<script type=\"application\/ld+json\" class=\"yoast-schema-graph\">{\"@context\":\"https:\\\/\\\/schema.org\",\"@graph\":[{\"@type\":\"WebPage\",\"@id\":\"https:\\\/\\\/festival.hfd.digital\\\/de\\\/programm-stages-2024\\\/\",\"url\":\"https:\\\/\\\/festival.hfd.digital\\\/de\\\/programm-stages-2024\\\/\",\"name\":\"\u00dcber die Stages 2024 | University:Future Festival 2024\",\"isPartOf\":{\"@id\":\"https:\\\/\\\/festival.hfd.digital\\\/de\\\/#website\"},\"primaryImageOfPage\":{\"@id\":\"https:\\\/\\\/festival.hfd.digital\\\/de\\\/programm-stages-2024\\\/#primaryimage\"},\"image\":{\"@id\":\"https:\\\/\\\/festival.hfd.digital\\\/de\\\/programm-stages-2024\\\/#primaryimage\"},\"thumbnailUrl\":\"https:\\\/\\\/festival.hfd.digital\\\/de\\\/wp-content\\\/uploads\\\/sites\\\/3\\\/2024\\\/04\\\/Buehnenuebersicht-UFF-2024-DE-700x394.png\",\"datePublished\":\"2024-03-28T16:22:52+00:00\",\"dateModified\":\"2024-07-01T09:15:20+00:00\",\"description\":\"Das U:FF fand vom 05. - 07. Juni in Berlin, Bochum, Heilbronn, Leipzig, N\u00fcrnberg und digital statt. Hier erfahren Sie mehr \u00fcber die Stages.\",\"inLanguage\":\"de\",\"potentialAction\":[{\"@type\":\"ReadAction\",\"target\":[\"https:\\\/\\\/festival.hfd.digital\\\/de\\\/programm-stages-2024\\\/\"]}]},{\"@type\":\"ImageObject\",\"inLanguage\":\"de\",\"@id\":\"https:\\\/\\\/festival.hfd.digital\\\/de\\\/programm-stages-2024\\\/#primaryimage\",\"url\":\"https:\\\/\\\/festival.hfd.digital\\\/de\\\/wp-content\\\/uploads\\\/sites\\\/3\\\/2024\\\/04\\\/Buehnenuebersicht-UFF-2024-DE.png\",\"contentUrl\":\"https:\\\/\\\/festival.hfd.digital\\\/de\\\/wp-content\\\/uploads\\\/sites\\\/3\\\/2024\\\/04\\\/Buehnenuebersicht-UFF-2024-DE.png\",\"width\":1920,\"height\":1080,\"caption\":\"Grafische \u00dcbersicht der B\u00fchnen mit Dauer und Zuordnung zu den drei Festivaltagen\"},{\"@type\":\"WebSite\",\"@id\":\"https:\\\/\\\/festival.hfd.digital\\\/de\\\/#website\",\"url\":\"https:\\\/\\\/festival.hfd.digital\\\/de\\\/\",\"name\":\"University:Future Festival 2026\",\"description\":\"Das j\u00e4hrliche Festival zur Zukunft der Hochschulbildung.\",\"potentialAction\":[{\"@type\":\"SearchAction\",\"target\":{\"@type\":\"EntryPoint\",\"urlTemplate\":\"https:\\\/\\\/festival.hfd.digital\\\/de\\\/?s={search_term_string}\"},\"query-input\":{\"@type\":\"PropertyValueSpecification\",\"valueRequired\":true,\"valueName\":\"search_term_string\"}}],\"inLanguage\":\"de\"}]}<\/script>\n<!-- \/ Yoast SEO plugin. -->","yoast_head_json":{"title":"\u00dcber die Stages 2024 | University:Future Festival 2024","description":"Das U:FF fand vom 05. - 07. Juni in Berlin, Bochum, Heilbronn, Leipzig, N\u00fcrnberg und digital statt. Hier erfahren Sie mehr \u00fcber die Stages.","robots":{"index":"index","follow":"follow","max-snippet":"max-snippet:-1","max-image-preview":"max-image-preview:large","max-video-preview":"max-video-preview:-1"},"canonical":"https:\/\/festival.hfd.digital\/de\/programm-stages-2024\/","og_locale":"de_DE","og_type":"article","og_title":"\u00dcber die Stages | University:Future Festival 2024","og_description":"Das U:FF fand vom 05. - 07. Juni in Berlin, Bochum, Heilbronn, Leipzig, N\u00fcrnberg und digital statt. Hier erfahren Sie mehr \u00fcber die Stages.","og_url":"https:\/\/festival.hfd.digital\/de\/programm-stages-2024\/","og_site_name":"University:Future Festival 2026","article_modified_time":"2024-07-01T09:15:20+00:00","og_image":[{"width":720,"height":720,"url":"https:\/\/festival.hfd.digital\/de\/wp-content\/uploads\/sites\/3\/2023\/11\/Standard.png","type":"image\/png"}],"twitter_card":"summary_large_image","twitter_title":"\u00dcber die Stages","twitter_description":"Das U:FF findet vom 05. - 07. Juni in Berlin, Bochum, Heilbronn, Leipzig, N\u00fcrnberg und digital statt. Hier erfahren Sie mehr \u00fcber die Stages.","twitter_image":"https:\/\/festival.hfd.digital\/de\/wp-content\/uploads\/sites\/3\/2023\/11\/Standard-1.png","twitter_misc":{"Gesch\u00e4tzte Lesezeit":"1\u00a0Minute"},"schema":{"@context":"https:\/\/schema.org","@graph":[{"@type":"WebPage","@id":"https:\/\/festival.hfd.digital\/de\/programm-stages-2024\/","url":"https:\/\/festival.hfd.digital\/de\/programm-stages-2024\/","name":"\u00dcber die Stages 2024 | University:Future Festival 2024","isPartOf":{"@id":"https:\/\/festival.hfd.digital\/de\/#website"},"primaryImageOfPage":{"@id":"https:\/\/festival.hfd.digital\/de\/programm-stages-2024\/#primaryimage"},"image":{"@id":"https:\/\/festival.hfd.digital\/de\/programm-stages-2024\/#primaryimage"},"thumbnailUrl":"https:\/\/festival.hfd.digital\/de\/wp-content\/uploads\/sites\/3\/2024\/04\/Buehnenuebersicht-UFF-2024-DE-700x394.png","datePublished":"2024-03-28T16:22:52+00:00","dateModified":"2024-07-01T09:15:20+00:00","description":"Das U:FF fand vom 05. - 07. Juni in Berlin, Bochum, Heilbronn, Leipzig, N\u00fcrnberg und digital statt. Hier erfahren Sie mehr \u00fcber die Stages.","inLanguage":"de","potentialAction":[{"@type":"ReadAction","target":["https:\/\/festival.hfd.digital\/de\/programm-stages-2024\/"]}]},{"@type":"ImageObject","inLanguage":"de","@id":"https:\/\/festival.hfd.digital\/de\/programm-stages-2024\/#primaryimage","url":"https:\/\/festival.hfd.digital\/de\/wp-content\/uploads\/sites\/3\/2024\/04\/Buehnenuebersicht-UFF-2024-DE.png","contentUrl":"https:\/\/festival.hfd.digital\/de\/wp-content\/uploads\/sites\/3\/2024\/04\/Buehnenuebersicht-UFF-2024-DE.png","width":1920,"height":1080,"caption":"Grafische \u00dcbersicht der B\u00fchnen mit Dauer und Zuordnung zu den drei Festivaltagen"},{"@type":"WebSite","@id":"https:\/\/festival.hfd.digital\/de\/#website","url":"https:\/\/festival.hfd.digital\/de\/","name":"University:Future Festival 2026","description":"Das j\u00e4hrliche Festival zur Zukunft der Hochschulbildung.","potentialAction":[{"@type":"SearchAction","target":{"@type":"EntryPoint","urlTemplate":"https:\/\/festival.hfd.digital\/de\/?s={search_term_string}"},"query-input":{"@type":"PropertyValueSpecification","valueRequired":true,"valueName":"search_term_string"}}],"inLanguage":"de"}]}},"_links":{"self":[{"href":"https:\/\/festival.hfd.digital\/de\/wp-json\/wp\/v2\/pages\/7657","targetHints":{"allow":["GET"]}}],"collection":[{"href":"https:\/\/festival.hfd.digital\/de\/wp-json\/wp\/v2\/pages"}],"about":[{"href":"https:\/\/festival.hfd.digital\/de\/wp-json\/wp\/v2\/types\/page"}],"author":[{"embeddable":true,"href":"https:\/\/festival.hfd.digital\/de\/wp-json\/wp\/v2\/users\/24"}],"replies":[{"embeddable":true,"href":"https:\/\/festival.hfd.digital\/de\/wp-json\/wp\/v2\/comments?post=7657"}],"version-history":[{"count":7,"href":"https:\/\/festival.hfd.digital\/de\/wp-json\/wp\/v2\/pages\/7657\/revisions"}],"predecessor-version":[{"id":9594,"href":"https:\/\/festival.hfd.digital\/de\/wp-json\/wp\/v2\/pages\/7657\/revisions\/9594"}],"wp:attachment":[{"href":"https:\/\/festival.hfd.digital\/de\/wp-json\/wp\/v2\/media?parent=7657"}],"curies":[{"name":"wp","href":"https:\/\/api.w.org\/{rel}","templated":true}]}}