{"id":7571,"date":"2024-04-03T08:49:02","date_gmt":"2024-04-03T08:49:02","guid":{"rendered":"https:\/\/festival.hfd.digital\/de\/?page_id=7571"},"modified":"2024-07-01T10:16:19","modified_gmt":"2024-07-01T10:16:19","slug":"praesenzbuehne-bochum-2024","status":"publish","type":"page","link":"https:\/\/festival.hfd.digital\/de\/praesenzbuehne-bochum-2024\/","title":{"rendered":"ORCA.nrw-Stage Bochum"},"content":{"rendered":"\n<h5 class=\"wp-block-heading\">Am 06. Juni ging es auf der ORCA.nrw-Stage in Nordrhein-Westfalen um Themen wie hochschul\u00fcbergreifende Zusammenarbeit und Offenheit in der Lehre. Neben sportlichem und k\u00fcnstlerischem Rahmenprogramm wartete auf die Besucher:innen ein besonderer politischer Programmpunkt. Veranstaltet wurde die B\u00fchne an historischem Ort vom Landesportal ORCA.nrw.<\/h5>\n\n\n\n<p><\/p>\n\n\n<div class=\"wp-block-image is-style-default\">\n<figure class=\"aligncenter size-large\"><img loading=\"lazy\" decoding=\"async\" width=\"700\" height=\"394\" src=\"https:\/\/festival.hfd.digital\/de\/wp-content\/uploads\/sites\/3\/2024\/04\/Sharepic-Bochum-1-1-700x394.png\" alt=\"\" class=\"wp-image-8022\" srcset=\"https:\/\/festival.hfd.digital\/de\/wp-content\/uploads\/sites\/3\/2024\/04\/Sharepic-Bochum-1-1-700x394.png 700w, https:\/\/festival.hfd.digital\/de\/wp-content\/uploads\/sites\/3\/2024\/04\/Sharepic-Bochum-1-1-250x141.png 250w, https:\/\/festival.hfd.digital\/de\/wp-content\/uploads\/sites\/3\/2024\/04\/Sharepic-Bochum-1-1-768x432.png 768w, https:\/\/festival.hfd.digital\/de\/wp-content\/uploads\/sites\/3\/2024\/04\/Sharepic-Bochum-1-1-1536x864.png 1536w, https:\/\/festival.hfd.digital\/de\/wp-content\/uploads\/sites\/3\/2024\/04\/Sharepic-Bochum-1-1-120x68.png 120w, https:\/\/festival.hfd.digital\/de\/wp-content\/uploads\/sites\/3\/2024\/04\/Sharepic-Bochum-1-1.png 1920w\" sizes=\"auto, (max-width: 700px) 100vw, 700px\" \/><\/figure>\n<\/div>\n\n\n<p><\/p>\n\n\n\n<p><strong>Eckdaten<\/strong>: Das inhaltliche Programm der ORCA.nrw-Stage beginnt am 06. Juni 2024 um 09:00 Uhr und endet um 17:30 Uhr. Doch damit ist der Tag noch nicht vorbei: Direkt im Anschluss wartet ein lockerer Ausklang mit kalten Getr\u00e4nken und warmem Essen vom Grill sowie Live-Musik. Im Schatten des markanten F\u00f6rderturms der ehemaligen Zeche Hannover ist die \u201cAlte Lohnhalle\u201d in Bochum-Wattenscheid der perfekte Ort zum Austauschen. <\/p>\n\n\n\n<p><strong>Location<\/strong>: <a href=\"https:\/\/www.knepper-management.de\/alte-lohnhalle-wattenscheid\/\" target=\"_blank\" rel=\"noreferrer noopener\">Alte Lohnhalle<\/a>, Lyrenstra\u00dfe 13, 44866 Bochum-Wattenscheid.<\/p>\n\n\n\n<p><strong>Anreise<\/strong> mit \u00f6ffentlichen Verkehrsmitteln: Vom Bochumer Hauptbahnhof nehmen Sie die Stra\u00dfenbahnlinie 302, sie h\u00e4lt direkt vor dem Veranstaltungszentrum \u201cAlte Lohnhalle Wattenscheid\u201c an der Haltestelle \u201c<strong>Lohrheidestra\u00dfe\u201c<\/strong>. Dort m\u00fcssen Sie nur noch die Stra\u00dfe \u00fcberqueren. Von Wattenscheid Bahnhof nehmen Sie die Buslinie 365, sie h\u00e4lt direkt vor dem Veranstaltungszentrum \u201cAlte Lohnhalle Wattenscheid\u201c an der Haltestelle \u201c<strong>Lohrheidestra\u00dfe<\/strong>\u201c. <br><br><strong>Anreise <\/strong>mit dem Auto: Bei der Anfahrt den Hinweisschildern \u201c<strong>Gewerbepark Holland, TGW<\/strong>\u201c folgen. Die Zufahrt folgt \u00fcber die Josef-Haumann-Stra\u00dfe bzw. Emil-Weitz-Stra\u00dfe, dort befinden sich auch zahlreiche Parkpl\u00e4tze.<\/p>\n\n\n\n<p><a href=\"https:\/\/festival.hfd.digital\/de\/praesenzbuehne-bochum-2024\/#keynotes\">Keynote-Speaker:innen<\/a><br><a href=\"https:\/\/festival.hfd.digital\/de\/praesenzbuehne-bochum-2024\/#rahmenprogramm\">Rahmenprogramm<\/a><br><a href=\"https:\/\/festival.hfd.digital\/de\/praesenzbuehne-bochum-2024\/#on-demand\">On-Demand<\/a><\/p>\n\n\n\n<h2 class=\"wp-block-heading\" id=\"keynotes\">Keynote-Speaker:innen (Auswahl)<\/h2>\n\n\n\n<div class=\"wp-block-columns is-layout-flex wp-container-core-columns-is-layout-9d6595d7 wp-block-columns-is-layout-flex\">\n<div class=\"wp-block-column is-layout-flow wp-block-column-is-layout-flow\">\n<figure class=\"wp-block-image size-full is-style-rounded wp-duotone-unset-1\"><a href=\"https:\/\/festival.hfd.digital\/de\/speakerinnen-2024\/?id=8d184caa-c1e7-48f4-b4b6-719dbc0c0ede\"><img loading=\"lazy\" decoding=\"async\" width=\"500\" height=\"600\" src=\"https:\/\/festival.hfd.digital\/de\/wp-content\/uploads\/sites\/3\/2024\/04\/Markus_Deimann.jpg\" alt=\"\" class=\"wp-image-7696\" style=\"aspect-ratio:1;object-fit:cover\" srcset=\"https:\/\/festival.hfd.digital\/de\/wp-content\/uploads\/sites\/3\/2024\/04\/Markus_Deimann.jpg 500w, https:\/\/festival.hfd.digital\/de\/wp-content\/uploads\/sites\/3\/2024\/04\/Markus_Deimann-250x300.jpg 250w, https:\/\/festival.hfd.digital\/de\/wp-content\/uploads\/sites\/3\/2024\/04\/Markus_Deimann-120x144.jpg 120w\" sizes=\"auto, (max-width: 500px) 100vw, 500px\" \/><\/a><\/figure>\n\n\n\n<p class=\"has-text-align-center\"><a href=\"https:\/\/festival.hfd.digital\/de\/speakerinnen-2024\/?id=8d184caa-c1e7-48f4-b4b6-719dbc0c0ede\"><strong>Markus Deimann<\/strong><br><\/a>Gesch\u00e4ftsf\u00fchrer ORCA.nrw<br><\/p>\n<\/div>\n\n\n\n<div class=\"wp-block-column is-layout-flow wp-block-column-is-layout-flow\">\n<figure class=\"wp-block-image size-full is-style-rounded wp-duotone-unset-2\"><a href=\"https:\/\/festival.hfd.digital\/de\/speakerinnen-2024\/?id=3535363f-4bae-42ca-8f2e-5116930a5867\"><img loading=\"lazy\" decoding=\"async\" width=\"1024\" height=\"1024\" src=\"https:\/\/festival.hfd.digital\/de\/wp-content\/uploads\/sites\/3\/2024\/04\/sven-meister.1024x1024.jpg\" alt=\"\" class=\"wp-image-7697\" style=\"aspect-ratio:1;object-fit:cover\" srcset=\"https:\/\/festival.hfd.digital\/de\/wp-content\/uploads\/sites\/3\/2024\/04\/sven-meister.1024x1024.jpg 1024w, https:\/\/festival.hfd.digital\/de\/wp-content\/uploads\/sites\/3\/2024\/04\/sven-meister.1024x1024-250x250.jpg 250w, https:\/\/festival.hfd.digital\/de\/wp-content\/uploads\/sites\/3\/2024\/04\/sven-meister.1024x1024-700x700.jpg 700w, https:\/\/festival.hfd.digital\/de\/wp-content\/uploads\/sites\/3\/2024\/04\/sven-meister.1024x1024-150x150.jpg 150w, https:\/\/festival.hfd.digital\/de\/wp-content\/uploads\/sites\/3\/2024\/04\/sven-meister.1024x1024-768x768.jpg 768w, https:\/\/festival.hfd.digital\/de\/wp-content\/uploads\/sites\/3\/2024\/04\/sven-meister.1024x1024-120x120.jpg 120w\" sizes=\"auto, (max-width: 1024px) 100vw, 1024px\" \/><\/a><\/figure>\n\n\n\n<p class=\"has-text-align-center\"><a href=\"https:\/\/festival.hfd.digital\/de\/speakerinnen-2024\/?id=3535363f-4bae-42ca-8f2e-5116930a5867\"><strong> <strong>Sven Meister<\/strong><\/strong><br><\/a>Projektleiter DIM.RUHR<\/p>\n<\/div>\n\n\n\n<div class=\"wp-block-column is-layout-flow wp-block-column-is-layout-flow\"><div class=\"wp-block-image is-style-rounded wp-duotone-unset-3\">\n<figure class=\"aligncenter size-full\"><a href=\"https:\/\/festival.hfd.digital\/de\/speakerinnen-2024\/?id=db280f98-ca8a-40a5-b4d2-409b822718c2\"><img loading=\"lazy\" decoding=\"async\" width=\"1675\" height=\"2048\" src=\"https:\/\/festival.hfd.digital\/de\/wp-content\/uploads\/sites\/3\/2024\/04\/anne-mainz.jpg\" alt=\"\" class=\"wp-image-7746\" style=\"aspect-ratio:1;object-fit:cover\" srcset=\"https:\/\/festival.hfd.digital\/de\/wp-content\/uploads\/sites\/3\/2024\/04\/anne-mainz.jpg 1675w, https:\/\/festival.hfd.digital\/de\/wp-content\/uploads\/sites\/3\/2024\/04\/anne-mainz-250x306.jpg 250w, https:\/\/festival.hfd.digital\/de\/wp-content\/uploads\/sites\/3\/2024\/04\/anne-mainz-700x856.jpg 700w, https:\/\/festival.hfd.digital\/de\/wp-content\/uploads\/sites\/3\/2024\/04\/anne-mainz-768x939.jpg 768w, https:\/\/festival.hfd.digital\/de\/wp-content\/uploads\/sites\/3\/2024\/04\/anne-mainz-1256x1536.jpg 1256w, https:\/\/festival.hfd.digital\/de\/wp-content\/uploads\/sites\/3\/2024\/04\/anne-mainz-120x147.jpg 120w\" sizes=\"auto, (max-width: 1675px) 100vw, 1675px\" \/><\/a><\/figure>\n<\/div>\n\n\n<p class=\"has-text-align-center\"><a href=\"https:\/\/festival.hfd.digital\/de\/speakerinnen-2024\/?id=db280f98-ca8a-40a5-b4d2-409b822718c2\"><strong>Anne Mainz<\/strong> <br><\/a>Stellv. Projektleitung DIM.RUHR<\/p>\n<\/div>\n<\/div>\n\n\n\n<div class=\"wp-block-columns is-layout-flex wp-container-core-columns-is-layout-9d6595d7 wp-block-columns-is-layout-flex\">\n<div class=\"wp-block-column is-layout-flow wp-block-column-is-layout-flow\">\n<figure class=\"wp-block-image size-full is-style-rounded wp-duotone-unset-4\"><img loading=\"lazy\" decoding=\"async\" width=\"572\" height=\"553\" src=\"https:\/\/festival.hfd.digital\/de\/wp-content\/uploads\/sites\/3\/2024\/04\/portraet-vp-marco-winzker-20220524-foto-eric-lichtenscheidt-01-fs22a-e1713277930455.jpg\" alt=\"Foto von Marco Winzker\" class=\"wp-image-8482\" style=\"aspect-ratio:1;object-fit:cover\" srcset=\"https:\/\/festival.hfd.digital\/de\/wp-content\/uploads\/sites\/3\/2024\/04\/portraet-vp-marco-winzker-20220524-foto-eric-lichtenscheidt-01-fs22a-e1713277930455.jpg 572w, https:\/\/festival.hfd.digital\/de\/wp-content\/uploads\/sites\/3\/2024\/04\/portraet-vp-marco-winzker-20220524-foto-eric-lichtenscheidt-01-fs22a-e1713277930455-250x242.jpg 250w, https:\/\/festival.hfd.digital\/de\/wp-content\/uploads\/sites\/3\/2024\/04\/portraet-vp-marco-winzker-20220524-foto-eric-lichtenscheidt-01-fs22a-e1713277930455-120x116.jpg 120w\" sizes=\"auto, (max-width: 572px) 100vw, 572px\" \/><\/figure>\n\n\n\n<p class=\"has-text-align-center\"><strong><a href=\"https:\/\/festival.hfd.digital\/de\/speakerinnen-2024\/?id=2f967936-5284-4a1c-9d2f-2cecf7465ec3\">Marco Winzker<\/a><\/strong><br>Vizepr\u00e4sident f\u00fcr Studium, Lehre und Digitalisierung<\/p>\n<\/div>\n\n\n\n<div class=\"wp-block-column is-layout-flow wp-block-column-is-layout-flow\">\n<figure class=\"wp-block-image size-full is-style-rounded wp-duotone-unset-5\"><img loading=\"lazy\" decoding=\"async\" width=\"2405\" height=\"2405\" src=\"https:\/\/festival.hfd.digital\/de\/wp-content\/uploads\/sites\/3\/2024\/05\/300dpi_Lammert_Portrait_Copyright_KAS.jpg\" alt=\"Foto Norbert Lammert\" class=\"wp-image-8625\" style=\"aspect-ratio:1;object-fit:cover\" srcset=\"https:\/\/festival.hfd.digital\/de\/wp-content\/uploads\/sites\/3\/2024\/05\/300dpi_Lammert_Portrait_Copyright_KAS.jpg 2405w, https:\/\/festival.hfd.digital\/de\/wp-content\/uploads\/sites\/3\/2024\/05\/300dpi_Lammert_Portrait_Copyright_KAS-250x250.jpg 250w, https:\/\/festival.hfd.digital\/de\/wp-content\/uploads\/sites\/3\/2024\/05\/300dpi_Lammert_Portrait_Copyright_KAS-700x700.jpg 700w, https:\/\/festival.hfd.digital\/de\/wp-content\/uploads\/sites\/3\/2024\/05\/300dpi_Lammert_Portrait_Copyright_KAS-150x150.jpg 150w, https:\/\/festival.hfd.digital\/de\/wp-content\/uploads\/sites\/3\/2024\/05\/300dpi_Lammert_Portrait_Copyright_KAS-768x768.jpg 768w, https:\/\/festival.hfd.digital\/de\/wp-content\/uploads\/sites\/3\/2024\/05\/300dpi_Lammert_Portrait_Copyright_KAS-1536x1536.jpg 1536w, https:\/\/festival.hfd.digital\/de\/wp-content\/uploads\/sites\/3\/2024\/05\/300dpi_Lammert_Portrait_Copyright_KAS-2048x2048.jpg 2048w, https:\/\/festival.hfd.digital\/de\/wp-content\/uploads\/sites\/3\/2024\/05\/300dpi_Lammert_Portrait_Copyright_KAS-120x120.jpg 120w\" sizes=\"auto, (max-width: 2405px) 100vw, 2405px\" \/><\/figure>\n\n\n\n<p class=\"has-text-align-center\"><a href=\"https:\/\/festival.hfd.digital\/de\/speakerinnen-2024\/?id=fdab5341-6f99-4ce6-8bef-bb24703eb200\"><strong>Norbert Lammert<\/strong><br><\/a>Vorsitzender der Konrad-Adenauer-Stiftung<\/p>\n<\/div>\n\n\n\n<div class=\"wp-block-column is-layout-flow wp-block-column-is-layout-flow\">\n<p class=\"has-text-align-center\"><\/p>\n<\/div>\n<\/div>\n\n\n\n<p>Der Umgang mit Daten gilt als zentrale Kompetenz f\u00fcr die Digitalisierung \u2013 das gilt auch im Gesundheitswesen. Mit <strong>DIM.RUHR<\/strong> ist j\u00fcngst ein Projekt gestartet, das genau dies zum zentralen Thema hat, denn klar ist: <strong>Daten helfen heilen<\/strong>. Aber nur mit der n\u00f6tigen Datenkompetenz wie Sven Meister und Anne Mainz ab 09:35 Uhr erkl\u00e4ren werden.<\/p>\n\n\n\n<p>In Bochum beginnt die<strong> M\u00e4rchenstunde<\/strong> am 06. Juni ausnahmsweise schon morgens um 10:20 Uhr. Im Beitrag \u201cDas M\u00e4rchen von den Open Educational Resources: Die StOERntaler\u201d widmen sich <a href=\"https:\/\/festival.hfd.digital\/de\/speakerinnen-2024\/?id=b1855c42-966c-428f-a306-4f6b7decc9df\">Magdalena Spaude<\/a> und <a href=\"https:\/\/festival.hfd.digital\/de\/speakerinnen-2024\/?id=de7c814d-8ee5-442f-afdd-669a3adaf271\">Nicole Dobosz<\/a> spielerisch Herausforderungen und L\u00f6sungsans\u00e4tzen im Umgang mit OER. Dabei haben die Speakerinnen sogar ChatGPT \u00fcberlistet.<\/p>\n\n\n\n<p>Ein<strong> <\/strong>thematisches Highlight der ORCA.nrw-Stage wartet ab 16:25 Uhr: der<strong> politische Abend<\/strong>.<strong> <\/strong>In einer meinungsstarken Talkrunde diskutieren Politiker:innen aus NRW mit Studierenden und Vertreter:innen aus den Hochschulen \u00fcber \u201cTales of Tomorrow\u201d. Moderiert wird die Veranstaltung von Marco Winzker und Markus Deimann.<\/p>\n\n\n\n<p>Ein abschlie\u00dfendes Highlight beginnt ab 19:00 Uhr: Der fr\u00fchere Bundestagspr\u00e4sident und jetzige Vorsitzende der Konrad-Adenauer-Stiftung, <strong>Norbert Lammert<\/strong>, wird in seiner Heimatstadt Bochum einen Impuls zu \u201c<strong>Bildung und Demokratie<\/strong>\u201c geben und mit den G\u00e4sten dann in die Diskussion einsteigen.&nbsp;<\/p>\n\n\n\n<p>Alle <strong>B\u00fchnenprogrammpunkte<\/strong> der ORCA.nrw-Stage am 06. Juni finden Sie in unserer Programm\u00fcbersicht.<\/p>\n\n\n\n<div class=\"wp-block-buttons is-layout-flex wp-block-buttons-is-layout-flex\">\n<div class=\"wp-block-button has-custom-font-size has-medium-font-size\"><a class=\"wp-block-button__link wp-element-button\" href=\"https:\/\/festival.hfd.digital\/de\/programm-2024\/\" target=\"_blank\" rel=\"noreferrer noopener\">Hier geht es zur Programm\u00fcbersicht<\/a><\/div>\n<\/div>\n\n\n\n<h2 class=\"wp-block-heading\" id=\"rahmenprogramm\"><strong>Rahmenprogramm<\/strong><\/h2>\n\n\n\n<p>Nicht nur die Ruhrgebiets-typische Atmosph\u00e4re macht die Partnerb\u00fchne in Bochum besonders, auch das Programm neben der B\u00fchne kann sich sehen lassen. Freuen Sie sich auf <strong>k\u00fcnstlerische Beitr\u00e4ge, Workshops, Meetups, interaktive Informationsst\u00e4nde <\/strong>und zur Abwechslung auch ein wenig<strong> Sport<\/strong>.<\/p>\n\n\n\n<p><strong>Meetup \u201cFuture Skills in der Hochschullehre\u201d (10:20 bis 11:20 Uhr)<\/strong><br>In einer globalisierten Welt ist es wichtig, entscheidende Transformationen anzusto\u00dfen. In einer \u00c4ra, in der technologische Innovationen und gesellschaftliche Umw\u00e4lzungen die Norm sind, ist es von entscheidender Bedeutung, sich mit F\u00e4higkeiten auseinanderzusetzen, die f\u00fcr eine erfolgreiche Zukunft unabdingbar sind. Umso wichtiger ist es, Future Skills gezielt an einer Hochschule auszubilden. Doch wie kann die Ausbildung von Future Skills nachhaltig an einer Hochschule etabliert werden? \u00dcber diese Thematik und \u00fcber m\u00f6gliche Konzeptideen wollen wir gemeinsam diskutieren. Das Meetup wird durchgef\u00fchrt von Sarah Zurek von der Evangelischen Hochschule in Bochum.<\/p>\n\n\n\n<p><strong>Bewegte Pause (12:45 bis 13:00 Uhr)<\/strong><br>Nicht nur Kunst und Musik spielen in NRW eine gro\u00dfe Rolle, auch Sportwissenschaft ist ein beliebtes Studienfach. Entsprechend darf etwas Bewegung nicht fehlen. Um perfekt vorbereitet in den zweiten Teil des offiziellen Programms zu starten, wartet etwas Stretching zu Musik auf jede und jeden, der mitmachen m\u00f6chte.<\/p>\n\n\n\n<p><strong>Interaktive Installation \u201cRobiClay\u201d (vormittags)<\/strong><br>Es geht um die Frage:<strong> <\/strong>\u201dWie kann die Kombination von digitaler Fabrikation und traditionellen Materialien die Arbeits- und Denkweiser junger Kreativer f\u00f6rdern?\u201d Mit dem Einzug digitaler Entwurfstechniken, den Fortschritten in der Robotik sowie der F\u00e4higkeit, das Wissen verschiedener Disziplinen in digitalen Prozessen zu vereinen, er\u00f6ffnen sich neue Horizonte. Insbesondere der Industrieroboter spielt dabei eine Schl\u00fcsselrolle. Unser Projekt beleuchtet genau diese Verbindung von Kunst, Architektur und Technologie. Durchgef\u00fchrt wird das Angebot von Simon Schnittker und Tobias Scheeder von der TH K\u00f6ln.<\/p>\n\n\n\n<p><strong><strong>\u201c<\/strong>Wer wird MillionOER?<strong>\u201c<\/strong> (18:00 Uhr)<\/strong><br>Das Quiz der Quizze ist zur\u00fcck, und es geht um Ruhm und Ehre. Wie schon im vergangenen Jahr suchen wir auch 2024 wieder den MillionOER. Im interaktiven Quiz geht es nicht nur um Wissen, sondern auch um Schnelligkeit.<\/p>\n\n\n\n<p><strong>Musik und Kunst aus NRW (durchgehend)<\/strong><br>Neben den Universit\u00e4ten und Fachhochschulen freut sich ORCA.nrw in besonderem Ma\u00dfe \u00fcber die Zusammenarbeit mit f\u00fcnf Kunst- und Musikhochschulen in Nordrhein-Westfalen. Besucherinnen und Besucher der B\u00fchne in Bochum d\u00fcrfen sich den Veranstaltungstag \u00fcber immer wieder auf musikalische und k\u00fcnstlerische Programmpunkte auf und neben der B\u00fchne freuen.<\/p>\n\n\n\n<h4 class=\"wp-block-heading\">Abendveranstaltung<\/h4>\n\n\n\n<p>Direkt im Anschluss an das offizielle Programm um <strong>17:45 Uhr<\/strong> laden wir alle Teilnehmerinnen und Teilnehmer zum gemeinsamen Ausklang ein. Freuen Sie sich im <strong>Innenhof der Alten Lohnhalle<\/strong> auf <strong>Live-Musik, kalte Getr\u00e4nke und warme Gerichte vom Grill<\/strong>. F\u00fcr alle, die neben dem Netzwerken noch Lust auf etwas Adrenalin haben, wartet ein <strong>besonderes Highlight<\/strong>: ORCA.nrw sucht wie schon im vergangenen Jahr wieder den MillionOER. Im Quiz treten die Besucher:innen gegeneinander an, auf die Gewinner wartet eine \u00dcberraschung.<\/p>\n\n\n\n<h2 class=\"wp-block-heading\" id=\"on-demand\">On-Demand<\/h2>\n\n\n\n<p>Videos der ORCA.nrw-Stage finden Sie auf dem YouTube-Kanal des Hochschulforums Digitalisierung.<\/p>\n\n\n\n<div class=\"wp-block-buttons is-layout-flex wp-block-buttons-is-layout-flex\">\n<div class=\"wp-block-button has-custom-font-size has-medium-font-size\"><a class=\"wp-block-button__link wp-element-button\" href=\"https:\/\/www.youtube.com\/playlist?list=PLDE3NyZgHoK56cFj2Nafc0FBwhd3Ob0jC\">Zur Playlist<\/a><\/div>\n<\/div>\n","protected":false},"excerpt":{"rendered":"Am 06. Juni ging es auf der ORCA.nrw-Stage in Nordrhein-Westfalen um Themen wie hochschul\u00fcbergreifende Zusammenarbeit und Offenheit in der Lehre. Neben sportlichem und k\u00fcnstlerischem Rahmenprogramm wartete auf die Besucher:innen ein besonderer politischer Programmpunkt. Veranstaltet wurde die B\u00fchne an historischem Ort vom Landesportal ORCA.nrw. Eckdaten: Das inhaltliche Programm der ORCA.nrw-Stage beginnt am 06. Juni 2024 um&#8230; <a class=\"view-article\" href=\"https:\/\/festival.hfd.digital\/de\/praesenzbuehne-bochum-2024\/\">View Article<\/a>","protected":false},"author":3,"featured_media":0,"parent":0,"menu_order":0,"comment_status":"closed","ping_status":"closed","template":"","meta":{"_acf_changed":false,"inline_featured_image":false,"footnotes":""},"class_list":["post-7571","page","type-page","status-publish","hentry"],"acf":[],"yoast_head":"<!-- This site is optimized with the Yoast SEO plugin v27.3 - https:\/\/yoast.com\/product\/yoast-seo-wordpress\/ -->\n<title>ORCA.nrw-Stage Bochum | University:Future Festival 2024<\/title>\n<meta name=\"description\" content=\"Am 06. Juni veranstaltete ORCA.nrw eine Partnerb\u00fchne des U:FF 2024 in Bochum.\" \/>\n<meta name=\"robots\" content=\"index, follow, max-snippet:-1, max-image-preview:large, max-video-preview:-1\" \/>\n<link rel=\"canonical\" href=\"https:\/\/festival.hfd.digital\/de\/praesenzbuehne-bochum-2024\/\" \/>\n<meta property=\"og:locale\" content=\"de_DE\" \/>\n<meta property=\"og:type\" content=\"article\" \/>\n<meta property=\"og:title\" content=\"ORCA.nrw-Stage Bochum | University:Future Festival 2024\" \/>\n<meta property=\"og:description\" content=\"Am 06. Juni veranstaltet ORCA.nrw eine Partnerb\u00fchne des U:FF 2024 in Bochum.\" \/>\n<meta property=\"og:url\" content=\"https:\/\/festival.hfd.digital\/de\/praesenzbuehne-bochum-2024\/\" \/>\n<meta property=\"og:site_name\" content=\"University:Future Festival 2026\" \/>\n<meta property=\"article:modified_time\" content=\"2024-07-01T10:16:19+00:00\" \/>\n<meta property=\"og:image\" content=\"https:\/\/festival.hfd.digital\/de\/wp-content\/uploads\/sites\/3\/2024\/04\/Sharepic-Bochum-1-1-700x394.png\" \/>\n\t<meta property=\"og:image:width\" content=\"700\" \/>\n\t<meta property=\"og:image:height\" content=\"394\" \/>\n\t<meta property=\"og:image:type\" content=\"image\/png\" \/>\n<meta name=\"twitter:card\" content=\"summary_large_image\" \/>\n<meta name=\"twitter:label1\" content=\"Gesch\u00e4tzte Lesezeit\" \/>\n\t<meta name=\"twitter:data1\" content=\"7\u00a0Minuten\" \/>\n<script type=\"application\/ld+json\" class=\"yoast-schema-graph\">{\"@context\":\"https:\\\/\\\/schema.org\",\"@graph\":[{\"@type\":\"WebPage\",\"@id\":\"https:\\\/\\\/festival.hfd.digital\\\/de\\\/praesenzbuehne-bochum-2024\\\/\",\"url\":\"https:\\\/\\\/festival.hfd.digital\\\/de\\\/praesenzbuehne-bochum-2024\\\/\",\"name\":\"ORCA.nrw-Stage Bochum | University:Future Festival 2024\",\"isPartOf\":{\"@id\":\"https:\\\/\\\/festival.hfd.digital\\\/de\\\/#website\"},\"primaryImageOfPage\":{\"@id\":\"https:\\\/\\\/festival.hfd.digital\\\/de\\\/praesenzbuehne-bochum-2024\\\/#primaryimage\"},\"image\":{\"@id\":\"https:\\\/\\\/festival.hfd.digital\\\/de\\\/praesenzbuehne-bochum-2024\\\/#primaryimage\"},\"thumbnailUrl\":\"https:\\\/\\\/festival.hfd.digital\\\/de\\\/wp-content\\\/uploads\\\/sites\\\/3\\\/2024\\\/04\\\/Sharepic-Bochum-1-1-700x394.png\",\"datePublished\":\"2024-04-03T08:49:02+00:00\",\"dateModified\":\"2024-07-01T10:16:19+00:00\",\"description\":\"Am 06. Juni veranstaltete ORCA.nrw eine Partnerb\u00fchne des U:FF 2024 in Bochum.\",\"inLanguage\":\"de\",\"potentialAction\":[{\"@type\":\"ReadAction\",\"target\":[\"https:\\\/\\\/festival.hfd.digital\\\/de\\\/praesenzbuehne-bochum-2024\\\/\"]}]},{\"@type\":\"ImageObject\",\"inLanguage\":\"de\",\"@id\":\"https:\\\/\\\/festival.hfd.digital\\\/de\\\/praesenzbuehne-bochum-2024\\\/#primaryimage\",\"url\":\"https:\\\/\\\/festival.hfd.digital\\\/de\\\/wp-content\\\/uploads\\\/sites\\\/3\\\/2024\\\/04\\\/Sharepic-Bochum-1-1.png\",\"contentUrl\":\"https:\\\/\\\/festival.hfd.digital\\\/de\\\/wp-content\\\/uploads\\\/sites\\\/3\\\/2024\\\/04\\\/Sharepic-Bochum-1-1.png\",\"width\":1920,\"height\":1080},{\"@type\":\"WebSite\",\"@id\":\"https:\\\/\\\/festival.hfd.digital\\\/de\\\/#website\",\"url\":\"https:\\\/\\\/festival.hfd.digital\\\/de\\\/\",\"name\":\"University:Future Festival 2026\",\"description\":\"Das j\u00e4hrliche Festival zur Zukunft der Hochschulbildung.\",\"potentialAction\":[{\"@type\":\"SearchAction\",\"target\":{\"@type\":\"EntryPoint\",\"urlTemplate\":\"https:\\\/\\\/festival.hfd.digital\\\/de\\\/?s={search_term_string}\"},\"query-input\":{\"@type\":\"PropertyValueSpecification\",\"valueRequired\":true,\"valueName\":\"search_term_string\"}}],\"inLanguage\":\"de\"}]}<\/script>\n<!-- \/ Yoast SEO plugin. -->","yoast_head_json":{"title":"ORCA.nrw-Stage Bochum | University:Future Festival 2024","description":"Am 06. Juni veranstaltete ORCA.nrw eine Partnerb\u00fchne des U:FF 2024 in Bochum.","robots":{"index":"index","follow":"follow","max-snippet":"max-snippet:-1","max-image-preview":"max-image-preview:large","max-video-preview":"max-video-preview:-1"},"canonical":"https:\/\/festival.hfd.digital\/de\/praesenzbuehne-bochum-2024\/","og_locale":"de_DE","og_type":"article","og_title":"ORCA.nrw-Stage Bochum | University:Future Festival 2024","og_description":"Am 06. Juni veranstaltet ORCA.nrw eine Partnerb\u00fchne des U:FF 2024 in Bochum.","og_url":"https:\/\/festival.hfd.digital\/de\/praesenzbuehne-bochum-2024\/","og_site_name":"University:Future Festival 2026","article_modified_time":"2024-07-01T10:16:19+00:00","og_image":[{"width":700,"height":394,"url":"https:\/\/festival.hfd.digital\/de\/wp-content\/uploads\/sites\/3\/2024\/04\/Sharepic-Bochum-1-1-700x394.png","type":"image\/png"}],"twitter_card":"summary_large_image","twitter_misc":{"Gesch\u00e4tzte Lesezeit":"7\u00a0Minuten"},"schema":{"@context":"https:\/\/schema.org","@graph":[{"@type":"WebPage","@id":"https:\/\/festival.hfd.digital\/de\/praesenzbuehne-bochum-2024\/","url":"https:\/\/festival.hfd.digital\/de\/praesenzbuehne-bochum-2024\/","name":"ORCA.nrw-Stage Bochum | University:Future Festival 2024","isPartOf":{"@id":"https:\/\/festival.hfd.digital\/de\/#website"},"primaryImageOfPage":{"@id":"https:\/\/festival.hfd.digital\/de\/praesenzbuehne-bochum-2024\/#primaryimage"},"image":{"@id":"https:\/\/festival.hfd.digital\/de\/praesenzbuehne-bochum-2024\/#primaryimage"},"thumbnailUrl":"https:\/\/festival.hfd.digital\/de\/wp-content\/uploads\/sites\/3\/2024\/04\/Sharepic-Bochum-1-1-700x394.png","datePublished":"2024-04-03T08:49:02+00:00","dateModified":"2024-07-01T10:16:19+00:00","description":"Am 06. Juni veranstaltete ORCA.nrw eine Partnerb\u00fchne des U:FF 2024 in Bochum.","inLanguage":"de","potentialAction":[{"@type":"ReadAction","target":["https:\/\/festival.hfd.digital\/de\/praesenzbuehne-bochum-2024\/"]}]},{"@type":"ImageObject","inLanguage":"de","@id":"https:\/\/festival.hfd.digital\/de\/praesenzbuehne-bochum-2024\/#primaryimage","url":"https:\/\/festival.hfd.digital\/de\/wp-content\/uploads\/sites\/3\/2024\/04\/Sharepic-Bochum-1-1.png","contentUrl":"https:\/\/festival.hfd.digital\/de\/wp-content\/uploads\/sites\/3\/2024\/04\/Sharepic-Bochum-1-1.png","width":1920,"height":1080},{"@type":"WebSite","@id":"https:\/\/festival.hfd.digital\/de\/#website","url":"https:\/\/festival.hfd.digital\/de\/","name":"University:Future Festival 2026","description":"Das j\u00e4hrliche Festival zur Zukunft der Hochschulbildung.","potentialAction":[{"@type":"SearchAction","target":{"@type":"EntryPoint","urlTemplate":"https:\/\/festival.hfd.digital\/de\/?s={search_term_string}"},"query-input":{"@type":"PropertyValueSpecification","valueRequired":true,"valueName":"search_term_string"}}],"inLanguage":"de"}]}},"_links":{"self":[{"href":"https:\/\/festival.hfd.digital\/de\/wp-json\/wp\/v2\/pages\/7571","targetHints":{"allow":["GET"]}}],"collection":[{"href":"https:\/\/festival.hfd.digital\/de\/wp-json\/wp\/v2\/pages"}],"about":[{"href":"https:\/\/festival.hfd.digital\/de\/wp-json\/wp\/v2\/types\/page"}],"author":[{"embeddable":true,"href":"https:\/\/festival.hfd.digital\/de\/wp-json\/wp\/v2\/users\/3"}],"replies":[{"embeddable":true,"href":"https:\/\/festival.hfd.digital\/de\/wp-json\/wp\/v2\/comments?post=7571"}],"version-history":[{"count":55,"href":"https:\/\/festival.hfd.digital\/de\/wp-json\/wp\/v2\/pages\/7571\/revisions"}],"predecessor-version":[{"id":9614,"href":"https:\/\/festival.hfd.digital\/de\/wp-json\/wp\/v2\/pages\/7571\/revisions\/9614"}],"wp:attachment":[{"href":"https:\/\/festival.hfd.digital\/de\/wp-json\/wp\/v2\/media?parent=7571"}],"curies":[{"name":"wp","href":"https:\/\/api.w.org\/{rel}","templated":true}]}}