{"id":7485,"date":"2024-04-03T10:13:11","date_gmt":"2024-04-03T10:13:11","guid":{"rendered":"https:\/\/festival.hfd.digital\/de\/?page_id=7485"},"modified":"2026-04-10T15:57:51","modified_gmt":"2026-04-10T14:57:51","slug":"praesenzbuehne-nuernberg-2024","status":"publish","type":"page","link":"https:\/\/festival.hfd.digital\/de\/praesenzbuehne-nuernberg-2024\/","title":{"rendered":"Shifting-Stage N\u00fcrnberg 2024"},"content":{"rendered":"\n<h5 class=\"wp-block-heading\">Am Mittwoch, den 05. Juni 2024, gibt die Shifting-Stage in N\u00fcrnberg einen Einblick in innovative Lehr-Lernans\u00e4tze und stellt neueste Forschungsergebnisse im Festival-Track \u201cTeaching &amp; Learning\u201c vor. Die Partnerb\u00fchne wird von der Technischen Hochschule N\u00fcrnberg Georg Simon Ohm und der Technischen Universit\u00e4t N\u00fcrnberg veranstaltet.<\/h5>\n\n\n\n<p><\/p>\n\n\n<div class=\"wp-block-image is-style-default\">\n<figure class=\"aligncenter size-large\"><img loading=\"lazy\" decoding=\"async\" width=\"700\" height=\"394\" src=\"https:\/\/festival.hfd.digital\/de\/wp-content\/uploads\/sites\/3\/2024\/04\/Partnerbuehne-UniversityFutureFestival-2024-Nuernberg-1-1-700x394.png\" alt=\"\" class=\"wp-image-8043\" srcset=\"https:\/\/festival.hfd.digital\/de\/wp-content\/uploads\/sites\/3\/2024\/04\/Partnerbuehne-UniversityFutureFestival-2024-Nuernberg-1-1-700x394.png 700w, https:\/\/festival.hfd.digital\/de\/wp-content\/uploads\/sites\/3\/2024\/04\/Partnerbuehne-UniversityFutureFestival-2024-Nuernberg-1-1-250x141.png 250w, https:\/\/festival.hfd.digital\/de\/wp-content\/uploads\/sites\/3\/2024\/04\/Partnerbuehne-UniversityFutureFestival-2024-Nuernberg-1-1-768x432.png 768w, https:\/\/festival.hfd.digital\/de\/wp-content\/uploads\/sites\/3\/2024\/04\/Partnerbuehne-UniversityFutureFestival-2024-Nuernberg-1-1-1536x864.png 1536w, https:\/\/festival.hfd.digital\/de\/wp-content\/uploads\/sites\/3\/2024\/04\/Partnerbuehne-UniversityFutureFestival-2024-Nuernberg-1-1-120x68.png 120w, https:\/\/festival.hfd.digital\/de\/wp-content\/uploads\/sites\/3\/2024\/04\/Partnerbuehne-UniversityFutureFestival-2024-Nuernberg-1-1.png 1920w\" sizes=\"auto, (max-width: 700px) 100vw, 700px\" \/><\/figure>\n<\/div>\n\n\n<p><\/p>\n\n\n\n<p><strong>Eckdaten<\/strong>: Das Programm beginnt am 05. Juni um 09:00 Uhr und endet um 17:30 Uhr. Im Rahmen einer Abendveranstaltung k\u00f6nnen sich die Teilnehmenden bis 22:00 Uhr bei H\u00e4ppchen, Getr\u00e4nken und Musik weiter austauschen. <\/p>\n\n\n\n<p><strong>Location<\/strong>: <a href=\"https:\/\/leonardo-zentrum.de\/\" target=\"_blank\" rel=\"noreferrer noopener\">LEONARDO Zentrum f\u00fcr Kreativit\u00e4t und Innovation<\/a>, Karl-Grillenberger-Str. 3A, 90402 N\u00fcrnberg.<\/p>\n\n\n\n<p><strong>Anreise<\/strong>: Mit \u00f6ffentlichen Verkehrsmitteln ab Hauptbahnhof U1 Richtung F\u00fcrth, Haltestelle \u201cWei\u00dfer Turm\u201c, ca. 5 Min. Fu\u00dfweg. Mit dem Auto kostenpflichtiges Parkhaus \u201cW\u00d6HRL\u201c in der Karl-Grillenberger-Str. 1B, 90402 N\u00fcrnberg.<\/p>\n\n\n\n<p><a href=\"https:\/\/festival.hfd.digital\/de\/praesenzbuehne-nuernberg-2024\/#keynotes\">Keynote-Speaker:innen<\/a><br><a href=\"https:\/\/festival.hfd.digital\/de\/praesenzbuehne-nuernberg-2024\/#rahmenprogramm\">Rahmenprogramm<\/a><br><a href=\"https:\/\/festival.hfd.digital\/de\/praesenzbuehne-nuernberg-2024\/#on-demand\">On-Demand<\/a><\/p>\n\n\n\n<h2 class=\"wp-block-heading\" id=\"keynotes\">Keynote-Speaker:innen (Auswahl)<\/h2>\n\n\n\n<div class=\"wp-block-columns is-layout-flex wp-container-core-columns-is-layout-9d6595d7 wp-block-columns-is-layout-flex\">\n<div class=\"wp-block-column is-layout-flow wp-block-column-is-layout-flow\">\n<figure class=\"wp-block-image size-large is-style-rounded wp-duotone-unset-1\"><a href=\"https:\/\/festival.hfd.digital\/de\/speakerinnen-2024\/?id=c29f0288-bcfd-4464-a2dd-c3257a74b636\"><img loading=\"lazy\" decoding=\"async\" width=\"2046\" height=\"2046\" src=\"https:\/\/festival.hfd.digital\/de\/wp-content\/uploads\/sites\/3\/2024\/04\/Isa-Jahnke-edited.jpg\" alt=\"Foto Isa Jahnke N\u00fcrnberg Foto: Stefan Hippel\" class=\"wp-image-7910\" style=\"aspect-ratio:1;object-fit:cover\" srcset=\"https:\/\/festival.hfd.digital\/de\/wp-content\/uploads\/sites\/3\/2024\/04\/Isa-Jahnke-edited.jpg 2046w, https:\/\/festival.hfd.digital\/de\/wp-content\/uploads\/sites\/3\/2024\/04\/Isa-Jahnke-edited-250x250.jpg 250w, https:\/\/festival.hfd.digital\/de\/wp-content\/uploads\/sites\/3\/2024\/04\/Isa-Jahnke-edited-700x700.jpg 700w, https:\/\/festival.hfd.digital\/de\/wp-content\/uploads\/sites\/3\/2024\/04\/Isa-Jahnke-edited-150x150.jpg 150w, https:\/\/festival.hfd.digital\/de\/wp-content\/uploads\/sites\/3\/2024\/04\/Isa-Jahnke-edited-768x768.jpg 768w, https:\/\/festival.hfd.digital\/de\/wp-content\/uploads\/sites\/3\/2024\/04\/Isa-Jahnke-edited-1536x1536.jpg 1536w, https:\/\/festival.hfd.digital\/de\/wp-content\/uploads\/sites\/3\/2024\/04\/Isa-Jahnke-edited-120x120.jpg 120w\" sizes=\"auto, (max-width: 2046px) 100vw, 2046px\" \/><\/a><\/figure>\n\n\n\n<p class=\"has-text-align-center\"><a href=\"https:\/\/festival.hfd.digital\/de\/speakerinnen-2024\/?id=c29f0288-bcfd-4464-a2dd-c3257a74b636\"><strong>Isa Jahnke<\/strong><br><\/a>Gr\u00fcndungsvizepr\u00e4sidentin f\u00fcr Studium, Lehre, Internationales, Professor of Learning Technologies at University of Technology N\u00fcrnberg<br><\/p>\n<\/div>\n\n\n\n<div class=\"wp-block-column is-layout-flow wp-block-column-is-layout-flow\">\n<figure class=\"wp-block-image size-full is-style-rounded wp-duotone-unset-2\"><a href=\"https:\/\/festival.hfd.digital\/de\/speakerinnen-2024\/?id=9e23b80a-b4e4-486e-9866-6eea8a0d93a3\"><img loading=\"lazy\" decoding=\"async\" width=\"1181\" height=\"1772\" src=\"https:\/\/festival.hfd.digital\/de\/wp-content\/uploads\/sites\/3\/2024\/04\/Thomas_Voit.jpg\" alt=\"Foto Thomas Voit\" class=\"wp-image-7909\" style=\"aspect-ratio:1;object-fit:cover\" srcset=\"https:\/\/festival.hfd.digital\/de\/wp-content\/uploads\/sites\/3\/2024\/04\/Thomas_Voit.jpg 1181w, https:\/\/festival.hfd.digital\/de\/wp-content\/uploads\/sites\/3\/2024\/04\/Thomas_Voit-250x375.jpg 250w, https:\/\/festival.hfd.digital\/de\/wp-content\/uploads\/sites\/3\/2024\/04\/Thomas_Voit-700x1050.jpg 700w, https:\/\/festival.hfd.digital\/de\/wp-content\/uploads\/sites\/3\/2024\/04\/Thomas_Voit-768x1152.jpg 768w, https:\/\/festival.hfd.digital\/de\/wp-content\/uploads\/sites\/3\/2024\/04\/Thomas_Voit-1024x1536.jpg 1024w, https:\/\/festival.hfd.digital\/de\/wp-content\/uploads\/sites\/3\/2024\/04\/Thomas_Voit-120x180.jpg 120w\" sizes=\"auto, (max-width: 1181px) 100vw, 1181px\" \/><\/a><\/figure>\n\n\n\n<p class=\"has-text-align-center\"><a href=\"https:\/\/festival.hfd.digital\/de\/speakerinnen-2024\/?id=9e23b80a-b4e4-486e-9866-6eea8a0d93a3\"><strong>Thomas Voit<\/strong><br><\/a>Projektleiter EMPAMOS-Projekt, Professur f\u00fcr Wirtschaftsinformatik, Fakult\u00e4t Informatik, Technische Hochschule N\u00fcrnberg<\/p>\n<\/div>\n\n\n\n<div class=\"wp-block-column is-layout-flow wp-block-column-is-layout-flow\">\n<figure class=\"wp-block-image size-full is-style-rounded wp-duotone-unset-3\"><a href=\"https:\/\/festival.hfd.digital\/de\/speakerinnen-2024\/?id=4b80c513-cbd4-482c-9a95-166bed91df13\"><img loading=\"lazy\" decoding=\"async\" width=\"2048\" height=\"2048\" src=\"https:\/\/festival.hfd.digital\/de\/wp-content\/uploads\/sites\/3\/2024\/04\/Thomas_Broker.jpg\" alt=\"Foto Thomas Br\u00f6ker\" class=\"wp-image-7917\" style=\"aspect-ratio:1;object-fit:cover\" srcset=\"https:\/\/festival.hfd.digital\/de\/wp-content\/uploads\/sites\/3\/2024\/04\/Thomas_Broker.jpg 2048w, https:\/\/festival.hfd.digital\/de\/wp-content\/uploads\/sites\/3\/2024\/04\/Thomas_Broker-250x250.jpg 250w, https:\/\/festival.hfd.digital\/de\/wp-content\/uploads\/sites\/3\/2024\/04\/Thomas_Broker-700x700.jpg 700w, https:\/\/festival.hfd.digital\/de\/wp-content\/uploads\/sites\/3\/2024\/04\/Thomas_Broker-150x150.jpg 150w, https:\/\/festival.hfd.digital\/de\/wp-content\/uploads\/sites\/3\/2024\/04\/Thomas_Broker-768x768.jpg 768w, https:\/\/festival.hfd.digital\/de\/wp-content\/uploads\/sites\/3\/2024\/04\/Thomas_Broker-1536x1536.jpg 1536w, https:\/\/festival.hfd.digital\/de\/wp-content\/uploads\/sites\/3\/2024\/04\/Thomas_Broker-120x120.jpg 120w\" sizes=\"auto, (max-width: 2048px) 100vw, 2048px\" \/><\/a><\/figure>\n\n\n\n<p class=\"has-text-align-center\"><a href=\"https:\/\/festival.hfd.digital\/de\/speakerinnen-2024\/?id=4b80c513-cbd4-482c-9a95-166bed91df13\"><strong>Thomas Br\u00f6ker<\/strong><br><\/a>Forschungs- und Innovationslabor Digitale Lehre, Technische Hochschule N\u00fcrnberg<\/p>\n<\/div>\n<\/div>\n\n\n\n<div class=\"wp-block-columns is-layout-flex wp-container-core-columns-is-layout-9d6595d7 wp-block-columns-is-layout-flex\">\n<div class=\"wp-block-column is-layout-flow wp-block-column-is-layout-flow\">\n<figure class=\"wp-block-image size-large is-style-rounded wp-duotone-unset-4\"><a href=\"https:\/\/festival.hfd.digital\/de\/speakerinnen-2024\/?id=82f09451-de8b-419e-9b4b-25a68a55da5b\"><img loading=\"lazy\" decoding=\"async\" width=\"938\" height=\"1408\" src=\"https:\/\/festival.hfd.digital\/de\/wp-content\/uploads\/sites\/3\/2024\/04\/Anna_Morass-edited.jpg\" alt=\"Foto Anna Mora\u00df\" class=\"wp-image-7921\" style=\"aspect-ratio:1;object-fit:cover\" srcset=\"https:\/\/festival.hfd.digital\/de\/wp-content\/uploads\/sites\/3\/2024\/04\/Anna_Morass-edited.jpg 938w, https:\/\/festival.hfd.digital\/de\/wp-content\/uploads\/sites\/3\/2024\/04\/Anna_Morass-edited-250x375.jpg 250w, https:\/\/festival.hfd.digital\/de\/wp-content\/uploads\/sites\/3\/2024\/04\/Anna_Morass-edited-700x1051.jpg 700w, https:\/\/festival.hfd.digital\/de\/wp-content\/uploads\/sites\/3\/2024\/04\/Anna_Morass-edited-768x1153.jpg 768w, https:\/\/festival.hfd.digital\/de\/wp-content\/uploads\/sites\/3\/2024\/04\/Anna_Morass-edited-120x180.jpg 120w\" sizes=\"auto, (max-width: 938px) 100vw, 938px\" \/><\/a><\/figure>\n\n\n\n<p class=\"has-text-align-center\"><a href=\"https:\/\/festival.hfd.digital\/de\/speakerinnen-2024\/?id=82f09451-de8b-419e-9b4b-25a68a55da5b\"><strong>Anna Mora\u00df<\/strong><br><\/a>Wissenschaftsreferentin im Forschungs- und Innovationslabor Digitale Lehre an der Hochschule M\u00fcnchen<br><\/p>\n<\/div>\n\n\n\n<div class=\"wp-block-column is-layout-flow wp-block-column-is-layout-flow\">\n<p class=\"has-text-align-center\"><\/p>\n<\/div>\n\n\n\n<div class=\"wp-block-column is-layout-flow wp-block-column-is-layout-flow\">\n<p class=\"has-text-align-center\"><\/p>\n<\/div>\n<\/div>\n\n\n\n<p>Alle <strong>B\u00fchnenprogrammpunkte<\/strong> der Shifting-Stage N\u00fcrnberg finden Sie in unserer Programm\u00fcbersicht.<\/p>\n\n\n\n<div class=\"wp-block-buttons is-layout-flex wp-block-buttons-is-layout-flex\">\n<div class=\"wp-block-button has-custom-font-size has-medium-font-size\"><a class=\"wp-block-button__link wp-element-button\" href=\"https:\/\/festival.hfd.digital\/de\/programm-2024\/\" target=\"_blank\" rel=\"noreferrer noopener\">Hier geht es zur Programm\u00fcbersicht<\/a><\/div>\n<\/div>\n\n\n\n<h2 class=\"wp-block-heading\" id=\"rahmenprogramm\"><strong>Rahmenprogramm<\/strong><\/h2>\n\n\n\n<p><strong>Workshops, Meetups, Aktionsst\u00e4nde, Vernetzungsaktionen und vieles mehr<\/strong> \u2013 im Rahmen der N\u00fcrnberger U:FF-Partnerb\u00fchne Shifting-Stage ist parallel zum Programm auf der Hauptb\u00fchne so einiges geboten!<\/p>\n\n\n\n<p>Das Thema des Rahmenprogrammes ist es, im Sinne eines vernetzten Lehr-Lern-\u00d6kosystems die zuk\u00fcnftige Lehre gemeinsam zu denken und zu gestalten (siehe auch das Projekt<a href=\"https:\/\/www.th-nuernberg.de\/einrichtungen-gesamt\/administration-und-service\/lehr-und-kompetenzentwicklung\/projekte\/starfish\/\" target=\"_blank\" rel=\"noreferrer noopener\"> Starfish<\/a> der TH N\u00fcrnberg). Eingebettet in das Programm ist u.a. das<a href=\"https:\/\/fidl.education\/innoforum\/\" target=\"_blank\" rel=\"noreferrer noopener\"> zweite bayerische Innovationsforum Digitale Lehre<\/a>.<\/p>\n\n\n\n<p><strong>Konferenz der unfertigen Artikel und EMPAMOS-Arena<\/strong><br>Die \u201cKonferenz der unfertigen Artikel\u201c bietet ein Workshopformat, in dem Teilnehmende Feedback zu entstandenen Artikeln f\u00fcr den Sammelband <a href=\"https:\/\/fidl.education\/gameon\/\" target=\"_blank\" rel=\"noreferrer noopener\">Game on! Lernen motivierend gestalten<\/a> geben k\u00f6nnen. In Form von Artikel-Speeddating, einem Posterrundgang und kollegialer Beratung wird co-kreatives Arbeiten erm\u00f6glicht. Der Fokus der Artikelbeitr\u00e4ge liegt auf Lehrentwicklungen mit der Methodik <a href=\"https:\/\/www.empamos.de\/de\/\" target=\"_blank\" rel=\"noreferrer noopener\">EMPAMOS<\/a>. Einblicke in diese Methodik erhalten Sie an verschiedenen spielerischen Info- &amp; Aktionsst\u00e4nden.<\/p>\n\n\n\n<p><strong>Kitchen Stories<\/strong><br>Das Interessanteste an Konferenzen sind die Pausen. Und bei Partys gibt es einen Ort, an dem unz\u00e4hlige Menschen bereits unz\u00e4hlige Gemeinsamkeiten entdeckt haben. Wir packen heute beides in eins und laden zum radikalen informellen Austausch in einen verkannten Lernort: die K\u00fcche.<\/p>\n\n\n\n<p><strong>Lehr-Lern\u00f6kosystem<\/strong><br>Wie genau sieht ein \u00d6kosystem aus, in dem Lehre und Lernen wachsen k\u00f6nnen? Heute nehmen wir uns die Zeit und bauen ein physisches Modell, das Elemente und Zusammenh\u00e4nge aus unterschiedlichen Perspektiven heraus integriert. Das Ergebnis: Eine Landschaft, die uns dabei hilft, unsere eigenen Vorhaben und Entwicklungen einzuordnen. Interaktion mit Storytelling + Lego spielen + Hands On.<\/p>\n\n\n\n<p><strong>LEO Labs<\/strong><br>Willkommen in den LEO Labs! Der gemeinsame Makerspace der Technischen Hochschule N\u00fcrnberg, Hochschule f\u00fcr Musik N\u00fcrnberg und Akademie der Bildenden K\u00fcnste N\u00fcrnberg ist ein Ort, der Lernen, Lehren, kreatives Arbeiten und interdisziplin\u00e4ren Austausch vereint. Die LEO Labs bestehen aus mehreren Werkst\u00e4tten und Laboren \u2013 von Analogwerkstatt bis hin zum Tonstudio. Zum U:FF werden mehrere Workshops angeboten, die die Kreativit\u00e4t anregen.<\/p>\n\n\n\n<p><strong>Prompting-Station: Erleben Sie eine Vielzahl von KI-Tools in einer hybriden Umgebung<\/strong><br>Entdecken Sie die M\u00f6glichkeiten der k\u00fcnstlichen Intelligenz und testen Sie eine breite Auswahl an KI-Tools kostenfrei! Auf unserer Work-Adventure-Map erstellen Sie einen Avatar und bewegen sich frei zwischen verschiedenen KI-Stationen. Jede Station erm\u00f6glicht es Ihnen, unterschiedliche KI-Anwendungen direkt zu erproben. Dar\u00fcber hinaus k\u00f6nnen Sie mit anderen Teilnehmer*innen \u00fcber Video- und Voice-Kan\u00e4le interagieren, indem Sie sich in deren virtuelle N\u00e4he begeben. Diese einzigartige, hybride Umgebung wird simultan auf der Main Stage in Berlin und N\u00fcrnberg inszeniert. Erleben Sie die vielf\u00e4ltigen Potenziale der KI und erweitern Sie Ihre Kenntnisse in einem interaktiven Setting oder drucken Sie sich Ihr generiertes Bild einfach als Polaroid f\u00fcr Zuhause aus.<\/p>\n\n\n\n<h4 class=\"wp-block-heading\">Abendveranstaltung<\/h4>\n\n\n\n<p>Gemeinsam lassen wir den Tag bei Fingerfood und entspannter Musik auf der Dachterrasse ausklingen. Genug vom Netzwerken? Schwing das Tanzbein bei der interaktiven Installation \u201cCrowdsourced Visuals\u201c \u2013 eine Semesterarbeit von Studierenden des hochschul\u00fcbergreifenden Digitalisierungskollegs <a href=\"https:\/\/disruption-in-creativity.de\/\" target=\"_blank\" rel=\"noreferrer noopener\">\u201cDisruption in Creativity\u201c<\/a> der Technischen Hochschule N\u00fcrnberg und der Hochschule f\u00fcr Musik N\u00fcrnberg. <\/p>\n\n\n\n<p>Die Pr\u00e4senzb\u00fchne in N\u00fcrnberg wird organisiert von der <a href=\"https:\/\/www.th-nuernberg.de\/\" target=\"_blank\" rel=\"noreferrer noopener\">Technischen Hochschule<\/a>&nbsp;und der <a href=\"https:\/\/www.utn.de\/\" target=\"_blank\" rel=\"noreferrer noopener\">Technische Universit\u00e4t<\/a> N\u00fcrnberg.&nbsp;<\/p>\n\n\n\n<h2 class=\"wp-block-heading\" id=\"on-demand\">On-Demand<\/h2>\n\n\n\n<p>Videos von der Shifting-Stage finden Sie auf dem YouTube-Kanal des Hochschulforums Digitalisierung.<\/p>\n\n\n\n<div class=\"wp-block-buttons is-layout-flex wp-block-buttons-is-layout-flex\">\n<div class=\"wp-block-button has-custom-font-size has-medium-font-size\"><a class=\"wp-block-button__link wp-element-button\" href=\"https:\/\/www.youtube.com\/playlist?list=PLDE3NyZgHoK5VV9HaUezgi2vn8Nt_cCwR\">Zur Playlist<\/a><\/div>\n<\/div>\n","protected":false},"excerpt":{"rendered":"Am Mittwoch, den 05. Juni 2024, gibt die Shifting-Stage in N\u00fcrnberg einen Einblick in innovative Lehr-Lernans\u00e4tze und stellt neueste Forschungsergebnisse im Festival-Track \u201cTeaching &amp; Learning\u201c vor. Die Partnerb\u00fchne wird von der Technischen Hochschule N\u00fcrnberg Georg Simon Ohm und der Technischen Universit\u00e4t N\u00fcrnberg veranstaltet. Eckdaten: Das Programm beginnt am 05. Juni um 09:00 Uhr und endet&#8230; <a class=\"view-article\" href=\"https:\/\/festival.hfd.digital\/de\/praesenzbuehne-nuernberg-2024\/\">View Article<\/a>","protected":false},"author":3,"featured_media":0,"parent":0,"menu_order":0,"comment_status":"closed","ping_status":"closed","template":"","meta":{"_acf_changed":false,"inline_featured_image":false,"footnotes":""},"class_list":["post-7485","page","type-page","status-publish","hentry"],"acf":[],"yoast_head":"<!-- This site is optimized with the Yoast SEO plugin v27.3 - https:\/\/yoast.com\/product\/yoast-seo-wordpress\/ -->\n<title>Shifting-Stage N\u00fcrnberg | University:Future Festival 2024<\/title>\n<meta name=\"description\" content=\"Am 05. Juni veranstalteten Technische Hochschule und Technische Universit\u00e4t N\u00fcrnberg eine Partnerb\u00fchne des U:FF 2024.\" \/>\n<meta name=\"robots\" content=\"index, follow, max-snippet:-1, max-image-preview:large, max-video-preview:-1\" \/>\n<link rel=\"canonical\" href=\"https:\/\/festival.hfd.digital\/de\/praesenzbuehne-nuernberg-2024\/\" \/>\n<meta property=\"og:locale\" content=\"de_DE\" \/>\n<meta property=\"og:type\" content=\"article\" \/>\n<meta property=\"og:title\" content=\"Shifting-Stage N\u00fcrnberg | University:Future Festival 2024\" \/>\n<meta property=\"og:description\" content=\"Am 05. Juni veranstalteten Technische Hochschule und Technische Universit\u00e4t N\u00fcrnberg eine Partnerb\u00fchne des U:FF 2024.\" \/>\n<meta property=\"og:url\" content=\"https:\/\/festival.hfd.digital\/de\/praesenzbuehne-nuernberg-2024\/\" \/>\n<meta property=\"og:site_name\" content=\"University:Future Festival 2026\" \/>\n<meta property=\"article:modified_time\" content=\"2026-04-10T14:57:51+00:00\" \/>\n<meta property=\"og:image\" content=\"https:\/\/festival.hfd.digital\/de\/wp-content\/uploads\/sites\/3\/2024\/04\/Partnerbuehne-UniversityFutureFestival-2024-Nuernberg-1-1-700x394.png\" \/>\n\t<meta property=\"og:image:width\" content=\"700\" \/>\n\t<meta property=\"og:image:height\" content=\"394\" \/>\n\t<meta property=\"og:image:type\" content=\"image\/png\" \/>\n<meta name=\"twitter:card\" content=\"summary_large_image\" \/>\n<meta name=\"twitter:label1\" content=\"Gesch\u00e4tzte Lesezeit\" \/>\n\t<meta name=\"twitter:data1\" content=\"5\u00a0Minuten\" \/>\n<script type=\"application\/ld+json\" class=\"yoast-schema-graph\">{\"@context\":\"https:\\\/\\\/schema.org\",\"@graph\":[{\"@type\":\"WebPage\",\"@id\":\"https:\\\/\\\/festival.hfd.digital\\\/de\\\/praesenzbuehne-nuernberg-2024\\\/\",\"url\":\"https:\\\/\\\/festival.hfd.digital\\\/de\\\/praesenzbuehne-nuernberg-2024\\\/\",\"name\":\"Shifting-Stage N\u00fcrnberg | University:Future Festival 2024\",\"isPartOf\":{\"@id\":\"https:\\\/\\\/festival.hfd.digital\\\/de\\\/#website\"},\"primaryImageOfPage\":{\"@id\":\"https:\\\/\\\/festival.hfd.digital\\\/de\\\/praesenzbuehne-nuernberg-2024\\\/#primaryimage\"},\"image\":{\"@id\":\"https:\\\/\\\/festival.hfd.digital\\\/de\\\/praesenzbuehne-nuernberg-2024\\\/#primaryimage\"},\"thumbnailUrl\":\"https:\\\/\\\/festival.hfd.digital\\\/de\\\/wp-content\\\/uploads\\\/sites\\\/3\\\/2024\\\/04\\\/Partnerbuehne-UniversityFutureFestival-2024-Nuernberg-1-1-700x394.png\",\"datePublished\":\"2024-04-03T10:13:11+00:00\",\"dateModified\":\"2026-04-10T14:57:51+00:00\",\"description\":\"Am 05. Juni veranstalteten Technische Hochschule und Technische Universit\u00e4t N\u00fcrnberg eine Partnerb\u00fchne des U:FF 2024.\",\"inLanguage\":\"de\",\"potentialAction\":[{\"@type\":\"ReadAction\",\"target\":[\"https:\\\/\\\/festival.hfd.digital\\\/de\\\/praesenzbuehne-nuernberg-2024\\\/\"]}]},{\"@type\":\"ImageObject\",\"inLanguage\":\"de\",\"@id\":\"https:\\\/\\\/festival.hfd.digital\\\/de\\\/praesenzbuehne-nuernberg-2024\\\/#primaryimage\",\"url\":\"https:\\\/\\\/festival.hfd.digital\\\/de\\\/wp-content\\\/uploads\\\/sites\\\/3\\\/2024\\\/04\\\/Partnerbuehne-UniversityFutureFestival-2024-Nuernberg-1-1.png\",\"contentUrl\":\"https:\\\/\\\/festival.hfd.digital\\\/de\\\/wp-content\\\/uploads\\\/sites\\\/3\\\/2024\\\/04\\\/Partnerbuehne-UniversityFutureFestival-2024-Nuernberg-1-1.png\",\"width\":1920,\"height\":1080},{\"@type\":\"WebSite\",\"@id\":\"https:\\\/\\\/festival.hfd.digital\\\/de\\\/#website\",\"url\":\"https:\\\/\\\/festival.hfd.digital\\\/de\\\/\",\"name\":\"University:Future Festival 2026\",\"description\":\"Das j\u00e4hrliche Festival zur Zukunft der Hochschulbildung.\",\"potentialAction\":[{\"@type\":\"SearchAction\",\"target\":{\"@type\":\"EntryPoint\",\"urlTemplate\":\"https:\\\/\\\/festival.hfd.digital\\\/de\\\/?s={search_term_string}\"},\"query-input\":{\"@type\":\"PropertyValueSpecification\",\"valueRequired\":true,\"valueName\":\"search_term_string\"}}],\"inLanguage\":\"de\"}]}<\/script>\n<!-- \/ Yoast SEO plugin. -->","yoast_head_json":{"title":"Shifting-Stage N\u00fcrnberg | University:Future Festival 2024","description":"Am 05. Juni veranstalteten Technische Hochschule und Technische Universit\u00e4t N\u00fcrnberg eine Partnerb\u00fchne des U:FF 2024.","robots":{"index":"index","follow":"follow","max-snippet":"max-snippet:-1","max-image-preview":"max-image-preview:large","max-video-preview":"max-video-preview:-1"},"canonical":"https:\/\/festival.hfd.digital\/de\/praesenzbuehne-nuernberg-2024\/","og_locale":"de_DE","og_type":"article","og_title":"Shifting-Stage N\u00fcrnberg | University:Future Festival 2024","og_description":"Am 05. Juni veranstalteten Technische Hochschule und Technische Universit\u00e4t N\u00fcrnberg eine Partnerb\u00fchne des U:FF 2024.","og_url":"https:\/\/festival.hfd.digital\/de\/praesenzbuehne-nuernberg-2024\/","og_site_name":"University:Future Festival 2026","article_modified_time":"2026-04-10T14:57:51+00:00","og_image":[{"width":700,"height":394,"url":"https:\/\/festival.hfd.digital\/de\/wp-content\/uploads\/sites\/3\/2024\/04\/Partnerbuehne-UniversityFutureFestival-2024-Nuernberg-1-1-700x394.png","type":"image\/png"}],"twitter_card":"summary_large_image","twitter_misc":{"Gesch\u00e4tzte Lesezeit":"5\u00a0Minuten"},"schema":{"@context":"https:\/\/schema.org","@graph":[{"@type":"WebPage","@id":"https:\/\/festival.hfd.digital\/de\/praesenzbuehne-nuernberg-2024\/","url":"https:\/\/festival.hfd.digital\/de\/praesenzbuehne-nuernberg-2024\/","name":"Shifting-Stage N\u00fcrnberg | University:Future Festival 2024","isPartOf":{"@id":"https:\/\/festival.hfd.digital\/de\/#website"},"primaryImageOfPage":{"@id":"https:\/\/festival.hfd.digital\/de\/praesenzbuehne-nuernberg-2024\/#primaryimage"},"image":{"@id":"https:\/\/festival.hfd.digital\/de\/praesenzbuehne-nuernberg-2024\/#primaryimage"},"thumbnailUrl":"https:\/\/festival.hfd.digital\/de\/wp-content\/uploads\/sites\/3\/2024\/04\/Partnerbuehne-UniversityFutureFestival-2024-Nuernberg-1-1-700x394.png","datePublished":"2024-04-03T10:13:11+00:00","dateModified":"2026-04-10T14:57:51+00:00","description":"Am 05. Juni veranstalteten Technische Hochschule und Technische Universit\u00e4t N\u00fcrnberg eine Partnerb\u00fchne des U:FF 2024.","inLanguage":"de","potentialAction":[{"@type":"ReadAction","target":["https:\/\/festival.hfd.digital\/de\/praesenzbuehne-nuernberg-2024\/"]}]},{"@type":"ImageObject","inLanguage":"de","@id":"https:\/\/festival.hfd.digital\/de\/praesenzbuehne-nuernberg-2024\/#primaryimage","url":"https:\/\/festival.hfd.digital\/de\/wp-content\/uploads\/sites\/3\/2024\/04\/Partnerbuehne-UniversityFutureFestival-2024-Nuernberg-1-1.png","contentUrl":"https:\/\/festival.hfd.digital\/de\/wp-content\/uploads\/sites\/3\/2024\/04\/Partnerbuehne-UniversityFutureFestival-2024-Nuernberg-1-1.png","width":1920,"height":1080},{"@type":"WebSite","@id":"https:\/\/festival.hfd.digital\/de\/#website","url":"https:\/\/festival.hfd.digital\/de\/","name":"University:Future Festival 2026","description":"Das j\u00e4hrliche Festival zur Zukunft der Hochschulbildung.","potentialAction":[{"@type":"SearchAction","target":{"@type":"EntryPoint","urlTemplate":"https:\/\/festival.hfd.digital\/de\/?s={search_term_string}"},"query-input":{"@type":"PropertyValueSpecification","valueRequired":true,"valueName":"search_term_string"}}],"inLanguage":"de"}]}},"_links":{"self":[{"href":"https:\/\/festival.hfd.digital\/de\/wp-json\/wp\/v2\/pages\/7485","targetHints":{"allow":["GET"]}}],"collection":[{"href":"https:\/\/festival.hfd.digital\/de\/wp-json\/wp\/v2\/pages"}],"about":[{"href":"https:\/\/festival.hfd.digital\/de\/wp-json\/wp\/v2\/types\/page"}],"author":[{"embeddable":true,"href":"https:\/\/festival.hfd.digital\/de\/wp-json\/wp\/v2\/users\/3"}],"replies":[{"embeddable":true,"href":"https:\/\/festival.hfd.digital\/de\/wp-json\/wp\/v2\/comments?post=7485"}],"version-history":[{"count":128,"href":"https:\/\/festival.hfd.digital\/de\/wp-json\/wp\/v2\/pages\/7485\/revisions"}],"predecessor-version":[{"id":12694,"href":"https:\/\/festival.hfd.digital\/de\/wp-json\/wp\/v2\/pages\/7485\/revisions\/12694"}],"wp:attachment":[{"href":"https:\/\/festival.hfd.digital\/de\/wp-json\/wp\/v2\/media?parent=7485"}],"curies":[{"name":"wp","href":"https:\/\/api.w.org\/{rel}","templated":true}]}}