{"id":6816,"date":"2023-11-23T09:21:35","date_gmt":"2023-11-23T09:21:35","guid":{"rendered":"https:\/\/festival.hfd.digital\/de\/?page_id=6816"},"modified":"2024-06-25T14:18:29","modified_gmt":"2024-06-25T14:18:29","slug":"unsere-praesenzbuehnen-2024","status":"publish","type":"page","link":"https:\/\/festival.hfd.digital\/de\/unsere-praesenzbuehnen-2024\/","title":{"rendered":"Unsere Pr\u00e4senzb\u00fchnen 2024"},"content":{"rendered":"\n<h5 class=\"wp-block-heading\">Das University:Future Festival (U:FF) erstreckte sich 2024 \u00fcber f\u00fcnf St\u00e4dte: Berlin, Bochum, Heilbronn, Leipzig und N\u00fcrnberg.<\/h5>\n\n\n\n<p>Das University:Future Festival war ein dreit\u00e4giges hybrides Event. Das Festival schaffte gemeinsam mit <a href=\"https:\/\/festival.hfd.digital\/de\/partner-2024\/\">Partnern<\/a> f\u00fcnf Orte, an denen die Teilnehmenden zusammenkommen und sich austauschen konnten. Gleichzeitig blieb das U:FF auch 2024 digital-first: Die meisten Teilnehmenden waren online dabei, denn nur dort konnte man das gesamte Programm erleben. Das Motto des U:FF lautete 2024 \u201cTales of Tomorrow\u201d. Veranstaltet wurde es vom Hochschulforum Digitalisierung und der Stiftung Innovation in der Hochschullehre. Unterst\u00fctzt wurde es vom Stifterverband.<\/p>\n\n\n<div class=\"wp-block-image\">\n<figure class=\"aligncenter size-large is-resized\"><img loading=\"lazy\" decoding=\"async\" width=\"700\" height=\"394\" src=\"https:\/\/festival.hfd.digital\/de\/wp-content\/uploads\/sites\/3\/2024\/04\/Praesenzbuehnen-Generelle-Meldung-1-700x394.png\" alt=\"\" class=\"wp-image-8058\" style=\"width:700px;height:auto\" srcset=\"https:\/\/festival.hfd.digital\/de\/wp-content\/uploads\/sites\/3\/2024\/04\/Praesenzbuehnen-Generelle-Meldung-1-700x394.png 700w, https:\/\/festival.hfd.digital\/de\/wp-content\/uploads\/sites\/3\/2024\/04\/Praesenzbuehnen-Generelle-Meldung-1-250x141.png 250w, https:\/\/festival.hfd.digital\/de\/wp-content\/uploads\/sites\/3\/2024\/04\/Praesenzbuehnen-Generelle-Meldung-1-768x432.png 768w, https:\/\/festival.hfd.digital\/de\/wp-content\/uploads\/sites\/3\/2024\/04\/Praesenzbuehnen-Generelle-Meldung-1-1536x864.png 1536w, https:\/\/festival.hfd.digital\/de\/wp-content\/uploads\/sites\/3\/2024\/04\/Praesenzbuehnen-Generelle-Meldung-1-120x68.png 120w, https:\/\/festival.hfd.digital\/de\/wp-content\/uploads\/sites\/3\/2024\/04\/Praesenzbuehnen-Generelle-Meldung-1.png 1920w\" sizes=\"auto, (max-width: 700px) 100vw, 700px\" \/><\/figure>\n<\/div>\n\n\n<p><\/p>\n\n\n\n<p>Alle unsere B\u00fchnen boten herausragende Speaker:innen, M\u00f6glichkeiten zur Vernetzung und spezielle lokale Angebote.<\/p>\n\n\n\n<p class=\"has-text-align-left\">In <strong>Berlin <\/strong>pr\u00e4sentierten wir am 05. und 06. Juni die Hauptb\u00fchne des Festivals. Dort erwarteten Sie nationale und internationale Expert:innen sowie Beitr\u00e4ge unserer Community. <strong>Location<\/strong>: Festsaal Kreuzberg, Am Flutgraben 2, 12435 Berlin.<\/p>\n\n\n\n<div class=\"wp-block-buttons is-content-justification-left is-layout-flex wp-container-core-buttons-is-layout-fdcfc74e wp-block-buttons-is-layout-flex\">\n<div class=\"wp-block-button has-custom-width wp-block-button__width-50 has-custom-font-size is-style-fill has-medium-font-size\"><a class=\"wp-block-button__link has-text-align-center wp-element-button\" href=\"https:\/\/festival.hfd.digital\/de\/praesenzbuehne-berlin-2024\/\" style=\"border-radius:100px\">Mainstage-Event<\/a><\/div>\n<\/div>\n\n\n\n<p><\/p>\n\n\n\n<p>Unser Partner <a href=\"https:\/\/www.orca.nrw\/\">ORCA.nrw<\/a> in <strong>Bochum <\/strong>\u00f6ffnete seine T\u00fcren am 06. Juni und legte den Fokus auf Netzwerkthemen in der Hochschulbildung sowie auf Partizipationsm\u00f6glichkeiten an Hochschulen. <strong>Location<\/strong>: Alte Lohnhalle Wattenscheid, Technologie- und Gr\u00fcnderzentrum, Lyrenstr. 13, 44866 Bochum.<\/p>\n\n\n\n<div class=\"wp-block-buttons is-content-justification-left is-layout-flex wp-container-core-buttons-is-layout-fdcfc74e wp-block-buttons-is-layout-flex\">\n<div class=\"wp-block-button has-custom-width wp-block-button__width-50 has-custom-font-size has-medium-font-size\"><a class=\"wp-block-button__link wp-element-button\" href=\"https:\/\/festival.hfd.digital\/de\/praesenzbuehne-bochum-2024\/\">ORCA.nrw-Stage<\/a><\/div>\n<\/div>\n\n\n\n<p><\/p>\n\n\n\n<p>In <strong>Heilbronn <\/strong>organisierte der <a href=\"https:\/\/ki-campus.org\/\">KI-Campus<\/a> &#8211; die Lernplattform f\u00fcr K\u00fcnstliche Intelligenz &#8211; am 06. Juni eine B\u00fchne. Dort drehte sich alles um K\u00fcnstliche Intelligenz in der akademischen Bildung. <strong>Location<\/strong>: Maschinenfabrik Heilbronn, Olgastr. 45, 74072 Heilbronn.<\/p>\n\n\n\n<div class=\"wp-block-buttons is-layout-flex wp-block-buttons-is-layout-flex\">\n<div class=\"wp-block-button has-custom-width wp-block-button__width-50 has-custom-font-size has-medium-font-size\"><a class=\"wp-block-button__link wp-element-button\" href=\"https:\/\/festival.hfd.digital\/de\/praesenzbuehne-heilbronn-2024\/\">KI-Campus-Stage <\/a><\/div>\n<\/div>\n\n\n\n<p><\/p>\n\n\n\n<p>Am 05. Juni lud die <a href=\"https:\/\/www.uni-leipzig.de\/\">Universit\u00e4t Leipzig<\/a><strong> <\/strong>zu einem Forum \u00fcber den strategischen Umgang von Hochschulen mit globalen Transformationen und den zugrundeliegenden Wertesystemen. <strong>Location<\/strong>: Universit\u00e4tsbibliothek Leipzig Bibliotheca Albertina, Beethovenstr. 6, 04107 Leipzig.<\/p>\n\n\n\n<div class=\"wp-block-buttons is-layout-flex wp-block-buttons-is-layout-flex\">\n<div class=\"wp-block-button has-custom-width wp-block-button__width-50 has-custom-font-size has-medium-font-size\"><a class=\"wp-block-button__link wp-element-button\" href=\"https:\/\/festival.hfd.digital\/de\/praesenzbuehne-leipzig-2024\/\">Leipzig-Stage<\/a><\/div>\n<\/div>\n\n\n\n<p><\/p>\n\n\n\n<p>In <strong>N\u00fcrnberg <\/strong>gestalteten die <a href=\"https:\/\/www.th-nuernberg.de\/\">Technische Hochschule<\/a> und die <a href=\"https:\/\/www.utn.de\/\">Technische Universit\u00e4t<\/a> am 05. Juni eine gemeinsame Partnerb\u00fchne. Die B\u00fchne bot einen exklusiven Einblick in innovative Lehr-Lernans\u00e4tze und stellte neueste Forschungsergebnisse vor.&nbsp;<strong>Location<\/strong>: LEONARDO Zentrum f\u00fcr Kreativit\u00e4t und Innovation, Karl-Grillenberger Str. 3A, 90402 N\u00fcrnberg.<\/p>\n\n\n\n<div class=\"wp-block-buttons is-layout-flex wp-block-buttons-is-layout-flex\">\n<div class=\"wp-block-button has-custom-width wp-block-button__width-50 has-custom-font-size has-medium-font-size\"><a class=\"wp-block-button__link wp-element-button\" href=\"https:\/\/festival.hfd.digital\/de\/praesenzbuehne-nuernberg-2024\/\">Shifting-Stage<\/a><\/div>\n<\/div>\n\n\n\n<p><\/p>\n","protected":false},"excerpt":{"rendered":"Das University:Future Festival (U:FF) erstreckte sich 2024 \u00fcber f\u00fcnf St\u00e4dte: Berlin, Bochum, Heilbronn, Leipzig und N\u00fcrnberg. Das University:Future Festival war ein dreit\u00e4giges hybrides Event. Das Festival schaffte gemeinsam mit Partnern f\u00fcnf Orte, an denen die Teilnehmenden zusammenkommen und sich austauschen konnten. Gleichzeitig blieb das U:FF auch 2024 digital-first: Die meisten Teilnehmenden waren online dabei, denn&#8230; <a class=\"view-article\" href=\"https:\/\/festival.hfd.digital\/de\/unsere-praesenzbuehnen-2024\/\">View Article<\/a>","protected":false},"author":24,"featured_media":0,"parent":0,"menu_order":0,"comment_status":"closed","ping_status":"closed","template":"","meta":{"_acf_changed":false,"inline_featured_image":false,"footnotes":""},"class_list":["post-6816","page","type-page","status-publish","hentry"],"acf":[],"yoast_head":"<!-- This site is optimized with the Yoast SEO plugin v27.3 - https:\/\/yoast.com\/product\/yoast-seo-wordpress\/ -->\n<title>Unsere Pr\u00e4senzb\u00fchnen 2024 | University:Future Festival<\/title>\n<meta name=\"description\" content=\"Das University:Future Festival (U:FF) erstreckt sich 2024 \u00fcber mehrere St\u00e4dte: Berlin, Bochum, Heilbronn, Leipzig und N\u00fcrnberg!\" \/>\n<meta name=\"robots\" content=\"index, follow, max-snippet:-1, max-image-preview:large, max-video-preview:-1\" \/>\n<link rel=\"canonical\" href=\"https:\/\/festival.hfd.digital\/de\/unsere-praesenzbuehnen-2024\/\" \/>\n<meta property=\"og:locale\" content=\"de_DE\" \/>\n<meta property=\"og:type\" content=\"article\" \/>\n<meta property=\"og:title\" content=\"Unsere Partnerb\u00fchnen 2024\" \/>\n<meta property=\"og:description\" content=\"Das University:Future Festival (U:FF) erstreckt sich 2024 \u00fcber mehrere St\u00e4dte: Berlin, Bochum, Heilbronn, Leipzig und N\u00fcrnberg!\" \/>\n<meta property=\"og:url\" content=\"https:\/\/festival.hfd.digital\/de\/unsere-praesenzbuehnen-2024\/\" \/>\n<meta property=\"og:site_name\" content=\"University:Future Festival 2026\" \/>\n<meta property=\"article:modified_time\" content=\"2024-06-25T14:18:29+00:00\" \/>\n<meta property=\"og:image\" content=\"https:\/\/festival.hfd.digital\/de\/wp-content\/uploads\/sites\/3\/2023\/09\/Allgemein-1-DE-.png\" \/>\n\t<meta property=\"og:image:width\" content=\"1200\" \/>\n\t<meta property=\"og:image:height\" content=\"1200\" \/>\n\t<meta property=\"og:image:type\" content=\"image\/png\" \/>\n<meta name=\"twitter:card\" content=\"summary_large_image\" \/>\n<meta name=\"twitter:title\" content=\"Unsere Partnerb\u00fchnen\" \/>\n<meta name=\"twitter:description\" content=\"Das University:Future Festival (U:FF) erstreckt sich 2024 \u00fcber mehrere St\u00e4dte: Berlin, Bochum, Heilbronn, Leipzig und N\u00fcrnberg!\" \/>\n<meta name=\"twitter:image\" content=\"https:\/\/festival.hfd.digital\/de\/wp-content\/uploads\/sites\/3\/2023\/09\/Allgemein-1-DE.png\" \/>\n<meta name=\"twitter:label1\" content=\"Gesch\u00e4tzte Lesezeit\" \/>\n\t<meta name=\"twitter:data1\" content=\"2\u00a0Minuten\" \/>\n<script type=\"application\/ld+json\" class=\"yoast-schema-graph\">{\"@context\":\"https:\\\/\\\/schema.org\",\"@graph\":[{\"@type\":\"WebPage\",\"@id\":\"https:\\\/\\\/festival.hfd.digital\\\/de\\\/unsere-praesenzbuehnen-2024\\\/\",\"url\":\"https:\\\/\\\/festival.hfd.digital\\\/de\\\/unsere-praesenzbuehnen-2024\\\/\",\"name\":\"Unsere Pr\u00e4senzb\u00fchnen 2024 | University:Future Festival\",\"isPartOf\":{\"@id\":\"https:\\\/\\\/festival.hfd.digital\\\/de\\\/#website\"},\"primaryImageOfPage\":{\"@id\":\"https:\\\/\\\/festival.hfd.digital\\\/de\\\/unsere-praesenzbuehnen-2024\\\/#primaryimage\"},\"image\":{\"@id\":\"https:\\\/\\\/festival.hfd.digital\\\/de\\\/unsere-praesenzbuehnen-2024\\\/#primaryimage\"},\"thumbnailUrl\":\"https:\\\/\\\/festival.hfd.digital\\\/de\\\/wp-content\\\/uploads\\\/sites\\\/3\\\/2024\\\/04\\\/Praesenzbuehnen-Generelle-Meldung-1-700x394.png\",\"datePublished\":\"2023-11-23T09:21:35+00:00\",\"dateModified\":\"2024-06-25T14:18:29+00:00\",\"description\":\"Das University:Future Festival (U:FF) erstreckt sich 2024 \u00fcber mehrere St\u00e4dte: Berlin, Bochum, Heilbronn, Leipzig und N\u00fcrnberg!\",\"inLanguage\":\"de\",\"potentialAction\":[{\"@type\":\"ReadAction\",\"target\":[\"https:\\\/\\\/festival.hfd.digital\\\/de\\\/unsere-praesenzbuehnen-2024\\\/\"]}]},{\"@type\":\"ImageObject\",\"inLanguage\":\"de\",\"@id\":\"https:\\\/\\\/festival.hfd.digital\\\/de\\\/unsere-praesenzbuehnen-2024\\\/#primaryimage\",\"url\":\"https:\\\/\\\/festival.hfd.digital\\\/de\\\/wp-content\\\/uploads\\\/sites\\\/3\\\/2024\\\/04\\\/Praesenzbuehnen-Generelle-Meldung-1.png\",\"contentUrl\":\"https:\\\/\\\/festival.hfd.digital\\\/de\\\/wp-content\\\/uploads\\\/sites\\\/3\\\/2024\\\/04\\\/Praesenzbuehnen-Generelle-Meldung-1.png\",\"width\":1920,\"height\":1080},{\"@type\":\"WebSite\",\"@id\":\"https:\\\/\\\/festival.hfd.digital\\\/de\\\/#website\",\"url\":\"https:\\\/\\\/festival.hfd.digital\\\/de\\\/\",\"name\":\"University:Future Festival 2026\",\"description\":\"Das j\u00e4hrliche Festival zur Zukunft der Hochschulbildung.\",\"potentialAction\":[{\"@type\":\"SearchAction\",\"target\":{\"@type\":\"EntryPoint\",\"urlTemplate\":\"https:\\\/\\\/festival.hfd.digital\\\/de\\\/?s={search_term_string}\"},\"query-input\":{\"@type\":\"PropertyValueSpecification\",\"valueRequired\":true,\"valueName\":\"search_term_string\"}}],\"inLanguage\":\"de\"}]}<\/script>\n<!-- \/ Yoast SEO plugin. -->","yoast_head_json":{"title":"Unsere Pr\u00e4senzb\u00fchnen 2024 | University:Future Festival","description":"Das University:Future Festival (U:FF) erstreckt sich 2024 \u00fcber mehrere St\u00e4dte: Berlin, Bochum, Heilbronn, Leipzig und N\u00fcrnberg!","robots":{"index":"index","follow":"follow","max-snippet":"max-snippet:-1","max-image-preview":"max-image-preview:large","max-video-preview":"max-video-preview:-1"},"canonical":"https:\/\/festival.hfd.digital\/de\/unsere-praesenzbuehnen-2024\/","og_locale":"de_DE","og_type":"article","og_title":"Unsere Partnerb\u00fchnen 2024","og_description":"Das University:Future Festival (U:FF) erstreckt sich 2024 \u00fcber mehrere St\u00e4dte: Berlin, Bochum, Heilbronn, Leipzig und N\u00fcrnberg!","og_url":"https:\/\/festival.hfd.digital\/de\/unsere-praesenzbuehnen-2024\/","og_site_name":"University:Future Festival 2026","article_modified_time":"2024-06-25T14:18:29+00:00","og_image":[{"width":1200,"height":1200,"url":"https:\/\/festival.hfd.digital\/de\/wp-content\/uploads\/sites\/3\/2023\/09\/Allgemein-1-DE-.png","type":"image\/png"}],"twitter_card":"summary_large_image","twitter_title":"Unsere Partnerb\u00fchnen","twitter_description":"Das University:Future Festival (U:FF) erstreckt sich 2024 \u00fcber mehrere St\u00e4dte: Berlin, Bochum, Heilbronn, Leipzig und N\u00fcrnberg!","twitter_image":"https:\/\/festival.hfd.digital\/de\/wp-content\/uploads\/sites\/3\/2023\/09\/Allgemein-1-DE.png","twitter_misc":{"Gesch\u00e4tzte Lesezeit":"2\u00a0Minuten"},"schema":{"@context":"https:\/\/schema.org","@graph":[{"@type":"WebPage","@id":"https:\/\/festival.hfd.digital\/de\/unsere-praesenzbuehnen-2024\/","url":"https:\/\/festival.hfd.digital\/de\/unsere-praesenzbuehnen-2024\/","name":"Unsere Pr\u00e4senzb\u00fchnen 2024 | University:Future Festival","isPartOf":{"@id":"https:\/\/festival.hfd.digital\/de\/#website"},"primaryImageOfPage":{"@id":"https:\/\/festival.hfd.digital\/de\/unsere-praesenzbuehnen-2024\/#primaryimage"},"image":{"@id":"https:\/\/festival.hfd.digital\/de\/unsere-praesenzbuehnen-2024\/#primaryimage"},"thumbnailUrl":"https:\/\/festival.hfd.digital\/de\/wp-content\/uploads\/sites\/3\/2024\/04\/Praesenzbuehnen-Generelle-Meldung-1-700x394.png","datePublished":"2023-11-23T09:21:35+00:00","dateModified":"2024-06-25T14:18:29+00:00","description":"Das University:Future Festival (U:FF) erstreckt sich 2024 \u00fcber mehrere St\u00e4dte: Berlin, Bochum, Heilbronn, Leipzig und N\u00fcrnberg!","inLanguage":"de","potentialAction":[{"@type":"ReadAction","target":["https:\/\/festival.hfd.digital\/de\/unsere-praesenzbuehnen-2024\/"]}]},{"@type":"ImageObject","inLanguage":"de","@id":"https:\/\/festival.hfd.digital\/de\/unsere-praesenzbuehnen-2024\/#primaryimage","url":"https:\/\/festival.hfd.digital\/de\/wp-content\/uploads\/sites\/3\/2024\/04\/Praesenzbuehnen-Generelle-Meldung-1.png","contentUrl":"https:\/\/festival.hfd.digital\/de\/wp-content\/uploads\/sites\/3\/2024\/04\/Praesenzbuehnen-Generelle-Meldung-1.png","width":1920,"height":1080},{"@type":"WebSite","@id":"https:\/\/festival.hfd.digital\/de\/#website","url":"https:\/\/festival.hfd.digital\/de\/","name":"University:Future Festival 2026","description":"Das j\u00e4hrliche Festival zur Zukunft der Hochschulbildung.","potentialAction":[{"@type":"SearchAction","target":{"@type":"EntryPoint","urlTemplate":"https:\/\/festival.hfd.digital\/de\/?s={search_term_string}"},"query-input":{"@type":"PropertyValueSpecification","valueRequired":true,"valueName":"search_term_string"}}],"inLanguage":"de"}]}},"_links":{"self":[{"href":"https:\/\/festival.hfd.digital\/de\/wp-json\/wp\/v2\/pages\/6816","targetHints":{"allow":["GET"]}}],"collection":[{"href":"https:\/\/festival.hfd.digital\/de\/wp-json\/wp\/v2\/pages"}],"about":[{"href":"https:\/\/festival.hfd.digital\/de\/wp-json\/wp\/v2\/types\/page"}],"author":[{"embeddable":true,"href":"https:\/\/festival.hfd.digital\/de\/wp-json\/wp\/v2\/users\/24"}],"replies":[{"embeddable":true,"href":"https:\/\/festival.hfd.digital\/de\/wp-json\/wp\/v2\/comments?post=6816"}],"version-history":[{"count":80,"href":"https:\/\/festival.hfd.digital\/de\/wp-json\/wp\/v2\/pages\/6816\/revisions"}],"predecessor-version":[{"id":9554,"href":"https:\/\/festival.hfd.digital\/de\/wp-json\/wp\/v2\/pages\/6816\/revisions\/9554"}],"wp:attachment":[{"href":"https:\/\/festival.hfd.digital\/de\/wp-json\/wp\/v2\/media?parent=6816"}],"curies":[{"name":"wp","href":"https:\/\/api.w.org\/{rel}","templated":true}]}}