{"id":6442,"date":"2023-11-23T10:34:09","date_gmt":"2023-11-23T10:34:09","guid":{"rendered":"https:\/\/festival.hfd.digital\/de\/?page_id=6442"},"modified":"2024-02-07T14:10:25","modified_gmt":"2024-02-07T14:10:25","slug":"faqs-2024","status":"publish","type":"page","link":"https:\/\/festival.hfd.digital\/de\/faqs-2024\/","title":{"rendered":"FAQs"},"content":{"rendered":"\n<p>Hier finden Sie Antworten auf h\u00e4ufig gestellte Fragen zum University:Future Festival 2024 sowie zu den Calls. Sollte Ihre Frage in den FAQs nicht beantwortet werden, erreichen Sie unser <a href=\"https:\/\/festival.hfd.digital\/de\/team\/\">Team<\/a> unter: <a href=\"mailto:festival_team@hochschulforum.org\">festival_team@hochschulforum.org<\/a>&nbsp;<\/p>\n\n\n\n<p><\/p>\n\n\n\n<ol class=\"wp-block-list\">\n<li><strong>Call for Participation<\/strong>\n<ul class=\"wp-block-list\">\n<li><a href=\"#allgemeines-cfp\">Allgemeines<\/a><\/li>\n\n\n\n<li><a href=\"#bewerbung-cfp\">Bewerbung<\/a><\/li>\n<\/ul>\n<\/li>\n\n\n\n<li><strong>Call for Arts &amp; Interaction<\/strong>\n<ul class=\"wp-block-list\">\n<li><a href=\"#allgemeines-arts\">Allgemeines<\/a><\/li>\n\n\n\n<li><a href=\"#bewerbung-arts\">Bewerbung<\/a><\/li>\n<\/ul>\n<\/li>\n<\/ol>\n\n\n\n<p><\/p>\n\n\n\n<h2 class=\"wp-block-heading has-text-color\" style=\"color:#2e5cfb\">Call for Participation<\/h2>\n\n\n\n<h3 class=\"wp-block-heading has-black-color has-text-color\" id=\"allgemeines-cfp\">1. Allgemeines<\/h3>\n\n\n\n<p><\/p>\n\n\n\n<p><strong>Wer kann einreichen?<\/strong><\/p>\n\n\n\n<p>Alle k\u00f6nnen einreichen! Wir bewerten die Einreichungen ausschlie\u00dflich nach ihrer inhaltlichen Qualit\u00e4t und ob sie thematisch zum\u00a0Themenfokus des University:Future Festivals passen. Besonders wollen wir Hochschulangeh\u00f6rige, Studierende, Unternehmen, Zivilgesellschaft und Internationals ansprechen.<\/p>\n\n\n\n<p><strong>Was macht eine gute Session aus?<\/strong><\/p>\n\n\n\n<p>Idealerweise wird bereits durch einen starken (und m\u00f6glichst kurzen!) Titel Interesse f\u00fcr das Thema geweckt. Die Session sollte \u00fcber eine reine Projektvorstellung hinausgehen. Trauen Sie sich, authentisch, kreativ und meinungsstark zu sein!<\/p>\n\n\n\n<p><strong>In welchen Sprachen kann ich einreichen?<\/strong><\/p>\n\n\n\n<p>Sie k\u00f6nnen Ihre Ideen auf Deutsch oder Englisch einreichen. Achten Sie dabei darauf, dass die Sprache der Einreichung und gehaltenen Session \u00fcbereinstimmend sind. Eine \u00dcbersetzung findet nicht statt.<\/p>\n\n\n\n<p><strong>Werden Einreichungen auch nach der Deadline akzeptiert?<\/strong><\/p>\n\n\n\n<p>Leider k\u00f6nnen wir keine Einreichungen nach der Frist ber\u00fccksichtigen. Der Call for Participation endet am 12. Februar 2024.<\/p>\n\n\n\n<p><strong>Welche Formate sind m\u00f6glich?<\/strong><\/p>\n\n\n\n<p>Folgende Formate sind vorgesehen:<\/p>\n\n\n\n<ul class=\"wp-block-list\">\n<li><strong>Inputs<\/strong>: 30-min\u00fctige Inputs zu einem Thema durch ein oder mehrere Personen. Der Fokus sollte dabei auf anwendbarem Wissen liegen. Die Form kann variieren, am verbreitetsten ist der Vortrag mit anschlie\u00dfender Diskussion.<\/li>\n\n\n\n<li><strong>Lightning Talks:<\/strong> 5-min\u00fctige Kurz-Inputs durch maximal zwei Personen.&nbsp;<\/li>\n\n\n\n<li><strong>Diskussionen: <\/strong>Eine 30-60-min\u00fctige dynamische und diverse Diskussion durch mehrere Personen. Die geplanten Mitdiskutant:innen m\u00fcssen in der Einreichung genannt werden.<\/li>\n\n\n\n<li><strong>Workshops<\/strong>: 60-120-min\u00fctige interaktive Formate mit\u00a0begrenzten Teilnehmendenzahlen (standardm\u00e4\u00dfig maximal 50).<\/li>\n\n\n\n<li><strong>Trainings<\/strong>: 60-120-min\u00fctige Lerneinheiten.<\/li>\n\n\n\n<li><strong>Lokale Meetups: <\/strong>60-min\u00fctige Treffen an einer unserer Pr\u00e4senzb\u00fchnen zu einem definierten Thema. Im Mittelpunkt stehen Austausch und Diskussion. Beachten Sie: Vortr\u00e4ge sollten nicht Teil von Meetups sein.<\/li>\n<\/ul>\n\n\n\n<p><strong>Was ist der Unterschied zwischen einem Training und einem Workshop?<\/strong><\/p>\n\n\n\n<p>Es gibt eine gewisse N\u00e4he der beiden Formate zueinander. Folgende Informationen sollten helfen, Ihre Einreichung richtig einzuordnen:<\/p>\n\n\n\n<ul class=\"wp-block-list\">\n<li>W\u00e4hrend Workshops in der Regel dazu dienen, ein Thema gemeinsam zu erarbeiten, haben Trainings stets ein definiertes Lernziel.<\/li>\n\n\n\n<li>Bei Workshops liegt der Fokus auf Interaktion. Anbieter von Trainings k\u00f6nnen den angemessenen Grad an Interaktivit\u00e4t frei bestimmen.<\/li>\n\n\n\n<li>Workshops sind stets begrenzt in der Teilnehmendenzahl (standardm\u00e4\u00dfig 50, geringere Zahlen nach Absprache). Trainings sind unbegrenzt.<\/li>\n<\/ul>\n\n\n\n<p><strong>Welche Themen gibt es beim University:Future Festival? Und warum muss ich mich entscheiden?<\/strong><\/p>\n\n\n\n<p>Die Themen dienen der Strukturierung des Veranstaltungsprogramms. Sie haben keine Vor- oder Nachteile durch die Einordnung in ein bestimmtes Thema. <a href=\"https:\/\/festival.hfd.digital\/de\/die-tracks-2024\/\">Alle Infos zu den folgenden Themen-Tracks finden Sie hier.<\/a><\/p>\n\n\n\n<ul class=\"wp-block-list\">\n<li>Shapes of Tomorrow<\/li>\n\n\n\n<li>AI &amp; Technology<\/li>\n\n\n\n<li>Teaching &amp; Learning<\/li>\n\n\n\n<li>Spaces &amp; Hybrid Concepts<\/li>\n\n\n\n<li>Future Skills<\/li>\n\n\n\n<li>Structures &amp; Strategies<\/li>\n\n\n\n<li>Exams, Legal &amp; Data Protection<\/li>\n\n\n\n<li>Networks &amp; Participation<\/li>\n\n\n\n<li>Let\u2019s Play<\/li>\n<\/ul>\n\n\n\n<p><strong>Wie werden die Beitr\u00e4ge bewertet?<\/strong><\/p>\n\n\n\n<p>Nach Ende der Einreichungsfrist wird Ihr Vorschlag durch eine Track-Jury begutachtet. Die Track-Jurys setzen sich aus Fachleuten im jeweiligen Bereich, Studierenden sowie Vertreter:innen von Hochschulforum, Stiftung Innovation in der Hochschullehre und B\u00fchnenpartnern zusammen. Wir achten darauf, dass Ihr Beitrag von mindestens drei Personen gelesen und bewertet wird, in der Regel sind es mehr. In einer zweiten Stufe kommen die Leitungen der Track-Jurys zusammen und entscheiden \u00fcber die Setzung des finalen Programms. Die Mitglieder der Jury werden vor Ende des Calls auf dieser Website bekanntgegeben. Im M\u00e4rz 2024 erhalten sie eine Entscheidung von der Jury.<\/p>\n\n\n\n<p><strong>Muss ich bei dem physischen Event vor Ort sein, wenn ich angenommen werde?<\/strong><\/p>\n\n\n\n<p>Nein, eine virtuelle Beteiligung ist sogar der Standardfall. Nur einzelne Einreichungen werden eingeladen, um in Pr\u00e4senz stattzufinden. Lediglich die lokalen Meetups finden ausschlie\u00dflich in Pr\u00e4senz statt.<\/p>\n\n\n\n<p><strong>Kann ich meine Session von vor Ort halten, wenn ich angenommen werde?<\/strong><\/p>\n\n\n\n<p>Das Festival ist &#8222;digital first&#8220; und das gilt auch f\u00fcr alle Programmbeitr\u00e4ge. Dennoch k\u00f6nnen wir voraussichtlich vielen interessierten Speaker:innen einen ruhigen Ort f\u00fcr Vortr\u00e4ge bieten. Wir k\u00f6nnen Ihnen dies allerdings erst nach Festsetzung des Programms verbindlich zusagen. Workshops und Trainings, welche am letzten Tag des Festivals stattfinden, sind generell digital zu halten.<\/p>\n\n\n\n<p><strong>Welche Technologie und Tools werden zur Verf\u00fcgung gestellt?<\/strong><\/p>\n\n\n\n<p>Vereinfacht gesagt: Unsere digitalen R\u00e4ume werden einen \u00e4hnlichen Funktionsumfang haben wie Zoom. Wir stellen Ihnen daneben stets ein Miro-Board zur Verf\u00fcgung. Sollten Sie bestimmte Dinge brauchen, wenden Sie sich bitte an uns unter <a href=\"mailto:festival_team@hochschulforum.org\">festival_team@hochschulforum.org<\/a>.<\/p>\n\n\n\n<p><strong>Ich habe ein Produkt oder eine Dienstleistung, die f\u00fcr das Publikum spannend ist. Kann ich einen Session-Vorschlag einreichen, um meine Idee zu promoten?<\/strong><\/p>\n\n\n\n<p>Ja, aber wahrscheinlich wird Ihre Einreichung keinen Erfolg haben. Sessions sollten immer Lernerfahrungen sein. Das hei\u00dft: Erw\u00e4hnen Sie Ihre Produkte und Projekte gerne \u2013 aber fokussieren Sie auf Wissensvermittlung. Beispiel: \u201cWir haben eine Lernplattform aufgebaut und mussten dabei schwierige und unvorhergesehene Probleme l\u00f6sen\u201d ist spannender als \u201cWir haben eine neue, tolle Lernplattform\u201d.<\/p>\n\n\n\n<p><strong>Gibt es eine Frauenquote?<\/strong><\/p>\n\n\n\n<p>Ja. Mindestens 50 Prozent der Vortragenden sollen weiblich sein.<\/p>\n\n\n\n<p><strong>Gibt es eine Studierendenquote?<\/strong><\/p>\n\n\n\n<p>Nein. Allerdings ist es uns besonders wichtig, studentischen Stimmen eine B\u00fchne zu bieten. Deshalb freuen wir uns sehr auf Ihre Einreichungen!<\/p>\n\n\n\n<h3 class=\"wp-block-heading has-black-color has-text-color\" id=\"bewerbung-cfp\">2. Bewerbung<\/h3>\n\n\n\n<p><\/p>\n\n\n\n<p><strong>Ich m\u00f6chte eine Diskussion einreichen: M\u00fcssen alle Redner:innen bereits best\u00e4tigt sein?<\/strong><\/p>\n\n\n\n<p>Ja, die geplanten Mitdiskutant:innen m\u00fcssen in der Einreichung genannt werden.<\/p>\n\n\n\n<p><strong>Brauche ich einen Account bei Sessionize, um mich am Call zu beteiligen?<\/strong><\/p>\n\n\n\n<p>Ja. Eine Einreichung ist immer an mindestens eine:n Speaker:in gebunden. Zum Erstellen eines Speaker:innen-Profils bedarf es eines Accounts. Es k\u00f6nnen bis zu 9 Co-Speaker:innen pro Session angegeben werden. Bitte beachten Sie, dass Sie nur die E-Mailadressen Ihrer Co-Speaker:innen hinterlegen k\u00f6nnen. Ihre Co-Speaker:innen m\u00fcssen dann selbst\u00e4ndig ihr Profil anlegen.<\/p>\n\n\n\n<p><strong>Ich will eine Session f\u00fcr eine andere Person einreichen. Geht das?<\/strong><\/p>\n\n\n\n<p>Nein. Aus Datenschutzgr\u00fcnden m\u00fcssen Speaker:innen sich selbst anmelden.<\/p>\n\n\n\n<p><strong>Schritt f\u00fcr Schritt: Wie funktioniert die Speaker:innen-Registrierung und wie reiche ich meine Idee beim Call ein?<\/strong><\/p>\n\n\n\n<ul class=\"wp-block-list\">\n<li><strong>Schritt 1:<\/strong> F\u00fcr das Einreichen einer Session klicken Sie im Men\u00fc auf \u201cCall\u201d und dann &#8222;Call for Participation&#8220;.<\/li>\n\n\n\n<li><strong>Schritt 2:<\/strong> Auf der \u00dcbersichtsseite des Calls finden Sie unten einen Button f\u00fcr das Formular des Call for Particpation.<\/li>\n\n\n\n<li><strong>Schritt 3:<\/strong> Legen Sie einen Account in unserem Call-Tool Sessionize an. Besitzen Sie bereits einen Account bei Sessionize, k\u00f6nnen Sie nat\u00fcrlich den bestehenden auch f\u00fcr die Einreichung beim University:Future Festival nutzen.<\/li>\n\n\n\n<li><strong>Schritt 4:&nbsp;<\/strong> F\u00fcllen Sie alle erforderlichen Punkte des Formulars aus.<\/li>\n\n\n\n<li><strong>Schritt 5:<\/strong> Schlie\u00dfen Sie ihre Einreichung ab, indem Sie auf den Button \u201csubmit session\u201d klicken.&nbsp;<\/li>\n\n\n\n<li><strong>Schritt 6:<\/strong> Ihre Einreichung wurde nun automatisch abgeschlossen und wird von der Jury im Auswahlprozess ber\u00fccksichtigt. Sie werden informiert sobald eine Entscheidung gefallen ist.<\/li>\n<\/ul>\n\n\n\n<p><strong>Werden die Angaben im Call-for-Participation-Tool \u00f6ffentlich sichtbar gemacht?<\/strong><\/p>\n\n\n\n<p>Die Angaben werden erst dann ver\u00f6ffentlicht, wenn ein Beitrag angenommen wurde. Dies gilt nat\u00fcrlich nur f\u00fcr die Informationen, welche f\u00fcr Besucher:innen relevant sind. Kontaktinformationen und andere pers\u00f6nliche Daten werden nicht ver\u00f6ffentlicht.<\/p>\n\n\n\n<p><strong>Welche Zeichenlimits gibt es?<\/strong><\/p>\n\n\n\n<p>Die Beschreibung Ihrer Session muss zwischen 200 und 2.000 Zeichen lang sein. Des Weiteren m\u00fcssen Sie zus\u00e4tzlich eine Kurzbeschreibung Ihrer Session einreichen, welche im Programm erscheinen wird, wenn Sie angenommen werden. Ihre Selbstbeschreibung als Speaker:in kann eine L\u00e4nge von 100 bis 800 Zeichen haben.<\/p>\n\n\n\n<p><strong>Kann ich beim Call for Participation mehrere Vorschl\u00e4ge einreichen?<\/strong><\/p>\n\n\n\n<p>Ja. Es k\u00f6nnen mehrere Beitr\u00e4ge eingereicht werden.<\/p>\n\n\n\n<p><strong>Kann ich meinen Vorschlag im Call-Formular noch bearbeiten?<\/strong><\/p>\n\n\n\n<p>Ja, erst nach Ende des Calls am 12.02.2024 werden die Einreichungen gesperrt und bleiben somit unver\u00e4nderlich. Bei m\u00f6glichen Unklarheiten werden wir Sie kontaktieren.<\/p>\n\n\n\n<p><strong>Meine Session ist nicht ver\u00f6ffentlicht. Haben Sie sie bekommen?<\/strong><\/p>\n\n\n\n<p>Wenn Sie sich in dem Call-Tool einloggen und Ihre Session auffindbar ist, dann haben wir Sie auch erhalten.<\/p>\n\n\n\n<p><strong>Was geschieht, wenn ich mich nicht mehr einloggen kann?<\/strong><\/p>\n\n\n\n<p>Bitte \u00fcberpr\u00fcfen Sie noch einmal Ihre Anmeldedaten (E-Mail und Passwort), und ob Sie sich in der richtigen Domain anmelden. Wenn das Problem auch nach mehreren Versuchen besteht, hilft unser Team weiter: <a href=\"mailto:festival_team@hochschulforum.org\">festival_team@hochschulforum.org<\/a><\/p>\n\n\n\n<p><strong>Wie bekomme ich Hilfe bei nichttechnischen Call for Participation-Fragen?<\/strong><\/p>\n\n\n\n<p>Etwaige Fragen, die sich durch dieses FAQ nicht l\u00f6sen lassen, richten Sie bitte an: <a href=\"mailto:festival_team@hochschulforum.org\">festival_team@hochschulforum.org<\/a>\u00a0<\/p>\n\n\n\n<p><strong>Wie erfahre ich, ob mein Beitrag angenommen wurde?<\/strong><\/p>\n\n\n\n<p>Sobald der Auswahlprozess der Jury abgeschlossen ist, werden wir uns mit Ihnen in Verbindung setzen. Das wird voraussichtlich Ende M\u00e4rz 2024 passieren.<\/p>\n\n\n\n<p><\/p>\n\n\n\n<h2 class=\"wp-block-heading has-text-color\" style=\"color:#2e5cfb\">Call for Arts &amp; Interaction<\/h2>\n\n\n\n<h3 class=\"wp-block-heading has-black-color has-text-color\" id=\"allgemeines-arts\">1. Allgemeines<\/h3>\n\n\n\n<p><\/p>\n\n\n\n<p><strong>Wer kann einreichen?<\/strong><\/p>\n\n\n\n<p>Alle k\u00f6nnen einreichen! Wir bewerten die Einreichungen ausschlie\u00dflich nach ihrer inhaltlichen Qualit\u00e4t und ob sie thematisch zum Themenfokus des University:Future Festivals passen. Besonders sprechen wir an: Kunst- und Kulturschaffende, die sich den Tales of Tomorrow k\u00fcnstlerisch n\u00e4hern und Hochschulangeh\u00f6rige, die auf kreative Weise Besucher:innen zum Mitmachen und Nachdenken anregen.<\/p>\n\n\n\n<p><strong>Welche Formate sind m\u00f6glich?<\/strong><\/p>\n\n\n\n<p>Prinzipiell ist alles denkbar, was sich mit den Festivalthemen auseinandersetzt und logistisch machbar ist. Konkret suchen wir:<\/p>\n\n\n\n<ul class=\"wp-block-list\">\n<li>Kunstprojekte<\/li>\n\n\n\n<li>Lehrmethoden und -tools zum Ausprobieren und Erleben&nbsp;<\/li>\n<\/ul>\n\n\n\n<p><strong>Meine Idee l\u00e4sst sich in keines der Formate einordnen. Kann ich trotzdem einreichen?<\/strong><\/p>\n\n\n\n<p>Absolut! Wir freuen uns \u00fcber \u00dcberraschungen und auf vielf\u00e4ltige Themen und Formate!<\/p>\n\n\n\n<p><strong>Wie kann ich meine Idee\/ Projekt umsetzen?<\/strong><\/p>\n\n\n\n<p>Grunds\u00e4tzlich gibt es die M\u00f6glichkeit, Ihre Idee\/ Projekt online, hybrid und\/ oder in Pr\u00e4senz umzusetzen. Lediglich die Lehrmethoden und -tools zum Ausprobieren und Erleben als auch die interaktiven St\u00e4nde sind nur in Pr\u00e4senz an dem Veranstaltungsort\u00a0der Mainstage in Berlin m\u00f6glich. Dabei geht es nicht um eine Pr\u00e4sentation auf der B\u00fchne, sondern um die Ausstellung Ihres Projekts f\u00fcr die Besucher:innen abseits der B\u00fchne.<\/p>\n\n\n\n<p><strong>Wo werden die Projekte ausgestellt?<\/strong><\/p>\n\n\n\n<p>Die Projekte, die in Pr\u00e4senz oder hybrid stattfinden, werden in der Veranstaltungsst\u00e4tte der Mainstage in Berlin gezeigt. Der Online-Ausstellungsraum f\u00fcr digitale Projekte wird \u00fcber die Veranstaltungsplattform dem gesamten Publikum zug\u00e4nglich gemacht.<\/p>\n\n\n\n<p><strong>Was wird an Infrastruktur zur Verf\u00fcgung gestellt?<\/strong><\/p>\n\n\n\n<p>Wir stellen den notwendigen Platz, Strom, Internet und Verpflegung f\u00fcr Sie w\u00e4hrend der Veranstaltung. Au\u00dferdem sind wir jederzeit ansprechbar, sollte es Fragen geben zu Formaten und Umsetzbarkeit.<\/p>\n\n\n\n<h3 class=\"wp-block-heading has-black-color has-text-color\" id=\"bewerbung-arts\">2. Bewerbung<\/h3>\n\n\n\n<p><\/p>\n\n\n\n<p><strong>Kann ich mehrere Projekte\/ Formate einreichen?<\/strong><\/p>\n\n\n\n<p>Ja. Es k\u00f6nnen mehrere Projekte\/ Formate pro Person eingereicht werden.<\/p>\n\n\n\n<p><strong>Brauche ich einen Account bei Sessionize, um mich am Call zu beteiligen?<\/strong><\/p>\n\n\n\n<p>Ja. Eine Einreichung ist immer an mindestens eine Person gebunden. Zum Erstellen eines Profils bedarf es eines Accounts. Es k\u00f6nnen bis zu 9 Personen pro Projekt angegeben werden. Bitte beachten Sie, dass Sie nur die E-Mailadressen Ihrer Kolleg:innen hinterlegen k\u00f6nnen. Ihre Kolleg:innen m\u00fcssen dann selbst\u00e4ndig ihr Profil anlegen.<\/p>\n\n\n\n<p><strong>Kann ich meinen Vorschlag im Call-Formular noch bearbeiten?<\/strong><\/p>\n\n\n\n<p>Ja, erst nach Ende des Calls am 12.02.2024 werden die Einreichungen gesperrt und bleiben somit unver\u00e4nderlich. Bei m\u00f6glichen Unklarheiten werden wir Sie kontaktieren.<\/p>\n\n\n\n<p><strong>Wie werden die Beitr\u00e4ge bewertet?<\/strong><\/p>\n\n\n\n<p>Nach Ende der Einreichungsfrist wird Ihr Vorschlag durch Mitglieder des Organisations-Teams&nbsp; begutachtet und auf Umsetzbarkeit gepr\u00fcft. Frist ist der 12. Februar 2024.<\/p>\n\n\n\n<p><strong>Wie und wann erfahre ich, ob mein Projekt angenommen wurde?<\/strong><\/p>\n\n\n\n<p>Sobald der Auswahlprozess der Jury abgeschlossen ist, werden wir uns mit Ihnen in Verbindung setzen. Das wird voraussichtlich Ende M\u00e4rz 2024 passieren.<\/p>\n\n\n\n<p><strong>Wo bekomme ich Hilfe bei weiteren Fragen?<\/strong><\/p>\n\n\n\n<p>Etwaige Fragen, die sich durch dieses FAQ nicht l\u00f6sen lassen, richten Sie bitte an: <a href=\"mailto:festival_team@hochschulforum.org\">festival_team@hochschulforum.org<\/a>&nbsp;<\/p>\n","protected":false},"excerpt":{"rendered":"Hier finden Sie Antworten auf h\u00e4ufig gestellte Fragen zum University:Future Festival 2024 sowie zu den Calls. Sollte Ihre Frage in den FAQs nicht beantwortet werden, erreichen Sie unser Team unter: festival_team@hochschulforum.org&nbsp; Call for Participation 1. Allgemeines Wer kann einreichen? Alle k\u00f6nnen einreichen! Wir bewerten die Einreichungen ausschlie\u00dflich nach ihrer inhaltlichen Qualit\u00e4t und ob sie thematisch&#8230; <a class=\"view-article\" href=\"https:\/\/festival.hfd.digital\/de\/faqs-2024\/\">View Article<\/a>","protected":false},"author":24,"featured_media":0,"parent":0,"menu_order":0,"comment_status":"open","ping_status":"closed","template":"","meta":{"_acf_changed":false,"inline_featured_image":false,"footnotes":""},"class_list":["post-6442","page","type-page","status-publish","hentry"],"acf":[],"yoast_head":"<!-- This site is optimized with the Yoast SEO plugin v27.2 - https:\/\/yoast.com\/product\/yoast-seo-wordpress\/ -->\n<title>FAQs - University:Future Festival 2026<\/title>\n<meta name=\"description\" content=\"Unsicher bez\u00fcglich der Calls und anderen Fragen zum University:Future Festival 2024? In diesem FAQ beantworten wir (fast) alle Fragen!\" \/>\n<meta name=\"robots\" content=\"index, follow, max-snippet:-1, max-image-preview:large, max-video-preview:-1\" \/>\n<link rel=\"canonical\" href=\"https:\/\/festival.hfd.digital\/de\/faqs-2024\/\" \/>\n<meta property=\"og:locale\" content=\"de_DE\" \/>\n<meta property=\"og:type\" content=\"article\" \/>\n<meta property=\"og:title\" content=\"FAQs\" \/>\n<meta property=\"og:description\" content=\"Unsicher bez\u00fcglich der Calls und anderen Fragen zum University:Future Festival 2024? In diesem FAQ beantworten wir (fast) alle Fragen!\" \/>\n<meta property=\"og:url\" content=\"https:\/\/festival.hfd.digital\/de\/faqs-2024\/\" \/>\n<meta property=\"og:site_name\" content=\"University:Future Festival 2026\" \/>\n<meta property=\"article:modified_time\" content=\"2024-02-07T14:10:25+00:00\" \/>\n<meta property=\"og:image\" content=\"https:\/\/festival.hfd.digital\/de\/wp-content\/uploads\/sites\/3\/2023\/09\/Allgemein-1-DE-.png\" \/>\n\t<meta property=\"og:image:width\" content=\"1200\" \/>\n\t<meta property=\"og:image:height\" content=\"1200\" \/>\n\t<meta property=\"og:image:type\" content=\"image\/png\" \/>\n<meta name=\"twitter:card\" content=\"summary_large_image\" \/>\n<meta name=\"twitter:title\" content=\"FAQs\" \/>\n<meta name=\"twitter:description\" content=\"Unsicher bez\u00fcglich der Calls und anderen Fragen zum University:Future Festival 2024? In diesem FAQ beantworten wir (fast) alle Fragen!\" \/>\n<meta name=\"twitter:image\" content=\"https:\/\/festival.hfd.digital\/de\/wp-content\/uploads\/sites\/3\/2023\/09\/Allgemein-1-DE.png\" \/>\n<meta name=\"twitter:label1\" content=\"Gesch\u00e4tzte Lesezeit\" \/>\n\t<meta name=\"twitter:data1\" content=\"10\u00a0Minuten\" \/>\n<script type=\"application\/ld+json\" class=\"yoast-schema-graph\">{\"@context\":\"https:\/\/schema.org\",\"@graph\":[{\"@type\":\"WebPage\",\"@id\":\"https:\/\/festival.hfd.digital\/de\/faqs-2024\/\",\"url\":\"https:\/\/festival.hfd.digital\/de\/faqs-2024\/\",\"name\":\"FAQs - University:Future Festival 2026\",\"isPartOf\":{\"@id\":\"https:\/\/festival.hfd.digital\/de\/#website\"},\"datePublished\":\"2023-11-23T10:34:09+00:00\",\"dateModified\":\"2024-02-07T14:10:25+00:00\",\"description\":\"Unsicher bez\u00fcglich der Calls und anderen Fragen zum University:Future Festival 2024? In diesem FAQ beantworten wir (fast) alle Fragen!\",\"inLanguage\":\"de\",\"potentialAction\":[{\"@type\":\"ReadAction\",\"target\":[\"https:\/\/festival.hfd.digital\/de\/faqs-2024\/\"]}]},{\"@type\":\"WebSite\",\"@id\":\"https:\/\/festival.hfd.digital\/de\/#website\",\"url\":\"https:\/\/festival.hfd.digital\/de\/\",\"name\":\"University:Future Festival 2026\",\"description\":\"Das j\u00e4hrliche Festival zur Zukunft der Hochschulbildung.\",\"potentialAction\":[{\"@type\":\"SearchAction\",\"target\":{\"@type\":\"EntryPoint\",\"urlTemplate\":\"https:\/\/festival.hfd.digital\/de\/?s={search_term_string}\"},\"query-input\":{\"@type\":\"PropertyValueSpecification\",\"valueRequired\":true,\"valueName\":\"search_term_string\"}}],\"inLanguage\":\"de\"}]}<\/script>\n<!-- \/ Yoast SEO plugin. -->","yoast_head_json":{"title":"FAQs - University:Future Festival 2026","description":"Unsicher bez\u00fcglich der Calls und anderen Fragen zum University:Future Festival 2024? In diesem FAQ beantworten wir (fast) alle Fragen!","robots":{"index":"index","follow":"follow","max-snippet":"max-snippet:-1","max-image-preview":"max-image-preview:large","max-video-preview":"max-video-preview:-1"},"canonical":"https:\/\/festival.hfd.digital\/de\/faqs-2024\/","og_locale":"de_DE","og_type":"article","og_title":"FAQs","og_description":"Unsicher bez\u00fcglich der Calls und anderen Fragen zum University:Future Festival 2024? In diesem FAQ beantworten wir (fast) alle Fragen!","og_url":"https:\/\/festival.hfd.digital\/de\/faqs-2024\/","og_site_name":"University:Future Festival 2026","article_modified_time":"2024-02-07T14:10:25+00:00","og_image":[{"width":1200,"height":1200,"url":"https:\/\/festival.hfd.digital\/de\/wp-content\/uploads\/sites\/3\/2023\/09\/Allgemein-1-DE-.png","type":"image\/png"}],"twitter_card":"summary_large_image","twitter_title":"FAQs","twitter_description":"Unsicher bez\u00fcglich der Calls und anderen Fragen zum University:Future Festival 2024? In diesem FAQ beantworten wir (fast) alle Fragen!","twitter_image":"https:\/\/festival.hfd.digital\/de\/wp-content\/uploads\/sites\/3\/2023\/09\/Allgemein-1-DE.png","twitter_misc":{"Gesch\u00e4tzte Lesezeit":"10\u00a0Minuten"},"schema":{"@context":"https:\/\/schema.org","@graph":[{"@type":"WebPage","@id":"https:\/\/festival.hfd.digital\/de\/faqs-2024\/","url":"https:\/\/festival.hfd.digital\/de\/faqs-2024\/","name":"FAQs - University:Future Festival 2026","isPartOf":{"@id":"https:\/\/festival.hfd.digital\/de\/#website"},"datePublished":"2023-11-23T10:34:09+00:00","dateModified":"2024-02-07T14:10:25+00:00","description":"Unsicher bez\u00fcglich der Calls und anderen Fragen zum University:Future Festival 2024? In diesem FAQ beantworten wir (fast) alle Fragen!","inLanguage":"de","potentialAction":[{"@type":"ReadAction","target":["https:\/\/festival.hfd.digital\/de\/faqs-2024\/"]}]},{"@type":"WebSite","@id":"https:\/\/festival.hfd.digital\/de\/#website","url":"https:\/\/festival.hfd.digital\/de\/","name":"University:Future Festival 2026","description":"Das j\u00e4hrliche Festival zur Zukunft der Hochschulbildung.","potentialAction":[{"@type":"SearchAction","target":{"@type":"EntryPoint","urlTemplate":"https:\/\/festival.hfd.digital\/de\/?s={search_term_string}"},"query-input":{"@type":"PropertyValueSpecification","valueRequired":true,"valueName":"search_term_string"}}],"inLanguage":"de"}]}},"_links":{"self":[{"href":"https:\/\/festival.hfd.digital\/de\/wp-json\/wp\/v2\/pages\/6442","targetHints":{"allow":["GET"]}}],"collection":[{"href":"https:\/\/festival.hfd.digital\/de\/wp-json\/wp\/v2\/pages"}],"about":[{"href":"https:\/\/festival.hfd.digital\/de\/wp-json\/wp\/v2\/types\/page"}],"author":[{"embeddable":true,"href":"https:\/\/festival.hfd.digital\/de\/wp-json\/wp\/v2\/users\/24"}],"replies":[{"embeddable":true,"href":"https:\/\/festival.hfd.digital\/de\/wp-json\/wp\/v2\/comments?post=6442"}],"version-history":[{"count":60,"href":"https:\/\/festival.hfd.digital\/de\/wp-json\/wp\/v2\/pages\/6442\/revisions"}],"predecessor-version":[{"id":7302,"href":"https:\/\/festival.hfd.digital\/de\/wp-json\/wp\/v2\/pages\/6442\/revisions\/7302"}],"wp:attachment":[{"href":"https:\/\/festival.hfd.digital\/de\/wp-json\/wp\/v2\/media?parent=6442"}],"curies":[{"name":"wp","href":"https:\/\/api.w.org\/{rel}","templated":true}]}}