{"id":6376,"date":"2023-11-29T15:27:22","date_gmt":"2023-11-29T15:27:22","guid":{"rendered":"https:\/\/festival.hfd.digital\/de\/?page_id=6376"},"modified":"2024-07-01T11:02:17","modified_gmt":"2024-07-01T11:02:17","slug":"arts-interaction","status":"publish","type":"page","link":"https:\/\/festival.hfd.digital\/de\/arts-interaction\/","title":{"rendered":"Call for Arts &amp; Interaction (geschlossen)"},"content":{"rendered":"\n<h3 class=\"wp-block-heading\">Der Call for Arts &amp; Interaction wurde am 12. Februar geschlossen! Aktuell werden die Einreichungen ausgewertet.<\/h3>\n\n\n\n<h5 class=\"wp-block-heading\">Der Call f\u00fcr Kunst und Dinge zum Ausprobieren<\/h5>\n\n\n\n<p>Auf dem <a href=\"https:\/\/festival.hfd.digital\/de\/universityfuture-festival-2024\/\">University:Future Festival 2024<\/a> soll die Zukunft akademischer Bildung auch au\u00dferhalb des klassischen Programms adressiert werden: <strong>Mit Kunstprojekten und anderen spannenden Dingen zum Anfassen und Ausprobieren.\u00a0<\/strong>Wir suchten Ideen, um auf unterschiedliche Weise die Themen des Festivals zu diskutieren und Formate, die unsere Besucher:innen zum Nachdenken anregen, zum Mitmachen animieren, zum Lachen und Staunen bringen.\u00a0<\/p>\n\n\n\n<p>Die Angebote k\u00f6nnen dabei <strong>physisch<\/strong> sein &#8211; zum Beispiel Technik zum Ausprobieren oder Installationen &#8211; sie k\u00f6nnen aber auch <strong>digital oder hybrid<\/strong> sein.<\/p>\n\n\n<div class=\"wp-block-image\">\n<figure class=\"aligncenter size-large is-resized\"><img loading=\"lazy\" decoding=\"async\" width=\"1920\" height=\"1080\" src=\"https:\/\/festival.hfd.digital\/de\/wp-content\/uploads\/sites\/3\/2023\/11\/4-700x394.png\" alt=\"\" class=\"wp-image-6783\" style=\"aspect-ratio:1.7766497461928934;width:766px;height:auto\" srcset=\"https:\/\/festival.hfd.digital\/de\/wp-content\/uploads\/sites\/3\/2023\/11\/4-700x394.png 700w, https:\/\/festival.hfd.digital\/de\/wp-content\/uploads\/sites\/3\/2023\/11\/4-250x141.png 250w, https:\/\/festival.hfd.digital\/de\/wp-content\/uploads\/sites\/3\/2023\/11\/4-768x432.png 768w, https:\/\/festival.hfd.digital\/de\/wp-content\/uploads\/sites\/3\/2023\/11\/4-1536x864.png 1536w, https:\/\/festival.hfd.digital\/de\/wp-content\/uploads\/sites\/3\/2023\/11\/4-120x68.png 120w, https:\/\/festival.hfd.digital\/de\/wp-content\/uploads\/sites\/3\/2023\/11\/4.png 1920w\" sizes=\"auto, (max-width: 1920px) 100vw, 1920px\" \/><\/figure>\n<\/div>\n\n\n<h2 class=\"wp-block-heading\"><strong>Das Motto: Tales of Tomorrow<\/strong><\/h2>\n\n\n\n<p><strong>Geschichten sind m\u00e4chtig. Sie konstruieren unsere Realit\u00e4t.<\/strong> Die Zukunft ist nicht festgelegt, sondern wir erschaffen sie hier und jetzt durch unsere&nbsp;Erz\u00e4hlungen. Dar\u00fcber sprechen wir auf dem University:Future Festival 2024.&nbsp;<\/p>\n\n\n\n<p>Unter dem Motto \u201cTales of Tomorrow\u201d denken wir <strong>\u00fcber Zuk\u00fcnfte nach und entwickeln Visionen<\/strong>, die \u00fcber das Unmittelbare hinausgehen. Wir laden die Teilnehmenden und unsere Referent:innen dazu ein, gemeinsam neue Erz\u00e4hlungen zu finden und zu teilen. Wir adressieren aktuelle und k\u00fcnftige <strong>technische Entwicklungen<\/strong> und beleuchten gleichzeitig den sozialen und ideengeschichtlichen Kontext, in dem sie stattfinden. Gemeinsam suchen wir <strong>L\u00f6sungen und Wege in die Zukunft<\/strong>.<\/p>\n\n\n\n<p>Man kann \u201c<em>Tale<\/em>\u201d \u00fcbersetzen mit dem Begriff der Geschichte oder auch des M\u00e4rchens. Auf dem U:FF hinterfragen wir <strong>etablierte Zukunftsnarrative. <\/strong>Wir verharren nicht in einem oberfl\u00e4chlich genutzten Begriff der Innovation, sondern m\u00f6chten diskutieren, welche Narrative zukunftsrelevant und welche tats\u00e4chlich nur M\u00e4rchen sind.<\/p>\n\n\n\n<h2 class=\"wp-block-heading\"><strong>Wen wir suchen &#8211; Zielgruppen des Calls<\/strong><\/h2>\n\n\n\n<ul class=\"wp-block-list\">\n<li><strong>Kunst- und Kulturschaffende<\/strong>, die sich den Tales of Tomorrow k\u00fcnstlerisch n\u00e4hern&nbsp;<\/li>\n\n\n\n<li><strong>Hochschulangeh\u00f6rige<\/strong>, die auf kreative Weise Besucher:innen zum Mitmachen und Nachdenken anregen wollen<\/li>\n<\/ul>\n\n\n\n<div class=\"wp-block-buttons is-content-justification-left is-layout-flex wp-container-core-buttons-is-layout-fdcfc74e wp-block-buttons-is-layout-flex\">\n<div class=\"wp-block-button has-custom-width wp-block-button__width-75 has-custom-font-size has-medium-font-size\"><a class=\"wp-block-button__link has-black-color has-text-color has-background has-text-align-center wp-element-button\" href=\"https:\/\/sessionize.com\/uff-2024-arts-interaction\/\" style=\"background-color:#ff87fc\">Hier geht es zum Formular des Call for Arts &amp; Interaction<\/a><\/div>\n<\/div>\n\n\n\n<p><\/p>\n\n\n\n<h2 class=\"wp-block-heading\"><strong>Denkbare Formate<\/strong><\/h2>\n\n\n\n<p>Die Ideen f\u00fcr den \u201cCall for Arts &amp; Interaction\u201d k\u00f6nnen digital, hybrid oder vor Ort in unserer Festivallocation in Berlin umgesetzt werden. Prinzipiell ist alles denkbar, was sich mit den Festivalthemen auseinandersetzt und technisch und\/oder logistisch machbar ist. F\u00fcr die Pr\u00e4senzangebote stellen wir den notwendigen Platz, Strom, Internet und Verpflegung vor Ort.&nbsp;<\/p>\n\n\n\n<p>Wir sind jederzeit ansprechbar, sollte es Fragen geben zu Formaten und Umsetzbarkeit.&nbsp;<\/p>\n\n\n\n<h3 class=\"wp-block-heading\"><strong>Kunstprojekte (online, hybrid und Pr\u00e4senz)<\/strong><\/h3>\n\n\n\n<p>Kunst spiegelt das heutige Geschehen wider, reflektiert es und treibt Ver\u00e4nderungen voran. Sie wirft diverse Perspektiven auf unsere Realit\u00e4t, stellt kritische Fragen \u00fcber die Zukunft und wird so zu einer Diskussionsgrundlage. Zusammen mit Kunst- und Kulturschaffenden wollen wir einen Diskussionsraum gestalten, der zu einem kreativen Umgang mit digitalen Medien im Hochschulalltag anregt und sich sowohl fantasievoll als auch kritisch mit den Tales of Tomorrow auseinandersetzt. Das U:FF macht Kunst digital und vor Ort erlebbar, ist sowohl Ausstellungs- als auch&nbsp; Diskussionsraum. Wir freuen uns \u00fcber Vorschl\u00e4ge, die im digitalen Raum, hybrid oder in Pr\u00e4senz umgesetzt werden k\u00f6nnen!<\/p>\n\n\n\n<p>Zielgruppe: Kunst- und Kulturschaffende<\/p>\n\n\n\n<p>#Installationen, audiovisuelle Formate, Performances<\/p>\n\n\n\n<h3 class=\"wp-block-heading\"><strong>Ausprobieren und Erleben (nur in Pr\u00e4senz)<\/strong><\/h3>\n\n\n\n<p>Das U:FF ist ein Ort zum Ausprobieren. Roboter, Hololens, KI-Anwendungen und Co. &#8211; das alles soll seinen Platz auf dem Festival finden. Wir m\u00f6chten durch Aktivit\u00e4ten und Mitmach-Aktionen die digitale Transformation der Hochschulbildung erlebbar machen. Wir sind deshalb auf der Suche nach innovativen Lehrmethoden und -tools, die Besucher:innen des U:FF in Berlin&nbsp;abseits der B\u00fchne ausprobieren k\u00f6nnen. Wir sind gespannt auf unterschiedliche Ideen!<\/p>\n\n\n\n<p>Zielgruppen: Hochschulen, andere Organisationen und in der Lehre engagierte Individuen<\/p>\n\n\n\n<p>#Roboter in der Lehre, Virtual und Augmented Reality, Gamification<\/p>\n\n\n\n<h2 class=\"wp-block-heading\"><strong>Weitere Ideen&nbsp;<\/strong><\/h2>\n\n\n\n<p>Auch wenn sich die Idee in keinem der Formate einordnen l\u00e4sst &#8211; wir wollen sie trotzdem h\u00f6ren! Wir freuen uns \u00fcber \u00dcberraschungen und auf vielf\u00e4ltige Themen und Formate.<\/p>\n\n\n\n<div class=\"wp-block-buttons is-content-justification-left is-layout-flex wp-container-core-buttons-is-layout-fdcfc74e wp-block-buttons-is-layout-flex\">\n<div class=\"wp-block-button has-custom-width wp-block-button__width-75 has-custom-font-size has-medium-font-size\"><a class=\"wp-block-button__link has-black-color has-text-color has-background has-text-align-center wp-element-button\" href=\"https:\/\/sessionize.com\/uff-2024-arts-interaction\/\" style=\"background-color:#ff87fc\">Hier geht es zum Formular des Call for Arts &amp; Interaction<\/a><\/div>\n<\/div>\n\n\n\n<h2 class=\"wp-block-heading\"><strong>Ablauf des Calls&nbsp;<\/strong><\/h2>\n\n\n\n<p>Der Call for Arts &amp; Interaction des University:Future Festivals 2024 l\u00e4uft bis zum 12. Februar 2024. Nach Ende der Einreichungsfrist wird Ihr Vorschlag durch Mitglieder des Organisationsteams begutachtet und auf Umsetzbarkeit gepr\u00fcft.&nbsp;<\/p>\n\n\n\n<p>Sie haben Fragen zum Call for Arts &amp; Interaction? <a href=\"https:\/\/festival.hfd.digital\/de\/faqs-2024\/\">Dann geht es hier zu unserem FAQ.<\/a><\/p>\n\n\n\n<p><strong>Bei weiteren R\u00fcckfragen wenden Sie sich bitte an:<\/strong><\/p>\n\n\n\n<p>Johanna Leifeld<br><a href=\"mailto:Johanna.Leifeld@CHE.de\">Johanna.Leifeld@CHE.de<\/a><br>+ 49 5241 9761-44<\/p>\n","protected":false},"excerpt":{"rendered":"Der Call for Arts &amp; Interaction wurde am 12. Februar geschlossen! Aktuell werden die Einreichungen ausgewertet. Der Call f\u00fcr Kunst und Dinge zum Ausprobieren Auf dem University:Future Festival 2024 soll die Zukunft akademischer Bildung auch au\u00dferhalb des klassischen Programms adressiert werden: Mit Kunstprojekten und anderen spannenden Dingen zum Anfassen und Ausprobieren.\u00a0Wir suchten Ideen, um auf&#8230; <a class=\"view-article\" href=\"https:\/\/festival.hfd.digital\/de\/arts-interaction\/\">View Article<\/a>","protected":false},"author":24,"featured_media":6783,"parent":0,"menu_order":0,"comment_status":"closed","ping_status":"closed","template":"","meta":{"_acf_changed":false,"inline_featured_image":false,"footnotes":""},"class_list":["post-6376","page","type-page","status-publish","has-post-thumbnail","hentry"],"acf":[],"yoast_head":"<!-- This site is optimized with the Yoast SEO plugin v27.3 - https:\/\/yoast.com\/product\/yoast-seo-wordpress\/ -->\n<title>Call for Arts &amp; Interaction (geschlossen) | University:Future Festival 2024<\/title>\n<meta name=\"description\" content=\"Kunstprojekte und Dinge zum Ausprobieren - die Zukunft akademischer Bildung au\u00dferhalb des klassischen Programms.\" \/>\n<meta name=\"robots\" content=\"index, follow, max-snippet:-1, max-image-preview:large, max-video-preview:-1\" \/>\n<link rel=\"canonical\" href=\"https:\/\/festival.hfd.digital\/de\/arts-interaction\/\" \/>\n<meta property=\"og:locale\" content=\"de_DE\" \/>\n<meta property=\"og:type\" content=\"article\" \/>\n<meta property=\"og:title\" content=\"Call for Arts &amp; Interaction\" \/>\n<meta property=\"og:description\" content=\"Kunstprojekte und Dinge zum Ausprobieren - die Zukunft akademischer Bildung au\u00dferhalb des klassischen Programms.\" \/>\n<meta property=\"og:url\" content=\"https:\/\/festival.hfd.digital\/de\/arts-interaction\/\" \/>\n<meta property=\"og:site_name\" content=\"University:Future Festival 2026\" \/>\n<meta property=\"article:modified_time\" content=\"2024-07-01T11:02:17+00:00\" \/>\n<meta property=\"og:image\" content=\"https:\/\/festival.hfd.digital\/de\/wp-content\/uploads\/sites\/3\/2023\/11\/Standard-2.png\" \/>\n\t<meta property=\"og:image:width\" content=\"720\" \/>\n\t<meta property=\"og:image:height\" content=\"720\" \/>\n\t<meta property=\"og:image:type\" content=\"image\/png\" \/>\n<meta name=\"twitter:card\" content=\"summary_large_image\" \/>\n<meta name=\"twitter:title\" content=\"Call for Arts &amp; Interaction\" \/>\n<meta name=\"twitter:description\" content=\"Kunstprojekte und Dinge zum Ausprobieren - die Zukunft akademischer Bildung au\u00dferhalb des klassischen Programms.\" \/>\n<meta name=\"twitter:image\" content=\"https:\/\/festival.hfd.digital\/de\/wp-content\/uploads\/sites\/3\/2023\/11\/4.png\" \/>\n<meta name=\"twitter:label1\" content=\"Gesch\u00e4tzte Lesezeit\" \/>\n\t<meta name=\"twitter:data1\" content=\"4\u00a0Minuten\" \/>\n<script type=\"application\/ld+json\" class=\"yoast-schema-graph\">{\"@context\":\"https:\\\/\\\/schema.org\",\"@graph\":[{\"@type\":\"WebPage\",\"@id\":\"https:\\\/\\\/festival.hfd.digital\\\/de\\\/arts-interaction\\\/\",\"url\":\"https:\\\/\\\/festival.hfd.digital\\\/de\\\/arts-interaction\\\/\",\"name\":\"Call for Arts &amp; Interaction (geschlossen) | University:Future Festival 2024\",\"isPartOf\":{\"@id\":\"https:\\\/\\\/festival.hfd.digital\\\/de\\\/#website\"},\"primaryImageOfPage\":{\"@id\":\"https:\\\/\\\/festival.hfd.digital\\\/de\\\/arts-interaction\\\/#primaryimage\"},\"image\":{\"@id\":\"https:\\\/\\\/festival.hfd.digital\\\/de\\\/arts-interaction\\\/#primaryimage\"},\"thumbnailUrl\":\"https:\\\/\\\/festival.hfd.digital\\\/de\\\/wp-content\\\/uploads\\\/sites\\\/3\\\/2023\\\/11\\\/4.png\",\"datePublished\":\"2023-11-29T15:27:22+00:00\",\"dateModified\":\"2024-07-01T11:02:17+00:00\",\"description\":\"Kunstprojekte und Dinge zum Ausprobieren - die Zukunft akademischer Bildung au\u00dferhalb des klassischen Programms.\",\"inLanguage\":\"de\",\"potentialAction\":[{\"@type\":\"ReadAction\",\"target\":[\"https:\\\/\\\/festival.hfd.digital\\\/de\\\/arts-interaction\\\/\"]}]},{\"@type\":\"ImageObject\",\"inLanguage\":\"de\",\"@id\":\"https:\\\/\\\/festival.hfd.digital\\\/de\\\/arts-interaction\\\/#primaryimage\",\"url\":\"https:\\\/\\\/festival.hfd.digital\\\/de\\\/wp-content\\\/uploads\\\/sites\\\/3\\\/2023\\\/11\\\/4.png\",\"contentUrl\":\"https:\\\/\\\/festival.hfd.digital\\\/de\\\/wp-content\\\/uploads\\\/sites\\\/3\\\/2023\\\/11\\\/4.png\",\"width\":1920,\"height\":1080,\"caption\":\"Grafik Call for arts & interaction\"},{\"@type\":\"WebSite\",\"@id\":\"https:\\\/\\\/festival.hfd.digital\\\/de\\\/#website\",\"url\":\"https:\\\/\\\/festival.hfd.digital\\\/de\\\/\",\"name\":\"University:Future Festival 2026\",\"description\":\"Das j\u00e4hrliche Festival zur Zukunft der Hochschulbildung.\",\"potentialAction\":[{\"@type\":\"SearchAction\",\"target\":{\"@type\":\"EntryPoint\",\"urlTemplate\":\"https:\\\/\\\/festival.hfd.digital\\\/de\\\/?s={search_term_string}\"},\"query-input\":{\"@type\":\"PropertyValueSpecification\",\"valueRequired\":true,\"valueName\":\"search_term_string\"}}],\"inLanguage\":\"de\"}]}<\/script>\n<!-- \/ Yoast SEO plugin. -->","yoast_head_json":{"title":"Call for Arts &amp; Interaction (geschlossen) | University:Future Festival 2024","description":"Kunstprojekte und Dinge zum Ausprobieren - die Zukunft akademischer Bildung au\u00dferhalb des klassischen Programms.","robots":{"index":"index","follow":"follow","max-snippet":"max-snippet:-1","max-image-preview":"max-image-preview:large","max-video-preview":"max-video-preview:-1"},"canonical":"https:\/\/festival.hfd.digital\/de\/arts-interaction\/","og_locale":"de_DE","og_type":"article","og_title":"Call for Arts & Interaction","og_description":"Kunstprojekte und Dinge zum Ausprobieren - die Zukunft akademischer Bildung au\u00dferhalb des klassischen Programms.","og_url":"https:\/\/festival.hfd.digital\/de\/arts-interaction\/","og_site_name":"University:Future Festival 2026","article_modified_time":"2024-07-01T11:02:17+00:00","og_image":[{"width":720,"height":720,"url":"https:\/\/festival.hfd.digital\/de\/wp-content\/uploads\/sites\/3\/2023\/11\/Standard-2.png","type":"image\/png"}],"twitter_card":"summary_large_image","twitter_title":"Call for Arts & Interaction","twitter_description":"Kunstprojekte und Dinge zum Ausprobieren - die Zukunft akademischer Bildung au\u00dferhalb des klassischen Programms.","twitter_image":"https:\/\/festival.hfd.digital\/de\/wp-content\/uploads\/sites\/3\/2023\/11\/4.png","twitter_misc":{"Gesch\u00e4tzte Lesezeit":"4\u00a0Minuten"},"schema":{"@context":"https:\/\/schema.org","@graph":[{"@type":"WebPage","@id":"https:\/\/festival.hfd.digital\/de\/arts-interaction\/","url":"https:\/\/festival.hfd.digital\/de\/arts-interaction\/","name":"Call for Arts &amp; Interaction (geschlossen) | University:Future Festival 2024","isPartOf":{"@id":"https:\/\/festival.hfd.digital\/de\/#website"},"primaryImageOfPage":{"@id":"https:\/\/festival.hfd.digital\/de\/arts-interaction\/#primaryimage"},"image":{"@id":"https:\/\/festival.hfd.digital\/de\/arts-interaction\/#primaryimage"},"thumbnailUrl":"https:\/\/festival.hfd.digital\/de\/wp-content\/uploads\/sites\/3\/2023\/11\/4.png","datePublished":"2023-11-29T15:27:22+00:00","dateModified":"2024-07-01T11:02:17+00:00","description":"Kunstprojekte und Dinge zum Ausprobieren - die Zukunft akademischer Bildung au\u00dferhalb des klassischen Programms.","inLanguage":"de","potentialAction":[{"@type":"ReadAction","target":["https:\/\/festival.hfd.digital\/de\/arts-interaction\/"]}]},{"@type":"ImageObject","inLanguage":"de","@id":"https:\/\/festival.hfd.digital\/de\/arts-interaction\/#primaryimage","url":"https:\/\/festival.hfd.digital\/de\/wp-content\/uploads\/sites\/3\/2023\/11\/4.png","contentUrl":"https:\/\/festival.hfd.digital\/de\/wp-content\/uploads\/sites\/3\/2023\/11\/4.png","width":1920,"height":1080,"caption":"Grafik Call for arts & interaction"},{"@type":"WebSite","@id":"https:\/\/festival.hfd.digital\/de\/#website","url":"https:\/\/festival.hfd.digital\/de\/","name":"University:Future Festival 2026","description":"Das j\u00e4hrliche Festival zur Zukunft der Hochschulbildung.","potentialAction":[{"@type":"SearchAction","target":{"@type":"EntryPoint","urlTemplate":"https:\/\/festival.hfd.digital\/de\/?s={search_term_string}"},"query-input":{"@type":"PropertyValueSpecification","valueRequired":true,"valueName":"search_term_string"}}],"inLanguage":"de"}]}},"_links":{"self":[{"href":"https:\/\/festival.hfd.digital\/de\/wp-json\/wp\/v2\/pages\/6376","targetHints":{"allow":["GET"]}}],"collection":[{"href":"https:\/\/festival.hfd.digital\/de\/wp-json\/wp\/v2\/pages"}],"about":[{"href":"https:\/\/festival.hfd.digital\/de\/wp-json\/wp\/v2\/types\/page"}],"author":[{"embeddable":true,"href":"https:\/\/festival.hfd.digital\/de\/wp-json\/wp\/v2\/users\/24"}],"replies":[{"embeddable":true,"href":"https:\/\/festival.hfd.digital\/de\/wp-json\/wp\/v2\/comments?post=6376"}],"version-history":[{"count":76,"href":"https:\/\/festival.hfd.digital\/de\/wp-json\/wp\/v2\/pages\/6376\/revisions"}],"predecessor-version":[{"id":7378,"href":"https:\/\/festival.hfd.digital\/de\/wp-json\/wp\/v2\/pages\/6376\/revisions\/7378"}],"wp:featuredmedia":[{"embeddable":true,"href":"https:\/\/festival.hfd.digital\/de\/wp-json\/wp\/v2\/media\/6783"}],"wp:attachment":[{"href":"https:\/\/festival.hfd.digital\/de\/wp-json\/wp\/v2\/media?parent=6376"}],"curies":[{"name":"wp","href":"https:\/\/api.w.org\/{rel}","templated":true}]}}