{"id":6165,"date":"2023-11-29T16:55:32","date_gmt":"2023-11-29T16:55:32","guid":{"rendered":"https:\/\/festival.hfd.digital\/de\/?page_id=6165"},"modified":"2024-07-01T10:45:30","modified_gmt":"2024-07-01T10:45:30","slug":"die-tracks-2024","status":"publish","type":"page","link":"https:\/\/festival.hfd.digital\/de\/die-tracks-2024\/","title":{"rendered":"Die Tracks 2024"},"content":{"rendered":"\n<p class=\"has-black-color has-text-color\">Das Programm des University:Future Festivals 2024 besteht aus neun thematischen Tracks:<\/p>\n\n\n\n<ol class=\"wp-block-list\">\n<li><strong><a href=\"#Shapes-of-Tomorrow\">Shapes of Tomorrow<\/a><\/strong><\/li>\n\n\n\n<li><strong><a href=\"#AI-&amp;-Technology\">AI &amp; Technology<\/a><\/strong><\/li>\n\n\n\n<li><strong><a href=\"#Teaching-&amp;-Learning\">Teaching &amp; Learning<\/a><\/strong><\/li>\n\n\n\n<li><strong><a href=\"#Spaces-&amp;-Hybrid-Concepts\">Spaces &amp; Hybrid Concepts<\/a><\/strong><\/li>\n\n\n\n<li><strong><a href=\"#Future-Skills\">Future Skills<\/a><\/strong><\/li>\n\n\n\n<li><strong><a href=\"#Structures-&amp;-Strategies\">Structures &amp; Strategies<\/a><\/strong><\/li>\n\n\n\n<li><strong><a href=\"#Exams,-Legal-&amp;-Data-Protection\">Exams, Legal &amp; Data Protection<\/a><\/strong><\/li>\n\n\n\n<li><strong><a href=\"#Networks-&amp;-Participation\">Networks &amp; Participation<\/a><\/strong><\/li>\n\n\n\n<li><strong><a href=\"#Let\u2019s-Play\">Let\u2019s Play<\/a><\/strong><\/li>\n<\/ol>\n\n\n\n<h2 class=\"wp-block-heading\" id=\"Shapes-of-Tomorrow\">Track: Shapes of Tomorrow<\/h2>\n\n\n\n<p><strong>What threads weave tomorrow\u2019s story?<\/strong><\/p>\n\n\n\n<p>Im Track <em>Shapes of Tomorrow<\/em> geht es um die Narrative sowie die \u00fcbergreifenden Themen und Debatten, aus denen Zukunft entsteht: Welche Themen werden behandelt und wer redet mit? Welche Werte und Denkmodelle stehen hinter technischen Entwicklungen? Wie sieht die Zukunft der Hochschule aus und wie die Hochschule der Zukunft?&nbsp;&nbsp;<\/p>\n\n\n\n<p>Der Track <em>Shapes of Tomorrow<\/em> adressiert auch medial weniger beachtete Themen, die die Entwicklung von Hochschulen pr\u00e4gen. Dazu z\u00e4hlen der demographische Wandel und die damit einhergehenden sinkenden Studienanf\u00e4ngerzahlen sowie Diversit\u00e4t, Nachhaltigkeit und Klimaschutz an Hochschulen.<\/p>\n\n\n\n<p>Wir erhoffen uns Beitr\u00e4ge mit einer gro\u00dfen Bandbreite an gedanklichen Ans\u00e4tzen; kritische Perspektiven sind sehr erw\u00fcnscht. Denn technologische, gesellschaftliche und damit bildungspolitische Entwicklungen werden gepr\u00e4gt durch die Entscheidungen, die wir heute treffen.&nbsp;<\/p>\n\n\n\n<p><em>Zu den Themen des Tracks z\u00e4hlen unter anderem: Zukunftsnarrative, Zukunftsforschung, Megatrends, demografischer Wandel, Nachhaltigkeit, grundlegende Werte von Hochschulen, Diversit\u00e4t von Studierenden sowie heterogene Bildungsbiografien.<\/em><\/p>\n\n\n\n<h2 class=\"wp-block-heading\" id=\"AI-&amp;-Technology\">Track: AI &amp; Technology<\/h2>\n\n\n\n<p><strong>Will tech save us?<\/strong><\/p>\n\n\n\n<p>Die Einf\u00fchrung von ChatGPT l\u00f6ste ein Beben aus. K\u00fcnstliche Intelligenz ver\u00e4ndert Hochschullehre, unseren Alltag sowie die Arbeitswelt. Umstritten ist, welche Auswirkungen wir tats\u00e4chlich sehen werden und wie sich die Technik weiterentwickelt. Klar ist: Wir m\u00fcssen \u00fcber diese Fragen reden und das sowohl praxisorientiert als auch auf der Metaebene. Wir laden dazu ein, Fortschrittsvisionen aufzuzeigen, aber auch Fortschrittsnarrative auf dem Festival kritisch zu hinterfragen.<\/p>\n\n\n\n<p>Im Track <em>AI &amp; Technology<\/em> sprechen wir auch dar\u00fcber, wie Technologie unseren M\u00f6glichkeitsraum in der Bildung ver\u00e4ndert. Einen besonderen Blick werfen wir auf die Themen Virtual Reality und Extended Reality sowie um die Rolle, die Hochschulen im technologischen Ver\u00e4nderungsprozess einnehmen.<\/p>\n\n\n\n<p><em>Zu den Themen des Tracks z\u00e4hlen unter anderem: Lehre mit KI, Prompting, EdTechs, Tools, KI-Kompetenzen, Einfluss auf F\u00e4cher, Ver\u00e4nderungsbereitschaft und -resistenz, Virtual Reality, Extended Reality sowie technische Ver\u00e4nderungen.<\/em><\/p>\n\n\n\n<h2 class=\"wp-block-heading\" id=\"Teaching-&amp;-Learning\">Track: Teaching &amp; Learning<\/h2>\n\n\n\n<p><strong>How do we tell the stories of tomorrow?<\/strong><\/p>\n\n\n\n<p>Im Track <em>Teaching &amp; Learning<\/em> sprechen wir \u00fcber didaktische Designs und die dahinter liegenden Lernziele. Wir sprechen dar\u00fcber, wie in einer digitalen Welt gute Lehre f\u00fcr alle gelingen kann. Und wir diskutieren das wichtige Thema der Lehrkr\u00e4ftebildung. Ein besonderer Schwerpunkt liegt in diesem Track auf der Breitenwirkung: Wie k\u00f6nnen die vielen hervorragenden Beispiele guter Lehre in die Breite getragen und verankert werden? Wir laden daher besonders Projekte zur Einreichung von Sessions ein, die an einer Skalierung guter Lehre arbeiten.&nbsp;<\/p>\n\n\n\n<p><em>Zu den Themen des Tracks z\u00e4hlen unter anderem:<\/em> <em>Innovative Lehrkonzepte, Studierendenzentrierung, Lernerfolgs-Empirie, Lehrkr\u00e4ftebildung, Curriculumentwicklung, partizipative Veranstaltungsformate, Gamification in der Lehre, Slow Learning sowie Inklusion.<\/em><\/p>\n\n\n\n<h2 class=\"wp-block-heading\" id=\"Spaces-&amp;-Hybrid-Concepts\">Track: Spaces &amp; Hybrid Concepts<\/h2>\n\n\n\n<p><strong>Where do we tell our tales?<\/strong><\/p>\n\n\n\n<p>Im Track <em>Spaces &amp; Hybrid Concepts<\/em> geht es um Bildungsr\u00e4ume und hybride Konzepte. Angesichts der Verschmelzung von physischer und digitaler Pr\u00e4senz sowie ver\u00e4nderter Anspr\u00fcche an Lehre m\u00fcssen sowohl physische als auch digitale Bildungsr\u00e4ume neu gedacht werden. Third Spaces gewinnen an Bedeutung, also R\u00e4ume f\u00fcr neue Aufgaben, wie Coworking-Spaces und FabLabs. Hybride Lehrkonzepte sind in der Praxis immer h\u00e4ufiger zu finden, funktionieren aber nicht immer zur Zufriedenheit aller Beteiligten.&nbsp;<\/p>\n\n\n\n<p><em>Zu den Themen des Tracks z\u00e4hlen unter anderem: Voraussetzungen erfolgreicher hybrider Lehrkonzepte, Raumstrukturen und -entwicklung, Third Spaces sowie soziales Lernen in der Distanz.<\/em><\/p>\n\n\n\n<h2 class=\"wp-block-heading\" id=\"Future-Skills\">Track: Future Skills<\/h2>\n\n\n\n<p><strong>How can we practice to tell future stories?<\/strong><\/p>\n\n\n\n<p>Future Skills sind F\u00e4higkeiten, die in naher Zukunft auf dem Arbeitsmarkt und in der Gesellschaft an Wichtigkeit gewinnen. Welche Kompetenzen sind dies, und wie k\u00f6nnen sie identifiziert und erworben werden? Auch die pers\u00f6nliche Entwicklung ist in diesem Zusammenhang wichtig. Deswegen werden auch Strategien und Strukturen zur Bew\u00e4ltigung emotionaler Problemlagen in diesem Track beleuchtet. In Zeiten des Fachkr\u00e4ftemangels ist das Thema Upskilling (H\u00f6herqualifizierung) daneben besonders relevant. Wie sehen Beispiele erfolgreicher Kooperationen zwischen Hochschulen und Unternehmen aus? Nat\u00fcrlich soll auf dem University:Future Festival auch konzeptionell gedacht werden: Kritische Beitr\u00e4ge, die das Konzept der Future Skills hinterfragen, sind ebenfalls willkommen.<\/p>\n\n\n\n<p><em>Zu den Themen des Tracks z\u00e4hlen unter anderem: Future Skills, Data Literacy, Digital Literacy, Soft Skills, Medienkompetenz, Upskilling, Weiterbildung sowie Mental Health und Wellbeing<\/em>.<\/p>\n\n\n\n<h2 class=\"wp-block-heading\" id=\"Structures-&amp;-Strategies\">Track: Structures &amp; Strategies<\/h2>\n\n\n\n<p><strong>How can tomorrow&#8217;s stories unfold?<\/strong><\/p>\n\n\n\n<p>Im Track <em>Structures &amp; Strategies<\/em> geht es um die Hochschule als Organisation. Um Verwaltung, Strategie und Leadership. Im digitalen Wandel m\u00fcssen Hochschulen ihre Prozesse und Strukturen anpassen. In diesem Track sprechen wir \u00fcber Change Management, \u00fcber Prozesse und \u00fcber Rahmenbedingungen, \u00fcber Entscheidungsstrukturen und Finanzierungsfragen. Ein wichtiger Punkt ist dabei auch das Qualit\u00e4tsmanagement bei dynamischen Ver\u00e4nderungsprozessen.<\/p>\n\n\n\n<p>Auch die Hochschule als Arbeitsplatz ist ein Thema: Wie k\u00f6nnen gute Mitarbeitende gewonnen und gehalten werden \u2013 Stichworte hier sind New Work und gute Arbeitsbedingungen. Zudem adressiert der Track die Internationalisierung der Hochschule.<\/p>\n\n\n\n<p><em>Zu den Themen des Tracks z\u00e4hlen unter anderem: Verwaltung, Change Management, Organisationsentwicklung, Prozessmanagement, demokratische Hochschulstrukturen, Hochschulstrategie, New Work, die Hochschule als Arbeitgeber, Internationalisierung sowie Qualit\u00e4tsmanagement<\/em>.<\/p>\n\n\n\n<h2 class=\"wp-block-heading\" id=\"Exams,-Legal-&amp;-Data-Protection\">Track: Exams, Legal &amp; Data Protection&nbsp;<\/h2>\n\n\n\n<p><strong>What are the frameworks we need for tomorrow?<\/strong><\/p>\n\n\n\n<p>Die Frage nach ad\u00e4quaten Pr\u00fcfungsformen in einer digitalen Welt stellt sich schon lange, durch die Entwicklungen im Bereich der K\u00fcnstlichen Intelligenz aber mit besonderem Nachdruck. Daher soll es in diesem Track um alle Aspekte des Pr\u00fcfens gehen, didaktisch, technisch, rechtlich. Doch der Track nimmt nicht nur das Thema Pr\u00fcfen in den Blick: Auch Datenschutz und -souver\u00e4nit\u00e4t sowie alle relevanten rechtlichen Fragestellungen sollen diskutiert werden.<\/p>\n\n\n\n<p><em>Zu den Themen des Tracks z\u00e4hlen unter anderem: Pr\u00fcfungskulturen, alternative Formen von Leistungsnachweisen, Pr\u00fcfen in Zeiten von ChatGPT, Datensouver\u00e4nit\u00e4t, Datenschutz, Hochschulgesetze, generelle Rechtsfragen<\/em>.<\/p>\n\n\n\n<h2 class=\"wp-block-heading\" id=\"Networks-&amp;-Participation\">Track: Networks &amp; Participation<\/h2>\n\n\n\n<p><strong>Who tells the story (of tomorrow)?<\/strong><\/p>\n\n\n\n<p>Zu jeder guten Erz\u00e4hlung geh\u00f6rt das Gemeinsame. Im Track <em>Networks &amp; Participation<\/em> geht es um Kollaboration und Wissenstransfer \u2013 und zwar sowohl in die Gesellschaft hinein als auch in andere Hochschulen. Verb\u00fcnde und andere Formen der hochschul\u00fcbergreifenden Zusammenarbeit bieten gro\u00dfe Potenziale, Antworten auf gemeinsame Fragestellungen zu finden und diese beispielsweise durch Beteiligungsstrukturen und gute Kommunikation in die Breite zu tragen.<\/p>\n\n\n\n<p>Im Track geht es auch ums Mitmachen: Wie k\u00f6nnen alle Stakeholder eingebunden werden \u2013 insbesondere Studierende? Welche Formate braucht es, um die Bed\u00fcrfnisse von Studierenden sichtbar zu machen?<\/p>\n\n\n\n<p><em>Zu den Themen des Tracks z\u00e4hlen unter anderem: Hochschulnetzwerke, Wissenstransfer, gesellschaftliche Wirkung von akademischer Arbeit, \u00d6ffnung der Hochschule, Studierendenzentrierung, Partizipation sowie Alumnibeziehungen.<\/em><\/p>\n\n\n\n<h2 class=\"wp-block-heading\" id=\"Let\u2019s-Play\">Track: Let\u2019s Play<\/h2>\n\n\n\n<p><strong>Which plot twists and punchlines does future entail?<\/strong><\/p>\n\n\n\n<p>Was w\u00e4re ein Festival ohne Spa\u00df und spielerische Elemente? Bei <em>Let\u2019s Play<\/em> wollen wir ein breites Angebot schaffen, das kreativ ist und Spa\u00df macht, zum Denken anregt, die angestrengten K\u00f6pfe wieder locker werden l\u00e4sst, und das in ganz unterschiedlichen Formaten daherkommt\u00a0 \u2013 von der Quizshow bis zum Livepodcast, von der Theaterperformance bis zum Power-Point-Karaoke, vom Poetry Slam bis zum Kurzfilmprogramm.\u00a0Wir suchen Ideen, um auf unterschiedliche Weise die Themen des Festivals zu diskutieren und Formate, die unsere Besucher:innen zum Nachdenken anregen, zum Mitmachen animieren, zum Lachen und Staunen bringen. Alles ist erlaubt, was kreativ und sch\u00f6n ist, \u00fcberrascht und Witz hat.<\/p>\n\n\n\n<p><em>Der Track Press Play ist themenoffen: Alles ist erlaubt, was kreativ und sch\u00f6n ist, \u00fcberrascht und Witz hat.\u00a0<\/em><\/p>\n","protected":false},"excerpt":{"rendered":"Das Programm des University:Future Festivals 2024 besteht aus neun thematischen Tracks: Track: Shapes of Tomorrow What threads weave tomorrow\u2019s story? Im Track Shapes of Tomorrow geht es um die Narrative sowie die \u00fcbergreifenden Themen und Debatten, aus denen Zukunft entsteht: Welche Themen werden behandelt und wer redet mit? Welche Werte und Denkmodelle stehen hinter technischen&#8230; <a class=\"view-article\" href=\"https:\/\/festival.hfd.digital\/de\/die-tracks-2024\/\">View Article<\/a>","protected":false},"author":27,"featured_media":0,"parent":0,"menu_order":0,"comment_status":"closed","ping_status":"closed","template":"","meta":{"_acf_changed":false,"inline_featured_image":false,"footnotes":""},"class_list":["post-6165","page","type-page","status-publish","hentry"],"acf":[],"yoast_head":"<!-- This site is optimized with the Yoast SEO plugin v27.2 - https:\/\/yoast.com\/product\/yoast-seo-wordpress\/ -->\n<title>Die Tracks 2024 | University:Future Festival 2024<\/title>\n<meta name=\"description\" content=\"Hier finden Sie die neun thematischen Tracks, aus denen das Programm des University:Future Festivals 2024 besteht.\" \/>\n<meta name=\"robots\" content=\"index, follow, max-snippet:-1, max-image-preview:large, max-video-preview:-1\" \/>\n<link rel=\"canonical\" href=\"https:\/\/festival.hfd.digital\/de\/die-tracks-2024\/\" \/>\n<meta property=\"og:locale\" content=\"de_DE\" \/>\n<meta property=\"og:type\" content=\"article\" \/>\n<meta property=\"og:title\" content=\"Tracks 2024\" \/>\n<meta property=\"og:description\" content=\"Hier finden Sie die neun thematischen Tracks, aus denen das Programm des University:Future Festivals 2024 besteht.\" \/>\n<meta property=\"og:url\" content=\"https:\/\/festival.hfd.digital\/de\/die-tracks-2024\/\" \/>\n<meta property=\"og:site_name\" content=\"University:Future Festival 2026\" \/>\n<meta property=\"article:modified_time\" content=\"2024-07-01T10:45:30+00:00\" \/>\n<meta property=\"og:image\" content=\"https:\/\/festival.hfd.digital\/de\/wp-content\/uploads\/sites\/3\/2023\/11\/Standard.png\" \/>\n\t<meta property=\"og:image:width\" content=\"720\" \/>\n\t<meta property=\"og:image:height\" content=\"720\" \/>\n\t<meta property=\"og:image:type\" content=\"image\/png\" \/>\n<meta name=\"twitter:card\" content=\"summary_large_image\" \/>\n<meta name=\"twitter:title\" content=\"Tracks 2024\" \/>\n<meta name=\"twitter:description\" content=\"Hier finden Sie die neun thematischen Tracks, aus denen das Programm des University:Future Festivals 2024 besteht.\" \/>\n<meta name=\"twitter:image\" content=\"https:\/\/festival.hfd.digital\/de\/wp-content\/uploads\/sites\/3\/2023\/11\/Standard-1.png\" \/>\n<meta name=\"twitter:label1\" content=\"Gesch\u00e4tzte Lesezeit\" \/>\n\t<meta name=\"twitter:data1\" content=\"7\u00a0Minuten\" \/>\n<script type=\"application\/ld+json\" class=\"yoast-schema-graph\">{\"@context\":\"https:\/\/schema.org\",\"@graph\":[{\"@type\":\"WebPage\",\"@id\":\"https:\/\/festival.hfd.digital\/de\/die-tracks-2024\/\",\"url\":\"https:\/\/festival.hfd.digital\/de\/die-tracks-2024\/\",\"name\":\"Die Tracks 2024 | University:Future Festival 2024\",\"isPartOf\":{\"@id\":\"https:\/\/festival.hfd.digital\/de\/#website\"},\"datePublished\":\"2023-11-29T16:55:32+00:00\",\"dateModified\":\"2024-07-01T10:45:30+00:00\",\"description\":\"Hier finden Sie die neun thematischen Tracks, aus denen das Programm des University:Future Festivals 2024 besteht.\",\"inLanguage\":\"de\",\"potentialAction\":[{\"@type\":\"ReadAction\",\"target\":[\"https:\/\/festival.hfd.digital\/de\/die-tracks-2024\/\"]}]},{\"@type\":\"WebSite\",\"@id\":\"https:\/\/festival.hfd.digital\/de\/#website\",\"url\":\"https:\/\/festival.hfd.digital\/de\/\",\"name\":\"University:Future Festival 2026\",\"description\":\"Das j\u00e4hrliche Festival zur Zukunft der Hochschulbildung.\",\"potentialAction\":[{\"@type\":\"SearchAction\",\"target\":{\"@type\":\"EntryPoint\",\"urlTemplate\":\"https:\/\/festival.hfd.digital\/de\/?s={search_term_string}\"},\"query-input\":{\"@type\":\"PropertyValueSpecification\",\"valueRequired\":true,\"valueName\":\"search_term_string\"}}],\"inLanguage\":\"de\"}]}<\/script>\n<!-- \/ Yoast SEO plugin. -->","yoast_head_json":{"title":"Die Tracks 2024 | University:Future Festival 2024","description":"Hier finden Sie die neun thematischen Tracks, aus denen das Programm des University:Future Festivals 2024 besteht.","robots":{"index":"index","follow":"follow","max-snippet":"max-snippet:-1","max-image-preview":"max-image-preview:large","max-video-preview":"max-video-preview:-1"},"canonical":"https:\/\/festival.hfd.digital\/de\/die-tracks-2024\/","og_locale":"de_DE","og_type":"article","og_title":"Tracks 2024","og_description":"Hier finden Sie die neun thematischen Tracks, aus denen das Programm des University:Future Festivals 2024 besteht.","og_url":"https:\/\/festival.hfd.digital\/de\/die-tracks-2024\/","og_site_name":"University:Future Festival 2026","article_modified_time":"2024-07-01T10:45:30+00:00","og_image":[{"width":720,"height":720,"url":"https:\/\/festival.hfd.digital\/de\/wp-content\/uploads\/sites\/3\/2023\/11\/Standard.png","type":"image\/png"}],"twitter_card":"summary_large_image","twitter_title":"Tracks 2024","twitter_description":"Hier finden Sie die neun thematischen Tracks, aus denen das Programm des University:Future Festivals 2024 besteht.","twitter_image":"https:\/\/festival.hfd.digital\/de\/wp-content\/uploads\/sites\/3\/2023\/11\/Standard-1.png","twitter_misc":{"Gesch\u00e4tzte Lesezeit":"7\u00a0Minuten"},"schema":{"@context":"https:\/\/schema.org","@graph":[{"@type":"WebPage","@id":"https:\/\/festival.hfd.digital\/de\/die-tracks-2024\/","url":"https:\/\/festival.hfd.digital\/de\/die-tracks-2024\/","name":"Die Tracks 2024 | University:Future Festival 2024","isPartOf":{"@id":"https:\/\/festival.hfd.digital\/de\/#website"},"datePublished":"2023-11-29T16:55:32+00:00","dateModified":"2024-07-01T10:45:30+00:00","description":"Hier finden Sie die neun thematischen Tracks, aus denen das Programm des University:Future Festivals 2024 besteht.","inLanguage":"de","potentialAction":[{"@type":"ReadAction","target":["https:\/\/festival.hfd.digital\/de\/die-tracks-2024\/"]}]},{"@type":"WebSite","@id":"https:\/\/festival.hfd.digital\/de\/#website","url":"https:\/\/festival.hfd.digital\/de\/","name":"University:Future Festival 2026","description":"Das j\u00e4hrliche Festival zur Zukunft der Hochschulbildung.","potentialAction":[{"@type":"SearchAction","target":{"@type":"EntryPoint","urlTemplate":"https:\/\/festival.hfd.digital\/de\/?s={search_term_string}"},"query-input":{"@type":"PropertyValueSpecification","valueRequired":true,"valueName":"search_term_string"}}],"inLanguage":"de"}]}},"_links":{"self":[{"href":"https:\/\/festival.hfd.digital\/de\/wp-json\/wp\/v2\/pages\/6165","targetHints":{"allow":["GET"]}}],"collection":[{"href":"https:\/\/festival.hfd.digital\/de\/wp-json\/wp\/v2\/pages"}],"about":[{"href":"https:\/\/festival.hfd.digital\/de\/wp-json\/wp\/v2\/types\/page"}],"author":[{"embeddable":true,"href":"https:\/\/festival.hfd.digital\/de\/wp-json\/wp\/v2\/users\/27"}],"replies":[{"embeddable":true,"href":"https:\/\/festival.hfd.digital\/de\/wp-json\/wp\/v2\/comments?post=6165"}],"version-history":[{"count":16,"href":"https:\/\/festival.hfd.digital\/de\/wp-json\/wp\/v2\/pages\/6165\/revisions"}],"predecessor-version":[{"id":9523,"href":"https:\/\/festival.hfd.digital\/de\/wp-json\/wp\/v2\/pages\/6165\/revisions\/9523"}],"wp:attachment":[{"href":"https:\/\/festival.hfd.digital\/de\/wp-json\/wp\/v2\/media?parent=6165"}],"curies":[{"name":"wp","href":"https:\/\/api.w.org\/{rel}","templated":true}]}}