{"id":6139,"date":"2023-08-28T18:07:21","date_gmt":"2023-08-28T18:07:21","guid":{"rendered":"https:\/\/festival.hfd.digital\/de\/?page_id=6139"},"modified":"2024-11-26T15:49:56","modified_gmt":"2024-11-26T15:49:56","slug":"veranstalter","status":"publish","type":"page","link":"https:\/\/festival.hfd.digital\/de\/veranstalter\/","title":{"rendered":"Kooperationspartner"},"content":{"rendered":"\n<p>Das University:Future Festival ist eine Kooperation von <a href=\"https:\/\/eur04.safelinks.protection.outlook.com\/?url=https%3A%2F%2Fhochschulforumdigitalisierung.de%2F&amp;data=05%7C01%7CSebastian.Horndasch%40stifterverband.de%7C41d2cf1a01d7405f964508db3f3e8c25%7Cc6ff58bc993e4bdb8d106013e2cd361f%7C0%7C0%7C638173310096782011%7CUnknown%7CTWFpbGZsb3d8eyJWIjoiMC4wLjAwMDAiLCJQIjoiV2luMzIiLCJBTiI6Ik1haWwiLCJXVCI6Mn0%3D%7C3000%7C%7C%7C&amp;sdata=syb49JBr%2B43W6pA3OYqxumlJYcYHjcOTCJbluuyxMOQ%3D&amp;reserved=0\">Hochschulforum Digitalisierung<\/a>, <a href=\"https:\/\/eur04.safelinks.protection.outlook.com\/?url=https%3A%2F%2Fstiftung-hochschullehre.de%2F&amp;data=05%7C01%7CSebastian.Horndasch%40stifterverband.de%7C41d2cf1a01d7405f964508db3f3e8c25%7Cc6ff58bc993e4bdb8d106013e2cd361f%7C0%7C0%7C638173310096782011%7CUnknown%7CTWFpbGZsb3d8eyJWIjoiMC4wLjAwMDAiLCJQIjoiV2luMzIiLCJBTiI6Ik1haWwiLCJXVCI6Mn0%3D%7C3000%7C%7C%7C&amp;sdata=t0Hmwac6qeo%2BZC%2B6gsaPAoi567HLvq71hwHLqfyL%2FCM%3D&amp;reserved=0\">Stiftung Innovation in der Hochschullehre<\/a> und dem <a href=\"https:\/\/www.stifterverband.org\/\">Stifterverband<\/a>.<\/p>\n\n\n<div class=\"wp-block-image\">\n<figure class=\"aligncenter size-medium\"><img loading=\"lazy\" decoding=\"async\" width=\"250\" height=\"266\" src=\"https:\/\/festival.hfd.digital\/de\/wp-content\/uploads\/sites\/3\/2021\/08\/HFD_Logo_rgb_Verlauf-250x266.jpg\" alt=\"Logo vom HFD\" class=\"wp-image-2135\" srcset=\"https:\/\/festival.hfd.digital\/de\/wp-content\/uploads\/sites\/3\/2021\/08\/HFD_Logo_rgb_Verlauf-250x266.jpg 250w, https:\/\/festival.hfd.digital\/de\/wp-content\/uploads\/sites\/3\/2021\/08\/HFD_Logo_rgb_Verlauf-700x746.jpg 700w, https:\/\/festival.hfd.digital\/de\/wp-content\/uploads\/sites\/3\/2021\/08\/HFD_Logo_rgb_Verlauf-768x818.jpg 768w, https:\/\/festival.hfd.digital\/de\/wp-content\/uploads\/sites\/3\/2021\/08\/HFD_Logo_rgb_Verlauf-1442x1536.jpg 1442w, https:\/\/festival.hfd.digital\/de\/wp-content\/uploads\/sites\/3\/2021\/08\/HFD_Logo_rgb_Verlauf-1922x2048.jpg 1922w, https:\/\/festival.hfd.digital\/de\/wp-content\/uploads\/sites\/3\/2021\/08\/HFD_Logo_rgb_Verlauf-120x128.jpg 120w\" sizes=\"auto, (max-width: 250px) 100vw, 250px\" \/><\/figure>\n<\/div>\n\n\n<p><\/p>\n\n\n\n<p>Das&nbsp;<a href=\"https:\/\/hochschulforumdigitalisierung.de\/\" target=\"_blank\" rel=\"noreferrer noopener\">Hochschulforum Digitalisierung<\/a>&nbsp;orchestriert den Diskurs zur Hochschulbildung im digitalen Zeitalter. Als zentraler Impulsgeber informiert, ber\u00e4t und vernetzt es Akteure aus Hochschulen, Politik, Wirtschaft und Gesellschaft. Das Hochschulforum Digitalisierung wurde 2014 gegr\u00fcndet. Es ist eine gemeinsame Initiative des Stifterverbandes f\u00fcr die Deutsche Wissenschaft mit dem CHE Centrum f\u00fcr Hochschulentwicklung und der Hochschulrektorenkonferenz (HRK). Gef\u00f6rdert wird es vom Bundesministerium f\u00fcr Bildung und Forschung.<\/p>\n\n\n<div class=\"wp-block-image\">\n<figure class=\"aligncenter size-full is-resized\"><img loading=\"lazy\" decoding=\"async\" width=\"569\" height=\"250\" src=\"https:\/\/festival.hfd.digital\/de\/wp-content\/uploads\/sites\/3\/2021\/07\/Logo_Schriftzug_Stiftung_Hochschullehre_orange_rgb_72.png\" alt=\"Logo der Stiftung Innovation in der Hochschullehre\" class=\"wp-image-1698\" style=\"width:448px;height:197px\" srcset=\"https:\/\/festival.hfd.digital\/de\/wp-content\/uploads\/sites\/3\/2021\/07\/Logo_Schriftzug_Stiftung_Hochschullehre_orange_rgb_72.png 569w, https:\/\/festival.hfd.digital\/de\/wp-content\/uploads\/sites\/3\/2021\/07\/Logo_Schriftzug_Stiftung_Hochschullehre_orange_rgb_72-250x110.png 250w, https:\/\/festival.hfd.digital\/de\/wp-content\/uploads\/sites\/3\/2021\/07\/Logo_Schriftzug_Stiftung_Hochschullehre_orange_rgb_72-120x53.png 120w\" sizes=\"auto, (max-width: 569px) 100vw, 569px\" \/><\/figure>\n<\/div>\n\n\n<p>Die&nbsp;<a href=\"https:\/\/stiftung-hochschullehre.de\/\" target=\"_blank\" rel=\"noreferrer noopener\">Stiftung Innovation in der Hochschullehre<\/a> engagiert sich seit 2021 bundesweit f\u00fcr Innovationen in Studium und Lehre. Daf\u00fcr f\u00f6rdert sie Projekte an einzelnen Hochschulen oder Verbundvorhaben. Zudem schafft die Stiftung Vernetzungsangebote f\u00fcr Gestalter:innen der Lehre, st\u00e4rkt den Wissenstransfer und f\u00f6rdert den Austausch \u00fcber Projektergebnisse, Erfolge und Herausforderungen. S\u00e4mtliche Mittel dieser neuen Wissenschaftsinstitution werden von Bund und L\u00e4ndern zur Verf\u00fcgung gestellt.<\/p>\n\n\n<div class=\"wp-block-image\">\n<figure class=\"aligncenter size-large is-resized\"><img loading=\"lazy\" decoding=\"async\" width=\"700\" height=\"437\" src=\"https:\/\/festival.hfd.digital\/de\/wp-content\/uploads\/sites\/3\/2023\/04\/SV_Logo_01_2_DM_WB_RGB_L-700x437.png\" alt=\"Logo vom Stifterverband\" class=\"wp-image-5860\" style=\"width:432px;height:auto\" srcset=\"https:\/\/festival.hfd.digital\/de\/wp-content\/uploads\/sites\/3\/2023\/04\/SV_Logo_01_2_DM_WB_RGB_L-700x437.png 700w, https:\/\/festival.hfd.digital\/de\/wp-content\/uploads\/sites\/3\/2023\/04\/SV_Logo_01_2_DM_WB_RGB_L-250x156.png 250w, https:\/\/festival.hfd.digital\/de\/wp-content\/uploads\/sites\/3\/2023\/04\/SV_Logo_01_2_DM_WB_RGB_L-768x479.png 768w, https:\/\/festival.hfd.digital\/de\/wp-content\/uploads\/sites\/3\/2023\/04\/SV_Logo_01_2_DM_WB_RGB_L-1536x959.png 1536w, https:\/\/festival.hfd.digital\/de\/wp-content\/uploads\/sites\/3\/2023\/04\/SV_Logo_01_2_DM_WB_RGB_L-120x75.png 120w, https:\/\/festival.hfd.digital\/de\/wp-content\/uploads\/sites\/3\/2023\/04\/SV_Logo_01_2_DM_WB_RGB_L.png 1999w\" sizes=\"auto, (max-width: 700px) 100vw, 700px\" \/><\/figure>\n<\/div>\n\n\n<p>Der&nbsp;<a href=\"https:\/\/www.stifterverband.org\/\" target=\"_blank\" rel=\"noreferrer noopener\">Stifterverband<\/a>&nbsp;ist eine Gemeinschaftsinitiative von Unternehmen und Stiftungen, die als einzige ganzheitlich in den Bereichen Bildung, Wissenschaft und Innovation ber\u00e4t, vernetzt und f\u00f6rdert. Er unterst\u00fctzt das University:Future Festival 2024.<\/p>\n","protected":false},"excerpt":{"rendered":"Das University:Future Festival ist eine Kooperation von Hochschulforum Digitalisierung, Stiftung Innovation in der Hochschullehre und dem Stifterverband. Das&nbsp;Hochschulforum Digitalisierung&nbsp;orchestriert den Diskurs zur Hochschulbildung im digitalen Zeitalter. Als zentraler Impulsgeber informiert, ber\u00e4t und vernetzt es Akteure aus Hochschulen, Politik, Wirtschaft und Gesellschaft. Das Hochschulforum Digitalisierung wurde 2014 gegr\u00fcndet. Es ist eine gemeinsame Initiative des Stifterverbandes f\u00fcr&#8230; <a class=\"view-article\" href=\"https:\/\/festival.hfd.digital\/de\/veranstalter\/\">View Article<\/a>","protected":false},"author":4,"featured_media":0,"parent":0,"menu_order":0,"comment_status":"closed","ping_status":"closed","template":"","meta":{"_acf_changed":false,"inline_featured_image":false,"footnotes":""},"class_list":["post-6139","page","type-page","status-publish","hentry"],"acf":[],"yoast_head":"<!-- This site is optimized with the Yoast SEO plugin v27.5 - https:\/\/yoast.com\/product\/yoast-seo-wordpress\/ -->\n<title>Veranstalter | University:Future Festival<\/title>\n<meta name=\"description\" content=\"Das University:Future Festival ist eine Kooperation zwischen Hochschulforum Digitalisierung, Stiftung Innovation in der Hochschullehre und Stifterverband.\" \/>\n<meta name=\"robots\" content=\"index, follow, max-snippet:-1, max-image-preview:large, max-video-preview:-1\" \/>\n<link rel=\"canonical\" href=\"https:\/\/festival.hfd.digital\/de\/veranstalter\/\" \/>\n<meta property=\"og:locale\" content=\"de_DE\" \/>\n<meta property=\"og:type\" content=\"article\" \/>\n<meta property=\"og:title\" content=\"Veranstalter | University:Future Festival\" \/>\n<meta property=\"og:description\" content=\"Das University:Future Festival ist eine Kooperation zwischen Hochschulforum Digitalisierung, Stiftung Innovation in der Hochschullehre und Stifterverband.\" \/>\n<meta property=\"og:url\" content=\"https:\/\/festival.hfd.digital\/de\/veranstalter\/\" \/>\n<meta property=\"og:site_name\" content=\"University:Future Festival 2026\" \/>\n<meta property=\"article:modified_time\" content=\"2024-11-26T15:49:56+00:00\" \/>\n<meta property=\"og:image\" content=\"https:\/\/festival.hfd.digital\/de\/wp-content\/uploads\/sites\/3\/2021\/08\/HFD_Logo_rgb_Verlauf.jpg\" \/>\n\t<meta property=\"og:image:width\" content=\"2060\" \/>\n\t<meta property=\"og:image:height\" content=\"2195\" \/>\n\t<meta property=\"og:image:type\" content=\"image\/jpeg\" \/>\n<meta name=\"twitter:card\" content=\"summary_large_image\" \/>\n<meta name=\"twitter:label1\" content=\"Gesch\u00e4tzte Lesezeit\" \/>\n\t<meta name=\"twitter:data1\" content=\"2\u00a0Minuten\" \/>\n<script type=\"application\/ld+json\" class=\"yoast-schema-graph\">{\"@context\":\"https:\\\/\\\/schema.org\",\"@graph\":[{\"@type\":\"WebPage\",\"@id\":\"https:\\\/\\\/festival.hfd.digital\\\/de\\\/veranstalter\\\/\",\"url\":\"https:\\\/\\\/festival.hfd.digital\\\/de\\\/veranstalter\\\/\",\"name\":\"Veranstalter | University:Future Festival\",\"isPartOf\":{\"@id\":\"https:\\\/\\\/festival.hfd.digital\\\/de\\\/#website\"},\"primaryImageOfPage\":{\"@id\":\"https:\\\/\\\/festival.hfd.digital\\\/de\\\/veranstalter\\\/#primaryimage\"},\"image\":{\"@id\":\"https:\\\/\\\/festival.hfd.digital\\\/de\\\/veranstalter\\\/#primaryimage\"},\"thumbnailUrl\":\"https:\\\/\\\/festival.hfd.digital\\\/de\\\/wp-content\\\/uploads\\\/sites\\\/3\\\/2021\\\/08\\\/HFD_Logo_rgb_Verlauf-250x266.jpg\",\"datePublished\":\"2023-08-28T18:07:21+00:00\",\"dateModified\":\"2024-11-26T15:49:56+00:00\",\"description\":\"Das University:Future Festival ist eine Kooperation zwischen Hochschulforum Digitalisierung, Stiftung Innovation in der Hochschullehre und Stifterverband.\",\"inLanguage\":\"de\",\"potentialAction\":[{\"@type\":\"ReadAction\",\"target\":[\"https:\\\/\\\/festival.hfd.digital\\\/de\\\/veranstalter\\\/\"]}]},{\"@type\":\"ImageObject\",\"inLanguage\":\"de\",\"@id\":\"https:\\\/\\\/festival.hfd.digital\\\/de\\\/veranstalter\\\/#primaryimage\",\"url\":\"https:\\\/\\\/festival.hfd.digital\\\/de\\\/wp-content\\\/uploads\\\/sites\\\/3\\\/2021\\\/08\\\/HFD_Logo_rgb_Verlauf.jpg\",\"contentUrl\":\"https:\\\/\\\/festival.hfd.digital\\\/de\\\/wp-content\\\/uploads\\\/sites\\\/3\\\/2021\\\/08\\\/HFD_Logo_rgb_Verlauf.jpg\",\"width\":2060,\"height\":2195,\"caption\":\"Logo vom HFD\"},{\"@type\":\"WebSite\",\"@id\":\"https:\\\/\\\/festival.hfd.digital\\\/de\\\/#website\",\"url\":\"https:\\\/\\\/festival.hfd.digital\\\/de\\\/\",\"name\":\"University:Future Festival 2026\",\"description\":\"Das j\u00e4hrliche Festival zur Zukunft der Hochschulbildung.\",\"potentialAction\":[{\"@type\":\"SearchAction\",\"target\":{\"@type\":\"EntryPoint\",\"urlTemplate\":\"https:\\\/\\\/festival.hfd.digital\\\/de\\\/?s={search_term_string}\"},\"query-input\":{\"@type\":\"PropertyValueSpecification\",\"valueRequired\":true,\"valueName\":\"search_term_string\"}}],\"inLanguage\":\"de\"}]}<\/script>\n<!-- \/ Yoast SEO plugin. -->","yoast_head_json":{"title":"Veranstalter | University:Future Festival","description":"Das University:Future Festival ist eine Kooperation zwischen Hochschulforum Digitalisierung, Stiftung Innovation in der Hochschullehre und Stifterverband.","robots":{"index":"index","follow":"follow","max-snippet":"max-snippet:-1","max-image-preview":"max-image-preview:large","max-video-preview":"max-video-preview:-1"},"canonical":"https:\/\/festival.hfd.digital\/de\/veranstalter\/","og_locale":"de_DE","og_type":"article","og_title":"Veranstalter | University:Future Festival","og_description":"Das University:Future Festival ist eine Kooperation zwischen Hochschulforum Digitalisierung, Stiftung Innovation in der Hochschullehre und Stifterverband.","og_url":"https:\/\/festival.hfd.digital\/de\/veranstalter\/","og_site_name":"University:Future Festival 2026","article_modified_time":"2024-11-26T15:49:56+00:00","og_image":[{"width":2060,"height":2195,"url":"https:\/\/festival.hfd.digital\/de\/wp-content\/uploads\/sites\/3\/2021\/08\/HFD_Logo_rgb_Verlauf.jpg","type":"image\/jpeg"}],"twitter_card":"summary_large_image","twitter_misc":{"Gesch\u00e4tzte Lesezeit":"2\u00a0Minuten"},"schema":{"@context":"https:\/\/schema.org","@graph":[{"@type":"WebPage","@id":"https:\/\/festival.hfd.digital\/de\/veranstalter\/","url":"https:\/\/festival.hfd.digital\/de\/veranstalter\/","name":"Veranstalter | University:Future Festival","isPartOf":{"@id":"https:\/\/festival.hfd.digital\/de\/#website"},"primaryImageOfPage":{"@id":"https:\/\/festival.hfd.digital\/de\/veranstalter\/#primaryimage"},"image":{"@id":"https:\/\/festival.hfd.digital\/de\/veranstalter\/#primaryimage"},"thumbnailUrl":"https:\/\/festival.hfd.digital\/de\/wp-content\/uploads\/sites\/3\/2021\/08\/HFD_Logo_rgb_Verlauf-250x266.jpg","datePublished":"2023-08-28T18:07:21+00:00","dateModified":"2024-11-26T15:49:56+00:00","description":"Das University:Future Festival ist eine Kooperation zwischen Hochschulforum Digitalisierung, Stiftung Innovation in der Hochschullehre und Stifterverband.","inLanguage":"de","potentialAction":[{"@type":"ReadAction","target":["https:\/\/festival.hfd.digital\/de\/veranstalter\/"]}]},{"@type":"ImageObject","inLanguage":"de","@id":"https:\/\/festival.hfd.digital\/de\/veranstalter\/#primaryimage","url":"https:\/\/festival.hfd.digital\/de\/wp-content\/uploads\/sites\/3\/2021\/08\/HFD_Logo_rgb_Verlauf.jpg","contentUrl":"https:\/\/festival.hfd.digital\/de\/wp-content\/uploads\/sites\/3\/2021\/08\/HFD_Logo_rgb_Verlauf.jpg","width":2060,"height":2195,"caption":"Logo vom HFD"},{"@type":"WebSite","@id":"https:\/\/festival.hfd.digital\/de\/#website","url":"https:\/\/festival.hfd.digital\/de\/","name":"University:Future Festival 2026","description":"Das j\u00e4hrliche Festival zur Zukunft der Hochschulbildung.","potentialAction":[{"@type":"SearchAction","target":{"@type":"EntryPoint","urlTemplate":"https:\/\/festival.hfd.digital\/de\/?s={search_term_string}"},"query-input":{"@type":"PropertyValueSpecification","valueRequired":true,"valueName":"search_term_string"}}],"inLanguage":"de"}]}},"_links":{"self":[{"href":"https:\/\/festival.hfd.digital\/de\/wp-json\/wp\/v2\/pages\/6139","targetHints":{"allow":["GET"]}}],"collection":[{"href":"https:\/\/festival.hfd.digital\/de\/wp-json\/wp\/v2\/pages"}],"about":[{"href":"https:\/\/festival.hfd.digital\/de\/wp-json\/wp\/v2\/types\/page"}],"author":[{"embeddable":true,"href":"https:\/\/festival.hfd.digital\/de\/wp-json\/wp\/v2\/users\/4"}],"replies":[{"embeddable":true,"href":"https:\/\/festival.hfd.digital\/de\/wp-json\/wp\/v2\/comments?post=6139"}],"version-history":[{"count":9,"href":"https:\/\/festival.hfd.digital\/de\/wp-json\/wp\/v2\/pages\/6139\/revisions"}],"predecessor-version":[{"id":9986,"href":"https:\/\/festival.hfd.digital\/de\/wp-json\/wp\/v2\/pages\/6139\/revisions\/9986"}],"wp:attachment":[{"href":"https:\/\/festival.hfd.digital\/de\/wp-json\/wp\/v2\/media?parent=6139"}],"curies":[{"name":"wp","href":"https:\/\/api.w.org\/{rel}","templated":true}]}}