{"id":6125,"date":"2023-09-26T08:48:06","date_gmt":"2023-09-26T08:48:06","guid":{"rendered":"https:\/\/festival.hfd.digital\/de\/?page_id=6125"},"modified":"2024-06-11T13:25:43","modified_gmt":"2024-06-11T13:25:43","slug":"universityfuture-festival-2024","status":"publish","type":"page","link":"https:\/\/festival.hfd.digital\/de\/universityfuture-festival-2024\/","title":{"rendered":"University:Future Festival 2024"},"content":{"rendered":"\n<p><strong>Unsere \u00dcberzeugung ist: Mit digitalen Tools und kluger Didaktik kann Hochschulbildung besser gestaltet werden. Deshalb bietet das University:Future Festival (U:FF) als Leitveranstaltung zur Digitalisierung in Studium und Lehre Orientierung, Vernetzung und Inspiration \u2013 community-orientiert und offen f\u00fcr alle. F\u00fcr die akademische Bildung von morgen.<\/strong><\/p>\n\n\n\n<p>An der vierten Ausgabe des\u00a0University:Future Festivals (2024) waren \u00fcber 4.000 aktive Teilnehmende beteiligt. Angesprochen waren alle Gruppen, die sich mit der Zukunft der Hochschule besch\u00e4ftigen \u2013 unter anderem Lehrende, Hochschulleitungen, Didaktiker:innen, Studierende und die Zivilgesellschaft.\u00a0<\/p>\n\n\n\n<h2 class=\"wp-block-heading\"><strong>Das <strong>Motto<\/strong><\/strong> <strong>\u201cTales of Tomorrow\u201d <\/strong><\/h2>\n\n\n\n<p><strong>Geschichten sind m\u00e4chtig. Sie konstruieren unsere Realit\u00e4t.<\/strong> Die Zukunft ist nicht festgelegt, sondern wir erschaffen sie hier und jetzt durch unsere\u00a0Erz\u00e4hlungen. Dar\u00fcber sprachen wir auf dem University:Future Festival 2024.\u00a0<\/p>\n\n\n\n<p>Unter dem Motto \u201cTales of Tomorrow\u201d dachten wir <strong>\u00fcber Zuk\u00fcnfte nach und entwickeln Visionen<\/strong>, die \u00fcber das Unmittelbare hinausgehen. Wir luden die Teilnehmenden und unsere Referent:innen dazu ein, gemeinsam neue Erz\u00e4hlungen zu finden und zu teilen. Wir adressierten aktuelle und k\u00fcnftige <strong>technische Entwicklungen<\/strong> und beleuchteten gleichzeitig den sozialen und ideengeschichtlichen Kontext, in dem sie stattfinden. Gemeinsam suchten wir <strong>L\u00f6sungen und Wege in die Zukunft<\/strong>.\u00a0<\/p>\n\n\n\n<p>Man kann \u201c<em>Tale<\/em>\u201d \u00fcbersetzen mit dem Begriff der Geschichte oder auch des M\u00e4rchens. Auf dem U:FF hinterfragten wir <strong>etablierte Zukunftsnarrative. <\/strong>Wir verharrten nicht in einem oberfl\u00e4chlich genutzten Begriff der Innovation, sondern diskutierten, welche Narrative zukunftsrelevant und welche tats\u00e4chlich nur M\u00e4rchen sind.<\/p>\n\n\n\n<h3 class=\"wp-block-heading\"><strong>Was das University:Future Festival besonders macht<\/strong><\/h3>\n\n\n\n<p><\/p>\n\n\n\n<p><strong>Gr\u00f6\u00dfe und \u00dcberblick:&nbsp;<\/strong>Das U:FF bietet als gr\u00f6\u00dftes Event seiner Art in der DACH-Region einen einzigartigen \u00dcberblick \u00fcber Zuk\u00fcnfte terti\u00e4rer Bildung und ist damit DER Ort f\u00fcr inhaltliche Inspirationen.<\/p>\n\n\n\n<p><strong>Community-basiert:\u00a0<\/strong>Unsere Community trifft sich nicht nur ein Mal im Jahr zum Festival \u2013 wir arbeiten das ganze Jahr \u00fcber vertrauensvoll miteinander. Inhalte und Formate des U:FF speisen sich zu einem gro\u00dfen Teil aus den diversen Communities von HFD und der Stiftung Innovation in der Hochschullehre. Mitglieder der Community begeistern andere und teilen Informationen \u00fcber das Festival.<\/p>\n\n\n\n<p><strong>Innovativ und bunt:\u00a0<\/strong>Das U:FF strebt immer nach Innovationen \u2013 in Inhalten und Formaten. Hierzu z\u00e4hlen k\u00fcnstlerische Interventionen, neue und diverse Formatideen sowie eine zeitgem\u00e4\u00dfe digitale und analoge Event-Erfahrung.<\/p>\n\n\n\n<p><strong>R\u00e4ume neu gedacht<\/strong>: Das U:FF denkt digitale und analoge R\u00e4ume neu. Es ist digital-first-hybrid: Digital Teilnehmende sind die wichtigste Teilnehmenden-Gruppe. Jede:r kann online mit einem Klick dabei sein. Aber wir sind auch geographisch vernetzt und boten nach dem erfolgreichen Pilot in 2023 auch 2024 mit <a href=\"https:\/\/festival.hfd.digital\/de\/unsere-partnerbuehnen\/\">mehreren Standorten in Deutschland<\/a> M\u00f6glichkeiten zum regionalen Austausch.<\/p>\n","protected":false},"excerpt":{"rendered":"Unsere \u00dcberzeugung ist: Mit digitalen Tools und kluger Didaktik kann Hochschulbildung besser gestaltet werden. Deshalb bietet das University:Future Festival (U:FF) als Leitveranstaltung zur Digitalisierung in Studium und Lehre Orientierung, Vernetzung und Inspiration \u2013 community-orientiert und offen f\u00fcr alle. F\u00fcr die akademische Bildung von morgen. An der vierten Ausgabe des\u00a0University:Future Festivals (2024) waren \u00fcber 4.000 aktive&#8230; <a class=\"view-article\" href=\"https:\/\/festival.hfd.digital\/de\/universityfuture-festival-2024\/\">View Article<\/a>","protected":false},"author":4,"featured_media":0,"parent":0,"menu_order":0,"comment_status":"closed","ping_status":"closed","template":"","meta":{"_acf_changed":false,"inline_featured_image":false,"footnotes":""},"class_list":["post-6125","page","type-page","status-publish","hentry"],"acf":[],"yoast_head":"<!-- This site is optimized with the Yoast SEO plugin v27.3 - https:\/\/yoast.com\/product\/yoast-seo-wordpress\/ -->\n<title>\u00dcber das University:Future Festival 2024<\/title>\n<meta name=\"description\" content=\"Das U:FF ist Leitveranstaltung zur Digitalisierung in Studium und Lehre \u2013 community-orientiert und offen f\u00fcr alle.\" \/>\n<meta name=\"robots\" content=\"index, follow, max-snippet:-1, max-image-preview:large, max-video-preview:-1\" \/>\n<link rel=\"canonical\" href=\"https:\/\/festival.hfd.digital\/de\/universityfuture-festival-2024\/\" \/>\n<meta property=\"og:locale\" content=\"de_DE\" \/>\n<meta property=\"og:type\" content=\"article\" \/>\n<meta property=\"og:title\" content=\"\u00dcber das U:FF\" \/>\n<meta property=\"og:description\" content=\"Das U:FF ist Leitveranstaltung zur Digitalisierung in Studium und Lehre \u2013 communityorientiert und offen f\u00fcr alle.\" \/>\n<meta property=\"og:url\" content=\"https:\/\/festival.hfd.digital\/de\/universityfuture-festival-2024\/\" \/>\n<meta property=\"og:site_name\" content=\"University:Future Festival 2026\" \/>\n<meta property=\"article:modified_time\" content=\"2024-06-11T13:25:43+00:00\" \/>\n<meta property=\"og:image\" content=\"https:\/\/festival.hfd.digital\/de\/wp-content\/uploads\/sites\/3\/2023\/09\/Allgemein-1-DE-.png\" \/>\n\t<meta property=\"og:image:width\" content=\"1200\" \/>\n\t<meta property=\"og:image:height\" content=\"1200\" \/>\n\t<meta property=\"og:image:type\" content=\"image\/png\" \/>\n<meta name=\"twitter:card\" content=\"summary_large_image\" \/>\n<meta name=\"twitter:title\" content=\"\u00dcber das U:FF\" \/>\n<meta name=\"twitter:description\" content=\"Das U:FF ist Leitveranstaltung zur Digitalisierung in Studium und Lehre \u2013 communityorientiert und offen f\u00fcr alle.\" \/>\n<meta name=\"twitter:image\" content=\"https:\/\/festival.hfd.digital\/de\/wp-content\/uploads\/sites\/3\/2023\/09\/Allgemein-1-DE.png\" \/>\n<meta name=\"twitter:label1\" content=\"Gesch\u00e4tzte Lesezeit\" \/>\n\t<meta name=\"twitter:data1\" content=\"3\u00a0Minuten\" \/>\n<script type=\"application\/ld+json\" class=\"yoast-schema-graph\">{\"@context\":\"https:\\\/\\\/schema.org\",\"@graph\":[{\"@type\":\"WebPage\",\"@id\":\"https:\\\/\\\/festival.hfd.digital\\\/de\\\/universityfuture-festival-2024\\\/\",\"url\":\"https:\\\/\\\/festival.hfd.digital\\\/de\\\/universityfuture-festival-2024\\\/\",\"name\":\"\u00dcber das University:Future Festival 2024\",\"isPartOf\":{\"@id\":\"https:\\\/\\\/festival.hfd.digital\\\/de\\\/#website\"},\"datePublished\":\"2023-09-26T08:48:06+00:00\",\"dateModified\":\"2024-06-11T13:25:43+00:00\",\"description\":\"Das U:FF ist Leitveranstaltung zur Digitalisierung in Studium und Lehre \u2013 community-orientiert und offen f\u00fcr alle.\",\"inLanguage\":\"de\",\"potentialAction\":[{\"@type\":\"ReadAction\",\"target\":[\"https:\\\/\\\/festival.hfd.digital\\\/de\\\/universityfuture-festival-2024\\\/\"]}]},{\"@type\":\"WebSite\",\"@id\":\"https:\\\/\\\/festival.hfd.digital\\\/de\\\/#website\",\"url\":\"https:\\\/\\\/festival.hfd.digital\\\/de\\\/\",\"name\":\"University:Future Festival 2026\",\"description\":\"Das j\u00e4hrliche Festival zur Zukunft der Hochschulbildung.\",\"potentialAction\":[{\"@type\":\"SearchAction\",\"target\":{\"@type\":\"EntryPoint\",\"urlTemplate\":\"https:\\\/\\\/festival.hfd.digital\\\/de\\\/?s={search_term_string}\"},\"query-input\":{\"@type\":\"PropertyValueSpecification\",\"valueRequired\":true,\"valueName\":\"search_term_string\"}}],\"inLanguage\":\"de\"}]}<\/script>\n<!-- \/ Yoast SEO plugin. -->","yoast_head_json":{"title":"\u00dcber das University:Future Festival 2024","description":"Das U:FF ist Leitveranstaltung zur Digitalisierung in Studium und Lehre \u2013 community-orientiert und offen f\u00fcr alle.","robots":{"index":"index","follow":"follow","max-snippet":"max-snippet:-1","max-image-preview":"max-image-preview:large","max-video-preview":"max-video-preview:-1"},"canonical":"https:\/\/festival.hfd.digital\/de\/universityfuture-festival-2024\/","og_locale":"de_DE","og_type":"article","og_title":"\u00dcber das U:FF","og_description":"Das U:FF ist Leitveranstaltung zur Digitalisierung in Studium und Lehre \u2013 communityorientiert und offen f\u00fcr alle.","og_url":"https:\/\/festival.hfd.digital\/de\/universityfuture-festival-2024\/","og_site_name":"University:Future Festival 2026","article_modified_time":"2024-06-11T13:25:43+00:00","og_image":[{"width":1200,"height":1200,"url":"https:\/\/festival.hfd.digital\/de\/wp-content\/uploads\/sites\/3\/2023\/09\/Allgemein-1-DE-.png","type":"image\/png"}],"twitter_card":"summary_large_image","twitter_title":"\u00dcber das U:FF","twitter_description":"Das U:FF ist Leitveranstaltung zur Digitalisierung in Studium und Lehre \u2013 communityorientiert und offen f\u00fcr alle.","twitter_image":"https:\/\/festival.hfd.digital\/de\/wp-content\/uploads\/sites\/3\/2023\/09\/Allgemein-1-DE.png","twitter_misc":{"Gesch\u00e4tzte Lesezeit":"3\u00a0Minuten"},"schema":{"@context":"https:\/\/schema.org","@graph":[{"@type":"WebPage","@id":"https:\/\/festival.hfd.digital\/de\/universityfuture-festival-2024\/","url":"https:\/\/festival.hfd.digital\/de\/universityfuture-festival-2024\/","name":"\u00dcber das University:Future Festival 2024","isPartOf":{"@id":"https:\/\/festival.hfd.digital\/de\/#website"},"datePublished":"2023-09-26T08:48:06+00:00","dateModified":"2024-06-11T13:25:43+00:00","description":"Das U:FF ist Leitveranstaltung zur Digitalisierung in Studium und Lehre \u2013 community-orientiert und offen f\u00fcr alle.","inLanguage":"de","potentialAction":[{"@type":"ReadAction","target":["https:\/\/festival.hfd.digital\/de\/universityfuture-festival-2024\/"]}]},{"@type":"WebSite","@id":"https:\/\/festival.hfd.digital\/de\/#website","url":"https:\/\/festival.hfd.digital\/de\/","name":"University:Future Festival 2026","description":"Das j\u00e4hrliche Festival zur Zukunft der Hochschulbildung.","potentialAction":[{"@type":"SearchAction","target":{"@type":"EntryPoint","urlTemplate":"https:\/\/festival.hfd.digital\/de\/?s={search_term_string}"},"query-input":{"@type":"PropertyValueSpecification","valueRequired":true,"valueName":"search_term_string"}}],"inLanguage":"de"}]}},"_links":{"self":[{"href":"https:\/\/festival.hfd.digital\/de\/wp-json\/wp\/v2\/pages\/6125","targetHints":{"allow":["GET"]}}],"collection":[{"href":"https:\/\/festival.hfd.digital\/de\/wp-json\/wp\/v2\/pages"}],"about":[{"href":"https:\/\/festival.hfd.digital\/de\/wp-json\/wp\/v2\/types\/page"}],"author":[{"embeddable":true,"href":"https:\/\/festival.hfd.digital\/de\/wp-json\/wp\/v2\/users\/4"}],"replies":[{"embeddable":true,"href":"https:\/\/festival.hfd.digital\/de\/wp-json\/wp\/v2\/comments?post=6125"}],"version-history":[{"count":13,"href":"https:\/\/festival.hfd.digital\/de\/wp-json\/wp\/v2\/pages\/6125\/revisions"}],"predecessor-version":[{"id":9472,"href":"https:\/\/festival.hfd.digital\/de\/wp-json\/wp\/v2\/pages\/6125\/revisions\/9472"}],"wp:attachment":[{"href":"https:\/\/festival.hfd.digital\/de\/wp-json\/wp\/v2\/media?parent=6125"}],"curies":[{"name":"wp","href":"https:\/\/api.w.org\/{rel}","templated":true}]}}