{"id":612,"date":"2020-07-30T11:52:18","date_gmt":"2020-07-30T11:52:18","guid":{"rendered":"https:\/\/festival.hfd.digital\/de\/?page_id=612"},"modified":"2024-07-01T11:04:25","modified_gmt":"2024-07-01T11:04:25","slug":"speaker-innen","status":"publish","type":"page","link":"https:\/\/festival.hfd.digital\/de\/archiv\/universityfuture-festival-2020\/speaker-innen\/","title":{"rendered":"Speaker:innen 2020"},"content":{"rendered":"","protected":false},"excerpt":{"rendered":"","protected":false},"author":1,"featured_media":0,"parent":922,"menu_order":0,"comment_status":"closed","ping_status":"closed","template":"template-speaker.php","meta":{"_acf_changed":false,"inline_featured_image":false,"footnotes":""},"class_list":["post-612","page","type-page","status-publish","hentry"],"acf":[],"yoast_head":"<!-- This site is optimized with the Yoast SEO plugin v27.3 - https:\/\/yoast.com\/product\/yoast-seo-wordpress\/ -->\n<title>Speaker:innen 2020 | University:Future Festival 2020<\/title>\n<meta name=\"description\" content=\"Auf der Seite des University:Future Festivals finden Sie jetzt eine \u00dcbersicht \u00fcber alle Speaker:innen! Das Programm folgt in K\u00fcrze!\" \/>\n<meta name=\"robots\" content=\"index, follow, max-snippet:-1, max-image-preview:large, max-video-preview:-1\" \/>\n<link rel=\"canonical\" href=\"https:\/\/festival.hfd.digital\/de\/archiv\/universityfuture-festival-2020\/speaker-innen\/\" \/>\n<meta property=\"og:locale\" content=\"de_DE\" \/>\n<meta property=\"og:type\" content=\"article\" \/>\n<meta property=\"og:title\" content=\"Speaker*innen des University:Future Festivals\" \/>\n<meta property=\"og:description\" content=\"Die Speaker*innen des University:Future Festival setzt sich inhaltlich mit der Hochschullehre in und nach der Pandemie auseinander \u2013 dem \u201cNew Normal\u201d. Drei Tage lang werfen wir gemeinsam einen Blick zur\u00fcck auf das digitale Sommersemester 2020 \u2013 und vor allem einen Blick nach vorne auf die Zukunft der Hochschulen.\" \/>\n<meta property=\"og:url\" content=\"https:\/\/festival.hfd.digital\/de\/archiv\/universityfuture-festival-2020\/speaker-innen\/\" \/>\n<meta property=\"og:site_name\" content=\"University:Future Festival 2026\" \/>\n<meta property=\"article:modified_time\" content=\"2024-07-01T11:04:25+00:00\" \/>\n<meta property=\"og:image\" content=\"https:\/\/festival.hfd.digital\/de\/wp-content\/uploads\/sites\/3\/2020\/09\/1.png\" \/>\n\t<meta property=\"og:image:width\" content=\"940\" \/>\n\t<meta property=\"og:image:height\" content=\"788\" \/>\n\t<meta property=\"og:image:type\" content=\"image\/png\" \/>\n<meta name=\"twitter:card\" content=\"summary_large_image\" \/>\n<meta name=\"twitter:title\" content=\"Speaker*innen des University:Future Festival\" \/>\n<meta name=\"twitter:description\" content=\"Die Speaker*innen des University:Future Festival setzt sich inhaltlich mit der Hochschullehre in und nach der Pandemie auseinander \u2013 dem \u201cNew Normal\u201d. Drei Tage lang werfen wir gemeinsam einen Blick zur\u00fcck auf das digitale Sommersemester 2020 \u2013 und vor allem einen Blick nach vorne auf die Zukunft der Hochschulen.\" \/>\n<meta name=\"twitter:image\" content=\"https:\/\/festival.hfd.digital\/de\/wp-content\/uploads\/sites\/3\/2020\/09\/1-1.png\" \/>\n<script type=\"application\/ld+json\" class=\"yoast-schema-graph\">{\"@context\":\"https:\\\/\\\/schema.org\",\"@graph\":[{\"@type\":\"WebPage\",\"@id\":\"https:\\\/\\\/festival.hfd.digital\\\/de\\\/archiv\\\/universityfuture-festival-2020\\\/speaker-innen\\\/\",\"url\":\"https:\\\/\\\/festival.hfd.digital\\\/de\\\/archiv\\\/universityfuture-festival-2020\\\/speaker-innen\\\/\",\"name\":\"Speaker:innen 2020 | University:Future Festival 2020\",\"isPartOf\":{\"@id\":\"https:\\\/\\\/festival.hfd.digital\\\/de\\\/#website\"},\"datePublished\":\"2020-07-30T11:52:18+00:00\",\"dateModified\":\"2024-07-01T11:04:25+00:00\",\"description\":\"Auf der Seite des University:Future Festivals finden Sie jetzt eine \u00dcbersicht \u00fcber alle Speaker:innen! Das Programm folgt in K\u00fcrze!\",\"breadcrumb\":{\"@id\":\"https:\\\/\\\/festival.hfd.digital\\\/de\\\/archiv\\\/universityfuture-festival-2020\\\/speaker-innen\\\/#breadcrumb\"},\"inLanguage\":\"de\",\"potentialAction\":[{\"@type\":\"ReadAction\",\"target\":[\"https:\\\/\\\/festival.hfd.digital\\\/de\\\/archiv\\\/universityfuture-festival-2020\\\/speaker-innen\\\/\"]}]},{\"@type\":\"BreadcrumbList\",\"@id\":\"https:\\\/\\\/festival.hfd.digital\\\/de\\\/archiv\\\/universityfuture-festival-2020\\\/speaker-innen\\\/#breadcrumb\",\"itemListElement\":[{\"@type\":\"ListItem\",\"position\":1,\"name\":\"Archiv\",\"item\":\"https:\\\/\\\/festival.hfd.digital\\\/de\\\/archiv\\\/\"},{\"@type\":\"ListItem\",\"position\":2,\"name\":\"Recap: University:Future Festival 2020\",\"item\":\"https:\\\/\\\/festival.hfd.digital\\\/de\\\/archiv\\\/universityfuture-festival-2020\\\/\"},{\"@type\":\"ListItem\",\"position\":3,\"name\":\"Speaker:innen 2020\"}]},{\"@type\":\"WebSite\",\"@id\":\"https:\\\/\\\/festival.hfd.digital\\\/de\\\/#website\",\"url\":\"https:\\\/\\\/festival.hfd.digital\\\/de\\\/\",\"name\":\"University:Future Festival 2026\",\"description\":\"Das j\u00e4hrliche Festival zur Zukunft der Hochschulbildung.\",\"potentialAction\":[{\"@type\":\"SearchAction\",\"target\":{\"@type\":\"EntryPoint\",\"urlTemplate\":\"https:\\\/\\\/festival.hfd.digital\\\/de\\\/?s={search_term_string}\"},\"query-input\":{\"@type\":\"PropertyValueSpecification\",\"valueRequired\":true,\"valueName\":\"search_term_string\"}}],\"inLanguage\":\"de\"}]}<\/script>\n<!-- \/ Yoast SEO plugin. -->","yoast_head_json":{"title":"Speaker:innen 2020 | University:Future Festival 2020","description":"Auf der Seite des University:Future Festivals finden Sie jetzt eine \u00dcbersicht \u00fcber alle Speaker:innen! Das Programm folgt in K\u00fcrze!","robots":{"index":"index","follow":"follow","max-snippet":"max-snippet:-1","max-image-preview":"max-image-preview:large","max-video-preview":"max-video-preview:-1"},"canonical":"https:\/\/festival.hfd.digital\/de\/archiv\/universityfuture-festival-2020\/speaker-innen\/","og_locale":"de_DE","og_type":"article","og_title":"Speaker*innen des University:Future Festivals","og_description":"Die Speaker*innen des University:Future Festival setzt sich inhaltlich mit der Hochschullehre in und nach der Pandemie auseinander \u2013 dem \u201cNew Normal\u201d. Drei Tage lang werfen wir gemeinsam einen Blick zur\u00fcck auf das digitale Sommersemester 2020 \u2013 und vor allem einen Blick nach vorne auf die Zukunft der Hochschulen.","og_url":"https:\/\/festival.hfd.digital\/de\/archiv\/universityfuture-festival-2020\/speaker-innen\/","og_site_name":"University:Future Festival 2026","article_modified_time":"2024-07-01T11:04:25+00:00","og_image":[{"width":940,"height":788,"url":"https:\/\/festival.hfd.digital\/de\/wp-content\/uploads\/sites\/3\/2020\/09\/1.png","type":"image\/png"}],"twitter_card":"summary_large_image","twitter_title":"Speaker*innen des University:Future Festival","twitter_description":"Die Speaker*innen des University:Future Festival setzt sich inhaltlich mit der Hochschullehre in und nach der Pandemie auseinander \u2013 dem \u201cNew Normal\u201d. Drei Tage lang werfen wir gemeinsam einen Blick zur\u00fcck auf das digitale Sommersemester 2020 \u2013 und vor allem einen Blick nach vorne auf die Zukunft der Hochschulen.","twitter_image":"https:\/\/festival.hfd.digital\/de\/wp-content\/uploads\/sites\/3\/2020\/09\/1-1.png","schema":{"@context":"https:\/\/schema.org","@graph":[{"@type":"WebPage","@id":"https:\/\/festival.hfd.digital\/de\/archiv\/universityfuture-festival-2020\/speaker-innen\/","url":"https:\/\/festival.hfd.digital\/de\/archiv\/universityfuture-festival-2020\/speaker-innen\/","name":"Speaker:innen 2020 | University:Future Festival 2020","isPartOf":{"@id":"https:\/\/festival.hfd.digital\/de\/#website"},"datePublished":"2020-07-30T11:52:18+00:00","dateModified":"2024-07-01T11:04:25+00:00","description":"Auf der Seite des University:Future Festivals finden Sie jetzt eine \u00dcbersicht \u00fcber alle Speaker:innen! Das Programm folgt in K\u00fcrze!","breadcrumb":{"@id":"https:\/\/festival.hfd.digital\/de\/archiv\/universityfuture-festival-2020\/speaker-innen\/#breadcrumb"},"inLanguage":"de","potentialAction":[{"@type":"ReadAction","target":["https:\/\/festival.hfd.digital\/de\/archiv\/universityfuture-festival-2020\/speaker-innen\/"]}]},{"@type":"BreadcrumbList","@id":"https:\/\/festival.hfd.digital\/de\/archiv\/universityfuture-festival-2020\/speaker-innen\/#breadcrumb","itemListElement":[{"@type":"ListItem","position":1,"name":"Archiv","item":"https:\/\/festival.hfd.digital\/de\/archiv\/"},{"@type":"ListItem","position":2,"name":"Recap: University:Future Festival 2020","item":"https:\/\/festival.hfd.digital\/de\/archiv\/universityfuture-festival-2020\/"},{"@type":"ListItem","position":3,"name":"Speaker:innen 2020"}]},{"@type":"WebSite","@id":"https:\/\/festival.hfd.digital\/de\/#website","url":"https:\/\/festival.hfd.digital\/de\/","name":"University:Future Festival 2026","description":"Das j\u00e4hrliche Festival zur Zukunft der Hochschulbildung.","potentialAction":[{"@type":"SearchAction","target":{"@type":"EntryPoint","urlTemplate":"https:\/\/festival.hfd.digital\/de\/?s={search_term_string}"},"query-input":{"@type":"PropertyValueSpecification","valueRequired":true,"valueName":"search_term_string"}}],"inLanguage":"de"}]}},"_links":{"self":[{"href":"https:\/\/festival.hfd.digital\/de\/wp-json\/wp\/v2\/pages\/612","targetHints":{"allow":["GET"]}}],"collection":[{"href":"https:\/\/festival.hfd.digital\/de\/wp-json\/wp\/v2\/pages"}],"about":[{"href":"https:\/\/festival.hfd.digital\/de\/wp-json\/wp\/v2\/types\/page"}],"author":[{"embeddable":true,"href":"https:\/\/festival.hfd.digital\/de\/wp-json\/wp\/v2\/users\/1"}],"replies":[{"embeddable":true,"href":"https:\/\/festival.hfd.digital\/de\/wp-json\/wp\/v2\/comments?post=612"}],"version-history":[{"count":11,"href":"https:\/\/festival.hfd.digital\/de\/wp-json\/wp\/v2\/pages\/612\/revisions"}],"predecessor-version":[{"id":2886,"href":"https:\/\/festival.hfd.digital\/de\/wp-json\/wp\/v2\/pages\/612\/revisions\/2886"}],"up":[{"embeddable":true,"href":"https:\/\/festival.hfd.digital\/de\/wp-json\/wp\/v2\/pages\/922"}],"wp:attachment":[{"href":"https:\/\/festival.hfd.digital\/de\/wp-json\/wp\/v2\/media?parent=612"}],"curies":[{"name":"wp","href":"https:\/\/api.w.org\/{rel}","templated":true}]}}