{"id":6117,"date":"2023-09-26T08:44:42","date_gmt":"2023-09-26T08:44:42","guid":{"rendered":"https:\/\/festival.hfd.digital\/de\/?page_id=6117"},"modified":"2025-09-15T13:06:48","modified_gmt":"2025-09-15T13:06:48","slug":"save-the-date","status":"publish","type":"page","link":"https:\/\/festival.hfd.digital\/de\/save-the-date\/","title":{"rendered":"Save the Date!"},"content":{"rendered":"\n<h3 class=\"wp-block-heading\"><strong>Das University:Future Festival 2025 findet vom 13. bis zum 15. Mai in Berlin, im digitalen Raum sowie an mehreren Partnerb\u00fchnen statt.<\/strong><\/h3>\n\n\n\n<p><\/p>\n\n\n\n<p>Die f\u00fcnfte Ausgabe des University:Future Festivals (U:FF) wird als dreit\u00e4tiges <strong>Hybrid-Event<\/strong> organisiert und setzt auf bekannte und neue Konzepte f\u00fcr ein lebendiges Festival-Erlebnis. Auch 2025 erwarten Sie geografische Vernetzung mittels unserer<strong> Partnerb\u00fchnen<\/strong>, die eigene Schwerpunkte setzen. Zugleich bleibt das U:FF <strong>digital-first<\/strong>: Das inhaltliche Programm wird in vollem Umfang \u00fcberall digital erlebbar sein. Freuen Sie sich auf die einzigartige Vielfalt eines Programms basierend den Erfahrungen und dem Wissen unserer <strong>Community<\/strong>.<\/p>\n\n\n\n<p><\/p>\n\n\n\n<p>Lassen Sie sich \u00fcberraschen und markieren Sie die Tage schon jetzt im <strong>Kalender<\/strong>! Im Winter folgen weitere Informationen zum Motto und unseren <strong>Programm- <\/strong>und<strong> Volunteer-Calls<\/strong>.<\/p>\n\n\n\n<p><\/p>\n\n\n\n<p><strong>Tipp<\/strong>: Melden Sie sich f\u00fcr den Newsletter an oder folgen Sie uns auf <a href=\"https:\/\/www.linkedin.com\/company\/hochschulforum-digitalisierung\/posts\/?feedView=all\">LinkedIn<\/a> und <a href=\"https:\/\/www.instagram.com\/hfd_digitalturn\/\">Instagram<\/a>, um nichts zu verpassen!<\/p>\n\n\n\n<p><\/p>\n\n\n\n<div class=\"wp-block-buttons is-layout-flex wp-block-buttons-is-layout-flex\">\n<div class=\"wp-block-button\"><a class=\"wp-block-button__link wp-element-button\" href=\"http:\/\/67398.seu1.cleverreach.com\/f\/67398-149770\">Jetzt f\u00fcr den Newsletter anmelden!<\/a><\/div>\n<\/div>\n\n\n\n<p><\/p>\n","protected":false},"excerpt":{"rendered":"Das University:Future Festival 2025 findet vom 13. bis zum 15. Mai in Berlin, im digitalen Raum sowie an mehreren Partnerb\u00fchnen statt. Die f\u00fcnfte Ausgabe des University:Future Festivals (U:FF) wird als dreit\u00e4tiges Hybrid-Event organisiert und setzt auf bekannte und neue Konzepte f\u00fcr ein lebendiges Festival-Erlebnis. Auch 2025 erwarten Sie geografische Vernetzung mittels unserer Partnerb\u00fchnen, die eigene&#8230; <a class=\"view-article\" href=\"https:\/\/festival.hfd.digital\/de\/save-the-date\/\">View Article<\/a>","protected":false},"author":24,"featured_media":0,"parent":0,"menu_order":0,"comment_status":"closed","ping_status":"closed","template":"","meta":{"_acf_changed":false,"inline_featured_image":false,"footnotes":""},"class_list":["post-6117","page","type-page","status-publish","hentry"],"acf":[],"yoast_head":"<!-- This site is optimized with the Yoast SEO plugin v27.3 - https:\/\/yoast.com\/product\/yoast-seo-wordpress\/ -->\n<title>Save the Date! | University:Future Festival 2025<\/title>\n<meta name=\"description\" content=\"Die f\u00fcnfte Ausgabe des University:Future Festivals findet vom 13. bis zum 15. Mai 2025 in Pr\u00e4senz und im digitalen Raum statt.\" \/>\n<meta name=\"robots\" content=\"index, follow, max-snippet:-1, max-image-preview:large, max-video-preview:-1\" \/>\n<link rel=\"canonical\" href=\"https:\/\/festival.hfd.digital\/de\/save-the-date\/\" \/>\n<meta property=\"og:locale\" content=\"de_DE\" \/>\n<meta property=\"og:type\" content=\"article\" \/>\n<meta property=\"og:title\" content=\"Save the Date\" \/>\n<meta property=\"og:description\" content=\"Die f\u00fcnfte Ausgabe des University:Future Festivals findet vom 13. bis zum 15. Mai 2025 in Pr\u00e4senz und im digitalen Raum statt.\" \/>\n<meta property=\"og:url\" content=\"https:\/\/festival.hfd.digital\/de\/save-the-date\/\" \/>\n<meta property=\"og:site_name\" content=\"University:Future Festival 2026\" \/>\n<meta property=\"article:modified_time\" content=\"2025-09-15T13:06:48+00:00\" \/>\n<meta name=\"twitter:card\" content=\"summary_large_image\" \/>\n<meta name=\"twitter:title\" content=\"Save the Date\" \/>\n<meta name=\"twitter:description\" content=\"Das Datum f\u00fcr die vierte Ausgabe des University:Future Festivals steht fest: Vom 05. - 07. Juni 2024 findet das hybride Event statt.\" \/>\n<meta name=\"twitter:image\" content=\"https:\/\/festival.hfd.digital\/de\/wp-content\/uploads\/sites\/3\/2023\/09\/Allgemein-1-DE.png\" \/>\n<meta name=\"twitter:label1\" content=\"Gesch\u00e4tzte Lesezeit\" \/>\n\t<meta name=\"twitter:data1\" content=\"1\u00a0Minute\" \/>\n<script type=\"application\/ld+json\" class=\"yoast-schema-graph\">{\"@context\":\"https:\\\/\\\/schema.org\",\"@graph\":[{\"@type\":\"WebPage\",\"@id\":\"https:\\\/\\\/festival.hfd.digital\\\/de\\\/save-the-date\\\/\",\"url\":\"https:\\\/\\\/festival.hfd.digital\\\/de\\\/save-the-date\\\/\",\"name\":\"Save the Date! | University:Future Festival 2025\",\"isPartOf\":{\"@id\":\"https:\\\/\\\/festival.hfd.digital\\\/de\\\/#website\"},\"datePublished\":\"2023-09-26T08:44:42+00:00\",\"dateModified\":\"2025-09-15T13:06:48+00:00\",\"description\":\"Die f\u00fcnfte Ausgabe des University:Future Festivals findet vom 13. bis zum 15. Mai 2025 in Pr\u00e4senz und im digitalen Raum statt.\",\"inLanguage\":\"de\",\"potentialAction\":[{\"@type\":\"ReadAction\",\"target\":[\"https:\\\/\\\/festival.hfd.digital\\\/de\\\/save-the-date\\\/\"]}]},{\"@type\":\"WebSite\",\"@id\":\"https:\\\/\\\/festival.hfd.digital\\\/de\\\/#website\",\"url\":\"https:\\\/\\\/festival.hfd.digital\\\/de\\\/\",\"name\":\"University:Future Festival 2026\",\"description\":\"Das j\u00e4hrliche Festival zur Zukunft der Hochschulbildung.\",\"potentialAction\":[{\"@type\":\"SearchAction\",\"target\":{\"@type\":\"EntryPoint\",\"urlTemplate\":\"https:\\\/\\\/festival.hfd.digital\\\/de\\\/?s={search_term_string}\"},\"query-input\":{\"@type\":\"PropertyValueSpecification\",\"valueRequired\":true,\"valueName\":\"search_term_string\"}}],\"inLanguage\":\"de\"}]}<\/script>\n<!-- \/ Yoast SEO plugin. -->","yoast_head_json":{"title":"Save the Date! | University:Future Festival 2025","description":"Die f\u00fcnfte Ausgabe des University:Future Festivals findet vom 13. bis zum 15. Mai 2025 in Pr\u00e4senz und im digitalen Raum statt.","robots":{"index":"index","follow":"follow","max-snippet":"max-snippet:-1","max-image-preview":"max-image-preview:large","max-video-preview":"max-video-preview:-1"},"canonical":"https:\/\/festival.hfd.digital\/de\/save-the-date\/","og_locale":"de_DE","og_type":"article","og_title":"Save the Date","og_description":"Die f\u00fcnfte Ausgabe des University:Future Festivals findet vom 13. bis zum 15. Mai 2025 in Pr\u00e4senz und im digitalen Raum statt.","og_url":"https:\/\/festival.hfd.digital\/de\/save-the-date\/","og_site_name":"University:Future Festival 2026","article_modified_time":"2025-09-15T13:06:48+00:00","twitter_card":"summary_large_image","twitter_title":"Save the Date","twitter_description":"Das Datum f\u00fcr die vierte Ausgabe des University:Future Festivals steht fest: Vom 05. - 07. Juni 2024 findet das hybride Event statt.","twitter_image":"https:\/\/festival.hfd.digital\/de\/wp-content\/uploads\/sites\/3\/2023\/09\/Allgemein-1-DE.png","twitter_misc":{"Gesch\u00e4tzte Lesezeit":"1\u00a0Minute"},"schema":{"@context":"https:\/\/schema.org","@graph":[{"@type":"WebPage","@id":"https:\/\/festival.hfd.digital\/de\/save-the-date\/","url":"https:\/\/festival.hfd.digital\/de\/save-the-date\/","name":"Save the Date! | University:Future Festival 2025","isPartOf":{"@id":"https:\/\/festival.hfd.digital\/de\/#website"},"datePublished":"2023-09-26T08:44:42+00:00","dateModified":"2025-09-15T13:06:48+00:00","description":"Die f\u00fcnfte Ausgabe des University:Future Festivals findet vom 13. bis zum 15. Mai 2025 in Pr\u00e4senz und im digitalen Raum statt.","inLanguage":"de","potentialAction":[{"@type":"ReadAction","target":["https:\/\/festival.hfd.digital\/de\/save-the-date\/"]}]},{"@type":"WebSite","@id":"https:\/\/festival.hfd.digital\/de\/#website","url":"https:\/\/festival.hfd.digital\/de\/","name":"University:Future Festival 2026","description":"Das j\u00e4hrliche Festival zur Zukunft der Hochschulbildung.","potentialAction":[{"@type":"SearchAction","target":{"@type":"EntryPoint","urlTemplate":"https:\/\/festival.hfd.digital\/de\/?s={search_term_string}"},"query-input":{"@type":"PropertyValueSpecification","valueRequired":true,"valueName":"search_term_string"}}],"inLanguage":"de"}]}},"_links":{"self":[{"href":"https:\/\/festival.hfd.digital\/de\/wp-json\/wp\/v2\/pages\/6117","targetHints":{"allow":["GET"]}}],"collection":[{"href":"https:\/\/festival.hfd.digital\/de\/wp-json\/wp\/v2\/pages"}],"about":[{"href":"https:\/\/festival.hfd.digital\/de\/wp-json\/wp\/v2\/types\/page"}],"author":[{"embeddable":true,"href":"https:\/\/festival.hfd.digital\/de\/wp-json\/wp\/v2\/users\/24"}],"replies":[{"embeddable":true,"href":"https:\/\/festival.hfd.digital\/de\/wp-json\/wp\/v2\/comments?post=6117"}],"version-history":[{"count":30,"href":"https:\/\/festival.hfd.digital\/de\/wp-json\/wp\/v2\/pages\/6117\/revisions"}],"predecessor-version":[{"id":9593,"href":"https:\/\/festival.hfd.digital\/de\/wp-json\/wp\/v2\/pages\/6117\/revisions\/9593"}],"wp:attachment":[{"href":"https:\/\/festival.hfd.digital\/de\/wp-json\/wp\/v2\/media?parent=6117"}],"curies":[{"name":"wp","href":"https:\/\/api.w.org\/{rel}","templated":true}]}}