{"id":6097,"date":"2023-08-28T17:54:13","date_gmt":"2023-08-28T17:54:13","guid":{"rendered":"https:\/\/festival.hfd.digital\/de\/?page_id=6097"},"modified":"2024-07-01T09:36:48","modified_gmt":"2024-07-01T09:36:48","slug":"universityfuture-festival-2023","status":"publish","type":"page","link":"https:\/\/festival.hfd.digital\/de\/universityfuture-festival-2023\/","title":{"rendered":"Recap: University:Future Festival 2023"},"content":{"rendered":"\n<p><strong>Drei Tage rund um die Zukunft der Hochschulbildung: Unter dem Motto \u201cHeads Up!\u201d fand das University:Future Festival (U:FF) vom 26. bis 28. April 2023 in Pr\u00e4senz sowie im digitalen Raum statt.&nbsp;Dabei galt: Digital first! Das Festival in seiner ganzen Vielfalt und das Rahmenprogramm waren vollumf\u00e4nglich nur online zu erleben. <a href=\"https:\/\/festival.hfd.digital\/de\/praesenz-buehnen\/\">Physische B\u00fchnen an verschiedenen Orten Deutschlands<\/a> erm\u00f6glichten parallel dazu die Begegnung und Vernetzung in Pr\u00e4senz. Das Festival war bilingual auf Deutsch und Englisch.<\/strong><\/p>\n\n\n\n<p><\/p>\n\n\n\n<p>Das Festival adressierte in Auseinandersetzung mit den Chancen und Herausforderungen der digitalen Transformation ein breites Themenspektrum rund um KI, Architekturen, Technik, Strategieentwicklung, Kompetenzen, Didaktik und vieles mehr. Als gr\u00f6\u00dftes und innovativstes Event zu den Zuk\u00fcnften akademischer Bildung in der DACH-Region bot das Festival bilingual auf Deutsch und Englisch ein umfassendes <a href=\"https:\/\/festival.hfd.digital\/de\/programm-2023\/\">Programm mit \u00fcber 300 Vortr\u00e4gen, Workshops, Diskussionen und Mikrofortbildungen<\/a>, die aus 620 Einreichungen einer internationalen Hochschulcommunity ausgew\u00e4hlt wurden.&nbsp;<\/p>\n\n\n\n<p><\/p>\n\n\n\n<p>Das Festival war nach dem <strong>Digital-First-Prinzip konzipiert<\/strong>. Das bedeutet: Das Festival in seiner ganzen Vielfalt und das Rahmenprogramm waren in vollem Umfang nur online erlebbar. An <a href=\"https:\/\/festival.hfd.digital\/de\/praesenz-buehnen\/\">drei physischen B\u00fchnen<\/a> in Berlin, Bochum und Heilbronn wurden die besonderen M\u00f6glichkeiten der Pr\u00e4senz zum pers\u00f6nlichen Austausch kultiviert. Eindr\u00fccke und Highlights der B\u00fchnen finden Sie in <a href=\"https:\/\/festival.hfd.digital\/de\/galerie-universityfuture-festival-2023\/\">unserer Galerie<\/a>.<\/p>\n\n\n\n<p><\/p>\n\n\n\n<figure class=\"wp-block-embed is-type-video is-provider-youtube wp-block-embed-youtube wp-embed-aspect-16-9 wp-has-aspect-ratio\"><div class=\"wp-block-embed__wrapper\">\n<div class=\"BorlabsCookie _brlbs-cb-youtube\"><div class=\"_brlbs-content-blocker\"> <div class=\"_brlbs-embed _brlbs-video-youtube\"> <img decoding=\"async\" class=\"_brlbs-thumbnail\" src=\"https:\/\/festival.hfd.digital\/de\/wp-content\/plugins\/borlabs-cookie\/assets\/images\/cb-no-thumbnail.png\" alt=\"YouTube\"> <div class=\"_brlbs-caption\"> <p>Mit dem Aufruf des Videos erkl\u00f6rst du dich einverstanden, dass Deine Daten an YouTube \u00fcbermittelt werden und dass Du die <a href=\"https:\/\/policies.google.com\/privacy\" target=\"_blank\" rel=\"nofollow noopener noreferrer\">Datenschutzerkl\u00e4rung<\/a> gelesen hast.<\/p> <p><a class=\"_brlbs-btn _brlbs-icon-play-white\" href=\"#\" data-borlabs-cookie-unblock role=\"button\">Einverstanden und Video laden<\/a><\/p> <p><label><input type=\"checkbox\" name=\"unblockAll\" value=\"1\" checked> <small>YouTube immer entsperren<\/small><\/label><\/p> <\/div> <\/div> <\/div><div class=\"borlabs-hide\" data-borlabs-cookie-type=\"content-blocker\" data-borlabs-cookie-id=\"youtube\"><script type=\"text\/template\">PGlmcmFtZSB0aXRsZT0iRXLDtmZmbnVuZyBkZXIgQmVybGluIE1haW5zdGFnZSAtIFU6RkYgMjAyMyIgd2lkdGg9IjkwMCIgaGVpZ2h0PSI1MDYiIHNyYz0iaHR0cHM6Ly93d3cueW91dHViZS1ub2Nvb2tpZS5jb20vZW1iZWQvTE9SQlNvRDFNSDg\/bGlzdD1QTERFM055WmdIb0s3MXpQQmpSczFpUGQxTDljVXBfQTNNIiBmcmFtZWJvcmRlcj0iMCIgYWxsb3c9ImFjY2VsZXJvbWV0ZXI7IGF1dG9wbGF5OyBjbGlwYm9hcmQtd3JpdGU7IGVuY3J5cHRlZC1tZWRpYTsgZ3lyb3Njb3BlOyBwaWN0dXJlLWluLXBpY3R1cmU7IHdlYi1zaGFyZSIgcmVmZXJyZXJwb2xpY3k9InN0cmljdC1vcmlnaW4td2hlbi1jcm9zcy1vcmlnaW4iIGFsbG93ZnVsbHNjcmVlbj48L2lmcmFtZT4=<\/script><\/div><\/div>\n<\/div><\/figure>\n\n\n\n<p><\/p>\n\n\n\n<p>Alle aufgenommenen Videos des University:Future Festivals finden Sie auf dem <a href=\"https:\/\/www.youtube.com\/@HochschulforumDigitalisierung\">Youtube-Kanal des Hochschulforum Digitalisierung<\/a>.<\/p>\n\n\n\n<p>Organisiert wurde das University:Future Festival 2023 vom <a href=\"https:\/\/hochschulforumdigitalisierung.de\/\">Hochschulforum Digitalisierung<\/a> und der <a href=\"https:\/\/stiftung-hochschullehre.de\/\">Stiftung Innovation in der Hochschullehre<\/a>. Unterst\u00fctzt wurde es vom <a href=\"https:\/\/www.stifterverband.org\/\">Stifterverband<\/a>.<\/p>\n\n\n\n<div class=\"wp-block-columns is-layout-flex wp-container-core-columns-is-layout-9d6595d7 wp-block-columns-is-layout-flex\">\n<div class=\"wp-block-column is-layout-flow wp-block-column-is-layout-flow\">\n<div class=\"wp-block-buttons is-layout-flex wp-block-buttons-is-layout-flex\">\n<div class=\"wp-block-button\"><a class=\"wp-block-button__link wp-element-button\" href=\"https:\/\/festival.hfd.digital\/de\/programm-2023\/\">Programm 2023<\/a><\/div>\n<\/div>\n<\/div>\n\n\n\n<div class=\"wp-block-column is-layout-flow wp-block-column-is-layout-flow\">\n<div class=\"wp-block-buttons is-layout-flex wp-block-buttons-is-layout-flex\">\n<div class=\"wp-block-button\"><a class=\"wp-block-button__link wp-element-button\" href=\"https:\/\/festival.hfd.digital\/de\/die-tracks-2023\/\">Tracks 2023<\/a><\/div>\n<\/div>\n<\/div>\n\n\n\n<div class=\"wp-block-column is-layout-flow wp-block-column-is-layout-flow\">\n<div class=\"wp-block-buttons is-layout-flex wp-block-buttons-is-layout-flex\">\n<div class=\"wp-block-button\"><a class=\"wp-block-button__link wp-element-button\" href=\"https:\/\/festival.hfd.digital\/de\/speakerinnen-2023\/\">Speaker:innen 2023<\/a><\/div>\n<\/div>\n<\/div>\n<\/div>\n\n\n\n<p><\/p>\n\n\n\n<h3 class=\"wp-block-heading\"><strong>Das Motto \u201cHeads Up!\u201d<\/strong><\/h3>\n\n\n\n<p>Heads Up! \u2013 Achtung, da kommt was auf uns zu! Ein \u201cHeads Up\u201d ist eine Vorabinformation oder auch eine Vorwarnung. Was wird in den kommenden Jahren wichtig? Welche Themen und Entwicklungen gilt es im Auge zu behalten? Das U:FF hatte sich zuletzt mit der Post-Corona-Zeit besch\u00e4ftigt. Nun wanderte unser Blick weiter nach Vorne.<\/p>\n\n\n\n<p>Heads Up! \u2013 Kopf hoch, das wird schon wieder! \u201cHeads Up\u201d ist auch ein positiver Ausruf. Steigende Kosten und Anforderungen sorgen f\u00fcr Unsicherheit im Hochschulbereich; auch die Pandemie ist noch nicht vorbei. Das Festival reflektierte diese Lage und wollte konstruktiv in die Zukunft blicken.<\/p>\n\n\n\n<p><\/p>\n\n\n\n<h3 class=\"wp-block-heading\"><strong>Was das University:Future Festival 2023 besonders machte<\/strong><\/h3>\n\n\n\n<p><strong>Gr\u00f6\u00dfe und \u00dcberblick:&nbsp;<\/strong>Das U:FF bot als gr\u00f6\u00dftes Event seiner Art in der DACH-Region einen einzigartigen \u00dcberblick \u00fcber Zuk\u00fcnfte terti\u00e4rer Bildung und war damit DER Ort f\u00fcr inhaltliche Inspirationen.<\/p>\n\n\n\n<p><strong>Community-basiert:&nbsp;<\/strong>Unsere Community trifft sich nicht nur ein Mal im Jahr zum Festival \u2013 wir arbeiten das ganze Jahr \u00fcber vertrauensvoll miteinander. Inhalte und Formate des U:FF speisten sich zu einem gro\u00dfen Teil aus den diversen Communities von HFD und der Stiftung Innovation in der Hochschullehre. Mitglieder der Community begeisterten andere und teilten die Informationen \u00fcber das Festival.<\/p>\n\n\n\n<p><strong>Innovativ und bunt:&nbsp;<\/strong>Das U:FF strebte immer nach inhaltlichen und formattechnischen Innovationen. Hierzu z\u00e4hlten k\u00fcnstlerische Interventionen, neue und diverse Formatideen sowie eine zeitgem\u00e4\u00dfe digitale und analoge Eventerfahrung.<\/p>\n\n\n\n<p><strong>R\u00e4ume neu gedacht<\/strong>: Das U:FF dachte digitale und analoge R\u00e4ume neu. Es war digital-first-hybrid: Digital Teilnehmende waren die wichtigste Teilnehmenden-Gruppe. Jede:r konnte online mit einem Klick dabei sein. Aber wir waren auch geographisch vernetzt und boten mit mehreren Standorten in Deutschland M\u00f6glichkeiten zum regionalen Austausch.\u00a0<a href=\"https:\/\/festival.hfd.digital\/de\/unsere-praesenzbuehnen-2023\/\">Weitere Infos zu den Pr\u00e4senzstandorten finden Sie hier.<\/a><\/p>\n","protected":false},"excerpt":{"rendered":"Drei Tage rund um die Zukunft der Hochschulbildung: Unter dem Motto \u201cHeads Up!\u201d fand das University:Future Festival (U:FF) vom 26. bis 28. April 2023 in Pr\u00e4senz sowie im digitalen Raum statt.&nbsp;Dabei galt: Digital first! Das Festival in seiner ganzen Vielfalt und das Rahmenprogramm waren vollumf\u00e4nglich nur online zu erleben. Physische B\u00fchnen an verschiedenen Orten Deutschlands&#8230; <a class=\"view-article\" href=\"https:\/\/festival.hfd.digital\/de\/universityfuture-festival-2023\/\">View Article<\/a>","protected":false},"author":24,"featured_media":0,"parent":0,"menu_order":0,"comment_status":"closed","ping_status":"closed","template":"","meta":{"_acf_changed":false,"inline_featured_image":false,"footnotes":""},"class_list":["post-6097","page","type-page","status-publish","hentry"],"acf":[],"yoast_head":"<!-- This site is optimized with the Yoast SEO plugin v27.3 - https:\/\/yoast.com\/product\/yoast-seo-wordpress\/ -->\n<title>Recap: University:Future Festival 2023<\/title>\n<meta name=\"description\" content=\"Drei Tage rund um die Zukunft der Hochschulbildung: Das war das University:Future Festival - &quot;Heads Up!&quot;. Es fand vom 26. - 28.04.2023 statt.\" \/>\n<meta name=\"robots\" content=\"index, follow, max-snippet:-1, max-image-preview:large, max-video-preview:-1\" \/>\n<link rel=\"canonical\" href=\"https:\/\/festival.hfd.digital\/de\/universityfuture-festival-2023\/\" \/>\n<meta property=\"og:locale\" content=\"de_DE\" \/>\n<meta property=\"og:type\" content=\"article\" \/>\n<meta property=\"og:title\" content=\"R\u00fcckblick University:Future Festival 2023\" \/>\n<meta property=\"og:description\" content=\"Drei Tage rund um die Zukunft der Hochschulbildung: Das war das University:Future Festival - &quot;Heads Up!&quot;. Es fand vom 26. - 28.04.2023 statt.\" \/>\n<meta property=\"og:url\" content=\"https:\/\/festival.hfd.digital\/de\/universityfuture-festival-2023\/\" \/>\n<meta property=\"og:site_name\" content=\"University:Future Festival 2026\" \/>\n<meta property=\"article:modified_time\" content=\"2024-07-01T09:36:48+00:00\" \/>\n<meta property=\"og:image\" content=\"https:\/\/festival.hfd.digital\/de\/wp-content\/uploads\/sites\/3\/2022\/11\/UFF_Sharepics-Allgemein_Twitter-1.png\" \/>\n\t<meta property=\"og:image:width\" content=\"1600\" \/>\n\t<meta property=\"og:image:height\" content=\"900\" \/>\n\t<meta property=\"og:image:type\" content=\"image\/png\" \/>\n<meta name=\"twitter:card\" content=\"summary_large_image\" \/>\n<meta name=\"twitter:title\" content=\"R\u00fcckblick University:Future Festival 2023\" \/>\n<meta name=\"twitter:description\" content=\"Drei Tage rund um die Zukunft der Hochschulbildung: Das war das University:Future Festival - &quot;Heads Up!&quot;. Es fand vom 26. - 28.04.2023 statt.\" \/>\n<meta name=\"twitter:image\" content=\"https:\/\/festival.hfd.digital\/de\/wp-content\/uploads\/sites\/3\/2022\/11\/UFF_Sharepic-Allgemein-Facebook-Vorlage-2.png\" \/>\n<meta name=\"twitter:label1\" content=\"Gesch\u00e4tzte Lesezeit\" \/>\n\t<meta name=\"twitter:data1\" content=\"3\u00a0Minuten\" \/>\n<script type=\"application\/ld+json\" class=\"yoast-schema-graph\">{\"@context\":\"https:\\\/\\\/schema.org\",\"@graph\":[{\"@type\":\"WebPage\",\"@id\":\"https:\\\/\\\/festival.hfd.digital\\\/de\\\/universityfuture-festival-2023\\\/\",\"url\":\"https:\\\/\\\/festival.hfd.digital\\\/de\\\/universityfuture-festival-2023\\\/\",\"name\":\"Recap: University:Future Festival 2023\",\"isPartOf\":{\"@id\":\"https:\\\/\\\/festival.hfd.digital\\\/de\\\/#website\"},\"datePublished\":\"2023-08-28T17:54:13+00:00\",\"dateModified\":\"2024-07-01T09:36:48+00:00\",\"description\":\"Drei Tage rund um die Zukunft der Hochschulbildung: Das war das University:Future Festival - \\\"Heads Up!\\\". Es fand vom 26. - 28.04.2023 statt.\",\"inLanguage\":\"de\",\"potentialAction\":[{\"@type\":\"ReadAction\",\"target\":[\"https:\\\/\\\/festival.hfd.digital\\\/de\\\/universityfuture-festival-2023\\\/\"]}]},{\"@type\":\"WebSite\",\"@id\":\"https:\\\/\\\/festival.hfd.digital\\\/de\\\/#website\",\"url\":\"https:\\\/\\\/festival.hfd.digital\\\/de\\\/\",\"name\":\"University:Future Festival 2026\",\"description\":\"Das j\u00e4hrliche Festival zur Zukunft der Hochschulbildung.\",\"potentialAction\":[{\"@type\":\"SearchAction\",\"target\":{\"@type\":\"EntryPoint\",\"urlTemplate\":\"https:\\\/\\\/festival.hfd.digital\\\/de\\\/?s={search_term_string}\"},\"query-input\":{\"@type\":\"PropertyValueSpecification\",\"valueRequired\":true,\"valueName\":\"search_term_string\"}}],\"inLanguage\":\"de\"}]}<\/script>\n<!-- \/ Yoast SEO plugin. -->","yoast_head_json":{"title":"Recap: University:Future Festival 2023","description":"Drei Tage rund um die Zukunft der Hochschulbildung: Das war das University:Future Festival - \"Heads Up!\". Es fand vom 26. - 28.04.2023 statt.","robots":{"index":"index","follow":"follow","max-snippet":"max-snippet:-1","max-image-preview":"max-image-preview:large","max-video-preview":"max-video-preview:-1"},"canonical":"https:\/\/festival.hfd.digital\/de\/universityfuture-festival-2023\/","og_locale":"de_DE","og_type":"article","og_title":"R\u00fcckblick University:Future Festival 2023","og_description":"Drei Tage rund um die Zukunft der Hochschulbildung: Das war das University:Future Festival - \"Heads Up!\". Es fand vom 26. - 28.04.2023 statt.","og_url":"https:\/\/festival.hfd.digital\/de\/universityfuture-festival-2023\/","og_site_name":"University:Future Festival 2026","article_modified_time":"2024-07-01T09:36:48+00:00","og_image":[{"width":1600,"height":900,"url":"https:\/\/festival.hfd.digital\/de\/wp-content\/uploads\/sites\/3\/2022\/11\/UFF_Sharepics-Allgemein_Twitter-1.png","type":"image\/png"}],"twitter_card":"summary_large_image","twitter_title":"R\u00fcckblick University:Future Festival 2023","twitter_description":"Drei Tage rund um die Zukunft der Hochschulbildung: Das war das University:Future Festival - \"Heads Up!\". Es fand vom 26. - 28.04.2023 statt.","twitter_image":"https:\/\/festival.hfd.digital\/de\/wp-content\/uploads\/sites\/3\/2022\/11\/UFF_Sharepic-Allgemein-Facebook-Vorlage-2.png","twitter_misc":{"Gesch\u00e4tzte Lesezeit":"3\u00a0Minuten"},"schema":{"@context":"https:\/\/schema.org","@graph":[{"@type":"WebPage","@id":"https:\/\/festival.hfd.digital\/de\/universityfuture-festival-2023\/","url":"https:\/\/festival.hfd.digital\/de\/universityfuture-festival-2023\/","name":"Recap: University:Future Festival 2023","isPartOf":{"@id":"https:\/\/festival.hfd.digital\/de\/#website"},"datePublished":"2023-08-28T17:54:13+00:00","dateModified":"2024-07-01T09:36:48+00:00","description":"Drei Tage rund um die Zukunft der Hochschulbildung: Das war das University:Future Festival - \"Heads Up!\". Es fand vom 26. - 28.04.2023 statt.","inLanguage":"de","potentialAction":[{"@type":"ReadAction","target":["https:\/\/festival.hfd.digital\/de\/universityfuture-festival-2023\/"]}]},{"@type":"WebSite","@id":"https:\/\/festival.hfd.digital\/de\/#website","url":"https:\/\/festival.hfd.digital\/de\/","name":"University:Future Festival 2026","description":"Das j\u00e4hrliche Festival zur Zukunft der Hochschulbildung.","potentialAction":[{"@type":"SearchAction","target":{"@type":"EntryPoint","urlTemplate":"https:\/\/festival.hfd.digital\/de\/?s={search_term_string}"},"query-input":{"@type":"PropertyValueSpecification","valueRequired":true,"valueName":"search_term_string"}}],"inLanguage":"de"}]}},"_links":{"self":[{"href":"https:\/\/festival.hfd.digital\/de\/wp-json\/wp\/v2\/pages\/6097","targetHints":{"allow":["GET"]}}],"collection":[{"href":"https:\/\/festival.hfd.digital\/de\/wp-json\/wp\/v2\/pages"}],"about":[{"href":"https:\/\/festival.hfd.digital\/de\/wp-json\/wp\/v2\/types\/page"}],"author":[{"embeddable":true,"href":"https:\/\/festival.hfd.digital\/de\/wp-json\/wp\/v2\/users\/24"}],"replies":[{"embeddable":true,"href":"https:\/\/festival.hfd.digital\/de\/wp-json\/wp\/v2\/comments?post=6097"}],"version-history":[{"count":29,"href":"https:\/\/festival.hfd.digital\/de\/wp-json\/wp\/v2\/pages\/6097\/revisions"}],"predecessor-version":[{"id":9604,"href":"https:\/\/festival.hfd.digital\/de\/wp-json\/wp\/v2\/pages\/6097\/revisions\/9604"}],"wp:attachment":[{"href":"https:\/\/festival.hfd.digital\/de\/wp-json\/wp\/v2\/media?parent=6097"}],"curies":[{"name":"wp","href":"https:\/\/api.w.org\/{rel}","templated":true}]}}