{"id":5393,"date":"2023-03-13T15:49:10","date_gmt":"2023-03-13T15:49:10","guid":{"rendered":"https:\/\/festival.hfd.digital\/de\/?page_id=5393"},"modified":"2024-06-26T10:44:13","modified_gmt":"2024-06-26T10:44:13","slug":"programm-stages2023","status":"publish","type":"page","link":"https:\/\/festival.hfd.digital\/de\/programm-stages2023\/","title":{"rendered":"\u00dcber die Stages 2023"},"content":{"rendered":"<p><strong>Berlin Mainstage:\u00a0<\/strong>Die physische Hauptb\u00fchne des Festivals.<\/p>\n<p><strong>ORCA.nrw-Stage:<\/strong> Die Bochumer B\u00fchne des Festivals, organisiert von ORCA.nrw. Schwerpunkte: Open Educational Ressources sowie Beitr\u00e4ge aus NRW.<\/p>\n<p><strong>KI-Campus-Stage:<\/strong> Die Heilbronner B\u00fchne des Festivals, organisiert vom KI-Campus. Schwerpunkt: K\u00fcnstliche Intelligenz.<\/p>\n<p><strong>StIL-Stage:\u00a0<\/strong>Eine digitale B\u00fchne mit Beitr\u00e4gen von durch die Stiftung Innovation in der Hochschullehre (StIL) gef\u00f6rderten Projekten.<\/p>\n<p><strong>Digital 1-10:\u00a0<\/strong>Digitale B\u00fchnen mit Beitr\u00e4gen aus allen Tracks.<\/p>\n<p><strong>Lightning Stage:<\/strong> Eine digitale B\u00fchne f\u00fcr Lightning Talks.<\/p>\n\n\n<figure class=\"wp-block-image size-large\"><img loading=\"lazy\" decoding=\"async\" width=\"700\" height=\"394\" src=\"https:\/\/festival.hfd.digital\/de\/wp-content\/uploads\/sites\/3\/2023\/02\/Stages_Deutsch-700x394.png\" alt=\"\u00dcbersicht \u00fcber die Stages. 26. April: Digital, Berlin und Heilbronn. 27. April: Digital, Berlin, Bochum und Heilbronn. 28. April: Nur digital.\" class=\"wp-image-5254\" srcset=\"https:\/\/festival.hfd.digital\/de\/wp-content\/uploads\/sites\/3\/2023\/02\/Stages_Deutsch-700x394.png 700w, https:\/\/festival.hfd.digital\/de\/wp-content\/uploads\/sites\/3\/2023\/02\/Stages_Deutsch-250x141.png 250w, https:\/\/festival.hfd.digital\/de\/wp-content\/uploads\/sites\/3\/2023\/02\/Stages_Deutsch-768x432.png 768w, https:\/\/festival.hfd.digital\/de\/wp-content\/uploads\/sites\/3\/2023\/02\/Stages_Deutsch-1536x864.png 1536w, https:\/\/festival.hfd.digital\/de\/wp-content\/uploads\/sites\/3\/2023\/02\/Stages_Deutsch-120x68.png 120w, https:\/\/festival.hfd.digital\/de\/wp-content\/uploads\/sites\/3\/2023\/02\/Stages_Deutsch.png 1920w\" sizes=\"auto, (max-width: 700px) 100vw, 700px\" \/><\/figure>\n","protected":false},"excerpt":{"rendered":"Berlin Mainstage:\u00a0Die physische Hauptb\u00fchne des Festivals. ORCA.nrw-Stage: Die Bochumer B\u00fchne des Festivals, organisiert von ORCA.nrw. Schwerpunkte: Open Educational Ressources sowie Beitr\u00e4ge aus NRW. KI-Campus-Stage: Die Heilbronner B\u00fchne des Festivals, organisiert vom KI-Campus. Schwerpunkt: K\u00fcnstliche Intelligenz. StIL-Stage:\u00a0Eine digitale B\u00fchne mit Beitr\u00e4gen von durch die Stiftung Innovation in der Hochschullehre (StIL) gef\u00f6rderten Projekten. Digital 1-10:\u00a0Digitale B\u00fchnen mit&#8230; <a class=\"view-article\" href=\"https:\/\/festival.hfd.digital\/de\/programm-stages2023\/\">View Article<\/a>","protected":false},"author":4,"featured_media":0,"parent":0,"menu_order":0,"comment_status":"closed","ping_status":"closed","template":"","meta":{"_acf_changed":false,"inline_featured_image":false,"footnotes":""},"class_list":["post-5393","page","type-page","status-publish","hentry"],"acf":[],"yoast_head":"<!-- This site is optimized with the Yoast SEO plugin v27.3 - https:\/\/yoast.com\/product\/yoast-seo-wordpress\/ -->\n<title>\u00dcber die Stages 2023 | University:Future Festival 2023<\/title>\n<meta name=\"description\" content=\"Das U:FF 2023 fand vom 26. - 28. April in Berlin, Bochum, Heilbronn und digital statt. Hier erfahren Sie mehr \u00fcber die Stages.\" \/>\n<meta name=\"robots\" content=\"index, follow, max-snippet:-1, max-image-preview:large, max-video-preview:-1\" \/>\n<link rel=\"canonical\" href=\"https:\/\/festival.hfd.digital\/de\/programm-stages2023\/\" \/>\n<meta property=\"og:locale\" content=\"de_DE\" \/>\n<meta property=\"og:type\" content=\"article\" \/>\n<meta property=\"og:title\" content=\"University:Future Festival 2023\" \/>\n<meta property=\"og:description\" content=\"Das U:FF fand vom 26. - 28. April in Berlin, Bochum, Heilbronn und digital statt. Hier erfahren Sie mehr \u00fcber die Stages.\" \/>\n<meta property=\"og:url\" content=\"https:\/\/festival.hfd.digital\/de\/programm-stages2023\/\" \/>\n<meta property=\"og:site_name\" content=\"University:Future Festival 2026\" \/>\n<meta property=\"article:modified_time\" content=\"2024-06-26T10:44:13+00:00\" \/>\n<meta property=\"og:image\" content=\"https:\/\/festival.hfd.digital\/de\/wp-content\/uploads\/sites\/3\/2023\/01\/Allgemein-2-DE.jpg\" \/>\n\t<meta property=\"og:image:width\" content=\"1024\" \/>\n\t<meta property=\"og:image:height\" content=\"768\" \/>\n\t<meta property=\"og:image:type\" content=\"image\/jpeg\" \/>\n<meta name=\"twitter:card\" content=\"summary_large_image\" \/>\n<meta name=\"twitter:title\" content=\"University:Future Festival 2023\" \/>\n<meta name=\"twitter:description\" content=\"Das U:FF fand vom 26. - 28. April in Berlin, Bochum, Heilbronn und digital statt. Hier erfahren Sie mehr \u00fcber die Stages.\" \/>\n<meta name=\"twitter:image\" content=\"https:\/\/festival.hfd.digital\/de\/wp-content\/uploads\/sites\/3\/2023\/01\/Allgemein-2-DE.jpg\" \/>\n<meta name=\"twitter:label1\" content=\"Gesch\u00e4tzte Lesezeit\" \/>\n\t<meta name=\"twitter:data1\" content=\"1\u00a0Minute\" \/>\n<script type=\"application\/ld+json\" class=\"yoast-schema-graph\">{\"@context\":\"https:\\\/\\\/schema.org\",\"@graph\":[{\"@type\":\"WebPage\",\"@id\":\"https:\\\/\\\/festival.hfd.digital\\\/de\\\/programm-stages2023\\\/\",\"url\":\"https:\\\/\\\/festival.hfd.digital\\\/de\\\/programm-stages2023\\\/\",\"name\":\"\u00dcber die Stages 2023 | University:Future Festival 2023\",\"isPartOf\":{\"@id\":\"https:\\\/\\\/festival.hfd.digital\\\/de\\\/#website\"},\"primaryImageOfPage\":{\"@id\":\"https:\\\/\\\/festival.hfd.digital\\\/de\\\/programm-stages2023\\\/#primaryimage\"},\"image\":{\"@id\":\"https:\\\/\\\/festival.hfd.digital\\\/de\\\/programm-stages2023\\\/#primaryimage\"},\"thumbnailUrl\":\"https:\\\/\\\/festival.hfd.digital\\\/de\\\/wp-content\\\/uploads\\\/sites\\\/3\\\/2023\\\/02\\\/Stages_Deutsch-700x394.png\",\"datePublished\":\"2023-03-13T15:49:10+00:00\",\"dateModified\":\"2024-06-26T10:44:13+00:00\",\"description\":\"Das U:FF 2023 fand vom 26. - 28. April in Berlin, Bochum, Heilbronn und digital statt. Hier erfahren Sie mehr \u00fcber die Stages.\",\"inLanguage\":\"de\",\"potentialAction\":[{\"@type\":\"ReadAction\",\"target\":[\"https:\\\/\\\/festival.hfd.digital\\\/de\\\/programm-stages2023\\\/\"]}]},{\"@type\":\"ImageObject\",\"inLanguage\":\"de\",\"@id\":\"https:\\\/\\\/festival.hfd.digital\\\/de\\\/programm-stages2023\\\/#primaryimage\",\"url\":\"https:\\\/\\\/festival.hfd.digital\\\/de\\\/wp-content\\\/uploads\\\/sites\\\/3\\\/2023\\\/02\\\/Stages_Deutsch.png\",\"contentUrl\":\"https:\\\/\\\/festival.hfd.digital\\\/de\\\/wp-content\\\/uploads\\\/sites\\\/3\\\/2023\\\/02\\\/Stages_Deutsch.png\",\"width\":1920,\"height\":1080,\"caption\":\"\u00dcbersicht \u00fcber die Stages. 26. April: Digital, Berlin und Heilbronn. 27. April: Digital, Berlin, Bochum und Heilbronn. 28. April: Nur digital.\"},{\"@type\":\"WebSite\",\"@id\":\"https:\\\/\\\/festival.hfd.digital\\\/de\\\/#website\",\"url\":\"https:\\\/\\\/festival.hfd.digital\\\/de\\\/\",\"name\":\"University:Future Festival 2026\",\"description\":\"Das j\u00e4hrliche Festival zur Zukunft der Hochschulbildung.\",\"potentialAction\":[{\"@type\":\"SearchAction\",\"target\":{\"@type\":\"EntryPoint\",\"urlTemplate\":\"https:\\\/\\\/festival.hfd.digital\\\/de\\\/?s={search_term_string}\"},\"query-input\":{\"@type\":\"PropertyValueSpecification\",\"valueRequired\":true,\"valueName\":\"search_term_string\"}}],\"inLanguage\":\"de\"}]}<\/script>\n<!-- \/ Yoast SEO plugin. -->","yoast_head_json":{"title":"\u00dcber die Stages 2023 | University:Future Festival 2023","description":"Das U:FF 2023 fand vom 26. - 28. April in Berlin, Bochum, Heilbronn und digital statt. Hier erfahren Sie mehr \u00fcber die Stages.","robots":{"index":"index","follow":"follow","max-snippet":"max-snippet:-1","max-image-preview":"max-image-preview:large","max-video-preview":"max-video-preview:-1"},"canonical":"https:\/\/festival.hfd.digital\/de\/programm-stages2023\/","og_locale":"de_DE","og_type":"article","og_title":"University:Future Festival 2023","og_description":"Das U:FF fand vom 26. - 28. April in Berlin, Bochum, Heilbronn und digital statt. Hier erfahren Sie mehr \u00fcber die Stages.","og_url":"https:\/\/festival.hfd.digital\/de\/programm-stages2023\/","og_site_name":"University:Future Festival 2026","article_modified_time":"2024-06-26T10:44:13+00:00","og_image":[{"width":1024,"height":768,"url":"https:\/\/festival.hfd.digital\/de\/wp-content\/uploads\/sites\/3\/2023\/01\/Allgemein-2-DE.jpg","type":"image\/jpeg"}],"twitter_card":"summary_large_image","twitter_title":"University:Future Festival 2023","twitter_description":"Das U:FF fand vom 26. - 28. April in Berlin, Bochum, Heilbronn und digital statt. Hier erfahren Sie mehr \u00fcber die Stages.","twitter_image":"https:\/\/festival.hfd.digital\/de\/wp-content\/uploads\/sites\/3\/2023\/01\/Allgemein-2-DE.jpg","twitter_misc":{"Gesch\u00e4tzte Lesezeit":"1\u00a0Minute"},"schema":{"@context":"https:\/\/schema.org","@graph":[{"@type":"WebPage","@id":"https:\/\/festival.hfd.digital\/de\/programm-stages2023\/","url":"https:\/\/festival.hfd.digital\/de\/programm-stages2023\/","name":"\u00dcber die Stages 2023 | University:Future Festival 2023","isPartOf":{"@id":"https:\/\/festival.hfd.digital\/de\/#website"},"primaryImageOfPage":{"@id":"https:\/\/festival.hfd.digital\/de\/programm-stages2023\/#primaryimage"},"image":{"@id":"https:\/\/festival.hfd.digital\/de\/programm-stages2023\/#primaryimage"},"thumbnailUrl":"https:\/\/festival.hfd.digital\/de\/wp-content\/uploads\/sites\/3\/2023\/02\/Stages_Deutsch-700x394.png","datePublished":"2023-03-13T15:49:10+00:00","dateModified":"2024-06-26T10:44:13+00:00","description":"Das U:FF 2023 fand vom 26. - 28. April in Berlin, Bochum, Heilbronn und digital statt. Hier erfahren Sie mehr \u00fcber die Stages.","inLanguage":"de","potentialAction":[{"@type":"ReadAction","target":["https:\/\/festival.hfd.digital\/de\/programm-stages2023\/"]}]},{"@type":"ImageObject","inLanguage":"de","@id":"https:\/\/festival.hfd.digital\/de\/programm-stages2023\/#primaryimage","url":"https:\/\/festival.hfd.digital\/de\/wp-content\/uploads\/sites\/3\/2023\/02\/Stages_Deutsch.png","contentUrl":"https:\/\/festival.hfd.digital\/de\/wp-content\/uploads\/sites\/3\/2023\/02\/Stages_Deutsch.png","width":1920,"height":1080,"caption":"\u00dcbersicht \u00fcber die Stages. 26. April: Digital, Berlin und Heilbronn. 27. April: Digital, Berlin, Bochum und Heilbronn. 28. April: Nur digital."},{"@type":"WebSite","@id":"https:\/\/festival.hfd.digital\/de\/#website","url":"https:\/\/festival.hfd.digital\/de\/","name":"University:Future Festival 2026","description":"Das j\u00e4hrliche Festival zur Zukunft der Hochschulbildung.","potentialAction":[{"@type":"SearchAction","target":{"@type":"EntryPoint","urlTemplate":"https:\/\/festival.hfd.digital\/de\/?s={search_term_string}"},"query-input":{"@type":"PropertyValueSpecification","valueRequired":true,"valueName":"search_term_string"}}],"inLanguage":"de"}]}},"_links":{"self":[{"href":"https:\/\/festival.hfd.digital\/de\/wp-json\/wp\/v2\/pages\/5393","targetHints":{"allow":["GET"]}}],"collection":[{"href":"https:\/\/festival.hfd.digital\/de\/wp-json\/wp\/v2\/pages"}],"about":[{"href":"https:\/\/festival.hfd.digital\/de\/wp-json\/wp\/v2\/types\/page"}],"author":[{"embeddable":true,"href":"https:\/\/festival.hfd.digital\/de\/wp-json\/wp\/v2\/users\/4"}],"replies":[{"embeddable":true,"href":"https:\/\/festival.hfd.digital\/de\/wp-json\/wp\/v2\/comments?post=5393"}],"version-history":[{"count":8,"href":"https:\/\/festival.hfd.digital\/de\/wp-json\/wp\/v2\/pages\/5393\/revisions"}],"predecessor-version":[{"id":7660,"href":"https:\/\/festival.hfd.digital\/de\/wp-json\/wp\/v2\/pages\/5393\/revisions\/7660"}],"wp:attachment":[{"href":"https:\/\/festival.hfd.digital\/de\/wp-json\/wp\/v2\/media?parent=5393"}],"curies":[{"name":"wp","href":"https:\/\/api.w.org\/{rel}","templated":true}]}}