{"id":5045,"date":"2023-02-01T16:47:39","date_gmt":"2023-02-01T16:47:39","guid":{"rendered":"https:\/\/festival.hfd.digital\/de\/?page_id=5045"},"modified":"2024-07-01T09:35:38","modified_gmt":"2024-07-01T09:35:38","slug":"unsere-praesenzbuehnen-2023","status":"publish","type":"page","link":"https:\/\/festival.hfd.digital\/de\/unsere-praesenzbuehnen-2023\/","title":{"rendered":"Unsere Pr\u00e4senzb\u00fchnen 2023"},"content":{"rendered":"\n<p>Das University:Future Festival war <strong>digital first<\/strong> \u2013 in diesem Jahr gab es aber zus\u00e4tzlich <strong>drei physische B\u00fchnen in <a href=\"#berlin\">Berlin<\/a>, <a href=\"#bochum\">Bochum<\/a><\/strong> <strong>und <\/strong><a href=\"#heilbronn\"><strong>Heilbronn<\/strong><\/a>.&nbsp;<\/p>\n\n\n\n<p><strong>WICHTIG:<\/strong> Das Programm mit all seinen B\u00fchnen war in seinem vollen Umfang nur digital erlebbar. Nahmen Sie am University:Future Festival in allererster Linie <strong>aus inhaltlichem Interesse teil, war eine digitale Teilnahme besser<\/strong>. Nur hier konnten Sie das ganze Programm erleben, nur hier konnten Sie sich inhaltlich beteiligen.<\/p>\n\n\n\n<p>Interessierte hatten aber vor Ort die M\u00f6glichkeit, sich in Berlin, Bochum oder Heilbronn mit anderen Community-Mitgliedern zu treffen und sich pers\u00f6nlich auszutauschen.&nbsp;Eindr\u00fccke und Highlights der B\u00fchnen finden Sie in&nbsp;<a href=\"https:\/\/festival.hfd.digital\/de\/galerie-universityfuture-festival-2023\/\">unserer Galerie<\/a>.<\/p>\n\n\n\n<p>Sowohl <strong>Online- als auch Pr\u00e4senztickets waren kostenlos<\/strong>. Die Tickets f\u00fcr eine Pr\u00e4senz-Teilnahme an einer der Live-B\u00fchnen in Berlin, Bochum und Heilbronn war begrenzt.<\/p>\n\n\n\n<h2 class=\"wp-block-heading\" id=\"berlin\"><strong>Mainstage Berlin (26. &amp; 27. April)<\/strong><\/h2>\n\n\n\n<p>Die Mainstage in Berlin \u00f6ffnete am 26. und 27. April ihre T\u00fcren. Im KINDL &#8211; Zentrum f\u00fcr zeitgen\u00f6ssische Kunst konnten Teilnehmer:innen <strong>Keynotes zu allen im Programm vertretenen Themen-Tracks auf der Mainstage<\/strong> live erleben und im Community Space in den pers\u00f6nlichen Austausch mit Speaker:innen und Festival-Besucher:innen gehen. Der Experience:Space lud Sie zu hands-on Erlebnissen und einem abwechslungsreichen Rahmenprogramm ein.&nbsp;<\/p>\n\n\n\n<p>Stellen Sie sich ein gutes Caf\u00e9 vor mit angrenzendem Vortragsraum (unsere Mainstage) und einigen spannenden Ausstellungsst\u00fccken. Die <strong>Pr\u00e4senz sahen wir als Ort f\u00fcr den pers\u00f6nlichen Austausch und die Kontaktpflege<\/strong>. Hier wurde Kaffee getrunken und sich mit anderen Communitymitglieder getroffen.<\/p>\n\n\n\n<p><em>Location:<\/em> KINDL, Am Sudhaus 3, 12053 Berlin<br><em>Datum &amp; Uhrzeit:<\/em> 26.04.2023, 09:00 &#8211; 17:30 Uhr&nbsp;\/\/ 27.04.2023, 09:00 &#8211; 17:30 Uhr<\/p>\n\n\n\n<div class=\"wp-block-columns is-layout-flex wp-container-core-columns-is-layout-9d6595d7 wp-block-columns-is-layout-flex\">\n<div class=\"wp-block-column is-layout-flow wp-block-column-is-layout-flow\">\n<figure class=\"wp-block-image size-large is-style-rounded wp-duotone-rgb000-rgb254254254-1\"><img loading=\"lazy\" decoding=\"async\" width=\"700\" height=\"700\" src=\"https:\/\/festival.hfd.digital\/de\/wp-content\/uploads\/sites\/3\/2023\/02\/nina-03_HiRes-700x700.jpg\" alt=\"Foto von Nina Lindlahr\" class=\"wp-image-5265\" srcset=\"https:\/\/festival.hfd.digital\/de\/wp-content\/uploads\/sites\/3\/2023\/02\/nina-03_HiRes-700x700.jpg 700w, https:\/\/festival.hfd.digital\/de\/wp-content\/uploads\/sites\/3\/2023\/02\/nina-03_HiRes-250x250.jpg 250w, https:\/\/festival.hfd.digital\/de\/wp-content\/uploads\/sites\/3\/2023\/02\/nina-03_HiRes-150x150.jpg 150w, https:\/\/festival.hfd.digital\/de\/wp-content\/uploads\/sites\/3\/2023\/02\/nina-03_HiRes-768x768.jpg 768w, https:\/\/festival.hfd.digital\/de\/wp-content\/uploads\/sites\/3\/2023\/02\/nina-03_HiRes-1536x1536.jpg 1536w, https:\/\/festival.hfd.digital\/de\/wp-content\/uploads\/sites\/3\/2023\/02\/nina-03_HiRes-2048x2048.jpg 2048w, https:\/\/festival.hfd.digital\/de\/wp-content\/uploads\/sites\/3\/2023\/02\/nina-03_HiRes-120x120.jpg 120w\" sizes=\"auto, (max-width: 700px) 100vw, 700px\" \/><\/figure>\n<\/div>\n\n\n\n<div class=\"wp-block-column is-layout-flow wp-block-column-is-layout-flow\">\n<p><strong>Moderatorin der Mainstage:<\/strong><br><strong>Nina Lindlahr<\/strong><br>Journalistin, Moderatorin und Sprecherin<\/p>\n<\/div>\n\n\n\n<div class=\"wp-block-column is-layout-flow wp-block-column-is-layout-flow\"><\/div>\n<\/div>\n\n\n\n<p><\/p>\n\n\n\n<p><\/p>\n\n\n\n<h2 class=\"wp-block-heading\" id=\"bochum\"><strong><a href=\"https:\/\/www.orca.nrw\/\">ORCA.nrw<\/a>-B\u00fchne in Bochum (27. April)<\/strong><\/h2>\n\n\n\n<p>Die Partner-Stage in Bochum wurde von <a href=\"https:\/\/www.orca.nrw\/\">ORCA.nrw<\/a> organisiert und war f\u00fcr Besucher:innen am 27. April zwischen 9:30 und 17:30 Uhr ge\u00f6ffnet. Inhaltlich lag der Fokus der B\u00fchne auf dem <strong>Track \u201cOpenness &amp; Vision\u201d<\/strong> und wurde von PD Dr. Markus Deimann (Gesch\u00e4ftsf\u00fchrer von ORCA.nrw) moderiert. Vor Ort gab es spannende Keynotes und die M\u00f6glichkeit zum Netzwerken. Im Anschluss an das Tagesprogramm wurden die Teilnehmer:innen zu einem gemeinsamen Get-together eingeladen und hatten die M\u00f6glichkeit, VR live zu erleben.&nbsp;<\/p>\n\n\n\n<p><em>Location: <\/em>O-Werk Bochum, Suttner-Nobel-Allee 4, 44803 Bochum<br><em>Datum &amp; Uhrzeit:<\/em> 27.04.2023, 09:00 &#8211; 17:30 Uhr<\/p>\n\n\n\n<div class=\"wp-block-columns is-layout-flex wp-container-core-columns-is-layout-9d6595d7 wp-block-columns-is-layout-flex\">\n<div class=\"wp-block-column is-layout-flow wp-block-column-is-layout-flow\">\n<figure class=\"wp-block-image size-full is-style-rounded wp-duotone-rgb000-rgb254254254-2\"><img loading=\"lazy\" decoding=\"async\" width=\"299\" height=\"299\" src=\"https:\/\/festival.hfd.digital\/de\/wp-content\/uploads\/sites\/3\/2023\/01\/Markus_Deimann-1.jpg\" alt=\"\" class=\"wp-image-4807\" srcset=\"https:\/\/festival.hfd.digital\/de\/wp-content\/uploads\/sites\/3\/2023\/01\/Markus_Deimann-1.jpg 299w, https:\/\/festival.hfd.digital\/de\/wp-content\/uploads\/sites\/3\/2023\/01\/Markus_Deimann-1-250x250.jpg 250w, https:\/\/festival.hfd.digital\/de\/wp-content\/uploads\/sites\/3\/2023\/01\/Markus_Deimann-1-150x150.jpg 150w, https:\/\/festival.hfd.digital\/de\/wp-content\/uploads\/sites\/3\/2023\/01\/Markus_Deimann-1-120x120.jpg 120w\" sizes=\"auto, (max-width: 299px) 100vw, 299px\" \/><\/figure>\n<\/div>\n\n\n\n<div class=\"wp-block-column is-layout-flow wp-block-column-is-layout-flow\">\n<p><strong>Moderator der Partner-B\u00fchne:<\/strong><br><strong>Markus Deimann<\/strong><br>Gesch\u00e4ftsf\u00fchrer ORCA.nrw<\/p>\n<\/div>\n\n\n\n<div class=\"wp-block-column is-layout-flow wp-block-column-is-layout-flow\"><\/div>\n<\/div>\n\n\n\n<p><\/p>\n\n\n\n<p><\/p>\n\n\n\n<h2 class=\"wp-block-heading\" id=\"heilbronn\"><strong><a href=\"https:\/\/ki-campus.org\/\">KI-Campus<\/a>-B\u00fchne in Heilbronn (26. &amp; 27. April)<\/strong><\/h2>\n\n\n\n<p>Auf der Partner-Stage in Heilbronn lud der <a href=\"https:\/\/www.ki-campus.org\/\">KI-Campus<\/a> zum Austausch rund um den Track &#8222;AI &amp; Technology&#8220; ein. Im Rahmen des Programms, bestehend aus Keynotes und Paneldiskussionen, konnten Teilnehmende vor Ort interaktive KI-Explorables erleben. Am 26. April fand ab 17:30 Uhr der Umtrunk im Caf\u00e9 der Maschinenfabrik statt, welcher musikalisch von KI-Musiker Dr. Tristan Behrens begleitet wurde.&nbsp;<\/p>\n\n\n\n<p><em>Location: <\/em>Freies Kulturzentrum Maschinenfabrik Heilbronn e. V. (Olgastra\u00dfe 45, 74072 Heilbronn)<br><em>Datum &amp; Uhrzeit:<\/em> 26.04.2023, 14:25-17:30 Uhr&nbsp;\/\/ 27.04.2023, 09:00-17:30 Uhr<\/p>\n\n\n\n<div class=\"wp-block-columns is-layout-flex wp-container-core-columns-is-layout-9d6595d7 wp-block-columns-is-layout-flex\">\n<div class=\"wp-block-column is-layout-flow wp-block-column-is-layout-flow\">\n<figure class=\"wp-block-image size-large is-style-rounded wp-duotone-rgb000-rgb254254254-3\"><img loading=\"lazy\" decoding=\"async\" width=\"700\" height=\"700\" src=\"https:\/\/festival.hfd.digital\/de\/wp-content\/uploads\/sites\/3\/2023\/02\/Andrea_Thilo_Moderation-700x700.png\" alt=\"\" class=\"wp-image-5234\" srcset=\"https:\/\/festival.hfd.digital\/de\/wp-content\/uploads\/sites\/3\/2023\/02\/Andrea_Thilo_Moderation-700x700.png 700w, https:\/\/festival.hfd.digital\/de\/wp-content\/uploads\/sites\/3\/2023\/02\/Andrea_Thilo_Moderation-250x250.png 250w, https:\/\/festival.hfd.digital\/de\/wp-content\/uploads\/sites\/3\/2023\/02\/Andrea_Thilo_Moderation-150x150.png 150w, https:\/\/festival.hfd.digital\/de\/wp-content\/uploads\/sites\/3\/2023\/02\/Andrea_Thilo_Moderation-768x768.png 768w, https:\/\/festival.hfd.digital\/de\/wp-content\/uploads\/sites\/3\/2023\/02\/Andrea_Thilo_Moderation-120x120.png 120w, https:\/\/festival.hfd.digital\/de\/wp-content\/uploads\/sites\/3\/2023\/02\/Andrea_Thilo_Moderation.png 847w\" sizes=\"auto, (max-width: 700px) 100vw, 700px\" \/><\/figure>\n<\/div>\n\n\n\n<div class=\"wp-block-column is-layout-flow wp-block-column-is-layout-flow\">\n<p><strong>Moderatorin der Partner-B\u00fchne:<\/strong><br><strong>Andrea Thilo<\/strong><br>Journalistin, Moderatorin &amp; Trainerin in den Bereichen Kultur\/Bildung, Nachhaltigkeit und digitale Transformation<\/p>\n<\/div>\n\n\n\n<div class=\"wp-block-column is-layout-flow wp-block-column-is-layout-flow\"><\/div>\n<\/div>\n\n\n\n<p><\/p>\n","protected":false},"excerpt":{"rendered":"Das University:Future Festival war digital first \u2013 in diesem Jahr gab es aber zus\u00e4tzlich drei physische B\u00fchnen in Berlin, Bochum und Heilbronn.&nbsp; WICHTIG: Das Programm mit all seinen B\u00fchnen war in seinem vollen Umfang nur digital erlebbar. Nahmen Sie am University:Future Festival in allererster Linie aus inhaltlichem Interesse teil, war eine digitale Teilnahme besser. Nur&#8230; <a class=\"view-article\" href=\"https:\/\/festival.hfd.digital\/de\/unsere-praesenzbuehnen-2023\/\">View Article<\/a>","protected":false},"author":4,"featured_media":0,"parent":0,"menu_order":0,"comment_status":"closed","ping_status":"closed","template":"","meta":{"_acf_changed":false,"inline_featured_image":false,"footnotes":""},"class_list":["post-5045","page","type-page","status-publish","hentry"],"acf":[],"yoast_head":"<!-- This site is optimized with the Yoast SEO plugin v27.3 - https:\/\/yoast.com\/product\/yoast-seo-wordpress\/ -->\n<title>Pr\u00e4senzb\u00fchnen beim U:FF 2023<\/title>\n<meta name=\"description\" content=\"Das University:Future Festival war digital first \u2013 in diesem Jahr gab es zus\u00e4tzlich physische B\u00fchnen in Berlin, Bochum und Heilbronn.\" \/>\n<meta name=\"robots\" content=\"index, follow, max-snippet:-1, max-image-preview:large, max-video-preview:-1\" \/>\n<link rel=\"canonical\" href=\"https:\/\/festival.hfd.digital\/de\/unsere-praesenzbuehnen-2023\/\" \/>\n<meta property=\"og:locale\" content=\"de_DE\" \/>\n<meta property=\"og:type\" content=\"article\" \/>\n<meta property=\"og:title\" content=\"Pr\u00e4senzb\u00fchnen beim U:FF 2023\" \/>\n<meta property=\"og:description\" content=\"Das University:Future Festival war digital first \u2013 in diesem Jahr gab es zus\u00e4tzlich physische B\u00fchnen in Berlin, Bochum und Heilbronn.\" \/>\n<meta property=\"og:url\" content=\"https:\/\/festival.hfd.digital\/de\/unsere-praesenzbuehnen-2023\/\" \/>\n<meta property=\"og:site_name\" content=\"University:Future Festival 2026\" \/>\n<meta property=\"article:modified_time\" content=\"2024-07-01T09:35:38+00:00\" \/>\n<meta property=\"og:image\" content=\"https:\/\/festival.hfd.digital\/de\/wp-content\/uploads\/sites\/3\/2022\/11\/UFF_Sharepic-Allgemein-Facebook-Vorlage-2.png\" \/>\n\t<meta property=\"og:image:width\" content=\"940\" \/>\n\t<meta property=\"og:image:height\" content=\"788\" \/>\n\t<meta property=\"og:image:type\" content=\"image\/png\" \/>\n<meta name=\"twitter:card\" content=\"summary_large_image\" \/>\n<meta name=\"twitter:title\" content=\"Pr\u00e4senz B\u00fchnen\" \/>\n<meta name=\"twitter:description\" content=\"Das University:Future Festival war digital first \u2013 in diesem Jahr gab es zus\u00e4tzlich physische B\u00fchnen in Berlin, Bochum und Heilbronn.\" \/>\n<meta name=\"twitter:image\" content=\"https:\/\/festival.hfd.digital\/de\/wp-content\/uploads\/sites\/3\/2022\/11\/UFF_Sharepics-Allgemein_Twitter-1.png\" \/>\n<meta name=\"twitter:label1\" content=\"Gesch\u00e4tzte Lesezeit\" \/>\n\t<meta name=\"twitter:data1\" content=\"4\u00a0Minuten\" \/>\n<script type=\"application\/ld+json\" class=\"yoast-schema-graph\">{\"@context\":\"https:\\\/\\\/schema.org\",\"@graph\":[{\"@type\":\"WebPage\",\"@id\":\"https:\\\/\\\/festival.hfd.digital\\\/de\\\/unsere-praesenzbuehnen-2023\\\/\",\"url\":\"https:\\\/\\\/festival.hfd.digital\\\/de\\\/unsere-praesenzbuehnen-2023\\\/\",\"name\":\"Pr\u00e4senzb\u00fchnen beim U:FF 2023\",\"isPartOf\":{\"@id\":\"https:\\\/\\\/festival.hfd.digital\\\/de\\\/#website\"},\"primaryImageOfPage\":{\"@id\":\"https:\\\/\\\/festival.hfd.digital\\\/de\\\/unsere-praesenzbuehnen-2023\\\/#primaryimage\"},\"image\":{\"@id\":\"https:\\\/\\\/festival.hfd.digital\\\/de\\\/unsere-praesenzbuehnen-2023\\\/#primaryimage\"},\"thumbnailUrl\":\"https:\\\/\\\/festival.hfd.digital\\\/de\\\/wp-content\\\/uploads\\\/sites\\\/3\\\/2023\\\/02\\\/nina-03_HiRes-700x700.jpg\",\"datePublished\":\"2023-02-01T16:47:39+00:00\",\"dateModified\":\"2024-07-01T09:35:38+00:00\",\"description\":\"Das University:Future Festival war digital first \u2013 in diesem Jahr gab es zus\u00e4tzlich physische B\u00fchnen in Berlin, Bochum und Heilbronn.\",\"inLanguage\":\"de\",\"potentialAction\":[{\"@type\":\"ReadAction\",\"target\":[\"https:\\\/\\\/festival.hfd.digital\\\/de\\\/unsere-praesenzbuehnen-2023\\\/\"]}]},{\"@type\":\"ImageObject\",\"inLanguage\":\"de\",\"@id\":\"https:\\\/\\\/festival.hfd.digital\\\/de\\\/unsere-praesenzbuehnen-2023\\\/#primaryimage\",\"url\":\"https:\\\/\\\/festival.hfd.digital\\\/de\\\/wp-content\\\/uploads\\\/sites\\\/3\\\/2023\\\/02\\\/nina-03_HiRes-scaled.jpg\",\"contentUrl\":\"https:\\\/\\\/festival.hfd.digital\\\/de\\\/wp-content\\\/uploads\\\/sites\\\/3\\\/2023\\\/02\\\/nina-03_HiRes-scaled.jpg\",\"width\":2560,\"height\":2560,\"caption\":\"Foto Nina Lindlahr\"},{\"@type\":\"WebSite\",\"@id\":\"https:\\\/\\\/festival.hfd.digital\\\/de\\\/#website\",\"url\":\"https:\\\/\\\/festival.hfd.digital\\\/de\\\/\",\"name\":\"University:Future Festival 2026\",\"description\":\"Das j\u00e4hrliche Festival zur Zukunft der Hochschulbildung.\",\"potentialAction\":[{\"@type\":\"SearchAction\",\"target\":{\"@type\":\"EntryPoint\",\"urlTemplate\":\"https:\\\/\\\/festival.hfd.digital\\\/de\\\/?s={search_term_string}\"},\"query-input\":{\"@type\":\"PropertyValueSpecification\",\"valueRequired\":true,\"valueName\":\"search_term_string\"}}],\"inLanguage\":\"de\"}]}<\/script>\n<!-- \/ Yoast SEO plugin. -->","yoast_head_json":{"title":"Pr\u00e4senzb\u00fchnen beim U:FF 2023","description":"Das University:Future Festival war digital first \u2013 in diesem Jahr gab es zus\u00e4tzlich physische B\u00fchnen in Berlin, Bochum und Heilbronn.","robots":{"index":"index","follow":"follow","max-snippet":"max-snippet:-1","max-image-preview":"max-image-preview:large","max-video-preview":"max-video-preview:-1"},"canonical":"https:\/\/festival.hfd.digital\/de\/unsere-praesenzbuehnen-2023\/","og_locale":"de_DE","og_type":"article","og_title":"Pr\u00e4senzb\u00fchnen beim U:FF 2023","og_description":"Das University:Future Festival war digital first \u2013 in diesem Jahr gab es zus\u00e4tzlich physische B\u00fchnen in Berlin, Bochum und Heilbronn.","og_url":"https:\/\/festival.hfd.digital\/de\/unsere-praesenzbuehnen-2023\/","og_site_name":"University:Future Festival 2026","article_modified_time":"2024-07-01T09:35:38+00:00","og_image":[{"width":940,"height":788,"url":"https:\/\/festival.hfd.digital\/de\/wp-content\/uploads\/sites\/3\/2022\/11\/UFF_Sharepic-Allgemein-Facebook-Vorlage-2.png","type":"image\/png"}],"twitter_card":"summary_large_image","twitter_title":"Pr\u00e4senz B\u00fchnen","twitter_description":"Das University:Future Festival war digital first \u2013 in diesem Jahr gab es zus\u00e4tzlich physische B\u00fchnen in Berlin, Bochum und Heilbronn.","twitter_image":"https:\/\/festival.hfd.digital\/de\/wp-content\/uploads\/sites\/3\/2022\/11\/UFF_Sharepics-Allgemein_Twitter-1.png","twitter_misc":{"Gesch\u00e4tzte Lesezeit":"4\u00a0Minuten"},"schema":{"@context":"https:\/\/schema.org","@graph":[{"@type":"WebPage","@id":"https:\/\/festival.hfd.digital\/de\/unsere-praesenzbuehnen-2023\/","url":"https:\/\/festival.hfd.digital\/de\/unsere-praesenzbuehnen-2023\/","name":"Pr\u00e4senzb\u00fchnen beim U:FF 2023","isPartOf":{"@id":"https:\/\/festival.hfd.digital\/de\/#website"},"primaryImageOfPage":{"@id":"https:\/\/festival.hfd.digital\/de\/unsere-praesenzbuehnen-2023\/#primaryimage"},"image":{"@id":"https:\/\/festival.hfd.digital\/de\/unsere-praesenzbuehnen-2023\/#primaryimage"},"thumbnailUrl":"https:\/\/festival.hfd.digital\/de\/wp-content\/uploads\/sites\/3\/2023\/02\/nina-03_HiRes-700x700.jpg","datePublished":"2023-02-01T16:47:39+00:00","dateModified":"2024-07-01T09:35:38+00:00","description":"Das University:Future Festival war digital first \u2013 in diesem Jahr gab es zus\u00e4tzlich physische B\u00fchnen in Berlin, Bochum und Heilbronn.","inLanguage":"de","potentialAction":[{"@type":"ReadAction","target":["https:\/\/festival.hfd.digital\/de\/unsere-praesenzbuehnen-2023\/"]}]},{"@type":"ImageObject","inLanguage":"de","@id":"https:\/\/festival.hfd.digital\/de\/unsere-praesenzbuehnen-2023\/#primaryimage","url":"https:\/\/festival.hfd.digital\/de\/wp-content\/uploads\/sites\/3\/2023\/02\/nina-03_HiRes-scaled.jpg","contentUrl":"https:\/\/festival.hfd.digital\/de\/wp-content\/uploads\/sites\/3\/2023\/02\/nina-03_HiRes-scaled.jpg","width":2560,"height":2560,"caption":"Foto Nina Lindlahr"},{"@type":"WebSite","@id":"https:\/\/festival.hfd.digital\/de\/#website","url":"https:\/\/festival.hfd.digital\/de\/","name":"University:Future Festival 2026","description":"Das j\u00e4hrliche Festival zur Zukunft der Hochschulbildung.","potentialAction":[{"@type":"SearchAction","target":{"@type":"EntryPoint","urlTemplate":"https:\/\/festival.hfd.digital\/de\/?s={search_term_string}"},"query-input":{"@type":"PropertyValueSpecification","valueRequired":true,"valueName":"search_term_string"}}],"inLanguage":"de"}]}},"_links":{"self":[{"href":"https:\/\/festival.hfd.digital\/de\/wp-json\/wp\/v2\/pages\/5045","targetHints":{"allow":["GET"]}}],"collection":[{"href":"https:\/\/festival.hfd.digital\/de\/wp-json\/wp\/v2\/pages"}],"about":[{"href":"https:\/\/festival.hfd.digital\/de\/wp-json\/wp\/v2\/types\/page"}],"author":[{"embeddable":true,"href":"https:\/\/festival.hfd.digital\/de\/wp-json\/wp\/v2\/users\/4"}],"replies":[{"embeddable":true,"href":"https:\/\/festival.hfd.digital\/de\/wp-json\/wp\/v2\/comments?post=5045"}],"version-history":[{"count":23,"href":"https:\/\/festival.hfd.digital\/de\/wp-json\/wp\/v2\/pages\/5045\/revisions"}],"predecessor-version":[{"id":9602,"href":"https:\/\/festival.hfd.digital\/de\/wp-json\/wp\/v2\/pages\/5045\/revisions\/9602"}],"wp:attachment":[{"href":"https:\/\/festival.hfd.digital\/de\/wp-json\/wp\/v2\/media?parent=5045"}],"curies":[{"name":"wp","href":"https:\/\/api.w.org\/{rel}","templated":true}]}}