{"id":5,"date":"2020-06-01T19:38:14","date_gmt":"2020-06-01T19:38:14","guid":{"rendered":"https:\/\/festival.hfd.digital\/de\/?page_id=5"},"modified":"2024-07-01T11:56:36","modified_gmt":"2024-07-01T11:56:36","slug":"festival","status":"publish","type":"page","link":"https:\/\/festival.hfd.digital\/de\/archiv\/universityfuture-festival-2021\/festival\/","title":{"rendered":"Open for Discussion"},"content":{"rendered":"\n<p><strong>Das Motto des University:Future Festivals 2021 lautete: Open for discussion.<\/strong> Es steht f\u00fcr Offenheit, f\u00fcr Zug\u00e4nglichkeit, f\u00fcr Diskurs &#8211; und daf\u00fcr, gemeinsam die Zukunft auszuloten.<\/p>\n","protected":false},"excerpt":{"rendered":"Das Motto des University:Future Festivals 2021 lautete: Open for discussion. Es steht f\u00fcr Offenheit, f\u00fcr Zug\u00e4nglichkeit, f\u00fcr Diskurs &#8211; und daf\u00fcr, gemeinsam die Zukunft auszuloten.","protected":false},"author":1,"featured_media":0,"parent":3498,"menu_order":1,"comment_status":"closed","ping_status":"closed","template":"","meta":{"_acf_changed":false,"inline_featured_image":false,"footnotes":""},"class_list":["post-5","page","type-page","status-publish","hentry"],"acf":[],"yoast_head":"<!-- This site is optimized with the Yoast SEO plugin v27.3 - https:\/\/yoast.com\/product\/yoast-seo-wordpress\/ -->\n<title>Open for Discussion | University:Future Festival 2021<\/title>\n<meta name=\"description\" content=\"Das Motto des University:Future Festivals 2021: Open for discussion. Es steht f\u00fcr Offenheit, f\u00fcr Zug\u00e4nglichkeit, f\u00fcr Diskurs, f\u00fcrs Ausloten.\" \/>\n<meta name=\"robots\" content=\"index, follow, max-snippet:-1, max-image-preview:large, max-video-preview:-1\" \/>\n<link rel=\"canonical\" href=\"https:\/\/festival.hfd.digital\/de\/archiv\/universityfuture-festival-2021\/festival\/\" \/>\n<meta property=\"og:locale\" content=\"de_DE\" \/>\n<meta property=\"og:type\" content=\"article\" \/>\n<meta property=\"og:title\" content=\"University:Future Festival 2021: Open for Discussion\" \/>\n<meta property=\"og:description\" content=\"Das Motto des University:Future Festivals 2021 lautet: Open for discussion. Es steht f\u00fcr Offenheit, f\u00fcr Zug\u00e4nglichkeit, f\u00fcr Diskurs - und daf\u00fcr, gemeinsam die Zukunft auszuloten.\" \/>\n<meta property=\"og:url\" content=\"https:\/\/festival.hfd.digital\/de\/archiv\/universityfuture-festival-2021\/festival\/\" \/>\n<meta property=\"og:site_name\" content=\"University:Future Festival 2026\" \/>\n<meta property=\"article:modified_time\" content=\"2024-07-01T11:56:36+00:00\" \/>\n<meta property=\"og:image\" content=\"https:\/\/festival.hfd.digital\/de\/wp-content\/uploads\/sites\/3\/2021\/08\/SM-Website-UFF.png\" \/>\n\t<meta property=\"og:image:width\" content=\"1600\" \/>\n\t<meta property=\"og:image:height\" content=\"900\" \/>\n\t<meta property=\"og:image:type\" content=\"image\/png\" \/>\n<meta name=\"twitter:card\" content=\"summary_large_image\" \/>\n<meta name=\"twitter:title\" content=\"University:Future Festival 2021: Open for Discussion\" \/>\n<meta name=\"twitter:description\" content=\"Das Motto des University:Future Festivals 2021 lautet: Open for discussion. Es steht f\u00fcr Offenheit, f\u00fcr Zug\u00e4nglichkeit, f\u00fcr Diskurs - und daf\u00fcr, gemeinsam die Zukunft auszuloten.\" \/>\n<meta name=\"twitter:image\" content=\"https:\/\/festival.hfd.digital\/de\/wp-content\/uploads\/sites\/3\/2021\/08\/SM-Website-UFF.png\" \/>\n<meta name=\"twitter:label1\" content=\"Gesch\u00e4tzte Lesezeit\" \/>\n\t<meta name=\"twitter:data1\" content=\"1\u00a0Minute\" \/>\n<script type=\"application\/ld+json\" class=\"yoast-schema-graph\">{\"@context\":\"https:\\\/\\\/schema.org\",\"@graph\":[{\"@type\":\"WebPage\",\"@id\":\"https:\\\/\\\/festival.hfd.digital\\\/de\\\/archiv\\\/universityfuture-festival-2021\\\/festival\\\/\",\"url\":\"https:\\\/\\\/festival.hfd.digital\\\/de\\\/archiv\\\/universityfuture-festival-2021\\\/festival\\\/\",\"name\":\"Open for Discussion | University:Future Festival 2021\",\"isPartOf\":{\"@id\":\"https:\\\/\\\/festival.hfd.digital\\\/de\\\/#website\"},\"datePublished\":\"2020-06-01T19:38:14+00:00\",\"dateModified\":\"2024-07-01T11:56:36+00:00\",\"description\":\"Das Motto des University:Future Festivals 2021: Open for discussion. Es steht f\u00fcr Offenheit, f\u00fcr Zug\u00e4nglichkeit, f\u00fcr Diskurs, f\u00fcrs Ausloten.\",\"breadcrumb\":{\"@id\":\"https:\\\/\\\/festival.hfd.digital\\\/de\\\/archiv\\\/universityfuture-festival-2021\\\/festival\\\/#breadcrumb\"},\"inLanguage\":\"de\",\"potentialAction\":[{\"@type\":\"ReadAction\",\"target\":[\"https:\\\/\\\/festival.hfd.digital\\\/de\\\/archiv\\\/universityfuture-festival-2021\\\/festival\\\/\"]}]},{\"@type\":\"BreadcrumbList\",\"@id\":\"https:\\\/\\\/festival.hfd.digital\\\/de\\\/archiv\\\/universityfuture-festival-2021\\\/festival\\\/#breadcrumb\",\"itemListElement\":[{\"@type\":\"ListItem\",\"position\":1,\"name\":\"Archiv\",\"item\":\"https:\\\/\\\/festival.hfd.digital\\\/de\\\/archiv\\\/\"},{\"@type\":\"ListItem\",\"position\":2,\"name\":\"Recap: University:Future Festival 2021\",\"item\":\"https:\\\/\\\/festival.hfd.digital\\\/de\\\/archiv\\\/universityfuture-festival-2021\\\/\"},{\"@type\":\"ListItem\",\"position\":3,\"name\":\"Open for Discussion\"}]},{\"@type\":\"WebSite\",\"@id\":\"https:\\\/\\\/festival.hfd.digital\\\/de\\\/#website\",\"url\":\"https:\\\/\\\/festival.hfd.digital\\\/de\\\/\",\"name\":\"University:Future Festival 2026\",\"description\":\"Das j\u00e4hrliche Festival zur Zukunft der Hochschulbildung.\",\"potentialAction\":[{\"@type\":\"SearchAction\",\"target\":{\"@type\":\"EntryPoint\",\"urlTemplate\":\"https:\\\/\\\/festival.hfd.digital\\\/de\\\/?s={search_term_string}\"},\"query-input\":{\"@type\":\"PropertyValueSpecification\",\"valueRequired\":true,\"valueName\":\"search_term_string\"}}],\"inLanguage\":\"de\"}]}<\/script>\n<!-- \/ Yoast SEO plugin. -->","yoast_head_json":{"title":"Open for Discussion | University:Future Festival 2021","description":"Das Motto des University:Future Festivals 2021: Open for discussion. Es steht f\u00fcr Offenheit, f\u00fcr Zug\u00e4nglichkeit, f\u00fcr Diskurs, f\u00fcrs Ausloten.","robots":{"index":"index","follow":"follow","max-snippet":"max-snippet:-1","max-image-preview":"max-image-preview:large","max-video-preview":"max-video-preview:-1"},"canonical":"https:\/\/festival.hfd.digital\/de\/archiv\/universityfuture-festival-2021\/festival\/","og_locale":"de_DE","og_type":"article","og_title":"University:Future Festival 2021: Open for Discussion","og_description":"Das Motto des University:Future Festivals 2021 lautet: Open for discussion. Es steht f\u00fcr Offenheit, f\u00fcr Zug\u00e4nglichkeit, f\u00fcr Diskurs - und daf\u00fcr, gemeinsam die Zukunft auszuloten.","og_url":"https:\/\/festival.hfd.digital\/de\/archiv\/universityfuture-festival-2021\/festival\/","og_site_name":"University:Future Festival 2026","article_modified_time":"2024-07-01T11:56:36+00:00","og_image":[{"width":1600,"height":900,"url":"https:\/\/festival.hfd.digital\/de\/wp-content\/uploads\/sites\/3\/2021\/08\/SM-Website-UFF.png","type":"image\/png"}],"twitter_card":"summary_large_image","twitter_title":"University:Future Festival 2021: Open for Discussion","twitter_description":"Das Motto des University:Future Festivals 2021 lautet: Open for discussion. Es steht f\u00fcr Offenheit, f\u00fcr Zug\u00e4nglichkeit, f\u00fcr Diskurs - und daf\u00fcr, gemeinsam die Zukunft auszuloten.","twitter_image":"https:\/\/festival.hfd.digital\/de\/wp-content\/uploads\/sites\/3\/2021\/08\/SM-Website-UFF.png","twitter_misc":{"Gesch\u00e4tzte Lesezeit":"1\u00a0Minute"},"schema":{"@context":"https:\/\/schema.org","@graph":[{"@type":"WebPage","@id":"https:\/\/festival.hfd.digital\/de\/archiv\/universityfuture-festival-2021\/festival\/","url":"https:\/\/festival.hfd.digital\/de\/archiv\/universityfuture-festival-2021\/festival\/","name":"Open for Discussion | University:Future Festival 2021","isPartOf":{"@id":"https:\/\/festival.hfd.digital\/de\/#website"},"datePublished":"2020-06-01T19:38:14+00:00","dateModified":"2024-07-01T11:56:36+00:00","description":"Das Motto des University:Future Festivals 2021: Open for discussion. Es steht f\u00fcr Offenheit, f\u00fcr Zug\u00e4nglichkeit, f\u00fcr Diskurs, f\u00fcrs Ausloten.","breadcrumb":{"@id":"https:\/\/festival.hfd.digital\/de\/archiv\/universityfuture-festival-2021\/festival\/#breadcrumb"},"inLanguage":"de","potentialAction":[{"@type":"ReadAction","target":["https:\/\/festival.hfd.digital\/de\/archiv\/universityfuture-festival-2021\/festival\/"]}]},{"@type":"BreadcrumbList","@id":"https:\/\/festival.hfd.digital\/de\/archiv\/universityfuture-festival-2021\/festival\/#breadcrumb","itemListElement":[{"@type":"ListItem","position":1,"name":"Archiv","item":"https:\/\/festival.hfd.digital\/de\/archiv\/"},{"@type":"ListItem","position":2,"name":"Recap: University:Future Festival 2021","item":"https:\/\/festival.hfd.digital\/de\/archiv\/universityfuture-festival-2021\/"},{"@type":"ListItem","position":3,"name":"Open for Discussion"}]},{"@type":"WebSite","@id":"https:\/\/festival.hfd.digital\/de\/#website","url":"https:\/\/festival.hfd.digital\/de\/","name":"University:Future Festival 2026","description":"Das j\u00e4hrliche Festival zur Zukunft der Hochschulbildung.","potentialAction":[{"@type":"SearchAction","target":{"@type":"EntryPoint","urlTemplate":"https:\/\/festival.hfd.digital\/de\/?s={search_term_string}"},"query-input":{"@type":"PropertyValueSpecification","valueRequired":true,"valueName":"search_term_string"}}],"inLanguage":"de"}]}},"_links":{"self":[{"href":"https:\/\/festival.hfd.digital\/de\/wp-json\/wp\/v2\/pages\/5","targetHints":{"allow":["GET"]}}],"collection":[{"href":"https:\/\/festival.hfd.digital\/de\/wp-json\/wp\/v2\/pages"}],"about":[{"href":"https:\/\/festival.hfd.digital\/de\/wp-json\/wp\/v2\/types\/page"}],"author":[{"embeddable":true,"href":"https:\/\/festival.hfd.digital\/de\/wp-json\/wp\/v2\/users\/1"}],"replies":[{"embeddable":true,"href":"https:\/\/festival.hfd.digital\/de\/wp-json\/wp\/v2\/comments?post=5"}],"version-history":[{"count":72,"href":"https:\/\/festival.hfd.digital\/de\/wp-json\/wp\/v2\/pages\/5\/revisions"}],"predecessor-version":[{"id":3374,"href":"https:\/\/festival.hfd.digital\/de\/wp-json\/wp\/v2\/pages\/5\/revisions\/3374"}],"up":[{"embeddable":true,"href":"https:\/\/festival.hfd.digital\/de\/wp-json\/wp\/v2\/pages\/3498"}],"wp:attachment":[{"href":"https:\/\/festival.hfd.digital\/de\/wp-json\/wp\/v2\/media?parent=5"}],"curies":[{"name":"wp","href":"https:\/\/api.w.org\/{rel}","templated":true}]}}