{"id":4768,"date":"2023-01-11T12:31:35","date_gmt":"2023-01-11T12:31:35","guid":{"rendered":"https:\/\/festival.hfd.digital\/de\/?page_id=4768"},"modified":"2024-07-01T11:08:16","modified_gmt":"2024-07-01T11:08:16","slug":"die-tracks-2023","status":"publish","type":"page","link":"https:\/\/festival.hfd.digital\/de\/die-tracks-2023\/","title":{"rendered":"Die Tracks 2023"},"content":{"rendered":"\n<p>Das Programm des University:Future Festivals 2023 bestand aus acht thematischen Tracks: <\/p>\n\n\n\n<ol class=\"wp-block-list\">\n<li><a href=\"#spaces-&amp;-hybrid-concepts\">Spaces &amp; hybrid concepts <\/a><\/li>\n\n\n\n<li><a href=\"#learning-&amp;-skills\">Learning &amp; Skills<\/a><\/li>\n\n\n\n<li><a href=\"#empowerment-&amp;-sustainability\">Empowerment &amp; Sustainability<\/a><\/li>\n\n\n\n<li><a href=\"#openness-&amp;-vision\">Openness &amp; Vision<\/a><\/li>\n\n\n\n<li><a href=\"#strategies-&amp;-management\">Strategies &amp; Management<\/a><\/li>\n\n\n\n<li><a href=\"#exams-&amp;-legal\">Exams &amp; Legal<\/a><\/li>\n\n\n\n<li><a href=\"#ai-&amp;-technology\">AI &amp; Technology<\/a><\/li>\n\n\n\n<li><a href=\"#knowledge-transfer-&amp;-communities\">Knowledge Transfer &amp; Communities<\/a><\/li>\n<\/ol>\n\n\n\n<h3 class=\"wp-block-heading\" id=\"spaces-&amp;-hybrid-concepts\"><strong>Track: Spaces &amp; hybrid concepts<\/strong><\/h3>\n\n\n\n<p><em>Welche Voraussetzungen haben erfolgreiche hybride Lehrkonzepte? Wie funktionieren hochschulische R\u00e4ume besser? Was bedeutet das Thema \u201cBlended Learning\u201d f\u00fcr Raumstrukturen? Was gilt es bei anstehenden Investitionsvorhaben an Hochschulen zu beachten?&nbsp;<\/em><\/p>\n\n\n\n<p>Hybride Lehrkonzepte sind vielerorts nach der Pandemie zum Normalfall geworden. Doch nicht immer funktionieren sie zur Zufriedenheit aller Beteiligten \u2013 ein Thema, das viele Hochschulangeh\u00f6rige bewegte. Daran ankn\u00fcpfend stellte sich die Frage, wie physische und digitale R\u00e4ume lernendengerecht gestaltet werden k\u00f6nnen, denn sie hat erhebliche Auswirkungen auf Entscheidungsprozesse bei Renovierungen und Neubauten.<\/p>\n\n\n\n<h3 class=\"wp-block-heading\" id=\"learning-&amp;-skills\"><strong>Track: Learning &amp; Skills<\/strong><\/h3>\n\n\n\n<p><em>Welche innovativen Lehrkonzepte verdienen ein breites Publikum?&nbsp; Welche Future Skills braucht es und wie k\u00f6nnen diese in Curricula verankert werden? Wie kann Studierendenzentrierung neu gedacht werden? Wie werden praxiserprobte Konzepte in die Breite getragen? Welche Erkenntnisse und Herausforderungen k\u00f6nnen andere wichtige Akteure wie Unternehmen und Weiterbildner einbringen? Wie funktioniert erfolgreiches Upskilling in Unternehmen und welche Rolle k\u00f6nnen Hochschulen dabei einnehmen?<\/em><\/p>\n\n\n\n<p>Im Track Learning &amp; Skills sprachen wir \u00fcber didaktische Designs und die dahinter liegenden Lern- und Kompetenzziele. Ein besonderer Schwerpunkt lag dabei auf der Breitenwirkung: Wie k\u00f6nnen die vielen hervorragenden Beispiele guter Lehre in die Breite getragen und verankert werden? Projekte, die an einer Skalierung guter Lehre arbeiten, wurden daher besonders zur Einreichung von Sessions aufgerufen.<\/p>\n\n\n\n<p>In Zeiten des Fachkr\u00e4ftemangels war das Thema Upskilling (H\u00f6herqualifizierung) besonders relevant. Daher fand auch dieses Thema seinen Platz im Track Learning &amp; Skills \u2013 mit besonderem Fokus darauf, wie Hochschulen und Unternehmen hierbei zusammenarbeiten k\u00f6nnen.<\/p>\n\n\n\n<h3 class=\"wp-block-heading\" id=\"empowerment-&amp;-sustainability\"><strong>Track: Empowerment &amp; Sustainability<\/strong><\/h3>\n\n\n\n<p><em>Wie schaffen wir Gerechtigkeit auf allen Ebenen \u2013 also mit Blick auf Nachhaltigkeit, Diversit\u00e4t, Barrierefreiheit und Zugang zu Bildung? Welche Ebenen von Nachhaltigkeit kann und muss eine Hochschule heute adressieren? Wie k\u00f6nnen wir Ver\u00e4nderungen partizipativ gestalten?<\/em><\/p>\n\n\n\n<p>Gerechtigkeit hat viele Dimensionen. Die wahrscheinlich dr\u00e4ngendste ist die Bewahrung der Lebensf\u00e4higkeit des Planeten. Die Bek\u00e4mpfung der Klimakrise betrifft auch Hochschulen. Der Track Empowerment &amp; Sustainability adressierte zugleich mehrere weitere pr\u00e4gende Debatten unserer Zeit: tradierte soziale Rollen und Muster stehen zunehmend in Frage. Die Frage von Gerechtigkeit wird neu diskutiert \u2013 unter anderem in Bezug auf Geschlecht, (wahrgenommener) ethnischer Herkunft, sozialem Status, sexueller Identit\u00e4t, k\u00f6rperlicher Merkmale und vieler weiterer Merkmale. Dieser Track diskutierte all diese Fragen.<\/p>\n\n\n\n<h3 class=\"wp-block-heading\" id=\"openness-&amp;-vision\"><strong>Track: Openness &amp; Vision<\/strong><\/h3>\n\n\n\n<p><em>Wie wird die Hochschullehre offen gestaltet? Welche good practices gibt es bei Open Educational Resources (OER)? Wie erreichen OER ein breites Publikum? Welches sind die ganz langen Entwicklungslinien, wie sieht die Hochschule in 20 Jahren aus? Und was kann die Politik tun, um positive Entwicklungen zu unterst\u00fctzen?<\/em><\/p>\n\n\n\n<p>Wer Visionen hat, sollte zum University:Future Festival kommen. Der Track Openness &amp; Vision richtete sich an Menschen, die aufs gro\u00dfe Ganze schauen und die sich f\u00fcr Openness interessieren. Es ging um Zukunftsbilder, um Offenheit als Prinzip, um Politik und nat\u00fcrlich um Open Educational Ressources.<\/p>\n\n\n\n<p>Der Track Openness &amp; Vision wurde von unserem B\u00fchnenpartner&nbsp;<a href=\"https:\/\/www.orca.nrw\/\">ORCA.nrw<\/a>&nbsp;koordiniert.<\/p>\n\n\n\n<h3 class=\"wp-block-heading\" id=\"strategies-&amp;-management\"><strong>Track: Strategies &amp; Management<\/strong><\/h3>\n\n\n\n<p><em>Die Digitalisierung von Studium und Lehre bedarf einer strategischen Auseinandersetzung. Wie kann das wirkungsvoll geschehen? Welche Beispiele erfolgreicher Ver\u00e4nderungsprozesse gibt es? Wie w<\/em>erden<em>&nbsp;Arbeitsmodi verbessert? W<\/em>as<em>&nbsp;kann und muss sich in der Verwaltung generell ver\u00e4ndern und welche digitalen M\u00f6glichkeiten k\u00f6nnen dabei helfen? Wie k\u00f6nnen Verb\u00fcnde Ver\u00e4nderungsprozesse unterst\u00fctzen?<\/em><\/p>\n\n\n\n<p>Digitalit\u00e4t ist Realit\u00e4t in Wirtschaft und Gesellschaft. Hochschulen m\u00fcssen hierf\u00fcr einen konstruktiven Umgang finden.&nbsp; Daf\u00fcr brauchen sie individuelle Strategien, wirksame Strukturen und eine gezielte Organisationsentwicklung. Ver\u00e4nderungsprozesse m\u00fcssen gelebt, der Auf- und Ausbau von Unterst\u00fctzungs- und Beratungseinrichtungen erm\u00f6glicht werden. Im Track Strategies &amp; Management diskutierten wir Ver\u00e4nderungsprozesse in Management und Verwaltung auf konzeptioneller wie praktischer Ebene.&nbsp;<\/p>\n\n\n\n<h3 class=\"wp-block-heading\" id=\"exams-&amp;-legal\"><strong>Track: Exams &amp; Legal<\/strong><\/h3>\n\n\n\n<p><em>Welche Formate sind zeitgem\u00e4\u00df und wie kann eine vielf\u00e4ltige Pr\u00fcfungskultur auch strukturell gef\u00f6rdert werden? Wie werden Klausuren im digitalen Raum erfolgreich durchgef\u00fchrt? Welche alternativen Formen digitaler Pr\u00fcfungsnachweise gibt es? Und welche anderen rechtlichen Fragen gilt es bei Digitalisierungsprozessen zu beachten \u2013 zum Beispiel mit Blick auf den Datenschutz?<\/em><\/p>\n\n\n\n<p>Der Track Exams &amp; Legal besch\u00e4ftigte sich einerseits ganzheitlich mit Pr\u00fcfungsformaten und -technologien sowie den entsprechenden didaktischen Fragestellungen. Andererseits sollte es in dem Track um alle f\u00fcr Hochschulmanagement und -bildung relevante rechtliche Fragestellungen wie Datenschutz, Akkreditierungen und Lehrverordnungen gehen.<\/p>\n\n\n\n<h3 class=\"wp-block-heading\" id=\"ai-&amp;-technology\"><strong>Track: AI &amp; Technology<\/strong><\/h3>\n\n\n\n<p><em>Wie kann Technologie die akademische Bildung bereichern? Was m\u00fcssen Studierende \u00fcber K\u00fcnstliche Intelligenz lernen, um kompetent und verantwortungsvoll mit ihr umzugehen? Und was bedeutet sie f\u00fcr das jeweilige Fach und die Lehrenden? Wie k\u00f6nnen wir K\u00fcnstliche Intelligenz als Tool nutzen, um Lern- und Lehrerfahrungen zu verbessern? Wie k\u00f6nnen wir Daten Souver\u00e4nit\u00e4t wahren und sie dennoch effektiv und effizient nutzen? Welche EdTech-Organisationen entwickeln wichtige Innovationen? Welche technologischen Hypes kann man getrost ignorieren \u2013 und wo stecken die echten Innovationen?<\/em><\/p>\n\n\n\n<p>Daten und K\u00fcnstliche Intelligenz ver\u00e4ndern heute unseren Alltag und die Berufswelt. Technologie vergr\u00f6\u00dfert unseren M\u00f6glichkeitsraum in der Bildung. Im Track AI &amp; Technology sprachen wir \u00fcber die Schl\u00fcsselrolle, die Hochschulen in diesem rasanten Ver\u00e4nderungsprozess einnehmen. F\u00fcr diesen Track luden wir zus\u00e4tzlich EdTech-Unternehmen ein, die ihre Ideen mit der Hochschulcommunity teilen wollten.<\/p>\n\n\n\n<p>Der Track AI &amp; Technology wurde von unserem B\u00fchnenpartner&nbsp;<a href=\"https:\/\/ki-campus.org\/\">KI-Campus<\/a>&nbsp;koordiniert.<\/p>\n\n\n\n<h3 class=\"wp-block-heading\" id=\"knowledge-transfer-&amp;-communities\"><strong>Track: <\/strong>Knowledge Transfer &amp; Communities<\/h3>\n\n\n\n<p><em>Wie findet Wissenstransfer zwischen Institutionen statt? Wie kann das, was in Hochschulen geschieht, \u00f6ffentlich zug\u00e4nglich gemacht werden? Wie funktionieren erfolgreiche Netzwerke und kollaborative Verb\u00fcnde und was k\u00f6nnen andere davon lernen?<\/em><\/p>\n\n\n\n<p>Im Track Knowledge Transfer &amp; Communities ging es um Kollaboration und Wissenstransfer \u2013 und zwar sowohl in die Gesellschaft hinein als auch in andere Hochschulen. Verb\u00fcnde und andere Formen der hochschul\u00fcbergreifenden Zusammenarbeit bieten gro\u00dfe Potenziale, Antworten auf gemeinsame Fragestellungen zu finden und diese beispielsweise durch Beteiligungsstrukturen und gute Kommunikation in die Breite zu tragen.<\/p>\n","protected":false},"excerpt":{"rendered":"Das Programm des University:Future Festivals 2023 bestand aus acht thematischen Tracks: Track: Spaces &amp; hybrid concepts Welche Voraussetzungen haben erfolgreiche hybride Lehrkonzepte? Wie funktionieren hochschulische R\u00e4ume besser? Was bedeutet das Thema \u201cBlended Learning\u201d f\u00fcr Raumstrukturen? Was gilt es bei anstehenden Investitionsvorhaben an Hochschulen zu beachten?&nbsp; Hybride Lehrkonzepte sind vielerorts nach der Pandemie zum Normalfall geworden&#8230;. <a class=\"view-article\" href=\"https:\/\/festival.hfd.digital\/de\/die-tracks-2023\/\">View Article<\/a>","protected":false},"author":24,"featured_media":0,"parent":0,"menu_order":0,"comment_status":"closed","ping_status":"closed","template":"","meta":{"_acf_changed":false,"inline_featured_image":false,"footnotes":""},"class_list":["post-4768","page","type-page","status-publish","hentry"],"acf":[],"yoast_head":"<!-- This site is optimized with the Yoast SEO plugin v27.3 - https:\/\/yoast.com\/product\/yoast-seo-wordpress\/ -->\n<title>Die Tracks 2023 | University:Future Festival 2023<\/title>\n<meta name=\"description\" content=\"Mithilfe von 8 Tracks strukturierte sich das Programm des University:Future Festivals 2023.\" \/>\n<meta name=\"robots\" content=\"index, follow, max-snippet:-1, max-image-preview:large, max-video-preview:-1\" \/>\n<link rel=\"canonical\" href=\"https:\/\/festival.hfd.digital\/de\/die-tracks-2023\/\" \/>\n<meta property=\"og:locale\" content=\"de_DE\" \/>\n<meta property=\"og:type\" content=\"article\" \/>\n<meta property=\"og:title\" content=\"Tracks 2023\" \/>\n<meta property=\"og:description\" content=\"Mithilfe von 8 Tracks strukturierte sich das Programm des University:Future Festivals 2023.\" \/>\n<meta property=\"og:url\" content=\"https:\/\/festival.hfd.digital\/de\/die-tracks-2023\/\" \/>\n<meta property=\"og:site_name\" content=\"University:Future Festival 2026\" \/>\n<meta property=\"article:modified_time\" content=\"2024-07-01T11:08:16+00:00\" \/>\n<meta property=\"og:image\" content=\"https:\/\/festival.hfd.digital\/de\/wp-content\/uploads\/sites\/3\/2023\/01\/Allgemein-2-DE.jpg\" \/>\n\t<meta property=\"og:image:width\" content=\"1024\" \/>\n\t<meta property=\"og:image:height\" content=\"768\" \/>\n\t<meta property=\"og:image:type\" content=\"image\/jpeg\" \/>\n<meta name=\"twitter:card\" content=\"summary_large_image\" \/>\n<meta name=\"twitter:title\" content=\"Tracks 2023\" \/>\n<meta name=\"twitter:description\" content=\"Mithilfe von 8 Tracks strukturierte sich das Programm des University:Future Festivals 2023.\" \/>\n<meta name=\"twitter:image\" content=\"https:\/\/festival.hfd.digital\/de\/wp-content\/uploads\/sites\/3\/2023\/03\/Allgemein-1_Twitter.png\" \/>\n<meta name=\"twitter:label1\" content=\"Gesch\u00e4tzte Lesezeit\" \/>\n\t<meta name=\"twitter:data1\" content=\"6\u00a0Minuten\" \/>\n<script type=\"application\/ld+json\" class=\"yoast-schema-graph\">{\"@context\":\"https:\\\/\\\/schema.org\",\"@graph\":[{\"@type\":\"WebPage\",\"@id\":\"https:\\\/\\\/festival.hfd.digital\\\/de\\\/die-tracks-2023\\\/\",\"url\":\"https:\\\/\\\/festival.hfd.digital\\\/de\\\/die-tracks-2023\\\/\",\"name\":\"Die Tracks 2023 | University:Future Festival 2023\",\"isPartOf\":{\"@id\":\"https:\\\/\\\/festival.hfd.digital\\\/de\\\/#website\"},\"datePublished\":\"2023-01-11T12:31:35+00:00\",\"dateModified\":\"2024-07-01T11:08:16+00:00\",\"description\":\"Mithilfe von 8 Tracks strukturierte sich das Programm des University:Future Festivals 2023.\",\"inLanguage\":\"de\",\"potentialAction\":[{\"@type\":\"ReadAction\",\"target\":[\"https:\\\/\\\/festival.hfd.digital\\\/de\\\/die-tracks-2023\\\/\"]}]},{\"@type\":\"WebSite\",\"@id\":\"https:\\\/\\\/festival.hfd.digital\\\/de\\\/#website\",\"url\":\"https:\\\/\\\/festival.hfd.digital\\\/de\\\/\",\"name\":\"University:Future Festival 2026\",\"description\":\"Das j\u00e4hrliche Festival zur Zukunft der Hochschulbildung.\",\"potentialAction\":[{\"@type\":\"SearchAction\",\"target\":{\"@type\":\"EntryPoint\",\"urlTemplate\":\"https:\\\/\\\/festival.hfd.digital\\\/de\\\/?s={search_term_string}\"},\"query-input\":{\"@type\":\"PropertyValueSpecification\",\"valueRequired\":true,\"valueName\":\"search_term_string\"}}],\"inLanguage\":\"de\"}]}<\/script>\n<!-- \/ Yoast SEO plugin. -->","yoast_head_json":{"title":"Die Tracks 2023 | University:Future Festival 2023","description":"Mithilfe von 8 Tracks strukturierte sich das Programm des University:Future Festivals 2023.","robots":{"index":"index","follow":"follow","max-snippet":"max-snippet:-1","max-image-preview":"max-image-preview:large","max-video-preview":"max-video-preview:-1"},"canonical":"https:\/\/festival.hfd.digital\/de\/die-tracks-2023\/","og_locale":"de_DE","og_type":"article","og_title":"Tracks 2023","og_description":"Mithilfe von 8 Tracks strukturierte sich das Programm des University:Future Festivals 2023.","og_url":"https:\/\/festival.hfd.digital\/de\/die-tracks-2023\/","og_site_name":"University:Future Festival 2026","article_modified_time":"2024-07-01T11:08:16+00:00","og_image":[{"width":1024,"height":768,"url":"https:\/\/festival.hfd.digital\/de\/wp-content\/uploads\/sites\/3\/2023\/01\/Allgemein-2-DE.jpg","type":"image\/jpeg"}],"twitter_card":"summary_large_image","twitter_title":"Tracks 2023","twitter_description":"Mithilfe von 8 Tracks strukturierte sich das Programm des University:Future Festivals 2023.","twitter_image":"https:\/\/festival.hfd.digital\/de\/wp-content\/uploads\/sites\/3\/2023\/03\/Allgemein-1_Twitter.png","twitter_misc":{"Gesch\u00e4tzte Lesezeit":"6\u00a0Minuten"},"schema":{"@context":"https:\/\/schema.org","@graph":[{"@type":"WebPage","@id":"https:\/\/festival.hfd.digital\/de\/die-tracks-2023\/","url":"https:\/\/festival.hfd.digital\/de\/die-tracks-2023\/","name":"Die Tracks 2023 | University:Future Festival 2023","isPartOf":{"@id":"https:\/\/festival.hfd.digital\/de\/#website"},"datePublished":"2023-01-11T12:31:35+00:00","dateModified":"2024-07-01T11:08:16+00:00","description":"Mithilfe von 8 Tracks strukturierte sich das Programm des University:Future Festivals 2023.","inLanguage":"de","potentialAction":[{"@type":"ReadAction","target":["https:\/\/festival.hfd.digital\/de\/die-tracks-2023\/"]}]},{"@type":"WebSite","@id":"https:\/\/festival.hfd.digital\/de\/#website","url":"https:\/\/festival.hfd.digital\/de\/","name":"University:Future Festival 2026","description":"Das j\u00e4hrliche Festival zur Zukunft der Hochschulbildung.","potentialAction":[{"@type":"SearchAction","target":{"@type":"EntryPoint","urlTemplate":"https:\/\/festival.hfd.digital\/de\/?s={search_term_string}"},"query-input":{"@type":"PropertyValueSpecification","valueRequired":true,"valueName":"search_term_string"}}],"inLanguage":"de"}]}},"_links":{"self":[{"href":"https:\/\/festival.hfd.digital\/de\/wp-json\/wp\/v2\/pages\/4768","targetHints":{"allow":["GET"]}}],"collection":[{"href":"https:\/\/festival.hfd.digital\/de\/wp-json\/wp\/v2\/pages"}],"about":[{"href":"https:\/\/festival.hfd.digital\/de\/wp-json\/wp\/v2\/types\/page"}],"author":[{"embeddable":true,"href":"https:\/\/festival.hfd.digital\/de\/wp-json\/wp\/v2\/users\/24"}],"replies":[{"embeddable":true,"href":"https:\/\/festival.hfd.digital\/de\/wp-json\/wp\/v2\/comments?post=4768"}],"version-history":[{"count":16,"href":"https:\/\/festival.hfd.digital\/de\/wp-json\/wp\/v2\/pages\/4768\/revisions"}],"predecessor-version":[{"id":5962,"href":"https:\/\/festival.hfd.digital\/de\/wp-json\/wp\/v2\/pages\/4768\/revisions\/5962"}],"wp:attachment":[{"href":"https:\/\/festival.hfd.digital\/de\/wp-json\/wp\/v2\/media?parent=4768"}],"curies":[{"name":"wp","href":"https:\/\/api.w.org\/{rel}","templated":true}]}}