{"id":4750,"date":"2023-01-16T15:26:42","date_gmt":"2023-01-16T15:26:42","guid":{"rendered":"https:\/\/festival.hfd.digital\/de\/?page_id=4750"},"modified":"2023-03-01T10:03:53","modified_gmt":"2023-03-01T10:03:53","slug":"creativecall-2023","status":"publish","type":"page","link":"https:\/\/festival.hfd.digital\/de\/creativecall-2023\/","title":{"rendered":"Creative:Call 2023 &#8211; Call ist abgeschlossen!"},"content":{"rendered":"\n<p>Die Frist f\u00fcr den Creative:Call ist am 28. Februar abgelaufen. Aktuell befindet sich die Jury im Auswahlprozess.<\/p>\n\n\n\n<h2 class=\"wp-block-heading\"><strong>Creative Space: Die virtuelle Ausstellungsfl\u00e4che des University:Future Festivals<\/strong><\/h2>\n\n\n\n<p>Zus\u00e4tzlich zum digitalen B\u00fchnenprogramm des University:Future Festivals 2023 m\u00f6chten wir, zusammen mit K\u00fcnstler:innen und Kreativen, auch einen virtuellen Kunst- und Diskussionsraum f\u00fcr die Auseinandersetzung mit den Zuk\u00fcnften der digitalen Hochschulbildung schaffen: den Creative:Space. Das Ziel des Creative:Space ist, die Gedanken f\u00fcr die digitalen L\u00f6sungen im Hochschulalltag anzuregen und sich im kreativen Perspektivwechsel den Themen des diesj\u00e4hrigen Festivals zu widmen.<\/p>\n\n\n\n<h2 class=\"wp-block-heading\"><strong>Themen des Creative:Call 2023<\/strong><\/h2>\n\n\n\n<p>Die <a href=\"https:\/\/festival.hfd.digital\/de\/die-tracks-2023\/\"><strong>thematischen Tracks<\/strong><\/a> des University:Future Festivals stehen dabei besonders im Fokus. Darunter fallen inhaltlich Themen wie Technik, Didaktik, Strategieentwicklung, Kompetenzen und Architekturen. Der Creative:Space wird somit sowohl zum digitalen Ausstellungsraum als auch zum Diskussionspodium. In kurzen Panels stellen die K\u00fcnstler:innen den Festivalteilnehmer:innen ihre Kunstwerke vor. Als Leitmotiv f\u00fcr die Einreichungen dient unser diesj\u00e4hriges&nbsp;Festival-Motto &#8222;Heads Up!&#8220;:<\/p>\n\n\n\n<p>Heads Up! \u2013 Achtung, da kommt was auf uns zu! Ein \u201cHeads Up\u201d ist eine Vorabinformation oder auch eine Vorwarnung. Was wird in den kommenden Jahren wichtig? Welche Themen und Entwicklungen gilt es im Auge zu behalten?&nbsp;<\/p>\n\n\n\n<p>Heads Up! \u2013 Kopf hoch, das wird schon wieder! \u201cHeads Up\u201d ist auch ein positiver Ausruf. Steigende Kosten und Anforderungen sorgen f\u00fcr Unsicherheit im Hochschulbereich; auch die Pandemie ist noch nicht vorbei. Das Festival reflektiert diese Lage und m\u00f6chte konstruktiv in die Zukunft blicken.<\/p>\n\n\n\n<h2 class=\"wp-block-heading\"><strong>Einreichung<\/strong>: <strong>Bewerben Sie sich jetzt!<\/strong><\/h2>\n\n\n\n<p>Student:innen der Kunsthochschulen sowie K\u00fcnstler:innen, Kreative und Designer:innen konnten Ihre Projekte \u00fcber den Creative:Call einreichen und im digitalen Creative:Space des University:Future Festivals pr\u00e4sentieren. Sowohl Einzelpersonen als auch Kurse und Kollektive waren dazu eingeladen, sich an dem Call zu beteiligen. <\/p>\n\n\n\n<p><\/p>\n\n\n\n<h3 class=\"wp-block-heading\"><strong>Ansprechpartnerinnen Creative:Call<\/strong> <strong>2023<\/strong><\/h3>\n\n\n\n<figure class=\"wp-block-image size-full is-resized is-style-rounded\"><img loading=\"lazy\" decoding=\"async\" src=\"https:\/\/festival.hfd.digital\/de\/wp-content\/uploads\/sites\/3\/2023\/02\/Lea_Profilbild_3.jpg\" alt=\"\" class=\"wp-image-5221\" width=\"175\" height=\"175\" \/><\/figure>\n\n\n\n<div class=\"wp-block-columns is-layout-flex wp-container-core-columns-is-layout-9d6595d7 wp-block-columns-is-layout-flex\">\n<div class=\"wp-block-column is-layout-flow wp-block-column-is-layout-flow\">\n<p><strong>Lea Heinrich<br><\/strong><a href=\"mailto:heinrich@hochschulforum.org\">heinrich@hochschulforum.org<\/a><\/p>\n<\/div>\n<\/div>\n\n\n\n<figure class=\"wp-block-image size-large is-resized is-style-rounded\"><img loading=\"lazy\" decoding=\"async\" src=\"https:\/\/festival.hfd.digital\/de\/wp-content\/uploads\/sites\/3\/2023\/01\/Lavinia_Webseitenbild-7-700x700.jpg\" alt=\"\" class=\"wp-image-4865\" width=\"175\" height=\"175\" \/><\/figure>\n\n\n\n<p><strong>Lavinia Hoesch<br><\/strong><a href=\"mailto:hoesch@hochschulforum.org\">hoesch@hochschulforum.org<\/a><br>+49 (0) 1737675093<\/p>\n","protected":false},"excerpt":{"rendered":"Die Frist f\u00fcr den Creative:Call ist am 28. Februar abgelaufen. Aktuell befindet sich die Jury im Auswahlprozess. Creative Space: Die virtuelle Ausstellungsfl\u00e4che des University:Future Festivals Zus\u00e4tzlich zum digitalen B\u00fchnenprogramm des University:Future Festivals 2023 m\u00f6chten wir, zusammen mit K\u00fcnstler:innen und Kreativen, auch einen virtuellen Kunst- und Diskussionsraum f\u00fcr die Auseinandersetzung mit den Zuk\u00fcnften der digitalen Hochschulbildung&#8230; <a class=\"view-article\" href=\"https:\/\/festival.hfd.digital\/de\/creativecall-2023\/\">View Article<\/a>","protected":false},"author":29,"featured_media":4470,"parent":0,"menu_order":0,"comment_status":"closed","ping_status":"closed","template":"","meta":{"_acf_changed":false,"inline_featured_image":false,"footnotes":""},"class_list":["post-4750","page","type-page","status-publish","has-post-thumbnail","hentry"],"acf":[],"yoast_head":"<!-- This site is optimized with the Yoast SEO plugin v27.3 - https:\/\/yoast.com\/product\/yoast-seo-wordpress\/ -->\n<title>Creative:Call 2023 - Call ist abgeschlossen! - Festival 2023<\/title>\n<meta name=\"description\" content=\"Reichen Sie Ihre kreativen Ideen, Projekte und Kunstwerke beim Creative:Call 2023 ein und werden Sie Teil des University:Future Festivals!\" \/>\n<meta name=\"robots\" content=\"index, follow, max-snippet:-1, max-image-preview:large, max-video-preview:-1\" \/>\n<link rel=\"canonical\" href=\"https:\/\/festival.hfd.digital\/de\/call-2023\/creativecall-2023\/\" \/>\n<meta property=\"og:locale\" content=\"de_DE\" \/>\n<meta property=\"og:type\" content=\"article\" \/>\n<meta property=\"og:title\" content=\"Creative:Call 2023 - Call ist abgeschlossen! - Festival 2023\" \/>\n<meta property=\"og:description\" content=\"Reichen Sie Ihre kreativen Ideen, Projekte und Kunstwerke beim Creative:Call 2023 ein und werden Sie Teil des University:Future Festivals!\" \/>\n<meta property=\"og:url\" content=\"https:\/\/festival.hfd.digital\/de\/call-2023\/creativecall-2023\/\" \/>\n<meta property=\"og:site_name\" content=\"University:Future Festival 2026\" \/>\n<meta property=\"article:modified_time\" content=\"2023-03-01T10:03:53+00:00\" \/>\n<meta name=\"twitter:card\" content=\"summary_large_image\" \/>\n<meta name=\"twitter:label1\" content=\"Gesch\u00e4tzte Lesezeit\" \/>\n\t<meta name=\"twitter:data1\" content=\"2\u00a0Minuten\" \/>\n<script type=\"application\/ld+json\" class=\"yoast-schema-graph\">{\"@context\":\"https:\\\/\\\/schema.org\",\"@graph\":[{\"@type\":\"WebPage\",\"@id\":\"https:\\\/\\\/festival.hfd.digital\\\/de\\\/call-2023\\\/creativecall-2023\\\/\",\"url\":\"https:\\\/\\\/festival.hfd.digital\\\/de\\\/call-2023\\\/creativecall-2023\\\/\",\"name\":\"Creative:Call 2023 - Call ist abgeschlossen! - Festival 2023\",\"isPartOf\":{\"@id\":\"https:\\\/\\\/festival.hfd.digital\\\/de\\\/#website\"},\"primaryImageOfPage\":{\"@id\":\"https:\\\/\\\/festival.hfd.digital\\\/de\\\/call-2023\\\/creativecall-2023\\\/#primaryimage\"},\"image\":{\"@id\":\"https:\\\/\\\/festival.hfd.digital\\\/de\\\/call-2023\\\/creativecall-2023\\\/#primaryimage\"},\"thumbnailUrl\":\"https:\\\/\\\/festival.hfd.digital\\\/de\\\/wp-content\\\/uploads\\\/sites\\\/3\\\/2022\\\/10\\\/Logo-UniversityFuture-Festival.svg\",\"datePublished\":\"2023-01-16T15:26:42+00:00\",\"dateModified\":\"2023-03-01T10:03:53+00:00\",\"description\":\"Reichen Sie Ihre kreativen Ideen, Projekte und Kunstwerke beim Creative:Call 2023 ein und werden Sie Teil des University:Future Festivals!\",\"inLanguage\":\"de\",\"potentialAction\":[{\"@type\":\"ReadAction\",\"target\":[\"https:\\\/\\\/festival.hfd.digital\\\/de\\\/call-2023\\\/creativecall-2023\\\/\"]}]},{\"@type\":\"ImageObject\",\"inLanguage\":\"de\",\"@id\":\"https:\\\/\\\/festival.hfd.digital\\\/de\\\/call-2023\\\/creativecall-2023\\\/#primaryimage\",\"url\":\"https:\\\/\\\/festival.hfd.digital\\\/de\\\/wp-content\\\/uploads\\\/sites\\\/3\\\/2022\\\/10\\\/Logo-UniversityFuture-Festival.svg\",\"contentUrl\":\"https:\\\/\\\/festival.hfd.digital\\\/de\\\/wp-content\\\/uploads\\\/sites\\\/3\\\/2022\\\/10\\\/Logo-UniversityFuture-Festival.svg\",\"caption\":\"U:FF 2023\"},{\"@type\":\"WebSite\",\"@id\":\"https:\\\/\\\/festival.hfd.digital\\\/de\\\/#website\",\"url\":\"https:\\\/\\\/festival.hfd.digital\\\/de\\\/\",\"name\":\"University:Future Festival 2026\",\"description\":\"Das j\u00e4hrliche Festival zur Zukunft der Hochschulbildung.\",\"potentialAction\":[{\"@type\":\"SearchAction\",\"target\":{\"@type\":\"EntryPoint\",\"urlTemplate\":\"https:\\\/\\\/festival.hfd.digital\\\/de\\\/?s={search_term_string}\"},\"query-input\":{\"@type\":\"PropertyValueSpecification\",\"valueRequired\":true,\"valueName\":\"search_term_string\"}}],\"inLanguage\":\"de\"}]}<\/script>\n<!-- \/ Yoast SEO plugin. -->","yoast_head_json":{"title":"Creative:Call 2023 - Call ist abgeschlossen! - Festival 2023","description":"Reichen Sie Ihre kreativen Ideen, Projekte und Kunstwerke beim Creative:Call 2023 ein und werden Sie Teil des University:Future Festivals!","robots":{"index":"index","follow":"follow","max-snippet":"max-snippet:-1","max-image-preview":"max-image-preview:large","max-video-preview":"max-video-preview:-1"},"canonical":"https:\/\/festival.hfd.digital\/de\/call-2023\/creativecall-2023\/","og_locale":"de_DE","og_type":"article","og_title":"Creative:Call 2023 - Call ist abgeschlossen! - Festival 2023","og_description":"Reichen Sie Ihre kreativen Ideen, Projekte und Kunstwerke beim Creative:Call 2023 ein und werden Sie Teil des University:Future Festivals!","og_url":"https:\/\/festival.hfd.digital\/de\/call-2023\/creativecall-2023\/","og_site_name":"University:Future Festival 2026","article_modified_time":"2023-03-01T10:03:53+00:00","twitter_card":"summary_large_image","twitter_misc":{"Gesch\u00e4tzte Lesezeit":"2\u00a0Minuten"},"schema":{"@context":"https:\/\/schema.org","@graph":[{"@type":"WebPage","@id":"https:\/\/festival.hfd.digital\/de\/call-2023\/creativecall-2023\/","url":"https:\/\/festival.hfd.digital\/de\/call-2023\/creativecall-2023\/","name":"Creative:Call 2023 - Call ist abgeschlossen! - Festival 2023","isPartOf":{"@id":"https:\/\/festival.hfd.digital\/de\/#website"},"primaryImageOfPage":{"@id":"https:\/\/festival.hfd.digital\/de\/call-2023\/creativecall-2023\/#primaryimage"},"image":{"@id":"https:\/\/festival.hfd.digital\/de\/call-2023\/creativecall-2023\/#primaryimage"},"thumbnailUrl":"https:\/\/festival.hfd.digital\/de\/wp-content\/uploads\/sites\/3\/2022\/10\/Logo-UniversityFuture-Festival.svg","datePublished":"2023-01-16T15:26:42+00:00","dateModified":"2023-03-01T10:03:53+00:00","description":"Reichen Sie Ihre kreativen Ideen, Projekte und Kunstwerke beim Creative:Call 2023 ein und werden Sie Teil des University:Future Festivals!","inLanguage":"de","potentialAction":[{"@type":"ReadAction","target":["https:\/\/festival.hfd.digital\/de\/call-2023\/creativecall-2023\/"]}]},{"@type":"ImageObject","inLanguage":"de","@id":"https:\/\/festival.hfd.digital\/de\/call-2023\/creativecall-2023\/#primaryimage","url":"https:\/\/festival.hfd.digital\/de\/wp-content\/uploads\/sites\/3\/2022\/10\/Logo-UniversityFuture-Festival.svg","contentUrl":"https:\/\/festival.hfd.digital\/de\/wp-content\/uploads\/sites\/3\/2022\/10\/Logo-UniversityFuture-Festival.svg","caption":"U:FF 2023"},{"@type":"WebSite","@id":"https:\/\/festival.hfd.digital\/de\/#website","url":"https:\/\/festival.hfd.digital\/de\/","name":"University:Future Festival 2026","description":"Das j\u00e4hrliche Festival zur Zukunft der Hochschulbildung.","potentialAction":[{"@type":"SearchAction","target":{"@type":"EntryPoint","urlTemplate":"https:\/\/festival.hfd.digital\/de\/?s={search_term_string}"},"query-input":{"@type":"PropertyValueSpecification","valueRequired":true,"valueName":"search_term_string"}}],"inLanguage":"de"}]}},"_links":{"self":[{"href":"https:\/\/festival.hfd.digital\/de\/wp-json\/wp\/v2\/pages\/4750","targetHints":{"allow":["GET"]}}],"collection":[{"href":"https:\/\/festival.hfd.digital\/de\/wp-json\/wp\/v2\/pages"}],"about":[{"href":"https:\/\/festival.hfd.digital\/de\/wp-json\/wp\/v2\/types\/page"}],"author":[{"embeddable":true,"href":"https:\/\/festival.hfd.digital\/de\/wp-json\/wp\/v2\/users\/29"}],"replies":[{"embeddable":true,"href":"https:\/\/festival.hfd.digital\/de\/wp-json\/wp\/v2\/comments?post=4750"}],"version-history":[{"count":33,"href":"https:\/\/festival.hfd.digital\/de\/wp-json\/wp\/v2\/pages\/4750\/revisions"}],"predecessor-version":[{"id":5324,"href":"https:\/\/festival.hfd.digital\/de\/wp-json\/wp\/v2\/pages\/4750\/revisions\/5324"}],"wp:featuredmedia":[{"embeddable":true,"href":"https:\/\/festival.hfd.digital\/de\/wp-json\/wp\/v2\/media\/4470"}],"wp:attachment":[{"href":"https:\/\/festival.hfd.digital\/de\/wp-json\/wp\/v2\/media?parent=4750"}],"curies":[{"name":"wp","href":"https:\/\/api.w.org\/{rel}","templated":true}]}}