{"id":4677,"date":"2022-11-28T16:34:44","date_gmt":"2022-11-28T16:34:44","guid":{"rendered":"https:\/\/festival.hfd.digital\/de\/?page_id=4677"},"modified":"2024-07-01T10:51:34","modified_gmt":"2024-07-01T10:51:34","slug":"call-for-participation","status":"publish","type":"page","link":"https:\/\/festival.hfd.digital\/de\/call-for-participation\/","title":{"rendered":"Calls zum University:Future Festival 2023"},"content":{"rendered":"\n<p><strong>Der Call for Participation f\u00fcr das University:Future Festival 2023 fand vom 28. November 2022 bis zum 31. Januar 2023 statt. <\/strong><\/p>\n\n\n\n<p>Aktuell werden die Sessions durch eine&nbsp;<a href=\"https:\/\/festival.hfd.digital\/de\/jury-2023\/\">Track-Jury<\/a>&nbsp;begutachtet. Die Track-Jurys setzen sich aus Fachleuten im jeweiligen Bereich, Studierenden sowie Vertreter:innen vom <a href=\"https:\/\/hochschulforumdigitalisierung.de\/de\">Hochschulforum Digitalisierung<\/a>, der <a href=\"https:\/\/stiftung-hochschullehre.de\/\">Stiftung Innovation in der Hochschullehre<\/a> und B\u00fchnenpartnern zusammen. Wir achten darauf, dass alle Beitr\u00e4ge von mindestens drei Personen gelesen und bewertet wird, in der Regel sind es mehr. In einer zweiten Stufe kommen die Leitungen der&nbsp;<a href=\"https:\/\/festival.hfd.digital\/de\/jury-2023\/\">Track-Jurys<\/a>&nbsp;zusammen und entscheiden \u00fcber die Setzung des Programms. Sp\u00e4testens Ende Februar 2023 soll das vorl\u00e4ufige Programm stehen. Wir melden uns zeitnah bei allen Einreichenden zur\u00fcck. <\/p>\n\n\n\n<p>Sie m\u00f6chten sich \u00fcber den abgelaufenen Call informieren? <a href=\"https:\/\/festival.hfd.digital\/de\/call-for-participation-2023\/\">Dann klicken Sie hier.<\/a><\/p>\n\n\n\n<div class=\"wp-block-buttons is-layout-flex wp-block-buttons-is-layout-flex\">\n<div class=\"wp-block-button\"><a class=\"wp-block-button__link wp-element-button\" href=\"https:\/\/festival.hfd.digital\/de\/jury-2023\/\">Weitere Information zu den Jurys<\/a><\/div>\n<\/div>\n\n\n\n<p><\/p>\n\n\n\n<h1 class=\"wp-block-heading\"><strong>Creative:Call<\/strong><\/h1>\n\n\n\n<p>Mit dem Creative:Space m\u00f6chten wir auf dem University:Future Festival Raum f\u00fcr k\u00fcnstlerische Interventionen schaffen. Der Call ist abgeschlossen, derzeit l\u00e4uft der Jury Prozess zum Creative:Call.<\/p>\n\n\n\n<p>Das Motto des diesj\u00e4hrigen Festivals lautet \u201cHeads Up!\u201d. Dieses kann einerseits als Vorwarnung \u00fcbersetzt werden: Achtung, da kommt etwas auf uns zu. Andererseits kann es als Aufmunterung verstanden werden: Kopf hoch, das wird! Die Einreichungen f\u00fcr den Creative:Call k\u00f6nnen sich inhaltlich mit dem Motto des diesj\u00e4hrigen Festivals sowie mit den oben vorgestellten Tracks auseinandersetzen.&nbsp;<\/p>\n\n\n\n<p><\/p>\n\n\n\n<div class=\"wp-block-buttons is-layout-flex wp-block-buttons-is-layout-flex\">\n<div class=\"wp-block-button\"><a class=\"wp-block-button__link wp-element-button\" href=\"https:\/\/festival.hfd.digital\/de\/creativecall-2023\/\">Weitere Information zum Creative:Call<\/a><\/div>\n<\/div>\n","protected":false},"excerpt":{"rendered":"Der Call for Participation f\u00fcr das University:Future Festival 2023 fand vom 28. November 2022 bis zum 31. Januar 2023 statt. Aktuell werden die Sessions durch eine&nbsp;Track-Jury&nbsp;begutachtet. Die Track-Jurys setzen sich aus Fachleuten im jeweiligen Bereich, Studierenden sowie Vertreter:innen vom Hochschulforum Digitalisierung, der Stiftung Innovation in der Hochschullehre und B\u00fchnenpartnern zusammen. Wir achten darauf, dass alle&#8230; <a class=\"view-article\" href=\"https:\/\/festival.hfd.digital\/de\/call-for-participation\/\">View Article<\/a>","protected":false},"author":4,"featured_media":0,"parent":0,"menu_order":0,"comment_status":"closed","ping_status":"closed","template":"","meta":{"_acf_changed":false,"inline_featured_image":false,"footnotes":""},"class_list":["post-4677","page","type-page","status-publish","hentry"],"acf":[],"yoast_head":"<!-- This site is optimized with the Yoast SEO plugin v27.2 - https:\/\/yoast.com\/product\/yoast-seo-wordpress\/ -->\n<title>Calls zum University:Future Festival 2023<\/title>\n<meta name=\"description\" content=\"Alle Infos zum Call for Participation des U:FF 2023 - Heads Up! Teilnahme m\u00f6glich bis zum 31. Januar 2023. Wir sind offen f\u00fcr alle!\" \/>\n<meta name=\"robots\" content=\"index, follow, max-snippet:-1, max-image-preview:large, max-video-preview:-1\" \/>\n<link rel=\"canonical\" href=\"https:\/\/festival.hfd.digital\/de\/call-for-participation\/\" \/>\n<meta property=\"og:locale\" content=\"de_DE\" \/>\n<meta property=\"og:type\" content=\"article\" \/>\n<meta property=\"og:title\" content=\"U:FF 2023 - Heads Up!\" \/>\n<meta property=\"og:description\" content=\"Alle Infos zum Call for Participation des U:FF 2023 - Heads Up! Teilnahme m\u00f6glich bis zum 31. Januar 2023. Wir sind offen f\u00fcr alle!\" \/>\n<meta property=\"og:url\" content=\"https:\/\/festival.hfd.digital\/de\/call-for-participation\/\" \/>\n<meta property=\"og:site_name\" content=\"University:Future Festival 2026\" \/>\n<meta property=\"article:modified_time\" content=\"2024-07-01T10:51:34+00:00\" \/>\n<meta property=\"og:image\" content=\"https:\/\/festival.hfd.digital\/de\/wp-content\/uploads\/sites\/3\/2022\/11\/UFF_Sharepic-Allgemein-Facebook-Vorlage-2.png\" \/>\n\t<meta property=\"og:image:width\" content=\"940\" \/>\n\t<meta property=\"og:image:height\" content=\"788\" \/>\n\t<meta property=\"og:image:type\" content=\"image\/png\" \/>\n<meta name=\"twitter:card\" content=\"summary_large_image\" \/>\n<meta name=\"twitter:title\" content=\"U:FF 2023 - Heads Up!\" \/>\n<meta name=\"twitter:description\" content=\"Alle Infos zum Call for Participation des U:FF 2023 - Heads Up! Teilnahme m\u00f6glich bis zum 31. Januar 2023. Wir sind offen f\u00fcr alle!\" \/>\n<meta name=\"twitter:image\" content=\"https:\/\/festival.hfd.digital\/de\/wp-content\/uploads\/sites\/3\/2022\/11\/UFF_Sharepics-Allgemein_Twitter-1.png\" \/>\n<meta name=\"twitter:label1\" content=\"Gesch\u00e4tzte Lesezeit\" \/>\n\t<meta name=\"twitter:data1\" content=\"2\u00a0Minuten\" \/>\n<script type=\"application\/ld+json\" class=\"yoast-schema-graph\">{\"@context\":\"https:\/\/schema.org\",\"@graph\":[{\"@type\":\"WebPage\",\"@id\":\"https:\/\/festival.hfd.digital\/de\/call-for-participation\/\",\"url\":\"https:\/\/festival.hfd.digital\/de\/call-for-participation\/\",\"name\":\"Calls zum University:Future Festival 2023\",\"isPartOf\":{\"@id\":\"https:\/\/festival.hfd.digital\/de\/#website\"},\"datePublished\":\"2022-11-28T16:34:44+00:00\",\"dateModified\":\"2024-07-01T10:51:34+00:00\",\"description\":\"Alle Infos zum Call for Participation des U:FF 2023 - Heads Up! Teilnahme m\u00f6glich bis zum 31. Januar 2023. Wir sind offen f\u00fcr alle!\",\"inLanguage\":\"de\",\"potentialAction\":[{\"@type\":\"ReadAction\",\"target\":[\"https:\/\/festival.hfd.digital\/de\/call-for-participation\/\"]}]},{\"@type\":\"WebSite\",\"@id\":\"https:\/\/festival.hfd.digital\/de\/#website\",\"url\":\"https:\/\/festival.hfd.digital\/de\/\",\"name\":\"University:Future Festival 2026\",\"description\":\"Das j\u00e4hrliche Festival zur Zukunft der Hochschulbildung.\",\"potentialAction\":[{\"@type\":\"SearchAction\",\"target\":{\"@type\":\"EntryPoint\",\"urlTemplate\":\"https:\/\/festival.hfd.digital\/de\/?s={search_term_string}\"},\"query-input\":{\"@type\":\"PropertyValueSpecification\",\"valueRequired\":true,\"valueName\":\"search_term_string\"}}],\"inLanguage\":\"de\"}]}<\/script>\n<!-- \/ Yoast SEO plugin. -->","yoast_head_json":{"title":"Calls zum University:Future Festival 2023","description":"Alle Infos zum Call for Participation des U:FF 2023 - Heads Up! Teilnahme m\u00f6glich bis zum 31. Januar 2023. Wir sind offen f\u00fcr alle!","robots":{"index":"index","follow":"follow","max-snippet":"max-snippet:-1","max-image-preview":"max-image-preview:large","max-video-preview":"max-video-preview:-1"},"canonical":"https:\/\/festival.hfd.digital\/de\/call-for-participation\/","og_locale":"de_DE","og_type":"article","og_title":"U:FF 2023 - Heads Up!","og_description":"Alle Infos zum Call for Participation des U:FF 2023 - Heads Up! Teilnahme m\u00f6glich bis zum 31. Januar 2023. Wir sind offen f\u00fcr alle!","og_url":"https:\/\/festival.hfd.digital\/de\/call-for-participation\/","og_site_name":"University:Future Festival 2026","article_modified_time":"2024-07-01T10:51:34+00:00","og_image":[{"width":940,"height":788,"url":"https:\/\/festival.hfd.digital\/de\/wp-content\/uploads\/sites\/3\/2022\/11\/UFF_Sharepic-Allgemein-Facebook-Vorlage-2.png","type":"image\/png"}],"twitter_card":"summary_large_image","twitter_title":"U:FF 2023 - Heads Up!","twitter_description":"Alle Infos zum Call for Participation des U:FF 2023 - Heads Up! Teilnahme m\u00f6glich bis zum 31. Januar 2023. Wir sind offen f\u00fcr alle!","twitter_image":"https:\/\/festival.hfd.digital\/de\/wp-content\/uploads\/sites\/3\/2022\/11\/UFF_Sharepics-Allgemein_Twitter-1.png","twitter_misc":{"Gesch\u00e4tzte Lesezeit":"2\u00a0Minuten"},"schema":{"@context":"https:\/\/schema.org","@graph":[{"@type":"WebPage","@id":"https:\/\/festival.hfd.digital\/de\/call-for-participation\/","url":"https:\/\/festival.hfd.digital\/de\/call-for-participation\/","name":"Calls zum University:Future Festival 2023","isPartOf":{"@id":"https:\/\/festival.hfd.digital\/de\/#website"},"datePublished":"2022-11-28T16:34:44+00:00","dateModified":"2024-07-01T10:51:34+00:00","description":"Alle Infos zum Call for Participation des U:FF 2023 - Heads Up! Teilnahme m\u00f6glich bis zum 31. Januar 2023. Wir sind offen f\u00fcr alle!","inLanguage":"de","potentialAction":[{"@type":"ReadAction","target":["https:\/\/festival.hfd.digital\/de\/call-for-participation\/"]}]},{"@type":"WebSite","@id":"https:\/\/festival.hfd.digital\/de\/#website","url":"https:\/\/festival.hfd.digital\/de\/","name":"University:Future Festival 2026","description":"Das j\u00e4hrliche Festival zur Zukunft der Hochschulbildung.","potentialAction":[{"@type":"SearchAction","target":{"@type":"EntryPoint","urlTemplate":"https:\/\/festival.hfd.digital\/de\/?s={search_term_string}"},"query-input":{"@type":"PropertyValueSpecification","valueRequired":true,"valueName":"search_term_string"}}],"inLanguage":"de"}]}},"_links":{"self":[{"href":"https:\/\/festival.hfd.digital\/de\/wp-json\/wp\/v2\/pages\/4677","targetHints":{"allow":["GET"]}}],"collection":[{"href":"https:\/\/festival.hfd.digital\/de\/wp-json\/wp\/v2\/pages"}],"about":[{"href":"https:\/\/festival.hfd.digital\/de\/wp-json\/wp\/v2\/types\/page"}],"author":[{"embeddable":true,"href":"https:\/\/festival.hfd.digital\/de\/wp-json\/wp\/v2\/users\/4"}],"replies":[{"embeddable":true,"href":"https:\/\/festival.hfd.digital\/de\/wp-json\/wp\/v2\/comments?post=4677"}],"version-history":[{"count":13,"href":"https:\/\/festival.hfd.digital\/de\/wp-json\/wp\/v2\/pages\/4677\/revisions"}],"predecessor-version":[{"id":5326,"href":"https:\/\/festival.hfd.digital\/de\/wp-json\/wp\/v2\/pages\/4677\/revisions\/5326"}],"wp:attachment":[{"href":"https:\/\/festival.hfd.digital\/de\/wp-json\/wp\/v2\/media?parent=4677"}],"curies":[{"name":"wp","href":"https:\/\/api.w.org\/{rel}","templated":true}]}}