{"id":4398,"date":"2022-10-27T12:26:15","date_gmt":"2022-10-27T12:26:15","guid":{"rendered":"https:\/\/festival.hfd.digital\/de\/?page_id=4398"},"modified":"2022-10-28T07:16:03","modified_gmt":"2022-10-28T07:16:03","slug":"galerie-lets-talkcampus","status":"publish","type":"page","link":"https:\/\/festival.hfd.digital\/de\/galerie-lets-talkcampus\/","title":{"rendered":"Galerie Let&#8217;s Talk:Campus"},"content":{"rendered":"\n<p><a href=\"https:\/\/festival.hfd.digital\/de\/lets-talkcampus\/\">Let\u2019s Talk:Campus<\/a> war ein eint\u00e4giges Hybrid-Event zur Zukunft des Campuslebens und fand am 20. Oktober 2022 statt. Das&nbsp;<a href=\"https:\/\/festival.hfd.digital\/de\/programm-lets-talkcampus-2022\/\" target=\"_blank\" rel=\"noreferrer noopener\">Tagesprogramm<\/a>&nbsp;basierte vor allem aus <a href=\"https:\/\/festival.hfd.digital\/de\/lets-talkcampus-2022-calls\/\">Einreichungen aus der Community<\/a>. Auf einem politischen Abend brachten wir Politiker:innen mit Studierenden zusammen.<\/p>\n\n\n\n<p>\u00dcber 800 aktiv Teilnehmende kamen digital zusammen, um \u00fcber Themen wie studentische Partizipation und Nachhaltigkeit zu diskutieren. Wir sagen Danke f\u00fcr die Unterst\u00fctzung und das Engagement!<\/p>\n\n\n\n<p>Gerne blicken wir mit Ihnen zusammen auf einen spannenden und inspirierenden Tag zur\u00fcck! Folgend finden Sie einige Eindr\u00fccke und Highlights von Let&#8217;s Talk:Campus. <\/p>\n\n\n\n<p>Sind Sie neugierig geworden? Mehr Bilder finden Sie auf Flickr. <\/p>\n\n\n\n<div class=\"wp-block-buttons is-layout-flex wp-block-buttons-is-layout-flex\">\n<div class=\"wp-block-button\"><a class=\"wp-block-button__link\" href=\"https:\/\/www.flickr.com\/photos\/185949099@N02\/sets\/72177720303218289\/with\/52458062746\/\">Mehr Bilder<\/a><\/div>\n<\/div>\n","protected":false},"excerpt":{"rendered":"Let\u2019s Talk:Campus war ein eint\u00e4giges Hybrid-Event zur Zukunft des Campuslebens und fand am 20. Oktober 2022 statt. Das&nbsp;Tagesprogramm&nbsp;basierte vor allem aus Einreichungen aus der Community. Auf einem politischen Abend brachten wir Politiker:innen mit Studierenden zusammen. \u00dcber 800 aktiv Teilnehmende kamen digital zusammen, um \u00fcber Themen wie studentische Partizipation und Nachhaltigkeit zu diskutieren. Wir sagen Danke&#8230; <a class=\"view-article\" href=\"https:\/\/festival.hfd.digital\/de\/galerie-lets-talkcampus\/\">View Article<\/a>","protected":false},"author":4,"featured_media":0,"parent":0,"menu_order":0,"comment_status":"closed","ping_status":"closed","template":"","meta":{"_acf_changed":false,"inline_featured_image":false,"footnotes":""},"class_list":["post-4398","page","type-page","status-publish","hentry"],"acf":[],"yoast_head":"<!-- This site is optimized with the Yoast SEO plugin v27.3 - https:\/\/yoast.com\/product\/yoast-seo-wordpress\/ -->\n<title>Galerie Let&#039;s Talk:Campus - University:Future Festival 2026<\/title>\n<meta name=\"description\" content=\"Wir blicken auf einen spannenden und inspirierenden Tag zur\u00fcck! Hier finden Sie Eindr\u00fccke und Highlights von Let&#039;s Talk:Campus.\" \/>\n<meta name=\"robots\" content=\"index, follow, max-snippet:-1, max-image-preview:large, max-video-preview:-1\" \/>\n<link rel=\"canonical\" href=\"https:\/\/festival.hfd.digital\/de\/galerie-lets-talkcampus\/\" \/>\n<meta property=\"og:locale\" content=\"de_DE\" \/>\n<meta property=\"og:type\" content=\"article\" \/>\n<meta property=\"og:title\" content=\"Galerie Let&#039;s Talk:Campus\" \/>\n<meta property=\"og:description\" content=\"Wir blicken auf einen spannenden und inspirierenden Tag zur\u00fcck! Hier finden Sie Eindr\u00fccke und Highlights von Let&#039;s Talk:Campus.\" \/>\n<meta property=\"og:url\" content=\"https:\/\/festival.hfd.digital\/de\/galerie-lets-talkcampus\/\" \/>\n<meta property=\"og:site_name\" content=\"University:Future Festival 2026\" \/>\n<meta property=\"article:modified_time\" content=\"2022-10-28T07:16:03+00:00\" \/>\n<meta property=\"og:image\" content=\"https:\/\/festival.hfd.digital\/de\/wp-content\/uploads\/sites\/3\/2022\/07\/Let\u00b4s-TalkCampus.png\" \/>\n\t<meta property=\"og:image:width\" content=\"1600\" \/>\n\t<meta property=\"og:image:height\" content=\"900\" \/>\n\t<meta property=\"og:image:type\" content=\"image\/png\" \/>\n<meta name=\"twitter:card\" content=\"summary_large_image\" \/>\n<meta name=\"twitter:title\" content=\"Galerie Let&#039;s Talk:Campus\" \/>\n<meta name=\"twitter:description\" content=\"Wir blicken auf einen spannenden und inspirierenden Tag zur\u00fcck! Hier finden Sie Eindr\u00fccke und Highlights von Let&#039;s Talk:Campus.\" \/>\n<meta name=\"twitter:image\" content=\"https:\/\/festival.hfd.digital\/de\/wp-content\/uploads\/sites\/3\/2022\/07\/Let\u00b4s-TalkCampus.png\" \/>\n<meta name=\"twitter:label1\" content=\"Gesch\u00e4tzte Lesezeit\" \/>\n\t<meta name=\"twitter:data1\" content=\"1\u00a0Minute\" \/>\n<script type=\"application\/ld+json\" class=\"yoast-schema-graph\">{\"@context\":\"https:\\\/\\\/schema.org\",\"@graph\":[{\"@type\":\"WebPage\",\"@id\":\"https:\\\/\\\/festival.hfd.digital\\\/de\\\/galerie-lets-talkcampus\\\/\",\"url\":\"https:\\\/\\\/festival.hfd.digital\\\/de\\\/galerie-lets-talkcampus\\\/\",\"name\":\"Galerie Let's Talk:Campus - University:Future Festival 2026\",\"isPartOf\":{\"@id\":\"https:\\\/\\\/festival.hfd.digital\\\/de\\\/#website\"},\"datePublished\":\"2022-10-27T12:26:15+00:00\",\"dateModified\":\"2022-10-28T07:16:03+00:00\",\"description\":\"Wir blicken auf einen spannenden und inspirierenden Tag zur\u00fcck! Hier finden Sie Eindr\u00fccke und Highlights von Let's Talk:Campus.\",\"inLanguage\":\"de\",\"potentialAction\":[{\"@type\":\"ReadAction\",\"target\":[\"https:\\\/\\\/festival.hfd.digital\\\/de\\\/galerie-lets-talkcampus\\\/\"]}]},{\"@type\":\"WebSite\",\"@id\":\"https:\\\/\\\/festival.hfd.digital\\\/de\\\/#website\",\"url\":\"https:\\\/\\\/festival.hfd.digital\\\/de\\\/\",\"name\":\"University:Future Festival 2026\",\"description\":\"Das j\u00e4hrliche Festival zur Zukunft der Hochschulbildung.\",\"potentialAction\":[{\"@type\":\"SearchAction\",\"target\":{\"@type\":\"EntryPoint\",\"urlTemplate\":\"https:\\\/\\\/festival.hfd.digital\\\/de\\\/?s={search_term_string}\"},\"query-input\":{\"@type\":\"PropertyValueSpecification\",\"valueRequired\":true,\"valueName\":\"search_term_string\"}}],\"inLanguage\":\"de\"}]}<\/script>\n<!-- \/ Yoast SEO plugin. -->","yoast_head_json":{"title":"Galerie Let's Talk:Campus - University:Future Festival 2026","description":"Wir blicken auf einen spannenden und inspirierenden Tag zur\u00fcck! Hier finden Sie Eindr\u00fccke und Highlights von Let's Talk:Campus.","robots":{"index":"index","follow":"follow","max-snippet":"max-snippet:-1","max-image-preview":"max-image-preview:large","max-video-preview":"max-video-preview:-1"},"canonical":"https:\/\/festival.hfd.digital\/de\/galerie-lets-talkcampus\/","og_locale":"de_DE","og_type":"article","og_title":"Galerie Let's Talk:Campus","og_description":"Wir blicken auf einen spannenden und inspirierenden Tag zur\u00fcck! Hier finden Sie Eindr\u00fccke und Highlights von Let's Talk:Campus.","og_url":"https:\/\/festival.hfd.digital\/de\/galerie-lets-talkcampus\/","og_site_name":"University:Future Festival 2026","article_modified_time":"2022-10-28T07:16:03+00:00","og_image":[{"width":1600,"height":900,"url":"https:\/\/festival.hfd.digital\/de\/wp-content\/uploads\/sites\/3\/2022\/07\/Let\u00b4s-TalkCampus.png","type":"image\/png"}],"twitter_card":"summary_large_image","twitter_title":"Galerie Let's Talk:Campus","twitter_description":"Wir blicken auf einen spannenden und inspirierenden Tag zur\u00fcck! Hier finden Sie Eindr\u00fccke und Highlights von Let's Talk:Campus.","twitter_image":"https:\/\/festival.hfd.digital\/de\/wp-content\/uploads\/sites\/3\/2022\/07\/Let\u00b4s-TalkCampus.png","twitter_misc":{"Gesch\u00e4tzte Lesezeit":"1\u00a0Minute"},"schema":{"@context":"https:\/\/schema.org","@graph":[{"@type":"WebPage","@id":"https:\/\/festival.hfd.digital\/de\/galerie-lets-talkcampus\/","url":"https:\/\/festival.hfd.digital\/de\/galerie-lets-talkcampus\/","name":"Galerie Let's Talk:Campus - University:Future Festival 2026","isPartOf":{"@id":"https:\/\/festival.hfd.digital\/de\/#website"},"datePublished":"2022-10-27T12:26:15+00:00","dateModified":"2022-10-28T07:16:03+00:00","description":"Wir blicken auf einen spannenden und inspirierenden Tag zur\u00fcck! Hier finden Sie Eindr\u00fccke und Highlights von Let's Talk:Campus.","inLanguage":"de","potentialAction":[{"@type":"ReadAction","target":["https:\/\/festival.hfd.digital\/de\/galerie-lets-talkcampus\/"]}]},{"@type":"WebSite","@id":"https:\/\/festival.hfd.digital\/de\/#website","url":"https:\/\/festival.hfd.digital\/de\/","name":"University:Future Festival 2026","description":"Das j\u00e4hrliche Festival zur Zukunft der Hochschulbildung.","potentialAction":[{"@type":"SearchAction","target":{"@type":"EntryPoint","urlTemplate":"https:\/\/festival.hfd.digital\/de\/?s={search_term_string}"},"query-input":{"@type":"PropertyValueSpecification","valueRequired":true,"valueName":"search_term_string"}}],"inLanguage":"de"}]}},"_links":{"self":[{"href":"https:\/\/festival.hfd.digital\/de\/wp-json\/wp\/v2\/pages\/4398","targetHints":{"allow":["GET"]}}],"collection":[{"href":"https:\/\/festival.hfd.digital\/de\/wp-json\/wp\/v2\/pages"}],"about":[{"href":"https:\/\/festival.hfd.digital\/de\/wp-json\/wp\/v2\/types\/page"}],"author":[{"embeddable":true,"href":"https:\/\/festival.hfd.digital\/de\/wp-json\/wp\/v2\/users\/4"}],"replies":[{"embeddable":true,"href":"https:\/\/festival.hfd.digital\/de\/wp-json\/wp\/v2\/comments?post=4398"}],"version-history":[{"count":19,"href":"https:\/\/festival.hfd.digital\/de\/wp-json\/wp\/v2\/pages\/4398\/revisions"}],"predecessor-version":[{"id":4464,"href":"https:\/\/festival.hfd.digital\/de\/wp-json\/wp\/v2\/pages\/4398\/revisions\/4464"}],"wp:attachment":[{"href":"https:\/\/festival.hfd.digital\/de\/wp-json\/wp\/v2\/media?parent=4398"}],"curies":[{"name":"wp","href":"https:\/\/api.w.org\/{rel}","templated":true}]}}