{"id":3967,"date":"2022-08-30T10:15:49","date_gmt":"2022-08-30T10:15:49","guid":{"rendered":"https:\/\/festival.hfd.digital\/de\/?page_id=3967"},"modified":"2024-07-01T10:38:14","modified_gmt":"2024-07-01T10:38:14","slug":"lets-talkcampus-2022-calls","status":"publish","type":"page","link":"https:\/\/festival.hfd.digital\/de\/lets-talkcampus-2022-calls\/","title":{"rendered":"Let&#8217;s Talk:Campus 2022 &#8211; Hier geht&#8217;s zu den Calls"},"content":{"rendered":"\n<p><\/p>\n\n\n\n<h2 class=\"wp-block-heading\">Call for Participation &#8211; Abgeschlossen<\/h2>\n\n\n\n<p>Das <a href=\"https:\/\/festival.hfd.digital\/de\/programm-lets-talkcampus\/\">Programm<\/a> des Let\u2019s Talk:Campus 2022 setzt sich aus Beitr\u00e4gen der Community zusammen. Es bietet allen eine Plattform, die aktiv am Campusleben teilhaben und dieses mitgestalten. \u00dcber den <a href=\"https:\/\/festival.hfd.digital\/de\/cfp\/\">Call for Participation<\/a> konnten Interessenten Beitr\u00e4ge in Form von Lightning-Talks (5 Minuten), Talks und Keynotes (25 Minuten) sowie Workshops (60 Minuten) und Mikrofortbildungen (60 Minuten) einreichen.&nbsp;<\/p>\n\n\n\n<h3 class=\"wp-block-heading\">Der Call for Participation hat am 28. August 2022 geendet!<\/h3>\n\n\n\n<p><\/p>\n\n\n\n<p>Wir danken allen Teilnehmenden f\u00fcr ihre Einreichungen! Bitte beachten Sie, dass der Call abgeschlossen und eine Bewerbung nicht mehr m\u00f6glich ist. Zur Zeit bewerten die einzelnen <a href=\"https:\/\/festival.hfd.digital\/de\/cfp\/jury-lets-talkcampus\/\">Jurys<\/a> die Einreichungen.<\/p>\n\n\n\n<p><\/p>\n\n\n\n<p><\/p>\n\n\n\n<h2 class=\"wp-block-heading\">Call for Students &#8211; Abgeschlossen<\/h2>\n\n\n\n<p><a href=\"https:\/\/festival.hfd.digital\/de\/\">Let\u00b4s Talk:Campus<\/a> endet mit einem politischer Abend, an dem Studierende mit Fach-Politiker:innen diskutieren. Die Beitr\u00e4ge der Studierenden wurden \u00fcber einen \u00f6ffentlichen <a href=\"https:\/\/festival.hfd.digital\/de\/lets-talkcampus-2022-calls\/\">Call<\/a> generiert. Der Call hat am 19. September geendet. Aktuell befindet sich die Jury im Auswahlprozess. <\/p>\n\n\n\n<p><strong>Der Call for Students hat am 19. September 2022 geendet!<\/strong><\/p>\n","protected":false},"excerpt":{"rendered":"Call for Participation &#8211; Abgeschlossen Das Programm des Let\u2019s Talk:Campus 2022 setzt sich aus Beitr\u00e4gen der Community zusammen. Es bietet allen eine Plattform, die aktiv am Campusleben teilhaben und dieses mitgestalten. \u00dcber den Call for Participation konnten Interessenten Beitr\u00e4ge in Form von Lightning-Talks (5 Minuten), Talks und Keynotes (25 Minuten) sowie Workshops (60 Minuten) und&#8230; <a class=\"view-article\" href=\"https:\/\/festival.hfd.digital\/de\/lets-talkcampus-2022-calls\/\">View Article<\/a>","protected":false},"author":4,"featured_media":3701,"parent":0,"menu_order":0,"comment_status":"closed","ping_status":"closed","template":"","meta":{"_acf_changed":false,"inline_featured_image":false,"footnotes":""},"class_list":["post-3967","page","type-page","status-publish","has-post-thumbnail","hentry"],"acf":[],"yoast_head":"<!-- This site is optimized with the Yoast SEO plugin v27.3 - https:\/\/yoast.com\/product\/yoast-seo-wordpress\/ -->\n<title>Let&#039;s Talk:Campus 2022 - Hier geht&#039;s zu den Calls<\/title>\n<meta name=\"description\" content=\"Let&#039;s Talk:Campus 2022 - Hier geht&#039;s zum Call for Participation und Call for Students. Jetzt bewerben und mitdiskutieren!\" \/>\n<meta name=\"robots\" content=\"index, follow, max-snippet:-1, max-image-preview:large, max-video-preview:-1\" \/>\n<link rel=\"canonical\" href=\"https:\/\/festival.hfd.digital\/de\/lets-talkcampus-2022-calls\/\" \/>\n<meta property=\"og:locale\" content=\"de_DE\" \/>\n<meta property=\"og:type\" content=\"article\" \/>\n<meta property=\"og:title\" content=\"Let&#039;s Talk:Campus 2022 - Hier geht&#039;s zu den Calls\" \/>\n<meta property=\"og:description\" content=\"Let&#039;s Talk:Campus 2022 - Hier geht&#039;s zum Call for Participation und Call for Students. Jetzt bewerben und mitdiskutieren!\" \/>\n<meta property=\"og:url\" content=\"https:\/\/festival.hfd.digital\/de\/lets-talkcampus-2022-calls\/\" \/>\n<meta property=\"og:site_name\" content=\"University:Future Festival 2026\" \/>\n<meta property=\"article:modified_time\" content=\"2024-07-01T10:38:14+00:00\" \/>\n<meta property=\"og:image\" content=\"https:\/\/festival.hfd.digital\/de\/wp-content\/uploads\/sites\/3\/2022\/07\/LTC_KeyVisual_2022_RGB.png\" \/>\n\t<meta property=\"og:image:width\" content=\"1843\" \/>\n\t<meta property=\"og:image:height\" content=\"1764\" \/>\n\t<meta property=\"og:image:type\" content=\"image\/png\" \/>\n<meta name=\"twitter:card\" content=\"summary_large_image\" \/>\n<meta name=\"twitter:label1\" content=\"Gesch\u00e4tzte Lesezeit\" \/>\n\t<meta name=\"twitter:data1\" content=\"2\u00a0Minuten\" \/>\n<script type=\"application\/ld+json\" class=\"yoast-schema-graph\">{\"@context\":\"https:\\\/\\\/schema.org\",\"@graph\":[{\"@type\":\"WebPage\",\"@id\":\"https:\\\/\\\/festival.hfd.digital\\\/de\\\/lets-talkcampus-2022-calls\\\/\",\"url\":\"https:\\\/\\\/festival.hfd.digital\\\/de\\\/lets-talkcampus-2022-calls\\\/\",\"name\":\"Let's Talk:Campus 2022 - Hier geht's zu den Calls\",\"isPartOf\":{\"@id\":\"https:\\\/\\\/festival.hfd.digital\\\/de\\\/#website\"},\"primaryImageOfPage\":{\"@id\":\"https:\\\/\\\/festival.hfd.digital\\\/de\\\/lets-talkcampus-2022-calls\\\/#primaryimage\"},\"image\":{\"@id\":\"https:\\\/\\\/festival.hfd.digital\\\/de\\\/lets-talkcampus-2022-calls\\\/#primaryimage\"},\"thumbnailUrl\":\"https:\\\/\\\/festival.hfd.digital\\\/de\\\/wp-content\\\/uploads\\\/sites\\\/3\\\/2022\\\/07\\\/LTC_KeyVisual_2022_RGB.png\",\"datePublished\":\"2022-08-30T10:15:49+00:00\",\"dateModified\":\"2024-07-01T10:38:14+00:00\",\"description\":\"Let's Talk:Campus 2022 - Hier geht's zum Call for Participation und Call for Students. Jetzt bewerben und mitdiskutieren!\",\"inLanguage\":\"de\",\"potentialAction\":[{\"@type\":\"ReadAction\",\"target\":[\"https:\\\/\\\/festival.hfd.digital\\\/de\\\/lets-talkcampus-2022-calls\\\/\"]}]},{\"@type\":\"ImageObject\",\"inLanguage\":\"de\",\"@id\":\"https:\\\/\\\/festival.hfd.digital\\\/de\\\/lets-talkcampus-2022-calls\\\/#primaryimage\",\"url\":\"https:\\\/\\\/festival.hfd.digital\\\/de\\\/wp-content\\\/uploads\\\/sites\\\/3\\\/2022\\\/07\\\/LTC_KeyVisual_2022_RGB.png\",\"contentUrl\":\"https:\\\/\\\/festival.hfd.digital\\\/de\\\/wp-content\\\/uploads\\\/sites\\\/3\\\/2022\\\/07\\\/LTC_KeyVisual_2022_RGB.png\",\"width\":1843,\"height\":1764,\"caption\":\"Logo Let\u00b4s Talk:Campus\"},{\"@type\":\"WebSite\",\"@id\":\"https:\\\/\\\/festival.hfd.digital\\\/de\\\/#website\",\"url\":\"https:\\\/\\\/festival.hfd.digital\\\/de\\\/\",\"name\":\"University:Future Festival 2026\",\"description\":\"Das j\u00e4hrliche Festival zur Zukunft der Hochschulbildung.\",\"potentialAction\":[{\"@type\":\"SearchAction\",\"target\":{\"@type\":\"EntryPoint\",\"urlTemplate\":\"https:\\\/\\\/festival.hfd.digital\\\/de\\\/?s={search_term_string}\"},\"query-input\":{\"@type\":\"PropertyValueSpecification\",\"valueRequired\":true,\"valueName\":\"search_term_string\"}}],\"inLanguage\":\"de\"}]}<\/script>\n<!-- \/ Yoast SEO plugin. -->","yoast_head_json":{"title":"Let's Talk:Campus 2022 - Hier geht's zu den Calls","description":"Let's Talk:Campus 2022 - Hier geht's zum Call for Participation und Call for Students. Jetzt bewerben und mitdiskutieren!","robots":{"index":"index","follow":"follow","max-snippet":"max-snippet:-1","max-image-preview":"max-image-preview:large","max-video-preview":"max-video-preview:-1"},"canonical":"https:\/\/festival.hfd.digital\/de\/lets-talkcampus-2022-calls\/","og_locale":"de_DE","og_type":"article","og_title":"Let's Talk:Campus 2022 - Hier geht's zu den Calls","og_description":"Let's Talk:Campus 2022 - Hier geht's zum Call for Participation und Call for Students. Jetzt bewerben und mitdiskutieren!","og_url":"https:\/\/festival.hfd.digital\/de\/lets-talkcampus-2022-calls\/","og_site_name":"University:Future Festival 2026","article_modified_time":"2024-07-01T10:38:14+00:00","og_image":[{"width":1843,"height":1764,"url":"https:\/\/festival.hfd.digital\/de\/wp-content\/uploads\/sites\/3\/2022\/07\/LTC_KeyVisual_2022_RGB.png","type":"image\/png"}],"twitter_card":"summary_large_image","twitter_misc":{"Gesch\u00e4tzte Lesezeit":"2\u00a0Minuten"},"schema":{"@context":"https:\/\/schema.org","@graph":[{"@type":"WebPage","@id":"https:\/\/festival.hfd.digital\/de\/lets-talkcampus-2022-calls\/","url":"https:\/\/festival.hfd.digital\/de\/lets-talkcampus-2022-calls\/","name":"Let's Talk:Campus 2022 - Hier geht's zu den Calls","isPartOf":{"@id":"https:\/\/festival.hfd.digital\/de\/#website"},"primaryImageOfPage":{"@id":"https:\/\/festival.hfd.digital\/de\/lets-talkcampus-2022-calls\/#primaryimage"},"image":{"@id":"https:\/\/festival.hfd.digital\/de\/lets-talkcampus-2022-calls\/#primaryimage"},"thumbnailUrl":"https:\/\/festival.hfd.digital\/de\/wp-content\/uploads\/sites\/3\/2022\/07\/LTC_KeyVisual_2022_RGB.png","datePublished":"2022-08-30T10:15:49+00:00","dateModified":"2024-07-01T10:38:14+00:00","description":"Let's Talk:Campus 2022 - Hier geht's zum Call for Participation und Call for Students. Jetzt bewerben und mitdiskutieren!","inLanguage":"de","potentialAction":[{"@type":"ReadAction","target":["https:\/\/festival.hfd.digital\/de\/lets-talkcampus-2022-calls\/"]}]},{"@type":"ImageObject","inLanguage":"de","@id":"https:\/\/festival.hfd.digital\/de\/lets-talkcampus-2022-calls\/#primaryimage","url":"https:\/\/festival.hfd.digital\/de\/wp-content\/uploads\/sites\/3\/2022\/07\/LTC_KeyVisual_2022_RGB.png","contentUrl":"https:\/\/festival.hfd.digital\/de\/wp-content\/uploads\/sites\/3\/2022\/07\/LTC_KeyVisual_2022_RGB.png","width":1843,"height":1764,"caption":"Logo Let\u00b4s Talk:Campus"},{"@type":"WebSite","@id":"https:\/\/festival.hfd.digital\/de\/#website","url":"https:\/\/festival.hfd.digital\/de\/","name":"University:Future Festival 2026","description":"Das j\u00e4hrliche Festival zur Zukunft der Hochschulbildung.","potentialAction":[{"@type":"SearchAction","target":{"@type":"EntryPoint","urlTemplate":"https:\/\/festival.hfd.digital\/de\/?s={search_term_string}"},"query-input":{"@type":"PropertyValueSpecification","valueRequired":true,"valueName":"search_term_string"}}],"inLanguage":"de"}]}},"_links":{"self":[{"href":"https:\/\/festival.hfd.digital\/de\/wp-json\/wp\/v2\/pages\/3967","targetHints":{"allow":["GET"]}}],"collection":[{"href":"https:\/\/festival.hfd.digital\/de\/wp-json\/wp\/v2\/pages"}],"about":[{"href":"https:\/\/festival.hfd.digital\/de\/wp-json\/wp\/v2\/types\/page"}],"author":[{"embeddable":true,"href":"https:\/\/festival.hfd.digital\/de\/wp-json\/wp\/v2\/users\/4"}],"replies":[{"embeddable":true,"href":"https:\/\/festival.hfd.digital\/de\/wp-json\/wp\/v2\/comments?post=3967"}],"version-history":[{"count":9,"href":"https:\/\/festival.hfd.digital\/de\/wp-json\/wp\/v2\/pages\/3967\/revisions"}],"predecessor-version":[{"id":4154,"href":"https:\/\/festival.hfd.digital\/de\/wp-json\/wp\/v2\/pages\/3967\/revisions\/4154"}],"wp:featuredmedia":[{"embeddable":true,"href":"https:\/\/festival.hfd.digital\/de\/wp-json\/wp\/v2\/media\/3701"}],"wp:attachment":[{"href":"https:\/\/festival.hfd.digital\/de\/wp-json\/wp\/v2\/media?parent=3967"}],"curies":[{"name":"wp","href":"https:\/\/api.w.org\/{rel}","templated":true}]}}