{"id":3812,"date":"2022-08-11T12:10:15","date_gmt":"2022-08-11T12:10:15","guid":{"rendered":"https:\/\/festival.hfd.digital\/de\/?page_id=3812"},"modified":"2024-07-01T09:57:46","modified_gmt":"2024-07-01T09:57:46","slug":"programm-lets-talkcampus","status":"publish","type":"page","link":"https:\/\/festival.hfd.digital\/de\/programm-lets-talkcampus\/","title":{"rendered":"Programm Let&#8217;s Talk:Campus"},"content":{"rendered":"\n<h2 class=\"wp-block-heading\"><strong>Let&#8217;s Talk:Campus, 9-18 Uhr<\/strong><\/h2>\n\n\n\n<p>Keynotes von herausragenden Speaker:innen; Workshops, Talks, Diskussionen und Netzwerkarbeit. Das Programm speist sich auf einem <a href=\"https:\/\/festival.hfd.digital\/de\/cfp\/\">\u00f6ffentlichen Call<\/a> (Einreichung geschlossen). Ein besonderer Fokus auf Beitr\u00e4ge von Studierenden. Zu den Speaker:innen z\u00e4hlt u. a. Beteiligungsp\u00e4dagogin <strong><a href=\"https:\/\/festival.hfd.digital\/de\/speaker\/marina-weisband\/\">Marina Weisband<\/a>.<\/strong><\/p>\n\n\n\n<div class=\"wp-block-buttons is-layout-flex wp-block-buttons-is-layout-flex\">\n<div class=\"wp-block-button\"><a class=\"wp-block-button__link wp-element-button\" href=\"https:\/\/festival.hfd.digital\/de\/programm-lets-talkcampus-2022\/\">Hier geht es zur Programm\u00fcbersicht<\/a><\/div>\n<\/div>\n\n\n\n<h3 class=\"wp-block-heading\">Das Programm von Let\u2019s Talk:Campus besteht aus drei Themenbereichen:<\/h3>\n\n\n\n<p><\/p>\n\n\n\n<p><strong>1. Partizipation st\u00e4rken<\/strong><br>Sinnvoll eingesetzt, f\u00fchrt Partizipation zu besseren Entwicklungs- und Entscheidungsprozesse an Hochschulen. Wie kann Partizipation erfolgreich umgesetzt werden? Welche Rahmenbedingungen m\u00fcssen hierf\u00fcr geschaffen werden? Wie k\u00f6nnen sich auch Studierende beteiligen, unabh\u00e4ngig von finanziellen und sozialen H\u00fcrden? Und wie schaffen wir es, dass Partizipationsprozesse effizient und zielgerichtet bleiben? Wir suchen f\u00fcr Let\u2019s Talk:Campus Beispiele guter Praxis und Erfahrungsberichte.<\/p>\n\n\n\n<p><\/p>\n\n\n\n<p><strong>2. (Digitale) R\u00e4ume \u00f6ffnen<\/strong><br>Nach gut zwei Jahren fl\u00e4chendeckender Online-Lehre wird der Campus als digitaler und baulicher Raum neu verhandelt. Was macht einen hybriden Campus aus?&nbsp; Welche zeitgem\u00e4\u00dfen Raumkonzepte gibt es \u2013 und wie lassen sich diese Visionen mit der Realit\u00e4t eines jahrelangen Investitionsstaus in Hochschulgeb\u00e4ude in Verbindung bringen? Gemeinsam werden wir diskutieren, was Didaktik im digitalen Zeitalter beinhaltet, welchen Herausforderungen wir bei der Umgestaltung von Lehr- und Lernr\u00e4umen begegnen und welche innovativen Techniken und Tools die Hochschule von morgen bereichern k\u00f6nnen.&nbsp;<\/p>\n\n\n\n<p><\/p>\n\n\n\n<p><strong>3. Hochschule for Future<\/strong><br>Studienwege \u00e4ndern sich und die Studierendenschaft wird zunehmend heterogener. Nachhaltigkeitsfragen betreffen heute alle Institutionen. Was bedeutet das f\u00fcr den Campus und wie schaffen wir es, Studierenden mit unterschiedlichsten Voraussetzungen und Lebensmodellen optimale Entwicklungsm\u00f6glichkeiten zu bieten? Welche Werte vertreten \u00f6ffentliche Hand und Hochschulen und wie werden diese sichtbar \u2013 positiv wie negativ? Mit diesen und weiteren Fragen befassen wir uns im Themenbereich Hochschule for Future.<\/p>\n\n\n\n<p><\/p>\n\n\n\n<h2 class=\"wp-block-heading\"><strong>Politischer Abend, 18-20 Uhr<\/strong><\/h2>\n\n\n\n<p>Politiker:innen aus Land und Bund werden <strong>mit studentischen Anliegen konfrontiert<\/strong>. Die studentischen <strong>Themen<\/strong> werden durch einen \u00f6ffentlichen <strong><a href=\"https:\/\/festival.hfd.digital\/de\/call-for-students\/\">Call for Students<\/a> <\/strong>(Bewerbungsfrist: 19. September) gefunden. Zugesagt haben folgende Politiker:innen:<\/p>\n\n\n\n<div class=\"wp-block-columns is-layout-flex wp-container-core-columns-is-layout-9d6595d7 wp-block-columns-is-layout-flex\">\n<div class=\"wp-block-column is-layout-flow wp-block-column-is-layout-flow\" style=\"flex-basis:50%\"><div class=\"wp-block-image is-style-rounded\">\n<figure class=\"aligncenter size-medium\"><a href=\"https:\/\/festival.hfd.digital\/de\/speaker\/ayse-asar\/\"><img loading=\"lazy\" decoding=\"async\" width=\"250\" height=\"250\" src=\"https:\/\/festival.hfd.digital\/de\/wp-content\/uploads\/sites\/3\/2022\/08\/ayse_asar_1-250x250.jpg\" alt=\"\" class=\"wp-image-3841\" srcset=\"https:\/\/festival.hfd.digital\/de\/wp-content\/uploads\/sites\/3\/2022\/08\/ayse_asar_1-250x250.jpg 250w, https:\/\/festival.hfd.digital\/de\/wp-content\/uploads\/sites\/3\/2022\/08\/ayse_asar_1-150x150.jpg 150w, https:\/\/festival.hfd.digital\/de\/wp-content\/uploads\/sites\/3\/2022\/08\/ayse_asar_1-120x120.jpg 120w, https:\/\/festival.hfd.digital\/de\/wp-content\/uploads\/sites\/3\/2022\/08\/ayse_asar_1.jpg 522w\" sizes=\"auto, (max-width: 250px) 100vw, 250px\" \/><\/a><\/figure>\n<\/div>\n\n\n<p class=\"has-text-align-center\"><strong>Ayse Asar<\/strong><br>Gr\u00fcne, StS Hessisches Ministerium f\u00fcr Wissenschaft und Kunst<\/p>\n<\/div>\n\n\n\n<div class=\"wp-block-column is-layout-flow wp-block-column-is-layout-flow\" style=\"flex-basis:50%\"><div class=\"wp-block-image is-style-rounded\">\n<figure class=\"aligncenter size-medium\"><a href=\"https:\/\/festival.hfd.digital\/de\/speaker\/dr-jens-brandenburg\/\"><img loading=\"lazy\" decoding=\"async\" width=\"250\" height=\"250\" src=\"https:\/\/festival.hfd.digital\/de\/wp-content\/uploads\/sites\/3\/2022\/08\/Dr.-Jens-Brandenburg-250x250.jpg\" alt=\"Foto von Dr. Jens Brandenburg\" class=\"wp-image-3823\" srcset=\"https:\/\/festival.hfd.digital\/de\/wp-content\/uploads\/sites\/3\/2022\/08\/Dr.-Jens-Brandenburg-250x250.jpg 250w, https:\/\/festival.hfd.digital\/de\/wp-content\/uploads\/sites\/3\/2022\/08\/Dr.-Jens-Brandenburg-150x150.jpg 150w, https:\/\/festival.hfd.digital\/de\/wp-content\/uploads\/sites\/3\/2022\/08\/Dr.-Jens-Brandenburg-120x120.jpg 120w, https:\/\/festival.hfd.digital\/de\/wp-content\/uploads\/sites\/3\/2022\/08\/Dr.-Jens-Brandenburg.jpg 364w\" sizes=\"auto, (max-width: 250px) 100vw, 250px\" \/><\/a><\/figure>\n<\/div>\n\n\n<p class=\"has-text-align-center\"><strong>Dr. Jens Brandenburg<br><\/strong>FDP, parl. StS BMBF<\/p>\n<\/div>\n<\/div>\n\n\n\n<div class=\"wp-block-columns is-layout-flex wp-container-core-columns-is-layout-9d6595d7 wp-block-columns-is-layout-flex\">\n<div class=\"wp-block-column is-layout-flow wp-block-column-is-layout-flow\"><div class=\"wp-block-image is-style-rounded\">\n<figure class=\"aligncenter size-medium\"><a href=\"https:\/\/festival.hfd.digital\/de\/speaker\/nadine-schoen\/\"><img loading=\"lazy\" decoding=\"async\" width=\"250\" height=\"250\" src=\"https:\/\/festival.hfd.digital\/de\/wp-content\/uploads\/sites\/3\/2022\/08\/Nadine-Schoen_Fotograf-Tobias-Koch-250x250.jpeg\" alt=\"Foto von Nadine Sch\u00f6n\" class=\"wp-image-3840\" srcset=\"https:\/\/festival.hfd.digital\/de\/wp-content\/uploads\/sites\/3\/2022\/08\/Nadine-Schoen_Fotograf-Tobias-Koch-250x250.jpeg 250w, https:\/\/festival.hfd.digital\/de\/wp-content\/uploads\/sites\/3\/2022\/08\/Nadine-Schoen_Fotograf-Tobias-Koch-700x700.jpeg 700w, https:\/\/festival.hfd.digital\/de\/wp-content\/uploads\/sites\/3\/2022\/08\/Nadine-Schoen_Fotograf-Tobias-Koch-150x150.jpeg 150w, https:\/\/festival.hfd.digital\/de\/wp-content\/uploads\/sites\/3\/2022\/08\/Nadine-Schoen_Fotograf-Tobias-Koch-768x768.jpeg 768w, https:\/\/festival.hfd.digital\/de\/wp-content\/uploads\/sites\/3\/2022\/08\/Nadine-Schoen_Fotograf-Tobias-Koch-1536x1536.jpeg 1536w, https:\/\/festival.hfd.digital\/de\/wp-content\/uploads\/sites\/3\/2022\/08\/Nadine-Schoen_Fotograf-Tobias-Koch-120x120.jpeg 120w, https:\/\/festival.hfd.digital\/de\/wp-content\/uploads\/sites\/3\/2022\/08\/Nadine-Schoen_Fotograf-Tobias-Koch.jpeg 1759w\" sizes=\"auto, (max-width: 250px) 100vw, 250px\" \/><\/a><\/figure>\n<\/div>\n\n\n<p class=\"has-text-align-center\"><strong>Nadine Sch\u00f6n<br><\/strong>CDU, MdB, stellvertretende Fraktionsvorsitzende<\/p>\n<\/div>\n\n\n\n<div class=\"wp-block-column is-layout-flow wp-block-column-is-layout-flow\"><div class=\"wp-block-image is-style-rounded\">\n<figure class=\"aligncenter size-medium\"><a href=\"https:\/\/festival.hfd.digital\/de\/speaker\/sophia-schiebe\/\"><img loading=\"lazy\" decoding=\"async\" width=\"250\" height=\"250\" src=\"https:\/\/festival.hfd.digital\/de\/wp-content\/uploads\/sites\/3\/2022\/08\/Sophia-Schiebe-250x250.jpeg\" alt=\"Foto Sophia Schiebe\" class=\"wp-image-3839\" srcset=\"https:\/\/festival.hfd.digital\/de\/wp-content\/uploads\/sites\/3\/2022\/08\/Sophia-Schiebe-250x250.jpeg 250w, https:\/\/festival.hfd.digital\/de\/wp-content\/uploads\/sites\/3\/2022\/08\/Sophia-Schiebe-700x700.jpeg 700w, https:\/\/festival.hfd.digital\/de\/wp-content\/uploads\/sites\/3\/2022\/08\/Sophia-Schiebe-150x150.jpeg 150w, https:\/\/festival.hfd.digital\/de\/wp-content\/uploads\/sites\/3\/2022\/08\/Sophia-Schiebe-768x768.jpeg 768w, https:\/\/festival.hfd.digital\/de\/wp-content\/uploads\/sites\/3\/2022\/08\/Sophia-Schiebe-120x120.jpeg 120w, https:\/\/festival.hfd.digital\/de\/wp-content\/uploads\/sites\/3\/2022\/08\/Sophia-Schiebe.jpeg 1080w\" sizes=\"auto, (max-width: 250px) 100vw, 250px\" \/><\/a><\/figure>\n<\/div>\n\n\n<p class=\"has-text-align-center\"><strong>Sophia Schiebe<\/strong><br>SPD, MdL Schleswig-Holstein<\/p>\n<\/div>\n<\/div>\n\n\n\n<div class=\"wp-block-buttons is-layout-flex wp-block-buttons-is-layout-flex\">\n<div class=\"wp-block-button\"><a class=\"wp-block-button__link wp-element-button\" href=\"https:\/\/festival.hfd.digital\/de\/programm-lets-talkcampus-2022\/\">Hier geht es zur Programm\u00fcbersicht<\/a><\/div>\n<\/div>\n\n\n\n<h2 class=\"wp-block-heading\"><strong><strong>Gemeinsamer Ausklang (in Berlin)<\/strong>, 20-22 Uhr<\/strong><\/h2>\n\n\n\n<p>Ausklang mit Musik, Fingerfood und Getr\u00e4nken.<\/p>\n","protected":false},"excerpt":{"rendered":"Let&#8217;s Talk:Campus, 9-18 Uhr Keynotes von herausragenden Speaker:innen; Workshops, Talks, Diskussionen und Netzwerkarbeit. Das Programm speist sich auf einem \u00f6ffentlichen Call (Einreichung geschlossen). Ein besonderer Fokus auf Beitr\u00e4ge von Studierenden. Zu den Speaker:innen z\u00e4hlt u. a. Beteiligungsp\u00e4dagogin Marina Weisband. Das Programm von Let\u2019s Talk:Campus besteht aus drei Themenbereichen: 1. Partizipation st\u00e4rkenSinnvoll eingesetzt, f\u00fchrt Partizipation zu&#8230; <a class=\"view-article\" href=\"https:\/\/festival.hfd.digital\/de\/programm-lets-talkcampus\/\">View Article<\/a>","protected":false},"author":4,"featured_media":0,"parent":0,"menu_order":0,"comment_status":"closed","ping_status":"closed","template":"","meta":{"_acf_changed":false,"inline_featured_image":false,"footnotes":""},"class_list":["post-3812","page","type-page","status-publish","hentry"],"acf":[],"yoast_head":"<!-- This site is optimized with the Yoast SEO plugin v27.3 - https:\/\/yoast.com\/product\/yoast-seo-wordpress\/ -->\n<title>Programm Let&#039;s Talk:Campus 2022 | University:Future Festival<\/title>\n<meta name=\"description\" content=\"Let\u2019s Talk:Campus war ein eint\u00e4giges Event zur Zukunft des Campuslebens. Ein besonderer Fokus lag dabei auf Fragen der studentischen Partizipation und Nachhaltigkeit.\" \/>\n<meta name=\"robots\" content=\"index, follow, max-snippet:-1, max-image-preview:large, max-video-preview:-1\" \/>\n<link rel=\"canonical\" href=\"https:\/\/festival.hfd.digital\/de\/programm-lets-talkcampus\/\" \/>\n<meta property=\"og:locale\" content=\"de_DE\" \/>\n<meta property=\"og:type\" content=\"article\" \/>\n<meta property=\"og:title\" content=\"Let\u2019s Talk:Campus: Programm\" \/>\n<meta property=\"og:description\" content=\"Let\u2019s Talk:Campus ist ein eint\u00e4giges Event zur Zukunft des Campuslebens. Ein besonderer Fokus liegt dabei auf Fragen der studentischen Partizipation und Nachhaltigkeit.\" \/>\n<meta property=\"og:url\" content=\"https:\/\/festival.hfd.digital\/de\/programm-lets-talkcampus\/\" \/>\n<meta property=\"og:site_name\" content=\"University:Future Festival 2026\" \/>\n<meta property=\"article:modified_time\" content=\"2024-07-01T09:57:46+00:00\" \/>\n<meta property=\"og:image\" content=\"https:\/\/festival.hfd.digital\/de\/wp-content\/uploads\/sites\/3\/2022\/07\/Let\u00b4s-TalkCampus.png\" \/>\n\t<meta property=\"og:image:width\" content=\"1600\" \/>\n\t<meta property=\"og:image:height\" content=\"900\" \/>\n\t<meta property=\"og:image:type\" content=\"image\/png\" \/>\n<meta name=\"twitter:card\" content=\"summary_large_image\" \/>\n<meta name=\"twitter:title\" content=\"Let\u2019s Talk:Campus: Programm\" \/>\n<meta name=\"twitter:description\" content=\"Let\u2019s Talk:Campus ist ein eint\u00e4giges Event zur Zukunft des Campuslebens. Ein besonderer Fokus liegt dabei auf Fragen der studentischen Partizipation und Nachhaltigkeit.\" \/>\n<meta name=\"twitter:image\" content=\"https:\/\/festival.hfd.digital\/de\/wp-content\/uploads\/sites\/3\/2022\/07\/Let\u00b4s-TalkCampus.png\" \/>\n<meta name=\"twitter:label1\" content=\"Gesch\u00e4tzte Lesezeit\" \/>\n\t<meta name=\"twitter:data1\" content=\"3\u00a0Minuten\" \/>\n<script type=\"application\/ld+json\" class=\"yoast-schema-graph\">{\"@context\":\"https:\\\/\\\/schema.org\",\"@graph\":[{\"@type\":\"WebPage\",\"@id\":\"https:\\\/\\\/festival.hfd.digital\\\/de\\\/programm-lets-talkcampus\\\/\",\"url\":\"https:\\\/\\\/festival.hfd.digital\\\/de\\\/programm-lets-talkcampus\\\/\",\"name\":\"Programm Let's Talk:Campus 2022 | University:Future Festival\",\"isPartOf\":{\"@id\":\"https:\\\/\\\/festival.hfd.digital\\\/de\\\/#website\"},\"primaryImageOfPage\":{\"@id\":\"https:\\\/\\\/festival.hfd.digital\\\/de\\\/programm-lets-talkcampus\\\/#primaryimage\"},\"image\":{\"@id\":\"https:\\\/\\\/festival.hfd.digital\\\/de\\\/programm-lets-talkcampus\\\/#primaryimage\"},\"thumbnailUrl\":\"https:\\\/\\\/festival.hfd.digital\\\/de\\\/wp-content\\\/uploads\\\/sites\\\/3\\\/2022\\\/08\\\/ayse_asar_1-250x250.jpg\",\"datePublished\":\"2022-08-11T12:10:15+00:00\",\"dateModified\":\"2024-07-01T09:57:46+00:00\",\"description\":\"Let\u2019s Talk:Campus war ein eint\u00e4giges Event zur Zukunft des Campuslebens. Ein besonderer Fokus lag dabei auf Fragen der studentischen Partizipation und Nachhaltigkeit.\",\"inLanguage\":\"de\",\"potentialAction\":[{\"@type\":\"ReadAction\",\"target\":[\"https:\\\/\\\/festival.hfd.digital\\\/de\\\/programm-lets-talkcampus\\\/\"]}]},{\"@type\":\"ImageObject\",\"inLanguage\":\"de\",\"@id\":\"https:\\\/\\\/festival.hfd.digital\\\/de\\\/programm-lets-talkcampus\\\/#primaryimage\",\"url\":\"https:\\\/\\\/festival.hfd.digital\\\/de\\\/wp-content\\\/uploads\\\/sites\\\/3\\\/2022\\\/08\\\/ayse_asar_1.jpg\",\"contentUrl\":\"https:\\\/\\\/festival.hfd.digital\\\/de\\\/wp-content\\\/uploads\\\/sites\\\/3\\\/2022\\\/08\\\/ayse_asar_1.jpg\",\"width\":522,\"height\":521},{\"@type\":\"WebSite\",\"@id\":\"https:\\\/\\\/festival.hfd.digital\\\/de\\\/#website\",\"url\":\"https:\\\/\\\/festival.hfd.digital\\\/de\\\/\",\"name\":\"University:Future Festival 2026\",\"description\":\"Das j\u00e4hrliche Festival zur Zukunft der Hochschulbildung.\",\"potentialAction\":[{\"@type\":\"SearchAction\",\"target\":{\"@type\":\"EntryPoint\",\"urlTemplate\":\"https:\\\/\\\/festival.hfd.digital\\\/de\\\/?s={search_term_string}\"},\"query-input\":{\"@type\":\"PropertyValueSpecification\",\"valueRequired\":true,\"valueName\":\"search_term_string\"}}],\"inLanguage\":\"de\"}]}<\/script>\n<!-- \/ Yoast SEO plugin. -->","yoast_head_json":{"title":"Programm Let's Talk:Campus 2022 | University:Future Festival","description":"Let\u2019s Talk:Campus war ein eint\u00e4giges Event zur Zukunft des Campuslebens. Ein besonderer Fokus lag dabei auf Fragen der studentischen Partizipation und Nachhaltigkeit.","robots":{"index":"index","follow":"follow","max-snippet":"max-snippet:-1","max-image-preview":"max-image-preview:large","max-video-preview":"max-video-preview:-1"},"canonical":"https:\/\/festival.hfd.digital\/de\/programm-lets-talkcampus\/","og_locale":"de_DE","og_type":"article","og_title":"Let\u2019s Talk:Campus: Programm","og_description":"Let\u2019s Talk:Campus ist ein eint\u00e4giges Event zur Zukunft des Campuslebens. Ein besonderer Fokus liegt dabei auf Fragen der studentischen Partizipation und Nachhaltigkeit.","og_url":"https:\/\/festival.hfd.digital\/de\/programm-lets-talkcampus\/","og_site_name":"University:Future Festival 2026","article_modified_time":"2024-07-01T09:57:46+00:00","og_image":[{"width":1600,"height":900,"url":"https:\/\/festival.hfd.digital\/de\/wp-content\/uploads\/sites\/3\/2022\/07\/Let\u00b4s-TalkCampus.png","type":"image\/png"}],"twitter_card":"summary_large_image","twitter_title":"Let\u2019s Talk:Campus: Programm","twitter_description":"Let\u2019s Talk:Campus ist ein eint\u00e4giges Event zur Zukunft des Campuslebens. Ein besonderer Fokus liegt dabei auf Fragen der studentischen Partizipation und Nachhaltigkeit.","twitter_image":"https:\/\/festival.hfd.digital\/de\/wp-content\/uploads\/sites\/3\/2022\/07\/Let\u00b4s-TalkCampus.png","twitter_misc":{"Gesch\u00e4tzte Lesezeit":"3\u00a0Minuten"},"schema":{"@context":"https:\/\/schema.org","@graph":[{"@type":"WebPage","@id":"https:\/\/festival.hfd.digital\/de\/programm-lets-talkcampus\/","url":"https:\/\/festival.hfd.digital\/de\/programm-lets-talkcampus\/","name":"Programm Let's Talk:Campus 2022 | University:Future Festival","isPartOf":{"@id":"https:\/\/festival.hfd.digital\/de\/#website"},"primaryImageOfPage":{"@id":"https:\/\/festival.hfd.digital\/de\/programm-lets-talkcampus\/#primaryimage"},"image":{"@id":"https:\/\/festival.hfd.digital\/de\/programm-lets-talkcampus\/#primaryimage"},"thumbnailUrl":"https:\/\/festival.hfd.digital\/de\/wp-content\/uploads\/sites\/3\/2022\/08\/ayse_asar_1-250x250.jpg","datePublished":"2022-08-11T12:10:15+00:00","dateModified":"2024-07-01T09:57:46+00:00","description":"Let\u2019s Talk:Campus war ein eint\u00e4giges Event zur Zukunft des Campuslebens. Ein besonderer Fokus lag dabei auf Fragen der studentischen Partizipation und Nachhaltigkeit.","inLanguage":"de","potentialAction":[{"@type":"ReadAction","target":["https:\/\/festival.hfd.digital\/de\/programm-lets-talkcampus\/"]}]},{"@type":"ImageObject","inLanguage":"de","@id":"https:\/\/festival.hfd.digital\/de\/programm-lets-talkcampus\/#primaryimage","url":"https:\/\/festival.hfd.digital\/de\/wp-content\/uploads\/sites\/3\/2022\/08\/ayse_asar_1.jpg","contentUrl":"https:\/\/festival.hfd.digital\/de\/wp-content\/uploads\/sites\/3\/2022\/08\/ayse_asar_1.jpg","width":522,"height":521},{"@type":"WebSite","@id":"https:\/\/festival.hfd.digital\/de\/#website","url":"https:\/\/festival.hfd.digital\/de\/","name":"University:Future Festival 2026","description":"Das j\u00e4hrliche Festival zur Zukunft der Hochschulbildung.","potentialAction":[{"@type":"SearchAction","target":{"@type":"EntryPoint","urlTemplate":"https:\/\/festival.hfd.digital\/de\/?s={search_term_string}"},"query-input":{"@type":"PropertyValueSpecification","valueRequired":true,"valueName":"search_term_string"}}],"inLanguage":"de"}]}},"_links":{"self":[{"href":"https:\/\/festival.hfd.digital\/de\/wp-json\/wp\/v2\/pages\/3812","targetHints":{"allow":["GET"]}}],"collection":[{"href":"https:\/\/festival.hfd.digital\/de\/wp-json\/wp\/v2\/pages"}],"about":[{"href":"https:\/\/festival.hfd.digital\/de\/wp-json\/wp\/v2\/types\/page"}],"author":[{"embeddable":true,"href":"https:\/\/festival.hfd.digital\/de\/wp-json\/wp\/v2\/users\/4"}],"replies":[{"embeddable":true,"href":"https:\/\/festival.hfd.digital\/de\/wp-json\/wp\/v2\/comments?post=3812"}],"version-history":[{"count":21,"href":"https:\/\/festival.hfd.digital\/de\/wp-json\/wp\/v2\/pages\/3812\/revisions"}],"predecessor-version":[{"id":9611,"href":"https:\/\/festival.hfd.digital\/de\/wp-json\/wp\/v2\/pages\/3812\/revisions\/9611"}],"wp:attachment":[{"href":"https:\/\/festival.hfd.digital\/de\/wp-json\/wp\/v2\/media?parent=3812"}],"curies":[{"name":"wp","href":"https:\/\/api.w.org\/{rel}","templated":true}]}}