{"id":3808,"date":"2022-08-15T07:03:01","date_gmt":"2022-08-15T07:03:01","guid":{"rendered":"https:\/\/festival.hfd.digital\/de\/?page_id=3808"},"modified":"2024-07-02T07:57:23","modified_gmt":"2024-07-02T07:57:23","slug":"call-for-students-lets-talkcampus","status":"publish","type":"page","link":"https:\/\/festival.hfd.digital\/de\/call-for-students-lets-talkcampus\/","title":{"rendered":"Call for Students &#8211; abgeschlossen"},"content":{"rendered":"\n<p><a href=\"https:\/\/festival.hfd.digital\/de\/\"><strong>Let\u00b4s Talk:Campus<\/strong><\/a><strong> endet mit einem politischer Abend, an dem Studierende mit Fach-Politiker:innen diskutieren. Die studentischen Beteiligungen werden \u00fcber einen Call ausgew\u00e4hlt. Deadline f\u00fcr den Call war der 19. September 2022. Aktuell befindet sich die Jury im Auswahlprozess. <\/strong><\/p>\n\n\n\n<h2 class=\"wp-block-heading\"><strong>Das Format<\/strong><\/h2>\n\n\n\n<p>Let\u2019s Talk:Campus ist ein ganzt\u00e4giges Event rund um Fragen zu Partizipation, Nachhaltigkeit und der Zukunft des Lernorts Hochschule. Die Veranstaltung endet mit einem politischen Abend. <\/p>\n\n\n\n<p>W\u00e4hrend der Diskussion werden drei unterschiedliche Themenbl\u00f6cke diskutiert, die von Studierenden eingebracht werden. Wenn das eigene Thema an der Reihe ist, hat jede:r Vortragende 5 Minuten Zeit f\u00fcr einen kurzen Input. Im Anschluss wird dann mit allen an der Podiumsdiskussion beteiligten Studierenden und Politiker:innen diskutiert. So ist jede Meinung auch w\u00e4hrend der Diskussionen zu den anderen eingebrachten Themen gefragt!<\/p>\n\n\n\n<h2 class=\"wp-block-heading\"><strong>Die Politiker:innen<\/strong><\/h2>\n\n\n\n<p>Folgende Politiker:innen konnten wir hierf\u00fcr gewinnen:<\/p>\n\n\n\n<ul class=\"wp-block-list\"><li>Dr. Jens Brandenburg, FDP, parl. Staatssekret\u00e4r im Bundesministerium f\u00fcr Bildung und Forschung<\/li><li>Ayse Asar, Gr\u00fcne, Staatssekret\u00e4rin im Hessisches Ministerium f\u00fcr Wissenschaft und Kunst<\/li><li>Nadine Sch\u00f6n, CDU, MdB, stellvertretende Fraktionsvorsitzende<\/li><li>Sophia Schiebe, SPD, MdL Schleswig-Holstein, stellvertretende Fraktionsvorsitzende<\/li><\/ul>\n\n\n\n<h2 class=\"wp-block-heading\"><strong>Das Verfahren<\/strong><\/h2>\n\n\n\n<p>Es werden Bewerbungen von Einzelpersonen und Tandems angenommen. Als Vorbereitung auf den politischen Abend werden die ausgew\u00e4hlten Studierenden am Vormittag von Let\u2019s Talk:Campus ihr Thema w\u00e4hrend einer CoWorking-Session interessierten Personen vorstellen und es inhaltlich sch\u00e4rfen. Bei der Vorbereitung und Durchf\u00fchrung dieser CoWorking-Session, insbesondere hinsichtlich Moderation und Methodik, unterst\u00fctzen erfahrene Kolleg:innen aus unserem Team.<\/p>\n\n\n\n<p><\/p>\n\n\n\n<h2 class=\"wp-block-heading\"><strong>Ansprechpartnerin Call for Students<\/strong><\/h2>\n\n\n\n<p>Solltest du Fragen zum Call als solchen oder zum Verfahren haben, wende dich gerne an uns!<\/p>\n\n\n\n<figure class=\"wp-block-image size-full is-resized is-style-rounded\"><img loading=\"lazy\" decoding=\"async\" src=\"https:\/\/festival.hfd.digital\/de\/wp-content\/uploads\/sites\/3\/2022\/06\/Johanna-Leifeld.jpg\" alt=\"\" class=\"wp-image-3645\" width=\"240\" height=\"241\" srcset=\"https:\/\/festival.hfd.digital\/de\/wp-content\/uploads\/sites\/3\/2022\/06\/Johanna-Leifeld.jpg 594w, https:\/\/festival.hfd.digital\/de\/wp-content\/uploads\/sites\/3\/2022\/06\/Johanna-Leifeld-250x250.jpg 250w, https:\/\/festival.hfd.digital\/de\/wp-content\/uploads\/sites\/3\/2022\/06\/Johanna-Leifeld-150x150.jpg 150w, https:\/\/festival.hfd.digital\/de\/wp-content\/uploads\/sites\/3\/2022\/06\/Johanna-Leifeld-120x120.jpg 120w\" sizes=\"auto, (max-width: 240px) 100vw, 240px\" \/><\/figure>\n\n\n\n<p><strong>Johanna Leifeld<br><\/strong><a href=\"mailto:leifeld@hochschulforum.org\">leifeld@hochschulforum.org<\/a><br>+49 (0) 5241 9761-44<\/p>\n\n\n\n<p><\/p>\n","protected":false},"excerpt":{"rendered":"Let\u00b4s Talk:Campus endet mit einem politischer Abend, an dem Studierende mit Fach-Politiker:innen diskutieren. Die studentischen Beteiligungen werden \u00fcber einen Call ausgew\u00e4hlt. Deadline f\u00fcr den Call war der 19. September 2022. Aktuell befindet sich die Jury im Auswahlprozess. Das Format Let\u2019s Talk:Campus ist ein ganzt\u00e4giges Event rund um Fragen zu Partizipation, Nachhaltigkeit und der Zukunft des&#8230; <a class=\"view-article\" href=\"https:\/\/festival.hfd.digital\/de\/call-for-students-lets-talkcampus\/\">View Article<\/a>","protected":false},"author":4,"featured_media":3701,"parent":0,"menu_order":0,"comment_status":"closed","ping_status":"closed","template":"","meta":{"_acf_changed":false,"inline_featured_image":false,"footnotes":""},"class_list":["post-3808","page","type-page","status-publish","has-post-thumbnail","hentry"],"acf":[],"yoast_head":"<!-- This site is optimized with the Yoast SEO plugin v27.3 - https:\/\/yoast.com\/product\/yoast-seo-wordpress\/ -->\n<title>Call for Students - abgeschlossen | Let&#039;s Talk:Campus 2022<\/title>\n<meta name=\"description\" content=\"Let\u00b4s Talk:Campus endet mit einem politischer Abend, an dem Studierende mit Politiker:innen diskutieren. Du bist Student:in und m\u00f6chtest deine Themen einbringen? Dann bewirb dich jetzt!\" \/>\n<meta name=\"robots\" content=\"index, follow, max-snippet:-1, max-image-preview:large, max-video-preview:-1\" \/>\n<link rel=\"canonical\" href=\"https:\/\/festival.hfd.digital\/de\/call-for-students-lets-talkcampus\/\" \/>\n<meta property=\"og:locale\" content=\"de_DE\" \/>\n<meta property=\"og:type\" content=\"article\" \/>\n<meta property=\"og:title\" content=\"Let\u00b4s Talk:Campus: Call for Students\" \/>\n<meta property=\"og:description\" content=\"Let\u00b4s Talk:Campus endet mit einem politischer Abend, an dem Studierende mit Politiker:innen diskutieren. Du bist Student:in und m\u00f6chtest deine Themen einbringen? Dann bewirb dich jetzt!\" \/>\n<meta property=\"og:url\" content=\"https:\/\/festival.hfd.digital\/de\/call-for-students-lets-talkcampus\/\" \/>\n<meta property=\"og:site_name\" content=\"University:Future Festival 2026\" \/>\n<meta property=\"article:modified_time\" content=\"2024-07-02T07:57:23+00:00\" \/>\n<meta property=\"og:image\" content=\"https:\/\/festival.hfd.digital\/de\/wp-content\/uploads\/sites\/3\/2022\/07\/Let\u00b4s-TalkCampus.png\" \/>\n\t<meta property=\"og:image:width\" content=\"1600\" \/>\n\t<meta property=\"og:image:height\" content=\"900\" \/>\n\t<meta property=\"og:image:type\" content=\"image\/png\" \/>\n<meta name=\"twitter:card\" content=\"summary_large_image\" \/>\n<meta name=\"twitter:title\" content=\"Let\u00b4s Talk:Campus: Call for Studis\" \/>\n<meta name=\"twitter:description\" content=\"Let\u00b4s Talk:Campus endet mit einem politischer Abend, an dem Studierende mit Politiker:innen diskutieren. Du bist Student:in und m\u00f6chtest deine Themen einbringen? Dann bewirb dich jetzt!\" \/>\n<meta name=\"twitter:image\" content=\"https:\/\/festival.hfd.digital\/de\/wp-content\/uploads\/sites\/3\/2022\/07\/Let\u00b4s-TalkCampus.png\" \/>\n<meta name=\"twitter:label1\" content=\"Gesch\u00e4tzte Lesezeit\" \/>\n\t<meta name=\"twitter:data1\" content=\"2\u00a0Minuten\" \/>\n<script type=\"application\/ld+json\" class=\"yoast-schema-graph\">{\"@context\":\"https:\\\/\\\/schema.org\",\"@graph\":[{\"@type\":\"WebPage\",\"@id\":\"https:\\\/\\\/festival.hfd.digital\\\/de\\\/call-for-students-lets-talkcampus\\\/\",\"url\":\"https:\\\/\\\/festival.hfd.digital\\\/de\\\/call-for-students-lets-talkcampus\\\/\",\"name\":\"Call for Students - abgeschlossen | Let's Talk:Campus 2022\",\"isPartOf\":{\"@id\":\"https:\\\/\\\/festival.hfd.digital\\\/de\\\/#website\"},\"primaryImageOfPage\":{\"@id\":\"https:\\\/\\\/festival.hfd.digital\\\/de\\\/call-for-students-lets-talkcampus\\\/#primaryimage\"},\"image\":{\"@id\":\"https:\\\/\\\/festival.hfd.digital\\\/de\\\/call-for-students-lets-talkcampus\\\/#primaryimage\"},\"thumbnailUrl\":\"https:\\\/\\\/festival.hfd.digital\\\/de\\\/wp-content\\\/uploads\\\/sites\\\/3\\\/2022\\\/07\\\/LTC_KeyVisual_2022_RGB.png\",\"datePublished\":\"2022-08-15T07:03:01+00:00\",\"dateModified\":\"2024-07-02T07:57:23+00:00\",\"description\":\"Let\u00b4s Talk:Campus endet mit einem politischer Abend, an dem Studierende mit Politiker:innen diskutieren. Du bist Student:in und m\u00f6chtest deine Themen einbringen? Dann bewirb dich jetzt!\",\"inLanguage\":\"de\",\"potentialAction\":[{\"@type\":\"ReadAction\",\"target\":[\"https:\\\/\\\/festival.hfd.digital\\\/de\\\/call-for-students-lets-talkcampus\\\/\"]}]},{\"@type\":\"ImageObject\",\"inLanguage\":\"de\",\"@id\":\"https:\\\/\\\/festival.hfd.digital\\\/de\\\/call-for-students-lets-talkcampus\\\/#primaryimage\",\"url\":\"https:\\\/\\\/festival.hfd.digital\\\/de\\\/wp-content\\\/uploads\\\/sites\\\/3\\\/2022\\\/07\\\/LTC_KeyVisual_2022_RGB.png\",\"contentUrl\":\"https:\\\/\\\/festival.hfd.digital\\\/de\\\/wp-content\\\/uploads\\\/sites\\\/3\\\/2022\\\/07\\\/LTC_KeyVisual_2022_RGB.png\",\"width\":1843,\"height\":1764,\"caption\":\"Logo Let\u00b4s Talk:Campus\"},{\"@type\":\"WebSite\",\"@id\":\"https:\\\/\\\/festival.hfd.digital\\\/de\\\/#website\",\"url\":\"https:\\\/\\\/festival.hfd.digital\\\/de\\\/\",\"name\":\"University:Future Festival 2026\",\"description\":\"Das j\u00e4hrliche Festival zur Zukunft der Hochschulbildung.\",\"potentialAction\":[{\"@type\":\"SearchAction\",\"target\":{\"@type\":\"EntryPoint\",\"urlTemplate\":\"https:\\\/\\\/festival.hfd.digital\\\/de\\\/?s={search_term_string}\"},\"query-input\":{\"@type\":\"PropertyValueSpecification\",\"valueRequired\":true,\"valueName\":\"search_term_string\"}}],\"inLanguage\":\"de\"}]}<\/script>\n<!-- \/ Yoast SEO plugin. -->","yoast_head_json":{"title":"Call for Students - abgeschlossen | Let's Talk:Campus 2022","description":"Let\u00b4s Talk:Campus endet mit einem politischer Abend, an dem Studierende mit Politiker:innen diskutieren. Du bist Student:in und m\u00f6chtest deine Themen einbringen? Dann bewirb dich jetzt!","robots":{"index":"index","follow":"follow","max-snippet":"max-snippet:-1","max-image-preview":"max-image-preview:large","max-video-preview":"max-video-preview:-1"},"canonical":"https:\/\/festival.hfd.digital\/de\/call-for-students-lets-talkcampus\/","og_locale":"de_DE","og_type":"article","og_title":"Let\u00b4s Talk:Campus: Call for Students","og_description":"Let\u00b4s Talk:Campus endet mit einem politischer Abend, an dem Studierende mit Politiker:innen diskutieren. Du bist Student:in und m\u00f6chtest deine Themen einbringen? Dann bewirb dich jetzt!","og_url":"https:\/\/festival.hfd.digital\/de\/call-for-students-lets-talkcampus\/","og_site_name":"University:Future Festival 2026","article_modified_time":"2024-07-02T07:57:23+00:00","og_image":[{"width":1600,"height":900,"url":"https:\/\/festival.hfd.digital\/de\/wp-content\/uploads\/sites\/3\/2022\/07\/Let\u00b4s-TalkCampus.png","type":"image\/png"}],"twitter_card":"summary_large_image","twitter_title":"Let\u00b4s Talk:Campus: Call for Studis","twitter_description":"Let\u00b4s Talk:Campus endet mit einem politischer Abend, an dem Studierende mit Politiker:innen diskutieren. Du bist Student:in und m\u00f6chtest deine Themen einbringen? Dann bewirb dich jetzt!","twitter_image":"https:\/\/festival.hfd.digital\/de\/wp-content\/uploads\/sites\/3\/2022\/07\/Let\u00b4s-TalkCampus.png","twitter_misc":{"Gesch\u00e4tzte Lesezeit":"2\u00a0Minuten"},"schema":{"@context":"https:\/\/schema.org","@graph":[{"@type":"WebPage","@id":"https:\/\/festival.hfd.digital\/de\/call-for-students-lets-talkcampus\/","url":"https:\/\/festival.hfd.digital\/de\/call-for-students-lets-talkcampus\/","name":"Call for Students - abgeschlossen | Let's Talk:Campus 2022","isPartOf":{"@id":"https:\/\/festival.hfd.digital\/de\/#website"},"primaryImageOfPage":{"@id":"https:\/\/festival.hfd.digital\/de\/call-for-students-lets-talkcampus\/#primaryimage"},"image":{"@id":"https:\/\/festival.hfd.digital\/de\/call-for-students-lets-talkcampus\/#primaryimage"},"thumbnailUrl":"https:\/\/festival.hfd.digital\/de\/wp-content\/uploads\/sites\/3\/2022\/07\/LTC_KeyVisual_2022_RGB.png","datePublished":"2022-08-15T07:03:01+00:00","dateModified":"2024-07-02T07:57:23+00:00","description":"Let\u00b4s Talk:Campus endet mit einem politischer Abend, an dem Studierende mit Politiker:innen diskutieren. Du bist Student:in und m\u00f6chtest deine Themen einbringen? Dann bewirb dich jetzt!","inLanguage":"de","potentialAction":[{"@type":"ReadAction","target":["https:\/\/festival.hfd.digital\/de\/call-for-students-lets-talkcampus\/"]}]},{"@type":"ImageObject","inLanguage":"de","@id":"https:\/\/festival.hfd.digital\/de\/call-for-students-lets-talkcampus\/#primaryimage","url":"https:\/\/festival.hfd.digital\/de\/wp-content\/uploads\/sites\/3\/2022\/07\/LTC_KeyVisual_2022_RGB.png","contentUrl":"https:\/\/festival.hfd.digital\/de\/wp-content\/uploads\/sites\/3\/2022\/07\/LTC_KeyVisual_2022_RGB.png","width":1843,"height":1764,"caption":"Logo Let\u00b4s Talk:Campus"},{"@type":"WebSite","@id":"https:\/\/festival.hfd.digital\/de\/#website","url":"https:\/\/festival.hfd.digital\/de\/","name":"University:Future Festival 2026","description":"Das j\u00e4hrliche Festival zur Zukunft der Hochschulbildung.","potentialAction":[{"@type":"SearchAction","target":{"@type":"EntryPoint","urlTemplate":"https:\/\/festival.hfd.digital\/de\/?s={search_term_string}"},"query-input":{"@type":"PropertyValueSpecification","valueRequired":true,"valueName":"search_term_string"}}],"inLanguage":"de"}]}},"_links":{"self":[{"href":"https:\/\/festival.hfd.digital\/de\/wp-json\/wp\/v2\/pages\/3808","targetHints":{"allow":["GET"]}}],"collection":[{"href":"https:\/\/festival.hfd.digital\/de\/wp-json\/wp\/v2\/pages"}],"about":[{"href":"https:\/\/festival.hfd.digital\/de\/wp-json\/wp\/v2\/types\/page"}],"author":[{"embeddable":true,"href":"https:\/\/festival.hfd.digital\/de\/wp-json\/wp\/v2\/users\/4"}],"replies":[{"embeddable":true,"href":"https:\/\/festival.hfd.digital\/de\/wp-json\/wp\/v2\/comments?post=3808"}],"version-history":[{"count":15,"href":"https:\/\/festival.hfd.digital\/de\/wp-json\/wp\/v2\/pages\/3808\/revisions"}],"predecessor-version":[{"id":9630,"href":"https:\/\/festival.hfd.digital\/de\/wp-json\/wp\/v2\/pages\/3808\/revisions\/9630"}],"wp:featuredmedia":[{"embeddable":true,"href":"https:\/\/festival.hfd.digital\/de\/wp-json\/wp\/v2\/media\/3701"}],"wp:attachment":[{"href":"https:\/\/festival.hfd.digital\/de\/wp-json\/wp\/v2\/media?parent=3808"}],"curies":[{"name":"wp","href":"https:\/\/api.w.org\/{rel}","templated":true}]}}