{"id":3798,"date":"2022-08-03T17:08:21","date_gmt":"2022-08-03T17:08:21","guid":{"rendered":"https:\/\/festival.hfd.digital\/de\/?page_id=3798"},"modified":"2024-06-25T07:07:16","modified_gmt":"2024-06-25T07:07:16","slug":"partner-universityfuture-festival-2023","status":"publish","type":"page","link":"https:\/\/festival.hfd.digital\/de\/partner-universityfuture-festival-2023\/","title":{"rendered":"Partner University:Future Festival 2023"},"content":{"rendered":"\n<p>Wir verstehen uns als Teil eines Netzwerks. Daher freuen wir uns besonders \u00fcber die Unterst\u00fctzung unserer Partner ohne die das University:Future Festival nicht m\u00f6glich gewesen w\u00e4re!<br><br><a href=\"#Veranstaltungspartner\">Veranstalter<br><\/a><a href=\"#B\u00fchnenpartner\">B\u00fchnenpartner<\/a><a href=\"#Veranstaltungspartner\"><br><\/a><a href=\"#Unterstuetzer\">Unterst\u00fctzer<\/a><br><a href=\"#Netzwerkpartner\">Netzwerkpartner<\/a><\/p>\n\n\n\n<p>Wollen Sie Netzwerkpartner vom University:Future Festival werden? Dann informieren Sie sich&nbsp;<a href=\"https:\/\/festival.hfd.digital\/de\/partner_2020\/partner-werden\/\">hier<\/a>&nbsp;\u00fcber unsere Netzwerkpartnerschaft.<\/p>\n\n\n\n<h2 class=\"wp-block-heading\" id=\"Veranstaltungspartner\">Veranstalter<\/h2>\n\n\n\n<p>Organisiert wurde das University:Future Festival 2023 vom <a href=\"https:\/\/eur04.safelinks.protection.outlook.com\/?url=https%3A%2F%2Fhochschulforumdigitalisierung.de%2F&amp;data=05%7C01%7CSebastian.Horndasch%40stifterverband.de%7C41d2cf1a01d7405f964508db3f3e8c25%7Cc6ff58bc993e4bdb8d106013e2cd361f%7C0%7C0%7C638173310096782011%7CUnknown%7CTWFpbGZsb3d8eyJWIjoiMC4wLjAwMDAiLCJQIjoiV2luMzIiLCJBTiI6Ik1haWwiLCJXVCI6Mn0%3D%7C3000%7C%7C%7C&amp;sdata=syb49JBr%2B43W6pA3OYqxumlJYcYHjcOTCJbluuyxMOQ%3D&amp;reserved=0\">Hochschulforum Digitalisierung<\/a> und der <a href=\"https:\/\/eur04.safelinks.protection.outlook.com\/?url=https%3A%2F%2Fstiftung-hochschullehre.de%2F&amp;data=05%7C01%7CSebastian.Horndasch%40stifterverband.de%7C41d2cf1a01d7405f964508db3f3e8c25%7Cc6ff58bc993e4bdb8d106013e2cd361f%7C0%7C0%7C638173310096782011%7CUnknown%7CTWFpbGZsb3d8eyJWIjoiMC4wLjAwMDAiLCJQIjoiV2luMzIiLCJBTiI6Ik1haWwiLCJXVCI6Mn0%3D%7C3000%7C%7C%7C&amp;sdata=t0Hmwac6qeo%2BZC%2B6gsaPAoi567HLvq71hwHLqfyL%2FCM%3D&amp;reserved=0\">Stiftung Innovation in der Hochschullehre<\/a>.<\/p>\n\n\n<div class=\"wp-block-image\">\n<figure class=\"aligncenter size-medium\"><img loading=\"lazy\" decoding=\"async\" width=\"250\" height=\"266\" src=\"https:\/\/festival.hfd.digital\/de\/wp-content\/uploads\/sites\/3\/2021\/08\/HFD_Logo_rgb_Verlauf-250x266.jpg\" alt=\"Logo vom HFD\" class=\"wp-image-2135\" srcset=\"https:\/\/festival.hfd.digital\/de\/wp-content\/uploads\/sites\/3\/2021\/08\/HFD_Logo_rgb_Verlauf-250x266.jpg 250w, https:\/\/festival.hfd.digital\/de\/wp-content\/uploads\/sites\/3\/2021\/08\/HFD_Logo_rgb_Verlauf-700x746.jpg 700w, https:\/\/festival.hfd.digital\/de\/wp-content\/uploads\/sites\/3\/2021\/08\/HFD_Logo_rgb_Verlauf-768x818.jpg 768w, https:\/\/festival.hfd.digital\/de\/wp-content\/uploads\/sites\/3\/2021\/08\/HFD_Logo_rgb_Verlauf-1442x1536.jpg 1442w, https:\/\/festival.hfd.digital\/de\/wp-content\/uploads\/sites\/3\/2021\/08\/HFD_Logo_rgb_Verlauf-1922x2048.jpg 1922w, https:\/\/festival.hfd.digital\/de\/wp-content\/uploads\/sites\/3\/2021\/08\/HFD_Logo_rgb_Verlauf-120x128.jpg 120w\" sizes=\"auto, (max-width: 250px) 100vw, 250px\" \/><\/figure>\n<\/div>\n\n\n<p>Das&nbsp;<a href=\"https:\/\/hochschulforumdigitalisierung.de\/\" target=\"_blank\" rel=\"noreferrer noopener\">Hochschulforum Digitalisierung<\/a>&nbsp;orchestriert den Diskurs zur Hochschulbildung im digitalen Zeitalter. Als zentraler Impulsgeber informiert, ber\u00e4t und vernetzt es Akteure aus Hochschulen, Politik, Wirtschaft und Gesellschaft. Das Hochschulforum Digitalisierung wurde 2014 gegr\u00fcndet. Es ist eine gemeinsame Initiative des Stifterverbandes f\u00fcr die Deutsche Wissenschaft mit dem CHE Centrum f\u00fcr Hochschulentwicklung und der Hochschulrektorenkonferenz (HRK). Gef\u00f6rdert wird es vom Bundesministerium f\u00fcr Bildung und Forschung.<\/p>\n\n\n<div class=\"wp-block-image\">\n<figure class=\"aligncenter size-full is-resized\"><img loading=\"lazy\" decoding=\"async\" src=\"https:\/\/festival.hfd.digital\/de\/wp-content\/uploads\/sites\/3\/2021\/07\/Logo_Schriftzug_Stiftung_Hochschullehre_orange_rgb_72.png\" alt=\"Logo der Stiftung Innovation in der Hochschullehre\" class=\"wp-image-1698\" width=\"448\" height=\"197\" srcset=\"https:\/\/festival.hfd.digital\/de\/wp-content\/uploads\/sites\/3\/2021\/07\/Logo_Schriftzug_Stiftung_Hochschullehre_orange_rgb_72.png 569w, https:\/\/festival.hfd.digital\/de\/wp-content\/uploads\/sites\/3\/2021\/07\/Logo_Schriftzug_Stiftung_Hochschullehre_orange_rgb_72-250x110.png 250w, https:\/\/festival.hfd.digital\/de\/wp-content\/uploads\/sites\/3\/2021\/07\/Logo_Schriftzug_Stiftung_Hochschullehre_orange_rgb_72-120x53.png 120w\" sizes=\"auto, (max-width: 448px) 100vw, 448px\" \/><\/figure>\n<\/div>\n\n\n<p>Die&nbsp;<a href=\"https:\/\/stiftung-hochschullehre.de\/\" target=\"_blank\" rel=\"noreferrer noopener\">Stiftung Innovation in der Hochschullehre<\/a> engagiert sich seit 2021 bundesweit f\u00fcr Innovationen in Studium und Lehre. Daf\u00fcr f\u00f6rdert sie Projekte an einzelnen Hochschulen oder Verbundvorhaben. Zudem schafft die Stiftung Vernetzungsangebote f\u00fcr Gestalter:innen der Lehre, st\u00e4rkt den Wissenstransfer und f\u00f6rdert den Austausch \u00fcber Projektergebnisse, Erfolge und Herausforderungen. S\u00e4mtliche Mittel dieser neuen Wissenschaftsinstitution werden von Bund und L\u00e4ndern zur Verf\u00fcgung gestellt.<\/p>\n\n\n\n<h2 class=\"wp-block-heading\" id=\"B\u00fchnenpartner\">B\u00fchnenpartner<\/h2>\n\n\n<div class=\"wp-block-image\">\n<figure class=\"aligncenter size-full is-resized\"><a href=\"https:\/\/ki-campus.org\/\"><img decoding=\"async\" src=\"https:\/\/festival.hfd.digital\/de\/wp-content\/uploads\/sites\/3\/2023\/01\/Partner-Website-1-edited-1.png\" alt=\"Logo KI-Capmus\" class=\"wp-image-4730\" width=\"300\" srcset=\"https:\/\/festival.hfd.digital\/de\/wp-content\/uploads\/sites\/3\/2023\/01\/Partner-Website-1-edited-1.png 400w, https:\/\/festival.hfd.digital\/de\/wp-content\/uploads\/sites\/3\/2023\/01\/Partner-Website-1-edited-1-250x141.png 250w, https:\/\/festival.hfd.digital\/de\/wp-content\/uploads\/sites\/3\/2023\/01\/Partner-Website-1-edited-1-120x68.png 120w\" sizes=\"(max-width: 400px) 100vw, 400px\" \/><\/a><\/figure>\n<\/div>\n\n\n<p>Der <strong><a href=\"https:\/\/ki-campus.org\/\">KI-Campus<\/a><\/strong> ist die Lernplattform f\u00fcr K\u00fcnstliche Intelligenz mit kostenlosen Online-Kursen, Videos und Podcasts zur St\u00e4rkung von KI- und Datenkompetenzen. Als Forschungs- und Entwicklungsprojekt wird der KI-Campus vom Bundesministerium f\u00fcr Bildung und Forschung (BMBF) gef\u00f6rdert. Der Stifterverband, das Deutsche Forschungszentrum f\u00fcr K\u00fcnstliche Intelligenz (DFKI), das Hasso-Plattner-Institut (HPI), NEOCOSMO und das mmb Institut entwickeln den KI-Campus gemeinsam mit zahlreichen Partnern seit 2019.<\/p>\n\n\n<div class=\"wp-block-image\">\n<figure class=\"aligncenter size-large is-resized\"><a href=\"https:\/\/www.orca.nrw\/\"><img loading=\"lazy\" decoding=\"async\" src=\"https:\/\/festival.hfd.digital\/de\/wp-content\/uploads\/sites\/3\/2021\/08\/ORCA.svg\" alt=\"Logo von ORCA.nrw\" class=\"wp-image-1862\" width=\"240\" height=\"178\" \/><\/a><\/figure>\n<\/div>\n\n\n<p>Das Landesportal <a href=\"https:\/\/www.orca.nrw\/\"><strong>ORCA.nrw<\/strong><\/a> (Open Resources Campus NRW) ist das Internetportal des Landes Nordrhein Westfalen zur Unterst\u00fctzung und F\u00f6rderung der Digitalisierung von Studium und Lehre. Als gemeinsame Plattform der \u00f6ffentlich-rechtlichen Universit\u00e4ten, Fachhochschulen sowie der Kunst- und Musikhochschulen in Nordrhein-Westfalen ist ORCA.nrw seit September 2021 offiziell am Start. Die Gesch\u00e4ftsstelle von ORCA.nrw hat ihren Sitz an der Ruhr-Universit\u00e4t Bochum.<\/p>\n\n\n\n<p class=\"has-white-color has-text-color\">_<\/p>\n\n\n\n<h2 class=\"wp-block-heading\" id=\"Unterstuetzer\">Unterst\u00fctzer<\/h2>\n\n\n<div class=\"wp-block-image\">\n<figure class=\"aligncenter size-large is-resized\"><a href=\"https:\/\/www.stifterverband.org\/\"><img loading=\"lazy\" decoding=\"async\" src=\"https:\/\/festival.hfd.digital\/de\/wp-content\/uploads\/sites\/3\/2023\/04\/SV_Logo_01_2_DM_WB_RGB_L-700x437.png\" alt=\"Logo vom Stifterverband\" class=\"wp-image-5860\" width=\"252\" height=\"157\" srcset=\"https:\/\/festival.hfd.digital\/de\/wp-content\/uploads\/sites\/3\/2023\/04\/SV_Logo_01_2_DM_WB_RGB_L-700x437.png 700w, https:\/\/festival.hfd.digital\/de\/wp-content\/uploads\/sites\/3\/2023\/04\/SV_Logo_01_2_DM_WB_RGB_L-250x156.png 250w, https:\/\/festival.hfd.digital\/de\/wp-content\/uploads\/sites\/3\/2023\/04\/SV_Logo_01_2_DM_WB_RGB_L-768x479.png 768w, https:\/\/festival.hfd.digital\/de\/wp-content\/uploads\/sites\/3\/2023\/04\/SV_Logo_01_2_DM_WB_RGB_L-1536x959.png 1536w, https:\/\/festival.hfd.digital\/de\/wp-content\/uploads\/sites\/3\/2023\/04\/SV_Logo_01_2_DM_WB_RGB_L-120x75.png 120w, https:\/\/festival.hfd.digital\/de\/wp-content\/uploads\/sites\/3\/2023\/04\/SV_Logo_01_2_DM_WB_RGB_L.png 1999w\" sizes=\"auto, (max-width: 252px) 100vw, 252px\" \/><\/a><\/figure>\n<\/div>\n\n\n<p class=\"has-text-align-left\">Der <a href=\"https:\/\/www.stifterverband.org\/\">Stifterverband <\/a>ist die Gemeinschaftsinitiative von Unternehmen und Stiftungen, die als einzige ganzheitlich in den Bereichen Bildung, Wissenschaft und Innovation ber\u00e4t, vernetzt und f\u00f6rdert. Der Stifterverband unterst\u00fctzt das University:Future Festival.<\/p>\n","protected":false},"excerpt":{"rendered":"Wir verstehen uns als Teil eines Netzwerks. Daher freuen wir uns besonders \u00fcber die Unterst\u00fctzung unserer Partner ohne die das University:Future Festival nicht m\u00f6glich gewesen w\u00e4re! VeranstalterB\u00fchnenpartnerUnterst\u00fctzerNetzwerkpartner Wollen Sie Netzwerkpartner vom University:Future Festival werden? Dann informieren Sie sich&nbsp;hier&nbsp;\u00fcber unsere Netzwerkpartnerschaft. Veranstalter Organisiert wurde das University:Future Festival 2023 vom Hochschulforum Digitalisierung und der Stiftung Innovation in&#8230; <a class=\"view-article\" href=\"https:\/\/festival.hfd.digital\/de\/partner-universityfuture-festival-2023\/\">View Article<\/a>","protected":false},"author":4,"featured_media":0,"parent":0,"menu_order":0,"comment_status":"closed","ping_status":"closed","template":"template-partner.php","meta":{"_acf_changed":false,"inline_featured_image":false,"footnotes":""},"class_list":["post-3798","page","type-page","status-publish","hentry"],"acf":[],"yoast_head":"<!-- This site is optimized with the Yoast SEO plugin v27.3 - https:\/\/yoast.com\/product\/yoast-seo-wordpress\/ -->\n<title>Partner des University:Future Festivals 2023<\/title>\n<meta name=\"description\" content=\"Wir verstehen uns als Teil eines Netzwerks. Daher freuten wir uns beim University:Future Festival 2023 \u00fcber die Unterst\u00fctzung unserer Partner!\" \/>\n<meta name=\"robots\" content=\"index, follow, max-snippet:-1, max-image-preview:large, max-video-preview:-1\" \/>\n<link rel=\"canonical\" href=\"https:\/\/festival.hfd.digital\/de\/partner-universityfuture-festival-2023\/\" \/>\n<meta property=\"og:locale\" content=\"de_DE\" \/>\n<meta property=\"og:type\" content=\"article\" \/>\n<meta property=\"og:title\" content=\"Partner vom University:Future Festival 2023\" \/>\n<meta property=\"og:description\" content=\"Wir verstehen uns als Teil eines Netzwerks. Daher freuten wir uns beim University:Future Festival 2023 \u00fcber die Unterst\u00fctzung unserer Partner!\" \/>\n<meta property=\"og:url\" content=\"https:\/\/festival.hfd.digital\/de\/partner-universityfuture-festival-2023\/\" \/>\n<meta property=\"og:site_name\" content=\"University:Future Festival 2026\" \/>\n<meta property=\"article:modified_time\" content=\"2024-06-25T07:07:16+00:00\" \/>\n<meta property=\"og:image\" content=\"https:\/\/festival.hfd.digital\/de\/wp-content\/uploads\/sites\/3\/2023\/01\/Allgemein-2-DE.jpg\" \/>\n\t<meta property=\"og:image:width\" content=\"1024\" \/>\n\t<meta property=\"og:image:height\" content=\"768\" \/>\n\t<meta property=\"og:image:type\" content=\"image\/jpeg\" \/>\n<meta name=\"twitter:card\" content=\"summary_large_image\" \/>\n<meta name=\"twitter:title\" content=\"Partner vom University:Future Festival 2023\" \/>\n<meta name=\"twitter:description\" content=\"Wir verstehen uns als Teil eines Netzwerks. Daher freuten wir uns beim University:Future Festival sehr \u00fcber die Unterst\u00fctzung unserer Partner!\" \/>\n<meta name=\"twitter:image\" content=\"https:\/\/festival.hfd.digital\/de\/wp-content\/uploads\/sites\/3\/2023\/03\/Allgemein-1_Twitter.png\" \/>\n<meta name=\"twitter:label1\" content=\"Gesch\u00e4tzte Lesezeit\" \/>\n\t<meta name=\"twitter:data1\" content=\"3\u00a0Minuten\" \/>\n<script type=\"application\/ld+json\" class=\"yoast-schema-graph\">{\"@context\":\"https:\\\/\\\/schema.org\",\"@graph\":[{\"@type\":\"WebPage\",\"@id\":\"https:\\\/\\\/festival.hfd.digital\\\/de\\\/partner-universityfuture-festival-2023\\\/\",\"url\":\"https:\\\/\\\/festival.hfd.digital\\\/de\\\/partner-universityfuture-festival-2023\\\/\",\"name\":\"Partner des University:Future Festivals 2023\",\"isPartOf\":{\"@id\":\"https:\\\/\\\/festival.hfd.digital\\\/de\\\/#website\"},\"primaryImageOfPage\":{\"@id\":\"https:\\\/\\\/festival.hfd.digital\\\/de\\\/partner-universityfuture-festival-2023\\\/#primaryimage\"},\"image\":{\"@id\":\"https:\\\/\\\/festival.hfd.digital\\\/de\\\/partner-universityfuture-festival-2023\\\/#primaryimage\"},\"thumbnailUrl\":\"https:\\\/\\\/festival.hfd.digital\\\/de\\\/wp-content\\\/uploads\\\/sites\\\/3\\\/2021\\\/08\\\/HFD_Logo_rgb_Verlauf-250x266.jpg\",\"datePublished\":\"2022-08-03T17:08:21+00:00\",\"dateModified\":\"2024-06-25T07:07:16+00:00\",\"description\":\"Wir verstehen uns als Teil eines Netzwerks. Daher freuten wir uns beim University:Future Festival 2023 \u00fcber die Unterst\u00fctzung unserer Partner!\",\"inLanguage\":\"de\",\"potentialAction\":[{\"@type\":\"ReadAction\",\"target\":[\"https:\\\/\\\/festival.hfd.digital\\\/de\\\/partner-universityfuture-festival-2023\\\/\"]}]},{\"@type\":\"ImageObject\",\"inLanguage\":\"de\",\"@id\":\"https:\\\/\\\/festival.hfd.digital\\\/de\\\/partner-universityfuture-festival-2023\\\/#primaryimage\",\"url\":\"https:\\\/\\\/festival.hfd.digital\\\/de\\\/wp-content\\\/uploads\\\/sites\\\/3\\\/2021\\\/08\\\/HFD_Logo_rgb_Verlauf.jpg\",\"contentUrl\":\"https:\\\/\\\/festival.hfd.digital\\\/de\\\/wp-content\\\/uploads\\\/sites\\\/3\\\/2021\\\/08\\\/HFD_Logo_rgb_Verlauf.jpg\",\"width\":2060,\"height\":2195,\"caption\":\"Logo vom HFD\"},{\"@type\":\"WebSite\",\"@id\":\"https:\\\/\\\/festival.hfd.digital\\\/de\\\/#website\",\"url\":\"https:\\\/\\\/festival.hfd.digital\\\/de\\\/\",\"name\":\"University:Future Festival 2026\",\"description\":\"Das j\u00e4hrliche Festival zur Zukunft der Hochschulbildung.\",\"potentialAction\":[{\"@type\":\"SearchAction\",\"target\":{\"@type\":\"EntryPoint\",\"urlTemplate\":\"https:\\\/\\\/festival.hfd.digital\\\/de\\\/?s={search_term_string}\"},\"query-input\":{\"@type\":\"PropertyValueSpecification\",\"valueRequired\":true,\"valueName\":\"search_term_string\"}}],\"inLanguage\":\"de\"}]}<\/script>\n<!-- \/ Yoast SEO plugin. -->","yoast_head_json":{"title":"Partner des University:Future Festivals 2023","description":"Wir verstehen uns als Teil eines Netzwerks. Daher freuten wir uns beim University:Future Festival 2023 \u00fcber die Unterst\u00fctzung unserer Partner!","robots":{"index":"index","follow":"follow","max-snippet":"max-snippet:-1","max-image-preview":"max-image-preview:large","max-video-preview":"max-video-preview:-1"},"canonical":"https:\/\/festival.hfd.digital\/de\/partner-universityfuture-festival-2023\/","og_locale":"de_DE","og_type":"article","og_title":"Partner vom University:Future Festival 2023","og_description":"Wir verstehen uns als Teil eines Netzwerks. Daher freuten wir uns beim University:Future Festival 2023 \u00fcber die Unterst\u00fctzung unserer Partner!","og_url":"https:\/\/festival.hfd.digital\/de\/partner-universityfuture-festival-2023\/","og_site_name":"University:Future Festival 2026","article_modified_time":"2024-06-25T07:07:16+00:00","og_image":[{"width":1024,"height":768,"url":"https:\/\/festival.hfd.digital\/de\/wp-content\/uploads\/sites\/3\/2023\/01\/Allgemein-2-DE.jpg","type":"image\/jpeg"}],"twitter_card":"summary_large_image","twitter_title":"Partner vom University:Future Festival 2023","twitter_description":"Wir verstehen uns als Teil eines Netzwerks. Daher freuten wir uns beim University:Future Festival sehr \u00fcber die Unterst\u00fctzung unserer Partner!","twitter_image":"https:\/\/festival.hfd.digital\/de\/wp-content\/uploads\/sites\/3\/2023\/03\/Allgemein-1_Twitter.png","twitter_misc":{"Gesch\u00e4tzte Lesezeit":"3\u00a0Minuten"},"schema":{"@context":"https:\/\/schema.org","@graph":[{"@type":"WebPage","@id":"https:\/\/festival.hfd.digital\/de\/partner-universityfuture-festival-2023\/","url":"https:\/\/festival.hfd.digital\/de\/partner-universityfuture-festival-2023\/","name":"Partner des University:Future Festivals 2023","isPartOf":{"@id":"https:\/\/festival.hfd.digital\/de\/#website"},"primaryImageOfPage":{"@id":"https:\/\/festival.hfd.digital\/de\/partner-universityfuture-festival-2023\/#primaryimage"},"image":{"@id":"https:\/\/festival.hfd.digital\/de\/partner-universityfuture-festival-2023\/#primaryimage"},"thumbnailUrl":"https:\/\/festival.hfd.digital\/de\/wp-content\/uploads\/sites\/3\/2021\/08\/HFD_Logo_rgb_Verlauf-250x266.jpg","datePublished":"2022-08-03T17:08:21+00:00","dateModified":"2024-06-25T07:07:16+00:00","description":"Wir verstehen uns als Teil eines Netzwerks. Daher freuten wir uns beim University:Future Festival 2023 \u00fcber die Unterst\u00fctzung unserer Partner!","inLanguage":"de","potentialAction":[{"@type":"ReadAction","target":["https:\/\/festival.hfd.digital\/de\/partner-universityfuture-festival-2023\/"]}]},{"@type":"ImageObject","inLanguage":"de","@id":"https:\/\/festival.hfd.digital\/de\/partner-universityfuture-festival-2023\/#primaryimage","url":"https:\/\/festival.hfd.digital\/de\/wp-content\/uploads\/sites\/3\/2021\/08\/HFD_Logo_rgb_Verlauf.jpg","contentUrl":"https:\/\/festival.hfd.digital\/de\/wp-content\/uploads\/sites\/3\/2021\/08\/HFD_Logo_rgb_Verlauf.jpg","width":2060,"height":2195,"caption":"Logo vom HFD"},{"@type":"WebSite","@id":"https:\/\/festival.hfd.digital\/de\/#website","url":"https:\/\/festival.hfd.digital\/de\/","name":"University:Future Festival 2026","description":"Das j\u00e4hrliche Festival zur Zukunft der Hochschulbildung.","potentialAction":[{"@type":"SearchAction","target":{"@type":"EntryPoint","urlTemplate":"https:\/\/festival.hfd.digital\/de\/?s={search_term_string}"},"query-input":{"@type":"PropertyValueSpecification","valueRequired":true,"valueName":"search_term_string"}}],"inLanguage":"de"}]}},"_links":{"self":[{"href":"https:\/\/festival.hfd.digital\/de\/wp-json\/wp\/v2\/pages\/3798","targetHints":{"allow":["GET"]}}],"collection":[{"href":"https:\/\/festival.hfd.digital\/de\/wp-json\/wp\/v2\/pages"}],"about":[{"href":"https:\/\/festival.hfd.digital\/de\/wp-json\/wp\/v2\/types\/page"}],"author":[{"embeddable":true,"href":"https:\/\/festival.hfd.digital\/de\/wp-json\/wp\/v2\/users\/4"}],"replies":[{"embeddable":true,"href":"https:\/\/festival.hfd.digital\/de\/wp-json\/wp\/v2\/comments?post=3798"}],"version-history":[{"count":90,"href":"https:\/\/festival.hfd.digital\/de\/wp-json\/wp\/v2\/pages\/3798\/revisions"}],"predecessor-version":[{"id":5966,"href":"https:\/\/festival.hfd.digital\/de\/wp-json\/wp\/v2\/pages\/3798\/revisions\/5966"}],"wp:attachment":[{"href":"https:\/\/festival.hfd.digital\/de\/wp-json\/wp\/v2\/media?parent=3798"}],"curies":[{"name":"wp","href":"https:\/\/api.w.org\/{rel}","templated":true}]}}