{"id":3512,"date":"2022-04-13T14:49:18","date_gmt":"2022-04-13T14:49:18","guid":{"rendered":"https:\/\/festival.hfd.digital\/de\/?page_id=3512"},"modified":"2025-10-30T16:02:45","modified_gmt":"2025-10-30T16:02:45","slug":"archiv","status":"publish","type":"page","link":"https:\/\/festival.hfd.digital\/de\/archiv\/","title":{"rendered":"Archiv"},"content":{"rendered":"<h2>University:Future Festival 2025<\/h2>\nMit \u00fcber 6700 Anmeldungen, 600 Speaker:innen und mehr als 330 Programmpunkten, darunter Vortr\u00e4ge, Diskussionen, Workshops und praxisnahe Trainings, haben wir auch 2025 wieder einen einzigartigen Rahmen f\u00fcr Austausch, Impulse und Vernetzung geschaffen. Das <a href=\"https:\/\/festival.hfd.digital\/de\/recap-universityfuture-festival-2025\/\">University:Future Festvial 2025<\/a> fand vom 13. bis zum 15.Mai in Berlin, N\u00fcrnberg, Braunschweig und auch erstmalig au\u00dferhalb Deutschlands in Graz und Z\u00fcrich sowie im digitalen Raum statt.\n\n<a class=\"wp-block-button__link wp-element-button\" href=\"https:\/\/festival.hfd.digital\/de\/recap-universityfuture-festival-2025\/\">Hier geht es zum U:FF 2025<\/a>\n<h2>University:Future Festival 2024<\/h2>\nDrei Tage, um \u00fcber Zuk\u00fcnfte nachzudenken, Visionen zu entwickeln und Erfahrungen aus der Praxis zu diskutieren. Mit mehr als 4.500 aktiv Teilnehmenden fand das <a href=\"https:\/\/festival.hfd.digital\/de\/recap-universityfuture-festival-2024\/\">University:Future Festival 2024<\/a> vom 05. bis zum 07. Juni in Berlin, Bochum, Heilbronn, N\u00fcrnberg und Leipzig sowie im digitalen Raum statt.\n\n<a class=\"wp-block-button__link wp-element-button\" href=\"https:\/\/festival.hfd.digital\/de\/recap-universityfuture-festival-2024\/\">Hier geht es zum U:FF 2024<\/a>\n<h2>University:Future Festival 2023<\/h2>\n<span style=\"font-weight: 400;\">Das <a href=\"https:\/\/festival.hfd.digital\/de\/universityfuture-festival\/\">University:Future Festival 2023<\/a> war mit 5.553 Anmeldungen, 3.900 aktiven Teilnehmenden und einer extrem hohen Zufriedenheit bei den Besucher:innen ein gro\u00dfer Erfolg. Es fand unter dem Motto &#8222;Heads Up!&#8220; statt. Als gr\u00f6\u00dftes und innovativstes Event zu den Zuk\u00fcnften akademischer Bildung in der DACH-Region bot das Festival bilingual auf Deutsch und Englisch ein umfassendes\u00a0<a href=\"https:\/\/festival.hfd.digital\/de\/programm\/\">Programm mit \u00fcber 300 Vortr\u00e4gen, Workshops, Diskussionen und Mikrofortbildungen.<\/a><\/span>\n<div class=\"wp-block-buttons\">\n<div class=\"wp-block-button\"><a class=\"wp-block-button__link wp-element-button\" href=\"https:\/\/festival.hfd.digital\/de\/universityfuture-festival-2023\/\">Hier geht es zum U:FF 2023<\/a><\/div>\n<!-- \/wp:post-content -->\n\n<\/div>\n<!-- \/wp:buttons -->\n\n<!-- wp:paragraph -->\n\n<!-- \/wp:paragraph -->\n\n<!-- wp:heading -->\n<h2><span lang=\"EN-GB\">Let\u00b4s Talk:Campus 2022<\/span><\/h2>\n<span lang=\"EN-GB\">Mit 1.200 Anmeldungen hat <\/span><a href=\"https:\/\/festival.hfd.digital\/de\/lets-talkcampus\/\"><span lang=\"EN-GB\">Let\u00b4s Talk Campus<\/span><\/a> <span lang=\"EN-GB\">am 20. <\/span>Oktober live in Berlin und online stattgefunden. In \u00fcber <a href=\"https:\/\/festival.hfd.digital\/de\/programm-lets-talkcampus-2022\/\">45 Programmpunkten<\/a> haben \u00fcber <a href=\"https:\/\/festival.hfd.digital\/de\/speakerinnen-2022\/\">80 Speaker:innen <\/a>mit den Teilnehmener:innen \u00fcber den Campus der Zukunft, neue (digitale) R\u00e4ume und studierenden Partizipation diskutiert. Let\u00b4s Talk:Campus ist ein eint\u00e4giger Ableger des erfolgreichen University:Future Festival.\n<div class=\"wp-block-buttons\">\n<div class=\"wp-block-button\"><a class=\"wp-block-button__link wp-element-button\" href=\"https:\/\/festival.hfd.digital\/de\/lets-talkcampus\/\">Hier geht es zum LT:C 2022<\/a><\/div>\n<!-- \/wp:button -->\n\n<\/div>\n<!-- \/wp:buttons -->\n\n<!-- wp:paragraph -->\n\n<!-- \/wp:paragraph -->\n\n<!-- wp:heading -->\n<h2>University:Future Festival 2021<\/h2>\n<!-- \/wp:heading -->\n\n<!-- wp:paragraph -->\n\nDas University:Future Festival 2021 fand vom 2. bis 4. November unter dem Motto <a href=\"https:\/\/festival.hfd.digital\/de\/archiv\/universityfuture-festival-2021\/festival\/\">\u201cOpen for Discussion\u201d<\/a> statt \u2013 veranstaltet vom Hochschulforum Digitalisierung (HFD) in Partnerschaft mit der Stiftung Innovation in der Hochschullehre (StIL). Mit 3860 Angemeldeten und 2.700 Teilnehmenden war es das gr\u00f6\u00dfte Event seiner Art im deutschsprachigen Bereich.\n<div class=\"wp-block-buttons\">\n<div class=\"wp-block-button\"><a class=\"wp-block-button__link wp-element-button\" href=\"https:\/\/festival.hfd.digital\/de\/universityfuture-festival-2021\/\">Hier geht es zum U:FF 2021<\/a><\/div>\n<!-- \/wp:button -->\n\n<\/div>\n<!-- \/wp:buttons -->\n\n<!-- wp:paragraph -->\n\n<!-- \/wp:paragraph -->\n\n<!-- wp:heading -->\n<h2>University:Future Festival 2020<\/h2>\n<!-- \/wp:heading -->\n\n<!-- wp:paragraph -->\n\nVom 6. bis 8. Oktober 2020 fand das <a href=\"https:\/\/festival.hfd.digital\/de\/archiv\/universityfuture-festival-2020\/\">University:Future Festival<\/a> zum ersten Mal statt. Inhaltlich setzte sich das Festival mit der Hochschullehre in und nach der Pandemie auseinander \u2013 dem \u201cNew Normal\u201d. Gemeinsam wurde ein Blick zur\u00fcck auf das digitale Sommersemester 2020 \u2013 und vor allem einen Blick nach vorne auf die Zukunft der Hochschulen \u2013 geworfen.\n<div class=\"wp-block-buttons\">\n<div class=\"wp-block-button\"><a class=\"wp-block-button__link wp-element-button\" href=\"https:\/\/festival.hfd.digital\/de\/archiv\/universityfuture-festival-2020\/\">Hier geht es zum U:FF 2020<\/a><\/div>\n<!-- \/wp:button -->\n\n<\/div>\n<!-- \/wp:buttons -->\n\n<!-- wp:buttons -->\n<div class=\"wp-block-buttons\"><!-- wp:button \/--><!-- wp:button \/--><!-- wp:button \/--><\/div>\n<!-- \/wp:buttons -->","protected":false},"excerpt":{"rendered":"University:Future Festival 2025 Mit \u00fcber 6700 Anmeldungen, 600 Speaker:innen und mehr als 330 Programmpunkten, darunter Vortr\u00e4ge, Diskussionen, Workshops und praxisnahe Trainings, haben wir auch 2025 wieder einen einzigartigen Rahmen f\u00fcr Austausch, Impulse und Vernetzung geschaffen. Das University:Future Festvial 2025 fand vom 13. bis zum 15.Mai in Berlin, N\u00fcrnberg, Braunschweig und auch erstmalig au\u00dferhalb Deutschlands in&#8230; <a class=\"view-article\" href=\"https:\/\/festival.hfd.digital\/de\/archiv\/\">View Article<\/a>","protected":false},"author":4,"featured_media":0,"parent":0,"menu_order":0,"comment_status":"closed","ping_status":"closed","template":"","meta":{"_acf_changed":false,"inline_featured_image":false,"footnotes":""},"class_list":["post-3512","page","type-page","status-publish","hentry"],"acf":[],"yoast_head":"<!-- This site is optimized with the Yoast SEO plugin v27.3 - https:\/\/yoast.com\/product\/yoast-seo-wordpress\/ -->\n<title>Archiv - University:Future Festival 2026<\/title>\n<meta name=\"description\" content=\"Auf dieser Seite k\u00f6nnen Sie sich unseren R\u00fcckblick auf das University:Future Festival 2020 und 2021 ansehen.\" \/>\n<meta name=\"robots\" content=\"index, follow, max-snippet:-1, max-image-preview:large, max-video-preview:-1\" \/>\n<link rel=\"canonical\" href=\"https:\/\/festival.hfd.digital\/de\/archiv\/\" \/>\n<meta property=\"og:locale\" content=\"de_DE\" \/>\n<meta property=\"og:type\" content=\"article\" \/>\n<meta property=\"og:title\" content=\"Archiv - University:Future Festival 2026\" \/>\n<meta property=\"og:description\" content=\"Auf dieser Seite k\u00f6nnen Sie sich unseren R\u00fcckblick auf das University:Future Festival 2020 und 2021 ansehen.\" \/>\n<meta property=\"og:url\" content=\"https:\/\/festival.hfd.digital\/de\/archiv\/\" \/>\n<meta property=\"og:site_name\" content=\"University:Future Festival 2026\" \/>\n<meta property=\"article:modified_time\" content=\"2025-10-30T16:02:45+00:00\" \/>\n<meta name=\"twitter:card\" content=\"summary_large_image\" \/>\n<meta name=\"twitter:label1\" content=\"Gesch\u00e4tzte Lesezeit\" \/>\n\t<meta name=\"twitter:data1\" content=\"3\u00a0Minuten\" \/>\n<script type=\"application\/ld+json\" class=\"yoast-schema-graph\">{\"@context\":\"https:\\\/\\\/schema.org\",\"@graph\":[{\"@type\":\"WebPage\",\"@id\":\"https:\\\/\\\/festival.hfd.digital\\\/de\\\/archiv\\\/\",\"url\":\"https:\\\/\\\/festival.hfd.digital\\\/de\\\/archiv\\\/\",\"name\":\"Archiv - University:Future Festival 2026\",\"isPartOf\":{\"@id\":\"https:\\\/\\\/festival.hfd.digital\\\/de\\\/#website\"},\"datePublished\":\"2022-04-13T14:49:18+00:00\",\"dateModified\":\"2025-10-30T16:02:45+00:00\",\"description\":\"Auf dieser Seite k\u00f6nnen Sie sich unseren R\u00fcckblick auf das University:Future Festival 2020 und 2021 ansehen.\",\"inLanguage\":\"de\",\"potentialAction\":[{\"@type\":\"ReadAction\",\"target\":[\"https:\\\/\\\/festival.hfd.digital\\\/de\\\/archiv\\\/\"]}]},{\"@type\":\"WebSite\",\"@id\":\"https:\\\/\\\/festival.hfd.digital\\\/de\\\/#website\",\"url\":\"https:\\\/\\\/festival.hfd.digital\\\/de\\\/\",\"name\":\"University:Future Festival 2026\",\"description\":\"Das j\u00e4hrliche Festival zur Zukunft der Hochschulbildung.\",\"potentialAction\":[{\"@type\":\"SearchAction\",\"target\":{\"@type\":\"EntryPoint\",\"urlTemplate\":\"https:\\\/\\\/festival.hfd.digital\\\/de\\\/?s={search_term_string}\"},\"query-input\":{\"@type\":\"PropertyValueSpecification\",\"valueRequired\":true,\"valueName\":\"search_term_string\"}}],\"inLanguage\":\"de\"}]}<\/script>\n<!-- \/ Yoast SEO plugin. -->","yoast_head_json":{"title":"Archiv - University:Future Festival 2026","description":"Auf dieser Seite k\u00f6nnen Sie sich unseren R\u00fcckblick auf das University:Future Festival 2020 und 2021 ansehen.","robots":{"index":"index","follow":"follow","max-snippet":"max-snippet:-1","max-image-preview":"max-image-preview:large","max-video-preview":"max-video-preview:-1"},"canonical":"https:\/\/festival.hfd.digital\/de\/archiv\/","og_locale":"de_DE","og_type":"article","og_title":"Archiv - University:Future Festival 2026","og_description":"Auf dieser Seite k\u00f6nnen Sie sich unseren R\u00fcckblick auf das University:Future Festival 2020 und 2021 ansehen.","og_url":"https:\/\/festival.hfd.digital\/de\/archiv\/","og_site_name":"University:Future Festival 2026","article_modified_time":"2025-10-30T16:02:45+00:00","twitter_card":"summary_large_image","twitter_misc":{"Gesch\u00e4tzte Lesezeit":"3\u00a0Minuten"},"schema":{"@context":"https:\/\/schema.org","@graph":[{"@type":"WebPage","@id":"https:\/\/festival.hfd.digital\/de\/archiv\/","url":"https:\/\/festival.hfd.digital\/de\/archiv\/","name":"Archiv - University:Future Festival 2026","isPartOf":{"@id":"https:\/\/festival.hfd.digital\/de\/#website"},"datePublished":"2022-04-13T14:49:18+00:00","dateModified":"2025-10-30T16:02:45+00:00","description":"Auf dieser Seite k\u00f6nnen Sie sich unseren R\u00fcckblick auf das University:Future Festival 2020 und 2021 ansehen.","inLanguage":"de","potentialAction":[{"@type":"ReadAction","target":["https:\/\/festival.hfd.digital\/de\/archiv\/"]}]},{"@type":"WebSite","@id":"https:\/\/festival.hfd.digital\/de\/#website","url":"https:\/\/festival.hfd.digital\/de\/","name":"University:Future Festival 2026","description":"Das j\u00e4hrliche Festival zur Zukunft der Hochschulbildung.","potentialAction":[{"@type":"SearchAction","target":{"@type":"EntryPoint","urlTemplate":"https:\/\/festival.hfd.digital\/de\/?s={search_term_string}"},"query-input":{"@type":"PropertyValueSpecification","valueRequired":true,"valueName":"search_term_string"}}],"inLanguage":"de"}]}},"_links":{"self":[{"href":"https:\/\/festival.hfd.digital\/de\/wp-json\/wp\/v2\/pages\/3512","targetHints":{"allow":["GET"]}}],"collection":[{"href":"https:\/\/festival.hfd.digital\/de\/wp-json\/wp\/v2\/pages"}],"about":[{"href":"https:\/\/festival.hfd.digital\/de\/wp-json\/wp\/v2\/types\/page"}],"author":[{"embeddable":true,"href":"https:\/\/festival.hfd.digital\/de\/wp-json\/wp\/v2\/users\/4"}],"replies":[{"embeddable":true,"href":"https:\/\/festival.hfd.digital\/de\/wp-json\/wp\/v2\/comments?post=3512"}],"version-history":[{"count":25,"href":"https:\/\/festival.hfd.digital\/de\/wp-json\/wp\/v2\/pages\/3512\/revisions"}],"predecessor-version":[{"id":11952,"href":"https:\/\/festival.hfd.digital\/de\/wp-json\/wp\/v2\/pages\/3512\/revisions\/11952"}],"wp:attachment":[{"href":"https:\/\/festival.hfd.digital\/de\/wp-json\/wp\/v2\/media?parent=3512"}],"curies":[{"name":"wp","href":"https:\/\/api.w.org\/{rel}","templated":true}]}}