{"id":3498,"date":"2022-04-12T09:41:41","date_gmt":"2022-04-12T09:41:41","guid":{"rendered":"https:\/\/festival.hfd.digital\/de\/?page_id=3498"},"modified":"2024-07-01T09:51:51","modified_gmt":"2024-07-01T09:51:51","slug":"universityfuture-festival-2021","status":"publish","type":"page","link":"https:\/\/festival.hfd.digital\/de\/archiv\/universityfuture-festival-2021\/","title":{"rendered":"Recap: University:Future Festival 2021"},"content":{"rendered":"\n<p><strong>Das war das inspirierendste Event zur Hochschulbildung im digitalen Wandel: Das University:Future Festival fand vom 2. bis 4. November 2021 unter dem Motto \u201c<a href=\"https:\/\/festival.hfd.digital\/de\/festival\/\">Open for Discussion<\/a>\u201d statt \u2013 veranstaltet vom Hochschulforum Digitalisierung (HFD) in Partnerschaft mit der Stiftung Innovation in der Hochschullehre (StIL)<\/strong>.&nbsp;<strong>Mit 3860 Angemeldeten und 2.700 Teilnehmenden war es das gr\u00f6\u00dfte Even seiner Art im deutschsprachigen Bereich.<\/strong><\/p>\n\n\n\n<p>Das University:Future Festival 2021 war das gr\u00f6\u00dfte und relevanteste Event zur Hochschulbildung im digitalen Zeitalter im Jahr 2021. Auf\u00a0<a href=\"https:\/\/www.youtube.com\/c\/HochschulforumDigitalisierung\/playlists\">YouTube<\/a>\u00a0sowie in unserem\u00a0<a href=\"https:\/\/festival.hfd.digital\/de\/archiv\/universityfuture-festival-2021\/programm\/\">Programm<\/a>\u00a0finden Sie alle aufgenommenen Videos vom Festival \u2013 frei lizenziert. Und\u00a0<a href=\"https:\/\/festival.hfd.digital\/de\/galerie\/\">hier k\u00f6nnen Sie sich alle Fotos anschauen<\/a>.<\/p>\n\n\n\n<figure class=\"wp-block-embed is-type-video is-provider-youtube wp-block-embed-youtube wp-embed-aspect-16-9 wp-has-aspect-ratio\"><div class=\"wp-block-embed__wrapper\">\n<div class=\"BorlabsCookie _brlbs-cb-youtube\"><div class=\"_brlbs-content-blocker\"> <div class=\"_brlbs-embed _brlbs-video-youtube\"> <img decoding=\"async\" class=\"_brlbs-thumbnail\" src=\"https:\/\/festival.hfd.digital\/de\/wp-content\/plugins\/borlabs-cookie\/assets\/images\/cb-no-thumbnail.png\" alt=\"YouTube\"> <div class=\"_brlbs-caption\"> <p>Mit dem Aufruf des Videos erkl\u00f6rst du dich einverstanden, dass Deine Daten an YouTube \u00fcbermittelt werden und dass Du die <a href=\"https:\/\/policies.google.com\/privacy\" target=\"_blank\" rel=\"nofollow noopener noreferrer\">Datenschutzerkl\u00e4rung<\/a> gelesen hast.<\/p> <p><a class=\"_brlbs-btn _brlbs-icon-play-white\" href=\"#\" data-borlabs-cookie-unblock role=\"button\">Einverstanden und Video laden<\/a><\/p> <p><label><input type=\"checkbox\" name=\"unblockAll\" value=\"1\" checked> <small>YouTube immer entsperren<\/small><\/label><\/p> <\/div> <\/div> <\/div><div class=\"borlabs-hide\" data-borlabs-cookie-type=\"content-blocker\" data-borlabs-cookie-id=\"youtube\"><script type=\"text\/template\">PGlmcmFtZSB0aXRsZT0iVW5pdmVyc2l0eTpGdXR1cmUgRmVzdGl2YWwgMjAyMSBBZnRlcm1vdmllICNVRkZlc3RpdmFsIiB3aWR0aD0iOTAwIiBoZWlnaHQ9IjUwNiIgc3JjPSJodHRwczovL3d3dy55b3V0dWJlLW5vY29va2llLmNvbS9lbWJlZC9UOGFhVUhFRjJ4ND9mZWF0dXJlPW9lbWJlZCIgZnJhbWVib3JkZXI9IjAiIGFsbG93PSJhY2NlbGVyb21ldGVyOyBhdXRvcGxheTsgY2xpcGJvYXJkLXdyaXRlOyBlbmNyeXB0ZWQtbWVkaWE7IGd5cm9zY29wZTsgcGljdHVyZS1pbi1waWN0dXJlOyB3ZWItc2hhcmUiIHJlZmVycmVycG9saWN5PSJzdHJpY3Qtb3JpZ2luLXdoZW4tY3Jvc3Mtb3JpZ2luIiBhbGxvd2Z1bGxzY3JlZW4+PC9pZnJhbWU+<\/script><\/div><\/div>\n<\/div><\/figure>\n\n\n\n<p><\/p>\n\n\n\n<p><strong>Das Festival richtete sich an alle, die sich mit Gegenwart und Zukunft akademischer Bildung besch\u00e4ftigen:<\/strong>&nbsp;Lehrende, Hochschulleitungen und Studierende; Aktivist:innen und Repr\u00e4sentant:innen aus Politik und Verwaltung; Zivilgesellschaft und Hochschulbesch\u00e4ftige; K\u00fcnstler:innen und Wissenschaftler:innen; EdTech-Gr\u00fcnder:innen und Presse. Das Programm ist in vielen Bereichen bilingual (deutsch und englisch). So \u00f6ffnete sich das Festival sowohl f\u00fcr nationale Besucher:innen als auch f\u00fcr G\u00e4ste aus dem Ausland.<\/p>\n\n\n\n<p>Ziel des Festivals war es, allen Beteiligten einen \u00dcberblick zu bieten \u00fcber den aktuellen Diskussionsstand zur Hochschulbildung im digitalen Zeitalter.<\/p>\n\n\n\n<p>Das University:Future Festival wurde organisiert vom&nbsp;<a href=\"https:\/\/hochschulforumdigitalisierung.de\/\" target=\"_blank\" rel=\"noreferrer noopener\">Hochschulforum Digitalisierung<\/a>&nbsp;und der&nbsp;<a href=\"https:\/\/stiftung-hochschullehre.de\/\" target=\"_blank\" rel=\"noreferrer noopener\">Stiftung Innovation in der Hochschullehre<\/a>. Unterst\u00fctzt wurde es durch zahlreiche Partner.<\/p>\n\n\n\n<h2 class=\"wp-block-heading\">Open for Discussion<\/h2>\n\n\n\n<p><strong>Das Motto des University:Future Festivals 2021 lautete: Open for discussion.<\/strong>&nbsp;Es steht f\u00fcr Offenheit, f\u00fcr Zug\u00e4nglichkeit, f\u00fcr Diskurs \u2013 und daf\u00fcr, gemeinsam die Zukunft auszuloten.<\/p>\n\n\n\n<p><\/p>\n\n\n\n<p><strong>Open for discussion steht f\u00fcr das offene Gespr\u00e4ch, die Begegnung.<\/strong>&nbsp;Nach so langer Zeit der vor allem digitalen Kommunikation fehlt uns allen der direkte Kontakt. Das University:Future Festival blieb digital. Aber wir setzten wie nie zuvor einen Schwerpunkt auf Interaktion und Begegnung.<\/p>\n\n\n\n<p><strong>Open for discussion steht f\u00fcr den Austausch auf Augenh\u00f6he und Zug\u00e4nglichkeit.<\/strong>&nbsp;Auf dem Festival wurden alle geh\u00f6rt \u2013 Hochschulleitungen und Minister:innen genauso wie Studierende und Doktorand:innen. Wir entschieden \u00fcber Programmeinreichungen nach dem Inhalt, nicht nach dem Status der Vorschlagenden. Jede:r ist war eingeladen, sich zu beteiligen: Wir freuten uns sehr \u00fcber die Vielfalt der unterschiedlichen Stimmen.<\/p>\n\n\n\n<p><strong>Open for discussion steht f\u00fcr das gemeinsame Ausloten.<\/strong>&nbsp;(Fast) allen ist klar, dass es kein Zur\u00fcck zum \u201calten Normal\u201d der Hochschulbildung geben kann. Wie wir uns nach der Pandemie weiterentwickeln, liegt in unser aller Hand. Jetzt ist der Zeitpunkt, die Hochschule auf dem Weg zur \u201cBlended University\u201d neu zu vermessen. Das U:FF war der Ort daf\u00fcr, gemeinsam in die Zuk\u00fcnfte der akademischen Bildung zu blicken.<\/p>\n\n\n\n<h2 class=\"wp-block-heading\" id=\"programm-2021\">Das Programm 2021<\/h2>\n\n\n\n<p>Das University:Future Festival 2021 bestand aus drei Teilen. Gemeinsam haben sie, dass sich das Programm gr\u00f6\u00dftenteils durch&nbsp;Einreichungen&nbsp;aus unserer Community speist.<\/p>\n\n\n\n<div class=\"wp-block-buttons is-layout-flex wp-block-buttons-is-layout-flex\">\n<div class=\"wp-block-button\"><a class=\"wp-block-button__link wp-element-button\" href=\"https:\/\/festival.hfd.digital\/de\/programm\/speakerinnen-2021\/\">Speaker:innen<\/a><\/div>\n\n\n\n<div class=\"wp-block-button\"><a class=\"wp-block-button__link wp-element-button\" href=\"https:\/\/festival.hfd.digital\/de\/partner\/\">Partner<\/a><\/div>\n\n\n\n<div class=\"wp-block-button\"><a class=\"wp-block-button__link wp-element-button\" href=\"https:\/\/festival.hfd.digital\/de\/archiv\/universityfuture-festival-2021\/jury\/\"> Jurymitglieder<\/a><\/div>\n\n\n\n<div class=\"wp-block-button\"><a class=\"wp-block-button__link wp-element-button\" href=\"https:\/\/festival.hfd.digital\/de\/archiv\/universityfuture-festival-2021\/creativespace-2\/\">Creative:Space<\/a><\/div>\n<\/div>\n\n\n\n<p>Hier finden Sie <a href=\"https:\/\/festival.hfd.digital\/de\/galerie\/\">unsere Galerie<\/a> zum University:Future Festival 2021.<\/p>\n","protected":false},"excerpt":{"rendered":"Das war das inspirierendste Event zur Hochschulbildung im digitalen Wandel: Das University:Future Festival fand vom 2. bis 4. November 2021 unter dem Motto \u201cOpen for Discussion\u201d statt \u2013 veranstaltet vom Hochschulforum Digitalisierung (HFD) in Partnerschaft mit der Stiftung Innovation in der Hochschullehre (StIL).&nbsp;Mit 3860 Angemeldeten und 2.700 Teilnehmenden war es das gr\u00f6\u00dfte Even seiner Art&#8230; <a class=\"view-article\" href=\"https:\/\/festival.hfd.digital\/de\/archiv\/universityfuture-festival-2021\/\">View Article<\/a>","protected":false},"author":3,"featured_media":0,"parent":3512,"menu_order":0,"comment_status":"closed","ping_status":"closed","template":"template-programm.php","meta":{"_acf_changed":false,"inline_featured_image":false,"footnotes":""},"class_list":["post-3498","page","type-page","status-publish","hentry"],"acf":[],"yoast_head":"<!-- This site is optimized with the Yoast SEO plugin v27.3 - https:\/\/yoast.com\/product\/yoast-seo-wordpress\/ -->\n<title>Recap: University:Future Festival 2021 - University:Future Festival 2026<\/title>\n<meta name=\"robots\" content=\"index, follow, max-snippet:-1, max-image-preview:large, max-video-preview:-1\" \/>\n<link rel=\"canonical\" href=\"https:\/\/festival.hfd.digital\/de\/archiv\/universityfuture-festival-2021\/\" \/>\n<meta property=\"og:locale\" content=\"de_DE\" \/>\n<meta property=\"og:type\" content=\"article\" \/>\n<meta property=\"og:title\" content=\"Recap: University:Future Festival 2021 - University:Future Festival 2026\" \/>\n<meta property=\"og:description\" content=\"Das war das inspirierendste Event zur Hochschulbildung im digitalen Wandel: Das University:Future Festival fand vom 2. bis 4. November 2021 unter dem Motto \u201cOpen for Discussion\u201d statt \u2013 veranstaltet vom Hochschulforum Digitalisierung (HFD) in Partnerschaft mit der Stiftung Innovation in der Hochschullehre (StIL).&nbsp;Mit 3860 Angemeldeten und 2.700 Teilnehmenden war es das gr\u00f6\u00dfte Even seiner Art... View Article\" \/>\n<meta property=\"og:url\" content=\"https:\/\/festival.hfd.digital\/de\/archiv\/universityfuture-festival-2021\/\" \/>\n<meta property=\"og:site_name\" content=\"University:Future Festival 2026\" \/>\n<meta property=\"article:modified_time\" content=\"2024-07-01T09:51:51+00:00\" \/>\n<meta name=\"twitter:card\" content=\"summary_large_image\" \/>\n<meta name=\"twitter:label1\" content=\"Gesch\u00e4tzte Lesezeit\" \/>\n\t<meta name=\"twitter:data1\" content=\"3\u00a0Minuten\" \/>\n<script type=\"application\/ld+json\" class=\"yoast-schema-graph\">{\"@context\":\"https:\\\/\\\/schema.org\",\"@graph\":[{\"@type\":\"WebPage\",\"@id\":\"https:\\\/\\\/festival.hfd.digital\\\/de\\\/archiv\\\/universityfuture-festival-2021\\\/\",\"url\":\"https:\\\/\\\/festival.hfd.digital\\\/de\\\/archiv\\\/universityfuture-festival-2021\\\/\",\"name\":\"Recap: University:Future Festival 2021 - University:Future Festival 2026\",\"isPartOf\":{\"@id\":\"https:\\\/\\\/festival.hfd.digital\\\/de\\\/#website\"},\"datePublished\":\"2022-04-12T09:41:41+00:00\",\"dateModified\":\"2024-07-01T09:51:51+00:00\",\"breadcrumb\":{\"@id\":\"https:\\\/\\\/festival.hfd.digital\\\/de\\\/archiv\\\/universityfuture-festival-2021\\\/#breadcrumb\"},\"inLanguage\":\"de\",\"potentialAction\":[{\"@type\":\"ReadAction\",\"target\":[\"https:\\\/\\\/festival.hfd.digital\\\/de\\\/archiv\\\/universityfuture-festival-2021\\\/\"]}]},{\"@type\":\"BreadcrumbList\",\"@id\":\"https:\\\/\\\/festival.hfd.digital\\\/de\\\/archiv\\\/universityfuture-festival-2021\\\/#breadcrumb\",\"itemListElement\":[{\"@type\":\"ListItem\",\"position\":1,\"name\":\"Archiv\",\"item\":\"https:\\\/\\\/festival.hfd.digital\\\/de\\\/archiv\\\/\"},{\"@type\":\"ListItem\",\"position\":2,\"name\":\"Recap: University:Future Festival 2021\"}]},{\"@type\":\"WebSite\",\"@id\":\"https:\\\/\\\/festival.hfd.digital\\\/de\\\/#website\",\"url\":\"https:\\\/\\\/festival.hfd.digital\\\/de\\\/\",\"name\":\"University:Future Festival 2026\",\"description\":\"Das j\u00e4hrliche Festival zur Zukunft der Hochschulbildung.\",\"potentialAction\":[{\"@type\":\"SearchAction\",\"target\":{\"@type\":\"EntryPoint\",\"urlTemplate\":\"https:\\\/\\\/festival.hfd.digital\\\/de\\\/?s={search_term_string}\"},\"query-input\":{\"@type\":\"PropertyValueSpecification\",\"valueRequired\":true,\"valueName\":\"search_term_string\"}}],\"inLanguage\":\"de\"}]}<\/script>\n<!-- \/ Yoast SEO plugin. -->","yoast_head_json":{"title":"Recap: University:Future Festival 2021 - University:Future Festival 2026","robots":{"index":"index","follow":"follow","max-snippet":"max-snippet:-1","max-image-preview":"max-image-preview:large","max-video-preview":"max-video-preview:-1"},"canonical":"https:\/\/festival.hfd.digital\/de\/archiv\/universityfuture-festival-2021\/","og_locale":"de_DE","og_type":"article","og_title":"Recap: University:Future Festival 2021 - University:Future Festival 2026","og_description":"Das war das inspirierendste Event zur Hochschulbildung im digitalen Wandel: Das University:Future Festival fand vom 2. bis 4. November 2021 unter dem Motto \u201cOpen for Discussion\u201d statt \u2013 veranstaltet vom Hochschulforum Digitalisierung (HFD) in Partnerschaft mit der Stiftung Innovation in der Hochschullehre (StIL).&nbsp;Mit 3860 Angemeldeten und 2.700 Teilnehmenden war es das gr\u00f6\u00dfte Even seiner Art... View Article","og_url":"https:\/\/festival.hfd.digital\/de\/archiv\/universityfuture-festival-2021\/","og_site_name":"University:Future Festival 2026","article_modified_time":"2024-07-01T09:51:51+00:00","twitter_card":"summary_large_image","twitter_misc":{"Gesch\u00e4tzte Lesezeit":"3\u00a0Minuten"},"schema":{"@context":"https:\/\/schema.org","@graph":[{"@type":"WebPage","@id":"https:\/\/festival.hfd.digital\/de\/archiv\/universityfuture-festival-2021\/","url":"https:\/\/festival.hfd.digital\/de\/archiv\/universityfuture-festival-2021\/","name":"Recap: University:Future Festival 2021 - University:Future Festival 2026","isPartOf":{"@id":"https:\/\/festival.hfd.digital\/de\/#website"},"datePublished":"2022-04-12T09:41:41+00:00","dateModified":"2024-07-01T09:51:51+00:00","breadcrumb":{"@id":"https:\/\/festival.hfd.digital\/de\/archiv\/universityfuture-festival-2021\/#breadcrumb"},"inLanguage":"de","potentialAction":[{"@type":"ReadAction","target":["https:\/\/festival.hfd.digital\/de\/archiv\/universityfuture-festival-2021\/"]}]},{"@type":"BreadcrumbList","@id":"https:\/\/festival.hfd.digital\/de\/archiv\/universityfuture-festival-2021\/#breadcrumb","itemListElement":[{"@type":"ListItem","position":1,"name":"Archiv","item":"https:\/\/festival.hfd.digital\/de\/archiv\/"},{"@type":"ListItem","position":2,"name":"Recap: University:Future Festival 2021"}]},{"@type":"WebSite","@id":"https:\/\/festival.hfd.digital\/de\/#website","url":"https:\/\/festival.hfd.digital\/de\/","name":"University:Future Festival 2026","description":"Das j\u00e4hrliche Festival zur Zukunft der Hochschulbildung.","potentialAction":[{"@type":"SearchAction","target":{"@type":"EntryPoint","urlTemplate":"https:\/\/festival.hfd.digital\/de\/?s={search_term_string}"},"query-input":{"@type":"PropertyValueSpecification","valueRequired":true,"valueName":"search_term_string"}}],"inLanguage":"de"}]}},"_links":{"self":[{"href":"https:\/\/festival.hfd.digital\/de\/wp-json\/wp\/v2\/pages\/3498","targetHints":{"allow":["GET"]}}],"collection":[{"href":"https:\/\/festival.hfd.digital\/de\/wp-json\/wp\/v2\/pages"}],"about":[{"href":"https:\/\/festival.hfd.digital\/de\/wp-json\/wp\/v2\/types\/page"}],"author":[{"embeddable":true,"href":"https:\/\/festival.hfd.digital\/de\/wp-json\/wp\/v2\/users\/3"}],"replies":[{"embeddable":true,"href":"https:\/\/festival.hfd.digital\/de\/wp-json\/wp\/v2\/comments?post=3498"}],"version-history":[{"count":17,"href":"https:\/\/festival.hfd.digital\/de\/wp-json\/wp\/v2\/pages\/3498\/revisions"}],"predecessor-version":[{"id":9609,"href":"https:\/\/festival.hfd.digital\/de\/wp-json\/wp\/v2\/pages\/3498\/revisions\/9609"}],"up":[{"embeddable":true,"href":"https:\/\/festival.hfd.digital\/de\/wp-json\/wp\/v2\/pages\/3512"}],"wp:attachment":[{"href":"https:\/\/festival.hfd.digital\/de\/wp-json\/wp\/v2\/media?parent=3498"}],"curies":[{"name":"wp","href":"https:\/\/api.w.org\/{rel}","templated":true}]}}