{"id":3392,"date":"2021-11-10T08:35:48","date_gmt":"2021-11-10T08:35:48","guid":{"rendered":"https:\/\/festival.hfd.digital\/de\/?page_id=3392"},"modified":"2024-07-01T11:49:17","modified_gmt":"2024-07-01T11:49:17","slug":"galerie","status":"publish","type":"page","link":"https:\/\/festival.hfd.digital\/de\/archiv\/universityfuture-festival-2021\/galerie\/","title":{"rendered":"Galerie"},"content":{"rendered":"\n<p>Das University:Future Festival fand vom 2. bis 4. November 2021 unter dem Motto \u201c<a href=\"https:\/\/festival.hfd.digital\/de\/motto-open-for-discussion\/\">Open for Discussion<\/a>\u201d statt \u2013 veranstaltet vom Hochschulforum Digitalisierung (HFD) in Partnerschaft mit der Stiftung Innovation in der Hochschullehre (StIL). <\/p>\n\n\n\n<p>\u00dcber tausend Menschen kamen digital zusammen, um \u00fcber Themen wie hybrides Lernen, Diversit\u00e4t, K\u00fcnstliche Intelligenz und Future Skills zu diskutieren. Wir sagen Danke f\u00fcr die Unterst\u00fctzung und das Engagement! <\/p>\n\n\n\n<p>3 spannende, inspirierende Tage liegen zur\u00fcck, auf die wir gerne mit Ihnen zusammen zur\u00fcck schauen. Folgend finden Sie einige Eindr\u00fccke und Highlights vom University:Future Festival 2021. <\/p>\n\n\n\n<p>Sind Sie neugierig geworden? Mehr Bilder finden Sie auf Flickr. <\/p>\n\n\n\n<div class=\"wp-block-buttons is-layout-flex wp-block-buttons-is-layout-flex\">\n<div class=\"wp-block-button\"><a class=\"wp-block-button__link\" href=\"https:\/\/www.flickr.com\/photos\/194398438@N02\/albums\/72157720154746962\">Mehr Bilder<\/a><\/div>\n<\/div>\n","protected":false},"excerpt":{"rendered":"Das University:Future Festival fand vom 2. bis 4. November 2021 unter dem Motto \u201cOpen for Discussion\u201d statt \u2013 veranstaltet vom Hochschulforum Digitalisierung (HFD) in Partnerschaft mit der Stiftung Innovation in der Hochschullehre (StIL). \u00dcber tausend Menschen kamen digital zusammen, um \u00fcber Themen wie hybrides Lernen, Diversit\u00e4t, K\u00fcnstliche Intelligenz und Future Skills zu diskutieren. Wir sagen&#8230; <a class=\"view-article\" href=\"https:\/\/festival.hfd.digital\/de\/archiv\/universityfuture-festival-2021\/galerie\/\">View Article<\/a>","protected":false},"author":18,"featured_media":0,"parent":3498,"menu_order":4,"comment_status":"closed","ping_status":"closed","template":"","meta":{"_acf_changed":false,"inline_featured_image":false,"footnotes":""},"class_list":["post-3392","page","type-page","status-publish","hentry"],"acf":[],"yoast_head":"<!-- This site is optimized with the Yoast SEO plugin v27.3 - https:\/\/yoast.com\/product\/yoast-seo-wordpress\/ -->\n<title>Galerie 2021 | University:Future Festival 2021<\/title>\n<meta name=\"description\" content=\"Eindr\u00fccke und Highlights des University:Future Festivals 2021!\" \/>\n<meta name=\"robots\" content=\"index, follow, max-snippet:-1, max-image-preview:large, max-video-preview:-1\" \/>\n<link rel=\"canonical\" href=\"https:\/\/festival.hfd.digital\/de\/archiv\/universityfuture-festival-2021\/galerie\/\" \/>\n<meta property=\"og:locale\" content=\"de_DE\" \/>\n<meta property=\"og:type\" content=\"article\" \/>\n<meta property=\"og:title\" content=\"University:Future Festival\" \/>\n<meta property=\"og:description\" content=\"Das University:Future Festival bringt digital 1.000 von Teilnehmer:innen zusammen und schafft einen Raum f\u00fcr einen aktiven Diskurs rund um das Thema Bildung. Hier findet sie Impressionen der vergangenen Veranstaltungen.\" \/>\n<meta property=\"og:url\" content=\"https:\/\/festival.hfd.digital\/de\/archiv\/universityfuture-festival-2021\/galerie\/\" \/>\n<meta property=\"og:site_name\" content=\"University:Future Festival 2026\" \/>\n<meta property=\"article:modified_time\" content=\"2024-07-01T11:49:17+00:00\" \/>\n<meta property=\"og:image\" content=\"https:\/\/festival.hfd.digital\/de\/wp-content\/uploads\/sites\/3\/2022\/07\/Let\u00b4s-TalkCampus.png\" \/>\n\t<meta property=\"og:image:width\" content=\"1600\" \/>\n\t<meta property=\"og:image:height\" content=\"900\" \/>\n\t<meta property=\"og:image:type\" content=\"image\/png\" \/>\n<meta name=\"twitter:card\" content=\"summary_large_image\" \/>\n<meta name=\"twitter:title\" content=\"University:Future Festival\" \/>\n<meta name=\"twitter:description\" content=\"Das University:Future Festival bringt digital 1.000 von Teilnehmer:innen zusammen und schafft einen Raum f\u00fcr einen aktiven Diskurs rund um das Thema Bildung. Hier findet sie Impressionen der vergangenen Veranstaltungen.\" \/>\n<meta name=\"twitter:image\" content=\"https:\/\/festival.hfd.digital\/de\/wp-content\/uploads\/sites\/3\/2022\/07\/Let\u00b4s-TalkCampus.png\" \/>\n<meta name=\"twitter:label1\" content=\"Gesch\u00e4tzte Lesezeit\" \/>\n\t<meta name=\"twitter:data1\" content=\"1\u00a0Minute\" \/>\n<script type=\"application\/ld+json\" class=\"yoast-schema-graph\">{\"@context\":\"https:\\\/\\\/schema.org\",\"@graph\":[{\"@type\":\"WebPage\",\"@id\":\"https:\\\/\\\/festival.hfd.digital\\\/de\\\/archiv\\\/universityfuture-festival-2021\\\/galerie\\\/\",\"url\":\"https:\\\/\\\/festival.hfd.digital\\\/de\\\/archiv\\\/universityfuture-festival-2021\\\/galerie\\\/\",\"name\":\"Galerie 2021 | University:Future Festival 2021\",\"isPartOf\":{\"@id\":\"https:\\\/\\\/festival.hfd.digital\\\/de\\\/#website\"},\"datePublished\":\"2021-11-10T08:35:48+00:00\",\"dateModified\":\"2024-07-01T11:49:17+00:00\",\"description\":\"Eindr\u00fccke und Highlights des University:Future Festivals 2021!\",\"breadcrumb\":{\"@id\":\"https:\\\/\\\/festival.hfd.digital\\\/de\\\/archiv\\\/universityfuture-festival-2021\\\/galerie\\\/#breadcrumb\"},\"inLanguage\":\"de\",\"potentialAction\":[{\"@type\":\"ReadAction\",\"target\":[\"https:\\\/\\\/festival.hfd.digital\\\/de\\\/archiv\\\/universityfuture-festival-2021\\\/galerie\\\/\"]}]},{\"@type\":\"BreadcrumbList\",\"@id\":\"https:\\\/\\\/festival.hfd.digital\\\/de\\\/archiv\\\/universityfuture-festival-2021\\\/galerie\\\/#breadcrumb\",\"itemListElement\":[{\"@type\":\"ListItem\",\"position\":1,\"name\":\"Archiv\",\"item\":\"https:\\\/\\\/festival.hfd.digital\\\/de\\\/archiv\\\/\"},{\"@type\":\"ListItem\",\"position\":2,\"name\":\"Recap: University:Future Festival 2021\",\"item\":\"https:\\\/\\\/festival.hfd.digital\\\/de\\\/archiv\\\/universityfuture-festival-2021\\\/\"},{\"@type\":\"ListItem\",\"position\":3,\"name\":\"Galerie\"}]},{\"@type\":\"WebSite\",\"@id\":\"https:\\\/\\\/festival.hfd.digital\\\/de\\\/#website\",\"url\":\"https:\\\/\\\/festival.hfd.digital\\\/de\\\/\",\"name\":\"University:Future Festival 2026\",\"description\":\"Das j\u00e4hrliche Festival zur Zukunft der Hochschulbildung.\",\"potentialAction\":[{\"@type\":\"SearchAction\",\"target\":{\"@type\":\"EntryPoint\",\"urlTemplate\":\"https:\\\/\\\/festival.hfd.digital\\\/de\\\/?s={search_term_string}\"},\"query-input\":{\"@type\":\"PropertyValueSpecification\",\"valueRequired\":true,\"valueName\":\"search_term_string\"}}],\"inLanguage\":\"de\"}]}<\/script>\n<!-- \/ Yoast SEO plugin. -->","yoast_head_json":{"title":"Galerie 2021 | University:Future Festival 2021","description":"Eindr\u00fccke und Highlights des University:Future Festivals 2021!","robots":{"index":"index","follow":"follow","max-snippet":"max-snippet:-1","max-image-preview":"max-image-preview:large","max-video-preview":"max-video-preview:-1"},"canonical":"https:\/\/festival.hfd.digital\/de\/archiv\/universityfuture-festival-2021\/galerie\/","og_locale":"de_DE","og_type":"article","og_title":"University:Future Festival","og_description":"Das University:Future Festival bringt digital 1.000 von Teilnehmer:innen zusammen und schafft einen Raum f\u00fcr einen aktiven Diskurs rund um das Thema Bildung. Hier findet sie Impressionen der vergangenen Veranstaltungen.","og_url":"https:\/\/festival.hfd.digital\/de\/archiv\/universityfuture-festival-2021\/galerie\/","og_site_name":"University:Future Festival 2026","article_modified_time":"2024-07-01T11:49:17+00:00","og_image":[{"width":1600,"height":900,"url":"https:\/\/festival.hfd.digital\/de\/wp-content\/uploads\/sites\/3\/2022\/07\/Let\u00b4s-TalkCampus.png","type":"image\/png"}],"twitter_card":"summary_large_image","twitter_title":"University:Future Festival","twitter_description":"Das University:Future Festival bringt digital 1.000 von Teilnehmer:innen zusammen und schafft einen Raum f\u00fcr einen aktiven Diskurs rund um das Thema Bildung. Hier findet sie Impressionen der vergangenen Veranstaltungen.","twitter_image":"https:\/\/festival.hfd.digital\/de\/wp-content\/uploads\/sites\/3\/2022\/07\/Let\u00b4s-TalkCampus.png","twitter_misc":{"Gesch\u00e4tzte Lesezeit":"1\u00a0Minute"},"schema":{"@context":"https:\/\/schema.org","@graph":[{"@type":"WebPage","@id":"https:\/\/festival.hfd.digital\/de\/archiv\/universityfuture-festival-2021\/galerie\/","url":"https:\/\/festival.hfd.digital\/de\/archiv\/universityfuture-festival-2021\/galerie\/","name":"Galerie 2021 | University:Future Festival 2021","isPartOf":{"@id":"https:\/\/festival.hfd.digital\/de\/#website"},"datePublished":"2021-11-10T08:35:48+00:00","dateModified":"2024-07-01T11:49:17+00:00","description":"Eindr\u00fccke und Highlights des University:Future Festivals 2021!","breadcrumb":{"@id":"https:\/\/festival.hfd.digital\/de\/archiv\/universityfuture-festival-2021\/galerie\/#breadcrumb"},"inLanguage":"de","potentialAction":[{"@type":"ReadAction","target":["https:\/\/festival.hfd.digital\/de\/archiv\/universityfuture-festival-2021\/galerie\/"]}]},{"@type":"BreadcrumbList","@id":"https:\/\/festival.hfd.digital\/de\/archiv\/universityfuture-festival-2021\/galerie\/#breadcrumb","itemListElement":[{"@type":"ListItem","position":1,"name":"Archiv","item":"https:\/\/festival.hfd.digital\/de\/archiv\/"},{"@type":"ListItem","position":2,"name":"Recap: University:Future Festival 2021","item":"https:\/\/festival.hfd.digital\/de\/archiv\/universityfuture-festival-2021\/"},{"@type":"ListItem","position":3,"name":"Galerie"}]},{"@type":"WebSite","@id":"https:\/\/festival.hfd.digital\/de\/#website","url":"https:\/\/festival.hfd.digital\/de\/","name":"University:Future Festival 2026","description":"Das j\u00e4hrliche Festival zur Zukunft der Hochschulbildung.","potentialAction":[{"@type":"SearchAction","target":{"@type":"EntryPoint","urlTemplate":"https:\/\/festival.hfd.digital\/de\/?s={search_term_string}"},"query-input":{"@type":"PropertyValueSpecification","valueRequired":true,"valueName":"search_term_string"}}],"inLanguage":"de"}]}},"_links":{"self":[{"href":"https:\/\/festival.hfd.digital\/de\/wp-json\/wp\/v2\/pages\/3392","targetHints":{"allow":["GET"]}}],"collection":[{"href":"https:\/\/festival.hfd.digital\/de\/wp-json\/wp\/v2\/pages"}],"about":[{"href":"https:\/\/festival.hfd.digital\/de\/wp-json\/wp\/v2\/types\/page"}],"author":[{"embeddable":true,"href":"https:\/\/festival.hfd.digital\/de\/wp-json\/wp\/v2\/users\/18"}],"replies":[{"embeddable":true,"href":"https:\/\/festival.hfd.digital\/de\/wp-json\/wp\/v2\/comments?post=3392"}],"version-history":[{"count":10,"href":"https:\/\/festival.hfd.digital\/de\/wp-json\/wp\/v2\/pages\/3392\/revisions"}],"predecessor-version":[{"id":3441,"href":"https:\/\/festival.hfd.digital\/de\/wp-json\/wp\/v2\/pages\/3392\/revisions\/3441"}],"up":[{"embeddable":true,"href":"https:\/\/festival.hfd.digital\/de\/wp-json\/wp\/v2\/pages\/3498"}],"wp:attachment":[{"href":"https:\/\/festival.hfd.digital\/de\/wp-json\/wp\/v2\/media?parent=3392"}],"curies":[{"name":"wp","href":"https:\/\/api.w.org\/{rel}","templated":true}]}}