{"id":339,"date":"2020-07-03T14:55:06","date_gmt":"2020-07-03T14:55:06","guid":{"rendered":"https:\/\/festival.hfd.digital\/de\/?page_id=339"},"modified":"2024-07-01T11:52:25","modified_gmt":"2024-07-01T11:52:25","slug":"workshops","status":"publish","type":"page","link":"https:\/\/festival.hfd.digital\/de\/archiv\/universityfuture-festival-2021\/programm\/workshops\/","title":{"rendered":"Workshops 2021"},"content":{"rendered":"","protected":false},"excerpt":{"rendered":"","protected":false},"author":4,"featured_media":0,"parent":2962,"menu_order":3,"comment_status":"closed","ping_status":"closed","template":"template-sessionize-program.php","meta":{"_acf_changed":false,"inline_featured_image":false,"footnotes":""},"class_list":["post-339","page","type-page","status-publish","hentry"],"acf":[],"yoast_head":"<!-- This site is optimized with the Yoast SEO plugin v27.3 - https:\/\/yoast.com\/product\/yoast-seo-wordpress\/ -->\n<title>Workshops am 4. November | University:Future Festival 2021<\/title>\n<meta name=\"description\" content=\"Beim Workshop:Day des U:FF 2021 wurde diskutiert wie Offenheit, Zug\u00e4nglichkeit und Diskurs in der Hochschulbildung umgesetzt werden k\u00f6nnen!\" \/>\n<meta name=\"robots\" content=\"index, follow, max-snippet:-1, max-image-preview:large, max-video-preview:-1\" \/>\n<link rel=\"canonical\" href=\"https:\/\/festival.hfd.digital\/de\/archiv\/universityfuture-festival-2021\/programm\/workshops\/\" \/>\n<meta property=\"og:locale\" content=\"de_DE\" \/>\n<meta property=\"og:type\" content=\"article\" \/>\n<meta property=\"og:title\" content=\"Workshop:Day des University:Future Festivals 2021\" \/>\n<meta property=\"og:description\" content=\"Sie wollen \u00fcber Themen wie hybrides Lernen, Diversit\u00e4t, k\u00fcnstliche Intelligenz und Zukunft sprechen? Dann besuchen Sie am 4. November den Workshop:Day des University:Future Festivals.\" \/>\n<meta property=\"og:url\" content=\"https:\/\/festival.hfd.digital\/de\/archiv\/universityfuture-festival-2021\/programm\/workshops\/\" \/>\n<meta property=\"og:site_name\" content=\"University:Future Festival 2026\" \/>\n<meta property=\"article:modified_time\" content=\"2024-07-01T11:52:25+00:00\" \/>\n<meta property=\"og:image\" content=\"https:\/\/festival.hfd.digital\/de\/wp-content\/uploads\/sites\/3\/2021\/08\/SM-Website-UFF.png\" \/>\n\t<meta property=\"og:image:width\" content=\"1600\" \/>\n\t<meta property=\"og:image:height\" content=\"900\" \/>\n\t<meta property=\"og:image:type\" content=\"image\/png\" \/>\n<meta name=\"twitter:card\" content=\"summary_large_image\" \/>\n<meta name=\"twitter:title\" content=\"Workshop:Day des University:Future Festivals\" \/>\n<meta name=\"twitter:description\" content=\"Sie wollen \u00fcber Themen wie hybrides Lernen, Diversit\u00e4t, k\u00fcnstliche Intelligenz und Zukunft sprechen? Dann besuchen Sie am 4. November den Workshop:Day des University:Future Festivals.\" \/>\n<meta name=\"twitter:image\" content=\"https:\/\/festival.hfd.digital\/de\/wp-content\/uploads\/sites\/3\/2021\/08\/SM-Website-UFF.png\" \/>\n<script type=\"application\/ld+json\" class=\"yoast-schema-graph\">{\"@context\":\"https:\\\/\\\/schema.org\",\"@graph\":[{\"@type\":\"WebPage\",\"@id\":\"https:\\\/\\\/festival.hfd.digital\\\/de\\\/archiv\\\/universityfuture-festival-2021\\\/programm\\\/workshops\\\/\",\"url\":\"https:\\\/\\\/festival.hfd.digital\\\/de\\\/archiv\\\/universityfuture-festival-2021\\\/programm\\\/workshops\\\/\",\"name\":\"Workshops am 4. November | University:Future Festival 2021\",\"isPartOf\":{\"@id\":\"https:\\\/\\\/festival.hfd.digital\\\/de\\\/#website\"},\"datePublished\":\"2020-07-03T14:55:06+00:00\",\"dateModified\":\"2024-07-01T11:52:25+00:00\",\"description\":\"Beim Workshop:Day des U:FF 2021 wurde diskutiert wie Offenheit, Zug\u00e4nglichkeit und Diskurs in der Hochschulbildung umgesetzt werden k\u00f6nnen!\",\"breadcrumb\":{\"@id\":\"https:\\\/\\\/festival.hfd.digital\\\/de\\\/archiv\\\/universityfuture-festival-2021\\\/programm\\\/workshops\\\/#breadcrumb\"},\"inLanguage\":\"de\",\"potentialAction\":[{\"@type\":\"ReadAction\",\"target\":[\"https:\\\/\\\/festival.hfd.digital\\\/de\\\/archiv\\\/universityfuture-festival-2021\\\/programm\\\/workshops\\\/\"]}]},{\"@type\":\"BreadcrumbList\",\"@id\":\"https:\\\/\\\/festival.hfd.digital\\\/de\\\/archiv\\\/universityfuture-festival-2021\\\/programm\\\/workshops\\\/#breadcrumb\",\"itemListElement\":[{\"@type\":\"ListItem\",\"position\":1,\"name\":\"Archiv\",\"item\":\"https:\\\/\\\/festival.hfd.digital\\\/de\\\/archiv\\\/\"},{\"@type\":\"ListItem\",\"position\":2,\"name\":\"Recap: University:Future Festival 2021\",\"item\":\"https:\\\/\\\/festival.hfd.digital\\\/de\\\/archiv\\\/universityfuture-festival-2021\\\/\"},{\"@type\":\"ListItem\",\"position\":3,\"name\":\"Programm 2021\",\"item\":\"https:\\\/\\\/festival.hfd.digital\\\/de\\\/archiv\\\/universityfuture-festival-2021\\\/programm\\\/\"},{\"@type\":\"ListItem\",\"position\":4,\"name\":\"Workshops 2021\"}]},{\"@type\":\"WebSite\",\"@id\":\"https:\\\/\\\/festival.hfd.digital\\\/de\\\/#website\",\"url\":\"https:\\\/\\\/festival.hfd.digital\\\/de\\\/\",\"name\":\"University:Future Festival 2026\",\"description\":\"Das j\u00e4hrliche Festival zur Zukunft der Hochschulbildung.\",\"potentialAction\":[{\"@type\":\"SearchAction\",\"target\":{\"@type\":\"EntryPoint\",\"urlTemplate\":\"https:\\\/\\\/festival.hfd.digital\\\/de\\\/?s={search_term_string}\"},\"query-input\":{\"@type\":\"PropertyValueSpecification\",\"valueRequired\":true,\"valueName\":\"search_term_string\"}}],\"inLanguage\":\"de\"}]}<\/script>\n<!-- \/ Yoast SEO plugin. -->","yoast_head_json":{"title":"Workshops am 4. November | University:Future Festival 2021","description":"Beim Workshop:Day des U:FF 2021 wurde diskutiert wie Offenheit, Zug\u00e4nglichkeit und Diskurs in der Hochschulbildung umgesetzt werden k\u00f6nnen!","robots":{"index":"index","follow":"follow","max-snippet":"max-snippet:-1","max-image-preview":"max-image-preview:large","max-video-preview":"max-video-preview:-1"},"canonical":"https:\/\/festival.hfd.digital\/de\/archiv\/universityfuture-festival-2021\/programm\/workshops\/","og_locale":"de_DE","og_type":"article","og_title":"Workshop:Day des University:Future Festivals 2021","og_description":"Sie wollen \u00fcber Themen wie hybrides Lernen, Diversit\u00e4t, k\u00fcnstliche Intelligenz und Zukunft sprechen? Dann besuchen Sie am 4. November den Workshop:Day des University:Future Festivals.","og_url":"https:\/\/festival.hfd.digital\/de\/archiv\/universityfuture-festival-2021\/programm\/workshops\/","og_site_name":"University:Future Festival 2026","article_modified_time":"2024-07-01T11:52:25+00:00","og_image":[{"width":1600,"height":900,"url":"https:\/\/festival.hfd.digital\/de\/wp-content\/uploads\/sites\/3\/2021\/08\/SM-Website-UFF.png","type":"image\/png"}],"twitter_card":"summary_large_image","twitter_title":"Workshop:Day des University:Future Festivals","twitter_description":"Sie wollen \u00fcber Themen wie hybrides Lernen, Diversit\u00e4t, k\u00fcnstliche Intelligenz und Zukunft sprechen? Dann besuchen Sie am 4. November den Workshop:Day des University:Future Festivals.","twitter_image":"https:\/\/festival.hfd.digital\/de\/wp-content\/uploads\/sites\/3\/2021\/08\/SM-Website-UFF.png","schema":{"@context":"https:\/\/schema.org","@graph":[{"@type":"WebPage","@id":"https:\/\/festival.hfd.digital\/de\/archiv\/universityfuture-festival-2021\/programm\/workshops\/","url":"https:\/\/festival.hfd.digital\/de\/archiv\/universityfuture-festival-2021\/programm\/workshops\/","name":"Workshops am 4. November | University:Future Festival 2021","isPartOf":{"@id":"https:\/\/festival.hfd.digital\/de\/#website"},"datePublished":"2020-07-03T14:55:06+00:00","dateModified":"2024-07-01T11:52:25+00:00","description":"Beim Workshop:Day des U:FF 2021 wurde diskutiert wie Offenheit, Zug\u00e4nglichkeit und Diskurs in der Hochschulbildung umgesetzt werden k\u00f6nnen!","breadcrumb":{"@id":"https:\/\/festival.hfd.digital\/de\/archiv\/universityfuture-festival-2021\/programm\/workshops\/#breadcrumb"},"inLanguage":"de","potentialAction":[{"@type":"ReadAction","target":["https:\/\/festival.hfd.digital\/de\/archiv\/universityfuture-festival-2021\/programm\/workshops\/"]}]},{"@type":"BreadcrumbList","@id":"https:\/\/festival.hfd.digital\/de\/archiv\/universityfuture-festival-2021\/programm\/workshops\/#breadcrumb","itemListElement":[{"@type":"ListItem","position":1,"name":"Archiv","item":"https:\/\/festival.hfd.digital\/de\/archiv\/"},{"@type":"ListItem","position":2,"name":"Recap: University:Future Festival 2021","item":"https:\/\/festival.hfd.digital\/de\/archiv\/universityfuture-festival-2021\/"},{"@type":"ListItem","position":3,"name":"Programm 2021","item":"https:\/\/festival.hfd.digital\/de\/archiv\/universityfuture-festival-2021\/programm\/"},{"@type":"ListItem","position":4,"name":"Workshops 2021"}]},{"@type":"WebSite","@id":"https:\/\/festival.hfd.digital\/de\/#website","url":"https:\/\/festival.hfd.digital\/de\/","name":"University:Future Festival 2026","description":"Das j\u00e4hrliche Festival zur Zukunft der Hochschulbildung.","potentialAction":[{"@type":"SearchAction","target":{"@type":"EntryPoint","urlTemplate":"https:\/\/festival.hfd.digital\/de\/?s={search_term_string}"},"query-input":{"@type":"PropertyValueSpecification","valueRequired":true,"valueName":"search_term_string"}}],"inLanguage":"de"}]}},"_links":{"self":[{"href":"https:\/\/festival.hfd.digital\/de\/wp-json\/wp\/v2\/pages\/339","targetHints":{"allow":["GET"]}}],"collection":[{"href":"https:\/\/festival.hfd.digital\/de\/wp-json\/wp\/v2\/pages"}],"about":[{"href":"https:\/\/festival.hfd.digital\/de\/wp-json\/wp\/v2\/types\/page"}],"author":[{"embeddable":true,"href":"https:\/\/festival.hfd.digital\/de\/wp-json\/wp\/v2\/users\/4"}],"replies":[{"embeddable":true,"href":"https:\/\/festival.hfd.digital\/de\/wp-json\/wp\/v2\/comments?post=339"}],"version-history":[{"count":45,"href":"https:\/\/festival.hfd.digital\/de\/wp-json\/wp\/v2\/pages\/339\/revisions"}],"predecessor-version":[{"id":3389,"href":"https:\/\/festival.hfd.digital\/de\/wp-json\/wp\/v2\/pages\/339\/revisions\/3389"}],"up":[{"embeddable":true,"href":"https:\/\/festival.hfd.digital\/de\/wp-json\/wp\/v2\/pages\/2962"}],"wp:attachment":[{"href":"https:\/\/festival.hfd.digital\/de\/wp-json\/wp\/v2\/media?parent=339"}],"curies":[{"name":"wp","href":"https:\/\/api.w.org\/{rel}","templated":true}]}}