{"id":2962,"date":"2021-10-08T08:14:22","date_gmt":"2021-10-08T08:14:22","guid":{"rendered":"https:\/\/festival.hfd.digital\/de\/?page_id=2962"},"modified":"2024-07-01T09:51:32","modified_gmt":"2024-07-01T09:51:32","slug":"programm","status":"publish","type":"page","link":"https:\/\/festival.hfd.digital\/de\/archiv\/universityfuture-festival-2021\/programm\/","title":{"rendered":"Programm 2021"},"content":{"rendered":"\n<h3 class=\"wp-block-heading\">02.11.2021 (EdTech &amp; Conference):<\/h3>\n\n\n\n<p>Am 2. November startete das Event&nbsp;mit dem Programmteil&nbsp;<a href=\"https:\/\/festival.hfd.digital\/de\/programm\/edtech_conference\"><strong>EdTech<\/strong><\/a>, der sich an alle richtete, die sich f\u00fcr technische L\u00f6sungen interessieren. Besucher:innen probierten hier innovative EdTech-Ideen und Werkzeuge aus und lernten die Macher:innen dahinter kennen. Ebenfalls am 2. November fand nachmittags&nbsp;der Programmbereich&nbsp;<a href=\"https:\/\/festival.hfd.digital\/de\/festival\/edtech_conference\/\"><strong>Conference<\/strong><\/a> statt.<\/p>\n\n\n\n<div class=\"wp-block-buttons is-layout-flex wp-block-buttons-is-layout-flex\">\n<div class=\"wp-block-button\"><a class=\"wp-block-button__link\" href=\"https:\/\/festival.hfd.digital\/de\/programm\/edtech_conference\/\">Timetable 2.11. (EdTech &amp; Conference)<\/a><\/div>\n<\/div>\n\n\n\n<h3 class=\"wp-block-heading\">03.11.2021 (Conference):<\/h3>\n\n\n\n<p>Der Programmbereich&nbsp;<strong><a href=\"https:\/\/festival.hfd.digital\/de\/programm\/conference\">Conference<\/a><\/strong>&nbsp;wurde am 3. November fortgesetzt.&nbsp;Das Programm setzte sich weitgehend aus Einreichungen aus der Community zusammen.&nbsp;Zu den best\u00e4tigten Speaker:innen z\u00e4hlten u. a. Beteiligungsp\u00e4dagogin Marina Weisband,&nbsp;Bundesbildungsministerin Anja Karliczek, Bildungsjournalist Jan-Martin Wiarda und die Rektorin der FernUni Hagen, Ada Pellert.<\/p>\n\n\n\n<div class=\"wp-block-buttons is-layout-flex wp-block-buttons-is-layout-flex\">\n<div class=\"wp-block-button\"><a class=\"wp-block-button__link\" href=\"https:\/\/festival.hfd.digital\/de\/programm\/conference\/\"> Timetable 3.11. (Conference) <\/a><\/div>\n<\/div>\n\n\n\n<h3 class=\"wp-block-heading\">04.11.2021 (Workshops):<\/h3>\n\n\n\n<p>Das Festival endete am 4. November mit dem Abschnitt&nbsp;<a href=\"https:\/\/festival.hfd.digital\/de\/programm\/workshops\"><strong>Workshops<\/strong><\/a>, der Raum f\u00fcr l\u00e4ngere und interaktive Formate schuf.<\/p>\n\n\n\n<div class=\"wp-block-buttons is-layout-flex wp-block-buttons-is-layout-flex\">\n<div class=\"wp-block-button\"><a class=\"wp-block-button__link\" href=\"https:\/\/festival.hfd.digital\/de\/programm\/workshops\/\">  Timetable 4.11. (Workshops)  <\/a><\/div>\n<\/div>\n","protected":false},"excerpt":{"rendered":"02.11.2021 (EdTech &amp; Conference): Am 2. November startete das Event&nbsp;mit dem Programmteil&nbsp;EdTech, der sich an alle richtete, die sich f\u00fcr technische L\u00f6sungen interessieren. Besucher:innen probierten hier innovative EdTech-Ideen und Werkzeuge aus und lernten die Macher:innen dahinter kennen. Ebenfalls am 2. November fand nachmittags&nbsp;der Programmbereich&nbsp;Conference statt. 03.11.2021 (Conference): Der Programmbereich&nbsp;Conference&nbsp;wurde am 3. November fortgesetzt.&nbsp;Das Programm setzte&#8230; <a class=\"view-article\" href=\"https:\/\/festival.hfd.digital\/de\/archiv\/universityfuture-festival-2021\/programm\/\">View Article<\/a>","protected":false},"author":4,"featured_media":0,"parent":3498,"menu_order":2,"comment_status":"closed","ping_status":"closed","template":"","meta":{"_acf_changed":false,"inline_featured_image":false,"footnotes":""},"class_list":["post-2962","page","type-page","status-publish","hentry"],"acf":[],"yoast_head":"<!-- This site is optimized with the Yoast SEO plugin v27.3 - https:\/\/yoast.com\/product\/yoast-seo-wordpress\/ -->\n<title>Programm 2021 | University:Future Festival 2021<\/title>\n<meta name=\"description\" content=\"Das Programm des University:Future Festivals 2021 setzte sich aus spannenden nationalen und internationalen Speaker:innen zusammen.\" \/>\n<meta name=\"robots\" content=\"index, follow, max-snippet:-1, max-image-preview:large, max-video-preview:-1\" \/>\n<link rel=\"canonical\" href=\"https:\/\/festival.hfd.digital\/de\/archiv\/universityfuture-festival-2021\/programm\/\" \/>\n<meta property=\"og:locale\" content=\"de_DE\" \/>\n<meta property=\"og:type\" content=\"article\" \/>\n<meta property=\"og:title\" content=\"Programm 2021 | University:Future Festival\" \/>\n<meta property=\"og:description\" content=\"Das Programm des University:Future Festivals 2021 setzte sich aus spannenden nationalen und internationalen Speaker:innen zusammen.\" \/>\n<meta property=\"og:url\" content=\"https:\/\/festival.hfd.digital\/de\/archiv\/universityfuture-festival-2021\/programm\/\" \/>\n<meta property=\"og:site_name\" content=\"University:Future Festival 2026\" \/>\n<meta property=\"article:modified_time\" content=\"2024-07-01T09:51:32+00:00\" \/>\n<meta property=\"og:image\" content=\"https:\/\/festival.hfd.digital\/de\/wp-content\/uploads\/sites\/3\/2021\/08\/UFF-2021_Facebook.png\" \/>\n\t<meta property=\"og:image:width\" content=\"940\" \/>\n\t<meta property=\"og:image:height\" content=\"788\" \/>\n\t<meta property=\"og:image:type\" content=\"image\/png\" \/>\n<meta name=\"twitter:card\" content=\"summary_large_image\" \/>\n<meta name=\"twitter:title\" content=\"University:Future Festival - Programm\" \/>\n<meta name=\"twitter:description\" content=\"Das Programm des University:Future Festivals setzt sich aus spannenden nationalen und internationalen Speaker:innen zusammen.\" \/>\n<meta name=\"twitter:image\" content=\"https:\/\/festival.hfd.digital\/de\/wp-content\/uploads\/sites\/3\/2021\/08\/SM-Website-UFF.png\" \/>\n<meta name=\"twitter:label1\" content=\"Gesch\u00e4tzte Lesezeit\" \/>\n\t<meta name=\"twitter:data1\" content=\"1\u00a0Minute\" \/>\n<script type=\"application\/ld+json\" class=\"yoast-schema-graph\">{\"@context\":\"https:\\\/\\\/schema.org\",\"@graph\":[{\"@type\":\"WebPage\",\"@id\":\"https:\\\/\\\/festival.hfd.digital\\\/de\\\/archiv\\\/universityfuture-festival-2021\\\/programm\\\/\",\"url\":\"https:\\\/\\\/festival.hfd.digital\\\/de\\\/archiv\\\/universityfuture-festival-2021\\\/programm\\\/\",\"name\":\"Programm 2021 | University:Future Festival 2021\",\"isPartOf\":{\"@id\":\"https:\\\/\\\/festival.hfd.digital\\\/de\\\/#website\"},\"datePublished\":\"2021-10-08T08:14:22+00:00\",\"dateModified\":\"2024-07-01T09:51:32+00:00\",\"description\":\"Das Programm des University:Future Festivals 2021 setzte sich aus spannenden nationalen und internationalen Speaker:innen zusammen.\",\"breadcrumb\":{\"@id\":\"https:\\\/\\\/festival.hfd.digital\\\/de\\\/archiv\\\/universityfuture-festival-2021\\\/programm\\\/#breadcrumb\"},\"inLanguage\":\"de\",\"potentialAction\":[{\"@type\":\"ReadAction\",\"target\":[\"https:\\\/\\\/festival.hfd.digital\\\/de\\\/archiv\\\/universityfuture-festival-2021\\\/programm\\\/\"]}]},{\"@type\":\"BreadcrumbList\",\"@id\":\"https:\\\/\\\/festival.hfd.digital\\\/de\\\/archiv\\\/universityfuture-festival-2021\\\/programm\\\/#breadcrumb\",\"itemListElement\":[{\"@type\":\"ListItem\",\"position\":1,\"name\":\"Archiv\",\"item\":\"https:\\\/\\\/festival.hfd.digital\\\/de\\\/archiv\\\/\"},{\"@type\":\"ListItem\",\"position\":2,\"name\":\"Recap: University:Future Festival 2021\",\"item\":\"https:\\\/\\\/festival.hfd.digital\\\/de\\\/archiv\\\/universityfuture-festival-2021\\\/\"},{\"@type\":\"ListItem\",\"position\":3,\"name\":\"Programm 2021\"}]},{\"@type\":\"WebSite\",\"@id\":\"https:\\\/\\\/festival.hfd.digital\\\/de\\\/#website\",\"url\":\"https:\\\/\\\/festival.hfd.digital\\\/de\\\/\",\"name\":\"University:Future Festival 2026\",\"description\":\"Das j\u00e4hrliche Festival zur Zukunft der Hochschulbildung.\",\"potentialAction\":[{\"@type\":\"SearchAction\",\"target\":{\"@type\":\"EntryPoint\",\"urlTemplate\":\"https:\\\/\\\/festival.hfd.digital\\\/de\\\/?s={search_term_string}\"},\"query-input\":{\"@type\":\"PropertyValueSpecification\",\"valueRequired\":true,\"valueName\":\"search_term_string\"}}],\"inLanguage\":\"de\"}]}<\/script>\n<!-- \/ Yoast SEO plugin. -->","yoast_head_json":{"title":"Programm 2021 | University:Future Festival 2021","description":"Das Programm des University:Future Festivals 2021 setzte sich aus spannenden nationalen und internationalen Speaker:innen zusammen.","robots":{"index":"index","follow":"follow","max-snippet":"max-snippet:-1","max-image-preview":"max-image-preview:large","max-video-preview":"max-video-preview:-1"},"canonical":"https:\/\/festival.hfd.digital\/de\/archiv\/universityfuture-festival-2021\/programm\/","og_locale":"de_DE","og_type":"article","og_title":"Programm 2021 | University:Future Festival","og_description":"Das Programm des University:Future Festivals 2021 setzte sich aus spannenden nationalen und internationalen Speaker:innen zusammen.","og_url":"https:\/\/festival.hfd.digital\/de\/archiv\/universityfuture-festival-2021\/programm\/","og_site_name":"University:Future Festival 2026","article_modified_time":"2024-07-01T09:51:32+00:00","og_image":[{"width":940,"height":788,"url":"https:\/\/festival.hfd.digital\/de\/wp-content\/uploads\/sites\/3\/2021\/08\/UFF-2021_Facebook.png","type":"image\/png"}],"twitter_card":"summary_large_image","twitter_title":"University:Future Festival - Programm","twitter_description":"Das Programm des University:Future Festivals setzt sich aus spannenden nationalen und internationalen Speaker:innen zusammen.","twitter_image":"https:\/\/festival.hfd.digital\/de\/wp-content\/uploads\/sites\/3\/2021\/08\/SM-Website-UFF.png","twitter_misc":{"Gesch\u00e4tzte Lesezeit":"1\u00a0Minute"},"schema":{"@context":"https:\/\/schema.org","@graph":[{"@type":"WebPage","@id":"https:\/\/festival.hfd.digital\/de\/archiv\/universityfuture-festival-2021\/programm\/","url":"https:\/\/festival.hfd.digital\/de\/archiv\/universityfuture-festival-2021\/programm\/","name":"Programm 2021 | University:Future Festival 2021","isPartOf":{"@id":"https:\/\/festival.hfd.digital\/de\/#website"},"datePublished":"2021-10-08T08:14:22+00:00","dateModified":"2024-07-01T09:51:32+00:00","description":"Das Programm des University:Future Festivals 2021 setzte sich aus spannenden nationalen und internationalen Speaker:innen zusammen.","breadcrumb":{"@id":"https:\/\/festival.hfd.digital\/de\/archiv\/universityfuture-festival-2021\/programm\/#breadcrumb"},"inLanguage":"de","potentialAction":[{"@type":"ReadAction","target":["https:\/\/festival.hfd.digital\/de\/archiv\/universityfuture-festival-2021\/programm\/"]}]},{"@type":"BreadcrumbList","@id":"https:\/\/festival.hfd.digital\/de\/archiv\/universityfuture-festival-2021\/programm\/#breadcrumb","itemListElement":[{"@type":"ListItem","position":1,"name":"Archiv","item":"https:\/\/festival.hfd.digital\/de\/archiv\/"},{"@type":"ListItem","position":2,"name":"Recap: University:Future Festival 2021","item":"https:\/\/festival.hfd.digital\/de\/archiv\/universityfuture-festival-2021\/"},{"@type":"ListItem","position":3,"name":"Programm 2021"}]},{"@type":"WebSite","@id":"https:\/\/festival.hfd.digital\/de\/#website","url":"https:\/\/festival.hfd.digital\/de\/","name":"University:Future Festival 2026","description":"Das j\u00e4hrliche Festival zur Zukunft der Hochschulbildung.","potentialAction":[{"@type":"SearchAction","target":{"@type":"EntryPoint","urlTemplate":"https:\/\/festival.hfd.digital\/de\/?s={search_term_string}"},"query-input":{"@type":"PropertyValueSpecification","valueRequired":true,"valueName":"search_term_string"}}],"inLanguage":"de"}]}},"_links":{"self":[{"href":"https:\/\/festival.hfd.digital\/de\/wp-json\/wp\/v2\/pages\/2962","targetHints":{"allow":["GET"]}}],"collection":[{"href":"https:\/\/festival.hfd.digital\/de\/wp-json\/wp\/v2\/pages"}],"about":[{"href":"https:\/\/festival.hfd.digital\/de\/wp-json\/wp\/v2\/types\/page"}],"author":[{"embeddable":true,"href":"https:\/\/festival.hfd.digital\/de\/wp-json\/wp\/v2\/users\/4"}],"replies":[{"embeddable":true,"href":"https:\/\/festival.hfd.digital\/de\/wp-json\/wp\/v2\/comments?post=2962"}],"version-history":[{"count":8,"href":"https:\/\/festival.hfd.digital\/de\/wp-json\/wp\/v2\/pages\/2962\/revisions"}],"predecessor-version":[{"id":3386,"href":"https:\/\/festival.hfd.digital\/de\/wp-json\/wp\/v2\/pages\/2962\/revisions\/3386"}],"up":[{"embeddable":true,"href":"https:\/\/festival.hfd.digital\/de\/wp-json\/wp\/v2\/pages\/3498"}],"wp:attachment":[{"href":"https:\/\/festival.hfd.digital\/de\/wp-json\/wp\/v2\/media?parent=2962"}],"curies":[{"name":"wp","href":"https:\/\/api.w.org\/{rel}","templated":true}]}}