{"id":188,"date":"2020-06-10T10:59:22","date_gmt":"2020-06-10T10:59:22","guid":{"rendered":"https:\/\/festival.hfd.digital\/de\/?page_id=188"},"modified":"2024-12-02T13:32:27","modified_gmt":"2024-12-02T13:32:27","slug":"partner-werden","status":"publish","type":"page","link":"https:\/\/festival.hfd.digital\/de\/partner-werden\/","title":{"rendered":"Werden Sie Partner"},"content":{"rendered":"\n<p><strong>Wir verstehen uns als Teil eines Netzwerks. Daher ist es uns ein gro\u00dfes Anliegen, dass befreundete Institutionen und Organisationen sichtbar an unseren Veranstaltungen partizipieren k\u00f6nnen. Das Angebot richtet sich an zivilgesellschaftliche Akteure, Bildungsinstitutionen, studentische Organisationen und Projekte. Hier finden Sie eine <a href=\"https:\/\/festival.hfd.digital\/de\/partner-2025\/\">\u00dcbersicht der Partner<\/a> des U:FF 2025.<\/strong><\/p>\n\n\n\n<p>Die Netzwerkpartnerschaft ist ein niederschwelliges Angebot f\u00fcr Akteure im Umfeld von Hochschulforum Digitalisierung und Stiftung Innovation in der Hochschullehre. Die Netzwerkpartnerschaft ist kostenfrei.<\/p>\n\n\n\n<p>Netzwerkpartner erhalten Sichtbarkeit. Sie werden auf der Website und der Plattform genannt. Sie erhalten bei Interesse einen Stand auf unserem virtuellen Marktplatz.&nbsp;<\/p>\n\n\n\n<p>Netzwerkpartner geben uns Sichtbarkeit. Sie weisen mindestens zweimal auf ihren Kan\u00e4len (Newsletter, Social Media, Web, etc.) auf Call und Anmeldung hin. Formulierungsvorschl\u00e4ge, Logos und Sharepics liefern wir Ihnen nat\u00fcrlich.<\/p>\n\n\n\n<p>Netzwerkpartner erhalten eine Einladung f\u00fcr 2 Personen zum physischen Teil des Hybridevents.<\/p>\n\n\n\n<p><\/p>\n\n\n\n<h2 class=\"wp-block-heading\"><strong>Weitere Optionen der Zusammenarbeit<\/strong><\/h2>\n\n\n\n<p>Weitere Optionen der Zusammenarbeit sind selbstverst\u00e4ndlich auf individueller Basis m\u00f6glich.<\/p>\n\n\n\n<p>Sie haben Interesse an einer Zusammenarbeit? Lassen Sie uns \u00fcber die Details sprechen.<\/p>\n\n\n\n<p><\/p>\n\n\n\n<h3 class=\"wp-block-heading\">Kontakt<\/h3>\n\n\n\n<figure class=\"wp-block-image size-large is-resized is-style-rounded\"><img loading=\"lazy\" decoding=\"async\" width=\"700\" height=\"700\" src=\"https:\/\/festival.hfd.digital\/de\/wp-content\/uploads\/sites\/3\/2023\/12\/DSC02334-Kopie-700x700.jpeg\" alt=\"\" class=\"wp-image-6940\" style=\"object-fit:contain;width:174px;height:174px\" srcset=\"https:\/\/festival.hfd.digital\/de\/wp-content\/uploads\/sites\/3\/2023\/12\/DSC02334-Kopie-700x700.jpeg 700w, https:\/\/festival.hfd.digital\/de\/wp-content\/uploads\/sites\/3\/2023\/12\/DSC02334-Kopie-250x250.jpeg 250w, https:\/\/festival.hfd.digital\/de\/wp-content\/uploads\/sites\/3\/2023\/12\/DSC02334-Kopie-150x150.jpeg 150w, https:\/\/festival.hfd.digital\/de\/wp-content\/uploads\/sites\/3\/2023\/12\/DSC02334-Kopie-768x768.jpeg 768w, https:\/\/festival.hfd.digital\/de\/wp-content\/uploads\/sites\/3\/2023\/12\/DSC02334-Kopie-1536x1536.jpeg 1536w, https:\/\/festival.hfd.digital\/de\/wp-content\/uploads\/sites\/3\/2023\/12\/DSC02334-Kopie-2048x2048.jpeg 2048w, https:\/\/festival.hfd.digital\/de\/wp-content\/uploads\/sites\/3\/2023\/12\/DSC02334-Kopie-120x120.jpeg 120w\" sizes=\"auto, (max-width: 700px) 100vw, 700px\" \/><\/figure>\n\n\n\n<p><strong>Jill Ankawi <\/strong><br><a href=\"mailto:hoesch@hochschulforum.org\">ankawi@hochschulforum.org<\/a><br>+49 (0) 160 97704561<\/p>\n\n\n\n<p><\/p>\n","protected":false},"excerpt":{"rendered":"Wir verstehen uns als Teil eines Netzwerks. Daher ist es uns ein gro\u00dfes Anliegen, dass befreundete Institutionen und Organisationen sichtbar an unseren Veranstaltungen partizipieren k\u00f6nnen. Das Angebot richtet sich an zivilgesellschaftliche Akteure, Bildungsinstitutionen, studentische Organisationen und Projekte. Hier finden Sie eine \u00dcbersicht der Partner des U:FF 2025. Die Netzwerkpartnerschaft ist ein niederschwelliges Angebot f\u00fcr Akteure&#8230; <a class=\"view-article\" href=\"https:\/\/festival.hfd.digital\/de\/partner-werden\/\">View Article<\/a>","protected":false},"author":4,"featured_media":9773,"parent":0,"menu_order":0,"comment_status":"closed","ping_status":"closed","template":"","meta":{"_acf_changed":false,"inline_featured_image":false,"footnotes":""},"class_list":["post-188","page","type-page","status-publish","has-post-thumbnail","hentry"],"acf":[],"yoast_head":"<!-- This site is optimized with the Yoast SEO plugin v27.3 - https:\/\/yoast.com\/product\/yoast-seo-wordpress\/ -->\n<title>Werden Sie Partner | University:Future Festival<\/title>\n<meta name=\"description\" content=\"Es ist uns ein Anliegen, Organisationen aus unserem Umfeld als Teil unseres Netzwerks sichtbar zu machen. Jetzt Festival-Partner werden!\" \/>\n<meta name=\"robots\" content=\"index, follow, max-snippet:-1, max-image-preview:large, max-video-preview:-1\" \/>\n<link rel=\"canonical\" href=\"https:\/\/festival.hfd.digital\/de\/partner-werden\/\" \/>\n<meta property=\"og:locale\" content=\"de_DE\" \/>\n<meta property=\"og:type\" content=\"article\" \/>\n<meta property=\"og:title\" content=\"Werden Sie Partner!\" \/>\n<meta property=\"og:description\" content=\"Es ist uns ein Anliegen, Organisationen aus unserem Umfeld als Teil unseres Netzwerks sichtbar zu machen. Jetzt Festival-Partner werden!\" \/>\n<meta property=\"og:url\" content=\"https:\/\/festival.hfd.digital\/de\/partner-werden\/\" \/>\n<meta property=\"og:site_name\" content=\"University:Future Festival 2026\" \/>\n<meta property=\"article:modified_time\" content=\"2024-12-02T13:32:27+00:00\" \/>\n<meta property=\"og:image\" content=\"https:\/\/festival.hfd.digital\/de\/wp-content\/uploads\/sites\/3\/2023\/09\/Allgemein-1-DE-.png\" \/>\n\t<meta property=\"og:image:width\" content=\"1200\" \/>\n\t<meta property=\"og:image:height\" content=\"1200\" \/>\n\t<meta property=\"og:image:type\" content=\"image\/png\" \/>\n<meta name=\"twitter:card\" content=\"summary_large_image\" \/>\n<meta name=\"twitter:title\" content=\"Werden Sie Partner!\" \/>\n<meta name=\"twitter:description\" content=\"Es ist uns ein Anliegen, Institutionen und Organisationen als Teil unseres Netzwerks sichtbar zu machen. Jetzt Festival-Partner werden!\" \/>\n<meta name=\"twitter:image\" content=\"https:\/\/festival.hfd.digital\/de\/wp-content\/uploads\/sites\/3\/2023\/09\/Allgemein-1-DE.png\" \/>\n<meta name=\"twitter:label1\" content=\"Gesch\u00e4tzte Lesezeit\" \/>\n\t<meta name=\"twitter:data1\" content=\"2\u00a0Minuten\" \/>\n<script type=\"application\/ld+json\" class=\"yoast-schema-graph\">{\"@context\":\"https:\\\/\\\/schema.org\",\"@graph\":[{\"@type\":\"WebPage\",\"@id\":\"https:\\\/\\\/festival.hfd.digital\\\/de\\\/partner-werden\\\/\",\"url\":\"https:\\\/\\\/festival.hfd.digital\\\/de\\\/partner-werden\\\/\",\"name\":\"Werden Sie Partner | University:Future Festival\",\"isPartOf\":{\"@id\":\"https:\\\/\\\/festival.hfd.digital\\\/de\\\/#website\"},\"primaryImageOfPage\":{\"@id\":\"https:\\\/\\\/festival.hfd.digital\\\/de\\\/partner-werden\\\/#primaryimage\"},\"image\":{\"@id\":\"https:\\\/\\\/festival.hfd.digital\\\/de\\\/partner-werden\\\/#primaryimage\"},\"thumbnailUrl\":\"https:\\\/\\\/festival.hfd.digital\\\/de\\\/wp-content\\\/uploads\\\/sites\\\/3\\\/2024\\\/11\\\/31.10.-Motto-imagine.png\",\"datePublished\":\"2020-06-10T10:59:22+00:00\",\"dateModified\":\"2024-12-02T13:32:27+00:00\",\"description\":\"Es ist uns ein Anliegen, Organisationen aus unserem Umfeld als Teil unseres Netzwerks sichtbar zu machen. Jetzt Festival-Partner werden!\",\"inLanguage\":\"de\",\"potentialAction\":[{\"@type\":\"ReadAction\",\"target\":[\"https:\\\/\\\/festival.hfd.digital\\\/de\\\/partner-werden\\\/\"]}]},{\"@type\":\"ImageObject\",\"inLanguage\":\"de\",\"@id\":\"https:\\\/\\\/festival.hfd.digital\\\/de\\\/partner-werden\\\/#primaryimage\",\"url\":\"https:\\\/\\\/festival.hfd.digital\\\/de\\\/wp-content\\\/uploads\\\/sites\\\/3\\\/2024\\\/11\\\/31.10.-Motto-imagine.png\",\"contentUrl\":\"https:\\\/\\\/festival.hfd.digital\\\/de\\\/wp-content\\\/uploads\\\/sites\\\/3\\\/2024\\\/11\\\/31.10.-Motto-imagine.png\",\"width\":1920,\"height\":1080},{\"@type\":\"WebSite\",\"@id\":\"https:\\\/\\\/festival.hfd.digital\\\/de\\\/#website\",\"url\":\"https:\\\/\\\/festival.hfd.digital\\\/de\\\/\",\"name\":\"University:Future Festival 2026\",\"description\":\"Das j\u00e4hrliche Festival zur Zukunft der Hochschulbildung.\",\"potentialAction\":[{\"@type\":\"SearchAction\",\"target\":{\"@type\":\"EntryPoint\",\"urlTemplate\":\"https:\\\/\\\/festival.hfd.digital\\\/de\\\/?s={search_term_string}\"},\"query-input\":{\"@type\":\"PropertyValueSpecification\",\"valueRequired\":true,\"valueName\":\"search_term_string\"}}],\"inLanguage\":\"de\"}]}<\/script>\n<!-- \/ Yoast SEO plugin. -->","yoast_head_json":{"title":"Werden Sie Partner | University:Future Festival","description":"Es ist uns ein Anliegen, Organisationen aus unserem Umfeld als Teil unseres Netzwerks sichtbar zu machen. Jetzt Festival-Partner werden!","robots":{"index":"index","follow":"follow","max-snippet":"max-snippet:-1","max-image-preview":"max-image-preview:large","max-video-preview":"max-video-preview:-1"},"canonical":"https:\/\/festival.hfd.digital\/de\/partner-werden\/","og_locale":"de_DE","og_type":"article","og_title":"Werden Sie Partner!","og_description":"Es ist uns ein Anliegen, Organisationen aus unserem Umfeld als Teil unseres Netzwerks sichtbar zu machen. Jetzt Festival-Partner werden!","og_url":"https:\/\/festival.hfd.digital\/de\/partner-werden\/","og_site_name":"University:Future Festival 2026","article_modified_time":"2024-12-02T13:32:27+00:00","og_image":[{"width":1200,"height":1200,"url":"https:\/\/festival.hfd.digital\/de\/wp-content\/uploads\/sites\/3\/2023\/09\/Allgemein-1-DE-.png","type":"image\/png"}],"twitter_card":"summary_large_image","twitter_title":"Werden Sie Partner!","twitter_description":"Es ist uns ein Anliegen, Institutionen und Organisationen als Teil unseres Netzwerks sichtbar zu machen. Jetzt Festival-Partner werden!","twitter_image":"https:\/\/festival.hfd.digital\/de\/wp-content\/uploads\/sites\/3\/2023\/09\/Allgemein-1-DE.png","twitter_misc":{"Gesch\u00e4tzte Lesezeit":"2\u00a0Minuten"},"schema":{"@context":"https:\/\/schema.org","@graph":[{"@type":"WebPage","@id":"https:\/\/festival.hfd.digital\/de\/partner-werden\/","url":"https:\/\/festival.hfd.digital\/de\/partner-werden\/","name":"Werden Sie Partner | University:Future Festival","isPartOf":{"@id":"https:\/\/festival.hfd.digital\/de\/#website"},"primaryImageOfPage":{"@id":"https:\/\/festival.hfd.digital\/de\/partner-werden\/#primaryimage"},"image":{"@id":"https:\/\/festival.hfd.digital\/de\/partner-werden\/#primaryimage"},"thumbnailUrl":"https:\/\/festival.hfd.digital\/de\/wp-content\/uploads\/sites\/3\/2024\/11\/31.10.-Motto-imagine.png","datePublished":"2020-06-10T10:59:22+00:00","dateModified":"2024-12-02T13:32:27+00:00","description":"Es ist uns ein Anliegen, Organisationen aus unserem Umfeld als Teil unseres Netzwerks sichtbar zu machen. Jetzt Festival-Partner werden!","inLanguage":"de","potentialAction":[{"@type":"ReadAction","target":["https:\/\/festival.hfd.digital\/de\/partner-werden\/"]}]},{"@type":"ImageObject","inLanguage":"de","@id":"https:\/\/festival.hfd.digital\/de\/partner-werden\/#primaryimage","url":"https:\/\/festival.hfd.digital\/de\/wp-content\/uploads\/sites\/3\/2024\/11\/31.10.-Motto-imagine.png","contentUrl":"https:\/\/festival.hfd.digital\/de\/wp-content\/uploads\/sites\/3\/2024\/11\/31.10.-Motto-imagine.png","width":1920,"height":1080},{"@type":"WebSite","@id":"https:\/\/festival.hfd.digital\/de\/#website","url":"https:\/\/festival.hfd.digital\/de\/","name":"University:Future Festival 2026","description":"Das j\u00e4hrliche Festival zur Zukunft der Hochschulbildung.","potentialAction":[{"@type":"SearchAction","target":{"@type":"EntryPoint","urlTemplate":"https:\/\/festival.hfd.digital\/de\/?s={search_term_string}"},"query-input":{"@type":"PropertyValueSpecification","valueRequired":true,"valueName":"search_term_string"}}],"inLanguage":"de"}]}},"_links":{"self":[{"href":"https:\/\/festival.hfd.digital\/de\/wp-json\/wp\/v2\/pages\/188","targetHints":{"allow":["GET"]}}],"collection":[{"href":"https:\/\/festival.hfd.digital\/de\/wp-json\/wp\/v2\/pages"}],"about":[{"href":"https:\/\/festival.hfd.digital\/de\/wp-json\/wp\/v2\/types\/page"}],"author":[{"embeddable":true,"href":"https:\/\/festival.hfd.digital\/de\/wp-json\/wp\/v2\/users\/4"}],"replies":[{"embeddable":true,"href":"https:\/\/festival.hfd.digital\/de\/wp-json\/wp\/v2\/comments?post=188"}],"version-history":[{"count":59,"href":"https:\/\/festival.hfd.digital\/de\/wp-json\/wp\/v2\/pages\/188\/revisions"}],"predecessor-version":[{"id":10054,"href":"https:\/\/festival.hfd.digital\/de\/wp-json\/wp\/v2\/pages\/188\/revisions\/10054"}],"wp:featuredmedia":[{"embeddable":true,"href":"https:\/\/festival.hfd.digital\/de\/wp-json\/wp\/v2\/media\/9773"}],"wp:attachment":[{"href":"https:\/\/festival.hfd.digital\/de\/wp-json\/wp\/v2\/media?parent=188"}],"curies":[{"name":"wp","href":"https:\/\/api.w.org\/{rel}","templated":true}]}}