{"id":1587,"date":"2021-07-16T06:06:31","date_gmt":"2021-07-16T06:06:31","guid":{"rendered":"https:\/\/festival.hfd.digital\/de\/?page_id=1587"},"modified":"2024-07-01T11:56:10","modified_gmt":"2024-07-01T11:56:10","slug":"tracks","status":"publish","type":"page","link":"https:\/\/festival.hfd.digital\/de\/archiv\/universityfuture-festival-2021\/festival\/tracks\/","title":{"rendered":"Die Tracks 2021"},"content":{"rendered":"\n<h2 class=\"wp-block-heading\"><strong>Das Programm 2021 des University:Future Festivals bestand aus acht thematischen Tracks: <\/strong><\/h2>\n\n\n\n<ol class=\"wp-block-list\"><li><strong><a href=\"#campus-track\">Campus <\/a><\/strong>&#8211; der Track zu R\u00e4umen, Verwaltung und Partizipation<\/li><li><a href=\"#data-track\"><strong>Data<\/strong> <\/a>&#8211; der Track zu Digitaler Souver\u00e4nit\u00e4t, Standards, Datenschutz und Recht<\/li><li><a href=\"#inclusivity-track\"><strong>Inclusivity<\/strong> <\/a>&#8211; der Track zu Diversity und Barrierefreiheit<\/li><li><a href=\"#lead-track\"><strong>Lead <\/strong><\/a>&#8211; der Track zu Strategie und Leadership<\/li><li><a href=\"#learn-track\"><strong>Learn <\/strong><\/a>&#8211; der Track zu Lehren und Lernen<\/li><li><strong><a href=\"#skills-track\">Skills<\/a> <\/strong>&#8211; der Track zu Kompetenzen und Qualifizierung<\/li><li><a href=\"#ki-track\"><strong>KI <\/strong><\/a>&#8211;&nbsp; der Track zu K\u00fcnstlicher Intelligenz<\/li><li><a href=\"#vision-track\"><strong>Vision <\/strong><\/a>&#8211; der Track f\u00fcr Visionen und Nachhaltigkeit<\/li><\/ol>\n\n\n\n<h3 class=\"wp-block-heading\" id=\"campus-track\"><strong>Campus<\/strong><\/h3>\n\n\n\n<p><strong>Der Track zu R\u00e4umen, Verwaltung und Partizipation<\/strong><\/p>\n\n\n\n<p><em>Wie funktionieren hochschulische R\u00e4ume in Zukunft? Wie k\u00f6nnen wir das soziale Miteinander positiv gestalten? Und<\/em> w<em>ie k\u00f6nnen Prozesse verbessert werden &#8211; und wer bestimmt \u00fcber all das wie mit? Bei Campus sprechen wir \u00fcber physische, digitale und hybride R\u00e4ume, \u00fcber moderne Verwaltung und dar\u00fcber, wie Partizipation gelingen kann.<\/em><\/p>\n\n\n\n<p>Lehr- und Lernorte ver\u00e4ndern sich: Virtuelle und physische R\u00e4ume durchdringen sich immer mehr. Neue Lehr- und Lernkonzepte erfordern innovative physische Raumkonzepte. Dabei steht die Erm\u00f6glichung und Gestaltung des sozialen Miteinanders in neuem Ma\u00dfe auf der Agenda. Neue Formen der Partizipation werden m\u00f6glich &#8211; und von immer mehr Stakeholdern auch eingefordert. Hinter all dem stehen funktionierende Verwaltungsstrukturen. Der Track Campus bietet den Raum, Konzepte f\u00fcr Lernarchitekturen sowie demokratische Partizipation im digitalen Zeitalter vorzustellen und zu diskutieren.&nbsp;<\/p>\n\n\n\n<h3 class=\"wp-block-heading\" id=\"data-track\"><strong>Data<\/strong><\/h3>\n\n\n\n<p><strong>Der Track zu Digitaler Souver\u00e4nit\u00e4t, Standards, Datenschutz und Recht<\/strong><\/p>\n\n\n\n<p><em>Wie k\u00f6nnen wir als Individuen, Institutionen und als Gesellschaft den digitalen Wandel souver\u00e4n gestalten &#8211; und nicht zum Objekt \u201calternativloser\u201d Plattformen und Anbieter werden? Mit dieser sowie anderen Fragen besch\u00e4ftigt sich der Track Data.<\/em><\/p>\n\n\n\n<p>Der Begriff der digitalen Souver\u00e4nit\u00e4t bezieht sich auf viele Bereiche &#8211; dazu z\u00e4hlen unter anderem Datensouver\u00e4nit\u00e4t, technologische Souver\u00e4nit\u00e4t und Governance-Strukturen. Sind wir in der Hochschulbildung bereits in technologische Abh\u00e4ngigkeit gerutscht und wenn ja, wie k\u00f6nnen wir dies \u00e4ndern? Wie k\u00f6nnen wir Datensouver\u00e4nit\u00e4t wahren und sie dennoch effektiv und effizient nutzen? Welche Softwares, Services und Standards haben und brauchen wir? Diese sowie weitere Fragen behandelt der Track Data.<\/p>\n\n\n\n<h3 class=\"wp-block-heading\" id=\"inclusivity-track\"><strong>Inclusivity<\/strong><\/h3>\n\n\n\n<p><strong>Der Track zu Diversity und Barrierefreiheit<\/strong><\/p>\n\n\n\n<p><em>Wie schaffen wir Bildungsgerechtigkeit? Diese Frage adressiert der Track Inclusivity. Hier geht es um alle Ebenen von Diversit\u00e4t, Barrierefreiheit und dem Zugang zu Bildung.<\/em><\/p>\n\n\n\n<p>Der Track Inclusivity adressiert eine der pr\u00e4genden Debatten unserer Zeit: tradierte sozialen Rollen und Muster stehen dabei zunehmend in Frage. Die Frage von Gerechtigkeit wird dabei neu diskutiert &#8211; unter anderem in Bezug auf Geschlecht, (wahrgenommener) ethnischer Herkunft, sozialem Status, sexueller Identit\u00e4t, k\u00f6rperlicher Merkmale und vieler weiterer Dinge. Diversit\u00e4t muss in der akademischen Bildung Normalit\u00e4t werden &#8211; doch wie schaffen wir dies konkret? Der durch Covid-19 erzwungene Digitalisierungsschub hat in diesem Bereich einige Dinge verbessert. Er hat aber auch neue Probleme aufgedeckt. Der Track Inclusivity diskutiert diese Fragen.<\/p>\n\n\n\n<h3 class=\"wp-block-heading\" id=\"lead-track\"><strong>Lead<\/strong><\/h3>\n\n\n\n<p><strong>Der Track zu Strategie und Leadership<\/strong><\/p>\n\n\n\n<p><em>Der digitale Wandel erfordert eine gezielte Organisationsentwicklung. In Lead diskutieren wir Ver\u00e4nderungsprozesse auf konzeptioneller wie praktischer Ebene.<\/em><\/p>\n\n\n\n<p>Um sich f\u00fcr eine durch Digitalit\u00e4t gepr\u00e4gte Zukunft zu r\u00fcsten, ben\u00f6tigen Hochschulen individuelle Strategien und wirksame Strukturen. Au\u00dferdem m\u00fcssen Ver\u00e4nderungsprozesse gelebt, der Auf- und Ausbau von Unterst\u00fctzungs- und Beratungseinrichtungen erm\u00f6glicht werden. Deswegen freuen wir uns im Track Lead neben konzeptionellen und empirischen Beitr\u00e4gen auch auf solche von Personen, die Ver\u00e4nderungsprozesse angesto\u00dfen und begleitet haben. Wir wollen hierzu Akteure aus allen Ebenen der Hochschulen zusammenbringen.<\/p>\n\n\n\n<h3 class=\"wp-block-heading\" id=\"learn-track\"><strong>Learn<\/strong><\/h3>\n\n\n\n<p><strong>Der Track zu Lehren und Lernen<\/strong><\/p>\n\n\n\n<p><em>Wie wollen wir in Zukunft lehren und lernen? Was ist die k\u00fcnftige Rolle von Lehrenden und wie kann Peer-Learning funktionieren? Learn behandelt neue didaktische Designs, innovative Lernszenarien und Lehrpraxis.<\/em><\/p>\n\n\n\n<p>Welche innovativen Lehrkonzepte verdienen ein breites Publikum? Welche Erkenntnisse k\u00f6nnen Lehrende vermitteln, die sich von klassischen Lehr-\/Lernmodellen verabschiedet haben? Und wie kann Peer-Learning in der Praxis funktionieren? Um diese Fragen zu beantworten, sprechen wir in diesem Track Lehrende, Lernende sowie Mitarbeitende von lehrunterst\u00fctzenden Einrichtungen an. Au\u00dferdem nat\u00fcrlich alle anderen, die mit Lehren und Lernen zu tun haben.<\/p>\n\n\n\n<h3 class=\"wp-block-heading\" id=\"ki-track\"><strong>KI<\/strong><\/h3>\n\n\n\n<p><strong>Der Track zu K\u00fcnstlicher Intelligenz<\/strong><\/p>\n\n\n\n<p><em>K\u00fcnstliche Intelligenz ver\u00e4ndert zunehmend unseren Alltag und die Berufswelt. Im KI-Track sprechen wir \u00fcber die Schl\u00fcsselrolle, die Hochschulen in diesem rasanten Ver\u00e4nderungsprozess einnehmen<\/em>. <em>Der KI-Track findet in Kooperation mit dem KI-Campus statt.<\/em><\/p>\n\n\n\n<p>Was m\u00fcssen Studierende \u00fcber KI lernen, um fit f\u00fcr die Zukunft zu sein? Und was bedeutet das f\u00fcr das jeweilige Fach und die Lehrenden? Wie k\u00f6nnen wir KI als Tool nutzen, um sowohl Lern- als auch Lehrerfahrungen zu verbessern?<\/p>\n\n\n\n<p>Wir diskutieren zum Beispiel dar\u00fcber, ob angehende \u00c4rzt:innen programmieren k\u00f6nnen sollten, um sp\u00e4ter KI-gest\u00fctzte Methoden einzusetzen. Au\u00dferdem sprechen  wir  dar\u00fcber mit welchen ethisch-gesellschaftlichen Gesichtspunkten sich auch Informatiker:innen intensiv besch\u00e4ftigen m\u00fcssen. Auch fragen wir, welche KI-Anwendungen an Hochschulen genutzt bzw. aktuell entwickelt werden: Welche Hypes kann man getrost ignorieren \u2013 und wo stecken die echten Innovationen?&nbsp;&nbsp;<\/p>\n\n\n\n<h3 class=\"wp-block-heading\" id=\"skills-track\"><strong>Skills<\/strong><\/h3>\n\n\n\n<p><strong>Der Track zu Kompetenzen und Qualifizierung<\/strong><\/p>\n\n\n\n<p><em>Die f\u00fcr ein selbstwirksames Leben wichtigen Kompetenzen ver\u00e4ndern sich. Lehrende und Studierende brauchen Qualifizierung. In Skills dreht sich alles um Kompetenzprofile, Curricula und Qualifikation.<\/em><\/p>\n\n\n\n<p>Was sind die Kompetenzen f\u00fcr eine Arbeitswelt, von der es hei\u00dft, dass zwei Drittel der Jobs der Zukunft heute noch nicht einmal existieren? Welche Kompetenzen brauchen Studierende und lebenslang Lernende um eine Gesellschaft politisch und zivilgesellschaftlich im Kontext der Digitalisierung gestalten zu k\u00f6nnen? Sowohl spezialisierte Tech-Kompetenzen und digitalen Grundf\u00e4higkeiten wie Data Literacy als auch klassische F\u00e4higkeiten und Kompetenzen im Umgang mit Digitalit\u00e4t gewinnen an Bedeutung . Wie k\u00f6nnen wir dabei Lehrende und Studierende in diesen Bereichen qualifizieren? Skills \u00f6ffnet den Raum f\u00fcr die Diskussion \u00fcber Kompetenzen, Curricula und Qualifikation.<\/p>\n\n\n\n<h3 class=\"wp-block-heading\" id=\"vision-track\"><strong>Vision<\/strong><\/h3>\n\n\n\n<p><strong>Der Track f\u00fcr Visionen und Nachhaltigkeit<\/strong><\/p>\n\n\n\n<p><em>Wer Visionen hat, sollte zum University:Future Festival kommen. Denn Vision richtet sich an Menschen, die aufs gro\u00dfe Ganze schauen. Menschen, die Nachhaltigkeit mitdenken. Vision ist der Track f\u00fcr Utopien und wilde Ideen.<\/em><\/p>\n\n\n\n<p>Das einzige, was sicher ist, ist stetige Ver\u00e4nderung. Die Welt \u00e4ndert sich, der Arbeitsmarkt wandelt sich, die Anspr\u00fcche an Hochschulen, Hochschullehre sowie Lehrende und Studierende sind im Wandel. Wie vereinbaren wir in Zukunft Nachhaltigkeit und Hochschullehre? Muss die Hochschullandschaft sich radikal wandeln oder ist sie zukunftssicher aufgestellt? Und welche Herausforderungen erwarten dabei die Hochschulen und die Akteure in Ihrem Umfeld?<\/p>\n\n\n\n<p>All diese und viele weitere Fragen werden im Vision-Track gestellt, debattiert und (soweit m\u00f6glich)&nbsp;beantwortet.<\/p>\n\n\n\n<p><\/p>\n\n\n\n<p>Hier geht es zum <a href=\"https:\/\/festival.hfd.digital\/de\/motto-open-for-discussion\/\">Programm <\/a>des University:Future Festivals.<\/p>\n","protected":false},"excerpt":{"rendered":"Das Programm 2021 des University:Future Festivals bestand aus acht thematischen Tracks: Campus &#8211; der Track zu R\u00e4umen, Verwaltung und Partizipation Data &#8211; der Track zu Digitaler Souver\u00e4nit\u00e4t, Standards, Datenschutz und Recht Inclusivity &#8211; der Track zu Diversity und Barrierefreiheit Lead &#8211; der Track zu Strategie und Leadership Learn &#8211; der Track zu Lehren und Lernen&#8230; <a class=\"view-article\" href=\"https:\/\/festival.hfd.digital\/de\/archiv\/universityfuture-festival-2021\/festival\/tracks\/\">View Article<\/a>","protected":false},"author":4,"featured_media":0,"parent":5,"menu_order":5,"comment_status":"closed","ping_status":"closed","template":"","meta":{"_acf_changed":false,"inline_featured_image":false,"footnotes":""},"class_list":["post-1587","page","type-page","status-publish","hentry"],"acf":[],"yoast_head":"<!-- This site is optimized with the Yoast SEO plugin v27.3 - https:\/\/yoast.com\/product\/yoast-seo-wordpress\/ -->\n<title>Themen-Tracks | University:Future Festival 2021<\/title>\n<meta name=\"description\" content=\"8 Tracks umfasst das University:Future Festival, darunter Campus, Data, Inclusivity, Lead, Learn, Skills, KI und Vision. Jetzt mitmachen!\" \/>\n<meta name=\"robots\" content=\"index, follow, max-snippet:-1, max-image-preview:large, max-video-preview:-1\" \/>\n<link rel=\"canonical\" href=\"https:\/\/festival.hfd.digital\/de\/archiv\/universityfuture-festival-2021\/festival\/tracks\/\" \/>\n<meta property=\"og:locale\" content=\"de_DE\" \/>\n<meta property=\"og:type\" content=\"article\" \/>\n<meta property=\"og:title\" content=\"Tracks des University:Future Festivals\" \/>\n<meta property=\"og:description\" content=\"8 Tracks umfasst das University:Future Festival, darunter Campus, Data, Inclusivity, Lead, Learn, Skills, KI und Vision. Jetzt mitmachen!\" \/>\n<meta property=\"og:url\" content=\"https:\/\/festival.hfd.digital\/de\/archiv\/universityfuture-festival-2021\/festival\/tracks\/\" \/>\n<meta property=\"og:site_name\" content=\"University:Future Festival 2026\" \/>\n<meta property=\"article:modified_time\" content=\"2024-07-01T11:56:10+00:00\" \/>\n<meta property=\"og:image\" content=\"https:\/\/festival.hfd.digital\/de\/wp-content\/uploads\/sites\/3\/2021\/08\/SM-Website-UFF.png\" \/>\n\t<meta property=\"og:image:width\" content=\"1600\" \/>\n\t<meta property=\"og:image:height\" content=\"900\" \/>\n\t<meta property=\"og:image:type\" content=\"image\/png\" \/>\n<meta name=\"twitter:card\" content=\"summary_large_image\" \/>\n<meta name=\"twitter:title\" content=\"Tracks des University:Future Festivals\" \/>\n<meta name=\"twitter:description\" content=\"8 Tracks umfasst das University:Future Festival, darunter Campus, Data, Inclusivity, Lead, Learn, Skills, KI und Vision. Jetzt mitmachen!\" \/>\n<meta name=\"twitter:image\" content=\"https:\/\/festival.hfd.digital\/de\/wp-content\/uploads\/sites\/3\/2021\/08\/SM-Website-UFF.png\" \/>\n<meta name=\"twitter:label1\" content=\"Gesch\u00e4tzte Lesezeit\" \/>\n\t<meta name=\"twitter:data1\" content=\"6\u00a0Minuten\" \/>\n<script type=\"application\/ld+json\" class=\"yoast-schema-graph\">{\"@context\":\"https:\\\/\\\/schema.org\",\"@graph\":[{\"@type\":\"WebPage\",\"@id\":\"https:\\\/\\\/festival.hfd.digital\\\/de\\\/archiv\\\/universityfuture-festival-2021\\\/festival\\\/tracks\\\/\",\"url\":\"https:\\\/\\\/festival.hfd.digital\\\/de\\\/archiv\\\/universityfuture-festival-2021\\\/festival\\\/tracks\\\/\",\"name\":\"Themen-Tracks | University:Future Festival 2021\",\"isPartOf\":{\"@id\":\"https:\\\/\\\/festival.hfd.digital\\\/de\\\/#website\"},\"datePublished\":\"2021-07-16T06:06:31+00:00\",\"dateModified\":\"2024-07-01T11:56:10+00:00\",\"description\":\"8 Tracks umfasst das University:Future Festival, darunter Campus, Data, Inclusivity, Lead, Learn, Skills, KI und Vision. Jetzt mitmachen!\",\"breadcrumb\":{\"@id\":\"https:\\\/\\\/festival.hfd.digital\\\/de\\\/archiv\\\/universityfuture-festival-2021\\\/festival\\\/tracks\\\/#breadcrumb\"},\"inLanguage\":\"de\",\"potentialAction\":[{\"@type\":\"ReadAction\",\"target\":[\"https:\\\/\\\/festival.hfd.digital\\\/de\\\/archiv\\\/universityfuture-festival-2021\\\/festival\\\/tracks\\\/\"]}]},{\"@type\":\"BreadcrumbList\",\"@id\":\"https:\\\/\\\/festival.hfd.digital\\\/de\\\/archiv\\\/universityfuture-festival-2021\\\/festival\\\/tracks\\\/#breadcrumb\",\"itemListElement\":[{\"@type\":\"ListItem\",\"position\":1,\"name\":\"Archiv\",\"item\":\"https:\\\/\\\/festival.hfd.digital\\\/de\\\/archiv\\\/\"},{\"@type\":\"ListItem\",\"position\":2,\"name\":\"Recap: University:Future Festival 2021\",\"item\":\"https:\\\/\\\/festival.hfd.digital\\\/de\\\/archiv\\\/universityfuture-festival-2021\\\/\"},{\"@type\":\"ListItem\",\"position\":3,\"name\":\"Open for Discussion\",\"item\":\"https:\\\/\\\/festival.hfd.digital\\\/de\\\/archiv\\\/universityfuture-festival-2021\\\/festival\\\/\"},{\"@type\":\"ListItem\",\"position\":4,\"name\":\"Die Tracks 2021\"}]},{\"@type\":\"WebSite\",\"@id\":\"https:\\\/\\\/festival.hfd.digital\\\/de\\\/#website\",\"url\":\"https:\\\/\\\/festival.hfd.digital\\\/de\\\/\",\"name\":\"University:Future Festival 2026\",\"description\":\"Das j\u00e4hrliche Festival zur Zukunft der Hochschulbildung.\",\"potentialAction\":[{\"@type\":\"SearchAction\",\"target\":{\"@type\":\"EntryPoint\",\"urlTemplate\":\"https:\\\/\\\/festival.hfd.digital\\\/de\\\/?s={search_term_string}\"},\"query-input\":{\"@type\":\"PropertyValueSpecification\",\"valueRequired\":true,\"valueName\":\"search_term_string\"}}],\"inLanguage\":\"de\"}]}<\/script>\n<!-- \/ Yoast SEO plugin. -->","yoast_head_json":{"title":"Themen-Tracks | University:Future Festival 2021","description":"8 Tracks umfasst das University:Future Festival, darunter Campus, Data, Inclusivity, Lead, Learn, Skills, KI und Vision. Jetzt mitmachen!","robots":{"index":"index","follow":"follow","max-snippet":"max-snippet:-1","max-image-preview":"max-image-preview:large","max-video-preview":"max-video-preview:-1"},"canonical":"https:\/\/festival.hfd.digital\/de\/archiv\/universityfuture-festival-2021\/festival\/tracks\/","og_locale":"de_DE","og_type":"article","og_title":"Tracks des University:Future Festivals","og_description":"8 Tracks umfasst das University:Future Festival, darunter Campus, Data, Inclusivity, Lead, Learn, Skills, KI und Vision. Jetzt mitmachen!","og_url":"https:\/\/festival.hfd.digital\/de\/archiv\/universityfuture-festival-2021\/festival\/tracks\/","og_site_name":"University:Future Festival 2026","article_modified_time":"2024-07-01T11:56:10+00:00","og_image":[{"width":1600,"height":900,"url":"https:\/\/festival.hfd.digital\/de\/wp-content\/uploads\/sites\/3\/2021\/08\/SM-Website-UFF.png","type":"image\/png"}],"twitter_card":"summary_large_image","twitter_title":"Tracks des University:Future Festivals","twitter_description":"8 Tracks umfasst das University:Future Festival, darunter Campus, Data, Inclusivity, Lead, Learn, Skills, KI und Vision. Jetzt mitmachen!","twitter_image":"https:\/\/festival.hfd.digital\/de\/wp-content\/uploads\/sites\/3\/2021\/08\/SM-Website-UFF.png","twitter_misc":{"Gesch\u00e4tzte Lesezeit":"6\u00a0Minuten"},"schema":{"@context":"https:\/\/schema.org","@graph":[{"@type":"WebPage","@id":"https:\/\/festival.hfd.digital\/de\/archiv\/universityfuture-festival-2021\/festival\/tracks\/","url":"https:\/\/festival.hfd.digital\/de\/archiv\/universityfuture-festival-2021\/festival\/tracks\/","name":"Themen-Tracks | University:Future Festival 2021","isPartOf":{"@id":"https:\/\/festival.hfd.digital\/de\/#website"},"datePublished":"2021-07-16T06:06:31+00:00","dateModified":"2024-07-01T11:56:10+00:00","description":"8 Tracks umfasst das University:Future Festival, darunter Campus, Data, Inclusivity, Lead, Learn, Skills, KI und Vision. Jetzt mitmachen!","breadcrumb":{"@id":"https:\/\/festival.hfd.digital\/de\/archiv\/universityfuture-festival-2021\/festival\/tracks\/#breadcrumb"},"inLanguage":"de","potentialAction":[{"@type":"ReadAction","target":["https:\/\/festival.hfd.digital\/de\/archiv\/universityfuture-festival-2021\/festival\/tracks\/"]}]},{"@type":"BreadcrumbList","@id":"https:\/\/festival.hfd.digital\/de\/archiv\/universityfuture-festival-2021\/festival\/tracks\/#breadcrumb","itemListElement":[{"@type":"ListItem","position":1,"name":"Archiv","item":"https:\/\/festival.hfd.digital\/de\/archiv\/"},{"@type":"ListItem","position":2,"name":"Recap: University:Future Festival 2021","item":"https:\/\/festival.hfd.digital\/de\/archiv\/universityfuture-festival-2021\/"},{"@type":"ListItem","position":3,"name":"Open for Discussion","item":"https:\/\/festival.hfd.digital\/de\/archiv\/universityfuture-festival-2021\/festival\/"},{"@type":"ListItem","position":4,"name":"Die Tracks 2021"}]},{"@type":"WebSite","@id":"https:\/\/festival.hfd.digital\/de\/#website","url":"https:\/\/festival.hfd.digital\/de\/","name":"University:Future Festival 2026","description":"Das j\u00e4hrliche Festival zur Zukunft der Hochschulbildung.","potentialAction":[{"@type":"SearchAction","target":{"@type":"EntryPoint","urlTemplate":"https:\/\/festival.hfd.digital\/de\/?s={search_term_string}"},"query-input":{"@type":"PropertyValueSpecification","valueRequired":true,"valueName":"search_term_string"}}],"inLanguage":"de"}]}},"_links":{"self":[{"href":"https:\/\/festival.hfd.digital\/de\/wp-json\/wp\/v2\/pages\/1587","targetHints":{"allow":["GET"]}}],"collection":[{"href":"https:\/\/festival.hfd.digital\/de\/wp-json\/wp\/v2\/pages"}],"about":[{"href":"https:\/\/festival.hfd.digital\/de\/wp-json\/wp\/v2\/types\/page"}],"author":[{"embeddable":true,"href":"https:\/\/festival.hfd.digital\/de\/wp-json\/wp\/v2\/users\/4"}],"replies":[{"embeddable":true,"href":"https:\/\/festival.hfd.digital\/de\/wp-json\/wp\/v2\/comments?post=1587"}],"version-history":[{"count":21,"href":"https:\/\/festival.hfd.digital\/de\/wp-json\/wp\/v2\/pages\/1587\/revisions"}],"predecessor-version":[{"id":3384,"href":"https:\/\/festival.hfd.digital\/de\/wp-json\/wp\/v2\/pages\/1587\/revisions\/3384"}],"up":[{"embeddable":true,"href":"https:\/\/festival.hfd.digital\/de\/wp-json\/wp\/v2\/pages\/5"}],"wp:attachment":[{"href":"https:\/\/festival.hfd.digital\/de\/wp-json\/wp\/v2\/media?parent=1587"}],"curies":[{"name":"wp","href":"https:\/\/api.w.org\/{rel}","templated":true}]}}