{"id":1548,"date":"2021-07-16T06:34:52","date_gmt":"2021-07-16T06:34:52","guid":{"rendered":"https:\/\/festival.hfd.digital\/de\/?page_id=1548"},"modified":"2024-07-01T11:00:18","modified_gmt":"2024-07-01T11:00:18","slug":"cfp","status":"publish","type":"page","link":"https:\/\/festival.hfd.digital\/de\/cfp\/","title":{"rendered":"Call for Participation 2022 &#8211; Abgeschlossen"},"content":{"rendered":"\n<p>Das Programm des Let\u2019s Talk:Campus 2022 setzt sich aus Beitr\u00e4gen der Community zusammen. Es bietet allen eine Plattform, die aktiv am Campusleben teilhaben und dieses mitgestalten. \u00dcber den Call for Participation konnten Interessenten Beitr\u00e4ge in Form von Lightning-Talks (5 Minuten), Talks und Keynotes (25 Minuten) sowie Workshops (60 Minuten) und Mikrofortbildungen (60 Minuten) einreichen.&nbsp;<\/p>\n\n\n\n<h2 class=\"wp-block-heading\">Der Call for Participation hat am 28. August 2022 geendet!<\/h2>\n\n\n\n<p>Wir danken allen Teilnehmenden f\u00fcr ihre Einreichungen! Bitte beachten Sie, dass der Call abgeschlossen und eine Bewerbung nicht mehr m\u00f6glich ist. Zur Zeit bewerten die einzelnen <a href=\"https:\/\/festival.hfd.digital\/de\/cfp\/jury-lets-talkcampus\/\">Jurys<\/a> die Einreichungen<strong>. Wir geben Ihnen in K\u00fcrze Bescheid.<\/strong><\/p>\n\n\n\n<p><\/p>\n\n\n\n<h2 class=\"wp-block-heading\">Das Programm von Let\u2019s Talk:Campus besteht aus drei Themenbereichen:<\/h2>\n\n\n\n<p><\/p>\n\n\n\n<p><strong>&nbsp;1. Partizipation st\u00e4rken<\/strong><\/p>\n\n\n\n<p>Sinnvoll eingesetzt, f\u00fchrt Partizipation zu besseren Entwicklungs- und Entscheidungsprozesse an Hochschulen. Wie kann Partizipation erfolgreich umgesetzt werden? Welche Rahmenbedingungen m\u00fcssen hierf\u00fcr geschaffen werden? Wie k\u00f6nnen sich auch Studierende beteiligen, unabh\u00e4ngig von finanziellen und sozialen H\u00fcrden? Und wie schaffen wir es, dass Partizipationsprozesse effizient und zielgerichtet bleiben? Wir suchen f\u00fcr Let\u2019s Talk:Campus Beispiele guter Praxis und Erfahrungsberichte.<\/p>\n\n\n\n<p><\/p>\n\n\n\n<p><strong>2.&nbsp;(Digitale) R\u00e4ume \u00f6ffnen<\/strong><\/p>\n\n\n\n<p>Nach gut zwei Jahren fl\u00e4chendeckender Online-Lehre wird der Campus als digitaler und baulicher Raum neu verhandelt. Was macht einen hybriden Campus aus?&nbsp; Welche zeitgem\u00e4\u00dfen Raumkonzepte gibt es \u2013 und wie lassen sich diese Visionen mit der Realit\u00e4t eines jahrelangen Investitionsstaus in Hochschulgeb\u00e4ude in Verbindung bringen? Gemeinsam werden wir diskutieren, was Didaktik im digitalen Zeitalter beinhaltet, welchen Herausforderungen wir bei der Umgestaltung von Lehr- und Lernr\u00e4umen begegnen und welche innovativen Techniken und Tools die Hochschule von morgen bereichern k\u00f6nnen.&nbsp;<\/p>\n\n\n\n<p><\/p>\n\n\n\n<p><strong>3.&nbsp;Hochschule for Future<\/strong><\/p>\n\n\n\n<p>Studienwege \u00e4ndern sich und die Studierendenschaft wird zunehmend heterogener. Nachhaltigkeitsfragen betreffen heute alle Institutionen. Was bedeutet das f\u00fcr den Campus und wie schaffen wir es, Studierenden mit unterschiedlichsten Voraussetzungen und Lebensmodellen optimale Entwicklungsm\u00f6glichkeiten zu bieten? Welche Werte vertreten \u00f6ffentliche Hand und Hochschulen und wie werden diese sichtbar &#8211; positiv wie negativ? Mit diesen und weiteren Fragen befassen wir uns im Themenbereich Hochschule for Future.&nbsp;<\/p>\n\n\n\n<p><\/p>\n\n\n\n<h3 class=\"wp-block-heading\">Ansprechpartner Call for Participation<\/h3>\n\n\n\n<p><\/p>\n\n\n\n<figure class=\"wp-block-image size-large is-resized is-style-rounded\"><img loading=\"lazy\" decoding=\"async\" src=\"https:\/\/festival.hfd.digital\/de\/wp-content\/uploads\/sites\/3\/2021\/07\/Sebastian_Horndasch_small-700x700.jpg\" alt=\"Sebastian Horndasch\" class=\"wp-image-1714\" width=\"171\" height=\"171\" srcset=\"https:\/\/festival.hfd.digital\/de\/wp-content\/uploads\/sites\/3\/2021\/07\/Sebastian_Horndasch_small-700x700.jpg 700w, https:\/\/festival.hfd.digital\/de\/wp-content\/uploads\/sites\/3\/2021\/07\/Sebastian_Horndasch_small-250x250.jpg 250w, https:\/\/festival.hfd.digital\/de\/wp-content\/uploads\/sites\/3\/2021\/07\/Sebastian_Horndasch_small-150x150.jpg 150w, https:\/\/festival.hfd.digital\/de\/wp-content\/uploads\/sites\/3\/2021\/07\/Sebastian_Horndasch_small-768x768.jpg 768w, https:\/\/festival.hfd.digital\/de\/wp-content\/uploads\/sites\/3\/2021\/07\/Sebastian_Horndasch_small-120x120.jpg 120w, https:\/\/festival.hfd.digital\/de\/wp-content\/uploads\/sites\/3\/2021\/07\/Sebastian_Horndasch_small.jpg 960w\" sizes=\"auto, (max-width: 171px) 100vw, 171px\" \/><\/figure>\n\n\n\n<p>Sebastian Horndasch<br><a href=\"mailto:horndasch@hochschulforum.org\">horndasch@hochschulforum.org<\/a><br>+49 (0)174 9080747<\/p>\n","protected":false},"excerpt":{"rendered":"Das Programm des Let\u2019s Talk:Campus 2022 setzt sich aus Beitr\u00e4gen der Community zusammen. Es bietet allen eine Plattform, die aktiv am Campusleben teilhaben und dieses mitgestalten. \u00dcber den Call for Participation konnten Interessenten Beitr\u00e4ge in Form von Lightning-Talks (5 Minuten), Talks und Keynotes (25 Minuten) sowie Workshops (60 Minuten) und Mikrofortbildungen (60 Minuten) einreichen.&nbsp; Der&#8230; <a class=\"view-article\" href=\"https:\/\/festival.hfd.digital\/de\/cfp\/\">View Article<\/a>","protected":false},"author":4,"featured_media":3701,"parent":0,"menu_order":0,"comment_status":"closed","ping_status":"closed","template":"template-cfp.php","meta":{"_acf_changed":false,"inline_featured_image":false,"footnotes":""},"class_list":["post-1548","page","type-page","status-publish","has-post-thumbnail","hentry"],"acf":[],"yoast_head":"<!-- This site is optimized with the Yoast SEO plugin v27.2 - https:\/\/yoast.com\/product\/yoast-seo-wordpress\/ -->\n<title>Call for Participation 2022 - Abgeschlossen | Let&#039;s Talk:Campus 2022<\/title>\n<meta name=\"description\" content=\"Let\u00b4s Talk:Campus 2022 - danke f\u00fcr Ihre Einreichungen beim Call for Participation (CfP). Der CfP hat am 28. August geendet.\" \/>\n<meta name=\"robots\" content=\"index, follow, max-snippet:-1, max-image-preview:large, max-video-preview:-1\" \/>\n<link rel=\"canonical\" href=\"https:\/\/festival.hfd.digital\/de\/cfp\/\" \/>\n<meta property=\"og:locale\" content=\"de_DE\" \/>\n<meta property=\"og:type\" content=\"article\" \/>\n<meta property=\"og:title\" content=\"Call for Participation - beteiligen Sie sich!\" \/>\n<meta property=\"og:description\" content=\"Wie gestalten wir die Zukunft des Campuslebens? Unter dieser Leitfrage steht das Hybrid-Event Let\u2019s Talk:Campus am 20. Oktober 2022, das in Berlin und im virtuellen Raum stattfindet. Wir suchen bis zum 28. August Speaker:innen, die ihre Ideen, ihre Expertisen und ihre Erfahrungen teilen m\u00f6chten.\" \/>\n<meta property=\"og:url\" content=\"https:\/\/festival.hfd.digital\/de\/cfp\/\" \/>\n<meta property=\"og:site_name\" content=\"University:Future Festival 2026\" \/>\n<meta property=\"article:modified_time\" content=\"2024-07-01T11:00:18+00:00\" \/>\n<meta property=\"og:image\" content=\"https:\/\/festival.hfd.digital\/de\/wp-content\/uploads\/sites\/3\/2022\/07\/Let\u00b4s-TalkCampus.png\" \/>\n\t<meta property=\"og:image:width\" content=\"1600\" \/>\n\t<meta property=\"og:image:height\" content=\"900\" \/>\n\t<meta property=\"og:image:type\" content=\"image\/png\" \/>\n<meta name=\"twitter:card\" content=\"summary_large_image\" \/>\n<meta name=\"twitter:title\" content=\"Call for Participation - beteiligen Sie sich!\" \/>\n<meta name=\"twitter:description\" content=\"Wie gestalten wir die Zukunft des Campuslebens? Unter dieser Leitfrage steht das Hybrid-Event Let\u2019s Talk:Campus am 20. Oktober 2022, das in Berlin und im virtuellen Raum stattfindet. Wir suchen bis zum 28. August Speaker:innen, die ihre Ideen, ihre Expertisen und ihre Erfahrungen teilen m\u00f6chten.\" \/>\n<meta name=\"twitter:image\" content=\"https:\/\/festival.hfd.digital\/de\/wp-content\/uploads\/sites\/3\/2022\/07\/Let\u00b4s-TalkCampus.png\" \/>\n<meta name=\"twitter:label1\" content=\"Gesch\u00e4tzte Lesezeit\" \/>\n\t<meta name=\"twitter:data1\" content=\"3\u00a0Minuten\" \/>\n<script type=\"application\/ld+json\" class=\"yoast-schema-graph\">{\"@context\":\"https:\/\/schema.org\",\"@graph\":[{\"@type\":\"WebPage\",\"@id\":\"https:\/\/festival.hfd.digital\/de\/cfp\/\",\"url\":\"https:\/\/festival.hfd.digital\/de\/cfp\/\",\"name\":\"Call for Participation 2022 - Abgeschlossen | Let's Talk:Campus 2022\",\"isPartOf\":{\"@id\":\"https:\/\/festival.hfd.digital\/de\/#website\"},\"primaryImageOfPage\":{\"@id\":\"https:\/\/festival.hfd.digital\/de\/cfp\/#primaryimage\"},\"image\":{\"@id\":\"https:\/\/festival.hfd.digital\/de\/cfp\/#primaryimage\"},\"thumbnailUrl\":\"https:\/\/festival.hfd.digital\/de\/wp-content\/uploads\/sites\/3\/2022\/07\/LTC_KeyVisual_2022_RGB.png\",\"datePublished\":\"2021-07-16T06:34:52+00:00\",\"dateModified\":\"2024-07-01T11:00:18+00:00\",\"description\":\"Let\u00b4s Talk:Campus 2022 - danke f\u00fcr Ihre Einreichungen beim Call for Participation (CfP). Der CfP hat am 28. August geendet.\",\"inLanguage\":\"de\",\"potentialAction\":[{\"@type\":\"ReadAction\",\"target\":[\"https:\/\/festival.hfd.digital\/de\/cfp\/\"]}]},{\"@type\":\"ImageObject\",\"inLanguage\":\"de\",\"@id\":\"https:\/\/festival.hfd.digital\/de\/cfp\/#primaryimage\",\"url\":\"https:\/\/festival.hfd.digital\/de\/wp-content\/uploads\/sites\/3\/2022\/07\/LTC_KeyVisual_2022_RGB.png\",\"contentUrl\":\"https:\/\/festival.hfd.digital\/de\/wp-content\/uploads\/sites\/3\/2022\/07\/LTC_KeyVisual_2022_RGB.png\",\"width\":1843,\"height\":1764,\"caption\":\"Logo Let\u00b4s Talk:Campus\"},{\"@type\":\"WebSite\",\"@id\":\"https:\/\/festival.hfd.digital\/de\/#website\",\"url\":\"https:\/\/festival.hfd.digital\/de\/\",\"name\":\"University:Future Festival 2026\",\"description\":\"Das j\u00e4hrliche Festival zur Zukunft der Hochschulbildung.\",\"potentialAction\":[{\"@type\":\"SearchAction\",\"target\":{\"@type\":\"EntryPoint\",\"urlTemplate\":\"https:\/\/festival.hfd.digital\/de\/?s={search_term_string}\"},\"query-input\":{\"@type\":\"PropertyValueSpecification\",\"valueRequired\":true,\"valueName\":\"search_term_string\"}}],\"inLanguage\":\"de\"}]}<\/script>\n<!-- \/ Yoast SEO plugin. -->","yoast_head_json":{"title":"Call for Participation 2022 - Abgeschlossen | Let's Talk:Campus 2022","description":"Let\u00b4s Talk:Campus 2022 - danke f\u00fcr Ihre Einreichungen beim Call for Participation (CfP). Der CfP hat am 28. August geendet.","robots":{"index":"index","follow":"follow","max-snippet":"max-snippet:-1","max-image-preview":"max-image-preview:large","max-video-preview":"max-video-preview:-1"},"canonical":"https:\/\/festival.hfd.digital\/de\/cfp\/","og_locale":"de_DE","og_type":"article","og_title":"Call for Participation - beteiligen Sie sich!","og_description":"Wie gestalten wir die Zukunft des Campuslebens? Unter dieser Leitfrage steht das Hybrid-Event Let\u2019s Talk:Campus am 20. Oktober 2022, das in Berlin und im virtuellen Raum stattfindet. Wir suchen bis zum 28. August Speaker:innen, die ihre Ideen, ihre Expertisen und ihre Erfahrungen teilen m\u00f6chten.","og_url":"https:\/\/festival.hfd.digital\/de\/cfp\/","og_site_name":"University:Future Festival 2026","article_modified_time":"2024-07-01T11:00:18+00:00","og_image":[{"width":1600,"height":900,"url":"https:\/\/festival.hfd.digital\/de\/wp-content\/uploads\/sites\/3\/2022\/07\/Let\u00b4s-TalkCampus.png","type":"image\/png"}],"twitter_card":"summary_large_image","twitter_title":"Call for Participation - beteiligen Sie sich!","twitter_description":"Wie gestalten wir die Zukunft des Campuslebens? Unter dieser Leitfrage steht das Hybrid-Event Let\u2019s Talk:Campus am 20. Oktober 2022, das in Berlin und im virtuellen Raum stattfindet. Wir suchen bis zum 28. August Speaker:innen, die ihre Ideen, ihre Expertisen und ihre Erfahrungen teilen m\u00f6chten.","twitter_image":"https:\/\/festival.hfd.digital\/de\/wp-content\/uploads\/sites\/3\/2022\/07\/Let\u00b4s-TalkCampus.png","twitter_misc":{"Gesch\u00e4tzte Lesezeit":"3\u00a0Minuten"},"schema":{"@context":"https:\/\/schema.org","@graph":[{"@type":"WebPage","@id":"https:\/\/festival.hfd.digital\/de\/cfp\/","url":"https:\/\/festival.hfd.digital\/de\/cfp\/","name":"Call for Participation 2022 - Abgeschlossen | Let's Talk:Campus 2022","isPartOf":{"@id":"https:\/\/festival.hfd.digital\/de\/#website"},"primaryImageOfPage":{"@id":"https:\/\/festival.hfd.digital\/de\/cfp\/#primaryimage"},"image":{"@id":"https:\/\/festival.hfd.digital\/de\/cfp\/#primaryimage"},"thumbnailUrl":"https:\/\/festival.hfd.digital\/de\/wp-content\/uploads\/sites\/3\/2022\/07\/LTC_KeyVisual_2022_RGB.png","datePublished":"2021-07-16T06:34:52+00:00","dateModified":"2024-07-01T11:00:18+00:00","description":"Let\u00b4s Talk:Campus 2022 - danke f\u00fcr Ihre Einreichungen beim Call for Participation (CfP). Der CfP hat am 28. August geendet.","inLanguage":"de","potentialAction":[{"@type":"ReadAction","target":["https:\/\/festival.hfd.digital\/de\/cfp\/"]}]},{"@type":"ImageObject","inLanguage":"de","@id":"https:\/\/festival.hfd.digital\/de\/cfp\/#primaryimage","url":"https:\/\/festival.hfd.digital\/de\/wp-content\/uploads\/sites\/3\/2022\/07\/LTC_KeyVisual_2022_RGB.png","contentUrl":"https:\/\/festival.hfd.digital\/de\/wp-content\/uploads\/sites\/3\/2022\/07\/LTC_KeyVisual_2022_RGB.png","width":1843,"height":1764,"caption":"Logo Let\u00b4s Talk:Campus"},{"@type":"WebSite","@id":"https:\/\/festival.hfd.digital\/de\/#website","url":"https:\/\/festival.hfd.digital\/de\/","name":"University:Future Festival 2026","description":"Das j\u00e4hrliche Festival zur Zukunft der Hochschulbildung.","potentialAction":[{"@type":"SearchAction","target":{"@type":"EntryPoint","urlTemplate":"https:\/\/festival.hfd.digital\/de\/?s={search_term_string}"},"query-input":{"@type":"PropertyValueSpecification","valueRequired":true,"valueName":"search_term_string"}}],"inLanguage":"de"}]}},"_links":{"self":[{"href":"https:\/\/festival.hfd.digital\/de\/wp-json\/wp\/v2\/pages\/1548","targetHints":{"allow":["GET"]}}],"collection":[{"href":"https:\/\/festival.hfd.digital\/de\/wp-json\/wp\/v2\/pages"}],"about":[{"href":"https:\/\/festival.hfd.digital\/de\/wp-json\/wp\/v2\/types\/page"}],"author":[{"embeddable":true,"href":"https:\/\/festival.hfd.digital\/de\/wp-json\/wp\/v2\/users\/4"}],"replies":[{"embeddable":true,"href":"https:\/\/festival.hfd.digital\/de\/wp-json\/wp\/v2\/comments?post=1548"}],"version-history":[{"count":108,"href":"https:\/\/festival.hfd.digital\/de\/wp-json\/wp\/v2\/pages\/1548\/revisions"}],"predecessor-version":[{"id":9627,"href":"https:\/\/festival.hfd.digital\/de\/wp-json\/wp\/v2\/pages\/1548\/revisions\/9627"}],"wp:featuredmedia":[{"embeddable":true,"href":"https:\/\/festival.hfd.digital\/de\/wp-json\/wp\/v2\/media\/3701"}],"wp:attachment":[{"href":"https:\/\/festival.hfd.digital\/de\/wp-json\/wp\/v2\/media?parent=1548"}],"curies":[{"name":"wp","href":"https:\/\/api.w.org\/{rel}","templated":true}]}}