{"id":13046,"date":"2026-05-04T16:21:48","date_gmt":"2026-05-04T15:21:48","guid":{"rendered":"https:\/\/festival.hfd.digital\/de\/?page_id=13046"},"modified":"2026-05-04T17:08:31","modified_gmt":"2026-05-04T16:08:31","slug":"programm-soon","status":"publish","type":"page","link":"https:\/\/festival.hfd.digital\/de\/programm-soon\/","title":{"rendered":"Programm"},"content":{"rendered":"\n<figure class=\"wp-block-image size-full is-resized\"><img loading=\"lazy\" decoding=\"async\" width=\"733\" height=\"414\" src=\"https:\/\/festival.hfd.digital\/de\/wp-content\/uploads\/sites\/3\/2026\/05\/Sharepics-U_FF-2026_16_9-733-x-414-px-3.gif\" alt=\"\" class=\"wp-image-13068\" style=\"width:840px;height:auto\" \/><\/figure>\n","protected":false},"excerpt":{"rendered":"","protected":false},"author":37,"featured_media":0,"parent":0,"menu_order":0,"comment_status":"closed","ping_status":"closed","template":"","meta":{"_acf_changed":false,"inline_featured_image":false,"footnotes":""},"class_list":["post-13046","page","type-page","status-publish","hentry"],"acf":[],"yoast_head":"<!-- This site is optimized with the Yoast SEO plugin v27.3 - https:\/\/yoast.com\/product\/yoast-seo-wordpress\/ -->\n<title>Programm - University:Future Festival 2026<\/title>\n<meta name=\"description\" content=\"Das Programm des University:Future Festivals wird in K\u00fcrze ver\u00f6ffentlicht! Freuen Sie sich auch 2026 auf spannende Beitr\u00e4ge.\" \/>\n<meta name=\"robots\" content=\"index, follow, max-snippet:-1, max-image-preview:large, max-video-preview:-1\" \/>\n<link rel=\"canonical\" href=\"https:\/\/festival.hfd.digital\/de\/programm-soon\/\" \/>\n<meta property=\"og:locale\" content=\"de_DE\" \/>\n<meta property=\"og:type\" content=\"article\" \/>\n<meta property=\"og:title\" content=\"Programm - University:Future Festival 2026\" \/>\n<meta property=\"og:description\" content=\"Das Programm des University:Future Festivals wird in K\u00fcrze ver\u00f6ffentlicht! Freuen Sie sich auch 2026 auf spannende Beitr\u00e4ge.\" \/>\n<meta property=\"og:url\" content=\"https:\/\/festival.hfd.digital\/de\/programm-soon\/\" \/>\n<meta property=\"og:site_name\" content=\"University:Future Festival 2026\" \/>\n<meta property=\"article:modified_time\" content=\"2026-05-04T16:08:31+00:00\" \/>\n<meta property=\"og:image\" content=\"https:\/\/festival.hfd.digital\/de\/wp-content\/uploads\/sites\/3\/2026\/05\/Sharepics-U_FF-2026_16_9-733-x-414-px-3-700x395.gif\" \/>\n\t<meta property=\"og:image:width\" content=\"700\" \/>\n\t<meta property=\"og:image:height\" content=\"395\" \/>\n\t<meta property=\"og:image:type\" content=\"image\/gif\" \/>\n<meta name=\"twitter:card\" content=\"summary_large_image\" \/>\n<meta name=\"twitter:label1\" content=\"Gesch\u00e4tzte Lesezeit\" \/>\n\t<meta name=\"twitter:data1\" content=\"1\u00a0Minute\" \/>\n<script type=\"application\/ld+json\" class=\"yoast-schema-graph\">{\"@context\":\"https:\\\/\\\/schema.org\",\"@graph\":[{\"@type\":\"WebPage\",\"@id\":\"https:\\\/\\\/festival.hfd.digital\\\/de\\\/programm-soon\\\/\",\"url\":\"https:\\\/\\\/festival.hfd.digital\\\/de\\\/programm-soon\\\/\",\"name\":\"Programm - University:Future Festival 2026\",\"isPartOf\":{\"@id\":\"https:\\\/\\\/festival.hfd.digital\\\/de\\\/#website\"},\"primaryImageOfPage\":{\"@id\":\"https:\\\/\\\/festival.hfd.digital\\\/de\\\/programm-soon\\\/#primaryimage\"},\"image\":{\"@id\":\"https:\\\/\\\/festival.hfd.digital\\\/de\\\/programm-soon\\\/#primaryimage\"},\"thumbnailUrl\":\"https:\\\/\\\/festival.hfd.digital\\\/de\\\/wp-content\\\/uploads\\\/sites\\\/3\\\/2026\\\/05\\\/Sharepics-U_FF-2026_16_9-733-x-414-px-3.gif\",\"datePublished\":\"2026-05-04T15:21:48+00:00\",\"dateModified\":\"2026-05-04T16:08:31+00:00\",\"description\":\"Das Programm des University:Future Festivals wird in K\u00fcrze ver\u00f6ffentlicht! Freuen Sie sich auch 2026 auf spannende Beitr\u00e4ge.\",\"inLanguage\":\"de\",\"potentialAction\":[{\"@type\":\"ReadAction\",\"target\":[\"https:\\\/\\\/festival.hfd.digital\\\/de\\\/programm-soon\\\/\"]}]},{\"@type\":\"ImageObject\",\"inLanguage\":\"de\",\"@id\":\"https:\\\/\\\/festival.hfd.digital\\\/de\\\/programm-soon\\\/#primaryimage\",\"url\":\"https:\\\/\\\/festival.hfd.digital\\\/de\\\/wp-content\\\/uploads\\\/sites\\\/3\\\/2026\\\/05\\\/Sharepics-U_FF-2026_16_9-733-x-414-px-3.gif\",\"contentUrl\":\"https:\\\/\\\/festival.hfd.digital\\\/de\\\/wp-content\\\/uploads\\\/sites\\\/3\\\/2026\\\/05\\\/Sharepics-U_FF-2026_16_9-733-x-414-px-3.gif\",\"width\":733,\"height\":414},{\"@type\":\"WebSite\",\"@id\":\"https:\\\/\\\/festival.hfd.digital\\\/de\\\/#website\",\"url\":\"https:\\\/\\\/festival.hfd.digital\\\/de\\\/\",\"name\":\"University:Future Festival 2026\",\"description\":\"Das j\u00e4hrliche Festival zur Zukunft der Hochschulbildung.\",\"potentialAction\":[{\"@type\":\"SearchAction\",\"target\":{\"@type\":\"EntryPoint\",\"urlTemplate\":\"https:\\\/\\\/festival.hfd.digital\\\/de\\\/?s={search_term_string}\"},\"query-input\":{\"@type\":\"PropertyValueSpecification\",\"valueRequired\":true,\"valueName\":\"search_term_string\"}}],\"inLanguage\":\"de\"}]}<\/script>\n<!-- \/ Yoast SEO plugin. -->","yoast_head_json":{"title":"Programm - University:Future Festival 2026","description":"Das Programm des University:Future Festivals wird in K\u00fcrze ver\u00f6ffentlicht! Freuen Sie sich auch 2026 auf spannende Beitr\u00e4ge.","robots":{"index":"index","follow":"follow","max-snippet":"max-snippet:-1","max-image-preview":"max-image-preview:large","max-video-preview":"max-video-preview:-1"},"canonical":"https:\/\/festival.hfd.digital\/de\/programm-soon\/","og_locale":"de_DE","og_type":"article","og_title":"Programm - University:Future Festival 2026","og_description":"Das Programm des University:Future Festivals wird in K\u00fcrze ver\u00f6ffentlicht! Freuen Sie sich auch 2026 auf spannende Beitr\u00e4ge.","og_url":"https:\/\/festival.hfd.digital\/de\/programm-soon\/","og_site_name":"University:Future Festival 2026","article_modified_time":"2026-05-04T16:08:31+00:00","og_image":[{"width":700,"height":395,"url":"https:\/\/festival.hfd.digital\/de\/wp-content\/uploads\/sites\/3\/2026\/05\/Sharepics-U_FF-2026_16_9-733-x-414-px-3-700x395.gif","type":"image\/gif"}],"twitter_card":"summary_large_image","twitter_misc":{"Gesch\u00e4tzte Lesezeit":"1\u00a0Minute"},"schema":{"@context":"https:\/\/schema.org","@graph":[{"@type":"WebPage","@id":"https:\/\/festival.hfd.digital\/de\/programm-soon\/","url":"https:\/\/festival.hfd.digital\/de\/programm-soon\/","name":"Programm - University:Future Festival 2026","isPartOf":{"@id":"https:\/\/festival.hfd.digital\/de\/#website"},"primaryImageOfPage":{"@id":"https:\/\/festival.hfd.digital\/de\/programm-soon\/#primaryimage"},"image":{"@id":"https:\/\/festival.hfd.digital\/de\/programm-soon\/#primaryimage"},"thumbnailUrl":"https:\/\/festival.hfd.digital\/de\/wp-content\/uploads\/sites\/3\/2026\/05\/Sharepics-U_FF-2026_16_9-733-x-414-px-3.gif","datePublished":"2026-05-04T15:21:48+00:00","dateModified":"2026-05-04T16:08:31+00:00","description":"Das Programm des University:Future Festivals wird in K\u00fcrze ver\u00f6ffentlicht! Freuen Sie sich auch 2026 auf spannende Beitr\u00e4ge.","inLanguage":"de","potentialAction":[{"@type":"ReadAction","target":["https:\/\/festival.hfd.digital\/de\/programm-soon\/"]}]},{"@type":"ImageObject","inLanguage":"de","@id":"https:\/\/festival.hfd.digital\/de\/programm-soon\/#primaryimage","url":"https:\/\/festival.hfd.digital\/de\/wp-content\/uploads\/sites\/3\/2026\/05\/Sharepics-U_FF-2026_16_9-733-x-414-px-3.gif","contentUrl":"https:\/\/festival.hfd.digital\/de\/wp-content\/uploads\/sites\/3\/2026\/05\/Sharepics-U_FF-2026_16_9-733-x-414-px-3.gif","width":733,"height":414},{"@type":"WebSite","@id":"https:\/\/festival.hfd.digital\/de\/#website","url":"https:\/\/festival.hfd.digital\/de\/","name":"University:Future Festival 2026","description":"Das j\u00e4hrliche Festival zur Zukunft der Hochschulbildung.","potentialAction":[{"@type":"SearchAction","target":{"@type":"EntryPoint","urlTemplate":"https:\/\/festival.hfd.digital\/de\/?s={search_term_string}"},"query-input":{"@type":"PropertyValueSpecification","valueRequired":true,"valueName":"search_term_string"}}],"inLanguage":"de"}]}},"_links":{"self":[{"href":"https:\/\/festival.hfd.digital\/de\/wp-json\/wp\/v2\/pages\/13046","targetHints":{"allow":["GET"]}}],"collection":[{"href":"https:\/\/festival.hfd.digital\/de\/wp-json\/wp\/v2\/pages"}],"about":[{"href":"https:\/\/festival.hfd.digital\/de\/wp-json\/wp\/v2\/types\/page"}],"author":[{"embeddable":true,"href":"https:\/\/festival.hfd.digital\/de\/wp-json\/wp\/v2\/users\/37"}],"replies":[{"embeddable":true,"href":"https:\/\/festival.hfd.digital\/de\/wp-json\/wp\/v2\/comments?post=13046"}],"version-history":[{"count":11,"href":"https:\/\/festival.hfd.digital\/de\/wp-json\/wp\/v2\/pages\/13046\/revisions"}],"predecessor-version":[{"id":13069,"href":"https:\/\/festival.hfd.digital\/de\/wp-json\/wp\/v2\/pages\/13046\/revisions\/13069"}],"wp:attachment":[{"href":"https:\/\/festival.hfd.digital\/de\/wp-json\/wp\/v2\/media?parent=13046"}],"curies":[{"name":"wp","href":"https:\/\/api.w.org\/{rel}","templated":true}]}}