{"id":12857,"date":"2026-04-30T09:28:26","date_gmt":"2026-04-30T08:28:26","guid":{"rendered":"https:\/\/festival.hfd.digital\/de\/?page_id=12857"},"modified":"2026-05-05T16:11:45","modified_gmt":"2026-05-05T15:11:45","slug":"sessionaizer-universityfuturefestival","status":"publish","type":"page","link":"https:\/\/festival.hfd.digital\/de\/sessionaizer-universityfuturefestival\/","title":{"rendered":"SessionAIzer"},"content":{"rendered":"\n<p>Der <strong>SessionAIzer<\/strong> ist Ihr pers\u00f6nlicher Programmguide f\u00fcr das University:Future Festival 2026. Auf Basis Ihrer individuellen Angaben schl\u00e4gt Ihnen das KI-gest\u00fctzte Empfehlungssystem passende Programmpunkte vor und erstellt einen Programm\u00fcberblick, der zu Ihren Interessen passt. Die Anwendung steht auf Deutsch und Englisch zur Verf\u00fcgung und ist sowohl in der Web- als auch in der Mobilansicht nutzbar. <\/p>\n\n\n\n<p><strong>Zur Funktionsweise<\/strong><br>Nach dem Start beantworten Sie f\u00fcnf kurze Fragen zu Ihren thematischen Interessen, bevorzugten Tracks und Formaten, Ihrem Teilnahmeort sowie Ihrer bevorzugten Sprache. Anschlie\u00dfend erstellt der SessionAIzer pers\u00f6nliche Empfehlungen, die Ihnen in einer Kalenderansicht nach Tagen und B\u00fchnen angezeigt werden.<br>Ihre Empfehlungen k\u00f6nnen Sie flexibel weiterbearbeiten: Sessions aus Ihrem pers\u00f6nlichen Kalender lassen sich im Ablagestapel parken. Erg\u00e4nzend schl\u00e4gt Ihnen der SessionAIzer weitere Programmpunkte vor, die ebenfalls zu Ihren Interessen passen k\u00f6nnten.<br>Wenn Sie Ihre Angaben sp\u00e4ter anpassen m\u00f6chten, k\u00f6nnen Sie dies jederzeit \u00fcber die Seitenleiste tun. Dort lassen sich das Freitextfeld und die Filter ver\u00e4ndern. \u00dcber die Suchleiste k\u00f6nnen Sie gezielt nach bestimmten Sessions suchen und diese direkt in Ihren Kalender \u00fcbernehmen. Ihren pers\u00f6nlichen Kalender k\u00f6nnen Sie anschlie\u00dfend exportieren. <a href=\"https:\/\/dlc.sh\/sessionaizer\" type=\"link\" id=\"https:\/\/dlc.sh\/sessionaizer\">Hier geht es zum SessionAIzer im Vollbildmodus.<\/a><\/p>\n\n\n\n<p>Entwickelt wurde der SessionAIzer vom <strong>Institut f\u00fcr interaktive Systeme (ISy)<\/strong> der <strong>TH L\u00fcbeck<\/strong>.<\/p>\n\n\n\n<p><\/p>\n","protected":false},"excerpt":{"rendered":"Der SessionAIzer ist Ihr pers\u00f6nlicher Programmguide f\u00fcr das University:Future Festival 2026. Auf Basis Ihrer individuellen Angaben schl\u00e4gt Ihnen das KI-gest\u00fctzte Empfehlungssystem passende Programmpunkte vor und erstellt einen Programm\u00fcberblick, der zu Ihren Interessen passt. Die Anwendung steht auf Deutsch und Englisch zur Verf\u00fcgung und ist sowohl in der Web- als auch in der Mobilansicht nutzbar. Zur&#8230; <a class=\"view-article\" href=\"https:\/\/festival.hfd.digital\/de\/sessionaizer-universityfuturefestival\/\">View Article<\/a>","protected":false},"author":4,"featured_media":0,"parent":0,"menu_order":0,"comment_status":"closed","ping_status":"closed","template":"template-sessionaizer.php","meta":{"_acf_changed":false,"inline_featured_image":false,"footnotes":""},"class_list":["post-12857","page","type-page","status-publish","hentry"],"acf":[],"yoast_head":"<!-- This site is optimized with the Yoast SEO plugin v27.3 - https:\/\/yoast.com\/product\/yoast-seo-wordpress\/ -->\n<title>SessionAIzer - University:Future Festival 2026<\/title>\n<meta name=\"description\" content=\"Der SessionAIzer ist Ihr pers\u00f6nlicher, KI-gest\u00fctzter Programmguide f\u00fcr das University:Future Festival 2026.\" \/>\n<meta name=\"robots\" content=\"index, follow, max-snippet:-1, max-image-preview:large, max-video-preview:-1\" \/>\n<link rel=\"canonical\" href=\"https:\/\/festival.hfd.digital\/de\/sessionaizer-universityfuturefestival\/\" \/>\n<meta property=\"og:locale\" content=\"de_DE\" \/>\n<meta property=\"og:type\" content=\"article\" \/>\n<meta property=\"og:title\" content=\"SessionAIzer - University:Future Festival 2026\" \/>\n<meta property=\"og:description\" content=\"Der SessionAIzer ist Ihr pers\u00f6nlicher, KI-gest\u00fctzter Programmguide f\u00fcr das University:Future Festival 2026.\" \/>\n<meta property=\"og:url\" content=\"https:\/\/festival.hfd.digital\/de\/sessionaizer-universityfuturefestival\/\" \/>\n<meta property=\"og:site_name\" content=\"University:Future Festival 2026\" \/>\n<meta property=\"article:modified_time\" content=\"2026-05-05T15:11:45+00:00\" \/>\n<meta name=\"twitter:card\" content=\"summary_large_image\" \/>\n<meta name=\"twitter:label1\" content=\"Gesch\u00e4tzte Lesezeit\" \/>\n\t<meta name=\"twitter:data1\" content=\"2\u00a0Minuten\" \/>\n<script type=\"application\/ld+json\" class=\"yoast-schema-graph\">{\"@context\":\"https:\\\/\\\/schema.org\",\"@graph\":[{\"@type\":\"WebPage\",\"@id\":\"https:\\\/\\\/festival.hfd.digital\\\/de\\\/sessionaizer-universityfuturefestival\\\/\",\"url\":\"https:\\\/\\\/festival.hfd.digital\\\/de\\\/sessionaizer-universityfuturefestival\\\/\",\"name\":\"SessionAIzer - University:Future Festival 2026\",\"isPartOf\":{\"@id\":\"https:\\\/\\\/festival.hfd.digital\\\/de\\\/#website\"},\"datePublished\":\"2026-04-30T08:28:26+00:00\",\"dateModified\":\"2026-05-05T15:11:45+00:00\",\"description\":\"Der SessionAIzer ist Ihr pers\u00f6nlicher, KI-gest\u00fctzter Programmguide f\u00fcr das University:Future Festival 2026.\",\"inLanguage\":\"de\",\"potentialAction\":[{\"@type\":\"ReadAction\",\"target\":[\"https:\\\/\\\/festival.hfd.digital\\\/de\\\/sessionaizer-universityfuturefestival\\\/\"]}]},{\"@type\":\"WebSite\",\"@id\":\"https:\\\/\\\/festival.hfd.digital\\\/de\\\/#website\",\"url\":\"https:\\\/\\\/festival.hfd.digital\\\/de\\\/\",\"name\":\"University:Future Festival 2026\",\"description\":\"Das j\u00e4hrliche Festival zur Zukunft der Hochschulbildung.\",\"potentialAction\":[{\"@type\":\"SearchAction\",\"target\":{\"@type\":\"EntryPoint\",\"urlTemplate\":\"https:\\\/\\\/festival.hfd.digital\\\/de\\\/?s={search_term_string}\"},\"query-input\":{\"@type\":\"PropertyValueSpecification\",\"valueRequired\":true,\"valueName\":\"search_term_string\"}}],\"inLanguage\":\"de\"}]}<\/script>\n<!-- \/ Yoast SEO plugin. -->","yoast_head_json":{"title":"SessionAIzer - University:Future Festival 2026","description":"Der SessionAIzer ist Ihr pers\u00f6nlicher, KI-gest\u00fctzter Programmguide f\u00fcr das University:Future Festival 2026.","robots":{"index":"index","follow":"follow","max-snippet":"max-snippet:-1","max-image-preview":"max-image-preview:large","max-video-preview":"max-video-preview:-1"},"canonical":"https:\/\/festival.hfd.digital\/de\/sessionaizer-universityfuturefestival\/","og_locale":"de_DE","og_type":"article","og_title":"SessionAIzer - University:Future Festival 2026","og_description":"Der SessionAIzer ist Ihr pers\u00f6nlicher, KI-gest\u00fctzter Programmguide f\u00fcr das University:Future Festival 2026.","og_url":"https:\/\/festival.hfd.digital\/de\/sessionaizer-universityfuturefestival\/","og_site_name":"University:Future Festival 2026","article_modified_time":"2026-05-05T15:11:45+00:00","twitter_card":"summary_large_image","twitter_misc":{"Gesch\u00e4tzte Lesezeit":"2\u00a0Minuten"},"schema":{"@context":"https:\/\/schema.org","@graph":[{"@type":"WebPage","@id":"https:\/\/festival.hfd.digital\/de\/sessionaizer-universityfuturefestival\/","url":"https:\/\/festival.hfd.digital\/de\/sessionaizer-universityfuturefestival\/","name":"SessionAIzer - University:Future Festival 2026","isPartOf":{"@id":"https:\/\/festival.hfd.digital\/de\/#website"},"datePublished":"2026-04-30T08:28:26+00:00","dateModified":"2026-05-05T15:11:45+00:00","description":"Der SessionAIzer ist Ihr pers\u00f6nlicher, KI-gest\u00fctzter Programmguide f\u00fcr das University:Future Festival 2026.","inLanguage":"de","potentialAction":[{"@type":"ReadAction","target":["https:\/\/festival.hfd.digital\/de\/sessionaizer-universityfuturefestival\/"]}]},{"@type":"WebSite","@id":"https:\/\/festival.hfd.digital\/de\/#website","url":"https:\/\/festival.hfd.digital\/de\/","name":"University:Future Festival 2026","description":"Das j\u00e4hrliche Festival zur Zukunft der Hochschulbildung.","potentialAction":[{"@type":"SearchAction","target":{"@type":"EntryPoint","urlTemplate":"https:\/\/festival.hfd.digital\/de\/?s={search_term_string}"},"query-input":{"@type":"PropertyValueSpecification","valueRequired":true,"valueName":"search_term_string"}}],"inLanguage":"de"}]}},"_links":{"self":[{"href":"https:\/\/festival.hfd.digital\/de\/wp-json\/wp\/v2\/pages\/12857","targetHints":{"allow":["GET"]}}],"collection":[{"href":"https:\/\/festival.hfd.digital\/de\/wp-json\/wp\/v2\/pages"}],"about":[{"href":"https:\/\/festival.hfd.digital\/de\/wp-json\/wp\/v2\/types\/page"}],"author":[{"embeddable":true,"href":"https:\/\/festival.hfd.digital\/de\/wp-json\/wp\/v2\/users\/4"}],"replies":[{"embeddable":true,"href":"https:\/\/festival.hfd.digital\/de\/wp-json\/wp\/v2\/comments?post=12857"}],"version-history":[{"count":41,"href":"https:\/\/festival.hfd.digital\/de\/wp-json\/wp\/v2\/pages\/12857\/revisions"}],"predecessor-version":[{"id":13211,"href":"https:\/\/festival.hfd.digital\/de\/wp-json\/wp\/v2\/pages\/12857\/revisions\/13211"}],"wp:attachment":[{"href":"https:\/\/festival.hfd.digital\/de\/wp-json\/wp\/v2\/media?parent=12857"}],"curies":[{"name":"wp","href":"https:\/\/api.w.org\/{rel}","templated":true}]}}